{"id":89429,"date":"2026-02-26T09:20:47","date_gmt":"2026-02-26T07:20:47","guid":{"rendered":"https:\/\/kidsplay.lt\/produktas\/lavinantis-zaislas-issokantis-dinozaurai\/"},"modified":"2026-04-13T14:57:34","modified_gmt":"2026-04-13T11:57:34","slug":"lavinantis-zaislas-issokantis-dinozaurai","status":"publish","type":"product","link":"https:\/\/kidsplay.lt\/lv\/products\/lavinantis-zaislas-issokantis-dinozaurai\/","title":{"rendered":"Izgl\u012btojo\u0161a rota\u013clieta - izb\u012bd\u0101ms dinozaurs"},"content":{"rendered":"<p>WOOPIE\u00a0prek\u0117s \u017eenklo\u00a0i\u0161\u0161okantys dinozaurai\u00a0neabejotinai yra mokymosi ir pramog\u0173 derinys ma\u017eiesiems tyrin\u0117tojams. Kai\u00a0suaktyvinamas\u00a0jungiklis, ranken\u0117l\u0117 ar mygtukai ,\u00a0dinozauras i\u0161\u0161oka\u00a0!\u00a0Interaktyvus\u00a0i\u0161\u0161okantis \u017eaislas yra gerai pagamintas, absoliu\u010diai\u00a0patvarus\u00a0ir nesunkiai sugadinamas. Be to, jis yra\u00a0dinozauro formos,\u00a0tod\u0117l vaikas gali b\u016bti\u00a0skatinamas \u017eaisti\u00a0. Tai puiki dovana \u012fvairioms progoms, kuri ne tik suteikia d\u017eiaugsmo, bet ir padeda\u00a0lavinti motorik\u0105 bei suprasti\u00a0prie\u017easties ir pasekm\u0117s\u00a0ry\u0161ius .<\/p>\n<p>Produkto charakteristikos:<\/p>\n<p> \t&#8211;\u00a0\u017eaislas\u00a0nuo 18 m\u0117n<br \/>\n \t&#8211;\u00a0i\u0161\u0161okantis mechanizmas (dinozaurai i\u0161\u0161oka perjungus \/ paspaudus)<br \/>\n \t&#8211; aktyvinimas naudojant \u012fvairius valdymo elementus:\u00a0jungikl\u012f, ranken\u0117l\u0119, mygtukus<br \/>\n \t&#8211; gerai pagamintas, tvirtas ir patvarus<br \/>\n \t&#8211;\u00a0visas \u017eaislas yra\u00a0dinozauro formos<br \/>\n \t&#8211;\u00a0dinozauro akis sukasi skleisdamas bar\u0161k\u0117jimo gars\u0105<\/p>\n<p>Rota\u013clieta att\u012bst\u0101s:<\/p>\n<p> \t&#8211; motoriniai \u012fg\u016bd\u017eiai<br \/>\n \t&#8211; suprasti prie\u017easties ir pasekm\u0117s ry\u0161ius<br \/>\n \t&#8211; jutimo vystymasis<br \/>\n \t&#8211; pa\u017einimo raida<\/p>","protected":false},"excerpt":{"rendered":"<p>WOOPIE\u00a0prek\u0117s \u017eenklo\u00a0i\u0161\u0161okantys dinozaurai\u00a0neabejotinai yra mokymosi ir pramog\u0173 derinys ma\u017eiesiems tyrin\u0117tojams. Kai\u00a0suaktyvinamas\u00a0jungiklis, ranken\u0117l\u0117 ar mygtukai ,\u00a0dinozauras i\u0161\u0161oka\u00a0!\u00a0Interaktyvus\u00a0i\u0161\u0161okantis \u017eaislas yra gerai pagamintas,<\/p>","protected":false},"featured_media":55733,"template":"","meta":{"_acf_changed":false,"_glsr_average":0,"_glsr_ranking":0,"_glsr_reviews":0},"product_brand":[],"product_cat":[396,229],"product_tag":[],"class_list":{"0":"post-89429","1":"product","2":"type-product","3":"status-publish","4":"has-post-thumbnail","6":"product_cat-kudikiu-zaislai-vaikams2","7":"product_cat-zaislai-vaikams","8":"\"style=\"background-color: #2ecc711c;\"","10":"first","11":"instock","12":"purchasable","13":"product-type-simple"},"acf":[],"yoast_head":"<!-- This site is optimized with the Yoast SEO plugin v27.4 - https:\/\/yoast.com\/product\/yoast-seo-wordpress\/ -->\n<title>Lavinantis \u017eaislas i\u0161\u0161okantis dinozaurai<\/title>\n<meta name=\"description\" content=\"Lavinantis \u017eaislas i\u0161\u0161okantis dinozaurai - KidsPlay. Did\u017eiausias vaik\u0173 \u017eaisl\u0173 pasirinkimas.\" \/>\n<meta name=\"robots\" content=\"index, follow, max-snippet:-1, max-image-preview:large, max-video-preview:-1\" \/>\n<link rel=\"canonical\" href=\"https:\/\/kidsplay.lt\/lv\/products\/lavinantis-zaislas-issokantis-dinozaurai\/\" \/>\n<meta property=\"og:locale\" content=\"lv_LV\" \/>\n<meta property=\"og:type\" content=\"article\" \/>\n<meta property=\"og:title\" content=\"Lavinantis \u017eaislas i\u0161\u0161okantis dinozaurai\" \/>\n<meta property=\"og:description\" content=\"Lavinantis \u017eaislas i\u0161\u0161okantis dinozaurai - KidsPlay. Did\u017eiausias vaik\u0173 \u017eaisl\u0173 pasirinkimas.\" \/>\n<meta property=\"og:url\" content=\"https:\/\/kidsplay.lt\/lv\/products\/lavinantis-zaislas-issokantis-dinozaurai\/\" \/>\n<meta property=\"og:site_name\" content=\"KidsPlay\" \/>\n<meta property=\"article:publisher\" content=\"https:\/\/www.facebook.com\/www.kidsplay.lt\" \/>\n<meta property=\"article:modified_time\" content=\"2026-04-13T11:57:34+00:00\" \/>\n<meta property=\"og:image\" content=\"https:\/\/kidsplay.lt\/wp-content\/uploads\/2024\/09\/Lavinantis-zaislas-issokantis-dinozaurai.jpg\" \/>\n\t<meta property=\"og:image:width\" content=\"800\" \/>\n\t<meta property=\"og:image:height\" content=\"800\" \/>\n\t<meta property=\"og:image:type\" content=\"image\/jpeg\" \/>\n<meta name=\"twitter:card\" content=\"summary_large_image\" \/>\n<meta name=\"twitter:label1\" content=\"Est. reading time\" \/>\n\t<meta name=\"twitter:data1\" content=\"1 min\u016bte\" \/>\n<script type=\"application\/ld+json\" class=\"yoast-schema-graph\">{\"@context\":\"https:\\\/\\\/schema.org\",\"@graph\":[{\"@type\":\"WebPage\",\"@id\":\"https:\\\/\\\/kidsplay.lt\\\/produktas\\\/lavinantis-zaislas-issokantis-dinozaurai\\\/\",\"url\":\"https:\\\/\\\/kidsplay.lt\\\/produktas\\\/lavinantis-zaislas-issokantis-dinozaurai\\\/\",\"name\":\"Lavinantis \u017eaislas i\u0161\u0161okantis dinozaurai\",\"isPartOf\":{\"@id\":\"https:\\\/\\\/kidsplay.lt\\\/#website\"},\"primaryImageOfPage\":{\"@id\":\"https:\\\/\\\/kidsplay.lt\\\/produktas\\\/lavinantis-zaislas-issokantis-dinozaurai\\\/#primaryimage\"},\"image\":{\"@id\":\"https:\\\/\\\/kidsplay.lt\\\/produktas\\\/lavinantis-zaislas-issokantis-dinozaurai\\\/#primaryimage\"},\"thumbnailUrl\":\"https:\\\/\\\/kidsplay.lt\\\/wp-content\\\/uploads\\\/2024\\\/09\\\/Lavinantis-zaislas-issokantis-dinozaurai.jpg\",\"datePublished\":\"2026-02-26T07:20:47+00:00\",\"dateModified\":\"2026-04-13T11:57:34+00:00\",\"description\":\"Lavinantis \u017eaislas i\u0161\u0161okantis dinozaurai - KidsPlay. Did\u017eiausias vaik\u0173 \u017eaisl\u0173 pasirinkimas.\",\"breadcrumb\":{\"@id\":\"https:\\\/\\\/kidsplay.lt\\\/produktas\\\/lavinantis-zaislas-issokantis-dinozaurai\\\/#breadcrumb\"},\"inLanguage\":\"lv-LV\",\"potentialAction\":[{\"@type\":\"ReadAction\",\"target\":[\"https:\\\/\\\/kidsplay.lt\\\/produktas\\\/lavinantis-zaislas-issokantis-dinozaurai\\\/\"]}]},{\"@type\":\"ImageObject\",\"inLanguage\":\"lv-LV\",\"@id\":\"https:\\\/\\\/kidsplay.lt\\\/produktas\\\/lavinantis-zaislas-issokantis-dinozaurai\\\/#primaryimage\",\"url\":\"https:\\\/\\\/kidsplay.lt\\\/wp-content\\\/uploads\\\/2024\\\/09\\\/Lavinantis-zaislas-issokantis-dinozaurai.jpg\",\"contentUrl\":\"https:\\\/\\\/kidsplay.lt\\\/wp-content\\\/uploads\\\/2024\\\/09\\\/Lavinantis-zaislas-issokantis-dinozaurai.jpg\",\"width\":800,\"height\":800,\"caption\":\"Lavinantis \u017eaislas i\u0161\u0161okantis dinozaurai\"},{\"@type\":\"BreadcrumbList\",\"@id\":\"https:\\\/\\\/kidsplay.lt\\\/produktas\\\/lavinantis-zaislas-issokantis-dinozaurai\\\/#breadcrumb\",\"itemListElement\":[{\"@type\":\"ListItem\",\"position\":1,\"name\":\"Pagrindinis\",\"item\":\"https:\\\/\\\/kidsplay.lt\\\/\"},{\"@type\":\"ListItem\",\"position\":2,\"name\":\"Parduotuv\u0117\",\"item\":\"https:\\\/\\\/kidsplay.lt\\\/parduotuve\\\/\"},{\"@type\":\"ListItem\",\"position\":3,\"name\":\"Lavinantis \u017eaislas i\u0161\u0161okantis dinozaurai\"}]},{\"@type\":\"WebSite\",\"@id\":\"https:\\\/\\\/kidsplay.lt\\\/#website\",\"url\":\"https:\\\/\\\/kidsplay.lt\\\/\",\"name\":\"Kidsplay.lt\",\"description\":\"\u012evairios prek\u0117s vaikams\",\"publisher\":{\"@id\":\"https:\\\/\\\/kidsplay.lt\\\/#organization\"},\"alternateName\":\"Kidsplay\",\"potentialAction\":[{\"@type\":\"SearchAction\",\"target\":{\"@type\":\"EntryPoint\",\"urlTemplate\":\"https:\\\/\\\/kidsplay.lt\\\/?s={search_term_string}\"},\"query-input\":{\"@type\":\"PropertyValueSpecification\",\"valueRequired\":true,\"valueName\":\"search_term_string\"}}],\"inLanguage\":\"lv-LV\"},{\"@type\":\"Organization\",\"@id\":\"https:\\\/\\\/kidsplay.lt\\\/#organization\",\"name\":\"KidsPlay\",\"url\":\"https:\\\/\\\/kidsplay.lt\\\/\",\"logo\":{\"@type\":\"ImageObject\",\"inLanguage\":\"lv-LV\",\"@id\":\"https:\\\/\\\/kidsplay.lt\\\/#\\\/schema\\\/logo\\\/image\\\/\",\"url\":\"https:\\\/\\\/kidsplay.lt\\\/wp-content\\\/uploads\\\/2023\\\/07\\\/kidsplay-logo.png\",\"contentUrl\":\"https:\\\/\\\/kidsplay.lt\\\/wp-content\\\/uploads\\\/2023\\\/07\\\/kidsplay-logo.png\",\"width\":451,\"height\":98,\"caption\":\"KidsPlay\"},\"image\":{\"@id\":\"https:\\\/\\\/kidsplay.lt\\\/#\\\/schema\\\/logo\\\/image\\\/\"},\"sameAs\":[\"https:\\\/\\\/www.facebook.com\\\/www.kidsplay.lt\"]}]}<\/script>\n<!-- \/ Yoast SEO plugin. -->","yoast_head_json":{"title":"Izgl\u012btojo\u0161a rota\u013clieta - izb\u012bd\u0101ms dinozaurs","description":"Lavinantis \u017eaislas i\u0161\u0161okantis dinozaurai - KidsPlay. Did\u017eiausias vaik\u0173 \u017eaisl\u0173 pasirinkimas.","robots":{"index":"index","follow":"follow","max-snippet":"max-snippet:-1","max-image-preview":"max-image-preview:large","max-video-preview":"max-video-preview:-1"},"canonical":"https:\/\/kidsplay.lt\/lv\/products\/lavinantis-zaislas-issokantis-dinozaurai\/","og_locale":"lv_LV","og_type":"article","og_title":"Lavinantis \u017eaislas i\u0161\u0161okantis dinozaurai","og_description":"Lavinantis \u017eaislas i\u0161\u0161okantis dinozaurai - KidsPlay. Did\u017eiausias vaik\u0173 \u017eaisl\u0173 pasirinkimas.","og_url":"https:\/\/kidsplay.lt\/lv\/products\/lavinantis-zaislas-issokantis-dinozaurai\/","og_site_name":"KidsPlay","article_publisher":"https:\/\/www.facebook.com\/www.kidsplay.lt","article_modified_time":"2026-04-13T11:57:34+00:00","og_image":[{"width":800,"height":800,"url":"https:\/\/kidsplay.lt\/wp-content\/uploads\/2024\/09\/Lavinantis-zaislas-issokantis-dinozaurai.jpg","type":"image\/jpeg"}],"twitter_card":"summary_large_image","twitter_misc":{"Est. reading time":"1 min\u016bte"},"schema":{"@context":"https:\/\/schema.org","@graph":[{"@type":"WebPage","@id":"https:\/\/kidsplay.lt\/produktas\/lavinantis-zaislas-issokantis-dinozaurai\/","url":"https:\/\/kidsplay.lt\/produktas\/lavinantis-zaislas-issokantis-dinozaurai\/","name":"Izgl\u012btojo\u0161a rota\u013clieta - izb\u012bd\u0101ms dinozaurs","isPartOf":{"@id":"https:\/\/kidsplay.lt\/#website"},"primaryImageOfPage":{"@id":"https:\/\/kidsplay.lt\/produktas\/lavinantis-zaislas-issokantis-dinozaurai\/#primaryimage"},"image":{"@id":"https:\/\/kidsplay.lt\/produktas\/lavinantis-zaislas-issokantis-dinozaurai\/#primaryimage"},"thumbnailUrl":"https:\/\/kidsplay.lt\/wp-content\/uploads\/2024\/09\/Lavinantis-zaislas-issokantis-dinozaurai.jpg","datePublished":"2026-02-26T07:20:47+00:00","dateModified":"2026-04-13T11:57:34+00:00","description":"Lavinantis \u017eaislas i\u0161\u0161okantis dinozaurai - KidsPlay. Did\u017eiausias vaik\u0173 \u017eaisl\u0173 pasirinkimas.","breadcrumb":{"@id":"https:\/\/kidsplay.lt\/produktas\/lavinantis-zaislas-issokantis-dinozaurai\/#breadcrumb"},"inLanguage":"lv-LV","potentialAction":[{"@type":"ReadAction","target":["https:\/\/kidsplay.lt\/produktas\/lavinantis-zaislas-issokantis-dinozaurai\/"]}]},{"@type":"ImageObject","inLanguage":"lv-LV","@id":"https:\/\/kidsplay.lt\/produktas\/lavinantis-zaislas-issokantis-dinozaurai\/#primaryimage","url":"https:\/\/kidsplay.lt\/wp-content\/uploads\/2024\/09\/Lavinantis-zaislas-issokantis-dinozaurai.jpg","contentUrl":"https:\/\/kidsplay.lt\/wp-content\/uploads\/2024\/09\/Lavinantis-zaislas-issokantis-dinozaurai.jpg","width":800,"height":800,"caption":"Lavinantis \u017eaislas i\u0161\u0161okantis dinozaurai"},{"@type":"BreadcrumbList","@id":"https:\/\/kidsplay.lt\/produktas\/lavinantis-zaislas-issokantis-dinozaurai\/#breadcrumb","itemListElement":[{"@type":"ListItem","position":1,"name":"Pagrindinis","item":"https:\/\/kidsplay.lt\/"},{"@type":"ListItem","position":2,"name":"Parduotuv\u0117","item":"https:\/\/kidsplay.lt\/parduotuve\/"},{"@type":"ListItem","position":3,"name":"Lavinantis \u017eaislas i\u0161\u0161okantis dinozaurai"}]},{"@type":"WebSite","@id":"https:\/\/kidsplay.lt\/#website","url":"https:\/\/kidsplay.lt\/","name":"B\u0113rnu sp\u0113les.lv","description":"\u012evairios prek\u0117s vaikams","publisher":{"@id":"https:\/\/kidsplay.lt\/#organization"},"alternateName":"Kidsplay","potentialAction":[{"@type":"SearchAction","target":{"@type":"EntryPoint","urlTemplate":"https:\/\/kidsplay.lt\/?s={search_term_string}"},"query-input":{"@type":"PropertyValueSpecification","valueRequired":true,"valueName":"search_term_string"}}],"inLanguage":"lv-LV"},{"@type":"Organization","@id":"https:\/\/kidsplay.lt\/#organization","name":"B\u0113rnu sp\u0113le","url":"https:\/\/kidsplay.lt\/","logo":{"@type":"ImageObject","inLanguage":"lv-LV","@id":"https:\/\/kidsplay.lt\/#\/schema\/logo\/image\/","url":"https:\/\/kidsplay.lt\/wp-content\/uploads\/2023\/07\/kidsplay-logo.png","contentUrl":"https:\/\/kidsplay.lt\/wp-content\/uploads\/2023\/07\/kidsplay-logo.png","width":451,"height":98,"caption":"KidsPlay"},"image":{"@id":"https:\/\/kidsplay.lt\/#\/schema\/logo\/image\/"},"sameAs":["https:\/\/www.facebook.com\/www.kidsplay.lt"]}]}},"_links":{"self":[{"href":"https:\/\/kidsplay.lt\/lv\/wp-json\/wp\/v2\/product\/89429","targetHints":{"allow":["GET"]}}],"collection":[{"href":"https:\/\/kidsplay.lt\/lv\/wp-json\/wp\/v2\/product"}],"about":[{"href":"https:\/\/kidsplay.lt\/lv\/wp-json\/wp\/v2\/types\/product"}],"version-history":[{"count":1,"href":"https:\/\/kidsplay.lt\/lv\/wp-json\/wp\/v2\/product\/89429\/revisions"}],"predecessor-version":[{"id":89430,"href":"https:\/\/kidsplay.lt\/lv\/wp-json\/wp\/v2\/product\/89429\/revisions\/89430"}],"wp:featuredmedia":[{"embeddable":true,"href":"https:\/\/kidsplay.lt\/lv\/wp-json\/wp\/v2\/media\/55733"}],"wp:attachment":[{"href":"https:\/\/kidsplay.lt\/lv\/wp-json\/wp\/v2\/media?parent=89429"}],"wp:term":[{"taxonomy":"product_brand","embeddable":true,"href":"https:\/\/kidsplay.lt\/lv\/wp-json\/wp\/v2\/product_brand?post=89429"},{"taxonomy":"product_cat","embeddable":true,"href":"https:\/\/kidsplay.lt\/lv\/wp-json\/wp\/v2\/product_cat?post=89429"},{"taxonomy":"product_tag","embeddable":true,"href":"https:\/\/kidsplay.lt\/lv\/wp-json\/wp\/v2\/product_tag?post=89429"}],"curies":[{"name":"wp","href":"https:\/\/api.w.org\/{rel}","templated":true}]}}