{"id":89437,"date":"2026-02-26T09:20:57","date_gmt":"2026-02-26T07:20:57","guid":{"rendered":"https:\/\/kidsplay.lt\/produktas\/nesiojama-smelio-deze\/"},"modified":"2026-03-11T17:30:52","modified_gmt":"2026-03-11T15:30:52","slug":"nesiojama-smelio-deze","status":"publish","type":"product","link":"https:\/\/kidsplay.lt\/lv\/products\/nesiojama-smelio-deze\/","title":{"rendered":"Ne\u0161iojama sm\u0117lio d\u0117\u017e\u0117"},"content":{"rendered":"<p>WOOPIE prek\u0117s \u017eenklo\u00a0ne\u0161iojama\u00a0Castle sm\u0117lio d\u0117\u017e\u0117\u00a0yra puiki pramoga vaikams tiek lauke, tiek namuose.<br \/>\nJ\u016bs\u0173 sodas, terasa ar net svetain\u0117 gali tapti stebuklinga vieta, kupina k\u016brybing\u0173 linksmybi\u0173 ir nepamir\u0161tam\u0173 akimirk\u0173. Pilies formos sm\u0117lio d\u0117\u017e\u0117 yra puiki vieta \u017eaisti, skatinanti vaikus kurti sm\u0117lio karalystes ir tvirtoves. \u012e komplekt\u0105 \u012feina visi reikalingi priedai, o kilnojama ekskavatoriaus rankena suteikia pramogoms nauj\u0105 dimensij\u0105.<br \/>\nBaig\u0119 \u017eaisti, tiesiog pakeiskite \u012f\u0117jim\u0105 \u012f pil\u012f funkcionaliu sm\u0117lio d\u0117\u017e\u0117s dang\u010diu. Sukurkite erdv\u0119, kurioje j\u016bs\u0173 vaikas gal\u0117t\u0173 linksmintis, lavinti \u012fg\u016bd\u017eius ir m\u0117gautis kiekviena akimirka. \u201eSandbox Castle\u201c\u00a0rinkinys\u00a0yra daugiau nei \u017eaislas \u2013 tai priemon\u0117 vaizduotei lavinti ir pasaulio atradimui!<\/p>\n<p>Charakteristika:<\/p>\n<p> \t&#8211; \u017daislas nuo 3 met\u0173<br \/>\n \t&#8211; Komplekte 9 priedai<br \/>\n \t&#8211; Funkcionalus 2in1 dangtelis<br \/>\n \t&#8211; Kilnojama ekskavatoriaus svirtis<br \/>\n \t&#8211; D\u0117l ne\u0161iojamumo rinkin\u012f galima naudoti tiek lauke, tiek namuose<\/p>\n<p>Komplekt\u0101 ietilpst:<\/p>\n<p> \t\u00a0&#8211; Sm\u0117lio d\u0117\u017e\u0117 su pilies formos dangteliu<br \/>\n \t\u00a0&#8211; Ant sm\u0117lio d\u0117\u017e\u0117s u\u017ededama kilnojama ekskavatoriaus svirtis<br \/>\n \t\u00a0&#8211; Mini savivartis<br \/>\n \t\u00a0&#8211; Kibiras, gr\u0117blys, 2 mentel\u0117s, sietelis, formos<\/p>","protected":false},"excerpt":{"rendered":"<p>WOOPIE prek\u0117s \u017eenklo\u00a0ne\u0161iojama\u00a0Castle sm\u0117lio d\u0117\u017e\u0117\u00a0yra puiki pramoga vaikams tiek lauke, tiek namuose. J\u016bs\u0173 sodas, terasa ar net svetain\u0117 gali tapti<\/p>","protected":false},"featured_media":55491,"template":"","meta":{"_acf_changed":false,"_glsr_average":0,"_glsr_ranking":0,"_glsr_reviews":0},"product_brand":[],"product_cat":[233,327],"product_tag":[],"class_list":{"0":"post-89437","1":"product","2":"type-product","3":"status-publish","4":"has-post-thumbnail","6":"product_cat-lauko-pramogos","7":"product_cat-smelio-dezes-ir-priedai","8":"\"style=\"background-color: #2ecc711c;\"","10":"first","11":"outofstock","12":"purchasable","13":"product-type-simple"},"acf":[],"yoast_head":"<!-- This site is optimized with the Yoast SEO plugin v27.3 - https:\/\/yoast.com\/product\/yoast-seo-wordpress\/ -->\n<title>Ne\u0161iojama sm\u0117lio d\u0117\u017e\u0117<\/title>\n<meta name=\"description\" content=\"Ne\u0161iojama sm\u0117lio d\u0117\u017e\u0117 - KidsPlay. Did\u017eiausias vaik\u0173 \u017eaisl\u0173 pasirinkimas.\" \/>\n<meta name=\"robots\" content=\"index, follow, max-snippet:-1, max-image-preview:large, max-video-preview:-1\" \/>\n<link rel=\"canonical\" href=\"https:\/\/kidsplay.lt\/lv\/products\/nesiojama-smelio-deze\/\" \/>\n<meta property=\"og:locale\" content=\"lv_LV\" \/>\n<meta property=\"og:type\" content=\"article\" \/>\n<meta property=\"og:title\" content=\"Ne\u0161iojama sm\u0117lio d\u0117\u017e\u0117\" \/>\n<meta property=\"og:description\" content=\"Ne\u0161iojama sm\u0117lio d\u0117\u017e\u0117 - KidsPlay. Did\u017eiausias vaik\u0173 \u017eaisl\u0173 pasirinkimas.\" \/>\n<meta property=\"og:url\" content=\"https:\/\/kidsplay.lt\/lv\/products\/nesiojama-smelio-deze\/\" \/>\n<meta property=\"og:site_name\" content=\"KidsPlay\" \/>\n<meta property=\"article:publisher\" content=\"https:\/\/www.facebook.com\/www.kidsplay.lt\" \/>\n<meta property=\"article:modified_time\" content=\"2026-03-11T15:30:52+00:00\" \/>\n<meta property=\"og:image\" content=\"https:\/\/kidsplay.lt\/wp-content\/uploads\/2024\/09\/Nesiojama-smelio-deze.jpg\" \/>\n\t<meta property=\"og:image:width\" content=\"2560\" \/>\n\t<meta property=\"og:image:height\" content=\"2560\" \/>\n\t<meta property=\"og:image:type\" content=\"image\/jpeg\" \/>\n<meta name=\"twitter:card\" content=\"summary_large_image\" \/>\n<meta name=\"twitter:label1\" content=\"Est. reading time\" \/>\n\t<meta name=\"twitter:data1\" content=\"1 min\u016bte\" \/>\n<script type=\"application\/ld+json\" class=\"yoast-schema-graph\">{\"@context\":\"https:\\\/\\\/schema.org\",\"@graph\":[{\"@type\":\"WebPage\",\"@id\":\"https:\\\/\\\/kidsplay.lt\\\/produktas\\\/nesiojama-smelio-deze\\\/\",\"url\":\"https:\\\/\\\/kidsplay.lt\\\/produktas\\\/nesiojama-smelio-deze\\\/\",\"name\":\"Ne\u0161iojama sm\u0117lio d\u0117\u017e\u0117\",\"isPartOf\":{\"@id\":\"https:\\\/\\\/kidsplay.lt\\\/#website\"},\"primaryImageOfPage\":{\"@id\":\"https:\\\/\\\/kidsplay.lt\\\/produktas\\\/nesiojama-smelio-deze\\\/#primaryimage\"},\"image\":{\"@id\":\"https:\\\/\\\/kidsplay.lt\\\/produktas\\\/nesiojama-smelio-deze\\\/#primaryimage\"},\"thumbnailUrl\":\"https:\\\/\\\/kidsplay.lt\\\/wp-content\\\/uploads\\\/2024\\\/09\\\/Nesiojama-smelio-deze.jpg\",\"datePublished\":\"2026-02-26T07:20:57+00:00\",\"dateModified\":\"2026-03-11T15:30:52+00:00\",\"description\":\"Ne\u0161iojama sm\u0117lio d\u0117\u017e\u0117 - KidsPlay. Did\u017eiausias vaik\u0173 \u017eaisl\u0173 pasirinkimas.\",\"breadcrumb\":{\"@id\":\"https:\\\/\\\/kidsplay.lt\\\/produktas\\\/nesiojama-smelio-deze\\\/#breadcrumb\"},\"inLanguage\":\"lv-LV\",\"potentialAction\":[{\"@type\":\"ReadAction\",\"target\":[\"https:\\\/\\\/kidsplay.lt\\\/produktas\\\/nesiojama-smelio-deze\\\/\"]}]},{\"@type\":\"ImageObject\",\"inLanguage\":\"lv-LV\",\"@id\":\"https:\\\/\\\/kidsplay.lt\\\/produktas\\\/nesiojama-smelio-deze\\\/#primaryimage\",\"url\":\"https:\\\/\\\/kidsplay.lt\\\/wp-content\\\/uploads\\\/2024\\\/09\\\/Nesiojama-smelio-deze.jpg\",\"contentUrl\":\"https:\\\/\\\/kidsplay.lt\\\/wp-content\\\/uploads\\\/2024\\\/09\\\/Nesiojama-smelio-deze.jpg\",\"width\":2560,\"height\":2560,\"caption\":\"Ne\u0161iojama sm\u0117lio d\u0117\u017e\u0117\"},{\"@type\":\"BreadcrumbList\",\"@id\":\"https:\\\/\\\/kidsplay.lt\\\/produktas\\\/nesiojama-smelio-deze\\\/#breadcrumb\",\"itemListElement\":[{\"@type\":\"ListItem\",\"position\":1,\"name\":\"Pagrindinis\",\"item\":\"https:\\\/\\\/kidsplay.lt\\\/\"},{\"@type\":\"ListItem\",\"position\":2,\"name\":\"Parduotuv\u0117\",\"item\":\"https:\\\/\\\/kidsplay.lt\\\/parduotuve\\\/\"},{\"@type\":\"ListItem\",\"position\":3,\"name\":\"Ne\u0161iojama sm\u0117lio d\u0117\u017e\u0117\"}]},{\"@type\":\"WebSite\",\"@id\":\"https:\\\/\\\/kidsplay.lt\\\/#website\",\"url\":\"https:\\\/\\\/kidsplay.lt\\\/\",\"name\":\"Kidsplay.lt\",\"description\":\"\u012evairios prek\u0117s vaikams\",\"publisher\":{\"@id\":\"https:\\\/\\\/kidsplay.lt\\\/#organization\"},\"alternateName\":\"Kidsplay\",\"potentialAction\":[{\"@type\":\"SearchAction\",\"target\":{\"@type\":\"EntryPoint\",\"urlTemplate\":\"https:\\\/\\\/kidsplay.lt\\\/?s={search_term_string}\"},\"query-input\":{\"@type\":\"PropertyValueSpecification\",\"valueRequired\":true,\"valueName\":\"search_term_string\"}}],\"inLanguage\":\"lv-LV\"},{\"@type\":\"Organization\",\"@id\":\"https:\\\/\\\/kidsplay.lt\\\/#organization\",\"name\":\"KidsPlay\",\"url\":\"https:\\\/\\\/kidsplay.lt\\\/\",\"logo\":{\"@type\":\"ImageObject\",\"inLanguage\":\"lv-LV\",\"@id\":\"https:\\\/\\\/kidsplay.lt\\\/#\\\/schema\\\/logo\\\/image\\\/\",\"url\":\"https:\\\/\\\/kidsplay.lt\\\/wp-content\\\/uploads\\\/2023\\\/07\\\/kidsplay-logo.png\",\"contentUrl\":\"https:\\\/\\\/kidsplay.lt\\\/wp-content\\\/uploads\\\/2023\\\/07\\\/kidsplay-logo.png\",\"width\":451,\"height\":98,\"caption\":\"KidsPlay\"},\"image\":{\"@id\":\"https:\\\/\\\/kidsplay.lt\\\/#\\\/schema\\\/logo\\\/image\\\/\"},\"sameAs\":[\"https:\\\/\\\/www.facebook.com\\\/www.kidsplay.lt\"]}]}<\/script>\n<!-- \/ Yoast SEO plugin. -->","yoast_head_json":{"title":"Ne\u0161iojama sm\u0117lio d\u0117\u017e\u0117","description":"Ne\u0161iojama sm\u0117lio d\u0117\u017e\u0117 - KidsPlay. Did\u017eiausias vaik\u0173 \u017eaisl\u0173 pasirinkimas.","robots":{"index":"index","follow":"follow","max-snippet":"max-snippet:-1","max-image-preview":"max-image-preview:large","max-video-preview":"max-video-preview:-1"},"canonical":"https:\/\/kidsplay.lt\/lv\/products\/nesiojama-smelio-deze\/","og_locale":"lv_LV","og_type":"article","og_title":"Ne\u0161iojama sm\u0117lio d\u0117\u017e\u0117","og_description":"Ne\u0161iojama sm\u0117lio d\u0117\u017e\u0117 - KidsPlay. Did\u017eiausias vaik\u0173 \u017eaisl\u0173 pasirinkimas.","og_url":"https:\/\/kidsplay.lt\/lv\/products\/nesiojama-smelio-deze\/","og_site_name":"KidsPlay","article_publisher":"https:\/\/www.facebook.com\/www.kidsplay.lt","article_modified_time":"2026-03-11T15:30:52+00:00","og_image":[{"width":2560,"height":2560,"url":"https:\/\/kidsplay.lt\/wp-content\/uploads\/2024\/09\/Nesiojama-smelio-deze.jpg","type":"image\/jpeg"}],"twitter_card":"summary_large_image","twitter_misc":{"Est. reading time":"1 min\u016bte"},"schema":{"@context":"https:\/\/schema.org","@graph":[{"@type":"WebPage","@id":"https:\/\/kidsplay.lt\/produktas\/nesiojama-smelio-deze\/","url":"https:\/\/kidsplay.lt\/produktas\/nesiojama-smelio-deze\/","name":"Ne\u0161iojama sm\u0117lio d\u0117\u017e\u0117","isPartOf":{"@id":"https:\/\/kidsplay.lt\/#website"},"primaryImageOfPage":{"@id":"https:\/\/kidsplay.lt\/produktas\/nesiojama-smelio-deze\/#primaryimage"},"image":{"@id":"https:\/\/kidsplay.lt\/produktas\/nesiojama-smelio-deze\/#primaryimage"},"thumbnailUrl":"https:\/\/kidsplay.lt\/wp-content\/uploads\/2024\/09\/Nesiojama-smelio-deze.jpg","datePublished":"2026-02-26T07:20:57+00:00","dateModified":"2026-03-11T15:30:52+00:00","description":"Ne\u0161iojama sm\u0117lio d\u0117\u017e\u0117 - KidsPlay. Did\u017eiausias vaik\u0173 \u017eaisl\u0173 pasirinkimas.","breadcrumb":{"@id":"https:\/\/kidsplay.lt\/produktas\/nesiojama-smelio-deze\/#breadcrumb"},"inLanguage":"lv-LV","potentialAction":[{"@type":"ReadAction","target":["https:\/\/kidsplay.lt\/produktas\/nesiojama-smelio-deze\/"]}]},{"@type":"ImageObject","inLanguage":"lv-LV","@id":"https:\/\/kidsplay.lt\/produktas\/nesiojama-smelio-deze\/#primaryimage","url":"https:\/\/kidsplay.lt\/wp-content\/uploads\/2024\/09\/Nesiojama-smelio-deze.jpg","contentUrl":"https:\/\/kidsplay.lt\/wp-content\/uploads\/2024\/09\/Nesiojama-smelio-deze.jpg","width":2560,"height":2560,"caption":"Ne\u0161iojama sm\u0117lio d\u0117\u017e\u0117"},{"@type":"BreadcrumbList","@id":"https:\/\/kidsplay.lt\/produktas\/nesiojama-smelio-deze\/#breadcrumb","itemListElement":[{"@type":"ListItem","position":1,"name":"Pagrindinis","item":"https:\/\/kidsplay.lt\/"},{"@type":"ListItem","position":2,"name":"Parduotuv\u0117","item":"https:\/\/kidsplay.lt\/parduotuve\/"},{"@type":"ListItem","position":3,"name":"Ne\u0161iojama sm\u0117lio d\u0117\u017e\u0117"}]},{"@type":"WebSite","@id":"https:\/\/kidsplay.lt\/#website","url":"https:\/\/kidsplay.lt\/","name":"B\u0113rnu sp\u0113les.lv","description":"\u012evairios prek\u0117s vaikams","publisher":{"@id":"https:\/\/kidsplay.lt\/#organization"},"alternateName":"Kidsplay","potentialAction":[{"@type":"SearchAction","target":{"@type":"EntryPoint","urlTemplate":"https:\/\/kidsplay.lt\/?s={search_term_string}"},"query-input":{"@type":"PropertyValueSpecification","valueRequired":true,"valueName":"search_term_string"}}],"inLanguage":"lv-LV"},{"@type":"Organization","@id":"https:\/\/kidsplay.lt\/#organization","name":"B\u0113rnu sp\u0113le","url":"https:\/\/kidsplay.lt\/","logo":{"@type":"ImageObject","inLanguage":"lv-LV","@id":"https:\/\/kidsplay.lt\/#\/schema\/logo\/image\/","url":"https:\/\/kidsplay.lt\/wp-content\/uploads\/2023\/07\/kidsplay-logo.png","contentUrl":"https:\/\/kidsplay.lt\/wp-content\/uploads\/2023\/07\/kidsplay-logo.png","width":451,"height":98,"caption":"KidsPlay"},"image":{"@id":"https:\/\/kidsplay.lt\/#\/schema\/logo\/image\/"},"sameAs":["https:\/\/www.facebook.com\/www.kidsplay.lt"]}]}},"_links":{"self":[{"href":"https:\/\/kidsplay.lt\/lv\/wp-json\/wp\/v2\/product\/89437","targetHints":{"allow":["GET"]}}],"collection":[{"href":"https:\/\/kidsplay.lt\/lv\/wp-json\/wp\/v2\/product"}],"about":[{"href":"https:\/\/kidsplay.lt\/lv\/wp-json\/wp\/v2\/types\/product"}],"version-history":[{"count":1,"href":"https:\/\/kidsplay.lt\/lv\/wp-json\/wp\/v2\/product\/89437\/revisions"}],"predecessor-version":[{"id":89438,"href":"https:\/\/kidsplay.lt\/lv\/wp-json\/wp\/v2\/product\/89437\/revisions\/89438"}],"wp:featuredmedia":[{"embeddable":true,"href":"https:\/\/kidsplay.lt\/lv\/wp-json\/wp\/v2\/media\/55491"}],"wp:attachment":[{"href":"https:\/\/kidsplay.lt\/lv\/wp-json\/wp\/v2\/media?parent=89437"}],"wp:term":[{"taxonomy":"product_brand","embeddable":true,"href":"https:\/\/kidsplay.lt\/lv\/wp-json\/wp\/v2\/product_brand?post=89437"},{"taxonomy":"product_cat","embeddable":true,"href":"https:\/\/kidsplay.lt\/lv\/wp-json\/wp\/v2\/product_cat?post=89437"},{"taxonomy":"product_tag","embeddable":true,"href":"https:\/\/kidsplay.lt\/lv\/wp-json\/wp\/v2\/product_tag?post=89437"}],"curies":[{"name":"wp","href":"https:\/\/api.w.org\/{rel}","templated":true}]}}