{"id":89441,"date":"2026-02-26T09:21:04","date_gmt":"2026-02-26T07:21:04","guid":{"rendered":"https:\/\/kidsplay.lt\/produktas\/montessori-figureliu-lavinantis-rinkinys-vienaragiai-surinkimui-mokytis-raides-ir-spalvas\/"},"modified":"2026-04-07T10:36:02","modified_gmt":"2026-04-07T07:36:02","slug":"montessori-figureliu-lavinantis-rinkinys-vienaragiai-surinkimui-mokytis-raides-ir-spalvas","status":"publish","type":"product","link":"https:\/\/kidsplay.lt\/lv\/products\/montessori-figureliu-lavinantis-rinkinys-vienaragiai-surinkimui-mokytis-raides-ir-spalvas\/","title":{"rendered":"Montessori izgl\u012btojo\u0161ais Vienrad\u017eu fig\u016bri\u0146u komplekts salik\u0161anai, lai apg\u016btu burtus un kr\u0101sas"},"content":{"rendered":"<p>Lavinantis \u017eaislas \u201eMatch the Letters\u201c \u2013\u00a0tai k\u016brybingas \u017eaislas, kuris nukels j\u016bs\u0173 vaik\u0105 \u012f magi\u0161k\u0105 vienaragi\u0173 pasaul\u012f \u017eaisdami, derindami jas pagal spalvas, raides ar formas puiki pramoga, bet ir lavinamas \u017eaislas, lavinantis vaiko rankinius \u012fg\u016bd\u017eius, \u012f\u017evalgum\u0105 ir login\u012f m\u0105stym\u0105. Rinkinys, sudarytas i\u0161 spalving\u0173 vienaragi\u0173, buvo sukurtas taip, kad vaikams b\u016bt\u0173 \u012fdomios ir lavinan\u010dios pramogos.<br \/>\nRaksturojums:<\/p>\n<p> \t&#8211; \u017daislas nuo\u00a03 met\u0173<br \/>\n \t&#8211; Rinkinyje yra\u00a013\u00a0vienaragi\u0173 dali\u0173<br \/>\n \t&#8211;\u00a0Ant dinozaur\u0173 yra raid\u0117s\u00a0, tod\u0117l vaikai \u017eaisdami gali i\u0161mokti ab\u0117c\u0117l\u0117s, sujungdami atskiras dalis<br \/>\n \t\u2013 Vienaragiai b\u016bna \u012fvairi\u0173 dyd\u017ei\u0173<br \/>\n \t&#8211; \u017daislas pagamintas i\u0161 patvaraus ir saugaus plastiko, tinka vaikams nuo 1 iki 5 met\u0173.<br \/>\n \t&#8211; Lengvas sand\u0117liavimas<\/p>\n<p>\u017daislas vysto:<\/p>\n<p> \tSmulkioji motorika<br \/>\n \tMokytis ab\u0117c\u0117l\u0117s<br \/>\n \tRoku-acu koordin\u0101cija<br \/>\n \tLoginis m\u0105stymas<br \/>\n \tK\u016brybi\u0161kumas<\/p>","protected":false},"excerpt":{"rendered":"<p>Lavinantis \u017eaislas \u201eMatch the Letters\u201c \u2013\u00a0tai k\u016brybingas \u017eaislas, kuris nukels j\u016bs\u0173 vaik\u0105 \u012f magi\u0161k\u0105 vienaragi\u0173 pasaul\u012f \u017eaisdami, derindami jas pagal<\/p>","protected":false},"featured_media":55584,"template":"","meta":{"_acf_changed":false,"_glsr_average":0,"_glsr_ranking":0,"_glsr_reviews":0},"product_brand":[],"product_cat":[388,229],"product_tag":[],"class_list":{"0":"post-89441","1":"product","2":"type-product","3":"status-publish","4":"has-post-thumbnail","6":"product_cat-edukaciniai-lavinamieji-zaislai","7":"product_cat-zaislai-vaikams","8":"\"style=\"background-color: #2ecc711c;\"","10":"first","11":"instock","12":"purchasable","13":"product-type-simple"},"acf":[],"yoast_head":"<!-- This site is optimized with the Yoast SEO plugin v27.3 - https:\/\/yoast.com\/product\/yoast-seo-wordpress\/ -->\n<title>Montessori fig\u016br\u0117li\u0173 lavinantis rinkinys Vienaragiai surinkimui mokytis raides ir spalvas<\/title>\n<meta name=\"description\" content=\"Montessori fig\u016br\u0117li\u0173 lavinantis rinkinys Vienaragiai surinkimui mokytis raides ir spalvas - KidsPlay. Did\u017eiausias vaik\u0173 \u017eaisl\u0173 pasirinkimas.\" \/>\n<meta name=\"robots\" content=\"index, follow, max-snippet:-1, max-image-preview:large, max-video-preview:-1\" \/>\n<link rel=\"canonical\" href=\"https:\/\/kidsplay.lt\/lv\/products\/montessori-figureliu-lavinantis-rinkinys-vienaragiai-surinkimui-mokytis-raides-ir-spalvas\/\" \/>\n<meta property=\"og:locale\" content=\"lv_LV\" \/>\n<meta property=\"og:type\" content=\"article\" \/>\n<meta property=\"og:title\" content=\"Montessori fig\u016br\u0117li\u0173 lavinantis rinkinys Vienaragiai surinkimui mokytis raides ir spalvas\" \/>\n<meta property=\"og:description\" content=\"Montessori fig\u016br\u0117li\u0173 lavinantis rinkinys Vienaragiai surinkimui mokytis raides ir spalvas - KidsPlay. Did\u017eiausias vaik\u0173 \u017eaisl\u0173 pasirinkimas.\" \/>\n<meta property=\"og:url\" content=\"https:\/\/kidsplay.lt\/lv\/products\/montessori-figureliu-lavinantis-rinkinys-vienaragiai-surinkimui-mokytis-raides-ir-spalvas\/\" \/>\n<meta property=\"og:site_name\" content=\"KidsPlay\" \/>\n<meta property=\"article:publisher\" content=\"https:\/\/www.facebook.com\/www.kidsplay.lt\" \/>\n<meta property=\"article:modified_time\" content=\"2026-04-07T07:36:02+00:00\" \/>\n<meta property=\"og:image\" content=\"https:\/\/kidsplay.lt\/wp-content\/uploads\/2024\/09\/Montessori-figureliu-lavinantis-rinkinys-Vienaragiai-surinkimui-mokytis-raides-ir-spalvas.jpg\" \/>\n\t<meta property=\"og:image:width\" content=\"2560\" \/>\n\t<meta property=\"og:image:height\" content=\"2560\" \/>\n\t<meta property=\"og:image:type\" content=\"image\/jpeg\" \/>\n<meta name=\"twitter:card\" content=\"summary_large_image\" \/>\n<meta name=\"twitter:label1\" content=\"Est. reading time\" \/>\n\t<meta name=\"twitter:data1\" content=\"1 min\u016bte\" \/>\n<script type=\"application\/ld+json\" class=\"yoast-schema-graph\">{\"@context\":\"https:\\\/\\\/schema.org\",\"@graph\":[{\"@type\":\"WebPage\",\"@id\":\"https:\\\/\\\/kidsplay.lt\\\/produktas\\\/montessori-figureliu-lavinantis-rinkinys-vienaragiai-surinkimui-mokytis-raides-ir-spalvas\\\/\",\"url\":\"https:\\\/\\\/kidsplay.lt\\\/produktas\\\/montessori-figureliu-lavinantis-rinkinys-vienaragiai-surinkimui-mokytis-raides-ir-spalvas\\\/\",\"name\":\"Montessori fig\u016br\u0117li\u0173 lavinantis rinkinys Vienaragiai surinkimui mokytis raides ir spalvas\",\"isPartOf\":{\"@id\":\"https:\\\/\\\/kidsplay.lt\\\/#website\"},\"primaryImageOfPage\":{\"@id\":\"https:\\\/\\\/kidsplay.lt\\\/produktas\\\/montessori-figureliu-lavinantis-rinkinys-vienaragiai-surinkimui-mokytis-raides-ir-spalvas\\\/#primaryimage\"},\"image\":{\"@id\":\"https:\\\/\\\/kidsplay.lt\\\/produktas\\\/montessori-figureliu-lavinantis-rinkinys-vienaragiai-surinkimui-mokytis-raides-ir-spalvas\\\/#primaryimage\"},\"thumbnailUrl\":\"https:\\\/\\\/kidsplay.lt\\\/wp-content\\\/uploads\\\/2024\\\/09\\\/Montessori-figureliu-lavinantis-rinkinys-Vienaragiai-surinkimui-mokytis-raides-ir-spalvas.jpg\",\"datePublished\":\"2026-02-26T07:21:04+00:00\",\"dateModified\":\"2026-04-07T07:36:02+00:00\",\"description\":\"Montessori fig\u016br\u0117li\u0173 lavinantis rinkinys Vienaragiai surinkimui mokytis raides ir spalvas - KidsPlay. Did\u017eiausias vaik\u0173 \u017eaisl\u0173 pasirinkimas.\",\"breadcrumb\":{\"@id\":\"https:\\\/\\\/kidsplay.lt\\\/produktas\\\/montessori-figureliu-lavinantis-rinkinys-vienaragiai-surinkimui-mokytis-raides-ir-spalvas\\\/#breadcrumb\"},\"inLanguage\":\"lv-LV\",\"potentialAction\":[{\"@type\":\"ReadAction\",\"target\":[\"https:\\\/\\\/kidsplay.lt\\\/produktas\\\/montessori-figureliu-lavinantis-rinkinys-vienaragiai-surinkimui-mokytis-raides-ir-spalvas\\\/\"]}]},{\"@type\":\"ImageObject\",\"inLanguage\":\"lv-LV\",\"@id\":\"https:\\\/\\\/kidsplay.lt\\\/produktas\\\/montessori-figureliu-lavinantis-rinkinys-vienaragiai-surinkimui-mokytis-raides-ir-spalvas\\\/#primaryimage\",\"url\":\"https:\\\/\\\/kidsplay.lt\\\/wp-content\\\/uploads\\\/2024\\\/09\\\/Montessori-figureliu-lavinantis-rinkinys-Vienaragiai-surinkimui-mokytis-raides-ir-spalvas.jpg\",\"contentUrl\":\"https:\\\/\\\/kidsplay.lt\\\/wp-content\\\/uploads\\\/2024\\\/09\\\/Montessori-figureliu-lavinantis-rinkinys-Vienaragiai-surinkimui-mokytis-raides-ir-spalvas.jpg\",\"width\":2560,\"height\":2560,\"caption\":\"Montessori fig\u016br\u0117li\u0173 lavinantis rinkinys Vienaragiai surinkimui mokytis raides ir spalvas\"},{\"@type\":\"BreadcrumbList\",\"@id\":\"https:\\\/\\\/kidsplay.lt\\\/produktas\\\/montessori-figureliu-lavinantis-rinkinys-vienaragiai-surinkimui-mokytis-raides-ir-spalvas\\\/#breadcrumb\",\"itemListElement\":[{\"@type\":\"ListItem\",\"position\":1,\"name\":\"Pagrindinis\",\"item\":\"https:\\\/\\\/kidsplay.lt\\\/\"},{\"@type\":\"ListItem\",\"position\":2,\"name\":\"Parduotuv\u0117\",\"item\":\"https:\\\/\\\/kidsplay.lt\\\/parduotuve\\\/\"},{\"@type\":\"ListItem\",\"position\":3,\"name\":\"Montessori fig\u016br\u0117li\u0173 lavinantis rinkinys Vienaragiai surinkimui mokytis raides ir spalvas\"}]},{\"@type\":\"WebSite\",\"@id\":\"https:\\\/\\\/kidsplay.lt\\\/#website\",\"url\":\"https:\\\/\\\/kidsplay.lt\\\/\",\"name\":\"Kidsplay.lt\",\"description\":\"\u012evairios prek\u0117s vaikams\",\"publisher\":{\"@id\":\"https:\\\/\\\/kidsplay.lt\\\/#organization\"},\"alternateName\":\"Kidsplay\",\"potentialAction\":[{\"@type\":\"SearchAction\",\"target\":{\"@type\":\"EntryPoint\",\"urlTemplate\":\"https:\\\/\\\/kidsplay.lt\\\/?s={search_term_string}\"},\"query-input\":{\"@type\":\"PropertyValueSpecification\",\"valueRequired\":true,\"valueName\":\"search_term_string\"}}],\"inLanguage\":\"lv-LV\"},{\"@type\":\"Organization\",\"@id\":\"https:\\\/\\\/kidsplay.lt\\\/#organization\",\"name\":\"KidsPlay\",\"url\":\"https:\\\/\\\/kidsplay.lt\\\/\",\"logo\":{\"@type\":\"ImageObject\",\"inLanguage\":\"lv-LV\",\"@id\":\"https:\\\/\\\/kidsplay.lt\\\/#\\\/schema\\\/logo\\\/image\\\/\",\"url\":\"https:\\\/\\\/kidsplay.lt\\\/wp-content\\\/uploads\\\/2023\\\/07\\\/kidsplay-logo.png\",\"contentUrl\":\"https:\\\/\\\/kidsplay.lt\\\/wp-content\\\/uploads\\\/2023\\\/07\\\/kidsplay-logo.png\",\"width\":451,\"height\":98,\"caption\":\"KidsPlay\"},\"image\":{\"@id\":\"https:\\\/\\\/kidsplay.lt\\\/#\\\/schema\\\/logo\\\/image\\\/\"},\"sameAs\":[\"https:\\\/\\\/www.facebook.com\\\/www.kidsplay.lt\"]}]}<\/script>\n<!-- \/ Yoast SEO plugin. -->","yoast_head_json":{"title":"Montessori izgl\u012btojo\u0161ais Vienrad\u017eu fig\u016bri\u0146u komplekts salik\u0161anai, lai apg\u016btu burtus un kr\u0101sas","description":"Montessori fig\u016br\u0117li\u0173 lavinantis rinkinys Vienaragiai surinkimui mokytis raides ir spalvas - KidsPlay. Did\u017eiausias vaik\u0173 \u017eaisl\u0173 pasirinkimas.","robots":{"index":"index","follow":"follow","max-snippet":"max-snippet:-1","max-image-preview":"max-image-preview:large","max-video-preview":"max-video-preview:-1"},"canonical":"https:\/\/kidsplay.lt\/lv\/products\/montessori-figureliu-lavinantis-rinkinys-vienaragiai-surinkimui-mokytis-raides-ir-spalvas\/","og_locale":"lv_LV","og_type":"article","og_title":"Montessori fig\u016br\u0117li\u0173 lavinantis rinkinys Vienaragiai surinkimui mokytis raides ir spalvas","og_description":"Montessori fig\u016br\u0117li\u0173 lavinantis rinkinys Vienaragiai surinkimui mokytis raides ir spalvas - KidsPlay. Did\u017eiausias vaik\u0173 \u017eaisl\u0173 pasirinkimas.","og_url":"https:\/\/kidsplay.lt\/lv\/products\/montessori-figureliu-lavinantis-rinkinys-vienaragiai-surinkimui-mokytis-raides-ir-spalvas\/","og_site_name":"KidsPlay","article_publisher":"https:\/\/www.facebook.com\/www.kidsplay.lt","article_modified_time":"2026-04-07T07:36:02+00:00","og_image":[{"width":2560,"height":2560,"url":"https:\/\/kidsplay.lt\/wp-content\/uploads\/2024\/09\/Montessori-figureliu-lavinantis-rinkinys-Vienaragiai-surinkimui-mokytis-raides-ir-spalvas.jpg","type":"image\/jpeg"}],"twitter_card":"summary_large_image","twitter_misc":{"Est. reading time":"1 min\u016bte"},"schema":{"@context":"https:\/\/schema.org","@graph":[{"@type":"WebPage","@id":"https:\/\/kidsplay.lt\/produktas\/montessori-figureliu-lavinantis-rinkinys-vienaragiai-surinkimui-mokytis-raides-ir-spalvas\/","url":"https:\/\/kidsplay.lt\/produktas\/montessori-figureliu-lavinantis-rinkinys-vienaragiai-surinkimui-mokytis-raides-ir-spalvas\/","name":"Montessori izgl\u012btojo\u0161ais Vienrad\u017eu fig\u016bri\u0146u komplekts salik\u0161anai, lai apg\u016btu burtus un kr\u0101sas","isPartOf":{"@id":"https:\/\/kidsplay.lt\/#website"},"primaryImageOfPage":{"@id":"https:\/\/kidsplay.lt\/produktas\/montessori-figureliu-lavinantis-rinkinys-vienaragiai-surinkimui-mokytis-raides-ir-spalvas\/#primaryimage"},"image":{"@id":"https:\/\/kidsplay.lt\/produktas\/montessori-figureliu-lavinantis-rinkinys-vienaragiai-surinkimui-mokytis-raides-ir-spalvas\/#primaryimage"},"thumbnailUrl":"https:\/\/kidsplay.lt\/wp-content\/uploads\/2024\/09\/Montessori-figureliu-lavinantis-rinkinys-Vienaragiai-surinkimui-mokytis-raides-ir-spalvas.jpg","datePublished":"2026-02-26T07:21:04+00:00","dateModified":"2026-04-07T07:36:02+00:00","description":"Montessori fig\u016br\u0117li\u0173 lavinantis rinkinys Vienaragiai surinkimui mokytis raides ir spalvas - KidsPlay. Did\u017eiausias vaik\u0173 \u017eaisl\u0173 pasirinkimas.","breadcrumb":{"@id":"https:\/\/kidsplay.lt\/produktas\/montessori-figureliu-lavinantis-rinkinys-vienaragiai-surinkimui-mokytis-raides-ir-spalvas\/#breadcrumb"},"inLanguage":"lv-LV","potentialAction":[{"@type":"ReadAction","target":["https:\/\/kidsplay.lt\/produktas\/montessori-figureliu-lavinantis-rinkinys-vienaragiai-surinkimui-mokytis-raides-ir-spalvas\/"]}]},{"@type":"ImageObject","inLanguage":"lv-LV","@id":"https:\/\/kidsplay.lt\/produktas\/montessori-figureliu-lavinantis-rinkinys-vienaragiai-surinkimui-mokytis-raides-ir-spalvas\/#primaryimage","url":"https:\/\/kidsplay.lt\/wp-content\/uploads\/2024\/09\/Montessori-figureliu-lavinantis-rinkinys-Vienaragiai-surinkimui-mokytis-raides-ir-spalvas.jpg","contentUrl":"https:\/\/kidsplay.lt\/wp-content\/uploads\/2024\/09\/Montessori-figureliu-lavinantis-rinkinys-Vienaragiai-surinkimui-mokytis-raides-ir-spalvas.jpg","width":2560,"height":2560,"caption":"Montessori fig\u016br\u0117li\u0173 lavinantis rinkinys Vienaragiai surinkimui mokytis raides ir spalvas"},{"@type":"BreadcrumbList","@id":"https:\/\/kidsplay.lt\/produktas\/montessori-figureliu-lavinantis-rinkinys-vienaragiai-surinkimui-mokytis-raides-ir-spalvas\/#breadcrumb","itemListElement":[{"@type":"ListItem","position":1,"name":"Pagrindinis","item":"https:\/\/kidsplay.lt\/"},{"@type":"ListItem","position":2,"name":"Parduotuv\u0117","item":"https:\/\/kidsplay.lt\/parduotuve\/"},{"@type":"ListItem","position":3,"name":"Montessori fig\u016br\u0117li\u0173 lavinantis rinkinys Vienaragiai surinkimui mokytis raides ir spalvas"}]},{"@type":"WebSite","@id":"https:\/\/kidsplay.lt\/#website","url":"https:\/\/kidsplay.lt\/","name":"B\u0113rnu sp\u0113les.lv","description":"\u012evairios prek\u0117s vaikams","publisher":{"@id":"https:\/\/kidsplay.lt\/#organization"},"alternateName":"Kidsplay","potentialAction":[{"@type":"SearchAction","target":{"@type":"EntryPoint","urlTemplate":"https:\/\/kidsplay.lt\/?s={search_term_string}"},"query-input":{"@type":"PropertyValueSpecification","valueRequired":true,"valueName":"search_term_string"}}],"inLanguage":"lv-LV"},{"@type":"Organization","@id":"https:\/\/kidsplay.lt\/#organization","name":"B\u0113rnu sp\u0113le","url":"https:\/\/kidsplay.lt\/","logo":{"@type":"ImageObject","inLanguage":"lv-LV","@id":"https:\/\/kidsplay.lt\/#\/schema\/logo\/image\/","url":"https:\/\/kidsplay.lt\/wp-content\/uploads\/2023\/07\/kidsplay-logo.png","contentUrl":"https:\/\/kidsplay.lt\/wp-content\/uploads\/2023\/07\/kidsplay-logo.png","width":451,"height":98,"caption":"KidsPlay"},"image":{"@id":"https:\/\/kidsplay.lt\/#\/schema\/logo\/image\/"},"sameAs":["https:\/\/www.facebook.com\/www.kidsplay.lt"]}]}},"_links":{"self":[{"href":"https:\/\/kidsplay.lt\/lv\/wp-json\/wp\/v2\/product\/89441","targetHints":{"allow":["GET"]}}],"collection":[{"href":"https:\/\/kidsplay.lt\/lv\/wp-json\/wp\/v2\/product"}],"about":[{"href":"https:\/\/kidsplay.lt\/lv\/wp-json\/wp\/v2\/types\/product"}],"version-history":[{"count":1,"href":"https:\/\/kidsplay.lt\/lv\/wp-json\/wp\/v2\/product\/89441\/revisions"}],"predecessor-version":[{"id":89442,"href":"https:\/\/kidsplay.lt\/lv\/wp-json\/wp\/v2\/product\/89441\/revisions\/89442"}],"wp:featuredmedia":[{"embeddable":true,"href":"https:\/\/kidsplay.lt\/lv\/wp-json\/wp\/v2\/media\/55584"}],"wp:attachment":[{"href":"https:\/\/kidsplay.lt\/lv\/wp-json\/wp\/v2\/media?parent=89441"}],"wp:term":[{"taxonomy":"product_brand","embeddable":true,"href":"https:\/\/kidsplay.lt\/lv\/wp-json\/wp\/v2\/product_brand?post=89441"},{"taxonomy":"product_cat","embeddable":true,"href":"https:\/\/kidsplay.lt\/lv\/wp-json\/wp\/v2\/product_cat?post=89441"},{"taxonomy":"product_tag","embeddable":true,"href":"https:\/\/kidsplay.lt\/lv\/wp-json\/wp\/v2\/product_tag?post=89441"}],"curies":[{"name":"wp","href":"https:\/\/api.w.org\/{rel}","templated":true}]}}