{"id":89443,"date":"2026-02-26T09:21:07","date_gmt":"2026-02-26T07:21:07","guid":{"rendered":"https:\/\/kidsplay.lt\/produktas\/virtuves-kriaukles-maisytuvas-su-vandeniu\/"},"modified":"2026-04-13T14:57:54","modified_gmt":"2026-04-13T11:57:54","slug":"virtuves-kriaukles-maisytuvas-su-vandeniu","status":"publish","type":"product","link":"https:\/\/kidsplay.lt\/lv\/products\/virtuves-kriaukles-maisytuvas-su-vandeniu\/","title":{"rendered":"Virtuves izlietnes jauc\u0113jkr\u0101ns ar \u016bdeni"},"content":{"rendered":"<p>WOOPIE prek\u0117s \u017eenklo \u201edu viename\u201c virykl\u0117s kriaukl\u0117\u00a0leis vaikams gaminti ir praustis taip pat, kaip j\u0173 t\u0117vai \u2013 m\u0117gd\u017eiokite juos nuo ma\u017eens! \u017daislas\u00a0puikiai atkuriamas\u00a0, tod\u0117l vaikui susidaro \u012fsp\u016bdis\u00a0,\u00a0kad jis atlieka tikr\u0105 virtuv\u0117s\u00a0veikl\u0105\u00a0.\u00a0Tiesiog supilkite mod\u0105 \u012f duben\u012f ir steb\u0117kite, kaip vaikas \u017eaid\u017eia, o tada i\u0161tu\u0161tinkite apatin\u012f duben\u012f. Be to, vaisiai ir dar\u017eov\u0117s yra sujungti Velcro, tod\u0117l j\u016bs\u0173 vaikas\u00a0gali juos perpjauti per pus\u0119 kaip tikrus gaminius!\u00a0Gamindami maist\u0105, plaudami indus ir dirbdami pana\u0161\u0173 darb\u0105 vaikai \u012fgyja\u00a0atsakomyb\u0117s\u00a0ir\u00a0savaranki\u0161kumo\u00a0jausm\u0105\u00a0,\u00a0o tai yra svarbi socialinio ir emocinio mokymosi dalis\u00a0.<\/p>\n<p>Raksturojums:<\/p>\n<p> \t&#8211; \u017daislas nuo 3 met\u0173<br \/>\n \t&#8211; Gra\u017eios spalvos<br \/>\n \t&#8211; Paspaudus \u012fmontuot\u0105 vandens siurbl\u012f, vanduo i\u0161 \u010diaupo i\u0161leid\u017eiamas<br \/>\n \t&#8211; J\u016bs\u0173 vaikas gali gaminti kartu su jumis!<br \/>\n \t&#8211; Vaikai gali naudoti kriaukl\u0119 ir d\u017eiovykl\u0119, nor\u0117dami laikyti pridedamus priedus<\/p>\n<p>Komplekt\u0101 ietilpst:<\/p>\n<p> \t&#8211; 2 l\u0117k\u0161t\u0117s<br \/>\n \t&#8211; 2 puodeliai<br \/>\n \t&#8211; Pjaustymo lenta<br \/>\n \t&#8211; Virdulys<br \/>\n \t&#8211; Indukcin\u0117 kaitlent\u0117<br \/>\n \t&#8211; 2 puodeliai<br \/>\n \t&#8211; \u0160akut\u0117, peilis, \u0161auk\u0161tas ir \u0161auk\u0161tas<br \/>\n \t&#8211; 2 kavos puodeliai su stovu<br \/>\n \t&#8211; 11 maisto produkt\u0173<br \/>\n \t&#8211; Ind\u0173 plovimo skystis<br \/>\n \t&#8211; Ind\u0173 d\u017eiovinimo lentyna su kriaukle<\/p>\n<p>\u017daislas vysto:<\/p>\n<p> \t&#8211; Atsakomyb\u0117<br \/>\n \t\u2013 K\u016brybi\u0161kumas<br \/>\n \t\u2013 Vaizduot\u0117<br \/>\n \t&#8211; Nepriklausomyb\u0117 veikloje<\/p>\n<p>Galima \u012fsigyti ro\u017ein\u0117s spalvos \u017eaisl\u0105. Nuotraukos, kuriose produktas pavaizduotas m\u0117lyna spalva, yra iliustracin\u0117 grafika.<\/p>","protected":false},"excerpt":{"rendered":"<p>WOOPIE prek\u0117s \u017eenklo \u201edu viename\u201c virykl\u0117s kriaukl\u0117\u00a0leis vaikams gaminti ir praustis taip pat, kaip j\u0173 t\u0117vai \u2013 m\u0117gd\u017eiokite juos nuo<\/p>","protected":false},"featured_media":55589,"template":"","meta":{"_acf_changed":false,"_glsr_average":0,"_glsr_ranking":0,"_glsr_reviews":0},"product_brand":[],"product_cat":[399,282],"product_tag":[],"class_list":{"0":"post-89443","1":"product","2":"type-product","3":"status-publish","4":"has-post-thumbnail","6":"product_cat-vaidmenu-zaidimai-2","7":"product_cat-virtuves-reikmenys-vaidmenu-zaidimai","8":"\"style=\"background-color: #2ecc711c;\"","10":"first","11":"instock","12":"purchasable","13":"product-type-simple"},"acf":[],"yoast_head":"<!-- This site is optimized with the Yoast SEO plugin v27.4 - https:\/\/yoast.com\/product\/yoast-seo-wordpress\/ -->\n<title>Virtuv\u0117s kriaukl\u0117s mai\u0161ytuvas su vandeniu<\/title>\n<meta name=\"description\" content=\"Virtuv\u0117s kriaukl\u0117s mai\u0161ytuvas su vandeniu - KidsPlay. Did\u017eiausias vaik\u0173 \u017eaisl\u0173 pasirinkimas.\" \/>\n<meta name=\"robots\" content=\"index, follow, max-snippet:-1, max-image-preview:large, max-video-preview:-1\" \/>\n<link rel=\"canonical\" href=\"https:\/\/kidsplay.lt\/lv\/products\/virtuves-kriaukles-maisytuvas-su-vandeniu\/\" \/>\n<meta property=\"og:locale\" content=\"lv_LV\" \/>\n<meta property=\"og:type\" content=\"article\" \/>\n<meta property=\"og:title\" content=\"Virtuv\u0117s kriaukl\u0117s mai\u0161ytuvas su vandeniu\" \/>\n<meta property=\"og:description\" content=\"Virtuv\u0117s kriaukl\u0117s mai\u0161ytuvas su vandeniu - KidsPlay. Did\u017eiausias vaik\u0173 \u017eaisl\u0173 pasirinkimas.\" \/>\n<meta property=\"og:url\" content=\"https:\/\/kidsplay.lt\/lv\/products\/virtuves-kriaukles-maisytuvas-su-vandeniu\/\" \/>\n<meta property=\"og:site_name\" content=\"KidsPlay\" \/>\n<meta property=\"article:publisher\" content=\"https:\/\/www.facebook.com\/www.kidsplay.lt\" \/>\n<meta property=\"article:modified_time\" content=\"2026-04-13T11:57:54+00:00\" \/>\n<meta property=\"og:image\" content=\"https:\/\/kidsplay.lt\/wp-content\/uploads\/2024\/09\/Virtuves-kriaukles-maisytuvas-su-vandeniu.jpg\" \/>\n\t<meta property=\"og:image:width\" content=\"2560\" \/>\n\t<meta property=\"og:image:height\" content=\"2560\" \/>\n\t<meta property=\"og:image:type\" content=\"image\/jpeg\" \/>\n<meta name=\"twitter:card\" content=\"summary_large_image\" \/>\n<meta name=\"twitter:label1\" content=\"Est. reading time\" \/>\n\t<meta name=\"twitter:data1\" content=\"1 min\u016bte\" \/>\n<script type=\"application\/ld+json\" class=\"yoast-schema-graph\">{\"@context\":\"https:\\\/\\\/schema.org\",\"@graph\":[{\"@type\":\"WebPage\",\"@id\":\"https:\\\/\\\/kidsplay.lt\\\/produktas\\\/virtuves-kriaukles-maisytuvas-su-vandeniu\\\/\",\"url\":\"https:\\\/\\\/kidsplay.lt\\\/produktas\\\/virtuves-kriaukles-maisytuvas-su-vandeniu\\\/\",\"name\":\"Virtuv\u0117s kriaukl\u0117s mai\u0161ytuvas su vandeniu\",\"isPartOf\":{\"@id\":\"https:\\\/\\\/kidsplay.lt\\\/#website\"},\"primaryImageOfPage\":{\"@id\":\"https:\\\/\\\/kidsplay.lt\\\/produktas\\\/virtuves-kriaukles-maisytuvas-su-vandeniu\\\/#primaryimage\"},\"image\":{\"@id\":\"https:\\\/\\\/kidsplay.lt\\\/produktas\\\/virtuves-kriaukles-maisytuvas-su-vandeniu\\\/#primaryimage\"},\"thumbnailUrl\":\"https:\\\/\\\/kidsplay.lt\\\/wp-content\\\/uploads\\\/2024\\\/09\\\/Virtuves-kriaukles-maisytuvas-su-vandeniu.jpg\",\"datePublished\":\"2026-02-26T07:21:07+00:00\",\"dateModified\":\"2026-04-13T11:57:54+00:00\",\"description\":\"Virtuv\u0117s kriaukl\u0117s mai\u0161ytuvas su vandeniu - KidsPlay. Did\u017eiausias vaik\u0173 \u017eaisl\u0173 pasirinkimas.\",\"breadcrumb\":{\"@id\":\"https:\\\/\\\/kidsplay.lt\\\/produktas\\\/virtuves-kriaukles-maisytuvas-su-vandeniu\\\/#breadcrumb\"},\"inLanguage\":\"lv-LV\",\"potentialAction\":[{\"@type\":\"ReadAction\",\"target\":[\"https:\\\/\\\/kidsplay.lt\\\/produktas\\\/virtuves-kriaukles-maisytuvas-su-vandeniu\\\/\"]}]},{\"@type\":\"ImageObject\",\"inLanguage\":\"lv-LV\",\"@id\":\"https:\\\/\\\/kidsplay.lt\\\/produktas\\\/virtuves-kriaukles-maisytuvas-su-vandeniu\\\/#primaryimage\",\"url\":\"https:\\\/\\\/kidsplay.lt\\\/wp-content\\\/uploads\\\/2024\\\/09\\\/Virtuves-kriaukles-maisytuvas-su-vandeniu.jpg\",\"contentUrl\":\"https:\\\/\\\/kidsplay.lt\\\/wp-content\\\/uploads\\\/2024\\\/09\\\/Virtuves-kriaukles-maisytuvas-su-vandeniu.jpg\",\"width\":2560,\"height\":2560,\"caption\":\"Virtuv\u0117s kriaukl\u0117s mai\u0161ytuvas su vandeniu\"},{\"@type\":\"BreadcrumbList\",\"@id\":\"https:\\\/\\\/kidsplay.lt\\\/produktas\\\/virtuves-kriaukles-maisytuvas-su-vandeniu\\\/#breadcrumb\",\"itemListElement\":[{\"@type\":\"ListItem\",\"position\":1,\"name\":\"Pagrindinis\",\"item\":\"https:\\\/\\\/kidsplay.lt\\\/\"},{\"@type\":\"ListItem\",\"position\":2,\"name\":\"Parduotuv\u0117\",\"item\":\"https:\\\/\\\/kidsplay.lt\\\/parduotuve\\\/\"},{\"@type\":\"ListItem\",\"position\":3,\"name\":\"Virtuv\u0117s kriaukl\u0117s mai\u0161ytuvas su vandeniu\"}]},{\"@type\":\"WebSite\",\"@id\":\"https:\\\/\\\/kidsplay.lt\\\/#website\",\"url\":\"https:\\\/\\\/kidsplay.lt\\\/\",\"name\":\"Kidsplay.lt\",\"description\":\"\u012evairios prek\u0117s vaikams\",\"publisher\":{\"@id\":\"https:\\\/\\\/kidsplay.lt\\\/#organization\"},\"alternateName\":\"Kidsplay\",\"potentialAction\":[{\"@type\":\"SearchAction\",\"target\":{\"@type\":\"EntryPoint\",\"urlTemplate\":\"https:\\\/\\\/kidsplay.lt\\\/?s={search_term_string}\"},\"query-input\":{\"@type\":\"PropertyValueSpecification\",\"valueRequired\":true,\"valueName\":\"search_term_string\"}}],\"inLanguage\":\"lv-LV\"},{\"@type\":\"Organization\",\"@id\":\"https:\\\/\\\/kidsplay.lt\\\/#organization\",\"name\":\"KidsPlay\",\"url\":\"https:\\\/\\\/kidsplay.lt\\\/\",\"logo\":{\"@type\":\"ImageObject\",\"inLanguage\":\"lv-LV\",\"@id\":\"https:\\\/\\\/kidsplay.lt\\\/#\\\/schema\\\/logo\\\/image\\\/\",\"url\":\"https:\\\/\\\/kidsplay.lt\\\/wp-content\\\/uploads\\\/2023\\\/07\\\/kidsplay-logo.png\",\"contentUrl\":\"https:\\\/\\\/kidsplay.lt\\\/wp-content\\\/uploads\\\/2023\\\/07\\\/kidsplay-logo.png\",\"width\":451,\"height\":98,\"caption\":\"KidsPlay\"},\"image\":{\"@id\":\"https:\\\/\\\/kidsplay.lt\\\/#\\\/schema\\\/logo\\\/image\\\/\"},\"sameAs\":[\"https:\\\/\\\/www.facebook.com\\\/www.kidsplay.lt\"]}]}<\/script>\n<!-- \/ Yoast SEO plugin. -->","yoast_head_json":{"title":"Virtuves izlietnes jauc\u0113jkr\u0101ns ar \u016bdeni","description":"Virtuv\u0117s kriaukl\u0117s mai\u0161ytuvas su vandeniu - KidsPlay. Did\u017eiausias vaik\u0173 \u017eaisl\u0173 pasirinkimas.","robots":{"index":"index","follow":"follow","max-snippet":"max-snippet:-1","max-image-preview":"max-image-preview:large","max-video-preview":"max-video-preview:-1"},"canonical":"https:\/\/kidsplay.lt\/lv\/products\/virtuves-kriaukles-maisytuvas-su-vandeniu\/","og_locale":"lv_LV","og_type":"article","og_title":"Virtuv\u0117s kriaukl\u0117s mai\u0161ytuvas su vandeniu","og_description":"Virtuv\u0117s kriaukl\u0117s mai\u0161ytuvas su vandeniu - KidsPlay. Did\u017eiausias vaik\u0173 \u017eaisl\u0173 pasirinkimas.","og_url":"https:\/\/kidsplay.lt\/lv\/products\/virtuves-kriaukles-maisytuvas-su-vandeniu\/","og_site_name":"KidsPlay","article_publisher":"https:\/\/www.facebook.com\/www.kidsplay.lt","article_modified_time":"2026-04-13T11:57:54+00:00","og_image":[{"width":2560,"height":2560,"url":"https:\/\/kidsplay.lt\/wp-content\/uploads\/2024\/09\/Virtuves-kriaukles-maisytuvas-su-vandeniu.jpg","type":"image\/jpeg"}],"twitter_card":"summary_large_image","twitter_misc":{"Est. reading time":"1 min\u016bte"},"schema":{"@context":"https:\/\/schema.org","@graph":[{"@type":"WebPage","@id":"https:\/\/kidsplay.lt\/produktas\/virtuves-kriaukles-maisytuvas-su-vandeniu\/","url":"https:\/\/kidsplay.lt\/produktas\/virtuves-kriaukles-maisytuvas-su-vandeniu\/","name":"Virtuves izlietnes jauc\u0113jkr\u0101ns ar \u016bdeni","isPartOf":{"@id":"https:\/\/kidsplay.lt\/#website"},"primaryImageOfPage":{"@id":"https:\/\/kidsplay.lt\/produktas\/virtuves-kriaukles-maisytuvas-su-vandeniu\/#primaryimage"},"image":{"@id":"https:\/\/kidsplay.lt\/produktas\/virtuves-kriaukles-maisytuvas-su-vandeniu\/#primaryimage"},"thumbnailUrl":"https:\/\/kidsplay.lt\/wp-content\/uploads\/2024\/09\/Virtuves-kriaukles-maisytuvas-su-vandeniu.jpg","datePublished":"2026-02-26T07:21:07+00:00","dateModified":"2026-04-13T11:57:54+00:00","description":"Virtuv\u0117s kriaukl\u0117s mai\u0161ytuvas su vandeniu - KidsPlay. Did\u017eiausias vaik\u0173 \u017eaisl\u0173 pasirinkimas.","breadcrumb":{"@id":"https:\/\/kidsplay.lt\/produktas\/virtuves-kriaukles-maisytuvas-su-vandeniu\/#breadcrumb"},"inLanguage":"lv-LV","potentialAction":[{"@type":"ReadAction","target":["https:\/\/kidsplay.lt\/produktas\/virtuves-kriaukles-maisytuvas-su-vandeniu\/"]}]},{"@type":"ImageObject","inLanguage":"lv-LV","@id":"https:\/\/kidsplay.lt\/produktas\/virtuves-kriaukles-maisytuvas-su-vandeniu\/#primaryimage","url":"https:\/\/kidsplay.lt\/wp-content\/uploads\/2024\/09\/Virtuves-kriaukles-maisytuvas-su-vandeniu.jpg","contentUrl":"https:\/\/kidsplay.lt\/wp-content\/uploads\/2024\/09\/Virtuves-kriaukles-maisytuvas-su-vandeniu.jpg","width":2560,"height":2560,"caption":"Virtuv\u0117s kriaukl\u0117s mai\u0161ytuvas su vandeniu"},{"@type":"BreadcrumbList","@id":"https:\/\/kidsplay.lt\/produktas\/virtuves-kriaukles-maisytuvas-su-vandeniu\/#breadcrumb","itemListElement":[{"@type":"ListItem","position":1,"name":"Pagrindinis","item":"https:\/\/kidsplay.lt\/"},{"@type":"ListItem","position":2,"name":"Parduotuv\u0117","item":"https:\/\/kidsplay.lt\/parduotuve\/"},{"@type":"ListItem","position":3,"name":"Virtuv\u0117s kriaukl\u0117s mai\u0161ytuvas su vandeniu"}]},{"@type":"WebSite","@id":"https:\/\/kidsplay.lt\/#website","url":"https:\/\/kidsplay.lt\/","name":"B\u0113rnu sp\u0113les.lv","description":"\u012evairios prek\u0117s vaikams","publisher":{"@id":"https:\/\/kidsplay.lt\/#organization"},"alternateName":"Kidsplay","potentialAction":[{"@type":"SearchAction","target":{"@type":"EntryPoint","urlTemplate":"https:\/\/kidsplay.lt\/?s={search_term_string}"},"query-input":{"@type":"PropertyValueSpecification","valueRequired":true,"valueName":"search_term_string"}}],"inLanguage":"lv-LV"},{"@type":"Organization","@id":"https:\/\/kidsplay.lt\/#organization","name":"B\u0113rnu sp\u0113le","url":"https:\/\/kidsplay.lt\/","logo":{"@type":"ImageObject","inLanguage":"lv-LV","@id":"https:\/\/kidsplay.lt\/#\/schema\/logo\/image\/","url":"https:\/\/kidsplay.lt\/wp-content\/uploads\/2023\/07\/kidsplay-logo.png","contentUrl":"https:\/\/kidsplay.lt\/wp-content\/uploads\/2023\/07\/kidsplay-logo.png","width":451,"height":98,"caption":"KidsPlay"},"image":{"@id":"https:\/\/kidsplay.lt\/#\/schema\/logo\/image\/"},"sameAs":["https:\/\/www.facebook.com\/www.kidsplay.lt"]}]}},"_links":{"self":[{"href":"https:\/\/kidsplay.lt\/lv\/wp-json\/wp\/v2\/product\/89443","targetHints":{"allow":["GET"]}}],"collection":[{"href":"https:\/\/kidsplay.lt\/lv\/wp-json\/wp\/v2\/product"}],"about":[{"href":"https:\/\/kidsplay.lt\/lv\/wp-json\/wp\/v2\/types\/product"}],"version-history":[{"count":1,"href":"https:\/\/kidsplay.lt\/lv\/wp-json\/wp\/v2\/product\/89443\/revisions"}],"predecessor-version":[{"id":89444,"href":"https:\/\/kidsplay.lt\/lv\/wp-json\/wp\/v2\/product\/89443\/revisions\/89444"}],"wp:featuredmedia":[{"embeddable":true,"href":"https:\/\/kidsplay.lt\/lv\/wp-json\/wp\/v2\/media\/55589"}],"wp:attachment":[{"href":"https:\/\/kidsplay.lt\/lv\/wp-json\/wp\/v2\/media?parent=89443"}],"wp:term":[{"taxonomy":"product_brand","embeddable":true,"href":"https:\/\/kidsplay.lt\/lv\/wp-json\/wp\/v2\/product_brand?post=89443"},{"taxonomy":"product_cat","embeddable":true,"href":"https:\/\/kidsplay.lt\/lv\/wp-json\/wp\/v2\/product_cat?post=89443"},{"taxonomy":"product_tag","embeddable":true,"href":"https:\/\/kidsplay.lt\/lv\/wp-json\/wp\/v2\/product_tag?post=89443"}],"curies":[{"name":"wp","href":"https:\/\/api.w.org\/{rel}","templated":true}]}}