{"id":89447,"date":"2026-02-26T09:21:14","date_gmt":"2026-02-26T07:21:14","guid":{"rendered":"https:\/\/kidsplay.lt\/produktas\/mokomojo-meno-kampelis-rasomasis-stalas-su-kede\/"},"modified":"2026-04-07T10:36:18","modified_gmt":"2026-04-07T07:36:18","slug":"mokomojo-meno-kampelis-rasomasis-stalas-su-kede","status":"publish","type":"product","link":"https:\/\/kidsplay.lt\/lv\/products\/mokomojo-meno-kampelis-rasomasis-stalas-su-kede\/","title":{"rendered":"Izgl\u012btojo\u0161s m\u0101kslas st\u016bra galds ar kr\u0113slu"},"content":{"rendered":"<p>Stabilus ra\u0161omasis stalas su daugybe skyri\u0173 ir daiktad\u0117\u017ei\u0173 u\u017etikrina, kad vaiko darbo vieta visada b\u016bt\u0173 tvarkinga. Ta\u010diau didelis darbinis pavir\u0161ius suteiks komforto ir patogumo naudojant.<\/p>\n<p>Ra\u0161omasis stalas turi judant\u012f pritvirtint\u0105 vir\u0161\u0173, kuris taip pat yra daugkartinio naudojimo sausai i\u0161trinama lenta, ant kurios vaikai gali ra\u0161yti su \u017eymekliais. Po stalvir\u0161iu yra papildomas skyrius, kuriame vaikas gali laikyti savo paveikslus ir pie\u0161inius.<\/p>\n<p>Vir\u0161 stalvir\u0161io yra lentyna, kurioje galima laikyti kreidelius, \u017eirkles, \u017eymeklius ir tt Po lentyna yra lempa su jungikliu (maitinama 3 AAA tipo baterijomis &#8211; ne\u012feina) u\u017etikrina tinkam\u0105 stalo ap\u0161vietim\u0105. Atramos \/ kojos turi erdvius skyrius, suteikian\u010dius papildomos vietos knygoms ir u\u017era\u0161\u0173 knygel\u0117ms laikyti.<\/p>\n<p>\u012e komplekt\u0105 \u012feina patogi k\u0117d\u0117 su atlo\u0161u, kurios matmenys 53,3 x 34,3 x 33 cm.<\/p>\n<p>Stal\u0105 suaug\u0119s \u017emogus turi surinkti minimaliai. J\u012f lengva valyti ir jis skirtas naudoti tiek viduje, tiek lauke.<\/p>\n<p>2 \u017eingsnis\u00a0\u00a0\u2013 pirma, kokyb\u0117, antra, puik\u016bs \u017eaislai!\u00a0\u00a0Jei rinkdamiesi \u017eaisl\u0105 savo vaikui vadovaujat\u0117s kokybe ir saugumu, visas\u00a0amerikie\u010di\u0173\u00a0kompanijos\u00a0\u00a0Step2\u00a0fantasti\u0161k\u0173 \u017eaisl\u0173 asortimentas tikrai pateisins vaiko, t\u0117v\u0173, lop\u0161elio, dar\u017eelio ir kitos ugdymo \u012fstaigos l\u016bkes\u010dius. Step2 jau de\u0161imtme\u010dius gamina geriausius \u017eaislus\u00a0JAV\u00a0! Pasi\u016blym\u0105 sudaro: sm\u0117lio d\u0117\u017e\u0117s, sodo nameliai, \u017eaidim\u0173 aik\u0161tel\u0117s, dirbtuv\u0117s, pasiva\u017ein\u0117jimai, virtuv\u0117s, vaiki\u0161ki baldai.<\/p>","protected":false},"excerpt":{"rendered":"<p>Stabilus ra\u0161omasis stalas su daugybe skyri\u0173 ir daiktad\u0117\u017ei\u0173 u\u017etikrina, kad vaiko darbo vieta visada b\u016bt\u0173 tvarkinga. Ta\u010diau didelis darbinis pavir\u0161ius<\/p>","protected":false},"featured_media":55328,"template":"","meta":{"_acf_changed":false,"_glsr_average":0,"_glsr_ranking":0,"_glsr_reviews":0},"product_brand":[],"product_cat":[314,254],"product_tag":[],"class_list":{"0":"post-89447","1":"product","2":"type-product","3":"status-publish","4":"has-post-thumbnail","6":"product_cat-staliukai-ir-kedutes","7":"product_cat-vaiko-kambarys","8":"\"style=\"background-color: #2ecc711c;\"","10":"first","11":"instock","12":"purchasable","13":"product-type-simple"},"acf":[],"yoast_head":"<!-- This site is optimized with the Yoast SEO plugin v27.3 - https:\/\/yoast.com\/product\/yoast-seo-wordpress\/ -->\n<title>Mokomojo meno kampelis ra\u0161omasis stalas su k\u0117de<\/title>\n<meta name=\"description\" content=\"Mokomojo meno kampelis ra\u0161omasis stalas su k\u0117de - KidsPlay. Did\u017eiausias vaik\u0173 \u017eaisl\u0173 pasirinkimas.\" \/>\n<meta name=\"robots\" content=\"index, follow, max-snippet:-1, max-image-preview:large, max-video-preview:-1\" \/>\n<link rel=\"canonical\" href=\"https:\/\/kidsplay.lt\/lv\/products\/mokomojo-meno-kampelis-rasomasis-stalas-su-kede\/\" \/>\n<meta property=\"og:locale\" content=\"lv_LV\" \/>\n<meta property=\"og:type\" content=\"article\" \/>\n<meta property=\"og:title\" content=\"Mokomojo meno kampelis ra\u0161omasis stalas su k\u0117de\" \/>\n<meta property=\"og:description\" content=\"Mokomojo meno kampelis ra\u0161omasis stalas su k\u0117de - KidsPlay. Did\u017eiausias vaik\u0173 \u017eaisl\u0173 pasirinkimas.\" \/>\n<meta property=\"og:url\" content=\"https:\/\/kidsplay.lt\/lv\/products\/mokomojo-meno-kampelis-rasomasis-stalas-su-kede\/\" \/>\n<meta property=\"og:site_name\" content=\"KidsPlay\" \/>\n<meta property=\"article:publisher\" content=\"https:\/\/www.facebook.com\/www.kidsplay.lt\" \/>\n<meta property=\"article:modified_time\" content=\"2026-04-07T07:36:18+00:00\" \/>\n<meta property=\"og:image\" content=\"https:\/\/kidsplay.lt\/wp-content\/uploads\/2024\/09\/Mokomojo-meno-kampelis-rasomasis-stalas-su-kede.jpg\" \/>\n\t<meta property=\"og:image:width\" content=\"906\" \/>\n\t<meta property=\"og:image:height\" content=\"800\" \/>\n\t<meta property=\"og:image:type\" content=\"image\/jpeg\" \/>\n<meta name=\"twitter:card\" content=\"summary_large_image\" \/>\n<meta name=\"twitter:label1\" content=\"Est. reading time\" \/>\n\t<meta name=\"twitter:data1\" content=\"1 min\u016bte\" \/>\n<script type=\"application\/ld+json\" class=\"yoast-schema-graph\">{\"@context\":\"https:\\\/\\\/schema.org\",\"@graph\":[{\"@type\":\"WebPage\",\"@id\":\"https:\\\/\\\/kidsplay.lt\\\/produktas\\\/mokomojo-meno-kampelis-rasomasis-stalas-su-kede\\\/\",\"url\":\"https:\\\/\\\/kidsplay.lt\\\/produktas\\\/mokomojo-meno-kampelis-rasomasis-stalas-su-kede\\\/\",\"name\":\"Mokomojo meno kampelis ra\u0161omasis stalas su k\u0117de\",\"isPartOf\":{\"@id\":\"https:\\\/\\\/kidsplay.lt\\\/#website\"},\"primaryImageOfPage\":{\"@id\":\"https:\\\/\\\/kidsplay.lt\\\/produktas\\\/mokomojo-meno-kampelis-rasomasis-stalas-su-kede\\\/#primaryimage\"},\"image\":{\"@id\":\"https:\\\/\\\/kidsplay.lt\\\/produktas\\\/mokomojo-meno-kampelis-rasomasis-stalas-su-kede\\\/#primaryimage\"},\"thumbnailUrl\":\"https:\\\/\\\/kidsplay.lt\\\/wp-content\\\/uploads\\\/2024\\\/09\\\/Mokomojo-meno-kampelis-rasomasis-stalas-su-kede.jpg\",\"datePublished\":\"2026-02-26T07:21:14+00:00\",\"dateModified\":\"2026-04-07T07:36:18+00:00\",\"description\":\"Mokomojo meno kampelis ra\u0161omasis stalas su k\u0117de - KidsPlay. Did\u017eiausias vaik\u0173 \u017eaisl\u0173 pasirinkimas.\",\"breadcrumb\":{\"@id\":\"https:\\\/\\\/kidsplay.lt\\\/produktas\\\/mokomojo-meno-kampelis-rasomasis-stalas-su-kede\\\/#breadcrumb\"},\"inLanguage\":\"lv-LV\",\"potentialAction\":[{\"@type\":\"ReadAction\",\"target\":[\"https:\\\/\\\/kidsplay.lt\\\/produktas\\\/mokomojo-meno-kampelis-rasomasis-stalas-su-kede\\\/\"]}]},{\"@type\":\"ImageObject\",\"inLanguage\":\"lv-LV\",\"@id\":\"https:\\\/\\\/kidsplay.lt\\\/produktas\\\/mokomojo-meno-kampelis-rasomasis-stalas-su-kede\\\/#primaryimage\",\"url\":\"https:\\\/\\\/kidsplay.lt\\\/wp-content\\\/uploads\\\/2024\\\/09\\\/Mokomojo-meno-kampelis-rasomasis-stalas-su-kede.jpg\",\"contentUrl\":\"https:\\\/\\\/kidsplay.lt\\\/wp-content\\\/uploads\\\/2024\\\/09\\\/Mokomojo-meno-kampelis-rasomasis-stalas-su-kede.jpg\",\"width\":906,\"height\":800,\"caption\":\"Mokomojo meno kampelis ra\u0161omasis stalas su k\u0117de\"},{\"@type\":\"BreadcrumbList\",\"@id\":\"https:\\\/\\\/kidsplay.lt\\\/produktas\\\/mokomojo-meno-kampelis-rasomasis-stalas-su-kede\\\/#breadcrumb\",\"itemListElement\":[{\"@type\":\"ListItem\",\"position\":1,\"name\":\"Pagrindinis\",\"item\":\"https:\\\/\\\/kidsplay.lt\\\/\"},{\"@type\":\"ListItem\",\"position\":2,\"name\":\"Parduotuv\u0117\",\"item\":\"https:\\\/\\\/kidsplay.lt\\\/parduotuve\\\/\"},{\"@type\":\"ListItem\",\"position\":3,\"name\":\"Mokomojo meno kampelis ra\u0161omasis stalas su k\u0117de\"}]},{\"@type\":\"WebSite\",\"@id\":\"https:\\\/\\\/kidsplay.lt\\\/#website\",\"url\":\"https:\\\/\\\/kidsplay.lt\\\/\",\"name\":\"Kidsplay.lt\",\"description\":\"\u012evairios prek\u0117s vaikams\",\"publisher\":{\"@id\":\"https:\\\/\\\/kidsplay.lt\\\/#organization\"},\"alternateName\":\"Kidsplay\",\"potentialAction\":[{\"@type\":\"SearchAction\",\"target\":{\"@type\":\"EntryPoint\",\"urlTemplate\":\"https:\\\/\\\/kidsplay.lt\\\/?s={search_term_string}\"},\"query-input\":{\"@type\":\"PropertyValueSpecification\",\"valueRequired\":true,\"valueName\":\"search_term_string\"}}],\"inLanguage\":\"lv-LV\"},{\"@type\":\"Organization\",\"@id\":\"https:\\\/\\\/kidsplay.lt\\\/#organization\",\"name\":\"KidsPlay\",\"url\":\"https:\\\/\\\/kidsplay.lt\\\/\",\"logo\":{\"@type\":\"ImageObject\",\"inLanguage\":\"lv-LV\",\"@id\":\"https:\\\/\\\/kidsplay.lt\\\/#\\\/schema\\\/logo\\\/image\\\/\",\"url\":\"https:\\\/\\\/kidsplay.lt\\\/wp-content\\\/uploads\\\/2023\\\/07\\\/kidsplay-logo.png\",\"contentUrl\":\"https:\\\/\\\/kidsplay.lt\\\/wp-content\\\/uploads\\\/2023\\\/07\\\/kidsplay-logo.png\",\"width\":451,\"height\":98,\"caption\":\"KidsPlay\"},\"image\":{\"@id\":\"https:\\\/\\\/kidsplay.lt\\\/#\\\/schema\\\/logo\\\/image\\\/\"},\"sameAs\":[\"https:\\\/\\\/www.facebook.com\\\/www.kidsplay.lt\"]}]}<\/script>\n<!-- \/ Yoast SEO plugin. -->","yoast_head_json":{"title":"Izgl\u012btojo\u0161s m\u0101kslas st\u016bra galds ar kr\u0113slu","description":"Mokomojo meno kampelis ra\u0161omasis stalas su k\u0117de - KidsPlay. Did\u017eiausias vaik\u0173 \u017eaisl\u0173 pasirinkimas.","robots":{"index":"index","follow":"follow","max-snippet":"max-snippet:-1","max-image-preview":"max-image-preview:large","max-video-preview":"max-video-preview:-1"},"canonical":"https:\/\/kidsplay.lt\/lv\/products\/mokomojo-meno-kampelis-rasomasis-stalas-su-kede\/","og_locale":"lv_LV","og_type":"article","og_title":"Mokomojo meno kampelis ra\u0161omasis stalas su k\u0117de","og_description":"Mokomojo meno kampelis ra\u0161omasis stalas su k\u0117de - KidsPlay. Did\u017eiausias vaik\u0173 \u017eaisl\u0173 pasirinkimas.","og_url":"https:\/\/kidsplay.lt\/lv\/products\/mokomojo-meno-kampelis-rasomasis-stalas-su-kede\/","og_site_name":"KidsPlay","article_publisher":"https:\/\/www.facebook.com\/www.kidsplay.lt","article_modified_time":"2026-04-07T07:36:18+00:00","og_image":[{"width":906,"height":800,"url":"https:\/\/kidsplay.lt\/wp-content\/uploads\/2024\/09\/Mokomojo-meno-kampelis-rasomasis-stalas-su-kede.jpg","type":"image\/jpeg"}],"twitter_card":"summary_large_image","twitter_misc":{"Est. reading time":"1 min\u016bte"},"schema":{"@context":"https:\/\/schema.org","@graph":[{"@type":"WebPage","@id":"https:\/\/kidsplay.lt\/produktas\/mokomojo-meno-kampelis-rasomasis-stalas-su-kede\/","url":"https:\/\/kidsplay.lt\/produktas\/mokomojo-meno-kampelis-rasomasis-stalas-su-kede\/","name":"Izgl\u012btojo\u0161s m\u0101kslas st\u016bra galds ar kr\u0113slu","isPartOf":{"@id":"https:\/\/kidsplay.lt\/#website"},"primaryImageOfPage":{"@id":"https:\/\/kidsplay.lt\/produktas\/mokomojo-meno-kampelis-rasomasis-stalas-su-kede\/#primaryimage"},"image":{"@id":"https:\/\/kidsplay.lt\/produktas\/mokomojo-meno-kampelis-rasomasis-stalas-su-kede\/#primaryimage"},"thumbnailUrl":"https:\/\/kidsplay.lt\/wp-content\/uploads\/2024\/09\/Mokomojo-meno-kampelis-rasomasis-stalas-su-kede.jpg","datePublished":"2026-02-26T07:21:14+00:00","dateModified":"2026-04-07T07:36:18+00:00","description":"Mokomojo meno kampelis ra\u0161omasis stalas su k\u0117de - KidsPlay. Did\u017eiausias vaik\u0173 \u017eaisl\u0173 pasirinkimas.","breadcrumb":{"@id":"https:\/\/kidsplay.lt\/produktas\/mokomojo-meno-kampelis-rasomasis-stalas-su-kede\/#breadcrumb"},"inLanguage":"lv-LV","potentialAction":[{"@type":"ReadAction","target":["https:\/\/kidsplay.lt\/produktas\/mokomojo-meno-kampelis-rasomasis-stalas-su-kede\/"]}]},{"@type":"ImageObject","inLanguage":"lv-LV","@id":"https:\/\/kidsplay.lt\/produktas\/mokomojo-meno-kampelis-rasomasis-stalas-su-kede\/#primaryimage","url":"https:\/\/kidsplay.lt\/wp-content\/uploads\/2024\/09\/Mokomojo-meno-kampelis-rasomasis-stalas-su-kede.jpg","contentUrl":"https:\/\/kidsplay.lt\/wp-content\/uploads\/2024\/09\/Mokomojo-meno-kampelis-rasomasis-stalas-su-kede.jpg","width":906,"height":800,"caption":"Mokomojo meno kampelis ra\u0161omasis stalas su k\u0117de"},{"@type":"BreadcrumbList","@id":"https:\/\/kidsplay.lt\/produktas\/mokomojo-meno-kampelis-rasomasis-stalas-su-kede\/#breadcrumb","itemListElement":[{"@type":"ListItem","position":1,"name":"Pagrindinis","item":"https:\/\/kidsplay.lt\/"},{"@type":"ListItem","position":2,"name":"Parduotuv\u0117","item":"https:\/\/kidsplay.lt\/parduotuve\/"},{"@type":"ListItem","position":3,"name":"Mokomojo meno kampelis ra\u0161omasis stalas su k\u0117de"}]},{"@type":"WebSite","@id":"https:\/\/kidsplay.lt\/#website","url":"https:\/\/kidsplay.lt\/","name":"B\u0113rnu sp\u0113les.lv","description":"\u012evairios prek\u0117s vaikams","publisher":{"@id":"https:\/\/kidsplay.lt\/#organization"},"alternateName":"Kidsplay","potentialAction":[{"@type":"SearchAction","target":{"@type":"EntryPoint","urlTemplate":"https:\/\/kidsplay.lt\/?s={search_term_string}"},"query-input":{"@type":"PropertyValueSpecification","valueRequired":true,"valueName":"search_term_string"}}],"inLanguage":"lv-LV"},{"@type":"Organization","@id":"https:\/\/kidsplay.lt\/#organization","name":"B\u0113rnu sp\u0113le","url":"https:\/\/kidsplay.lt\/","logo":{"@type":"ImageObject","inLanguage":"lv-LV","@id":"https:\/\/kidsplay.lt\/#\/schema\/logo\/image\/","url":"https:\/\/kidsplay.lt\/wp-content\/uploads\/2023\/07\/kidsplay-logo.png","contentUrl":"https:\/\/kidsplay.lt\/wp-content\/uploads\/2023\/07\/kidsplay-logo.png","width":451,"height":98,"caption":"KidsPlay"},"image":{"@id":"https:\/\/kidsplay.lt\/#\/schema\/logo\/image\/"},"sameAs":["https:\/\/www.facebook.com\/www.kidsplay.lt"]}]}},"_links":{"self":[{"href":"https:\/\/kidsplay.lt\/lv\/wp-json\/wp\/v2\/product\/89447","targetHints":{"allow":["GET"]}}],"collection":[{"href":"https:\/\/kidsplay.lt\/lv\/wp-json\/wp\/v2\/product"}],"about":[{"href":"https:\/\/kidsplay.lt\/lv\/wp-json\/wp\/v2\/types\/product"}],"version-history":[{"count":1,"href":"https:\/\/kidsplay.lt\/lv\/wp-json\/wp\/v2\/product\/89447\/revisions"}],"predecessor-version":[{"id":89448,"href":"https:\/\/kidsplay.lt\/lv\/wp-json\/wp\/v2\/product\/89447\/revisions\/89448"}],"wp:featuredmedia":[{"embeddable":true,"href":"https:\/\/kidsplay.lt\/lv\/wp-json\/wp\/v2\/media\/55328"}],"wp:attachment":[{"href":"https:\/\/kidsplay.lt\/lv\/wp-json\/wp\/v2\/media?parent=89447"}],"wp:term":[{"taxonomy":"product_brand","embeddable":true,"href":"https:\/\/kidsplay.lt\/lv\/wp-json\/wp\/v2\/product_brand?post=89447"},{"taxonomy":"product_cat","embeddable":true,"href":"https:\/\/kidsplay.lt\/lv\/wp-json\/wp\/v2\/product_cat?post=89447"},{"taxonomy":"product_tag","embeddable":true,"href":"https:\/\/kidsplay.lt\/lv\/wp-json\/wp\/v2\/product_tag?post=89447"}],"curies":[{"name":"wp","href":"https:\/\/api.w.org\/{rel}","templated":true}]}}