{"id":89451,"date":"2026-02-26T09:21:19","date_gmt":"2026-02-26T07:21:19","guid":{"rendered":"https:\/\/kidsplay.lt\/produktas\/masterkidz-spalvingi-dideli-kaisciai-stem-lentai-128-vnt-8-spalvos\/"},"modified":"2026-04-07T10:36:26","modified_gmt":"2026-04-07T07:36:26","slug":"masterkidz-spalvingi-dideli-kaisciai-stem-lentai-128-vnt-8-spalvos","status":"publish","type":"product","link":"https:\/\/kidsplay.lt\/lv\/products\/masterkidz-spalvingi-dideli-kaisciai-stem-lentai-128-vnt-8-spalvos\/","title":{"rendered":"MASTERKIDZ spalvingi dideli kai\u0161\u010diai STEM lentai, 128 vnt. &#8211; 8 spalvos"},"content":{"rendered":"<p>\u201eMasterkidz\u201c spalvingi dideli kai\u0161\u010diai \u2013 tai dideli\u0173, tvirt\u0173 detali\u0173 rinkinys k\u016brybi\u0161kam \u017eaidimui ir mokymuisi! Su jais kiekvienas vaikas gali kurti savo paveiksl\u0117lius, gyv\u016bnus, transporto priemones ir fantasti\u0161kus ra\u0161tus, lavinant savo k\u016brybi\u0161kum\u0105 ir vaizduot\u0119. Juos lengva suimti, jie ry\u0161kiaspalviai ir visi\u0161kai saug\u016bs vaikams. Tai puikus pasirinkimas ikimokyklinukams, mokyklai ir namams \u2013 visiems, norintiems lavinti vaizduot\u0119 ir rankinius \u012fg\u016bd\u017eius per k\u016brybin\u012f \u017eaidim\u0105.<\/p>\n<p>Rakstur\u012bgs:<\/p>\n<p> \t&#8211; Rinkin\u012f sudaro\u00a0128\u00a0dideli plastikiniai kai\u0161\u010diai\u00a08\u00a0ry\u0161ki\u0173 spalv\u0173,\u00a0po 16\u00a0kiekvienos spalvos<br \/>\n \t&#8211; Ergonomi\u0161ka forma \u2013 lengvai suimama net ir ma\u017eomis rankyt\u0117mis<br \/>\n \t&#8211; Pagaminta i\u0161 patvarios, saugios med\u017eiagos, atsparios pa\u017eeidimams.<br \/>\n \t&#8211; Sukurta lengvam surinkimui ir i\u0161ardymui ant STEM plok\u0161\u010di\u0173<\/p>\n<p>Rota\u013clieta att\u012bst\u0101s:<\/p>\n<p> \t&#8211; K\u016brybi\u0161kumas<br \/>\n \t&#8211; Vaizduot\u0117<br \/>\n \t&#8211; Motoriniai \u012fg\u016bd\u017eiai<br \/>\n \t&#8211; Socialiniai \u012fg\u016bd\u017eiai<\/p>\n<p>Komplektas suderinamas su:<\/p>\n<p> \t&#8211; STEM seminarai\u00a0\u00a0ME29584\u00a0ME29591<br \/>\n \t&#8211; STEM sienin\u0117s lentos\u00a0\u00a0ME12838\u00a0\u00a0ME10971\u00a0\u00a0ME11343\u00a0\u00a0ME15358\u00a0\u00a0ME15372\u00a0ME15389\u00a0\u00a0ME15365\u00a0\u00a0ME25111\u00a0ME25166<br \/>\n \t&#8211; Atskirai stovin\u010dios STEM lentos\u00a0\u00a0ME29348\u00a0\u00a0ME09548\u00a0\u00a0ME09531\u00a0ME2932<br \/>\n \t&#8211; STEM sienos\u00a0ME30849<br \/>\n \t&#8211; Paruo\u0161ti STEM rinkiniai\u00a0\u00a0MK0005\u00a0\u00a0MK0006\u00a0\u00a0MK0008\u00a0\u00a0MK0009\u00a0\u00a0MK0010\u00a0\u00a0ME20925\u00a0\u00a0ME25319-1\u00a0ME25319-2<\/p>","protected":false},"excerpt":{"rendered":"<p>\u201eMasterkidz\u201c spalvingi dideli kai\u0161\u010diai \u2013 tai dideli\u0173, tvirt\u0173 detali\u0173 rinkinys k\u016brybi\u0161kam \u017eaidimui ir mokymuisi! Su jais kiekvienas vaikas gali kurti<\/p>","protected":false},"featured_media":62537,"template":"","meta":{"_acf_changed":false,"_glsr_average":0,"_glsr_ranking":0,"_glsr_reviews":0},"product_brand":[],"product_cat":[673,229],"product_tag":[],"class_list":{"0":"post-89451","1":"product","2":"type-product","3":"status-publish","4":"has-post-thumbnail","6":"product_cat-ugdomosios-priemones","7":"product_cat-zaislai-vaikams","8":"\"style=\"background-color: #2ecc711c;\"","10":"first","11":"instock","12":"purchasable","13":"product-type-simple"},"acf":[],"yoast_head":"<!-- This site is optimized with the Yoast SEO plugin v27.3 - https:\/\/yoast.com\/product\/yoast-seo-wordpress\/ -->\n<title>MASTERKIDZ spalvingi dideli kai\u0161\u010diai STEM lentai, 128 vnt. &#8211; 8 spalvos<\/title>\n<meta name=\"description\" content=\"MASTERKIDZ spalvingi dideli kai\u0161\u010diai STEM lentai, 128 vnt. &#8211; 8 spalvos - KidsPlay. Did\u017eiausias vaik\u0173 \u017eaisl\u0173 pasirinkimas.\" \/>\n<meta name=\"robots\" content=\"index, follow, max-snippet:-1, max-image-preview:large, max-video-preview:-1\" \/>\n<link rel=\"canonical\" href=\"https:\/\/kidsplay.lt\/lv\/products\/masterkidz-spalvingi-dideli-kaisciai-stem-lentai-128-vnt-8-spalvos\/\" \/>\n<meta property=\"og:locale\" content=\"lv_LV\" \/>\n<meta property=\"og:type\" content=\"article\" \/>\n<meta property=\"og:title\" content=\"MASTERKIDZ spalvingi dideli kai\u0161\u010diai STEM lentai, 128 vnt. &#8211; 8 spalvos\" \/>\n<meta property=\"og:description\" content=\"MASTERKIDZ spalvingi dideli kai\u0161\u010diai STEM lentai, 128 vnt. &#8211; 8 spalvos - KidsPlay. Did\u017eiausias vaik\u0173 \u017eaisl\u0173 pasirinkimas.\" \/>\n<meta property=\"og:url\" content=\"https:\/\/kidsplay.lt\/lv\/products\/masterkidz-spalvingi-dideli-kaisciai-stem-lentai-128-vnt-8-spalvos\/\" \/>\n<meta property=\"og:site_name\" content=\"KidsPlay\" \/>\n<meta property=\"article:publisher\" content=\"https:\/\/www.facebook.com\/www.kidsplay.lt\" \/>\n<meta property=\"article:modified_time\" content=\"2026-04-07T07:36:26+00:00\" \/>\n<meta property=\"og:image\" content=\"https:\/\/kidsplay.lt\/wp-content\/uploads\/2025\/09\/MASTERKIDZ-spalvingi-dideli-kaisciai-STEM-lentai-128-vnt.-8211-8-spalvos.jpg\" \/>\n\t<meta property=\"og:image:width\" content=\"800\" \/>\n\t<meta property=\"og:image:height\" content=\"800\" \/>\n\t<meta property=\"og:image:type\" content=\"image\/jpeg\" \/>\n<meta name=\"twitter:card\" content=\"summary_large_image\" \/>\n<meta name=\"twitter:label1\" content=\"Est. reading time\" \/>\n\t<meta name=\"twitter:data1\" content=\"1 min\u016bte\" \/>\n<script type=\"application\/ld+json\" class=\"yoast-schema-graph\">{\"@context\":\"https:\\\/\\\/schema.org\",\"@graph\":[{\"@type\":\"WebPage\",\"@id\":\"https:\\\/\\\/kidsplay.lt\\\/produktas\\\/masterkidz-spalvingi-dideli-kaisciai-stem-lentai-128-vnt-8-spalvos\\\/\",\"url\":\"https:\\\/\\\/kidsplay.lt\\\/produktas\\\/masterkidz-spalvingi-dideli-kaisciai-stem-lentai-128-vnt-8-spalvos\\\/\",\"name\":\"MASTERKIDZ spalvingi dideli kai\u0161\u010diai STEM lentai, 128 vnt. &#8211; 8 spalvos\",\"isPartOf\":{\"@id\":\"https:\\\/\\\/kidsplay.lt\\\/#website\"},\"primaryImageOfPage\":{\"@id\":\"https:\\\/\\\/kidsplay.lt\\\/produktas\\\/masterkidz-spalvingi-dideli-kaisciai-stem-lentai-128-vnt-8-spalvos\\\/#primaryimage\"},\"image\":{\"@id\":\"https:\\\/\\\/kidsplay.lt\\\/produktas\\\/masterkidz-spalvingi-dideli-kaisciai-stem-lentai-128-vnt-8-spalvos\\\/#primaryimage\"},\"thumbnailUrl\":\"https:\\\/\\\/kidsplay.lt\\\/wp-content\\\/uploads\\\/2025\\\/09\\\/MASTERKIDZ-spalvingi-dideli-kaisciai-STEM-lentai-128-vnt.-8211-8-spalvos.jpg\",\"datePublished\":\"2026-02-26T07:21:19+00:00\",\"dateModified\":\"2026-04-07T07:36:26+00:00\",\"description\":\"MASTERKIDZ spalvingi dideli kai\u0161\u010diai STEM lentai, 128 vnt. &#8211; 8 spalvos - KidsPlay. Did\u017eiausias vaik\u0173 \u017eaisl\u0173 pasirinkimas.\",\"breadcrumb\":{\"@id\":\"https:\\\/\\\/kidsplay.lt\\\/produktas\\\/masterkidz-spalvingi-dideli-kaisciai-stem-lentai-128-vnt-8-spalvos\\\/#breadcrumb\"},\"inLanguage\":\"lv-LV\",\"potentialAction\":[{\"@type\":\"ReadAction\",\"target\":[\"https:\\\/\\\/kidsplay.lt\\\/produktas\\\/masterkidz-spalvingi-dideli-kaisciai-stem-lentai-128-vnt-8-spalvos\\\/\"]}]},{\"@type\":\"ImageObject\",\"inLanguage\":\"lv-LV\",\"@id\":\"https:\\\/\\\/kidsplay.lt\\\/produktas\\\/masterkidz-spalvingi-dideli-kaisciai-stem-lentai-128-vnt-8-spalvos\\\/#primaryimage\",\"url\":\"https:\\\/\\\/kidsplay.lt\\\/wp-content\\\/uploads\\\/2025\\\/09\\\/MASTERKIDZ-spalvingi-dideli-kaisciai-STEM-lentai-128-vnt.-8211-8-spalvos.jpg\",\"contentUrl\":\"https:\\\/\\\/kidsplay.lt\\\/wp-content\\\/uploads\\\/2025\\\/09\\\/MASTERKIDZ-spalvingi-dideli-kaisciai-STEM-lentai-128-vnt.-8211-8-spalvos.jpg\",\"width\":2560,\"height\":2560,\"caption\":\"MASTERKIDZ spalvingi dideli kai\u0161\u010diai STEM lentai\"},{\"@type\":\"BreadcrumbList\",\"@id\":\"https:\\\/\\\/kidsplay.lt\\\/produktas\\\/masterkidz-spalvingi-dideli-kaisciai-stem-lentai-128-vnt-8-spalvos\\\/#breadcrumb\",\"itemListElement\":[{\"@type\":\"ListItem\",\"position\":1,\"name\":\"Pagrindinis\",\"item\":\"https:\\\/\\\/kidsplay.lt\\\/\"},{\"@type\":\"ListItem\",\"position\":2,\"name\":\"Parduotuv\u0117\",\"item\":\"https:\\\/\\\/kidsplay.lt\\\/parduotuve\\\/\"},{\"@type\":\"ListItem\",\"position\":3,\"name\":\"MASTERKIDZ spalvingi dideli kai\u0161\u010diai STEM lentai, 128 vnt. &#8211; 8 spalvos\"}]},{\"@type\":\"WebSite\",\"@id\":\"https:\\\/\\\/kidsplay.lt\\\/#website\",\"url\":\"https:\\\/\\\/kidsplay.lt\\\/\",\"name\":\"Kidsplay.lt\",\"description\":\"\u012evairios prek\u0117s vaikams\",\"publisher\":{\"@id\":\"https:\\\/\\\/kidsplay.lt\\\/#organization\"},\"alternateName\":\"Kidsplay\",\"potentialAction\":[{\"@type\":\"SearchAction\",\"target\":{\"@type\":\"EntryPoint\",\"urlTemplate\":\"https:\\\/\\\/kidsplay.lt\\\/?s={search_term_string}\"},\"query-input\":{\"@type\":\"PropertyValueSpecification\",\"valueRequired\":true,\"valueName\":\"search_term_string\"}}],\"inLanguage\":\"lv-LV\"},{\"@type\":\"Organization\",\"@id\":\"https:\\\/\\\/kidsplay.lt\\\/#organization\",\"name\":\"KidsPlay\",\"url\":\"https:\\\/\\\/kidsplay.lt\\\/\",\"logo\":{\"@type\":\"ImageObject\",\"inLanguage\":\"lv-LV\",\"@id\":\"https:\\\/\\\/kidsplay.lt\\\/#\\\/schema\\\/logo\\\/image\\\/\",\"url\":\"https:\\\/\\\/kidsplay.lt\\\/wp-content\\\/uploads\\\/2023\\\/07\\\/kidsplay-logo.png\",\"contentUrl\":\"https:\\\/\\\/kidsplay.lt\\\/wp-content\\\/uploads\\\/2023\\\/07\\\/kidsplay-logo.png\",\"width\":451,\"height\":98,\"caption\":\"KidsPlay\"},\"image\":{\"@id\":\"https:\\\/\\\/kidsplay.lt\\\/#\\\/schema\\\/logo\\\/image\\\/\"},\"sameAs\":[\"https:\\\/\\\/www.facebook.com\\\/www.kidsplay.lt\"]}]}<\/script>\n<!-- \/ Yoast SEO plugin. -->","yoast_head_json":{"title":"MASTERKIDZ spalvingi dideli kai\u0161\u010diai STEM lentai, 128 vnt. &#8211; 8 spalvos","description":"MASTERKIDZ spalvingi dideli kai\u0161\u010diai STEM lentai, 128 vnt. &#8211; 8 spalvos - KidsPlay. Did\u017eiausias vaik\u0173 \u017eaisl\u0173 pasirinkimas.","robots":{"index":"index","follow":"follow","max-snippet":"max-snippet:-1","max-image-preview":"max-image-preview:large","max-video-preview":"max-video-preview:-1"},"canonical":"https:\/\/kidsplay.lt\/lv\/products\/masterkidz-spalvingi-dideli-kaisciai-stem-lentai-128-vnt-8-spalvos\/","og_locale":"lv_LV","og_type":"article","og_title":"MASTERKIDZ spalvingi dideli kai\u0161\u010diai STEM lentai, 128 vnt. &#8211; 8 spalvos","og_description":"MASTERKIDZ spalvingi dideli kai\u0161\u010diai STEM lentai, 128 vnt. &#8211; 8 spalvos - KidsPlay. Did\u017eiausias vaik\u0173 \u017eaisl\u0173 pasirinkimas.","og_url":"https:\/\/kidsplay.lt\/lv\/products\/masterkidz-spalvingi-dideli-kaisciai-stem-lentai-128-vnt-8-spalvos\/","og_site_name":"KidsPlay","article_publisher":"https:\/\/www.facebook.com\/www.kidsplay.lt","article_modified_time":"2026-04-07T07:36:26+00:00","og_image":[{"url":"https:\/\/kidsplay.lt\/wp-content\/uploads\/2025\/09\/MASTERKIDZ-spalvingi-dideli-kaisciai-STEM-lentai-128-vnt.-8211-8-spalvos.jpg","width":800,"height":800,"type":"image\/jpeg"}],"twitter_card":"summary_large_image","twitter_misc":{"Est. reading time":"1 min\u016bte"},"schema":{"@context":"https:\/\/schema.org","@graph":[{"@type":"WebPage","@id":"https:\/\/kidsplay.lt\/produktas\/masterkidz-spalvingi-dideli-kaisciai-stem-lentai-128-vnt-8-spalvos\/","url":"https:\/\/kidsplay.lt\/produktas\/masterkidz-spalvingi-dideli-kaisciai-stem-lentai-128-vnt-8-spalvos\/","name":"MASTERKIDZ spalvingi dideli kai\u0161\u010diai STEM lentai, 128 vnt. &#8211; 8 spalvos","isPartOf":{"@id":"https:\/\/kidsplay.lt\/#website"},"primaryImageOfPage":{"@id":"https:\/\/kidsplay.lt\/produktas\/masterkidz-spalvingi-dideli-kaisciai-stem-lentai-128-vnt-8-spalvos\/#primaryimage"},"image":{"@id":"https:\/\/kidsplay.lt\/produktas\/masterkidz-spalvingi-dideli-kaisciai-stem-lentai-128-vnt-8-spalvos\/#primaryimage"},"thumbnailUrl":"https:\/\/kidsplay.lt\/wp-content\/uploads\/2025\/09\/MASTERKIDZ-spalvingi-dideli-kaisciai-STEM-lentai-128-vnt.-8211-8-spalvos.jpg","datePublished":"2026-02-26T07:21:19+00:00","dateModified":"2026-04-07T07:36:26+00:00","description":"MASTERKIDZ spalvingi dideli kai\u0161\u010diai STEM lentai, 128 vnt. &#8211; 8 spalvos - KidsPlay. Did\u017eiausias vaik\u0173 \u017eaisl\u0173 pasirinkimas.","breadcrumb":{"@id":"https:\/\/kidsplay.lt\/produktas\/masterkidz-spalvingi-dideli-kaisciai-stem-lentai-128-vnt-8-spalvos\/#breadcrumb"},"inLanguage":"lv-LV","potentialAction":[{"@type":"ReadAction","target":["https:\/\/kidsplay.lt\/produktas\/masterkidz-spalvingi-dideli-kaisciai-stem-lentai-128-vnt-8-spalvos\/"]}]},{"@type":"ImageObject","inLanguage":"lv-LV","@id":"https:\/\/kidsplay.lt\/produktas\/masterkidz-spalvingi-dideli-kaisciai-stem-lentai-128-vnt-8-spalvos\/#primaryimage","url":"https:\/\/kidsplay.lt\/wp-content\/uploads\/2025\/09\/MASTERKIDZ-spalvingi-dideli-kaisciai-STEM-lentai-128-vnt.-8211-8-spalvos.jpg","contentUrl":"https:\/\/kidsplay.lt\/wp-content\/uploads\/2025\/09\/MASTERKIDZ-spalvingi-dideli-kaisciai-STEM-lentai-128-vnt.-8211-8-spalvos.jpg","width":2560,"height":2560,"caption":"MASTERKIDZ spalvingi dideli kai\u0161\u010diai STEM lentai"},{"@type":"BreadcrumbList","@id":"https:\/\/kidsplay.lt\/produktas\/masterkidz-spalvingi-dideli-kaisciai-stem-lentai-128-vnt-8-spalvos\/#breadcrumb","itemListElement":[{"@type":"ListItem","position":1,"name":"Pagrindinis","item":"https:\/\/kidsplay.lt\/"},{"@type":"ListItem","position":2,"name":"Parduotuv\u0117","item":"https:\/\/kidsplay.lt\/parduotuve\/"},{"@type":"ListItem","position":3,"name":"MASTERKIDZ spalvingi dideli kai\u0161\u010diai STEM lentai, 128 vnt. &#8211; 8 spalvos"}]},{"@type":"WebSite","@id":"https:\/\/kidsplay.lt\/#website","url":"https:\/\/kidsplay.lt\/","name":"B\u0113rnu sp\u0113les.lv","description":"\u012evairios prek\u0117s vaikams","publisher":{"@id":"https:\/\/kidsplay.lt\/#organization"},"alternateName":"Kidsplay","potentialAction":[{"@type":"SearchAction","target":{"@type":"EntryPoint","urlTemplate":"https:\/\/kidsplay.lt\/?s={search_term_string}"},"query-input":{"@type":"PropertyValueSpecification","valueRequired":true,"valueName":"search_term_string"}}],"inLanguage":"lv-LV"},{"@type":"Organization","@id":"https:\/\/kidsplay.lt\/#organization","name":"B\u0113rnu sp\u0113le","url":"https:\/\/kidsplay.lt\/","logo":{"@type":"ImageObject","inLanguage":"lv-LV","@id":"https:\/\/kidsplay.lt\/#\/schema\/logo\/image\/","url":"https:\/\/kidsplay.lt\/wp-content\/uploads\/2023\/07\/kidsplay-logo.png","contentUrl":"https:\/\/kidsplay.lt\/wp-content\/uploads\/2023\/07\/kidsplay-logo.png","width":451,"height":98,"caption":"KidsPlay"},"image":{"@id":"https:\/\/kidsplay.lt\/#\/schema\/logo\/image\/"},"sameAs":["https:\/\/www.facebook.com\/www.kidsplay.lt"]}]}},"_links":{"self":[{"href":"https:\/\/kidsplay.lt\/lv\/wp-json\/wp\/v2\/product\/89451","targetHints":{"allow":["GET"]}}],"collection":[{"href":"https:\/\/kidsplay.lt\/lv\/wp-json\/wp\/v2\/product"}],"about":[{"href":"https:\/\/kidsplay.lt\/lv\/wp-json\/wp\/v2\/types\/product"}],"version-history":[{"count":1,"href":"https:\/\/kidsplay.lt\/lv\/wp-json\/wp\/v2\/product\/89451\/revisions"}],"predecessor-version":[{"id":89452,"href":"https:\/\/kidsplay.lt\/lv\/wp-json\/wp\/v2\/product\/89451\/revisions\/89452"}],"wp:featuredmedia":[{"embeddable":true,"href":"https:\/\/kidsplay.lt\/lv\/wp-json\/wp\/v2\/media\/62537"}],"wp:attachment":[{"href":"https:\/\/kidsplay.lt\/lv\/wp-json\/wp\/v2\/media?parent=89451"}],"wp:term":[{"taxonomy":"product_brand","embeddable":true,"href":"https:\/\/kidsplay.lt\/lv\/wp-json\/wp\/v2\/product_brand?post=89451"},{"taxonomy":"product_cat","embeddable":true,"href":"https:\/\/kidsplay.lt\/lv\/wp-json\/wp\/v2\/product_cat?post=89451"},{"taxonomy":"product_tag","embeddable":true,"href":"https:\/\/kidsplay.lt\/lv\/wp-json\/wp\/v2\/product_tag?post=89451"}],"curies":[{"name":"wp","href":"https:\/\/api.w.org\/{rel}","templated":true}]}}