{"id":89459,"date":"2026-02-26T09:21:31","date_gmt":"2026-02-26T07:21:31","guid":{"rendered":"https:\/\/kidsplay.lt\/produktas\/elektrinis-mini-tetris-kisenei\/"},"modified":"2026-03-15T08:21:07","modified_gmt":"2026-03-15T06:21:07","slug":"elektrinis-mini-tetris-kisenei","status":"publish","type":"product","link":"https:\/\/kidsplay.lt\/lv\/products\/elektrinis-mini-tetris-kisenei\/","title":{"rendered":"Elektrisks mini tetris j\u016bsu kabatai"},"content":{"rendered":"<p>Przenie\u015b si\u0119 do czas\u00f3w klasycznych gier wideo z kieszonkow\u0105 wersj\u0105 kultowej gry Tetris od marki Woopie! Ta niewielka, ale niezwykle wci\u0105gaj\u0105ca gra zapewni ci godziny rozrywki, gdziekolwiek si\u0119 znajdziesz. Czy stoisz w d\u0142ugiej kolejce, jedziesz komunikacj\u0105 miejsk\u0105, czy po prostu szukasz sposobu na chwil\u0119 relaksu, kieszonkowa gra zr\u0119czno\u015bciowa b\u0119dzie doskona\u0142ym towarzyszem. Dzi\u0119ki swoim kompaktowym rozmiarom, ta wersja gry jest idealna do zabrania ze sob\u0105 wsz\u0119dzie \u2013 zmie\u015bci si\u0119 w kieszeni, plecaku czy torebce, a ka\u017cda wolna chwila mo\u017ce zamieni\u0107 si\u0119 w ekscytuj\u0105c\u0105 rozgrywk\u0119. Teraz mo\u017cesz mie\u0107 jej klasyczn\u0105 wersj\u0119 zawsze pod r\u0119k\u0105! To idealny wyb\u00f3r na prezent, kt\u00f3ry ucieszy zar\u00f3wno m\u0142odszych, jak i starszych graczy, przypominaj\u0105c im o magii dawnych gier wideo.<br \/>\nCharakterystyka:<\/p>\n<p>Zabawka od 6 roku \u017cycia<br \/>\nKieszonkowy rozmiar<br \/>\nKieszonkowa gra od Woopie to nie tylko \u015bwietna zabawa, ale tak\u017ce doskona\u0142y spos\u00f3b na \u0107wiczenie refleksu i umiej\u0119tno\u015bci logicznego my\u015blenia.<br \/>\nZabawka oferuje wszystkie znane i lubiane elementy gry, kt\u00f3re z pewno\u015bci\u0105 przywo\u0142aj\u0105 nostalgiczne wspomnienia.<br \/>\nGra sprawdzi si\u0119 doskonale w podr\u00f3\u017cy, podczas przerw w pracy czy szkole, a tak\u017ce jako spos\u00f3b na relaks w domu.<br \/>\nProsty interfejs i klasyczne przyciski pozwalaj\u0105 na \u0142atwe sterowanie gr\u0105, nawet dla najm\u0142odszych graczy.<br \/>\nZnakomity prezent &#8211; Zabawka jest zapakowana w estetyczne opakowanie, kt\u00f3re idealnie nadaje si\u0119 na prezent dla mi\u0142o\u015bnik\u00f3w retro gier.<\/p>","protected":false},"excerpt":{"rendered":"<p>Przenie\u015b si\u0119 do czas\u00f3w klasycznych gier wideo z kieszonkow\u0105 wersj\u0105 kultowej gry Tetris od marki Woopie! Ta niewielka, ale niezwykle<\/p>","protected":false},"featured_media":54521,"template":"","meta":{"_acf_changed":false,"_glsr_average":0,"_glsr_ranking":0,"_glsr_reviews":0},"product_brand":[],"product_cat":[445,229],"product_tag":[],"class_list":{"0":"post-89459","1":"product","2":"type-product","3":"status-publish","4":"has-post-thumbnail","6":"product_cat-stalo-zaidimai","7":"product_cat-zaislai-vaikams","8":"\"style=\"background-color: #2ecc711c;\"","10":"first","11":"outofstock","12":"purchasable","13":"product-type-simple"},"acf":[],"yoast_head":"<!-- This site is optimized with the Yoast SEO plugin v27.4 - https:\/\/yoast.com\/product\/yoast-seo-wordpress\/ -->\n<title>Elektrinis mini tetris ki\u0161enei<\/title>\n<meta name=\"description\" content=\"Elektrinis mini tetris ki\u0161enei - KidsPlay. Did\u017eiausias vaik\u0173 \u017eaisl\u0173 pasirinkimas.\" \/>\n<meta name=\"robots\" content=\"index, follow, max-snippet:-1, max-image-preview:large, max-video-preview:-1\" \/>\n<link rel=\"canonical\" href=\"https:\/\/kidsplay.lt\/lv\/products\/elektrinis-mini-tetris-kisenei\/\" \/>\n<meta property=\"og:locale\" content=\"lv_LV\" \/>\n<meta property=\"og:type\" content=\"article\" \/>\n<meta property=\"og:title\" content=\"Elektrinis mini tetris ki\u0161enei\" \/>\n<meta property=\"og:description\" content=\"Elektrinis mini tetris ki\u0161enei - KidsPlay. Did\u017eiausias vaik\u0173 \u017eaisl\u0173 pasirinkimas.\" \/>\n<meta property=\"og:url\" content=\"https:\/\/kidsplay.lt\/lv\/products\/elektrinis-mini-tetris-kisenei\/\" \/>\n<meta property=\"og:site_name\" content=\"KidsPlay\" \/>\n<meta property=\"article:publisher\" content=\"https:\/\/www.facebook.com\/www.kidsplay.lt\" \/>\n<meta property=\"article:modified_time\" content=\"2026-03-15T06:21:07+00:00\" \/>\n<meta property=\"og:image\" content=\"https:\/\/kidsplay.lt\/wp-content\/uploads\/2024\/09\/Elektrinis-mini-tetris-kisenei.jpg\" \/>\n\t<meta property=\"og:image:width\" content=\"2560\" \/>\n\t<meta property=\"og:image:height\" content=\"2560\" \/>\n\t<meta property=\"og:image:type\" content=\"image\/jpeg\" \/>\n<meta name=\"twitter:card\" content=\"summary_large_image\" \/>\n<meta name=\"twitter:label1\" content=\"Est. reading time\" \/>\n\t<meta name=\"twitter:data1\" content=\"1 min\u016bte\" \/>\n<script type=\"application\/ld+json\" class=\"yoast-schema-graph\">{\"@context\":\"https:\\\/\\\/schema.org\",\"@graph\":[{\"@type\":\"WebPage\",\"@id\":\"https:\\\/\\\/kidsplay.lt\\\/produktas\\\/elektrinis-mini-tetris-kisenei\\\/\",\"url\":\"https:\\\/\\\/kidsplay.lt\\\/produktas\\\/elektrinis-mini-tetris-kisenei\\\/\",\"name\":\"Elektrinis mini tetris ki\u0161enei\",\"isPartOf\":{\"@id\":\"https:\\\/\\\/kidsplay.lt\\\/#website\"},\"primaryImageOfPage\":{\"@id\":\"https:\\\/\\\/kidsplay.lt\\\/produktas\\\/elektrinis-mini-tetris-kisenei\\\/#primaryimage\"},\"image\":{\"@id\":\"https:\\\/\\\/kidsplay.lt\\\/produktas\\\/elektrinis-mini-tetris-kisenei\\\/#primaryimage\"},\"thumbnailUrl\":\"https:\\\/\\\/kidsplay.lt\\\/wp-content\\\/uploads\\\/2024\\\/09\\\/Elektrinis-mini-tetris-kisenei.jpg\",\"datePublished\":\"2026-02-26T07:21:31+00:00\",\"dateModified\":\"2026-03-15T06:21:07+00:00\",\"description\":\"Elektrinis mini tetris ki\u0161enei - KidsPlay. Did\u017eiausias vaik\u0173 \u017eaisl\u0173 pasirinkimas.\",\"breadcrumb\":{\"@id\":\"https:\\\/\\\/kidsplay.lt\\\/produktas\\\/elektrinis-mini-tetris-kisenei\\\/#breadcrumb\"},\"inLanguage\":\"lv-LV\",\"potentialAction\":[{\"@type\":\"ReadAction\",\"target\":[\"https:\\\/\\\/kidsplay.lt\\\/produktas\\\/elektrinis-mini-tetris-kisenei\\\/\"]}]},{\"@type\":\"ImageObject\",\"inLanguage\":\"lv-LV\",\"@id\":\"https:\\\/\\\/kidsplay.lt\\\/produktas\\\/elektrinis-mini-tetris-kisenei\\\/#primaryimage\",\"url\":\"https:\\\/\\\/kidsplay.lt\\\/wp-content\\\/uploads\\\/2024\\\/09\\\/Elektrinis-mini-tetris-kisenei.jpg\",\"contentUrl\":\"https:\\\/\\\/kidsplay.lt\\\/wp-content\\\/uploads\\\/2024\\\/09\\\/Elektrinis-mini-tetris-kisenei.jpg\",\"width\":2560,\"height\":2560,\"caption\":\"Elektrinis mini tetris ki\u0161enei\"},{\"@type\":\"BreadcrumbList\",\"@id\":\"https:\\\/\\\/kidsplay.lt\\\/produktas\\\/elektrinis-mini-tetris-kisenei\\\/#breadcrumb\",\"itemListElement\":[{\"@type\":\"ListItem\",\"position\":1,\"name\":\"Pagrindinis\",\"item\":\"https:\\\/\\\/kidsplay.lt\\\/\"},{\"@type\":\"ListItem\",\"position\":2,\"name\":\"Parduotuv\u0117\",\"item\":\"https:\\\/\\\/kidsplay.lt\\\/parduotuve\\\/\"},{\"@type\":\"ListItem\",\"position\":3,\"name\":\"Elektrinis mini tetris ki\u0161enei\"}]},{\"@type\":\"WebSite\",\"@id\":\"https:\\\/\\\/kidsplay.lt\\\/#website\",\"url\":\"https:\\\/\\\/kidsplay.lt\\\/\",\"name\":\"Kidsplay.lt\",\"description\":\"\u012evairios prek\u0117s vaikams\",\"publisher\":{\"@id\":\"https:\\\/\\\/kidsplay.lt\\\/#organization\"},\"alternateName\":\"Kidsplay\",\"potentialAction\":[{\"@type\":\"SearchAction\",\"target\":{\"@type\":\"EntryPoint\",\"urlTemplate\":\"https:\\\/\\\/kidsplay.lt\\\/?s={search_term_string}\"},\"query-input\":{\"@type\":\"PropertyValueSpecification\",\"valueRequired\":true,\"valueName\":\"search_term_string\"}}],\"inLanguage\":\"lv-LV\"},{\"@type\":\"Organization\",\"@id\":\"https:\\\/\\\/kidsplay.lt\\\/#organization\",\"name\":\"KidsPlay\",\"url\":\"https:\\\/\\\/kidsplay.lt\\\/\",\"logo\":{\"@type\":\"ImageObject\",\"inLanguage\":\"lv-LV\",\"@id\":\"https:\\\/\\\/kidsplay.lt\\\/#\\\/schema\\\/logo\\\/image\\\/\",\"url\":\"https:\\\/\\\/kidsplay.lt\\\/wp-content\\\/uploads\\\/2023\\\/07\\\/kidsplay-logo.png\",\"contentUrl\":\"https:\\\/\\\/kidsplay.lt\\\/wp-content\\\/uploads\\\/2023\\\/07\\\/kidsplay-logo.png\",\"width\":451,\"height\":98,\"caption\":\"KidsPlay\"},\"image\":{\"@id\":\"https:\\\/\\\/kidsplay.lt\\\/#\\\/schema\\\/logo\\\/image\\\/\"},\"sameAs\":[\"https:\\\/\\\/www.facebook.com\\\/www.kidsplay.lt\"]}]}<\/script>\n<!-- \/ Yoast SEO plugin. -->","yoast_head_json":{"title":"Elektrisks mini tetris j\u016bsu kabatai","description":"Elektrinis mini tetris ki\u0161enei - KidsPlay. Did\u017eiausias vaik\u0173 \u017eaisl\u0173 pasirinkimas.","robots":{"index":"index","follow":"follow","max-snippet":"max-snippet:-1","max-image-preview":"max-image-preview:large","max-video-preview":"max-video-preview:-1"},"canonical":"https:\/\/kidsplay.lt\/lv\/products\/elektrinis-mini-tetris-kisenei\/","og_locale":"lv_LV","og_type":"article","og_title":"Elektrinis mini tetris ki\u0161enei","og_description":"Elektrinis mini tetris ki\u0161enei - KidsPlay. Did\u017eiausias vaik\u0173 \u017eaisl\u0173 pasirinkimas.","og_url":"https:\/\/kidsplay.lt\/lv\/products\/elektrinis-mini-tetris-kisenei\/","og_site_name":"KidsPlay","article_publisher":"https:\/\/www.facebook.com\/www.kidsplay.lt","article_modified_time":"2026-03-15T06:21:07+00:00","og_image":[{"width":2560,"height":2560,"url":"https:\/\/kidsplay.lt\/wp-content\/uploads\/2024\/09\/Elektrinis-mini-tetris-kisenei.jpg","type":"image\/jpeg"}],"twitter_card":"summary_large_image","twitter_misc":{"Est. reading time":"1 min\u016bte"},"schema":{"@context":"https:\/\/schema.org","@graph":[{"@type":"WebPage","@id":"https:\/\/kidsplay.lt\/produktas\/elektrinis-mini-tetris-kisenei\/","url":"https:\/\/kidsplay.lt\/produktas\/elektrinis-mini-tetris-kisenei\/","name":"Elektrisks mini tetris j\u016bsu kabatai","isPartOf":{"@id":"https:\/\/kidsplay.lt\/#website"},"primaryImageOfPage":{"@id":"https:\/\/kidsplay.lt\/produktas\/elektrinis-mini-tetris-kisenei\/#primaryimage"},"image":{"@id":"https:\/\/kidsplay.lt\/produktas\/elektrinis-mini-tetris-kisenei\/#primaryimage"},"thumbnailUrl":"https:\/\/kidsplay.lt\/wp-content\/uploads\/2024\/09\/Elektrinis-mini-tetris-kisenei.jpg","datePublished":"2026-02-26T07:21:31+00:00","dateModified":"2026-03-15T06:21:07+00:00","description":"Elektrinis mini tetris ki\u0161enei - KidsPlay. Did\u017eiausias vaik\u0173 \u017eaisl\u0173 pasirinkimas.","breadcrumb":{"@id":"https:\/\/kidsplay.lt\/produktas\/elektrinis-mini-tetris-kisenei\/#breadcrumb"},"inLanguage":"lv-LV","potentialAction":[{"@type":"ReadAction","target":["https:\/\/kidsplay.lt\/produktas\/elektrinis-mini-tetris-kisenei\/"]}]},{"@type":"ImageObject","inLanguage":"lv-LV","@id":"https:\/\/kidsplay.lt\/produktas\/elektrinis-mini-tetris-kisenei\/#primaryimage","url":"https:\/\/kidsplay.lt\/wp-content\/uploads\/2024\/09\/Elektrinis-mini-tetris-kisenei.jpg","contentUrl":"https:\/\/kidsplay.lt\/wp-content\/uploads\/2024\/09\/Elektrinis-mini-tetris-kisenei.jpg","width":2560,"height":2560,"caption":"Elektrinis mini tetris ki\u0161enei"},{"@type":"BreadcrumbList","@id":"https:\/\/kidsplay.lt\/produktas\/elektrinis-mini-tetris-kisenei\/#breadcrumb","itemListElement":[{"@type":"ListItem","position":1,"name":"Pagrindinis","item":"https:\/\/kidsplay.lt\/"},{"@type":"ListItem","position":2,"name":"Parduotuv\u0117","item":"https:\/\/kidsplay.lt\/parduotuve\/"},{"@type":"ListItem","position":3,"name":"Elektrinis mini tetris ki\u0161enei"}]},{"@type":"WebSite","@id":"https:\/\/kidsplay.lt\/#website","url":"https:\/\/kidsplay.lt\/","name":"B\u0113rnu sp\u0113les.lv","description":"\u012evairios prek\u0117s vaikams","publisher":{"@id":"https:\/\/kidsplay.lt\/#organization"},"alternateName":"Kidsplay","potentialAction":[{"@type":"SearchAction","target":{"@type":"EntryPoint","urlTemplate":"https:\/\/kidsplay.lt\/?s={search_term_string}"},"query-input":{"@type":"PropertyValueSpecification","valueRequired":true,"valueName":"search_term_string"}}],"inLanguage":"lv-LV"},{"@type":"Organization","@id":"https:\/\/kidsplay.lt\/#organization","name":"B\u0113rnu sp\u0113le","url":"https:\/\/kidsplay.lt\/","logo":{"@type":"ImageObject","inLanguage":"lv-LV","@id":"https:\/\/kidsplay.lt\/#\/schema\/logo\/image\/","url":"https:\/\/kidsplay.lt\/wp-content\/uploads\/2023\/07\/kidsplay-logo.png","contentUrl":"https:\/\/kidsplay.lt\/wp-content\/uploads\/2023\/07\/kidsplay-logo.png","width":451,"height":98,"caption":"KidsPlay"},"image":{"@id":"https:\/\/kidsplay.lt\/#\/schema\/logo\/image\/"},"sameAs":["https:\/\/www.facebook.com\/www.kidsplay.lt"]}]}},"_links":{"self":[{"href":"https:\/\/kidsplay.lt\/lv\/wp-json\/wp\/v2\/product\/89459","targetHints":{"allow":["GET"]}}],"collection":[{"href":"https:\/\/kidsplay.lt\/lv\/wp-json\/wp\/v2\/product"}],"about":[{"href":"https:\/\/kidsplay.lt\/lv\/wp-json\/wp\/v2\/types\/product"}],"version-history":[{"count":1,"href":"https:\/\/kidsplay.lt\/lv\/wp-json\/wp\/v2\/product\/89459\/revisions"}],"predecessor-version":[{"id":89460,"href":"https:\/\/kidsplay.lt\/lv\/wp-json\/wp\/v2\/product\/89459\/revisions\/89460"}],"wp:featuredmedia":[{"embeddable":true,"href":"https:\/\/kidsplay.lt\/lv\/wp-json\/wp\/v2\/media\/54521"}],"wp:attachment":[{"href":"https:\/\/kidsplay.lt\/lv\/wp-json\/wp\/v2\/media?parent=89459"}],"wp:term":[{"taxonomy":"product_brand","embeddable":true,"href":"https:\/\/kidsplay.lt\/lv\/wp-json\/wp\/v2\/product_brand?post=89459"},{"taxonomy":"product_cat","embeddable":true,"href":"https:\/\/kidsplay.lt\/lv\/wp-json\/wp\/v2\/product_cat?post=89459"},{"taxonomy":"product_tag","embeddable":true,"href":"https:\/\/kidsplay.lt\/lv\/wp-json\/wp\/v2\/product_tag?post=89459"}],"curies":[{"name":"wp","href":"https:\/\/api.w.org\/{rel}","templated":true}]}}