{"id":89461,"date":"2026-02-26T09:21:33","date_gmt":"2026-02-26T07:21:33","guid":{"rendered":"https:\/\/kidsplay.lt\/produktas\/dvieju-vietu-dinozauru-balansavimas-melynas\/"},"modified":"2026-03-23T08:47:54","modified_gmt":"2026-03-23T06:47:54","slug":"dvieju-vietu-dinozauru-balansavimas-melynas","status":"publish","type":"product","link":"https:\/\/kidsplay.lt\/lv\/products\/dvieju-vietu-dinozauru-balansavimas-melynas\/","title":{"rendered":"Divviet\u012bgs dinozaurs balans\u0113 zil\u0101 kr\u0101s\u0101"},"content":{"rendered":"<p>M\u0117lynos spalvos\u00a0Woopie\u00a0Dino Multi-Seater Rocker\u00a0taps m\u0117gstamiausiu j\u016bs\u0173 vaik\u0173 dinozauru! Vienu metu rokeriu gali naudotis trys vaikai, ir net vienam bus smagu! Kai du vaikai s\u016bpuojasi vienu metu, Dino gali veikti kaip pusiausvyros s\u016bpyn\u0117s, o vaikai gali be galo suptis dirbdami kartu. Pati rokeris vaikams suteikia daug naudos: s\u016bpyn\u0117s\u00a0nuramina\u00a0vaik\u0105 ir\u00a0lavina k\u016bno motorik\u0105\u00a0, o tai idealiai tinka\u00a0tinkamam vystymuisi\u00a0. Be to, dinozaurai gali paveikti j\u016bs\u0173 vaiko\u00a0vaizduot\u0119\u00a0ir\u00a0k\u016brybi\u0161kum\u0105\u00a0. Gali b\u016bti, kad su juo elgsiuosi kaip su savo draugu, kuriuo jis pasir\u016bpins. Produkt\u0105 galima naudoti tiek\u00a0namuose\u00a0, tiek\u00a0lauke\u00a0!<\/p>\n<p>Raksturojums:<\/p>\n<p> \t&#8211;\u00a0keli\u0173 asmen\u0173 rokeris \u2013 vienu metu juo gali naudotis iki trij\u0173 vaik\u0173<\/p>\n<p> \t&#8211;\u00a0pusiausvyros si\u016bbavimo\u00a0funkcija<br \/>\n \t&#8211; Pagaminta i\u0161\u00a0draugi\u0161kos\u00a0,\u00a0saugios\u00a0ir\u00a0patvarios\u00a0med\u017eiagos vaikams<br \/>\n \t&#8211; ugdyti\u00a0vaiko\u00a0stambi\u0105j\u0105 motorik\u0105, pusiausvyr\u0105\u00a0,\u00a0vaizduot\u0119\u00a0ir\u00a0k\u016brybi\u0161kum\u0105<\/p>\n<p> \t&#8211;\u00a0bendradarbiavimo\u00a0pl\u0117tra d\u0117l bendro si\u016bbavimo<br \/>\n \t&#8211; naudoti\u00a0namuose\u00a0ir\u00a0lauke<\/p>\n<p>Woopie\u00a0\u00a0yra viena i\u0161 pirmaujan\u010di\u0173 plastikini\u0173 \u017eaisl\u0173 gamintoj\u0173 Europoje.\u00a0\u201eWoopie\u00a0\u201c produktai\u00a0s\u0117kmingai parduodami vidaus rinkoje ir visoje Europoje.<\/p>\n<p>\u201eWoopie\u201c\u00a0prek\u0117s \u017eenklo \u017eaislai\u00a0turi vien\u0105 tiksl\u0105 \u2013 prad\u017eiuginti vaikus! Tarp gausaus asortimento Woopie, be kita ko, turi karnavalini\u0173 kostium\u0173 ir kostium\u0173 vaikams, taip pat pakabinamas s\u016bpynes, putplas\u010dio \u017eaislus, \u012fvairi\u0173 r\u016b\u0161i\u0173 sodo \u017eaislus ir dar daugiau! Leiskite save nuvilioti linksmybi\u0173 \u2013 leiskite save nuvilti Woop!<\/p>","protected":false},"excerpt":{"rendered":"<p>M\u0117lynos spalvos\u00a0Woopie\u00a0Dino Multi-Seater Rocker\u00a0taps m\u0117gstamiausiu j\u016bs\u0173 vaik\u0173 dinozauru! Vienu metu rokeriu gali naudotis trys vaikai, ir net vienam bus smagu!<\/p>","protected":false},"featured_media":54532,"template":"","meta":{"_acf_changed":false,"_glsr_average":0,"_glsr_ranking":0,"_glsr_reviews":0},"product_brand":[],"product_cat":[233,232],"product_tag":[],"class_list":{"0":"post-89461","1":"product","2":"type-product","3":"status-publish","4":"has-post-thumbnail","6":"product_cat-lauko-pramogos","7":"product_cat-supynes","8":"\"style=\"background-color: #2ecc711c;\"","10":"first","11":"outofstock","12":"purchasable","13":"product-type-simple"},"acf":[],"yoast_head":"<!-- This site is optimized with the Yoast SEO plugin v27.4 - https:\/\/yoast.com\/product\/yoast-seo-wordpress\/ -->\n<title>Dviej\u0173 viet\u0173 dinozaur\u0173 balansavimas m\u0117lynas<\/title>\n<meta name=\"description\" content=\"Dviej\u0173 viet\u0173 dinozaur\u0173 balansavimas m\u0117lynas - KidsPlay. Did\u017eiausias vaik\u0173 \u017eaisl\u0173 pasirinkimas.\" \/>\n<meta name=\"robots\" content=\"index, follow, max-snippet:-1, max-image-preview:large, max-video-preview:-1\" \/>\n<link rel=\"canonical\" href=\"https:\/\/kidsplay.lt\/lv\/products\/dvieju-vietu-dinozauru-balansavimas-melynas\/\" \/>\n<meta property=\"og:locale\" content=\"lv_LV\" \/>\n<meta property=\"og:type\" content=\"article\" \/>\n<meta property=\"og:title\" content=\"Dviej\u0173 viet\u0173 dinozaur\u0173 balansavimas m\u0117lynas\" \/>\n<meta property=\"og:description\" content=\"Dviej\u0173 viet\u0173 dinozaur\u0173 balansavimas m\u0117lynas - KidsPlay. Did\u017eiausias vaik\u0173 \u017eaisl\u0173 pasirinkimas.\" \/>\n<meta property=\"og:url\" content=\"https:\/\/kidsplay.lt\/lv\/products\/dvieju-vietu-dinozauru-balansavimas-melynas\/\" \/>\n<meta property=\"og:site_name\" content=\"KidsPlay\" \/>\n<meta property=\"article:publisher\" content=\"https:\/\/www.facebook.com\/www.kidsplay.lt\" \/>\n<meta property=\"article:modified_time\" content=\"2026-03-23T06:47:54+00:00\" \/>\n<meta property=\"og:image\" content=\"https:\/\/kidsplay.lt\/wp-content\/uploads\/2024\/09\/Dvieju-vietu-dinozauru-balansavimas-melynas.jpg\" \/>\n\t<meta property=\"og:image:width\" content=\"2560\" \/>\n\t<meta property=\"og:image:height\" content=\"2560\" \/>\n\t<meta property=\"og:image:type\" content=\"image\/jpeg\" \/>\n<meta name=\"twitter:card\" content=\"summary_large_image\" \/>\n<meta name=\"twitter:label1\" content=\"Est. reading time\" \/>\n\t<meta name=\"twitter:data1\" content=\"1 min\u016bte\" \/>\n<script type=\"application\/ld+json\" class=\"yoast-schema-graph\">{\"@context\":\"https:\\\/\\\/schema.org\",\"@graph\":[{\"@type\":\"WebPage\",\"@id\":\"https:\\\/\\\/kidsplay.lt\\\/produktas\\\/dvieju-vietu-dinozauru-balansavimas-melynas\\\/\",\"url\":\"https:\\\/\\\/kidsplay.lt\\\/produktas\\\/dvieju-vietu-dinozauru-balansavimas-melynas\\\/\",\"name\":\"Dviej\u0173 viet\u0173 dinozaur\u0173 balansavimas m\u0117lynas\",\"isPartOf\":{\"@id\":\"https:\\\/\\\/kidsplay.lt\\\/#website\"},\"primaryImageOfPage\":{\"@id\":\"https:\\\/\\\/kidsplay.lt\\\/produktas\\\/dvieju-vietu-dinozauru-balansavimas-melynas\\\/#primaryimage\"},\"image\":{\"@id\":\"https:\\\/\\\/kidsplay.lt\\\/produktas\\\/dvieju-vietu-dinozauru-balansavimas-melynas\\\/#primaryimage\"},\"thumbnailUrl\":\"https:\\\/\\\/kidsplay.lt\\\/wp-content\\\/uploads\\\/2024\\\/09\\\/Dvieju-vietu-dinozauru-balansavimas-melynas.jpg\",\"datePublished\":\"2026-02-26T07:21:33+00:00\",\"dateModified\":\"2026-03-23T06:47:54+00:00\",\"description\":\"Dviej\u0173 viet\u0173 dinozaur\u0173 balansavimas m\u0117lynas - KidsPlay. Did\u017eiausias vaik\u0173 \u017eaisl\u0173 pasirinkimas.\",\"breadcrumb\":{\"@id\":\"https:\\\/\\\/kidsplay.lt\\\/produktas\\\/dvieju-vietu-dinozauru-balansavimas-melynas\\\/#breadcrumb\"},\"inLanguage\":\"lv-LV\",\"potentialAction\":[{\"@type\":\"ReadAction\",\"target\":[\"https:\\\/\\\/kidsplay.lt\\\/produktas\\\/dvieju-vietu-dinozauru-balansavimas-melynas\\\/\"]}]},{\"@type\":\"ImageObject\",\"inLanguage\":\"lv-LV\",\"@id\":\"https:\\\/\\\/kidsplay.lt\\\/produktas\\\/dvieju-vietu-dinozauru-balansavimas-melynas\\\/#primaryimage\",\"url\":\"https:\\\/\\\/kidsplay.lt\\\/wp-content\\\/uploads\\\/2024\\\/09\\\/Dvieju-vietu-dinozauru-balansavimas-melynas.jpg\",\"contentUrl\":\"https:\\\/\\\/kidsplay.lt\\\/wp-content\\\/uploads\\\/2024\\\/09\\\/Dvieju-vietu-dinozauru-balansavimas-melynas.jpg\",\"width\":2560,\"height\":2560,\"caption\":\"Dviej\u0173 viet\u0173 dinozaur\u0173 balansavimas m\u0117lynas\"},{\"@type\":\"BreadcrumbList\",\"@id\":\"https:\\\/\\\/kidsplay.lt\\\/produktas\\\/dvieju-vietu-dinozauru-balansavimas-melynas\\\/#breadcrumb\",\"itemListElement\":[{\"@type\":\"ListItem\",\"position\":1,\"name\":\"Pagrindinis\",\"item\":\"https:\\\/\\\/kidsplay.lt\\\/\"},{\"@type\":\"ListItem\",\"position\":2,\"name\":\"Parduotuv\u0117\",\"item\":\"https:\\\/\\\/kidsplay.lt\\\/parduotuve\\\/\"},{\"@type\":\"ListItem\",\"position\":3,\"name\":\"Dviej\u0173 viet\u0173 dinozaur\u0173 balansavimas m\u0117lynas\"}]},{\"@type\":\"WebSite\",\"@id\":\"https:\\\/\\\/kidsplay.lt\\\/#website\",\"url\":\"https:\\\/\\\/kidsplay.lt\\\/\",\"name\":\"Kidsplay.lt\",\"description\":\"\u012evairios prek\u0117s vaikams\",\"publisher\":{\"@id\":\"https:\\\/\\\/kidsplay.lt\\\/#organization\"},\"alternateName\":\"Kidsplay\",\"potentialAction\":[{\"@type\":\"SearchAction\",\"target\":{\"@type\":\"EntryPoint\",\"urlTemplate\":\"https:\\\/\\\/kidsplay.lt\\\/?s={search_term_string}\"},\"query-input\":{\"@type\":\"PropertyValueSpecification\",\"valueRequired\":true,\"valueName\":\"search_term_string\"}}],\"inLanguage\":\"lv-LV\"},{\"@type\":\"Organization\",\"@id\":\"https:\\\/\\\/kidsplay.lt\\\/#organization\",\"name\":\"KidsPlay\",\"url\":\"https:\\\/\\\/kidsplay.lt\\\/\",\"logo\":{\"@type\":\"ImageObject\",\"inLanguage\":\"lv-LV\",\"@id\":\"https:\\\/\\\/kidsplay.lt\\\/#\\\/schema\\\/logo\\\/image\\\/\",\"url\":\"https:\\\/\\\/kidsplay.lt\\\/wp-content\\\/uploads\\\/2023\\\/07\\\/kidsplay-logo.png\",\"contentUrl\":\"https:\\\/\\\/kidsplay.lt\\\/wp-content\\\/uploads\\\/2023\\\/07\\\/kidsplay-logo.png\",\"width\":451,\"height\":98,\"caption\":\"KidsPlay\"},\"image\":{\"@id\":\"https:\\\/\\\/kidsplay.lt\\\/#\\\/schema\\\/logo\\\/image\\\/\"},\"sameAs\":[\"https:\\\/\\\/www.facebook.com\\\/www.kidsplay.lt\"]}]}<\/script>\n<!-- \/ Yoast SEO plugin. -->","yoast_head_json":{"title":"Divviet\u012bgs dinozaurs balans\u0113 zil\u0101 kr\u0101s\u0101","description":"Dviej\u0173 viet\u0173 dinozaur\u0173 balansavimas m\u0117lynas - KidsPlay. Did\u017eiausias vaik\u0173 \u017eaisl\u0173 pasirinkimas.","robots":{"index":"index","follow":"follow","max-snippet":"max-snippet:-1","max-image-preview":"max-image-preview:large","max-video-preview":"max-video-preview:-1"},"canonical":"https:\/\/kidsplay.lt\/lv\/products\/dvieju-vietu-dinozauru-balansavimas-melynas\/","og_locale":"lv_LV","og_type":"article","og_title":"Dviej\u0173 viet\u0173 dinozaur\u0173 balansavimas m\u0117lynas","og_description":"Dviej\u0173 viet\u0173 dinozaur\u0173 balansavimas m\u0117lynas - KidsPlay. Did\u017eiausias vaik\u0173 \u017eaisl\u0173 pasirinkimas.","og_url":"https:\/\/kidsplay.lt\/lv\/products\/dvieju-vietu-dinozauru-balansavimas-melynas\/","og_site_name":"KidsPlay","article_publisher":"https:\/\/www.facebook.com\/www.kidsplay.lt","article_modified_time":"2026-03-23T06:47:54+00:00","og_image":[{"width":2560,"height":2560,"url":"https:\/\/kidsplay.lt\/wp-content\/uploads\/2024\/09\/Dvieju-vietu-dinozauru-balansavimas-melynas.jpg","type":"image\/jpeg"}],"twitter_card":"summary_large_image","twitter_misc":{"Est. reading time":"1 min\u016bte"},"schema":{"@context":"https:\/\/schema.org","@graph":[{"@type":"WebPage","@id":"https:\/\/kidsplay.lt\/produktas\/dvieju-vietu-dinozauru-balansavimas-melynas\/","url":"https:\/\/kidsplay.lt\/produktas\/dvieju-vietu-dinozauru-balansavimas-melynas\/","name":"Divviet\u012bgs dinozaurs balans\u0113 zil\u0101 kr\u0101s\u0101","isPartOf":{"@id":"https:\/\/kidsplay.lt\/#website"},"primaryImageOfPage":{"@id":"https:\/\/kidsplay.lt\/produktas\/dvieju-vietu-dinozauru-balansavimas-melynas\/#primaryimage"},"image":{"@id":"https:\/\/kidsplay.lt\/produktas\/dvieju-vietu-dinozauru-balansavimas-melynas\/#primaryimage"},"thumbnailUrl":"https:\/\/kidsplay.lt\/wp-content\/uploads\/2024\/09\/Dvieju-vietu-dinozauru-balansavimas-melynas.jpg","datePublished":"2026-02-26T07:21:33+00:00","dateModified":"2026-03-23T06:47:54+00:00","description":"Dviej\u0173 viet\u0173 dinozaur\u0173 balansavimas m\u0117lynas - KidsPlay. Did\u017eiausias vaik\u0173 \u017eaisl\u0173 pasirinkimas.","breadcrumb":{"@id":"https:\/\/kidsplay.lt\/produktas\/dvieju-vietu-dinozauru-balansavimas-melynas\/#breadcrumb"},"inLanguage":"lv-LV","potentialAction":[{"@type":"ReadAction","target":["https:\/\/kidsplay.lt\/produktas\/dvieju-vietu-dinozauru-balansavimas-melynas\/"]}]},{"@type":"ImageObject","inLanguage":"lv-LV","@id":"https:\/\/kidsplay.lt\/produktas\/dvieju-vietu-dinozauru-balansavimas-melynas\/#primaryimage","url":"https:\/\/kidsplay.lt\/wp-content\/uploads\/2024\/09\/Dvieju-vietu-dinozauru-balansavimas-melynas.jpg","contentUrl":"https:\/\/kidsplay.lt\/wp-content\/uploads\/2024\/09\/Dvieju-vietu-dinozauru-balansavimas-melynas.jpg","width":2560,"height":2560,"caption":"Dviej\u0173 viet\u0173 dinozaur\u0173 balansavimas m\u0117lynas"},{"@type":"BreadcrumbList","@id":"https:\/\/kidsplay.lt\/produktas\/dvieju-vietu-dinozauru-balansavimas-melynas\/#breadcrumb","itemListElement":[{"@type":"ListItem","position":1,"name":"Pagrindinis","item":"https:\/\/kidsplay.lt\/"},{"@type":"ListItem","position":2,"name":"Parduotuv\u0117","item":"https:\/\/kidsplay.lt\/parduotuve\/"},{"@type":"ListItem","position":3,"name":"Dviej\u0173 viet\u0173 dinozaur\u0173 balansavimas m\u0117lynas"}]},{"@type":"WebSite","@id":"https:\/\/kidsplay.lt\/#website","url":"https:\/\/kidsplay.lt\/","name":"B\u0113rnu sp\u0113les.lv","description":"\u012evairios prek\u0117s vaikams","publisher":{"@id":"https:\/\/kidsplay.lt\/#organization"},"alternateName":"Kidsplay","potentialAction":[{"@type":"SearchAction","target":{"@type":"EntryPoint","urlTemplate":"https:\/\/kidsplay.lt\/?s={search_term_string}"},"query-input":{"@type":"PropertyValueSpecification","valueRequired":true,"valueName":"search_term_string"}}],"inLanguage":"lv-LV"},{"@type":"Organization","@id":"https:\/\/kidsplay.lt\/#organization","name":"B\u0113rnu sp\u0113le","url":"https:\/\/kidsplay.lt\/","logo":{"@type":"ImageObject","inLanguage":"lv-LV","@id":"https:\/\/kidsplay.lt\/#\/schema\/logo\/image\/","url":"https:\/\/kidsplay.lt\/wp-content\/uploads\/2023\/07\/kidsplay-logo.png","contentUrl":"https:\/\/kidsplay.lt\/wp-content\/uploads\/2023\/07\/kidsplay-logo.png","width":451,"height":98,"caption":"KidsPlay"},"image":{"@id":"https:\/\/kidsplay.lt\/#\/schema\/logo\/image\/"},"sameAs":["https:\/\/www.facebook.com\/www.kidsplay.lt"]}]}},"_links":{"self":[{"href":"https:\/\/kidsplay.lt\/lv\/wp-json\/wp\/v2\/product\/89461","targetHints":{"allow":["GET"]}}],"collection":[{"href":"https:\/\/kidsplay.lt\/lv\/wp-json\/wp\/v2\/product"}],"about":[{"href":"https:\/\/kidsplay.lt\/lv\/wp-json\/wp\/v2\/types\/product"}],"version-history":[{"count":1,"href":"https:\/\/kidsplay.lt\/lv\/wp-json\/wp\/v2\/product\/89461\/revisions"}],"predecessor-version":[{"id":89462,"href":"https:\/\/kidsplay.lt\/lv\/wp-json\/wp\/v2\/product\/89461\/revisions\/89462"}],"wp:featuredmedia":[{"embeddable":true,"href":"https:\/\/kidsplay.lt\/lv\/wp-json\/wp\/v2\/media\/54532"}],"wp:attachment":[{"href":"https:\/\/kidsplay.lt\/lv\/wp-json\/wp\/v2\/media?parent=89461"}],"wp:term":[{"taxonomy":"product_brand","embeddable":true,"href":"https:\/\/kidsplay.lt\/lv\/wp-json\/wp\/v2\/product_brand?post=89461"},{"taxonomy":"product_cat","embeddable":true,"href":"https:\/\/kidsplay.lt\/lv\/wp-json\/wp\/v2\/product_cat?post=89461"},{"taxonomy":"product_tag","embeddable":true,"href":"https:\/\/kidsplay.lt\/lv\/wp-json\/wp\/v2\/product_tag?post=89461"}],"curies":[{"name":"wp","href":"https:\/\/api.w.org\/{rel}","templated":true}]}}