{"id":89463,"date":"2026-02-26T09:21:35","date_gmt":"2026-02-26T07:21:35","guid":{"rendered":"https:\/\/kidsplay.lt\/produktas\/mediniai-konditerijos-gaminimo-priedai\/"},"modified":"2026-04-07T10:36:40","modified_gmt":"2026-04-07T07:36:40","slug":"mediniai-konditerijos-gaminimo-priedai","status":"publish","type":"product","link":"https:\/\/kidsplay.lt\/lv\/products\/mediniai-konditerijos-gaminimo-priedai\/","title":{"rendered":"Koka konditorejas piederumi"},"content":{"rendered":"<p>Sweet Cake yra medinis\u00a0Tooky Toy\u00a0saldaini\u0173 rinkinys\u00a0, puikiai tinkantis k\u016brybingoms pramogoms vakar\u0117li\u0173 metu. \u0160ios plastikin\u0117s d\u0117\u017eut\u0117s turin\u012f sudaro gra\u017eus pyragas ir vyniotinis, kur\u012f galima pjaustyti, du puik\u016bs arbatos puodeliai, sausainiai, spurgos, ledai, ledinukai ir eleganti\u0161kas pad\u0117klas \u0161iems skan\u0117stams. \u0160i visapusi\u0161ka \u012franga leid\u017eia surengti oficial\u0173 gimtadien\u012f ar kit\u0105 ypating\u0105 susitikim\u0105 su draugais. \u017daidimas su sald\u017eiu pyragu ne tik\u00a0lavina vaiko vaizduot\u0119\u00a0, bet ir\u00a0padeda lavinti rankinius \u012fg\u016bd\u017eius\u00a0. Naudodamiesi \u0161iuo rinkiniu vaikai gali atlikti ma\u017e\u0173j\u0173 konditeri\u0173 vaidmen\u012f ir m\u0117gautis nepamir\u0161tam\u0173 akimirk\u0173 k\u016brimu susitikim\u0173 metu.<\/p>\n<p>Charakteristika:<\/p>\n<p> \t&#8211; \u017daislas skirtas\u00a0vaikams nuo 3 met\u0173 am\u017eiaus<br \/>\n \t&#8211; Rinkinyje yra\u00a034 elementai<br \/>\n \t&#8211; Plastikin\u0117 d\u0117\u017eut\u0117, puikiai tinkanti Sweet Cake rinkiniui laikyti<br \/>\n \t&#8211;\u00a0Rinkin\u012f sudaro: D\u0117\u017eut\u0117, pyragas, ritinys, keksiukas, bandel\u0117, sausainis, spurgyt\u0117, pyrago gabal\u0117lis, 4 ledinukai, 2 led\u0173 k\u016bgiai, 2 puodeliai, 2 arbatiniai \u0161auk\u0161teliai, 2 \u0161akut\u0117s, peilis<br \/>\n \t&#8211; rinkinys puikiai tinka grupiniam \u017eaidimui<\/p>\n<p>\u017daislas vysto:<\/p>\n<p> \t&#8211; vaizduot\u0117<br \/>\n \t&#8211; k\u016brybi\u0161kumas<br \/>\n \t&#8211; rankiniai \u012fg\u016bd\u017eiai<\/p>","protected":false},"excerpt":{"rendered":"<p>Sweet Cake yra medinis\u00a0Tooky Toy\u00a0saldaini\u0173 rinkinys\u00a0, puikiai tinkantis k\u016brybingoms pramogoms vakar\u0117li\u0173 metu. \u0160ios plastikin\u0117s d\u0117\u017eut\u0117s turin\u012f sudaro gra\u017eus pyragas ir<\/p>","protected":false},"featured_media":54779,"template":"","meta":{"_acf_changed":false,"_glsr_average":0,"_glsr_ranking":0,"_glsr_reviews":0},"product_brand":[],"product_cat":[282,229],"product_tag":[],"class_list":{"0":"post-89463","1":"product","2":"type-product","3":"status-publish","4":"has-post-thumbnail","6":"product_cat-virtuves-reikmenys-vaidmenu-zaidimai","7":"product_cat-zaislai-vaikams","8":"\"style=\"background-color: #2ecc711c;\"","10":"first","11":"instock","12":"purchasable","13":"product-type-simple"},"acf":[],"yoast_head":"<!-- This site is optimized with the Yoast SEO plugin v27.3 - https:\/\/yoast.com\/product\/yoast-seo-wordpress\/ -->\n<title>Mediniai konditerijos gaminimo priedai<\/title>\n<meta name=\"description\" content=\"Mediniai konditerijos gaminimo priedai - KidsPlay. Did\u017eiausias vaik\u0173 \u017eaisl\u0173 pasirinkimas.\" \/>\n<meta name=\"robots\" content=\"index, follow, max-snippet:-1, max-image-preview:large, max-video-preview:-1\" \/>\n<link rel=\"canonical\" href=\"https:\/\/kidsplay.lt\/lv\/products\/mediniai-konditerijos-gaminimo-priedai\/\" \/>\n<meta property=\"og:locale\" content=\"lv_LV\" \/>\n<meta property=\"og:type\" content=\"article\" \/>\n<meta property=\"og:title\" content=\"Mediniai konditerijos gaminimo priedai\" \/>\n<meta property=\"og:description\" content=\"Mediniai konditerijos gaminimo priedai - KidsPlay. Did\u017eiausias vaik\u0173 \u017eaisl\u0173 pasirinkimas.\" \/>\n<meta property=\"og:url\" content=\"https:\/\/kidsplay.lt\/lv\/products\/mediniai-konditerijos-gaminimo-priedai\/\" \/>\n<meta property=\"og:site_name\" content=\"KidsPlay\" \/>\n<meta property=\"article:publisher\" content=\"https:\/\/www.facebook.com\/www.kidsplay.lt\" \/>\n<meta property=\"article:modified_time\" content=\"2026-04-07T07:36:40+00:00\" \/>\n<meta property=\"og:image\" content=\"https:\/\/kidsplay.lt\/wp-content\/uploads\/2024\/09\/Mediniai-konditerijos-gaminimo-priedai.jpg\" \/>\n\t<meta property=\"og:image:width\" content=\"2560\" \/>\n\t<meta property=\"og:image:height\" content=\"1810\" \/>\n\t<meta property=\"og:image:type\" content=\"image\/jpeg\" \/>\n<meta name=\"twitter:card\" content=\"summary_large_image\" \/>\n<meta name=\"twitter:label1\" content=\"Est. reading time\" \/>\n\t<meta name=\"twitter:data1\" content=\"1 min\u016bte\" \/>\n<script type=\"application\/ld+json\" class=\"yoast-schema-graph\">{\"@context\":\"https:\\\/\\\/schema.org\",\"@graph\":[{\"@type\":\"WebPage\",\"@id\":\"https:\\\/\\\/kidsplay.lt\\\/produktas\\\/mediniai-konditerijos-gaminimo-priedai\\\/\",\"url\":\"https:\\\/\\\/kidsplay.lt\\\/produktas\\\/mediniai-konditerijos-gaminimo-priedai\\\/\",\"name\":\"Mediniai konditerijos gaminimo priedai\",\"isPartOf\":{\"@id\":\"https:\\\/\\\/kidsplay.lt\\\/#website\"},\"primaryImageOfPage\":{\"@id\":\"https:\\\/\\\/kidsplay.lt\\\/produktas\\\/mediniai-konditerijos-gaminimo-priedai\\\/#primaryimage\"},\"image\":{\"@id\":\"https:\\\/\\\/kidsplay.lt\\\/produktas\\\/mediniai-konditerijos-gaminimo-priedai\\\/#primaryimage\"},\"thumbnailUrl\":\"https:\\\/\\\/kidsplay.lt\\\/wp-content\\\/uploads\\\/2024\\\/09\\\/Mediniai-konditerijos-gaminimo-priedai.jpg\",\"datePublished\":\"2026-02-26T07:21:35+00:00\",\"dateModified\":\"2026-04-07T07:36:40+00:00\",\"description\":\"Mediniai konditerijos gaminimo priedai - KidsPlay. Did\u017eiausias vaik\u0173 \u017eaisl\u0173 pasirinkimas.\",\"breadcrumb\":{\"@id\":\"https:\\\/\\\/kidsplay.lt\\\/produktas\\\/mediniai-konditerijos-gaminimo-priedai\\\/#breadcrumb\"},\"inLanguage\":\"lv-LV\",\"potentialAction\":[{\"@type\":\"ReadAction\",\"target\":[\"https:\\\/\\\/kidsplay.lt\\\/produktas\\\/mediniai-konditerijos-gaminimo-priedai\\\/\"]}]},{\"@type\":\"ImageObject\",\"inLanguage\":\"lv-LV\",\"@id\":\"https:\\\/\\\/kidsplay.lt\\\/produktas\\\/mediniai-konditerijos-gaminimo-priedai\\\/#primaryimage\",\"url\":\"https:\\\/\\\/kidsplay.lt\\\/wp-content\\\/uploads\\\/2024\\\/09\\\/Mediniai-konditerijos-gaminimo-priedai.jpg\",\"contentUrl\":\"https:\\\/\\\/kidsplay.lt\\\/wp-content\\\/uploads\\\/2024\\\/09\\\/Mediniai-konditerijos-gaminimo-priedai.jpg\",\"width\":2560,\"height\":1810,\"caption\":\"Mediniai konditerijos gaminimo priedai\"},{\"@type\":\"BreadcrumbList\",\"@id\":\"https:\\\/\\\/kidsplay.lt\\\/produktas\\\/mediniai-konditerijos-gaminimo-priedai\\\/#breadcrumb\",\"itemListElement\":[{\"@type\":\"ListItem\",\"position\":1,\"name\":\"Pagrindinis\",\"item\":\"https:\\\/\\\/kidsplay.lt\\\/\"},{\"@type\":\"ListItem\",\"position\":2,\"name\":\"Parduotuv\u0117\",\"item\":\"https:\\\/\\\/kidsplay.lt\\\/parduotuve\\\/\"},{\"@type\":\"ListItem\",\"position\":3,\"name\":\"Mediniai konditerijos gaminimo priedai\"}]},{\"@type\":\"WebSite\",\"@id\":\"https:\\\/\\\/kidsplay.lt\\\/#website\",\"url\":\"https:\\\/\\\/kidsplay.lt\\\/\",\"name\":\"Kidsplay.lt\",\"description\":\"\u012evairios prek\u0117s vaikams\",\"publisher\":{\"@id\":\"https:\\\/\\\/kidsplay.lt\\\/#organization\"},\"alternateName\":\"Kidsplay\",\"potentialAction\":[{\"@type\":\"SearchAction\",\"target\":{\"@type\":\"EntryPoint\",\"urlTemplate\":\"https:\\\/\\\/kidsplay.lt\\\/?s={search_term_string}\"},\"query-input\":{\"@type\":\"PropertyValueSpecification\",\"valueRequired\":true,\"valueName\":\"search_term_string\"}}],\"inLanguage\":\"lv-LV\"},{\"@type\":\"Organization\",\"@id\":\"https:\\\/\\\/kidsplay.lt\\\/#organization\",\"name\":\"KidsPlay\",\"url\":\"https:\\\/\\\/kidsplay.lt\\\/\",\"logo\":{\"@type\":\"ImageObject\",\"inLanguage\":\"lv-LV\",\"@id\":\"https:\\\/\\\/kidsplay.lt\\\/#\\\/schema\\\/logo\\\/image\\\/\",\"url\":\"https:\\\/\\\/kidsplay.lt\\\/wp-content\\\/uploads\\\/2023\\\/07\\\/kidsplay-logo.png\",\"contentUrl\":\"https:\\\/\\\/kidsplay.lt\\\/wp-content\\\/uploads\\\/2023\\\/07\\\/kidsplay-logo.png\",\"width\":451,\"height\":98,\"caption\":\"KidsPlay\"},\"image\":{\"@id\":\"https:\\\/\\\/kidsplay.lt\\\/#\\\/schema\\\/logo\\\/image\\\/\"},\"sameAs\":[\"https:\\\/\\\/www.facebook.com\\\/www.kidsplay.lt\"]}]}<\/script>\n<!-- \/ Yoast SEO plugin. -->","yoast_head_json":{"title":"Koka konditorejas piederumi","description":"Mediniai konditerijos gaminimo priedai - KidsPlay. Did\u017eiausias vaik\u0173 \u017eaisl\u0173 pasirinkimas.","robots":{"index":"index","follow":"follow","max-snippet":"max-snippet:-1","max-image-preview":"max-image-preview:large","max-video-preview":"max-video-preview:-1"},"canonical":"https:\/\/kidsplay.lt\/lv\/products\/mediniai-konditerijos-gaminimo-priedai\/","og_locale":"lv_LV","og_type":"article","og_title":"Mediniai konditerijos gaminimo priedai","og_description":"Mediniai konditerijos gaminimo priedai - KidsPlay. Did\u017eiausias vaik\u0173 \u017eaisl\u0173 pasirinkimas.","og_url":"https:\/\/kidsplay.lt\/lv\/products\/mediniai-konditerijos-gaminimo-priedai\/","og_site_name":"KidsPlay","article_publisher":"https:\/\/www.facebook.com\/www.kidsplay.lt","article_modified_time":"2026-04-07T07:36:40+00:00","og_image":[{"width":2560,"height":1810,"url":"https:\/\/kidsplay.lt\/wp-content\/uploads\/2024\/09\/Mediniai-konditerijos-gaminimo-priedai.jpg","type":"image\/jpeg"}],"twitter_card":"summary_large_image","twitter_misc":{"Est. reading time":"1 min\u016bte"},"schema":{"@context":"https:\/\/schema.org","@graph":[{"@type":"WebPage","@id":"https:\/\/kidsplay.lt\/produktas\/mediniai-konditerijos-gaminimo-priedai\/","url":"https:\/\/kidsplay.lt\/produktas\/mediniai-konditerijos-gaminimo-priedai\/","name":"Koka konditorejas piederumi","isPartOf":{"@id":"https:\/\/kidsplay.lt\/#website"},"primaryImageOfPage":{"@id":"https:\/\/kidsplay.lt\/produktas\/mediniai-konditerijos-gaminimo-priedai\/#primaryimage"},"image":{"@id":"https:\/\/kidsplay.lt\/produktas\/mediniai-konditerijos-gaminimo-priedai\/#primaryimage"},"thumbnailUrl":"https:\/\/kidsplay.lt\/wp-content\/uploads\/2024\/09\/Mediniai-konditerijos-gaminimo-priedai.jpg","datePublished":"2026-02-26T07:21:35+00:00","dateModified":"2026-04-07T07:36:40+00:00","description":"Mediniai konditerijos gaminimo priedai - KidsPlay. Did\u017eiausias vaik\u0173 \u017eaisl\u0173 pasirinkimas.","breadcrumb":{"@id":"https:\/\/kidsplay.lt\/produktas\/mediniai-konditerijos-gaminimo-priedai\/#breadcrumb"},"inLanguage":"lv-LV","potentialAction":[{"@type":"ReadAction","target":["https:\/\/kidsplay.lt\/produktas\/mediniai-konditerijos-gaminimo-priedai\/"]}]},{"@type":"ImageObject","inLanguage":"lv-LV","@id":"https:\/\/kidsplay.lt\/produktas\/mediniai-konditerijos-gaminimo-priedai\/#primaryimage","url":"https:\/\/kidsplay.lt\/wp-content\/uploads\/2024\/09\/Mediniai-konditerijos-gaminimo-priedai.jpg","contentUrl":"https:\/\/kidsplay.lt\/wp-content\/uploads\/2024\/09\/Mediniai-konditerijos-gaminimo-priedai.jpg","width":2560,"height":1810,"caption":"Mediniai konditerijos gaminimo priedai"},{"@type":"BreadcrumbList","@id":"https:\/\/kidsplay.lt\/produktas\/mediniai-konditerijos-gaminimo-priedai\/#breadcrumb","itemListElement":[{"@type":"ListItem","position":1,"name":"Pagrindinis","item":"https:\/\/kidsplay.lt\/"},{"@type":"ListItem","position":2,"name":"Parduotuv\u0117","item":"https:\/\/kidsplay.lt\/parduotuve\/"},{"@type":"ListItem","position":3,"name":"Mediniai konditerijos gaminimo priedai"}]},{"@type":"WebSite","@id":"https:\/\/kidsplay.lt\/#website","url":"https:\/\/kidsplay.lt\/","name":"B\u0113rnu sp\u0113les.lv","description":"\u012evairios prek\u0117s vaikams","publisher":{"@id":"https:\/\/kidsplay.lt\/#organization"},"alternateName":"Kidsplay","potentialAction":[{"@type":"SearchAction","target":{"@type":"EntryPoint","urlTemplate":"https:\/\/kidsplay.lt\/?s={search_term_string}"},"query-input":{"@type":"PropertyValueSpecification","valueRequired":true,"valueName":"search_term_string"}}],"inLanguage":"lv-LV"},{"@type":"Organization","@id":"https:\/\/kidsplay.lt\/#organization","name":"B\u0113rnu sp\u0113le","url":"https:\/\/kidsplay.lt\/","logo":{"@type":"ImageObject","inLanguage":"lv-LV","@id":"https:\/\/kidsplay.lt\/#\/schema\/logo\/image\/","url":"https:\/\/kidsplay.lt\/wp-content\/uploads\/2023\/07\/kidsplay-logo.png","contentUrl":"https:\/\/kidsplay.lt\/wp-content\/uploads\/2023\/07\/kidsplay-logo.png","width":451,"height":98,"caption":"KidsPlay"},"image":{"@id":"https:\/\/kidsplay.lt\/#\/schema\/logo\/image\/"},"sameAs":["https:\/\/www.facebook.com\/www.kidsplay.lt"]}]}},"_links":{"self":[{"href":"https:\/\/kidsplay.lt\/lv\/wp-json\/wp\/v2\/product\/89463","targetHints":{"allow":["GET"]}}],"collection":[{"href":"https:\/\/kidsplay.lt\/lv\/wp-json\/wp\/v2\/product"}],"about":[{"href":"https:\/\/kidsplay.lt\/lv\/wp-json\/wp\/v2\/types\/product"}],"version-history":[{"count":1,"href":"https:\/\/kidsplay.lt\/lv\/wp-json\/wp\/v2\/product\/89463\/revisions"}],"predecessor-version":[{"id":89464,"href":"https:\/\/kidsplay.lt\/lv\/wp-json\/wp\/v2\/product\/89463\/revisions\/89464"}],"wp:featuredmedia":[{"embeddable":true,"href":"https:\/\/kidsplay.lt\/lv\/wp-json\/wp\/v2\/media\/54779"}],"wp:attachment":[{"href":"https:\/\/kidsplay.lt\/lv\/wp-json\/wp\/v2\/media?parent=89463"}],"wp:term":[{"taxonomy":"product_brand","embeddable":true,"href":"https:\/\/kidsplay.lt\/lv\/wp-json\/wp\/v2\/product_brand?post=89463"},{"taxonomy":"product_cat","embeddable":true,"href":"https:\/\/kidsplay.lt\/lv\/wp-json\/wp\/v2\/product_cat?post=89463"},{"taxonomy":"product_tag","embeddable":true,"href":"https:\/\/kidsplay.lt\/lv\/wp-json\/wp\/v2\/product_tag?post=89463"}],"curies":[{"name":"wp","href":"https:\/\/api.w.org\/{rel}","templated":true}]}}