{"id":89471,"date":"2026-02-26T09:21:44","date_gmt":"2026-02-26T07:21:44","guid":{"rendered":"https:\/\/kidsplay.lt\/produktas\/classic-world-edu-smelio-zaidimu-siena\/"},"modified":"2026-04-13T14:58:31","modified_gmt":"2026-04-13T11:58:31","slug":"classic-world-edu-smelio-zaidimu-siena","status":"publish","type":"product","link":"https:\/\/kidsplay.lt\/lv\/products\/classic-world-edu-smelio-zaidimu-siena\/","title":{"rendered":"CLASSIC WORLD EDU sm\u0117lio \u017eaidim\u0173 siena"},"content":{"rendered":"<p>Medin\u0117 \u017eaidim\u0173 siena\u00a0i\u0161\u00a0CLASSIC WORLD\u00a0\u2013 puikus bet kurios \u017eaidim\u0173 aik\u0161tel\u0117s ar sodo papildymas. Tai daugiafunkcis komplektas, kur\u012f sudaro\u00a0\u017eaidim\u0173 aik\u0161tel\u0117 ir poilsio zona\u00a0. Pagaminta i\u0161\u00a0auk\u0161tos kokyb\u0117s medienos, da\u017eyta netoksi\u0161ka impregnavimo priemone, kuri yra visi\u0161kai saugi vaikams.\u00a0De\u0161in\u0117je pus\u0117je yra piltuv\u0117lis \u2013 tiesiog pripildykite j\u012f sm\u0117lio ir steb\u0117kite, kaip jis byra pro ang\u0105, taip pajudindamas sm\u0117lio mal\u016bn\u0105. Kair\u0117je pus\u0117je taip pat yra piltuv\u0117lis, \u012f kur\u012f pilate sm\u0117l\u012f ir stebite, kaip jis byra pro ang\u0105 ant sta\u010di\u0173 \u017eaislo \u0161on\u0173, sukurdamas \u010diuo\u017eykl\u0105. Centre \u012fd\u0117ta\u00a0kal\u0117din\u0117s eglut\u0117s formos veidrodin\u0117 folija\u00a0, kuri tikrai patiks j\u016bs\u0173 vaikui!\u00a0Kitoje lentos pus\u0117je yra poilsio zona \u2013 patogus medinis suoliukas. J\u016bs\u0173 vaikas gali ant jos atsis\u0117sti ir, baig\u0119s \u017eaisti, pad\u0117ti \u017eaislus ant apatin\u0117s lentynos.<\/p>\n<p>Rakstur\u012bgs:<\/p>\n<p> \t&#8211; \u017daislas nuo\u00a03 met\u0173 am\u017eiaus<br \/>\n \t&#8211; Auk\u0161tos kokyb\u0117s darbas<br \/>\n \t&#8211;\u00a0Yra suoliukas s\u0117d\u0117jimui<br \/>\n \t&#8211; Puikus papildymas sm\u0117lio d\u0117\u017eei ar \u017eaidim\u0173 aik\u0161telei<\/p>\n<p>Rota\u013clieta att\u012bst\u0101s:<\/p>\n<p> \t&#8211; Rankiniai \u012fg\u016bd\u017eiai<br \/>\n \t\u2013 Lo\u0123isk\u0101 dom\u0101\u0161ana<br \/>\n \t&#8211; Vaizduot\u0117<br \/>\n \t&#8211; K\u016brybi\u0161kumas,<br \/>\n \t&#8211; Grupinis darbas<\/p>\n<p>Siekiant u\u017etikrinti geriausias eksploatacines savybes lauko aplinkoje, buvo naudojama\u00a0\u00a0impregnuota\u00a0pu\u0161ies mediena\u00a0. D\u0117l impregnavimo mediena yra\u00a0\u00a0atspari\u00a0\u00a0oro s\u0105lygoms , tod\u0117l\u00a0daugel\u012f met\u0173\u00a0i\u0161lieka patvari ir esteti\u0161kai patraukli\u00a0.\u00a0\u00a0\u0160is sprendimas\u00a0i\u0161skiria\u00a0\u00a0gamin\u012f\u00a0i\u0161 kit\u0173 konkuruojan\u010di\u0173 gamini\u0173.\u00a0\u00a0<\/p>","protected":false},"excerpt":{"rendered":"<p>Medin\u0117 \u017eaidim\u0173 siena\u00a0i\u0161\u00a0CLASSIC WORLD\u00a0\u2013 puikus bet kurios \u017eaidim\u0173 aik\u0161tel\u0117s ar sodo papildymas. Tai daugiafunkcis komplektas, kur\u012f sudaro\u00a0\u017eaidim\u0173 aik\u0161tel\u0117 ir poilsio<\/p>","protected":false},"featured_media":67850,"template":"","meta":{"_acf_changed":false,"_glsr_average":0,"_glsr_ranking":0,"_glsr_reviews":0},"product_brand":[],"product_cat":[233,382],"product_tag":[],"class_list":{"0":"post-89471","1":"product","2":"type-product","3":"status-publish","4":"has-post-thumbnail","6":"product_cat-lauko-pramogos","7":"product_cat-zaidimu-aiksteles","8":"\"style=\"background-color: #2ecc711c;\"","10":"first","11":"instock","12":"purchasable","13":"product-type-simple"},"acf":[],"yoast_head":"<!-- This site is optimized with the Yoast SEO plugin v27.4 - https:\/\/yoast.com\/product\/yoast-seo-wordpress\/ -->\n<title>CLASSIC WORLD EDU sm\u0117lio \u017eaidim\u0173 siena<\/title>\n<meta name=\"description\" content=\"CLASSIC WORLD EDU sm\u0117lio \u017eaidim\u0173 siena - KidsPlay. Did\u017eiausias vaik\u0173 \u017eaisl\u0173 pasirinkimas.\" \/>\n<meta name=\"robots\" content=\"index, follow, max-snippet:-1, max-image-preview:large, max-video-preview:-1\" \/>\n<link rel=\"canonical\" href=\"https:\/\/kidsplay.lt\/lv\/products\/classic-world-edu-smelio-zaidimu-siena\/\" \/>\n<meta property=\"og:locale\" content=\"lv_LV\" \/>\n<meta property=\"og:type\" content=\"article\" \/>\n<meta property=\"og:title\" content=\"CLASSIC WORLD EDU sm\u0117lio \u017eaidim\u0173 siena\" \/>\n<meta property=\"og:description\" content=\"CLASSIC WORLD EDU sm\u0117lio \u017eaidim\u0173 siena - KidsPlay. Did\u017eiausias vaik\u0173 \u017eaisl\u0173 pasirinkimas.\" \/>\n<meta property=\"og:url\" content=\"https:\/\/kidsplay.lt\/lv\/products\/classic-world-edu-smelio-zaidimu-siena\/\" \/>\n<meta property=\"og:site_name\" content=\"KidsPlay\" \/>\n<meta property=\"article:publisher\" content=\"https:\/\/www.facebook.com\/www.kidsplay.lt\" \/>\n<meta property=\"article:modified_time\" content=\"2026-04-13T11:58:31+00:00\" \/>\n<meta property=\"og:image\" content=\"https:\/\/kidsplay.lt\/wp-content\/uploads\/2025\/10\/CLASSIC-WORLD-EDU-smelio-zaidimu-siena.jpg\" \/>\n\t<meta property=\"og:image:width\" content=\"800\" \/>\n\t<meta property=\"og:image:height\" content=\"800\" \/>\n\t<meta property=\"og:image:type\" content=\"image\/jpeg\" \/>\n<meta name=\"twitter:card\" content=\"summary_large_image\" \/>\n<meta name=\"twitter:label1\" content=\"Est. reading time\" \/>\n\t<meta name=\"twitter:data1\" content=\"1 min\u016bte\" \/>\n<script type=\"application\/ld+json\" class=\"yoast-schema-graph\">{\"@context\":\"https:\\\/\\\/schema.org\",\"@graph\":[{\"@type\":\"WebPage\",\"@id\":\"https:\\\/\\\/kidsplay.lt\\\/produktas\\\/classic-world-edu-smelio-zaidimu-siena\\\/\",\"url\":\"https:\\\/\\\/kidsplay.lt\\\/produktas\\\/classic-world-edu-smelio-zaidimu-siena\\\/\",\"name\":\"CLASSIC WORLD EDU sm\u0117lio \u017eaidim\u0173 siena\",\"isPartOf\":{\"@id\":\"https:\\\/\\\/kidsplay.lt\\\/#website\"},\"primaryImageOfPage\":{\"@id\":\"https:\\\/\\\/kidsplay.lt\\\/produktas\\\/classic-world-edu-smelio-zaidimu-siena\\\/#primaryimage\"},\"image\":{\"@id\":\"https:\\\/\\\/kidsplay.lt\\\/produktas\\\/classic-world-edu-smelio-zaidimu-siena\\\/#primaryimage\"},\"thumbnailUrl\":\"https:\\\/\\\/kidsplay.lt\\\/wp-content\\\/uploads\\\/2025\\\/10\\\/CLASSIC-WORLD-EDU-smelio-zaidimu-siena.jpg\",\"datePublished\":\"2026-02-26T07:21:44+00:00\",\"dateModified\":\"2026-04-13T11:58:31+00:00\",\"description\":\"CLASSIC WORLD EDU sm\u0117lio \u017eaidim\u0173 siena - KidsPlay. Did\u017eiausias vaik\u0173 \u017eaisl\u0173 pasirinkimas.\",\"breadcrumb\":{\"@id\":\"https:\\\/\\\/kidsplay.lt\\\/produktas\\\/classic-world-edu-smelio-zaidimu-siena\\\/#breadcrumb\"},\"inLanguage\":\"lv-LV\",\"potentialAction\":[{\"@type\":\"ReadAction\",\"target\":[\"https:\\\/\\\/kidsplay.lt\\\/produktas\\\/classic-world-edu-smelio-zaidimu-siena\\\/\"]}]},{\"@type\":\"ImageObject\",\"inLanguage\":\"lv-LV\",\"@id\":\"https:\\\/\\\/kidsplay.lt\\\/produktas\\\/classic-world-edu-smelio-zaidimu-siena\\\/#primaryimage\",\"url\":\"https:\\\/\\\/kidsplay.lt\\\/wp-content\\\/uploads\\\/2025\\\/10\\\/CLASSIC-WORLD-EDU-smelio-zaidimu-siena.jpg\",\"contentUrl\":\"https:\\\/\\\/kidsplay.lt\\\/wp-content\\\/uploads\\\/2025\\\/10\\\/CLASSIC-WORLD-EDU-smelio-zaidimu-siena.jpg\",\"width\":2455,\"height\":2456,\"caption\":\"CLASSIC WORLD EDU sm\u0117lio \u017eaidim\u0173 siena\"},{\"@type\":\"BreadcrumbList\",\"@id\":\"https:\\\/\\\/kidsplay.lt\\\/produktas\\\/classic-world-edu-smelio-zaidimu-siena\\\/#breadcrumb\",\"itemListElement\":[{\"@type\":\"ListItem\",\"position\":1,\"name\":\"Pagrindinis\",\"item\":\"https:\\\/\\\/kidsplay.lt\\\/\"},{\"@type\":\"ListItem\",\"position\":2,\"name\":\"Parduotuv\u0117\",\"item\":\"https:\\\/\\\/kidsplay.lt\\\/parduotuve\\\/\"},{\"@type\":\"ListItem\",\"position\":3,\"name\":\"CLASSIC WORLD EDU sm\u0117lio \u017eaidim\u0173 siena\"}]},{\"@type\":\"WebSite\",\"@id\":\"https:\\\/\\\/kidsplay.lt\\\/#website\",\"url\":\"https:\\\/\\\/kidsplay.lt\\\/\",\"name\":\"Kidsplay.lt\",\"description\":\"\u012evairios prek\u0117s vaikams\",\"publisher\":{\"@id\":\"https:\\\/\\\/kidsplay.lt\\\/#organization\"},\"alternateName\":\"Kidsplay\",\"potentialAction\":[{\"@type\":\"SearchAction\",\"target\":{\"@type\":\"EntryPoint\",\"urlTemplate\":\"https:\\\/\\\/kidsplay.lt\\\/?s={search_term_string}\"},\"query-input\":{\"@type\":\"PropertyValueSpecification\",\"valueRequired\":true,\"valueName\":\"search_term_string\"}}],\"inLanguage\":\"lv-LV\"},{\"@type\":\"Organization\",\"@id\":\"https:\\\/\\\/kidsplay.lt\\\/#organization\",\"name\":\"KidsPlay\",\"url\":\"https:\\\/\\\/kidsplay.lt\\\/\",\"logo\":{\"@type\":\"ImageObject\",\"inLanguage\":\"lv-LV\",\"@id\":\"https:\\\/\\\/kidsplay.lt\\\/#\\\/schema\\\/logo\\\/image\\\/\",\"url\":\"https:\\\/\\\/kidsplay.lt\\\/wp-content\\\/uploads\\\/2023\\\/07\\\/kidsplay-logo.png\",\"contentUrl\":\"https:\\\/\\\/kidsplay.lt\\\/wp-content\\\/uploads\\\/2023\\\/07\\\/kidsplay-logo.png\",\"width\":451,\"height\":98,\"caption\":\"KidsPlay\"},\"image\":{\"@id\":\"https:\\\/\\\/kidsplay.lt\\\/#\\\/schema\\\/logo\\\/image\\\/\"},\"sameAs\":[\"https:\\\/\\\/www.facebook.com\\\/www.kidsplay.lt\"]}]}<\/script>\n<!-- \/ Yoast SEO plugin. -->","yoast_head_json":{"title":"CLASSIC WORLD EDU sm\u0117lio \u017eaidim\u0173 siena","description":"CLASSIC WORLD EDU sm\u0117lio \u017eaidim\u0173 siena - KidsPlay. Did\u017eiausias vaik\u0173 \u017eaisl\u0173 pasirinkimas.","robots":{"index":"index","follow":"follow","max-snippet":"max-snippet:-1","max-image-preview":"max-image-preview:large","max-video-preview":"max-video-preview:-1"},"canonical":"https:\/\/kidsplay.lt\/lv\/products\/classic-world-edu-smelio-zaidimu-siena\/","og_locale":"lv_LV","og_type":"article","og_title":"CLASSIC WORLD EDU sm\u0117lio \u017eaidim\u0173 siena","og_description":"CLASSIC WORLD EDU sm\u0117lio \u017eaidim\u0173 siena - KidsPlay. Did\u017eiausias vaik\u0173 \u017eaisl\u0173 pasirinkimas.","og_url":"https:\/\/kidsplay.lt\/lv\/products\/classic-world-edu-smelio-zaidimu-siena\/","og_site_name":"KidsPlay","article_publisher":"https:\/\/www.facebook.com\/www.kidsplay.lt","article_modified_time":"2026-04-13T11:58:31+00:00","og_image":[{"url":"https:\/\/kidsplay.lt\/wp-content\/uploads\/2025\/10\/CLASSIC-WORLD-EDU-smelio-zaidimu-siena.jpg","width":800,"height":800,"type":"image\/jpeg"}],"twitter_card":"summary_large_image","twitter_misc":{"Est. reading time":"1 min\u016bte"},"schema":{"@context":"https:\/\/schema.org","@graph":[{"@type":"WebPage","@id":"https:\/\/kidsplay.lt\/produktas\/classic-world-edu-smelio-zaidimu-siena\/","url":"https:\/\/kidsplay.lt\/produktas\/classic-world-edu-smelio-zaidimu-siena\/","name":"CLASSIC WORLD EDU sm\u0117lio \u017eaidim\u0173 siena","isPartOf":{"@id":"https:\/\/kidsplay.lt\/#website"},"primaryImageOfPage":{"@id":"https:\/\/kidsplay.lt\/produktas\/classic-world-edu-smelio-zaidimu-siena\/#primaryimage"},"image":{"@id":"https:\/\/kidsplay.lt\/produktas\/classic-world-edu-smelio-zaidimu-siena\/#primaryimage"},"thumbnailUrl":"https:\/\/kidsplay.lt\/wp-content\/uploads\/2025\/10\/CLASSIC-WORLD-EDU-smelio-zaidimu-siena.jpg","datePublished":"2026-02-26T07:21:44+00:00","dateModified":"2026-04-13T11:58:31+00:00","description":"CLASSIC WORLD EDU sm\u0117lio \u017eaidim\u0173 siena - KidsPlay. Did\u017eiausias vaik\u0173 \u017eaisl\u0173 pasirinkimas.","breadcrumb":{"@id":"https:\/\/kidsplay.lt\/produktas\/classic-world-edu-smelio-zaidimu-siena\/#breadcrumb"},"inLanguage":"lv-LV","potentialAction":[{"@type":"ReadAction","target":["https:\/\/kidsplay.lt\/produktas\/classic-world-edu-smelio-zaidimu-siena\/"]}]},{"@type":"ImageObject","inLanguage":"lv-LV","@id":"https:\/\/kidsplay.lt\/produktas\/classic-world-edu-smelio-zaidimu-siena\/#primaryimage","url":"https:\/\/kidsplay.lt\/wp-content\/uploads\/2025\/10\/CLASSIC-WORLD-EDU-smelio-zaidimu-siena.jpg","contentUrl":"https:\/\/kidsplay.lt\/wp-content\/uploads\/2025\/10\/CLASSIC-WORLD-EDU-smelio-zaidimu-siena.jpg","width":2455,"height":2456,"caption":"CLASSIC WORLD EDU sm\u0117lio \u017eaidim\u0173 siena"},{"@type":"BreadcrumbList","@id":"https:\/\/kidsplay.lt\/produktas\/classic-world-edu-smelio-zaidimu-siena\/#breadcrumb","itemListElement":[{"@type":"ListItem","position":1,"name":"Pagrindinis","item":"https:\/\/kidsplay.lt\/"},{"@type":"ListItem","position":2,"name":"Parduotuv\u0117","item":"https:\/\/kidsplay.lt\/parduotuve\/"},{"@type":"ListItem","position":3,"name":"CLASSIC WORLD EDU sm\u0117lio \u017eaidim\u0173 siena"}]},{"@type":"WebSite","@id":"https:\/\/kidsplay.lt\/#website","url":"https:\/\/kidsplay.lt\/","name":"B\u0113rnu sp\u0113les.lv","description":"\u012evairios prek\u0117s vaikams","publisher":{"@id":"https:\/\/kidsplay.lt\/#organization"},"alternateName":"Kidsplay","potentialAction":[{"@type":"SearchAction","target":{"@type":"EntryPoint","urlTemplate":"https:\/\/kidsplay.lt\/?s={search_term_string}"},"query-input":{"@type":"PropertyValueSpecification","valueRequired":true,"valueName":"search_term_string"}}],"inLanguage":"lv-LV"},{"@type":"Organization","@id":"https:\/\/kidsplay.lt\/#organization","name":"B\u0113rnu sp\u0113le","url":"https:\/\/kidsplay.lt\/","logo":{"@type":"ImageObject","inLanguage":"lv-LV","@id":"https:\/\/kidsplay.lt\/#\/schema\/logo\/image\/","url":"https:\/\/kidsplay.lt\/wp-content\/uploads\/2023\/07\/kidsplay-logo.png","contentUrl":"https:\/\/kidsplay.lt\/wp-content\/uploads\/2023\/07\/kidsplay-logo.png","width":451,"height":98,"caption":"KidsPlay"},"image":{"@id":"https:\/\/kidsplay.lt\/#\/schema\/logo\/image\/"},"sameAs":["https:\/\/www.facebook.com\/www.kidsplay.lt"]}]}},"_links":{"self":[{"href":"https:\/\/kidsplay.lt\/lv\/wp-json\/wp\/v2\/product\/89471","targetHints":{"allow":["GET"]}}],"collection":[{"href":"https:\/\/kidsplay.lt\/lv\/wp-json\/wp\/v2\/product"}],"about":[{"href":"https:\/\/kidsplay.lt\/lv\/wp-json\/wp\/v2\/types\/product"}],"version-history":[{"count":1,"href":"https:\/\/kidsplay.lt\/lv\/wp-json\/wp\/v2\/product\/89471\/revisions"}],"predecessor-version":[{"id":89472,"href":"https:\/\/kidsplay.lt\/lv\/wp-json\/wp\/v2\/product\/89471\/revisions\/89472"}],"wp:featuredmedia":[{"embeddable":true,"href":"https:\/\/kidsplay.lt\/lv\/wp-json\/wp\/v2\/media\/67850"}],"wp:attachment":[{"href":"https:\/\/kidsplay.lt\/lv\/wp-json\/wp\/v2\/media?parent=89471"}],"wp:term":[{"taxonomy":"product_brand","embeddable":true,"href":"https:\/\/kidsplay.lt\/lv\/wp-json\/wp\/v2\/product_brand?post=89471"},{"taxonomy":"product_cat","embeddable":true,"href":"https:\/\/kidsplay.lt\/lv\/wp-json\/wp\/v2\/product_cat?post=89471"},{"taxonomy":"product_tag","embeddable":true,"href":"https:\/\/kidsplay.lt\/lv\/wp-json\/wp\/v2\/product_tag?post=89471"}],"curies":[{"name":"wp","href":"https:\/\/api.w.org\/{rel}","templated":true}]}}