{"id":89478,"date":"2026-02-26T09:21:55","date_gmt":"2026-02-26T07:21:55","guid":{"rendered":"https:\/\/kidsplay.lt\/produktas\/medine-deze-daiktams\/"},"modified":"2026-04-13T14:58:41","modified_gmt":"2026-04-13T11:58:41","slug":"medine-deze-daiktams","status":"publish","type":"product","link":"https:\/\/kidsplay.lt\/lv\/products\/medine-deze-daiktams\/","title":{"rendered":"Koka kaste liet\u0101m"},"content":{"rendered":"<p>Viga Toys medin\u0117 d\u0117\u017eut\u0117 pie\u0161imo ir ra\u0161ymo lentoms laikyti. Jame tilps visos serijos lentos, tod\u0117l bus lengva i\u0161laikyti \u0161var\u0105 ir tvark\u0105, be to, jis pagamintas labai esteti\u0161kai ir puikiai der\u0117s prie \u017eaidim\u0173 kambario dekoro.<\/p>\n<p>\u201eViga\u201c yra prek\u0117s \u017eenklas, \u012fregistruotas 2003 m., ta\u010diau jau veikiantis daugiau nei 60 pasaulio \u0161ali\u0173. J\u0173 novatori\u0161kos id\u0117jos sulauk\u0117 pripa\u017einimo, be kita ko. Europoje, JAV, tolimojoje Australijoje ir Japonijoje. \u012emon\u0117s \u012fk\u016br\u0117jai atkreip\u0117 d\u0117mes\u012f \u012f tyrim\u0173 rezultatus, parodan\u010dius \u017eaidimo ir mokymosi ry\u0161\u012f ankstyvaisiais vaik\u0173 raidos metais. Nor\u0117damas pad\u0117ti t\u0117vams ir ugdymo \u012fstaigoms auginti vaikus ir i\u0161gelb\u0117ti juos nuo virtualaus pasaulio, galin\u010dio gerokai i\u0161kreipti tikrov\u0119, gamintojas si\u016blo inovatyv\u0173 asortiment\u0105 i\u0161 nat\u016brali\u0173 med\u017eiag\u0173, gaut\u0173 ekologi\u0161k\u0173 gamybos proces\u0173 metu. Medienos gamini\u0173 sauga ir kokyb\u0117 yra Vigi prioritetas, gamintojas pasir\u016bpino, kad \u017eaislams da\u017eyti naudojami da\u017eai atitikt\u0173 EN71 ir ASTM saugos standartus.<\/p>","protected":false},"excerpt":{"rendered":"<p>Viga Toys medin\u0117 d\u0117\u017eut\u0117 pie\u0161imo ir ra\u0161ymo lentoms laikyti. Jame tilps visos serijos lentos, tod\u0117l bus lengva i\u0161laikyti \u0161var\u0105 ir<\/p>","protected":false},"featured_media":54805,"template":"","meta":{"_acf_changed":false,"_glsr_average":0,"_glsr_ranking":0,"_glsr_reviews":0},"product_brand":[],"product_cat":[311,254],"product_tag":[],"class_list":{"0":"post-89478","1":"product","2":"type-product","3":"status-publish","4":"has-post-thumbnail","6":"product_cat-lentynos","7":"product_cat-vaiko-kambarys","8":"\"style=\"background-color: #2ecc711c;\"","10":"first","11":"instock","12":"purchasable","13":"product-type-simple"},"acf":[],"yoast_head":"<!-- This site is optimized with the Yoast SEO plugin v27.4 - https:\/\/yoast.com\/product\/yoast-seo-wordpress\/ -->\n<title>Medin\u0117 d\u0117\u017e\u0117 daiktams<\/title>\n<meta name=\"description\" content=\"Medin\u0117 d\u0117\u017e\u0117 daiktams - KidsPlay. Did\u017eiausias vaik\u0173 \u017eaisl\u0173 pasirinkimas.\" \/>\n<meta name=\"robots\" content=\"index, follow, max-snippet:-1, max-image-preview:large, max-video-preview:-1\" \/>\n<link rel=\"canonical\" href=\"https:\/\/kidsplay.lt\/lv\/products\/medine-deze-daiktams\/\" \/>\n<meta property=\"og:locale\" content=\"lv_LV\" \/>\n<meta property=\"og:type\" content=\"article\" \/>\n<meta property=\"og:title\" content=\"Medin\u0117 d\u0117\u017e\u0117 daiktams\" \/>\n<meta property=\"og:description\" content=\"Medin\u0117 d\u0117\u017e\u0117 daiktams - KidsPlay. Did\u017eiausias vaik\u0173 \u017eaisl\u0173 pasirinkimas.\" \/>\n<meta property=\"og:url\" content=\"https:\/\/kidsplay.lt\/lv\/products\/medine-deze-daiktams\/\" \/>\n<meta property=\"og:site_name\" content=\"KidsPlay\" \/>\n<meta property=\"article:publisher\" content=\"https:\/\/www.facebook.com\/www.kidsplay.lt\" \/>\n<meta property=\"article:modified_time\" content=\"2026-04-13T11:58:41+00:00\" \/>\n<meta property=\"og:image\" content=\"https:\/\/kidsplay.lt\/wp-content\/uploads\/2024\/09\/Medine-deze-daiktams.jpg\" \/>\n\t<meta property=\"og:image:width\" content=\"1080\" \/>\n\t<meta property=\"og:image:height\" content=\"795\" \/>\n\t<meta property=\"og:image:type\" content=\"image\/jpeg\" \/>\n<meta name=\"twitter:card\" content=\"summary_large_image\" \/>\n<meta name=\"twitter:label1\" content=\"Est. reading time\" \/>\n\t<meta name=\"twitter:data1\" content=\"1 min\u016bte\" \/>\n<script type=\"application\/ld+json\" class=\"yoast-schema-graph\">{\"@context\":\"https:\\\/\\\/schema.org\",\"@graph\":[{\"@type\":\"WebPage\",\"@id\":\"https:\\\/\\\/kidsplay.lt\\\/produktas\\\/medine-deze-daiktams\\\/\",\"url\":\"https:\\\/\\\/kidsplay.lt\\\/produktas\\\/medine-deze-daiktams\\\/\",\"name\":\"Medin\u0117 d\u0117\u017e\u0117 daiktams\",\"isPartOf\":{\"@id\":\"https:\\\/\\\/kidsplay.lt\\\/#website\"},\"primaryImageOfPage\":{\"@id\":\"https:\\\/\\\/kidsplay.lt\\\/produktas\\\/medine-deze-daiktams\\\/#primaryimage\"},\"image\":{\"@id\":\"https:\\\/\\\/kidsplay.lt\\\/produktas\\\/medine-deze-daiktams\\\/#primaryimage\"},\"thumbnailUrl\":\"https:\\\/\\\/kidsplay.lt\\\/wp-content\\\/uploads\\\/2024\\\/09\\\/Medine-deze-daiktams.jpg\",\"datePublished\":\"2026-02-26T07:21:55+00:00\",\"dateModified\":\"2026-04-13T11:58:41+00:00\",\"description\":\"Medin\u0117 d\u0117\u017e\u0117 daiktams - KidsPlay. Did\u017eiausias vaik\u0173 \u017eaisl\u0173 pasirinkimas.\",\"breadcrumb\":{\"@id\":\"https:\\\/\\\/kidsplay.lt\\\/produktas\\\/medine-deze-daiktams\\\/#breadcrumb\"},\"inLanguage\":\"lv-LV\",\"potentialAction\":[{\"@type\":\"ReadAction\",\"target\":[\"https:\\\/\\\/kidsplay.lt\\\/produktas\\\/medine-deze-daiktams\\\/\"]}]},{\"@type\":\"ImageObject\",\"inLanguage\":\"lv-LV\",\"@id\":\"https:\\\/\\\/kidsplay.lt\\\/produktas\\\/medine-deze-daiktams\\\/#primaryimage\",\"url\":\"https:\\\/\\\/kidsplay.lt\\\/wp-content\\\/uploads\\\/2024\\\/09\\\/Medine-deze-daiktams.jpg\",\"contentUrl\":\"https:\\\/\\\/kidsplay.lt\\\/wp-content\\\/uploads\\\/2024\\\/09\\\/Medine-deze-daiktams.jpg\",\"width\":1080,\"height\":795,\"caption\":\"Medin\u0117 d\u0117\u017e\u0117 daiktams\"},{\"@type\":\"BreadcrumbList\",\"@id\":\"https:\\\/\\\/kidsplay.lt\\\/produktas\\\/medine-deze-daiktams\\\/#breadcrumb\",\"itemListElement\":[{\"@type\":\"ListItem\",\"position\":1,\"name\":\"Pagrindinis\",\"item\":\"https:\\\/\\\/kidsplay.lt\\\/\"},{\"@type\":\"ListItem\",\"position\":2,\"name\":\"Parduotuv\u0117\",\"item\":\"https:\\\/\\\/kidsplay.lt\\\/parduotuve\\\/\"},{\"@type\":\"ListItem\",\"position\":3,\"name\":\"Medin\u0117 d\u0117\u017e\u0117 daiktams\"}]},{\"@type\":\"WebSite\",\"@id\":\"https:\\\/\\\/kidsplay.lt\\\/#website\",\"url\":\"https:\\\/\\\/kidsplay.lt\\\/\",\"name\":\"Kidsplay.lt\",\"description\":\"\u012evairios prek\u0117s vaikams\",\"publisher\":{\"@id\":\"https:\\\/\\\/kidsplay.lt\\\/#organization\"},\"alternateName\":\"Kidsplay\",\"potentialAction\":[{\"@type\":\"SearchAction\",\"target\":{\"@type\":\"EntryPoint\",\"urlTemplate\":\"https:\\\/\\\/kidsplay.lt\\\/?s={search_term_string}\"},\"query-input\":{\"@type\":\"PropertyValueSpecification\",\"valueRequired\":true,\"valueName\":\"search_term_string\"}}],\"inLanguage\":\"lv-LV\"},{\"@type\":\"Organization\",\"@id\":\"https:\\\/\\\/kidsplay.lt\\\/#organization\",\"name\":\"KidsPlay\",\"url\":\"https:\\\/\\\/kidsplay.lt\\\/\",\"logo\":{\"@type\":\"ImageObject\",\"inLanguage\":\"lv-LV\",\"@id\":\"https:\\\/\\\/kidsplay.lt\\\/#\\\/schema\\\/logo\\\/image\\\/\",\"url\":\"https:\\\/\\\/kidsplay.lt\\\/wp-content\\\/uploads\\\/2023\\\/07\\\/kidsplay-logo.png\",\"contentUrl\":\"https:\\\/\\\/kidsplay.lt\\\/wp-content\\\/uploads\\\/2023\\\/07\\\/kidsplay-logo.png\",\"width\":451,\"height\":98,\"caption\":\"KidsPlay\"},\"image\":{\"@id\":\"https:\\\/\\\/kidsplay.lt\\\/#\\\/schema\\\/logo\\\/image\\\/\"},\"sameAs\":[\"https:\\\/\\\/www.facebook.com\\\/www.kidsplay.lt\"]}]}<\/script>\n<!-- \/ Yoast SEO plugin. -->","yoast_head_json":{"title":"Koka kaste liet\u0101m","description":"Medin\u0117 d\u0117\u017e\u0117 daiktams - KidsPlay. Did\u017eiausias vaik\u0173 \u017eaisl\u0173 pasirinkimas.","robots":{"index":"index","follow":"follow","max-snippet":"max-snippet:-1","max-image-preview":"max-image-preview:large","max-video-preview":"max-video-preview:-1"},"canonical":"https:\/\/kidsplay.lt\/lv\/products\/medine-deze-daiktams\/","og_locale":"lv_LV","og_type":"article","og_title":"Medin\u0117 d\u0117\u017e\u0117 daiktams","og_description":"Medin\u0117 d\u0117\u017e\u0117 daiktams - KidsPlay. Did\u017eiausias vaik\u0173 \u017eaisl\u0173 pasirinkimas.","og_url":"https:\/\/kidsplay.lt\/lv\/products\/medine-deze-daiktams\/","og_site_name":"KidsPlay","article_publisher":"https:\/\/www.facebook.com\/www.kidsplay.lt","article_modified_time":"2026-04-13T11:58:41+00:00","og_image":[{"width":1080,"height":795,"url":"https:\/\/kidsplay.lt\/wp-content\/uploads\/2024\/09\/Medine-deze-daiktams.jpg","type":"image\/jpeg"}],"twitter_card":"summary_large_image","twitter_misc":{"Est. reading time":"1 min\u016bte"},"schema":{"@context":"https:\/\/schema.org","@graph":[{"@type":"WebPage","@id":"https:\/\/kidsplay.lt\/produktas\/medine-deze-daiktams\/","url":"https:\/\/kidsplay.lt\/produktas\/medine-deze-daiktams\/","name":"Koka kaste liet\u0101m","isPartOf":{"@id":"https:\/\/kidsplay.lt\/#website"},"primaryImageOfPage":{"@id":"https:\/\/kidsplay.lt\/produktas\/medine-deze-daiktams\/#primaryimage"},"image":{"@id":"https:\/\/kidsplay.lt\/produktas\/medine-deze-daiktams\/#primaryimage"},"thumbnailUrl":"https:\/\/kidsplay.lt\/wp-content\/uploads\/2024\/09\/Medine-deze-daiktams.jpg","datePublished":"2026-02-26T07:21:55+00:00","dateModified":"2026-04-13T11:58:41+00:00","description":"Medin\u0117 d\u0117\u017e\u0117 daiktams - KidsPlay. Did\u017eiausias vaik\u0173 \u017eaisl\u0173 pasirinkimas.","breadcrumb":{"@id":"https:\/\/kidsplay.lt\/produktas\/medine-deze-daiktams\/#breadcrumb"},"inLanguage":"lv-LV","potentialAction":[{"@type":"ReadAction","target":["https:\/\/kidsplay.lt\/produktas\/medine-deze-daiktams\/"]}]},{"@type":"ImageObject","inLanguage":"lv-LV","@id":"https:\/\/kidsplay.lt\/produktas\/medine-deze-daiktams\/#primaryimage","url":"https:\/\/kidsplay.lt\/wp-content\/uploads\/2024\/09\/Medine-deze-daiktams.jpg","contentUrl":"https:\/\/kidsplay.lt\/wp-content\/uploads\/2024\/09\/Medine-deze-daiktams.jpg","width":1080,"height":795,"caption":"Medin\u0117 d\u0117\u017e\u0117 daiktams"},{"@type":"BreadcrumbList","@id":"https:\/\/kidsplay.lt\/produktas\/medine-deze-daiktams\/#breadcrumb","itemListElement":[{"@type":"ListItem","position":1,"name":"Pagrindinis","item":"https:\/\/kidsplay.lt\/"},{"@type":"ListItem","position":2,"name":"Parduotuv\u0117","item":"https:\/\/kidsplay.lt\/parduotuve\/"},{"@type":"ListItem","position":3,"name":"Medin\u0117 d\u0117\u017e\u0117 daiktams"}]},{"@type":"WebSite","@id":"https:\/\/kidsplay.lt\/#website","url":"https:\/\/kidsplay.lt\/","name":"B\u0113rnu sp\u0113les.lv","description":"\u012evairios prek\u0117s vaikams","publisher":{"@id":"https:\/\/kidsplay.lt\/#organization"},"alternateName":"Kidsplay","potentialAction":[{"@type":"SearchAction","target":{"@type":"EntryPoint","urlTemplate":"https:\/\/kidsplay.lt\/?s={search_term_string}"},"query-input":{"@type":"PropertyValueSpecification","valueRequired":true,"valueName":"search_term_string"}}],"inLanguage":"lv-LV"},{"@type":"Organization","@id":"https:\/\/kidsplay.lt\/#organization","name":"B\u0113rnu sp\u0113le","url":"https:\/\/kidsplay.lt\/","logo":{"@type":"ImageObject","inLanguage":"lv-LV","@id":"https:\/\/kidsplay.lt\/#\/schema\/logo\/image\/","url":"https:\/\/kidsplay.lt\/wp-content\/uploads\/2023\/07\/kidsplay-logo.png","contentUrl":"https:\/\/kidsplay.lt\/wp-content\/uploads\/2023\/07\/kidsplay-logo.png","width":451,"height":98,"caption":"KidsPlay"},"image":{"@id":"https:\/\/kidsplay.lt\/#\/schema\/logo\/image\/"},"sameAs":["https:\/\/www.facebook.com\/www.kidsplay.lt"]}]}},"_links":{"self":[{"href":"https:\/\/kidsplay.lt\/lv\/wp-json\/wp\/v2\/product\/89478","targetHints":{"allow":["GET"]}}],"collection":[{"href":"https:\/\/kidsplay.lt\/lv\/wp-json\/wp\/v2\/product"}],"about":[{"href":"https:\/\/kidsplay.lt\/lv\/wp-json\/wp\/v2\/types\/product"}],"version-history":[{"count":1,"href":"https:\/\/kidsplay.lt\/lv\/wp-json\/wp\/v2\/product\/89478\/revisions"}],"predecessor-version":[{"id":89479,"href":"https:\/\/kidsplay.lt\/lv\/wp-json\/wp\/v2\/product\/89478\/revisions\/89479"}],"wp:featuredmedia":[{"embeddable":true,"href":"https:\/\/kidsplay.lt\/lv\/wp-json\/wp\/v2\/media\/54805"}],"wp:attachment":[{"href":"https:\/\/kidsplay.lt\/lv\/wp-json\/wp\/v2\/media?parent=89478"}],"wp:term":[{"taxonomy":"product_brand","embeddable":true,"href":"https:\/\/kidsplay.lt\/lv\/wp-json\/wp\/v2\/product_brand?post=89478"},{"taxonomy":"product_cat","embeddable":true,"href":"https:\/\/kidsplay.lt\/lv\/wp-json\/wp\/v2\/product_cat?post=89478"},{"taxonomy":"product_tag","embeddable":true,"href":"https:\/\/kidsplay.lt\/lv\/wp-json\/wp\/v2\/product_tag?post=89478"}],"curies":[{"name":"wp","href":"https:\/\/api.w.org\/{rel}","templated":true}]}}