{"id":89484,"date":"2026-02-26T09:22:02","date_gmt":"2026-02-26T07:22:02","guid":{"rendered":"https:\/\/kidsplay.lt\/produktas\/medinis-mokomasis-stumdukas-stalas-krokodilas\/"},"modified":"2026-04-13T14:58:52","modified_gmt":"2026-04-13T11:58:52","slug":"medinis-mokomasis-stumdukas-stalas-krokodilas","status":"publish","type":"product","link":"https:\/\/kidsplay.lt\/lv\/products\/medinis-mokomasis-stumdukas-stalas-krokodilas\/","title":{"rendered":"Medinis mokomasis stumdukas-stalas krokodilas"},"content":{"rendered":"<p>VIGA\u00a0\u00a0prek\u0117s\u00a0 \u017eenklo\u00a0mediniame krokodilo vaik\u0161tyne\u00a0\u00a0yra daugyb\u0117\u00a0\u00a0\u012fdomi\u0173\u00a0\u00a0u\u017esi\u0117mim\u0173 ma\u017eiems vaikams:\u00a0 gyv\u016bn\u0173\u00a0labirintas\u00a0\u00a0,\u00a0\u00a0ksilofonas\u00a0,\u00a0\u00a0krumpliara\u010diai, form\u0173 r\u016b\u0161iuotojas\u00a0,\u00a0\u00a0abakas\u00a0\u00a0ir daugelis kit\u0173.\u00a0Patvari\u00a0\u00a0konstrukcija suteikia\u00a0\u00a0stabili\u0105\u00a0\u00a0atram\u0105\u00a0, kad j\u016bs\u0173 k\u016bdikis gal\u0117t\u0173 u\u017etikrintai\u00a0\u00a0prad\u0117ti\u00a0\u00a0mokytis\u00a0\u00a0vaik\u0161\u010dioti\u00a0\u00a0ir padeda\u00a0\u00a0i\u0161laikyti pusiausvyr\u0105\u00a0. Naudodamas \u0161ioje vaik\u0161tyn\u0117je esan\u010dias veiklas, vaikas gal\u0117s\u00a0\u00a0lavinti\u00a0rank\u0173\u00a0\u012fg\u016bd\u017eius\u00a0\u00a0,\u00a0\u00a0aki\u0173\u00a0\u00a0&#8211;\u00a0rank\u0173\u00a0koordinacij\u0105\u00a0,\u00a0logik\u0105\u00a0\u00a0,\u00a0taip pat prad\u0117s\u00a0\u00a0mokytis\u00a0form\u0173\u00a0,\u00a0\u00a0spalv\u0173\u00a0\u00a0ir\u00a0\u00a0skai\u010di\u0173\u00a0. Jame yra vietos m\u0117gstamiems \u017eaislams laikyti.<\/p>\n<p>Raksturojums:<\/p>\n<p> \t&#8211; \u017eaislas\u00a0\u00a0nuo 12 m\u0117nesi\u0173 am\u017eiaus,<br \/>\n \t&#8211; padeda\u00a0\u00a0mokytis vaik\u0161\u010dioti,<br \/>\n \t&#8211; yra\u00a0\u00a0daugyb\u0117\u00a0\u00a0skirting\u0173 veikl\u0173\u00a0\u00a0:<\/p>\n<p> \t&#8211;\u00a0\u00a0abakas,\u00a0\u00a0skirtas pradiniam skai\u010di\u0173 mokymuisi,<br \/>\n \t&#8211; besisukantys\u00a0\u00a0blokai\u00a0\u00a0su skai\u010diais\u00a0\u00a0ir juos vaizduojan\u010diais paveiksl\u0117liais,<br \/>\n \t&#8211;\u00a0\u00a0labirintas\u00a0\u00a0su gyv\u016bnais,<br \/>\n \t&#8211;\u00a0\u00a0ksilofonas\u00a0\u00a0muzikos mokymuisi,<br \/>\n \t&#8211;\u00a0\u00a0\u00a0sukimosi\u00a0pavaros ,<br \/>\n \t&#8211;\u00a0\u00a0galvos\u016bkis\u00a0\u00a0ant kai\u0161\u010di\u0173,<br \/>\n \t&#8211; krokodilas turi skriemul\u012f vienoje pus\u0117je, kur\u012f galima perkelti nurodytu mar\u0161rutu,<br \/>\n \t&#8211;\u00a0\u00a0\u00a0form\u0173\u00a0r\u016b\u0161iuotojas ,<br \/>\n \t&#8211; besisukanti, skambanti\u00a0\u00a0plok\u0161tel\u0117,<br \/>\n \t&#8211;\u00a0\u00a0gongas,<br \/>\n \t&#8211;\u00a0\u00a0variklio\u00a0\u00a0kilpa su 5 karoliukais.<\/p>\n<p>\u017daislas vysto:<\/p>\n<p> \t&#8211; stambioji motorika,<br \/>\n \t&#8211; smulkioji motorika\u00a0\u00a0(rankiniai \u012fg\u016bd\u017eiai),<br \/>\n \t\u2013 lo\u0123isk\u0101 dom\u0101\u0161ana,<br \/>\n \t&#8211; vaizduot\u0117,<br \/>\n \t&#8211; aki\u0173-rank\u0173 koordinacija,<br \/>\n \t&#8211;\u00a0\u00a0stimuliuoja\u00a0\u00a0klausos jausm\u0105,<br \/>\n \t&#8211;\u00a0\u00a0si\u016blo \u012fvadin\u012f\u00a0\u00a0spalv\u0173, form\u0173 ir skai\u010di\u0173 mokym\u0105si.<\/p>\n<p>VIGA TOYS\u00a0\u00a0yra gra\u017e\u016bs, gerai apgalvoti ir saug\u016bs\u00a0\u00a0mediniai \u017eaislai\u00a0.\u00a0Daugiau nei 20 met\u0173 patirtis yra kokyb\u0117s ir puikaus dizaino garantija. Medini\u0173 \u017eaisl\u0173 pasi\u016bla: virtuv\u0117s, aksesuarai, vaik\u0161tyn\u0117s, dvira\u010diai, mokomieji \u017eaislai, muzikiniai \u017eaislai, suvarstomi \u017eaislai, arkadiniai \u017eaislai, plok\u0161\u010dios kalad\u0117l\u0117s, erdviniai blokai, traukiniai ir traukiniai, namai ir teatrai, d\u0117lion\u0117s, \u017eaidimai, mini \u017eaislai , mokykliniai reikmenys ir daugelis kit\u0173.<\/p>","protected":false},"excerpt":{"rendered":"<p>VIGA\u00a0\u00a0prek\u0117s\u00a0 \u017eenklo\u00a0mediniame krokodilo vaik\u0161tyne\u00a0\u00a0yra daugyb\u0117\u00a0\u00a0\u012fdomi\u0173\u00a0\u00a0u\u017esi\u0117mim\u0173 ma\u017eiems vaikams:\u00a0 gyv\u016bn\u0173\u00a0labirintas\u00a0\u00a0,\u00a0\u00a0ksilofonas\u00a0,\u00a0\u00a0krumpliara\u010diai, form\u0173 r\u016b\u0161iuotojas\u00a0,\u00a0\u00a0abakas\u00a0\u00a0ir daugelis kit\u0173.\u00a0Patvari\u00a0\u00a0konstrukcija suteikia\u00a0\u00a0stabili\u0105\u00a0\u00a0atram\u0105\u00a0, kad j\u016bs\u0173 k\u016bdikis gal\u0117t\u0173 u\u017etikrintai\u00a0\u00a0prad\u0117ti\u00a0\u00a0mokytis\u00a0\u00a0vaik\u0161\u010dioti\u00a0\u00a0ir padeda\u00a0\u00a0i\u0161laikyti pusiausvyr\u0105\u00a0.<\/p>","protected":false},"featured_media":54842,"template":"","meta":{"_acf_changed":false,"_glsr_average":0,"_glsr_ranking":0,"_glsr_reviews":0},"product_brand":[],"product_cat":[882,392],"product_tag":[],"class_list":{"0":"post-89484","1":"product","2":"type-product","3":"status-publish","4":"has-post-thumbnail","6":"product_cat-kudikiu-prieziura","7":"product_cat-stumdukai-ir-vaikstynes","8":"\"style=\"background-color: #2ecc711c;\"","10":"first","11":"instock","12":"purchasable","13":"product-type-simple"},"acf":[],"yoast_head":"<!-- This site is optimized with the Yoast SEO plugin v27.4 - https:\/\/yoast.com\/product\/yoast-seo-wordpress\/ -->\n<title>Medinis mokomasis stumdukas-stalas krokodilas<\/title>\n<meta name=\"description\" content=\"Medinis mokomasis stumdukas-stalas krokodilas - KidsPlay. Did\u017eiausias vaik\u0173 \u017eaisl\u0173 pasirinkimas.\" \/>\n<meta name=\"robots\" content=\"index, follow, max-snippet:-1, max-image-preview:large, max-video-preview:-1\" \/>\n<link rel=\"canonical\" href=\"https:\/\/kidsplay.lt\/lv\/products\/medinis-mokomasis-stumdukas-stalas-krokodilas\/\" \/>\n<meta property=\"og:locale\" content=\"lv_LV\" \/>\n<meta property=\"og:type\" content=\"article\" \/>\n<meta property=\"og:title\" content=\"Medinis mokomasis stumdukas-stalas krokodilas\" \/>\n<meta property=\"og:description\" content=\"Medinis mokomasis stumdukas-stalas krokodilas - KidsPlay. Did\u017eiausias vaik\u0173 \u017eaisl\u0173 pasirinkimas.\" \/>\n<meta property=\"og:url\" content=\"https:\/\/kidsplay.lt\/lv\/products\/medinis-mokomasis-stumdukas-stalas-krokodilas\/\" \/>\n<meta property=\"og:site_name\" content=\"KidsPlay\" \/>\n<meta property=\"article:publisher\" content=\"https:\/\/www.facebook.com\/www.kidsplay.lt\" \/>\n<meta property=\"article:modified_time\" content=\"2026-04-13T11:58:52+00:00\" \/>\n<meta property=\"og:image\" content=\"https:\/\/kidsplay.lt\/wp-content\/uploads\/2024\/09\/Medinis-mokomasis-stumdukas-stalas-krokodilas.jpg\" \/>\n\t<meta property=\"og:image:width\" content=\"2560\" \/>\n\t<meta property=\"og:image:height\" content=\"2560\" \/>\n\t<meta property=\"og:image:type\" content=\"image\/jpeg\" \/>\n<meta name=\"twitter:card\" content=\"summary_large_image\" \/>\n<meta name=\"twitter:label1\" content=\"Est. reading time\" \/>\n\t<meta name=\"twitter:data1\" content=\"1 min\u016bte\" \/>\n<script type=\"application\/ld+json\" class=\"yoast-schema-graph\">{\"@context\":\"https:\\\/\\\/schema.org\",\"@graph\":[{\"@type\":\"WebPage\",\"@id\":\"https:\\\/\\\/kidsplay.lt\\\/produktas\\\/medinis-mokomasis-stumdukas-stalas-krokodilas\\\/\",\"url\":\"https:\\\/\\\/kidsplay.lt\\\/produktas\\\/medinis-mokomasis-stumdukas-stalas-krokodilas\\\/\",\"name\":\"Medinis mokomasis stumdukas-stalas krokodilas\",\"isPartOf\":{\"@id\":\"https:\\\/\\\/kidsplay.lt\\\/#website\"},\"primaryImageOfPage\":{\"@id\":\"https:\\\/\\\/kidsplay.lt\\\/produktas\\\/medinis-mokomasis-stumdukas-stalas-krokodilas\\\/#primaryimage\"},\"image\":{\"@id\":\"https:\\\/\\\/kidsplay.lt\\\/produktas\\\/medinis-mokomasis-stumdukas-stalas-krokodilas\\\/#primaryimage\"},\"thumbnailUrl\":\"https:\\\/\\\/kidsplay.lt\\\/wp-content\\\/uploads\\\/2024\\\/09\\\/Medinis-mokomasis-stumdukas-stalas-krokodilas.jpg\",\"datePublished\":\"2026-02-26T07:22:02+00:00\",\"dateModified\":\"2026-04-13T11:58:52+00:00\",\"description\":\"Medinis mokomasis stumdukas-stalas krokodilas - KidsPlay. Did\u017eiausias vaik\u0173 \u017eaisl\u0173 pasirinkimas.\",\"breadcrumb\":{\"@id\":\"https:\\\/\\\/kidsplay.lt\\\/produktas\\\/medinis-mokomasis-stumdukas-stalas-krokodilas\\\/#breadcrumb\"},\"inLanguage\":\"lv-LV\",\"potentialAction\":[{\"@type\":\"ReadAction\",\"target\":[\"https:\\\/\\\/kidsplay.lt\\\/produktas\\\/medinis-mokomasis-stumdukas-stalas-krokodilas\\\/\"]}]},{\"@type\":\"ImageObject\",\"inLanguage\":\"lv-LV\",\"@id\":\"https:\\\/\\\/kidsplay.lt\\\/produktas\\\/medinis-mokomasis-stumdukas-stalas-krokodilas\\\/#primaryimage\",\"url\":\"https:\\\/\\\/kidsplay.lt\\\/wp-content\\\/uploads\\\/2024\\\/09\\\/Medinis-mokomasis-stumdukas-stalas-krokodilas.jpg\",\"contentUrl\":\"https:\\\/\\\/kidsplay.lt\\\/wp-content\\\/uploads\\\/2024\\\/09\\\/Medinis-mokomasis-stumdukas-stalas-krokodilas.jpg\",\"width\":2560,\"height\":2560,\"caption\":\"Medinis mokomasis stumdukas-stalas krokodilas\"},{\"@type\":\"BreadcrumbList\",\"@id\":\"https:\\\/\\\/kidsplay.lt\\\/produktas\\\/medinis-mokomasis-stumdukas-stalas-krokodilas\\\/#breadcrumb\",\"itemListElement\":[{\"@type\":\"ListItem\",\"position\":1,\"name\":\"Pagrindinis\",\"item\":\"https:\\\/\\\/kidsplay.lt\\\/\"},{\"@type\":\"ListItem\",\"position\":2,\"name\":\"Parduotuv\u0117\",\"item\":\"https:\\\/\\\/kidsplay.lt\\\/parduotuve\\\/\"},{\"@type\":\"ListItem\",\"position\":3,\"name\":\"Medinis mokomasis stumdukas-stalas krokodilas\"}]},{\"@type\":\"WebSite\",\"@id\":\"https:\\\/\\\/kidsplay.lt\\\/#website\",\"url\":\"https:\\\/\\\/kidsplay.lt\\\/\",\"name\":\"Kidsplay.lt\",\"description\":\"\u012evairios prek\u0117s vaikams\",\"publisher\":{\"@id\":\"https:\\\/\\\/kidsplay.lt\\\/#organization\"},\"alternateName\":\"Kidsplay\",\"potentialAction\":[{\"@type\":\"SearchAction\",\"target\":{\"@type\":\"EntryPoint\",\"urlTemplate\":\"https:\\\/\\\/kidsplay.lt\\\/?s={search_term_string}\"},\"query-input\":{\"@type\":\"PropertyValueSpecification\",\"valueRequired\":true,\"valueName\":\"search_term_string\"}}],\"inLanguage\":\"lv-LV\"},{\"@type\":\"Organization\",\"@id\":\"https:\\\/\\\/kidsplay.lt\\\/#organization\",\"name\":\"KidsPlay\",\"url\":\"https:\\\/\\\/kidsplay.lt\\\/\",\"logo\":{\"@type\":\"ImageObject\",\"inLanguage\":\"lv-LV\",\"@id\":\"https:\\\/\\\/kidsplay.lt\\\/#\\\/schema\\\/logo\\\/image\\\/\",\"url\":\"https:\\\/\\\/kidsplay.lt\\\/wp-content\\\/uploads\\\/2023\\\/07\\\/kidsplay-logo.png\",\"contentUrl\":\"https:\\\/\\\/kidsplay.lt\\\/wp-content\\\/uploads\\\/2023\\\/07\\\/kidsplay-logo.png\",\"width\":451,\"height\":98,\"caption\":\"KidsPlay\"},\"image\":{\"@id\":\"https:\\\/\\\/kidsplay.lt\\\/#\\\/schema\\\/logo\\\/image\\\/\"},\"sameAs\":[\"https:\\\/\\\/www.facebook.com\\\/www.kidsplay.lt\"]}]}<\/script>\n<!-- \/ Yoast SEO plugin. -->","yoast_head_json":{"title":"Medinis mokomasis stumdukas-stalas krokodilas","description":"Medinis mokomasis stumdukas-stalas krokodilas - KidsPlay. Did\u017eiausias vaik\u0173 \u017eaisl\u0173 pasirinkimas.","robots":{"index":"index","follow":"follow","max-snippet":"max-snippet:-1","max-image-preview":"max-image-preview:large","max-video-preview":"max-video-preview:-1"},"canonical":"https:\/\/kidsplay.lt\/lv\/products\/medinis-mokomasis-stumdukas-stalas-krokodilas\/","og_locale":"lv_LV","og_type":"article","og_title":"Medinis mokomasis stumdukas-stalas krokodilas","og_description":"Medinis mokomasis stumdukas-stalas krokodilas - KidsPlay. Did\u017eiausias vaik\u0173 \u017eaisl\u0173 pasirinkimas.","og_url":"https:\/\/kidsplay.lt\/lv\/products\/medinis-mokomasis-stumdukas-stalas-krokodilas\/","og_site_name":"KidsPlay","article_publisher":"https:\/\/www.facebook.com\/www.kidsplay.lt","article_modified_time":"2026-04-13T11:58:52+00:00","og_image":[{"width":2560,"height":2560,"url":"https:\/\/kidsplay.lt\/wp-content\/uploads\/2024\/09\/Medinis-mokomasis-stumdukas-stalas-krokodilas.jpg","type":"image\/jpeg"}],"twitter_card":"summary_large_image","twitter_misc":{"Est. reading time":"1 min\u016bte"},"schema":{"@context":"https:\/\/schema.org","@graph":[{"@type":"WebPage","@id":"https:\/\/kidsplay.lt\/produktas\/medinis-mokomasis-stumdukas-stalas-krokodilas\/","url":"https:\/\/kidsplay.lt\/produktas\/medinis-mokomasis-stumdukas-stalas-krokodilas\/","name":"Medinis mokomasis stumdukas-stalas krokodilas","isPartOf":{"@id":"https:\/\/kidsplay.lt\/#website"},"primaryImageOfPage":{"@id":"https:\/\/kidsplay.lt\/produktas\/medinis-mokomasis-stumdukas-stalas-krokodilas\/#primaryimage"},"image":{"@id":"https:\/\/kidsplay.lt\/produktas\/medinis-mokomasis-stumdukas-stalas-krokodilas\/#primaryimage"},"thumbnailUrl":"https:\/\/kidsplay.lt\/wp-content\/uploads\/2024\/09\/Medinis-mokomasis-stumdukas-stalas-krokodilas.jpg","datePublished":"2026-02-26T07:22:02+00:00","dateModified":"2026-04-13T11:58:52+00:00","description":"Medinis mokomasis stumdukas-stalas krokodilas - KidsPlay. Did\u017eiausias vaik\u0173 \u017eaisl\u0173 pasirinkimas.","breadcrumb":{"@id":"https:\/\/kidsplay.lt\/produktas\/medinis-mokomasis-stumdukas-stalas-krokodilas\/#breadcrumb"},"inLanguage":"lv-LV","potentialAction":[{"@type":"ReadAction","target":["https:\/\/kidsplay.lt\/produktas\/medinis-mokomasis-stumdukas-stalas-krokodilas\/"]}]},{"@type":"ImageObject","inLanguage":"lv-LV","@id":"https:\/\/kidsplay.lt\/produktas\/medinis-mokomasis-stumdukas-stalas-krokodilas\/#primaryimage","url":"https:\/\/kidsplay.lt\/wp-content\/uploads\/2024\/09\/Medinis-mokomasis-stumdukas-stalas-krokodilas.jpg","contentUrl":"https:\/\/kidsplay.lt\/wp-content\/uploads\/2024\/09\/Medinis-mokomasis-stumdukas-stalas-krokodilas.jpg","width":2560,"height":2560,"caption":"Medinis mokomasis stumdukas-stalas krokodilas"},{"@type":"BreadcrumbList","@id":"https:\/\/kidsplay.lt\/produktas\/medinis-mokomasis-stumdukas-stalas-krokodilas\/#breadcrumb","itemListElement":[{"@type":"ListItem","position":1,"name":"Pagrindinis","item":"https:\/\/kidsplay.lt\/"},{"@type":"ListItem","position":2,"name":"Parduotuv\u0117","item":"https:\/\/kidsplay.lt\/parduotuve\/"},{"@type":"ListItem","position":3,"name":"Medinis mokomasis stumdukas-stalas krokodilas"}]},{"@type":"WebSite","@id":"https:\/\/kidsplay.lt\/#website","url":"https:\/\/kidsplay.lt\/","name":"B\u0113rnu sp\u0113les.lv","description":"\u012evairios prek\u0117s vaikams","publisher":{"@id":"https:\/\/kidsplay.lt\/#organization"},"alternateName":"Kidsplay","potentialAction":[{"@type":"SearchAction","target":{"@type":"EntryPoint","urlTemplate":"https:\/\/kidsplay.lt\/?s={search_term_string}"},"query-input":{"@type":"PropertyValueSpecification","valueRequired":true,"valueName":"search_term_string"}}],"inLanguage":"lv-LV"},{"@type":"Organization","@id":"https:\/\/kidsplay.lt\/#organization","name":"B\u0113rnu sp\u0113le","url":"https:\/\/kidsplay.lt\/","logo":{"@type":"ImageObject","inLanguage":"lv-LV","@id":"https:\/\/kidsplay.lt\/#\/schema\/logo\/image\/","url":"https:\/\/kidsplay.lt\/wp-content\/uploads\/2023\/07\/kidsplay-logo.png","contentUrl":"https:\/\/kidsplay.lt\/wp-content\/uploads\/2023\/07\/kidsplay-logo.png","width":451,"height":98,"caption":"KidsPlay"},"image":{"@id":"https:\/\/kidsplay.lt\/#\/schema\/logo\/image\/"},"sameAs":["https:\/\/www.facebook.com\/www.kidsplay.lt"]}]}},"_links":{"self":[{"href":"https:\/\/kidsplay.lt\/lv\/wp-json\/wp\/v2\/product\/89484","targetHints":{"allow":["GET"]}}],"collection":[{"href":"https:\/\/kidsplay.lt\/lv\/wp-json\/wp\/v2\/product"}],"about":[{"href":"https:\/\/kidsplay.lt\/lv\/wp-json\/wp\/v2\/types\/product"}],"version-history":[{"count":1,"href":"https:\/\/kidsplay.lt\/lv\/wp-json\/wp\/v2\/product\/89484\/revisions"}],"predecessor-version":[{"id":89485,"href":"https:\/\/kidsplay.lt\/lv\/wp-json\/wp\/v2\/product\/89484\/revisions\/89485"}],"wp:featuredmedia":[{"embeddable":true,"href":"https:\/\/kidsplay.lt\/lv\/wp-json\/wp\/v2\/media\/54842"}],"wp:attachment":[{"href":"https:\/\/kidsplay.lt\/lv\/wp-json\/wp\/v2\/media?parent=89484"}],"wp:term":[{"taxonomy":"product_brand","embeddable":true,"href":"https:\/\/kidsplay.lt\/lv\/wp-json\/wp\/v2\/product_brand?post=89484"},{"taxonomy":"product_cat","embeddable":true,"href":"https:\/\/kidsplay.lt\/lv\/wp-json\/wp\/v2\/product_cat?post=89484"},{"taxonomy":"product_tag","embeddable":true,"href":"https:\/\/kidsplay.lt\/lv\/wp-json\/wp\/v2\/product_tag?post=89484"}],"curies":[{"name":"wp","href":"https:\/\/api.w.org\/{rel}","templated":true}]}}