{"id":89486,"date":"2026-02-26T09:22:04","date_gmt":"2026-02-26T07:22:04","guid":{"rendered":"https:\/\/kidsplay.lt\/produktas\/montessori-medine-delione-juros-pasaulis\/"},"modified":"2026-04-07T10:37:12","modified_gmt":"2026-04-07T07:37:12","slug":"montessori-medine-delione-juros-pasaulis","status":"publish","type":"product","link":"https:\/\/kidsplay.lt\/lv\/products\/montessori-medine-delione-juros-pasaulis\/","title":{"rendered":"Montessori medin\u0117 d\u0117lion\u0117 j\u016bros pasaulis"},"content":{"rendered":"<p>TOOKY TOY\u00a0medinis j\u016bros pasaulis\u00a0\u00a0skirtas\u00a0 galvos\u016bkis\u00a0\u00a0vaikams\u00a0nuo 12 m\u0117nesi\u0173\u00a0\u00a0yra labai gra\u017eiai pagamintas galvos\u016bkis, kuris yra idealus sprendimas namuose ar dar\u017eelyje. J\u012f sudaro plok\u0161t\u0117 ir\u00a07 teminiai elementai\u00a0, kuriuos reikia pritvirtinti prie jos. Ant\u00a0medinio pagrindo\u00a0yra\u00a0\u012fdubimai\u00a0, kuri\u0173 forma\u00a0atitinka spalvingas d\u0117lion\u0117s detales\u00a0. Visas daiktas\u00a0pagamintas\u00a0i\u0161\u00a0med\u017eio\u00a0, nuda\u017eytas\u00a0vaikams saugiais da\u017eais\u00a0, kurie patenkins kiekvien\u0105 vartotoj\u0105 ir\u00a0suteiks daug malonumo.\u00a0\u00a0\u00a0\u00a0\u00a0\u00a0\u00a0\u00a0\u00a0<\/p>\n<p>Charakteristika:<\/p>\n<p> \t&#8211;\u00a0\u201eTooky Toy\u201c\u00a0d\u0117lion\u0117s J\u016bros pasaulio tema yra puikus \u017eaislas\u00a012 m\u0117nesi\u0173 ir vyresniems vaikams,<br \/>\n \t&#8211; rinkin\u012f sudaro:\u00a0\u00a0lenta\u00a0\u00a0su \u012fdubomis ir\u00a07 elementai, vaizduojantys povandeninius gyv\u016bnus,<br \/>\n \t&#8211; kai visi fragmentai bus sud\u0117ti \u012f reikiamas vietas, gausite vis\u0105 vaizd\u0105,<br \/>\n \t&#8211; \u017eaislas\u00a0neturi a\u0161tri\u0173 briaun\u0173\u00a0ir yra pagamintas i\u0161 auk\u0161\u010diausios kokyb\u0117s,\u00a0vaikams ir aplinkai saugi\u0173 med\u017eiag\u0173,<br \/>\n \t&#8211; da\u017eyti netoksi\u0161kais da\u017eais.<\/p>\n<p>\u017daislas vysto:\u00a0<\/p>\n<p> \t&#8211; vaizduot\u0117,<br \/>\n \t&#8211; rankiniai \u012fg\u016bd\u017eiai,<br \/>\n \t&#8211; pa\u017eintiniai geb\u0117jimai,<br \/>\n \t&#8211; geb\u0117jimas logi\u0161kai m\u0105styti.<\/p>\n<p>Tooky Toy \u2013\u00a0medinius \u017eaislus\u00a0vaikams gaminanti \u012fmon\u0117\u00a0, rinkoje esanti nuo 2004 m. Keli\u0173 met\u0173 patirtis pramon\u0117je yra auk\u0161tos kokyb\u0117s gamini\u0173, pagamint\u0173 atsi\u017evelgiant \u012f vaik\u0173 saugum\u0105, garantija. Tooky Toy \u017eaislai turi daugyb\u0119 sertifikat\u0173, patvirtinan\u010di\u0173\u00a0\u0161i\u0173 ekologi\u0161k\u0173 gamini\u0173\u00a0saugum\u0105\u00a0. Gerai i\u0161lyginti, be atplai\u0161\u0173 ir a\u0161tri\u0173 briaun\u0173, \u017eaislai padengti tik saugiais, netoksi\u0161kais da\u017eais, da\u017eais ir lakais. D\u0117l viso to Tooky Toy \u017eaislus m\u0117gsta vaikai ir vertina t\u0117vai visame pasaulyje.<\/p>","protected":false},"excerpt":{"rendered":"<p>TOOKY TOY\u00a0medinis j\u016bros pasaulis\u00a0\u00a0skirtas\u00a0 galvos\u016bkis\u00a0\u00a0vaikams\u00a0nuo 12 m\u0117nesi\u0173\u00a0\u00a0yra labai gra\u017eiai pagamintas galvos\u016bkis, kuris yra idealus sprendimas namuose ar dar\u017eelyje. J\u012f sudaro<\/p>","protected":false},"featured_media":54853,"template":"","meta":{"_acf_changed":false,"_glsr_average":0,"_glsr_ranking":0,"_glsr_reviews":0},"product_brand":[],"product_cat":[397,883],"product_tag":[],"class_list":{"0":"post-89486","1":"product","2":"type-product","3":"status-publish","4":"has-post-thumbnail","6":"product_cat-medines-deliones-mediniai-zaislai","7":"product_cat-mediniai-zaislai-2","8":"\"style=\"background-color: #2ecc711c;\"","10":"first","11":"instock","12":"purchasable","13":"product-type-simple"},"acf":[],"yoast_head":"<!-- This site is optimized with the Yoast SEO plugin v27.3 - https:\/\/yoast.com\/product\/yoast-seo-wordpress\/ -->\n<title>Montessori medin\u0117 d\u0117lion\u0117 j\u016bros pasaulis<\/title>\n<meta name=\"description\" content=\"Montessori medin\u0117 d\u0117lion\u0117 j\u016bros pasaulis - KidsPlay. Did\u017eiausias vaik\u0173 \u017eaisl\u0173 pasirinkimas.\" \/>\n<meta name=\"robots\" content=\"index, follow, max-snippet:-1, max-image-preview:large, max-video-preview:-1\" \/>\n<link rel=\"canonical\" href=\"https:\/\/kidsplay.lt\/lv\/products\/montessori-medine-delione-juros-pasaulis\/\" \/>\n<meta property=\"og:locale\" content=\"lv_LV\" \/>\n<meta property=\"og:type\" content=\"article\" \/>\n<meta property=\"og:title\" content=\"Montessori medin\u0117 d\u0117lion\u0117 j\u016bros pasaulis\" \/>\n<meta property=\"og:description\" content=\"Montessori medin\u0117 d\u0117lion\u0117 j\u016bros pasaulis - KidsPlay. Did\u017eiausias vaik\u0173 \u017eaisl\u0173 pasirinkimas.\" \/>\n<meta property=\"og:url\" content=\"https:\/\/kidsplay.lt\/lv\/products\/montessori-medine-delione-juros-pasaulis\/\" \/>\n<meta property=\"og:site_name\" content=\"KidsPlay\" \/>\n<meta property=\"article:publisher\" content=\"https:\/\/www.facebook.com\/www.kidsplay.lt\" \/>\n<meta property=\"article:modified_time\" content=\"2026-04-07T07:37:12+00:00\" \/>\n<meta property=\"og:image\" content=\"https:\/\/kidsplay.lt\/wp-content\/uploads\/2024\/09\/Montessori-medine-delione-juros-pasaulis.jpg\" \/>\n\t<meta property=\"og:image:width\" content=\"2560\" \/>\n\t<meta property=\"og:image:height\" content=\"2560\" \/>\n\t<meta property=\"og:image:type\" content=\"image\/jpeg\" \/>\n<meta name=\"twitter:card\" content=\"summary_large_image\" \/>\n<meta name=\"twitter:label1\" content=\"Est. reading time\" \/>\n\t<meta name=\"twitter:data1\" content=\"1 min\u016bte\" \/>\n<script type=\"application\/ld+json\" class=\"yoast-schema-graph\">{\"@context\":\"https:\\\/\\\/schema.org\",\"@graph\":[{\"@type\":\"WebPage\",\"@id\":\"https:\\\/\\\/kidsplay.lt\\\/produktas\\\/montessori-medine-delione-juros-pasaulis\\\/\",\"url\":\"https:\\\/\\\/kidsplay.lt\\\/produktas\\\/montessori-medine-delione-juros-pasaulis\\\/\",\"name\":\"Montessori medin\u0117 d\u0117lion\u0117 j\u016bros pasaulis\",\"isPartOf\":{\"@id\":\"https:\\\/\\\/kidsplay.lt\\\/#website\"},\"primaryImageOfPage\":{\"@id\":\"https:\\\/\\\/kidsplay.lt\\\/produktas\\\/montessori-medine-delione-juros-pasaulis\\\/#primaryimage\"},\"image\":{\"@id\":\"https:\\\/\\\/kidsplay.lt\\\/produktas\\\/montessori-medine-delione-juros-pasaulis\\\/#primaryimage\"},\"thumbnailUrl\":\"https:\\\/\\\/kidsplay.lt\\\/wp-content\\\/uploads\\\/2024\\\/09\\\/Montessori-medine-delione-juros-pasaulis.jpg\",\"datePublished\":\"2026-02-26T07:22:04+00:00\",\"dateModified\":\"2026-04-07T07:37:12+00:00\",\"description\":\"Montessori medin\u0117 d\u0117lion\u0117 j\u016bros pasaulis - KidsPlay. Did\u017eiausias vaik\u0173 \u017eaisl\u0173 pasirinkimas.\",\"breadcrumb\":{\"@id\":\"https:\\\/\\\/kidsplay.lt\\\/produktas\\\/montessori-medine-delione-juros-pasaulis\\\/#breadcrumb\"},\"inLanguage\":\"lv-LV\",\"potentialAction\":[{\"@type\":\"ReadAction\",\"target\":[\"https:\\\/\\\/kidsplay.lt\\\/produktas\\\/montessori-medine-delione-juros-pasaulis\\\/\"]}]},{\"@type\":\"ImageObject\",\"inLanguage\":\"lv-LV\",\"@id\":\"https:\\\/\\\/kidsplay.lt\\\/produktas\\\/montessori-medine-delione-juros-pasaulis\\\/#primaryimage\",\"url\":\"https:\\\/\\\/kidsplay.lt\\\/wp-content\\\/uploads\\\/2024\\\/09\\\/Montessori-medine-delione-juros-pasaulis.jpg\",\"contentUrl\":\"https:\\\/\\\/kidsplay.lt\\\/wp-content\\\/uploads\\\/2024\\\/09\\\/Montessori-medine-delione-juros-pasaulis.jpg\",\"width\":2560,\"height\":2560,\"caption\":\"Montessori medin\u0117 d\u0117lion\u0117 j\u016bros pasaulis\"},{\"@type\":\"BreadcrumbList\",\"@id\":\"https:\\\/\\\/kidsplay.lt\\\/produktas\\\/montessori-medine-delione-juros-pasaulis\\\/#breadcrumb\",\"itemListElement\":[{\"@type\":\"ListItem\",\"position\":1,\"name\":\"Pagrindinis\",\"item\":\"https:\\\/\\\/kidsplay.lt\\\/\"},{\"@type\":\"ListItem\",\"position\":2,\"name\":\"Parduotuv\u0117\",\"item\":\"https:\\\/\\\/kidsplay.lt\\\/parduotuve\\\/\"},{\"@type\":\"ListItem\",\"position\":3,\"name\":\"Montessori medin\u0117 d\u0117lion\u0117 j\u016bros pasaulis\"}]},{\"@type\":\"WebSite\",\"@id\":\"https:\\\/\\\/kidsplay.lt\\\/#website\",\"url\":\"https:\\\/\\\/kidsplay.lt\\\/\",\"name\":\"Kidsplay.lt\",\"description\":\"\u012evairios prek\u0117s vaikams\",\"publisher\":{\"@id\":\"https:\\\/\\\/kidsplay.lt\\\/#organization\"},\"alternateName\":\"Kidsplay\",\"potentialAction\":[{\"@type\":\"SearchAction\",\"target\":{\"@type\":\"EntryPoint\",\"urlTemplate\":\"https:\\\/\\\/kidsplay.lt\\\/?s={search_term_string}\"},\"query-input\":{\"@type\":\"PropertyValueSpecification\",\"valueRequired\":true,\"valueName\":\"search_term_string\"}}],\"inLanguage\":\"lv-LV\"},{\"@type\":\"Organization\",\"@id\":\"https:\\\/\\\/kidsplay.lt\\\/#organization\",\"name\":\"KidsPlay\",\"url\":\"https:\\\/\\\/kidsplay.lt\\\/\",\"logo\":{\"@type\":\"ImageObject\",\"inLanguage\":\"lv-LV\",\"@id\":\"https:\\\/\\\/kidsplay.lt\\\/#\\\/schema\\\/logo\\\/image\\\/\",\"url\":\"https:\\\/\\\/kidsplay.lt\\\/wp-content\\\/uploads\\\/2023\\\/07\\\/kidsplay-logo.png\",\"contentUrl\":\"https:\\\/\\\/kidsplay.lt\\\/wp-content\\\/uploads\\\/2023\\\/07\\\/kidsplay-logo.png\",\"width\":451,\"height\":98,\"caption\":\"KidsPlay\"},\"image\":{\"@id\":\"https:\\\/\\\/kidsplay.lt\\\/#\\\/schema\\\/logo\\\/image\\\/\"},\"sameAs\":[\"https:\\\/\\\/www.facebook.com\\\/www.kidsplay.lt\"]}]}<\/script>\n<!-- \/ Yoast SEO plugin. -->","yoast_head_json":{"title":"Montessori medin\u0117 d\u0117lion\u0117 j\u016bros pasaulis","description":"Montessori medin\u0117 d\u0117lion\u0117 j\u016bros pasaulis - KidsPlay. Did\u017eiausias vaik\u0173 \u017eaisl\u0173 pasirinkimas.","robots":{"index":"index","follow":"follow","max-snippet":"max-snippet:-1","max-image-preview":"max-image-preview:large","max-video-preview":"max-video-preview:-1"},"canonical":"https:\/\/kidsplay.lt\/lv\/products\/montessori-medine-delione-juros-pasaulis\/","og_locale":"lv_LV","og_type":"article","og_title":"Montessori medin\u0117 d\u0117lion\u0117 j\u016bros pasaulis","og_description":"Montessori medin\u0117 d\u0117lion\u0117 j\u016bros pasaulis - KidsPlay. Did\u017eiausias vaik\u0173 \u017eaisl\u0173 pasirinkimas.","og_url":"https:\/\/kidsplay.lt\/lv\/products\/montessori-medine-delione-juros-pasaulis\/","og_site_name":"KidsPlay","article_publisher":"https:\/\/www.facebook.com\/www.kidsplay.lt","article_modified_time":"2026-04-07T07:37:12+00:00","og_image":[{"width":2560,"height":2560,"url":"https:\/\/kidsplay.lt\/wp-content\/uploads\/2024\/09\/Montessori-medine-delione-juros-pasaulis.jpg","type":"image\/jpeg"}],"twitter_card":"summary_large_image","twitter_misc":{"Est. reading time":"1 min\u016bte"},"schema":{"@context":"https:\/\/schema.org","@graph":[{"@type":"WebPage","@id":"https:\/\/kidsplay.lt\/produktas\/montessori-medine-delione-juros-pasaulis\/","url":"https:\/\/kidsplay.lt\/produktas\/montessori-medine-delione-juros-pasaulis\/","name":"Montessori medin\u0117 d\u0117lion\u0117 j\u016bros pasaulis","isPartOf":{"@id":"https:\/\/kidsplay.lt\/#website"},"primaryImageOfPage":{"@id":"https:\/\/kidsplay.lt\/produktas\/montessori-medine-delione-juros-pasaulis\/#primaryimage"},"image":{"@id":"https:\/\/kidsplay.lt\/produktas\/montessori-medine-delione-juros-pasaulis\/#primaryimage"},"thumbnailUrl":"https:\/\/kidsplay.lt\/wp-content\/uploads\/2024\/09\/Montessori-medine-delione-juros-pasaulis.jpg","datePublished":"2026-02-26T07:22:04+00:00","dateModified":"2026-04-07T07:37:12+00:00","description":"Montessori medin\u0117 d\u0117lion\u0117 j\u016bros pasaulis - KidsPlay. Did\u017eiausias vaik\u0173 \u017eaisl\u0173 pasirinkimas.","breadcrumb":{"@id":"https:\/\/kidsplay.lt\/produktas\/montessori-medine-delione-juros-pasaulis\/#breadcrumb"},"inLanguage":"lv-LV","potentialAction":[{"@type":"ReadAction","target":["https:\/\/kidsplay.lt\/produktas\/montessori-medine-delione-juros-pasaulis\/"]}]},{"@type":"ImageObject","inLanguage":"lv-LV","@id":"https:\/\/kidsplay.lt\/produktas\/montessori-medine-delione-juros-pasaulis\/#primaryimage","url":"https:\/\/kidsplay.lt\/wp-content\/uploads\/2024\/09\/Montessori-medine-delione-juros-pasaulis.jpg","contentUrl":"https:\/\/kidsplay.lt\/wp-content\/uploads\/2024\/09\/Montessori-medine-delione-juros-pasaulis.jpg","width":2560,"height":2560,"caption":"Montessori medin\u0117 d\u0117lion\u0117 j\u016bros pasaulis"},{"@type":"BreadcrumbList","@id":"https:\/\/kidsplay.lt\/produktas\/montessori-medine-delione-juros-pasaulis\/#breadcrumb","itemListElement":[{"@type":"ListItem","position":1,"name":"Pagrindinis","item":"https:\/\/kidsplay.lt\/"},{"@type":"ListItem","position":2,"name":"Parduotuv\u0117","item":"https:\/\/kidsplay.lt\/parduotuve\/"},{"@type":"ListItem","position":3,"name":"Montessori medin\u0117 d\u0117lion\u0117 j\u016bros pasaulis"}]},{"@type":"WebSite","@id":"https:\/\/kidsplay.lt\/#website","url":"https:\/\/kidsplay.lt\/","name":"B\u0113rnu sp\u0113les.lv","description":"\u012evairios prek\u0117s vaikams","publisher":{"@id":"https:\/\/kidsplay.lt\/#organization"},"alternateName":"Kidsplay","potentialAction":[{"@type":"SearchAction","target":{"@type":"EntryPoint","urlTemplate":"https:\/\/kidsplay.lt\/?s={search_term_string}"},"query-input":{"@type":"PropertyValueSpecification","valueRequired":true,"valueName":"search_term_string"}}],"inLanguage":"lv-LV"},{"@type":"Organization","@id":"https:\/\/kidsplay.lt\/#organization","name":"B\u0113rnu sp\u0113le","url":"https:\/\/kidsplay.lt\/","logo":{"@type":"ImageObject","inLanguage":"lv-LV","@id":"https:\/\/kidsplay.lt\/#\/schema\/logo\/image\/","url":"https:\/\/kidsplay.lt\/wp-content\/uploads\/2023\/07\/kidsplay-logo.png","contentUrl":"https:\/\/kidsplay.lt\/wp-content\/uploads\/2023\/07\/kidsplay-logo.png","width":451,"height":98,"caption":"KidsPlay"},"image":{"@id":"https:\/\/kidsplay.lt\/#\/schema\/logo\/image\/"},"sameAs":["https:\/\/www.facebook.com\/www.kidsplay.lt"]}]}},"_links":{"self":[{"href":"https:\/\/kidsplay.lt\/lv\/wp-json\/wp\/v2\/product\/89486","targetHints":{"allow":["GET"]}}],"collection":[{"href":"https:\/\/kidsplay.lt\/lv\/wp-json\/wp\/v2\/product"}],"about":[{"href":"https:\/\/kidsplay.lt\/lv\/wp-json\/wp\/v2\/types\/product"}],"version-history":[{"count":1,"href":"https:\/\/kidsplay.lt\/lv\/wp-json\/wp\/v2\/product\/89486\/revisions"}],"predecessor-version":[{"id":89487,"href":"https:\/\/kidsplay.lt\/lv\/wp-json\/wp\/v2\/product\/89486\/revisions\/89487"}],"wp:featuredmedia":[{"embeddable":true,"href":"https:\/\/kidsplay.lt\/lv\/wp-json\/wp\/v2\/media\/54853"}],"wp:attachment":[{"href":"https:\/\/kidsplay.lt\/lv\/wp-json\/wp\/v2\/media?parent=89486"}],"wp:term":[{"taxonomy":"product_brand","embeddable":true,"href":"https:\/\/kidsplay.lt\/lv\/wp-json\/wp\/v2\/product_brand?post=89486"},{"taxonomy":"product_cat","embeddable":true,"href":"https:\/\/kidsplay.lt\/lv\/wp-json\/wp\/v2\/product_cat?post=89486"},{"taxonomy":"product_tag","embeddable":true,"href":"https:\/\/kidsplay.lt\/lv\/wp-json\/wp\/v2\/product_tag?post=89486"}],"curies":[{"name":"wp","href":"https:\/\/api.w.org\/{rel}","templated":true}]}}