{"id":89496,"date":"2026-02-26T09:22:18","date_gmt":"2026-02-26T07:22:18","guid":{"rendered":"https:\/\/kidsplay.lt\/produktas\/karusele-pasivaiksciojimui\/"},"modified":"2026-04-07T10:37:33","modified_gmt":"2026-04-07T07:37:33","slug":"karusele-pasivaiksciojimui","status":"publish","type":"product","link":"https:\/\/kidsplay.lt\/lv\/products\/karusele-pasivaiksciojimui\/","title":{"rendered":"Karuselis pastaigai"},"content":{"rendered":"<p>Produktas skirtas vaikams, kurie tik mokosi \u017eengti pirmuosius \u017eingsnius. Spalvingas st\u016bmikas tikrai paskatins j\u016bs\u0173 ma\u017eyl\u012f tobulinti vaik\u0161\u010diojimo technik\u0105 ir padarys kiekvienos \u0161eimos vaik\u0161\u010diojim\u0105 malonesn\u012f. Papildoma atrakcija ma\u017eyliui \u2013 spalvinga besisukanti vaivoryk\u0161t\u0117s spalv\u0173 karusel\u0117, kuri taip pat skleid\u017eia labai malon\u0173 gars\u0105.Charakteristika:\u00a0<\/p>\n<p> \tTai pad\u0117s pagerinti j\u016bs\u0173 vaiko \u0117jimo technik\u0105.<br \/>\n \tVisas daiktas pagamintas i\u0161 med\u017eio, kuris yra 100%\u00a0\u00a0saugus vaikams.<br \/>\n \tDaug linksmybi\u0173!<br \/>\n \tPuikus draugas kiekviename \u0161eimos \u017eygyje.<br \/>\n \tViskas supakuota eleganti\u0161koje d\u0117\u017eut\u0117je, puikiai tinka dovanai.<\/p>\n<p>\u017daislas vysto:\u00a0<\/p>\n<p> \t&#8211; koncentracija,<br \/>\n \t&#8211; rankiniai \u012fg\u016bd\u017eiai,<br \/>\n \t&#8211; geb\u0117jimas vaik\u0161\u010dioti,<br \/>\n \t&#8211; koordinavimas.<\/p>\n<p>Ekologiniai \u017eaislai\u00a0\u00a0 skirti patiems ma\u017eiausiems vaikams ir yra pagaminti i\u0161 visi\u0161kai nat\u016brali\u0173, biologi\u0161kai skaid\u017ei\u0173 ir hipoalergini\u0173 med\u017eiag\u0173, tod\u0117l yra 100% saug\u016bs ir nekenksmingi ne tik aplinkai, bet ir J\u016bs\u0173 vaikui.<\/p>\n<p>\u201eClassic World\u201c\u00a0\u00a0yra garsi \u017eaisl\u0173 gamybos \u012fmon\u0117. Bendrov\u0117 nustato kartel\u0119 kitiems gamintojams, vis\u0173 pirma auk\u0161ta darb\u0173 kokybe. \u017dinome, kad vaikai nusipelno tik geriausi\u0173 \u017eaisl\u0173. \u201eClassic World\u201c tai u\u017etikrina grie\u017eta kokyb\u0117s kontrol\u0117 ir gamybos procesas. \u012emon\u0117 palaiko tarptautinius kokyb\u0117s standartus.<\/p>","protected":false},"excerpt":{"rendered":"<p>Produktas skirtas vaikams, kurie tik mokosi \u017eengti pirmuosius \u017eingsnius. Spalvingas st\u016bmikas tikrai paskatins j\u016bs\u0173 ma\u017eyl\u012f tobulinti vaik\u0161\u010diojimo technik\u0105 ir padarys<\/p>","protected":false},"featured_media":54926,"template":"","meta":{"_acf_changed":false,"_glsr_average":0,"_glsr_ranking":0,"_glsr_reviews":0},"product_brand":[],"product_cat":[396,229],"product_tag":[],"class_list":{"0":"post-89496","1":"product","2":"type-product","3":"status-publish","4":"has-post-thumbnail","6":"product_cat-kudikiu-zaislai-vaikams2","7":"product_cat-zaislai-vaikams","8":"\"style=\"background-color: #2ecc711c;\"","10":"first","11":"instock","12":"purchasable","13":"product-type-simple"},"acf":[],"yoast_head":"<!-- This site is optimized with the Yoast SEO plugin v27.3 - https:\/\/yoast.com\/product\/yoast-seo-wordpress\/ -->\n<title>Karus\u0117l\u0117 pasivaik\u0161\u010diojimui<\/title>\n<meta name=\"description\" content=\"Karus\u0117l\u0117 pasivaik\u0161\u010diojimui - KidsPlay. Did\u017eiausias vaik\u0173 \u017eaisl\u0173 pasirinkimas.\" \/>\n<meta name=\"robots\" content=\"index, follow, max-snippet:-1, max-image-preview:large, max-video-preview:-1\" \/>\n<link rel=\"canonical\" href=\"https:\/\/kidsplay.lt\/lv\/products\/karusele-pasivaiksciojimui\/\" \/>\n<meta property=\"og:locale\" content=\"lv_LV\" \/>\n<meta property=\"og:type\" content=\"article\" \/>\n<meta property=\"og:title\" content=\"Karus\u0117l\u0117 pasivaik\u0161\u010diojimui\" \/>\n<meta property=\"og:description\" content=\"Karus\u0117l\u0117 pasivaik\u0161\u010diojimui - KidsPlay. Did\u017eiausias vaik\u0173 \u017eaisl\u0173 pasirinkimas.\" \/>\n<meta property=\"og:url\" content=\"https:\/\/kidsplay.lt\/lv\/products\/karusele-pasivaiksciojimui\/\" \/>\n<meta property=\"og:site_name\" content=\"KidsPlay\" \/>\n<meta property=\"article:publisher\" content=\"https:\/\/www.facebook.com\/www.kidsplay.lt\" \/>\n<meta property=\"article:modified_time\" content=\"2026-04-07T07:37:33+00:00\" \/>\n<meta property=\"og:image\" content=\"https:\/\/kidsplay.lt\/wp-content\/uploads\/2024\/09\/Karusele-pasivaiksciojimui.jpg\" \/>\n\t<meta property=\"og:image:width\" content=\"2054\" \/>\n\t<meta property=\"og:image:height\" content=\"2054\" \/>\n\t<meta property=\"og:image:type\" content=\"image\/jpeg\" \/>\n<meta name=\"twitter:card\" content=\"summary_large_image\" \/>\n<meta name=\"twitter:label1\" content=\"Est. reading time\" \/>\n\t<meta name=\"twitter:data1\" content=\"1 min\u016bte\" \/>\n<script type=\"application\/ld+json\" class=\"yoast-schema-graph\">{\"@context\":\"https:\\\/\\\/schema.org\",\"@graph\":[{\"@type\":\"WebPage\",\"@id\":\"https:\\\/\\\/kidsplay.lt\\\/produktas\\\/karusele-pasivaiksciojimui\\\/\",\"url\":\"https:\\\/\\\/kidsplay.lt\\\/produktas\\\/karusele-pasivaiksciojimui\\\/\",\"name\":\"Karus\u0117l\u0117 pasivaik\u0161\u010diojimui\",\"isPartOf\":{\"@id\":\"https:\\\/\\\/kidsplay.lt\\\/#website\"},\"primaryImageOfPage\":{\"@id\":\"https:\\\/\\\/kidsplay.lt\\\/produktas\\\/karusele-pasivaiksciojimui\\\/#primaryimage\"},\"image\":{\"@id\":\"https:\\\/\\\/kidsplay.lt\\\/produktas\\\/karusele-pasivaiksciojimui\\\/#primaryimage\"},\"thumbnailUrl\":\"https:\\\/\\\/kidsplay.lt\\\/wp-content\\\/uploads\\\/2024\\\/09\\\/Karusele-pasivaiksciojimui.jpg\",\"datePublished\":\"2026-02-26T07:22:18+00:00\",\"dateModified\":\"2026-04-07T07:37:33+00:00\",\"description\":\"Karus\u0117l\u0117 pasivaik\u0161\u010diojimui - KidsPlay. Did\u017eiausias vaik\u0173 \u017eaisl\u0173 pasirinkimas.\",\"breadcrumb\":{\"@id\":\"https:\\\/\\\/kidsplay.lt\\\/produktas\\\/karusele-pasivaiksciojimui\\\/#breadcrumb\"},\"inLanguage\":\"lv-LV\",\"potentialAction\":[{\"@type\":\"ReadAction\",\"target\":[\"https:\\\/\\\/kidsplay.lt\\\/produktas\\\/karusele-pasivaiksciojimui\\\/\"]}]},{\"@type\":\"ImageObject\",\"inLanguage\":\"lv-LV\",\"@id\":\"https:\\\/\\\/kidsplay.lt\\\/produktas\\\/karusele-pasivaiksciojimui\\\/#primaryimage\",\"url\":\"https:\\\/\\\/kidsplay.lt\\\/wp-content\\\/uploads\\\/2024\\\/09\\\/Karusele-pasivaiksciojimui.jpg\",\"contentUrl\":\"https:\\\/\\\/kidsplay.lt\\\/wp-content\\\/uploads\\\/2024\\\/09\\\/Karusele-pasivaiksciojimui.jpg\",\"width\":2054,\"height\":2054,\"caption\":\"Karus\u0117l\u0117 pasivaik\u0161\u010diojimui\"},{\"@type\":\"BreadcrumbList\",\"@id\":\"https:\\\/\\\/kidsplay.lt\\\/produktas\\\/karusele-pasivaiksciojimui\\\/#breadcrumb\",\"itemListElement\":[{\"@type\":\"ListItem\",\"position\":1,\"name\":\"Pagrindinis\",\"item\":\"https:\\\/\\\/kidsplay.lt\\\/\"},{\"@type\":\"ListItem\",\"position\":2,\"name\":\"Parduotuv\u0117\",\"item\":\"https:\\\/\\\/kidsplay.lt\\\/parduotuve\\\/\"},{\"@type\":\"ListItem\",\"position\":3,\"name\":\"Karus\u0117l\u0117 pasivaik\u0161\u010diojimui\"}]},{\"@type\":\"WebSite\",\"@id\":\"https:\\\/\\\/kidsplay.lt\\\/#website\",\"url\":\"https:\\\/\\\/kidsplay.lt\\\/\",\"name\":\"Kidsplay.lt\",\"description\":\"\u012evairios prek\u0117s vaikams\",\"publisher\":{\"@id\":\"https:\\\/\\\/kidsplay.lt\\\/#organization\"},\"alternateName\":\"Kidsplay\",\"potentialAction\":[{\"@type\":\"SearchAction\",\"target\":{\"@type\":\"EntryPoint\",\"urlTemplate\":\"https:\\\/\\\/kidsplay.lt\\\/?s={search_term_string}\"},\"query-input\":{\"@type\":\"PropertyValueSpecification\",\"valueRequired\":true,\"valueName\":\"search_term_string\"}}],\"inLanguage\":\"lv-LV\"},{\"@type\":\"Organization\",\"@id\":\"https:\\\/\\\/kidsplay.lt\\\/#organization\",\"name\":\"KidsPlay\",\"url\":\"https:\\\/\\\/kidsplay.lt\\\/\",\"logo\":{\"@type\":\"ImageObject\",\"inLanguage\":\"lv-LV\",\"@id\":\"https:\\\/\\\/kidsplay.lt\\\/#\\\/schema\\\/logo\\\/image\\\/\",\"url\":\"https:\\\/\\\/kidsplay.lt\\\/wp-content\\\/uploads\\\/2023\\\/07\\\/kidsplay-logo.png\",\"contentUrl\":\"https:\\\/\\\/kidsplay.lt\\\/wp-content\\\/uploads\\\/2023\\\/07\\\/kidsplay-logo.png\",\"width\":451,\"height\":98,\"caption\":\"KidsPlay\"},\"image\":{\"@id\":\"https:\\\/\\\/kidsplay.lt\\\/#\\\/schema\\\/logo\\\/image\\\/\"},\"sameAs\":[\"https:\\\/\\\/www.facebook.com\\\/www.kidsplay.lt\"]}]}<\/script>\n<!-- \/ Yoast SEO plugin. -->","yoast_head_json":{"title":"Karuselis pastaigai","description":"Karus\u0117l\u0117 pasivaik\u0161\u010diojimui - KidsPlay. Did\u017eiausias vaik\u0173 \u017eaisl\u0173 pasirinkimas.","robots":{"index":"index","follow":"follow","max-snippet":"max-snippet:-1","max-image-preview":"max-image-preview:large","max-video-preview":"max-video-preview:-1"},"canonical":"https:\/\/kidsplay.lt\/lv\/products\/karusele-pasivaiksciojimui\/","og_locale":"lv_LV","og_type":"article","og_title":"Karus\u0117l\u0117 pasivaik\u0161\u010diojimui","og_description":"Karus\u0117l\u0117 pasivaik\u0161\u010diojimui - KidsPlay. Did\u017eiausias vaik\u0173 \u017eaisl\u0173 pasirinkimas.","og_url":"https:\/\/kidsplay.lt\/lv\/products\/karusele-pasivaiksciojimui\/","og_site_name":"KidsPlay","article_publisher":"https:\/\/www.facebook.com\/www.kidsplay.lt","article_modified_time":"2026-04-07T07:37:33+00:00","og_image":[{"width":2054,"height":2054,"url":"https:\/\/kidsplay.lt\/wp-content\/uploads\/2024\/09\/Karusele-pasivaiksciojimui.jpg","type":"image\/jpeg"}],"twitter_card":"summary_large_image","twitter_misc":{"Est. reading time":"1 min\u016bte"},"schema":{"@context":"https:\/\/schema.org","@graph":[{"@type":"WebPage","@id":"https:\/\/kidsplay.lt\/produktas\/karusele-pasivaiksciojimui\/","url":"https:\/\/kidsplay.lt\/produktas\/karusele-pasivaiksciojimui\/","name":"Karuselis pastaigai","isPartOf":{"@id":"https:\/\/kidsplay.lt\/#website"},"primaryImageOfPage":{"@id":"https:\/\/kidsplay.lt\/produktas\/karusele-pasivaiksciojimui\/#primaryimage"},"image":{"@id":"https:\/\/kidsplay.lt\/produktas\/karusele-pasivaiksciojimui\/#primaryimage"},"thumbnailUrl":"https:\/\/kidsplay.lt\/wp-content\/uploads\/2024\/09\/Karusele-pasivaiksciojimui.jpg","datePublished":"2026-02-26T07:22:18+00:00","dateModified":"2026-04-07T07:37:33+00:00","description":"Karus\u0117l\u0117 pasivaik\u0161\u010diojimui - KidsPlay. Did\u017eiausias vaik\u0173 \u017eaisl\u0173 pasirinkimas.","breadcrumb":{"@id":"https:\/\/kidsplay.lt\/produktas\/karusele-pasivaiksciojimui\/#breadcrumb"},"inLanguage":"lv-LV","potentialAction":[{"@type":"ReadAction","target":["https:\/\/kidsplay.lt\/produktas\/karusele-pasivaiksciojimui\/"]}]},{"@type":"ImageObject","inLanguage":"lv-LV","@id":"https:\/\/kidsplay.lt\/produktas\/karusele-pasivaiksciojimui\/#primaryimage","url":"https:\/\/kidsplay.lt\/wp-content\/uploads\/2024\/09\/Karusele-pasivaiksciojimui.jpg","contentUrl":"https:\/\/kidsplay.lt\/wp-content\/uploads\/2024\/09\/Karusele-pasivaiksciojimui.jpg","width":2054,"height":2054,"caption":"Karus\u0117l\u0117 pasivaik\u0161\u010diojimui"},{"@type":"BreadcrumbList","@id":"https:\/\/kidsplay.lt\/produktas\/karusele-pasivaiksciojimui\/#breadcrumb","itemListElement":[{"@type":"ListItem","position":1,"name":"Pagrindinis","item":"https:\/\/kidsplay.lt\/"},{"@type":"ListItem","position":2,"name":"Parduotuv\u0117","item":"https:\/\/kidsplay.lt\/parduotuve\/"},{"@type":"ListItem","position":3,"name":"Karus\u0117l\u0117 pasivaik\u0161\u010diojimui"}]},{"@type":"WebSite","@id":"https:\/\/kidsplay.lt\/#website","url":"https:\/\/kidsplay.lt\/","name":"B\u0113rnu sp\u0113les.lv","description":"\u012evairios prek\u0117s vaikams","publisher":{"@id":"https:\/\/kidsplay.lt\/#organization"},"alternateName":"Kidsplay","potentialAction":[{"@type":"SearchAction","target":{"@type":"EntryPoint","urlTemplate":"https:\/\/kidsplay.lt\/?s={search_term_string}"},"query-input":{"@type":"PropertyValueSpecification","valueRequired":true,"valueName":"search_term_string"}}],"inLanguage":"lv-LV"},{"@type":"Organization","@id":"https:\/\/kidsplay.lt\/#organization","name":"B\u0113rnu sp\u0113le","url":"https:\/\/kidsplay.lt\/","logo":{"@type":"ImageObject","inLanguage":"lv-LV","@id":"https:\/\/kidsplay.lt\/#\/schema\/logo\/image\/","url":"https:\/\/kidsplay.lt\/wp-content\/uploads\/2023\/07\/kidsplay-logo.png","contentUrl":"https:\/\/kidsplay.lt\/wp-content\/uploads\/2023\/07\/kidsplay-logo.png","width":451,"height":98,"caption":"KidsPlay"},"image":{"@id":"https:\/\/kidsplay.lt\/#\/schema\/logo\/image\/"},"sameAs":["https:\/\/www.facebook.com\/www.kidsplay.lt"]}]}},"_links":{"self":[{"href":"https:\/\/kidsplay.lt\/lv\/wp-json\/wp\/v2\/product\/89496","targetHints":{"allow":["GET"]}}],"collection":[{"href":"https:\/\/kidsplay.lt\/lv\/wp-json\/wp\/v2\/product"}],"about":[{"href":"https:\/\/kidsplay.lt\/lv\/wp-json\/wp\/v2\/types\/product"}],"version-history":[{"count":1,"href":"https:\/\/kidsplay.lt\/lv\/wp-json\/wp\/v2\/product\/89496\/revisions"}],"predecessor-version":[{"id":89497,"href":"https:\/\/kidsplay.lt\/lv\/wp-json\/wp\/v2\/product\/89496\/revisions\/89497"}],"wp:featuredmedia":[{"embeddable":true,"href":"https:\/\/kidsplay.lt\/lv\/wp-json\/wp\/v2\/media\/54926"}],"wp:attachment":[{"href":"https:\/\/kidsplay.lt\/lv\/wp-json\/wp\/v2\/media?parent=89496"}],"wp:term":[{"taxonomy":"product_brand","embeddable":true,"href":"https:\/\/kidsplay.lt\/lv\/wp-json\/wp\/v2\/product_brand?post=89496"},{"taxonomy":"product_cat","embeddable":true,"href":"https:\/\/kidsplay.lt\/lv\/wp-json\/wp\/v2\/product_cat?post=89496"},{"taxonomy":"product_tag","embeddable":true,"href":"https:\/\/kidsplay.lt\/lv\/wp-json\/wp\/v2\/product_tag?post=89496"}],"curies":[{"name":"wp","href":"https:\/\/api.w.org\/{rel}","templated":true}]}}