{"id":89508,"date":"2026-02-26T09:22:52","date_gmt":"2026-02-26T07:22:52","guid":{"rendered":"https:\/\/kidsplay.lt\/produktas\/medines-verimo-kaladeles-gyvunai\/"},"modified":"2026-04-07T10:37:53","modified_gmt":"2026-04-07T07:37:53","slug":"medines-verimo-kaladeles-gyvunai","status":"publish","type":"product","link":"https:\/\/kidsplay.lt\/lv\/products\/medines-verimo-kaladeles-gyvunai\/","title":{"rendered":"Koka dz\u012bvnieku kluc\u012b\u0161i"},"content":{"rendered":"<p>Beads For Threading Animals Farm kalad\u0117l\u0117s\u00a0i\u0161\u00a0WOOPIE\u00a0prek\u0117s \u017eenklo i\u0161\u00a0GREEN\u00a0serijos yra idealus \u017eaislas lavinant vaiko rankinius \u012fg\u016bd\u017eius.\u00a0Vaik\u0173 d\u0117lion\u0117\u00a0\u00a0yra \u016bkio tema. Sriegiklis yra klasikinis medini\u0173 kalad\u0117li\u0173 rinkinys su skylut\u0117mis, pro kurias vaikas perveria virvel\u0119. Tai puiki pramoga, kuri\u00a0stimuliuoja smegen\u0173 sritis\u00a0ir\u00a0lavina\u00a0vadinamuosius rankinius \u012fg\u016bd\u017eius.\u00a0&#8222;Smulkioji motorika&#8221;\u00a0, rank\u0173 ir aki\u0173 koordinacija, palaiko susikaupim\u0105 ir\u00a0\u00a0\u017eadina vaiko smalsum\u0105\u00a0\u00a0kaimo gyvenimui \u016bkyje!<\/p>\n<p>Charakteristika:\u00a0<\/p>\n<p> \t&#8211; \u017eaislas\u00a0nuo 2 met\u0173<br \/>\n \t&#8211; rinkin\u012f sudaro\u00a0\u00a0virvel\u0117\u00a0\u00a0ir\u00a0\u00a012 kalad\u0117li\u0173\u00a0, vaizduojan\u010di\u0173 \u012fvairius \u016bkio elementus, \u012fskaitant: karv\u0119, traktori\u0173 ir tvart\u0105<br \/>\n \t&#8211; \u017eaidimas apima virvel\u0117s perv\u0117rim\u0105 per blokus\/gyv\u016bnus su skylute<br \/>\n \t&#8211; visi karoliukai pagaminti i\u0161 nat\u016bralaus\u00a0med\u017eio &#8211; ekologi\u0161kas \u017eaislas<\/p>\n<p>\u017daislas vysto:<\/p>\n<p> \t&#8211; rankiniai \u012fg\u016bd\u017eiai &#8211; smulkioji motorika<br \/>\n \t&#8211; rank\u0173 ir aki\u0173 koordinacija<br \/>\n \t&#8211; koncentracija<\/p>","protected":false},"excerpt":{"rendered":"<p>Beads For Threading Animals Farm kalad\u0117l\u0117s\u00a0i\u0161\u00a0WOOPIE\u00a0prek\u0117s \u017eenklo i\u0161\u00a0GREEN\u00a0serijos yra idealus \u017eaislas lavinant vaiko rankinius \u012fg\u016bd\u017eius.\u00a0Vaik\u0173 d\u0117lion\u0117\u00a0\u00a0yra \u016bkio tema. Sriegiklis yra<\/p>","protected":false},"featured_media":55093,"template":"","meta":{"_acf_changed":false,"_glsr_average":0,"_glsr_ranking":0,"_glsr_reviews":0},"product_brand":[],"product_cat":[884,883],"product_tag":[],"class_list":{"0":"post-89508","1":"product","2":"type-product","3":"status-publish","4":"has-post-thumbnail","6":"product_cat-edukaciniai-lavinamieji-mediniai-zaislai","7":"product_cat-mediniai-zaislai-2","8":"\"style=\"background-color: #2ecc711c;\"","10":"first","11":"instock","12":"purchasable","13":"product-type-simple"},"acf":[],"yoast_head":"<!-- This site is optimized with the Yoast SEO plugin v27.3 - https:\/\/yoast.com\/product\/yoast-seo-wordpress\/ -->\n<title>Medin\u0117s verimo kalad\u0117l\u0117s gyv\u016bnai<\/title>\n<meta name=\"description\" content=\"Medin\u0117s verimo kalad\u0117l\u0117s gyv\u016bnai - KidsPlay. Did\u017eiausias vaik\u0173 \u017eaisl\u0173 pasirinkimas.\" \/>\n<meta name=\"robots\" content=\"index, follow, max-snippet:-1, max-image-preview:large, max-video-preview:-1\" \/>\n<link rel=\"canonical\" href=\"https:\/\/kidsplay.lt\/lv\/products\/medines-verimo-kaladeles-gyvunai\/\" \/>\n<meta property=\"og:locale\" content=\"lv_LV\" \/>\n<meta property=\"og:type\" content=\"article\" \/>\n<meta property=\"og:title\" content=\"Medin\u0117s verimo kalad\u0117l\u0117s gyv\u016bnai\" \/>\n<meta property=\"og:description\" content=\"Medin\u0117s verimo kalad\u0117l\u0117s gyv\u016bnai - KidsPlay. Did\u017eiausias vaik\u0173 \u017eaisl\u0173 pasirinkimas.\" \/>\n<meta property=\"og:url\" content=\"https:\/\/kidsplay.lt\/lv\/products\/medines-verimo-kaladeles-gyvunai\/\" \/>\n<meta property=\"og:site_name\" content=\"KidsPlay\" \/>\n<meta property=\"article:publisher\" content=\"https:\/\/www.facebook.com\/www.kidsplay.lt\" \/>\n<meta property=\"article:modified_time\" content=\"2026-04-07T07:37:53+00:00\" \/>\n<meta property=\"og:image\" content=\"https:\/\/kidsplay.lt\/wp-content\/uploads\/2024\/09\/Medines-verimo-kaladeles-gyvunai.jpg\" \/>\n\t<meta property=\"og:image:width\" content=\"657\" \/>\n\t<meta property=\"og:image:height\" content=\"657\" \/>\n\t<meta property=\"og:image:type\" content=\"image\/jpeg\" \/>\n<meta name=\"twitter:card\" content=\"summary_large_image\" \/>\n<meta name=\"twitter:label1\" content=\"Est. reading time\" \/>\n\t<meta name=\"twitter:data1\" content=\"1 min\u016bte\" \/>\n<script type=\"application\/ld+json\" class=\"yoast-schema-graph\">{\"@context\":\"https:\\\/\\\/schema.org\",\"@graph\":[{\"@type\":\"WebPage\",\"@id\":\"https:\\\/\\\/kidsplay.lt\\\/produktas\\\/medines-verimo-kaladeles-gyvunai\\\/\",\"url\":\"https:\\\/\\\/kidsplay.lt\\\/produktas\\\/medines-verimo-kaladeles-gyvunai\\\/\",\"name\":\"Medin\u0117s verimo kalad\u0117l\u0117s gyv\u016bnai\",\"isPartOf\":{\"@id\":\"https:\\\/\\\/kidsplay.lt\\\/#website\"},\"primaryImageOfPage\":{\"@id\":\"https:\\\/\\\/kidsplay.lt\\\/produktas\\\/medines-verimo-kaladeles-gyvunai\\\/#primaryimage\"},\"image\":{\"@id\":\"https:\\\/\\\/kidsplay.lt\\\/produktas\\\/medines-verimo-kaladeles-gyvunai\\\/#primaryimage\"},\"thumbnailUrl\":\"https:\\\/\\\/kidsplay.lt\\\/wp-content\\\/uploads\\\/2024\\\/09\\\/Medines-verimo-kaladeles-gyvunai.jpg\",\"datePublished\":\"2026-02-26T07:22:52+00:00\",\"dateModified\":\"2026-04-07T07:37:53+00:00\",\"description\":\"Medin\u0117s verimo kalad\u0117l\u0117s gyv\u016bnai - KidsPlay. Did\u017eiausias vaik\u0173 \u017eaisl\u0173 pasirinkimas.\",\"breadcrumb\":{\"@id\":\"https:\\\/\\\/kidsplay.lt\\\/produktas\\\/medines-verimo-kaladeles-gyvunai\\\/#breadcrumb\"},\"inLanguage\":\"lv-LV\",\"potentialAction\":[{\"@type\":\"ReadAction\",\"target\":[\"https:\\\/\\\/kidsplay.lt\\\/produktas\\\/medines-verimo-kaladeles-gyvunai\\\/\"]}]},{\"@type\":\"ImageObject\",\"inLanguage\":\"lv-LV\",\"@id\":\"https:\\\/\\\/kidsplay.lt\\\/produktas\\\/medines-verimo-kaladeles-gyvunai\\\/#primaryimage\",\"url\":\"https:\\\/\\\/kidsplay.lt\\\/wp-content\\\/uploads\\\/2024\\\/09\\\/Medines-verimo-kaladeles-gyvunai.jpg\",\"contentUrl\":\"https:\\\/\\\/kidsplay.lt\\\/wp-content\\\/uploads\\\/2024\\\/09\\\/Medines-verimo-kaladeles-gyvunai.jpg\",\"width\":657,\"height\":657,\"caption\":\"Medin\u0117s verimo kalad\u0117l\u0117s gyv\u016bnai\"},{\"@type\":\"BreadcrumbList\",\"@id\":\"https:\\\/\\\/kidsplay.lt\\\/produktas\\\/medines-verimo-kaladeles-gyvunai\\\/#breadcrumb\",\"itemListElement\":[{\"@type\":\"ListItem\",\"position\":1,\"name\":\"Pagrindinis\",\"item\":\"https:\\\/\\\/kidsplay.lt\\\/\"},{\"@type\":\"ListItem\",\"position\":2,\"name\":\"Parduotuv\u0117\",\"item\":\"https:\\\/\\\/kidsplay.lt\\\/parduotuve\\\/\"},{\"@type\":\"ListItem\",\"position\":3,\"name\":\"Medin\u0117s verimo kalad\u0117l\u0117s gyv\u016bnai\"}]},{\"@type\":\"WebSite\",\"@id\":\"https:\\\/\\\/kidsplay.lt\\\/#website\",\"url\":\"https:\\\/\\\/kidsplay.lt\\\/\",\"name\":\"Kidsplay.lt\",\"description\":\"\u012evairios prek\u0117s vaikams\",\"publisher\":{\"@id\":\"https:\\\/\\\/kidsplay.lt\\\/#organization\"},\"alternateName\":\"Kidsplay\",\"potentialAction\":[{\"@type\":\"SearchAction\",\"target\":{\"@type\":\"EntryPoint\",\"urlTemplate\":\"https:\\\/\\\/kidsplay.lt\\\/?s={search_term_string}\"},\"query-input\":{\"@type\":\"PropertyValueSpecification\",\"valueRequired\":true,\"valueName\":\"search_term_string\"}}],\"inLanguage\":\"lv-LV\"},{\"@type\":\"Organization\",\"@id\":\"https:\\\/\\\/kidsplay.lt\\\/#organization\",\"name\":\"KidsPlay\",\"url\":\"https:\\\/\\\/kidsplay.lt\\\/\",\"logo\":{\"@type\":\"ImageObject\",\"inLanguage\":\"lv-LV\",\"@id\":\"https:\\\/\\\/kidsplay.lt\\\/#\\\/schema\\\/logo\\\/image\\\/\",\"url\":\"https:\\\/\\\/kidsplay.lt\\\/wp-content\\\/uploads\\\/2023\\\/07\\\/kidsplay-logo.png\",\"contentUrl\":\"https:\\\/\\\/kidsplay.lt\\\/wp-content\\\/uploads\\\/2023\\\/07\\\/kidsplay-logo.png\",\"width\":451,\"height\":98,\"caption\":\"KidsPlay\"},\"image\":{\"@id\":\"https:\\\/\\\/kidsplay.lt\\\/#\\\/schema\\\/logo\\\/image\\\/\"},\"sameAs\":[\"https:\\\/\\\/www.facebook.com\\\/www.kidsplay.lt\"]}]}<\/script>\n<!-- \/ Yoast SEO plugin. -->","yoast_head_json":{"title":"Koka dz\u012bvnieku kluc\u012b\u0161i","description":"Medin\u0117s verimo kalad\u0117l\u0117s gyv\u016bnai - KidsPlay. Did\u017eiausias vaik\u0173 \u017eaisl\u0173 pasirinkimas.","robots":{"index":"index","follow":"follow","max-snippet":"max-snippet:-1","max-image-preview":"max-image-preview:large","max-video-preview":"max-video-preview:-1"},"canonical":"https:\/\/kidsplay.lt\/lv\/products\/medines-verimo-kaladeles-gyvunai\/","og_locale":"lv_LV","og_type":"article","og_title":"Medin\u0117s verimo kalad\u0117l\u0117s gyv\u016bnai","og_description":"Medin\u0117s verimo kalad\u0117l\u0117s gyv\u016bnai - KidsPlay. Did\u017eiausias vaik\u0173 \u017eaisl\u0173 pasirinkimas.","og_url":"https:\/\/kidsplay.lt\/lv\/products\/medines-verimo-kaladeles-gyvunai\/","og_site_name":"KidsPlay","article_publisher":"https:\/\/www.facebook.com\/www.kidsplay.lt","article_modified_time":"2026-04-07T07:37:53+00:00","og_image":[{"width":657,"height":657,"url":"https:\/\/kidsplay.lt\/wp-content\/uploads\/2024\/09\/Medines-verimo-kaladeles-gyvunai.jpg","type":"image\/jpeg"}],"twitter_card":"summary_large_image","twitter_misc":{"Est. reading time":"1 min\u016bte"},"schema":{"@context":"https:\/\/schema.org","@graph":[{"@type":"WebPage","@id":"https:\/\/kidsplay.lt\/produktas\/medines-verimo-kaladeles-gyvunai\/","url":"https:\/\/kidsplay.lt\/produktas\/medines-verimo-kaladeles-gyvunai\/","name":"Koka dz\u012bvnieku kluc\u012b\u0161i","isPartOf":{"@id":"https:\/\/kidsplay.lt\/#website"},"primaryImageOfPage":{"@id":"https:\/\/kidsplay.lt\/produktas\/medines-verimo-kaladeles-gyvunai\/#primaryimage"},"image":{"@id":"https:\/\/kidsplay.lt\/produktas\/medines-verimo-kaladeles-gyvunai\/#primaryimage"},"thumbnailUrl":"https:\/\/kidsplay.lt\/wp-content\/uploads\/2024\/09\/Medines-verimo-kaladeles-gyvunai.jpg","datePublished":"2026-02-26T07:22:52+00:00","dateModified":"2026-04-07T07:37:53+00:00","description":"Medin\u0117s verimo kalad\u0117l\u0117s gyv\u016bnai - KidsPlay. Did\u017eiausias vaik\u0173 \u017eaisl\u0173 pasirinkimas.","breadcrumb":{"@id":"https:\/\/kidsplay.lt\/produktas\/medines-verimo-kaladeles-gyvunai\/#breadcrumb"},"inLanguage":"lv-LV","potentialAction":[{"@type":"ReadAction","target":["https:\/\/kidsplay.lt\/produktas\/medines-verimo-kaladeles-gyvunai\/"]}]},{"@type":"ImageObject","inLanguage":"lv-LV","@id":"https:\/\/kidsplay.lt\/produktas\/medines-verimo-kaladeles-gyvunai\/#primaryimage","url":"https:\/\/kidsplay.lt\/wp-content\/uploads\/2024\/09\/Medines-verimo-kaladeles-gyvunai.jpg","contentUrl":"https:\/\/kidsplay.lt\/wp-content\/uploads\/2024\/09\/Medines-verimo-kaladeles-gyvunai.jpg","width":657,"height":657,"caption":"Medin\u0117s verimo kalad\u0117l\u0117s gyv\u016bnai"},{"@type":"BreadcrumbList","@id":"https:\/\/kidsplay.lt\/produktas\/medines-verimo-kaladeles-gyvunai\/#breadcrumb","itemListElement":[{"@type":"ListItem","position":1,"name":"Pagrindinis","item":"https:\/\/kidsplay.lt\/"},{"@type":"ListItem","position":2,"name":"Parduotuv\u0117","item":"https:\/\/kidsplay.lt\/parduotuve\/"},{"@type":"ListItem","position":3,"name":"Medin\u0117s verimo kalad\u0117l\u0117s gyv\u016bnai"}]},{"@type":"WebSite","@id":"https:\/\/kidsplay.lt\/#website","url":"https:\/\/kidsplay.lt\/","name":"B\u0113rnu sp\u0113les.lv","description":"\u012evairios prek\u0117s vaikams","publisher":{"@id":"https:\/\/kidsplay.lt\/#organization"},"alternateName":"Kidsplay","potentialAction":[{"@type":"SearchAction","target":{"@type":"EntryPoint","urlTemplate":"https:\/\/kidsplay.lt\/?s={search_term_string}"},"query-input":{"@type":"PropertyValueSpecification","valueRequired":true,"valueName":"search_term_string"}}],"inLanguage":"lv-LV"},{"@type":"Organization","@id":"https:\/\/kidsplay.lt\/#organization","name":"B\u0113rnu sp\u0113le","url":"https:\/\/kidsplay.lt\/","logo":{"@type":"ImageObject","inLanguage":"lv-LV","@id":"https:\/\/kidsplay.lt\/#\/schema\/logo\/image\/","url":"https:\/\/kidsplay.lt\/wp-content\/uploads\/2023\/07\/kidsplay-logo.png","contentUrl":"https:\/\/kidsplay.lt\/wp-content\/uploads\/2023\/07\/kidsplay-logo.png","width":451,"height":98,"caption":"KidsPlay"},"image":{"@id":"https:\/\/kidsplay.lt\/#\/schema\/logo\/image\/"},"sameAs":["https:\/\/www.facebook.com\/www.kidsplay.lt"]}]}},"_links":{"self":[{"href":"https:\/\/kidsplay.lt\/lv\/wp-json\/wp\/v2\/product\/89508","targetHints":{"allow":["GET"]}}],"collection":[{"href":"https:\/\/kidsplay.lt\/lv\/wp-json\/wp\/v2\/product"}],"about":[{"href":"https:\/\/kidsplay.lt\/lv\/wp-json\/wp\/v2\/types\/product"}],"version-history":[{"count":1,"href":"https:\/\/kidsplay.lt\/lv\/wp-json\/wp\/v2\/product\/89508\/revisions"}],"predecessor-version":[{"id":89509,"href":"https:\/\/kidsplay.lt\/lv\/wp-json\/wp\/v2\/product\/89508\/revisions\/89509"}],"wp:featuredmedia":[{"embeddable":true,"href":"https:\/\/kidsplay.lt\/lv\/wp-json\/wp\/v2\/media\/55093"}],"wp:attachment":[{"href":"https:\/\/kidsplay.lt\/lv\/wp-json\/wp\/v2\/media?parent=89508"}],"wp:term":[{"taxonomy":"product_brand","embeddable":true,"href":"https:\/\/kidsplay.lt\/lv\/wp-json\/wp\/v2\/product_brand?post=89508"},{"taxonomy":"product_cat","embeddable":true,"href":"https:\/\/kidsplay.lt\/lv\/wp-json\/wp\/v2\/product_cat?post=89508"},{"taxonomy":"product_tag","embeddable":true,"href":"https:\/\/kidsplay.lt\/lv\/wp-json\/wp\/v2\/product_tag?post=89508"}],"curies":[{"name":"wp","href":"https:\/\/api.w.org\/{rel}","templated":true}]}}