{"id":89516,"date":"2026-02-26T09:23:05","date_gmt":"2026-02-26T07:23:05","guid":{"rendered":"https:\/\/kidsplay.lt\/produktas\/medine-mokomoji-persipynimo-lentele-montessori\/"},"modified":"2026-04-07T10:38:07","modified_gmt":"2026-04-07T07:38:07","slug":"medine-mokomoji-persipynimo-lentele-montessori","status":"publish","type":"product","link":"https:\/\/kidsplay.lt\/lv\/products\/medine-mokomoji-persipynimo-lentele-montessori\/","title":{"rendered":"Koka izgl\u012btojo\u0161a Montessori krustv\u0101rdu m\u012bkla"},"content":{"rendered":"<p>Medinis lavinamasis stalas\u00a0vaikams suteiks daug linksmybi\u0173, o \u017eaisdami vaikai lavins rankinius \u012fg\u016bd\u017eius, spalv\u0173 ir form\u0173 suvokim\u0105. Ten ant metalini\u0173 kilp\u0173 pastatytos medin\u0117s, spalvingos kalad\u0117l\u0117s ir trys kalad\u0117l\u0117s su gyv\u016bn\u0173 \u2013 me\u0161kiuko, lap\u0117s ir e\u017eio \u2013 atvaizdais. Ma\u017eylis gali judinti kalad\u0117les kaip tik nori, praktikuodamas pir\u0161t\u0173 ir rank\u0173 judesi\u0173 tikslum\u0105. Be to, ant stalo, po kilpa, puikuojasi ir kiti gyv\u016bnai bei augalai, kuri\u0173 negali tr\u016bkti jokiame zoologijos sode, tod\u0117l vaikai gali smagiai leisti laik\u0105 kurdami pasakojimus apie gyv\u016bn\u0173 gyvenim\u0105, ugdydami j\u0173 k\u016brybi\u0161kum\u0105 ir vaizduot\u0119.<\/p>\n<p>\u017daislas:<\/p>\n<p> \t&#8211; skatina lavinti rankinius \u012fg\u016bd\u017eius,<br \/>\n \t&#8211; lavina pir\u0161t\u0173 ir rank\u0173 judesi\u0173 tikslum\u0105,<br \/>\n \t&#8211; skatina k\u016brybi\u0161kum\u0105 ir vaizduot\u0119,<br \/>\n \t&#8211; moko atpa\u017einti spalvas ir formas.<\/p>\n<p>Visas daiktas pagamintas i\u0161 lakuotos medienos ir nuda\u017eytas netoksi\u0161kais da\u017eais \u0161velniomis spalvomis, kurios patenkins kiekvien\u0105 vartotoj\u0105 ir suteiks daug malonumo.<\/p>","protected":false},"excerpt":{"rendered":"<p>Medinis lavinamasis stalas\u00a0vaikams suteiks daug linksmybi\u0173, o \u017eaisdami vaikai lavins rankinius \u012fg\u016bd\u017eius, spalv\u0173 ir form\u0173 suvokim\u0105. Ten ant metalini\u0173 kilp\u0173<\/p>","protected":false},"featured_media":54488,"template":"","meta":{"_acf_changed":false,"_glsr_average":0,"_glsr_ranking":0,"_glsr_reviews":0},"product_brand":[],"product_cat":[675],"product_tag":[],"class_list":{"0":"post-89516","1":"product","2":"type-product","3":"status-publish","4":"has-post-thumbnail","6":"product_cat-edukaciniai-staliukai","7":"\"style=\"background-color: #2ecc711c;\"","9":"first","10":"instock","11":"purchasable","12":"product-type-simple"},"acf":[],"yoast_head":"<!-- This site is optimized with the Yoast SEO plugin v27.3 - https:\/\/yoast.com\/product\/yoast-seo-wordpress\/ -->\n<title>Medin\u0117 mokomoji persipynimo lentel\u0117 Montessori<\/title>\n<meta name=\"description\" content=\"Medin\u0117 mokomoji persipynimo lentel\u0117 Montessori - KidsPlay. Did\u017eiausias vaik\u0173 \u017eaisl\u0173 pasirinkimas.\" \/>\n<meta name=\"robots\" content=\"index, follow, max-snippet:-1, max-image-preview:large, max-video-preview:-1\" \/>\n<link rel=\"canonical\" href=\"https:\/\/kidsplay.lt\/lv\/products\/medine-mokomoji-persipynimo-lentele-montessori\/\" \/>\n<meta property=\"og:locale\" content=\"lv_LV\" \/>\n<meta property=\"og:type\" content=\"article\" \/>\n<meta property=\"og:title\" content=\"Medin\u0117 mokomoji persipynimo lentel\u0117 Montessori\" \/>\n<meta property=\"og:description\" content=\"Medin\u0117 mokomoji persipynimo lentel\u0117 Montessori - KidsPlay. Did\u017eiausias vaik\u0173 \u017eaisl\u0173 pasirinkimas.\" \/>\n<meta property=\"og:url\" content=\"https:\/\/kidsplay.lt\/lv\/products\/medine-mokomoji-persipynimo-lentele-montessori\/\" \/>\n<meta property=\"og:site_name\" content=\"KidsPlay\" \/>\n<meta property=\"article:publisher\" content=\"https:\/\/www.facebook.com\/www.kidsplay.lt\" \/>\n<meta property=\"article:modified_time\" content=\"2026-04-07T07:38:07+00:00\" \/>\n<meta property=\"og:image\" content=\"https:\/\/kidsplay.lt\/wp-content\/uploads\/2024\/09\/Medine-mokomoji-persipynimo-lentele-Montessori.jpg\" \/>\n\t<meta property=\"og:image:width\" content=\"1080\" \/>\n\t<meta property=\"og:image:height\" content=\"1080\" \/>\n\t<meta property=\"og:image:type\" content=\"image\/png\" \/>\n<meta name=\"twitter:card\" content=\"summary_large_image\" \/>\n<meta name=\"twitter:label1\" content=\"Est. reading time\" \/>\n\t<meta name=\"twitter:data1\" content=\"1 min\u016bte\" \/>\n<script type=\"application\/ld+json\" class=\"yoast-schema-graph\">{\"@context\":\"https:\\\/\\\/schema.org\",\"@graph\":[{\"@type\":\"WebPage\",\"@id\":\"https:\\\/\\\/kidsplay.lt\\\/produktas\\\/medine-mokomoji-persipynimo-lentele-montessori\\\/\",\"url\":\"https:\\\/\\\/kidsplay.lt\\\/produktas\\\/medine-mokomoji-persipynimo-lentele-montessori\\\/\",\"name\":\"Medin\u0117 mokomoji persipynimo lentel\u0117 Montessori\",\"isPartOf\":{\"@id\":\"https:\\\/\\\/kidsplay.lt\\\/#website\"},\"primaryImageOfPage\":{\"@id\":\"https:\\\/\\\/kidsplay.lt\\\/produktas\\\/medine-mokomoji-persipynimo-lentele-montessori\\\/#primaryimage\"},\"image\":{\"@id\":\"https:\\\/\\\/kidsplay.lt\\\/produktas\\\/medine-mokomoji-persipynimo-lentele-montessori\\\/#primaryimage\"},\"thumbnailUrl\":\"https:\\\/\\\/kidsplay.lt\\\/wp-content\\\/uploads\\\/2024\\\/09\\\/Medine-mokomoji-persipynimo-lentele-Montessori.jpg\",\"datePublished\":\"2026-02-26T07:23:05+00:00\",\"dateModified\":\"2026-04-07T07:38:07+00:00\",\"description\":\"Medin\u0117 mokomoji persipynimo lentel\u0117 Montessori - KidsPlay. Did\u017eiausias vaik\u0173 \u017eaisl\u0173 pasirinkimas.\",\"breadcrumb\":{\"@id\":\"https:\\\/\\\/kidsplay.lt\\\/produktas\\\/medine-mokomoji-persipynimo-lentele-montessori\\\/#breadcrumb\"},\"inLanguage\":\"lv-LV\",\"potentialAction\":[{\"@type\":\"ReadAction\",\"target\":[\"https:\\\/\\\/kidsplay.lt\\\/produktas\\\/medine-mokomoji-persipynimo-lentele-montessori\\\/\"]}]},{\"@type\":\"ImageObject\",\"inLanguage\":\"lv-LV\",\"@id\":\"https:\\\/\\\/kidsplay.lt\\\/produktas\\\/medine-mokomoji-persipynimo-lentele-montessori\\\/#primaryimage\",\"url\":\"https:\\\/\\\/kidsplay.lt\\\/wp-content\\\/uploads\\\/2024\\\/09\\\/Medine-mokomoji-persipynimo-lentele-Montessori.jpg\",\"contentUrl\":\"https:\\\/\\\/kidsplay.lt\\\/wp-content\\\/uploads\\\/2024\\\/09\\\/Medine-mokomoji-persipynimo-lentele-Montessori.jpg\",\"width\":1080,\"height\":1080,\"caption\":\"Medin\u0117 mokomoji persipynimo lentel\u0117 Montessori\"},{\"@type\":\"BreadcrumbList\",\"@id\":\"https:\\\/\\\/kidsplay.lt\\\/produktas\\\/medine-mokomoji-persipynimo-lentele-montessori\\\/#breadcrumb\",\"itemListElement\":[{\"@type\":\"ListItem\",\"position\":1,\"name\":\"Pagrindinis\",\"item\":\"https:\\\/\\\/kidsplay.lt\\\/\"},{\"@type\":\"ListItem\",\"position\":2,\"name\":\"Parduotuv\u0117\",\"item\":\"https:\\\/\\\/kidsplay.lt\\\/parduotuve\\\/\"},{\"@type\":\"ListItem\",\"position\":3,\"name\":\"Medin\u0117 mokomoji persipynimo lentel\u0117 Montessori\"}]},{\"@type\":\"WebSite\",\"@id\":\"https:\\\/\\\/kidsplay.lt\\\/#website\",\"url\":\"https:\\\/\\\/kidsplay.lt\\\/\",\"name\":\"Kidsplay.lt\",\"description\":\"\u012evairios prek\u0117s vaikams\",\"publisher\":{\"@id\":\"https:\\\/\\\/kidsplay.lt\\\/#organization\"},\"alternateName\":\"Kidsplay\",\"potentialAction\":[{\"@type\":\"SearchAction\",\"target\":{\"@type\":\"EntryPoint\",\"urlTemplate\":\"https:\\\/\\\/kidsplay.lt\\\/?s={search_term_string}\"},\"query-input\":{\"@type\":\"PropertyValueSpecification\",\"valueRequired\":true,\"valueName\":\"search_term_string\"}}],\"inLanguage\":\"lv-LV\"},{\"@type\":\"Organization\",\"@id\":\"https:\\\/\\\/kidsplay.lt\\\/#organization\",\"name\":\"KidsPlay\",\"url\":\"https:\\\/\\\/kidsplay.lt\\\/\",\"logo\":{\"@type\":\"ImageObject\",\"inLanguage\":\"lv-LV\",\"@id\":\"https:\\\/\\\/kidsplay.lt\\\/#\\\/schema\\\/logo\\\/image\\\/\",\"url\":\"https:\\\/\\\/kidsplay.lt\\\/wp-content\\\/uploads\\\/2023\\\/07\\\/kidsplay-logo.png\",\"contentUrl\":\"https:\\\/\\\/kidsplay.lt\\\/wp-content\\\/uploads\\\/2023\\\/07\\\/kidsplay-logo.png\",\"width\":451,\"height\":98,\"caption\":\"KidsPlay\"},\"image\":{\"@id\":\"https:\\\/\\\/kidsplay.lt\\\/#\\\/schema\\\/logo\\\/image\\\/\"},\"sameAs\":[\"https:\\\/\\\/www.facebook.com\\\/www.kidsplay.lt\"]}]}<\/script>\n<!-- \/ Yoast SEO plugin. -->","yoast_head_json":{"title":"Koka izgl\u012btojo\u0161a Montessori krustv\u0101rdu m\u012bkla","description":"Medin\u0117 mokomoji persipynimo lentel\u0117 Montessori - KidsPlay. Did\u017eiausias vaik\u0173 \u017eaisl\u0173 pasirinkimas.","robots":{"index":"index","follow":"follow","max-snippet":"max-snippet:-1","max-image-preview":"max-image-preview:large","max-video-preview":"max-video-preview:-1"},"canonical":"https:\/\/kidsplay.lt\/lv\/products\/medine-mokomoji-persipynimo-lentele-montessori\/","og_locale":"lv_LV","og_type":"article","og_title":"Medin\u0117 mokomoji persipynimo lentel\u0117 Montessori","og_description":"Medin\u0117 mokomoji persipynimo lentel\u0117 Montessori - KidsPlay. Did\u017eiausias vaik\u0173 \u017eaisl\u0173 pasirinkimas.","og_url":"https:\/\/kidsplay.lt\/lv\/products\/medine-mokomoji-persipynimo-lentele-montessori\/","og_site_name":"KidsPlay","article_publisher":"https:\/\/www.facebook.com\/www.kidsplay.lt","article_modified_time":"2026-04-07T07:38:07+00:00","og_image":[{"width":1080,"height":1080,"url":"https:\/\/kidsplay.lt\/wp-content\/uploads\/2024\/09\/Medine-mokomoji-persipynimo-lentele-Montessori.jpg","type":"image\/png"}],"twitter_card":"summary_large_image","twitter_misc":{"Est. reading time":"1 min\u016bte"},"schema":{"@context":"https:\/\/schema.org","@graph":[{"@type":"WebPage","@id":"https:\/\/kidsplay.lt\/produktas\/medine-mokomoji-persipynimo-lentele-montessori\/","url":"https:\/\/kidsplay.lt\/produktas\/medine-mokomoji-persipynimo-lentele-montessori\/","name":"Koka izgl\u012btojo\u0161a Montessori krustv\u0101rdu m\u012bkla","isPartOf":{"@id":"https:\/\/kidsplay.lt\/#website"},"primaryImageOfPage":{"@id":"https:\/\/kidsplay.lt\/produktas\/medine-mokomoji-persipynimo-lentele-montessori\/#primaryimage"},"image":{"@id":"https:\/\/kidsplay.lt\/produktas\/medine-mokomoji-persipynimo-lentele-montessori\/#primaryimage"},"thumbnailUrl":"https:\/\/kidsplay.lt\/wp-content\/uploads\/2024\/09\/Medine-mokomoji-persipynimo-lentele-Montessori.jpg","datePublished":"2026-02-26T07:23:05+00:00","dateModified":"2026-04-07T07:38:07+00:00","description":"Medin\u0117 mokomoji persipynimo lentel\u0117 Montessori - KidsPlay. Did\u017eiausias vaik\u0173 \u017eaisl\u0173 pasirinkimas.","breadcrumb":{"@id":"https:\/\/kidsplay.lt\/produktas\/medine-mokomoji-persipynimo-lentele-montessori\/#breadcrumb"},"inLanguage":"lv-LV","potentialAction":[{"@type":"ReadAction","target":["https:\/\/kidsplay.lt\/produktas\/medine-mokomoji-persipynimo-lentele-montessori\/"]}]},{"@type":"ImageObject","inLanguage":"lv-LV","@id":"https:\/\/kidsplay.lt\/produktas\/medine-mokomoji-persipynimo-lentele-montessori\/#primaryimage","url":"https:\/\/kidsplay.lt\/wp-content\/uploads\/2024\/09\/Medine-mokomoji-persipynimo-lentele-Montessori.jpg","contentUrl":"https:\/\/kidsplay.lt\/wp-content\/uploads\/2024\/09\/Medine-mokomoji-persipynimo-lentele-Montessori.jpg","width":1080,"height":1080,"caption":"Medin\u0117 mokomoji persipynimo lentel\u0117 Montessori"},{"@type":"BreadcrumbList","@id":"https:\/\/kidsplay.lt\/produktas\/medine-mokomoji-persipynimo-lentele-montessori\/#breadcrumb","itemListElement":[{"@type":"ListItem","position":1,"name":"Pagrindinis","item":"https:\/\/kidsplay.lt\/"},{"@type":"ListItem","position":2,"name":"Parduotuv\u0117","item":"https:\/\/kidsplay.lt\/parduotuve\/"},{"@type":"ListItem","position":3,"name":"Medin\u0117 mokomoji persipynimo lentel\u0117 Montessori"}]},{"@type":"WebSite","@id":"https:\/\/kidsplay.lt\/#website","url":"https:\/\/kidsplay.lt\/","name":"B\u0113rnu sp\u0113les.lv","description":"\u012evairios prek\u0117s vaikams","publisher":{"@id":"https:\/\/kidsplay.lt\/#organization"},"alternateName":"Kidsplay","potentialAction":[{"@type":"SearchAction","target":{"@type":"EntryPoint","urlTemplate":"https:\/\/kidsplay.lt\/?s={search_term_string}"},"query-input":{"@type":"PropertyValueSpecification","valueRequired":true,"valueName":"search_term_string"}}],"inLanguage":"lv-LV"},{"@type":"Organization","@id":"https:\/\/kidsplay.lt\/#organization","name":"B\u0113rnu sp\u0113le","url":"https:\/\/kidsplay.lt\/","logo":{"@type":"ImageObject","inLanguage":"lv-LV","@id":"https:\/\/kidsplay.lt\/#\/schema\/logo\/image\/","url":"https:\/\/kidsplay.lt\/wp-content\/uploads\/2023\/07\/kidsplay-logo.png","contentUrl":"https:\/\/kidsplay.lt\/wp-content\/uploads\/2023\/07\/kidsplay-logo.png","width":451,"height":98,"caption":"KidsPlay"},"image":{"@id":"https:\/\/kidsplay.lt\/#\/schema\/logo\/image\/"},"sameAs":["https:\/\/www.facebook.com\/www.kidsplay.lt"]}]}},"_links":{"self":[{"href":"https:\/\/kidsplay.lt\/lv\/wp-json\/wp\/v2\/product\/89516","targetHints":{"allow":["GET"]}}],"collection":[{"href":"https:\/\/kidsplay.lt\/lv\/wp-json\/wp\/v2\/product"}],"about":[{"href":"https:\/\/kidsplay.lt\/lv\/wp-json\/wp\/v2\/types\/product"}],"version-history":[{"count":1,"href":"https:\/\/kidsplay.lt\/lv\/wp-json\/wp\/v2\/product\/89516\/revisions"}],"predecessor-version":[{"id":89517,"href":"https:\/\/kidsplay.lt\/lv\/wp-json\/wp\/v2\/product\/89516\/revisions\/89517"}],"wp:featuredmedia":[{"embeddable":true,"href":"https:\/\/kidsplay.lt\/lv\/wp-json\/wp\/v2\/media\/54488"}],"wp:attachment":[{"href":"https:\/\/kidsplay.lt\/lv\/wp-json\/wp\/v2\/media?parent=89516"}],"wp:term":[{"taxonomy":"product_brand","embeddable":true,"href":"https:\/\/kidsplay.lt\/lv\/wp-json\/wp\/v2\/product_brand?post=89516"},{"taxonomy":"product_cat","embeddable":true,"href":"https:\/\/kidsplay.lt\/lv\/wp-json\/wp\/v2\/product_cat?post=89516"},{"taxonomy":"product_tag","embeddable":true,"href":"https:\/\/kidsplay.lt\/lv\/wp-json\/wp\/v2\/product_tag?post=89516"}],"curies":[{"name":"wp","href":"https:\/\/api.w.org\/{rel}","templated":true}]}}