{"id":89520,"date":"2026-02-26T09:23:12","date_gmt":"2026-02-26T07:23:12","guid":{"rendered":"https:\/\/kidsplay.lt\/produktas\/classic-world-mediniai-siulu-verimo-kaladeles-keliu-eismas-13-vnt\/"},"modified":"2026-04-13T14:59:56","modified_gmt":"2026-04-13T11:59:56","slug":"classic-world-mediniai-siulu-verimo-kaladeles-keliu-eismas-13-vnt","status":"publish","type":"product","link":"https:\/\/kidsplay.lt\/lv\/products\/classic-world-mediniai-siulu-verimo-kaladeles-keliu-eismas-13-vnt\/","title":{"rendered":"CLASSIC WORLD Mediniai si\u016bl\u0173 v\u0117rimo kalad\u0117l\u0117s, keli\u0173 eismas, 13 vnt."},"content":{"rendered":"<p>\u201eClassic World\u201c mediniai v\u0117rimo kalad\u0117l\u0117s yra puikus lavinamasis \u017eaislas ma\u017eyliams nuo 18 m\u0117nesi\u0173 am\u017eiaus. Rinkin\u012f sudaro 13 spalving\u0173 transporto priemon\u0117s formos element\u0173, kuriuos vaikai gali suverti ant virvel\u0117s ir sukurti savo dizain\u0105. \u0160is \u017eaislas lavina smulki\u0105j\u0105 motorik\u0105, susikaupim\u0105 ir k\u016brybi\u0161kum\u0105. Pagamintas i\u0161 nat\u016bralios medienos, u\u017etikrina saugum\u0105 ir patvarum\u0105. Puikiai tinka mokytis keli\u0173 eismo taisykli\u0173 \u017eaid\u017eiant.<\/p>\n<p>Rakstur\u012bgs:<\/p>\n<p> \t&#8211; Skirta vaikams nuo 18 m\u0117nesi\u0173 am\u017eiaus<br \/>\n \t&#8211; Pagaminta i\u0161 auk\u0161tos kokyb\u0117s medienos<br \/>\n \t&#8211; 13 element\u0173 keli\u0173 transporto priemoni\u0173 pavidalu<br \/>\n \t&#8211; Spalvingi, saug\u016bs da\u017eai<\/p>\n<p>Komplekt\u0101 ietilpst:<\/p>\n<p> \t&#8211; 13 medini\u0173 element\u0173 keli\u0173 transporto priemoni\u0173 pavidalu<br \/>\n \t&#8211; Sriegimo virv\u0117<br \/>\n \t&#8211; Vadovas su i\u0161d\u0117stymo pasi\u016blymais<\/p>\n<p>Rota\u013clieta att\u012bst\u0101s:<\/p>\n<p> \t&#8211; Smulkieji motoriniai \u012fg\u016bd\u017eiai ir miklumas<br \/>\n \t\u2013 Roku-acu koordin\u0101cija<br \/>\n \t&#8211; K\u016brybi\u0161kumas ir vaizduot\u0117<br \/>\n \t&#8211; Susikaupimas ir kantryb\u0117<br \/>\n \t&#8211; Pagrindini\u0173 keli\u0173 eismo taisykli\u0173 i\u0161manymas<\/p>","protected":false},"excerpt":{"rendered":"<p>\u201eClassic World\u201c mediniai v\u0117rimo kalad\u0117l\u0117s yra puikus lavinamasis \u017eaislas ma\u017eyliams nuo 18 m\u0117nesi\u0173 am\u017eiaus. Rinkin\u012f sudaro 13 spalving\u0173 transporto priemon\u0117s<\/p>","protected":false},"featured_media":67877,"template":"","meta":{"_acf_changed":false,"_glsr_average":0,"_glsr_ranking":0,"_glsr_reviews":0},"product_brand":[],"product_cat":[388,229],"product_tag":[],"class_list":{"0":"post-89520","1":"product","2":"type-product","3":"status-publish","4":"has-post-thumbnail","6":"product_cat-edukaciniai-lavinamieji-zaislai","7":"product_cat-zaislai-vaikams","8":"\"style=\"background-color: #2ecc711c;\"","10":"first","11":"instock","12":"purchasable","13":"product-type-simple"},"acf":[],"yoast_head":"<!-- This site is optimized with the Yoast SEO plugin v27.4 - https:\/\/yoast.com\/product\/yoast-seo-wordpress\/ -->\n<title>CLASSIC WORLD Mediniai si\u016bl\u0173 v\u0117rimo kalad\u0117l\u0117s, keli\u0173 eismas, 13 vnt.<\/title>\n<meta name=\"description\" content=\"CLASSIC WORLD Mediniai si\u016bl\u0173 v\u0117rimo kalad\u0117l\u0117s, keli\u0173 eismas, 13 vnt. - KidsPlay. Did\u017eiausias vaik\u0173 \u017eaisl\u0173 pasirinkimas.\" \/>\n<meta name=\"robots\" content=\"index, follow, max-snippet:-1, max-image-preview:large, max-video-preview:-1\" \/>\n<link rel=\"canonical\" href=\"https:\/\/kidsplay.lt\/lv\/products\/classic-world-mediniai-siulu-verimo-kaladeles-keliu-eismas-13-vnt\/\" \/>\n<meta property=\"og:locale\" content=\"lv_LV\" \/>\n<meta property=\"og:type\" content=\"article\" \/>\n<meta property=\"og:title\" content=\"CLASSIC WORLD Mediniai si\u016bl\u0173 v\u0117rimo kalad\u0117l\u0117s, keli\u0173 eismas, 13 vnt.\" \/>\n<meta property=\"og:description\" content=\"CLASSIC WORLD Mediniai si\u016bl\u0173 v\u0117rimo kalad\u0117l\u0117s, keli\u0173 eismas, 13 vnt. - KidsPlay. Did\u017eiausias vaik\u0173 \u017eaisl\u0173 pasirinkimas.\" \/>\n<meta property=\"og:url\" content=\"https:\/\/kidsplay.lt\/lv\/products\/classic-world-mediniai-siulu-verimo-kaladeles-keliu-eismas-13-vnt\/\" \/>\n<meta property=\"og:site_name\" content=\"KidsPlay\" \/>\n<meta property=\"article:publisher\" content=\"https:\/\/www.facebook.com\/www.kidsplay.lt\" \/>\n<meta property=\"article:modified_time\" content=\"2026-04-13T11:59:56+00:00\" \/>\n<meta property=\"og:image\" content=\"https:\/\/kidsplay.lt\/wp-content\/uploads\/2025\/10\/CLASSIC-WORLD-Mediniai-siulu-verimo-kaladeles-keliu-eismas-13-vnt.jpg\" \/>\n\t<meta property=\"og:image:width\" content=\"939\" \/>\n\t<meta property=\"og:image:height\" content=\"939\" \/>\n\t<meta property=\"og:image:type\" content=\"image\/jpeg\" \/>\n<meta name=\"twitter:card\" content=\"summary_large_image\" \/>\n<meta name=\"twitter:label1\" content=\"Est. reading time\" \/>\n\t<meta name=\"twitter:data1\" content=\"1 min\u016bte\" \/>\n<script type=\"application\/ld+json\" class=\"yoast-schema-graph\">{\"@context\":\"https:\\\/\\\/schema.org\",\"@graph\":[{\"@type\":\"WebPage\",\"@id\":\"https:\\\/\\\/kidsplay.lt\\\/produktas\\\/classic-world-mediniai-siulu-verimo-kaladeles-keliu-eismas-13-vnt\\\/\",\"url\":\"https:\\\/\\\/kidsplay.lt\\\/produktas\\\/classic-world-mediniai-siulu-verimo-kaladeles-keliu-eismas-13-vnt\\\/\",\"name\":\"CLASSIC WORLD Mediniai si\u016bl\u0173 v\u0117rimo kalad\u0117l\u0117s, keli\u0173 eismas, 13 vnt.\",\"isPartOf\":{\"@id\":\"https:\\\/\\\/kidsplay.lt\\\/#website\"},\"primaryImageOfPage\":{\"@id\":\"https:\\\/\\\/kidsplay.lt\\\/produktas\\\/classic-world-mediniai-siulu-verimo-kaladeles-keliu-eismas-13-vnt\\\/#primaryimage\"},\"image\":{\"@id\":\"https:\\\/\\\/kidsplay.lt\\\/produktas\\\/classic-world-mediniai-siulu-verimo-kaladeles-keliu-eismas-13-vnt\\\/#primaryimage\"},\"thumbnailUrl\":\"https:\\\/\\\/kidsplay.lt\\\/wp-content\\\/uploads\\\/2025\\\/10\\\/CLASSIC-WORLD-Mediniai-siulu-verimo-kaladeles-keliu-eismas-13-vnt.jpg\",\"datePublished\":\"2026-02-26T07:23:12+00:00\",\"dateModified\":\"2026-04-13T11:59:56+00:00\",\"description\":\"CLASSIC WORLD Mediniai si\u016bl\u0173 v\u0117rimo kalad\u0117l\u0117s, keli\u0173 eismas, 13 vnt. - KidsPlay. Did\u017eiausias vaik\u0173 \u017eaisl\u0173 pasirinkimas.\",\"breadcrumb\":{\"@id\":\"https:\\\/\\\/kidsplay.lt\\\/produktas\\\/classic-world-mediniai-siulu-verimo-kaladeles-keliu-eismas-13-vnt\\\/#breadcrumb\"},\"inLanguage\":\"lv-LV\",\"potentialAction\":[{\"@type\":\"ReadAction\",\"target\":[\"https:\\\/\\\/kidsplay.lt\\\/produktas\\\/classic-world-mediniai-siulu-verimo-kaladeles-keliu-eismas-13-vnt\\\/\"]}]},{\"@type\":\"ImageObject\",\"inLanguage\":\"lv-LV\",\"@id\":\"https:\\\/\\\/kidsplay.lt\\\/produktas\\\/classic-world-mediniai-siulu-verimo-kaladeles-keliu-eismas-13-vnt\\\/#primaryimage\",\"url\":\"https:\\\/\\\/kidsplay.lt\\\/wp-content\\\/uploads\\\/2025\\\/10\\\/CLASSIC-WORLD-Mediniai-siulu-verimo-kaladeles-keliu-eismas-13-vnt.jpg\",\"contentUrl\":\"https:\\\/\\\/kidsplay.lt\\\/wp-content\\\/uploads\\\/2025\\\/10\\\/CLASSIC-WORLD-Mediniai-siulu-verimo-kaladeles-keliu-eismas-13-vnt.jpg\",\"width\":939,\"height\":939,\"caption\":\"CLASSIC WORLD Mediniai si\u016bl\u0173 v\u0117rimo kalad\u0117l\u0117s\"},{\"@type\":\"BreadcrumbList\",\"@id\":\"https:\\\/\\\/kidsplay.lt\\\/produktas\\\/classic-world-mediniai-siulu-verimo-kaladeles-keliu-eismas-13-vnt\\\/#breadcrumb\",\"itemListElement\":[{\"@type\":\"ListItem\",\"position\":1,\"name\":\"Pagrindinis\",\"item\":\"https:\\\/\\\/kidsplay.lt\\\/\"},{\"@type\":\"ListItem\",\"position\":2,\"name\":\"Parduotuv\u0117\",\"item\":\"https:\\\/\\\/kidsplay.lt\\\/parduotuve\\\/\"},{\"@type\":\"ListItem\",\"position\":3,\"name\":\"CLASSIC WORLD Mediniai si\u016bl\u0173 v\u0117rimo kalad\u0117l\u0117s, keli\u0173 eismas, 13 vnt.\"}]},{\"@type\":\"WebSite\",\"@id\":\"https:\\\/\\\/kidsplay.lt\\\/#website\",\"url\":\"https:\\\/\\\/kidsplay.lt\\\/\",\"name\":\"Kidsplay.lt\",\"description\":\"\u012evairios prek\u0117s vaikams\",\"publisher\":{\"@id\":\"https:\\\/\\\/kidsplay.lt\\\/#organization\"},\"alternateName\":\"Kidsplay\",\"potentialAction\":[{\"@type\":\"SearchAction\",\"target\":{\"@type\":\"EntryPoint\",\"urlTemplate\":\"https:\\\/\\\/kidsplay.lt\\\/?s={search_term_string}\"},\"query-input\":{\"@type\":\"PropertyValueSpecification\",\"valueRequired\":true,\"valueName\":\"search_term_string\"}}],\"inLanguage\":\"lv-LV\"},{\"@type\":\"Organization\",\"@id\":\"https:\\\/\\\/kidsplay.lt\\\/#organization\",\"name\":\"KidsPlay\",\"url\":\"https:\\\/\\\/kidsplay.lt\\\/\",\"logo\":{\"@type\":\"ImageObject\",\"inLanguage\":\"lv-LV\",\"@id\":\"https:\\\/\\\/kidsplay.lt\\\/#\\\/schema\\\/logo\\\/image\\\/\",\"url\":\"https:\\\/\\\/kidsplay.lt\\\/wp-content\\\/uploads\\\/2023\\\/07\\\/kidsplay-logo.png\",\"contentUrl\":\"https:\\\/\\\/kidsplay.lt\\\/wp-content\\\/uploads\\\/2023\\\/07\\\/kidsplay-logo.png\",\"width\":451,\"height\":98,\"caption\":\"KidsPlay\"},\"image\":{\"@id\":\"https:\\\/\\\/kidsplay.lt\\\/#\\\/schema\\\/logo\\\/image\\\/\"},\"sameAs\":[\"https:\\\/\\\/www.facebook.com\\\/www.kidsplay.lt\"]}]}<\/script>\n<!-- \/ Yoast SEO plugin. -->","yoast_head_json":{"title":"CLASSIC WORLD Mediniai si\u016bl\u0173 v\u0117rimo kalad\u0117l\u0117s, keli\u0173 eismas, 13 vnt.","description":"CLASSIC WORLD Mediniai si\u016bl\u0173 v\u0117rimo kalad\u0117l\u0117s, keli\u0173 eismas, 13 vnt. - KidsPlay. Did\u017eiausias vaik\u0173 \u017eaisl\u0173 pasirinkimas.","robots":{"index":"index","follow":"follow","max-snippet":"max-snippet:-1","max-image-preview":"max-image-preview:large","max-video-preview":"max-video-preview:-1"},"canonical":"https:\/\/kidsplay.lt\/lv\/products\/classic-world-mediniai-siulu-verimo-kaladeles-keliu-eismas-13-vnt\/","og_locale":"lv_LV","og_type":"article","og_title":"CLASSIC WORLD Mediniai si\u016bl\u0173 v\u0117rimo kalad\u0117l\u0117s, keli\u0173 eismas, 13 vnt.","og_description":"CLASSIC WORLD Mediniai si\u016bl\u0173 v\u0117rimo kalad\u0117l\u0117s, keli\u0173 eismas, 13 vnt. - KidsPlay. Did\u017eiausias vaik\u0173 \u017eaisl\u0173 pasirinkimas.","og_url":"https:\/\/kidsplay.lt\/lv\/products\/classic-world-mediniai-siulu-verimo-kaladeles-keliu-eismas-13-vnt\/","og_site_name":"KidsPlay","article_publisher":"https:\/\/www.facebook.com\/www.kidsplay.lt","article_modified_time":"2026-04-13T11:59:56+00:00","og_image":[{"width":939,"height":939,"url":"https:\/\/kidsplay.lt\/wp-content\/uploads\/2025\/10\/CLASSIC-WORLD-Mediniai-siulu-verimo-kaladeles-keliu-eismas-13-vnt.jpg","type":"image\/jpeg"}],"twitter_card":"summary_large_image","twitter_misc":{"Est. reading time":"1 min\u016bte"},"schema":{"@context":"https:\/\/schema.org","@graph":[{"@type":"WebPage","@id":"https:\/\/kidsplay.lt\/produktas\/classic-world-mediniai-siulu-verimo-kaladeles-keliu-eismas-13-vnt\/","url":"https:\/\/kidsplay.lt\/produktas\/classic-world-mediniai-siulu-verimo-kaladeles-keliu-eismas-13-vnt\/","name":"CLASSIC WORLD Mediniai si\u016bl\u0173 v\u0117rimo kalad\u0117l\u0117s, keli\u0173 eismas, 13 vnt.","isPartOf":{"@id":"https:\/\/kidsplay.lt\/#website"},"primaryImageOfPage":{"@id":"https:\/\/kidsplay.lt\/produktas\/classic-world-mediniai-siulu-verimo-kaladeles-keliu-eismas-13-vnt\/#primaryimage"},"image":{"@id":"https:\/\/kidsplay.lt\/produktas\/classic-world-mediniai-siulu-verimo-kaladeles-keliu-eismas-13-vnt\/#primaryimage"},"thumbnailUrl":"https:\/\/kidsplay.lt\/wp-content\/uploads\/2025\/10\/CLASSIC-WORLD-Mediniai-siulu-verimo-kaladeles-keliu-eismas-13-vnt.jpg","datePublished":"2026-02-26T07:23:12+00:00","dateModified":"2026-04-13T11:59:56+00:00","description":"CLASSIC WORLD Mediniai si\u016bl\u0173 v\u0117rimo kalad\u0117l\u0117s, keli\u0173 eismas, 13 vnt. - KidsPlay. Did\u017eiausias vaik\u0173 \u017eaisl\u0173 pasirinkimas.","breadcrumb":{"@id":"https:\/\/kidsplay.lt\/produktas\/classic-world-mediniai-siulu-verimo-kaladeles-keliu-eismas-13-vnt\/#breadcrumb"},"inLanguage":"lv-LV","potentialAction":[{"@type":"ReadAction","target":["https:\/\/kidsplay.lt\/produktas\/classic-world-mediniai-siulu-verimo-kaladeles-keliu-eismas-13-vnt\/"]}]},{"@type":"ImageObject","inLanguage":"lv-LV","@id":"https:\/\/kidsplay.lt\/produktas\/classic-world-mediniai-siulu-verimo-kaladeles-keliu-eismas-13-vnt\/#primaryimage","url":"https:\/\/kidsplay.lt\/wp-content\/uploads\/2025\/10\/CLASSIC-WORLD-Mediniai-siulu-verimo-kaladeles-keliu-eismas-13-vnt.jpg","contentUrl":"https:\/\/kidsplay.lt\/wp-content\/uploads\/2025\/10\/CLASSIC-WORLD-Mediniai-siulu-verimo-kaladeles-keliu-eismas-13-vnt.jpg","width":939,"height":939,"caption":"CLASSIC WORLD Mediniai si\u016bl\u0173 v\u0117rimo kalad\u0117l\u0117s"},{"@type":"BreadcrumbList","@id":"https:\/\/kidsplay.lt\/produktas\/classic-world-mediniai-siulu-verimo-kaladeles-keliu-eismas-13-vnt\/#breadcrumb","itemListElement":[{"@type":"ListItem","position":1,"name":"Pagrindinis","item":"https:\/\/kidsplay.lt\/"},{"@type":"ListItem","position":2,"name":"Parduotuv\u0117","item":"https:\/\/kidsplay.lt\/parduotuve\/"},{"@type":"ListItem","position":3,"name":"CLASSIC WORLD Mediniai si\u016bl\u0173 v\u0117rimo kalad\u0117l\u0117s, keli\u0173 eismas, 13 vnt."}]},{"@type":"WebSite","@id":"https:\/\/kidsplay.lt\/#website","url":"https:\/\/kidsplay.lt\/","name":"B\u0113rnu sp\u0113les.lv","description":"\u012evairios prek\u0117s vaikams","publisher":{"@id":"https:\/\/kidsplay.lt\/#organization"},"alternateName":"Kidsplay","potentialAction":[{"@type":"SearchAction","target":{"@type":"EntryPoint","urlTemplate":"https:\/\/kidsplay.lt\/?s={search_term_string}"},"query-input":{"@type":"PropertyValueSpecification","valueRequired":true,"valueName":"search_term_string"}}],"inLanguage":"lv-LV"},{"@type":"Organization","@id":"https:\/\/kidsplay.lt\/#organization","name":"B\u0113rnu sp\u0113le","url":"https:\/\/kidsplay.lt\/","logo":{"@type":"ImageObject","inLanguage":"lv-LV","@id":"https:\/\/kidsplay.lt\/#\/schema\/logo\/image\/","url":"https:\/\/kidsplay.lt\/wp-content\/uploads\/2023\/07\/kidsplay-logo.png","contentUrl":"https:\/\/kidsplay.lt\/wp-content\/uploads\/2023\/07\/kidsplay-logo.png","width":451,"height":98,"caption":"KidsPlay"},"image":{"@id":"https:\/\/kidsplay.lt\/#\/schema\/logo\/image\/"},"sameAs":["https:\/\/www.facebook.com\/www.kidsplay.lt"]}]}},"_links":{"self":[{"href":"https:\/\/kidsplay.lt\/lv\/wp-json\/wp\/v2\/product\/89520","targetHints":{"allow":["GET"]}}],"collection":[{"href":"https:\/\/kidsplay.lt\/lv\/wp-json\/wp\/v2\/product"}],"about":[{"href":"https:\/\/kidsplay.lt\/lv\/wp-json\/wp\/v2\/types\/product"}],"version-history":[{"count":1,"href":"https:\/\/kidsplay.lt\/lv\/wp-json\/wp\/v2\/product\/89520\/revisions"}],"predecessor-version":[{"id":89521,"href":"https:\/\/kidsplay.lt\/lv\/wp-json\/wp\/v2\/product\/89520\/revisions\/89521"}],"wp:featuredmedia":[{"embeddable":true,"href":"https:\/\/kidsplay.lt\/lv\/wp-json\/wp\/v2\/media\/67877"}],"wp:attachment":[{"href":"https:\/\/kidsplay.lt\/lv\/wp-json\/wp\/v2\/media?parent=89520"}],"wp:term":[{"taxonomy":"product_brand","embeddable":true,"href":"https:\/\/kidsplay.lt\/lv\/wp-json\/wp\/v2\/product_brand?post=89520"},{"taxonomy":"product_cat","embeddable":true,"href":"https:\/\/kidsplay.lt\/lv\/wp-json\/wp\/v2\/product_cat?post=89520"},{"taxonomy":"product_tag","embeddable":true,"href":"https:\/\/kidsplay.lt\/lv\/wp-json\/wp\/v2\/product_tag?post=89520"}],"curies":[{"name":"wp","href":"https:\/\/api.w.org\/{rel}","templated":true}]}}