{"id":89530,"date":"2026-02-26T09:23:27","date_gmt":"2026-02-26T07:23:27","guid":{"rendered":"https:\/\/kidsplay.lt\/produktas\/medine-manipuliacine-lenta-spalvingos-kisenes-sagtys-ir-lipdukai\/"},"modified":"2026-04-20T08:29:22","modified_gmt":"2026-04-20T05:29:22","slug":"medine-manipuliacine-lenta-spalvingos-kisenes-sagtys-ir-lipdukai","status":"publish","type":"product","link":"https:\/\/kidsplay.lt\/lv\/products\/medine-manipuliacine-lenta-spalvingos-kisenes-sagtys-ir-lipdukai\/","title":{"rendered":"Medin\u0117 manipuliacin\u0117 lenta spalvingos ki\u0161en\u0117s sagtys ir lipdukai"},"content":{"rendered":"<p>Masterkidz sienin\u0117 lenta, kuri\u0105 galima montuoti ant sienos arba Masterkidz Flex sistemoje. Lentoje pavaizduotos 6 spalvingos med\u017eiagin\u0117s ki\u0161en\u0117s, kurios u\u017esegamos \u012fvairiais u\u017esegimais ir u\u017etrauktukais. J\u0173 pagalba vaikas gali i\u0161mokti atidaryti ir u\u017edaryti tam tikro tipo spynas.<\/p>\n<p>Kai kuri\u0173 u\u017esegim\u0173 ir spyn\u0173 atidarymas gali b\u016bti sud\u0117tingas \u2013 net ir suaugusiems! I\u0161mokti atsegti sud\u0117tingas sagtis, karabinus ir kitus tvirtinimo elementus vaikui gali b\u016bti labai sunku. Ta\u010diau \u012f pagalb\u0105 ateina fantasti\u0161ka sienin\u0117 lenta i\u0161 Masterkidz. Yra 6 spalvingos ki\u0161en\u0117s, kurias galima u\u017esegti \u012fvairiais b\u016bdais. Ant j\u0173 vaikas gali praktikuoti savo \u012fg\u016bd\u017eius<\/p>\n<p>Medin\u0117je lentoje yra net 6 ki\u0161en\u0117s su skirtingais tvirtinimo elementais:<\/p>\n<p> \tu\u017esegimas elastiniu dir\u017eeliu<br \/>\n \tVelcro u\u017esegimas<br \/>\n \tu\u017esegama spynos sagtis<br \/>\n \tu\u017esegami kabliukai<br \/>\n \tdrabu\u017ei\u0173 segtukai<\/p>\n<p>Lenta pagaminta i\u0161 med\u017eio. Pasirink\u0119 Masterkidz medinius \u017eaislus r\u016bpinat\u0117s aplinka ir suma\u017einate plastiko atliek\u0173 susidarym\u0105.<\/p>","protected":false},"excerpt":{"rendered":"<p>Masterkidz sienin\u0117 lenta, kuri\u0105 galima montuoti ant sienos arba Masterkidz Flex sistemoje. Lentoje pavaizduotos 6 spalvingos med\u017eiagin\u0117s ki\u0161en\u0117s, kurios u\u017esegamos<\/p>","protected":false},"featured_media":55155,"template":"","meta":{"_acf_changed":false,"_glsr_average":0,"_glsr_ranking":0,"_glsr_reviews":0},"product_brand":[],"product_cat":[673],"product_tag":[],"class_list":{"0":"post-89530","1":"product","2":"type-product","3":"status-publish","4":"has-post-thumbnail","6":"product_cat-ugdomosios-priemones","7":"\"style=\"background-color: #2ecc711c;\"","9":"first","10":"instock","11":"purchasable","12":"product-type-simple"},"acf":[],"yoast_head":"<!-- This site is optimized with the Yoast SEO plugin v27.4 - https:\/\/yoast.com\/product\/yoast-seo-wordpress\/ -->\n<title>Medin\u0117 manipuliacin\u0117 lenta spalvingos ki\u0161en\u0117s sagtys ir lipdukai<\/title>\n<meta name=\"description\" content=\"Medin\u0117 manipuliacin\u0117 lenta spalvingos ki\u0161en\u0117s sagtys ir lipdukai - KidsPlay. Did\u017eiausias vaik\u0173 \u017eaisl\u0173 pasirinkimas.\" \/>\n<meta name=\"robots\" content=\"index, follow, max-snippet:-1, max-image-preview:large, max-video-preview:-1\" \/>\n<link rel=\"canonical\" href=\"https:\/\/kidsplay.lt\/lv\/products\/medine-manipuliacine-lenta-spalvingos-kisenes-sagtys-ir-lipdukai\/\" \/>\n<meta property=\"og:locale\" content=\"lv_LV\" \/>\n<meta property=\"og:type\" content=\"article\" \/>\n<meta property=\"og:title\" content=\"Medin\u0117 manipuliacin\u0117 lenta spalvingos ki\u0161en\u0117s sagtys ir lipdukai\" \/>\n<meta property=\"og:description\" content=\"Medin\u0117 manipuliacin\u0117 lenta spalvingos ki\u0161en\u0117s sagtys ir lipdukai - KidsPlay. Did\u017eiausias vaik\u0173 \u017eaisl\u0173 pasirinkimas.\" \/>\n<meta property=\"og:url\" content=\"https:\/\/kidsplay.lt\/lv\/products\/medine-manipuliacine-lenta-spalvingos-kisenes-sagtys-ir-lipdukai\/\" \/>\n<meta property=\"og:site_name\" content=\"KidsPlay\" \/>\n<meta property=\"article:publisher\" content=\"https:\/\/www.facebook.com\/www.kidsplay.lt\" \/>\n<meta property=\"article:modified_time\" content=\"2026-04-20T05:29:22+00:00\" \/>\n<meta property=\"og:image\" content=\"https:\/\/kidsplay.lt\/wp-content\/uploads\/2024\/09\/Medine-manipuliacine-lenta-spalvingos-kisenes-sagtys-ir-lipdukai.jpg\" \/>\n\t<meta property=\"og:image:width\" content=\"2560\" \/>\n\t<meta property=\"og:image:height\" content=\"2219\" \/>\n\t<meta property=\"og:image:type\" content=\"image\/jpeg\" \/>\n<meta name=\"twitter:card\" content=\"summary_large_image\" \/>\n<meta name=\"twitter:label1\" content=\"Est. reading time\" \/>\n\t<meta name=\"twitter:data1\" content=\"1 min\u016bte\" \/>\n<script type=\"application\/ld+json\" class=\"yoast-schema-graph\">{\"@context\":\"https:\\\/\\\/schema.org\",\"@graph\":[{\"@type\":\"WebPage\",\"@id\":\"https:\\\/\\\/kidsplay.lt\\\/produktas\\\/medine-manipuliacine-lenta-spalvingos-kisenes-sagtys-ir-lipdukai\\\/\",\"url\":\"https:\\\/\\\/kidsplay.lt\\\/produktas\\\/medine-manipuliacine-lenta-spalvingos-kisenes-sagtys-ir-lipdukai\\\/\",\"name\":\"Medin\u0117 manipuliacin\u0117 lenta spalvingos ki\u0161en\u0117s sagtys ir lipdukai\",\"isPartOf\":{\"@id\":\"https:\\\/\\\/kidsplay.lt\\\/#website\"},\"primaryImageOfPage\":{\"@id\":\"https:\\\/\\\/kidsplay.lt\\\/produktas\\\/medine-manipuliacine-lenta-spalvingos-kisenes-sagtys-ir-lipdukai\\\/#primaryimage\"},\"image\":{\"@id\":\"https:\\\/\\\/kidsplay.lt\\\/produktas\\\/medine-manipuliacine-lenta-spalvingos-kisenes-sagtys-ir-lipdukai\\\/#primaryimage\"},\"thumbnailUrl\":\"https:\\\/\\\/kidsplay.lt\\\/wp-content\\\/uploads\\\/2024\\\/09\\\/Medine-manipuliacine-lenta-spalvingos-kisenes-sagtys-ir-lipdukai.jpg\",\"datePublished\":\"2026-02-26T07:23:27+00:00\",\"dateModified\":\"2026-04-20T05:29:22+00:00\",\"description\":\"Medin\u0117 manipuliacin\u0117 lenta spalvingos ki\u0161en\u0117s sagtys ir lipdukai - KidsPlay. Did\u017eiausias vaik\u0173 \u017eaisl\u0173 pasirinkimas.\",\"breadcrumb\":{\"@id\":\"https:\\\/\\\/kidsplay.lt\\\/produktas\\\/medine-manipuliacine-lenta-spalvingos-kisenes-sagtys-ir-lipdukai\\\/#breadcrumb\"},\"inLanguage\":\"lv-LV\",\"potentialAction\":[{\"@type\":\"ReadAction\",\"target\":[\"https:\\\/\\\/kidsplay.lt\\\/produktas\\\/medine-manipuliacine-lenta-spalvingos-kisenes-sagtys-ir-lipdukai\\\/\"]}]},{\"@type\":\"ImageObject\",\"inLanguage\":\"lv-LV\",\"@id\":\"https:\\\/\\\/kidsplay.lt\\\/produktas\\\/medine-manipuliacine-lenta-spalvingos-kisenes-sagtys-ir-lipdukai\\\/#primaryimage\",\"url\":\"https:\\\/\\\/kidsplay.lt\\\/wp-content\\\/uploads\\\/2024\\\/09\\\/Medine-manipuliacine-lenta-spalvingos-kisenes-sagtys-ir-lipdukai.jpg\",\"contentUrl\":\"https:\\\/\\\/kidsplay.lt\\\/wp-content\\\/uploads\\\/2024\\\/09\\\/Medine-manipuliacine-lenta-spalvingos-kisenes-sagtys-ir-lipdukai.jpg\",\"width\":2560,\"height\":2219,\"caption\":\"Medin\u0117 manipuliacin\u0117 lenta spalvingos ki\u0161en\u0117s sagtys ir lipdukai\"},{\"@type\":\"BreadcrumbList\",\"@id\":\"https:\\\/\\\/kidsplay.lt\\\/produktas\\\/medine-manipuliacine-lenta-spalvingos-kisenes-sagtys-ir-lipdukai\\\/#breadcrumb\",\"itemListElement\":[{\"@type\":\"ListItem\",\"position\":1,\"name\":\"Pagrindinis\",\"item\":\"https:\\\/\\\/kidsplay.lt\\\/\"},{\"@type\":\"ListItem\",\"position\":2,\"name\":\"Parduotuv\u0117\",\"item\":\"https:\\\/\\\/kidsplay.lt\\\/parduotuve\\\/\"},{\"@type\":\"ListItem\",\"position\":3,\"name\":\"Medin\u0117 manipuliacin\u0117 lenta spalvingos ki\u0161en\u0117s sagtys ir lipdukai\"}]},{\"@type\":\"WebSite\",\"@id\":\"https:\\\/\\\/kidsplay.lt\\\/#website\",\"url\":\"https:\\\/\\\/kidsplay.lt\\\/\",\"name\":\"Kidsplay.lt\",\"description\":\"\u012evairios prek\u0117s vaikams\",\"publisher\":{\"@id\":\"https:\\\/\\\/kidsplay.lt\\\/#organization\"},\"alternateName\":\"Kidsplay\",\"potentialAction\":[{\"@type\":\"SearchAction\",\"target\":{\"@type\":\"EntryPoint\",\"urlTemplate\":\"https:\\\/\\\/kidsplay.lt\\\/?s={search_term_string}\"},\"query-input\":{\"@type\":\"PropertyValueSpecification\",\"valueRequired\":true,\"valueName\":\"search_term_string\"}}],\"inLanguage\":\"lv-LV\"},{\"@type\":\"Organization\",\"@id\":\"https:\\\/\\\/kidsplay.lt\\\/#organization\",\"name\":\"KidsPlay\",\"url\":\"https:\\\/\\\/kidsplay.lt\\\/\",\"logo\":{\"@type\":\"ImageObject\",\"inLanguage\":\"lv-LV\",\"@id\":\"https:\\\/\\\/kidsplay.lt\\\/#\\\/schema\\\/logo\\\/image\\\/\",\"url\":\"https:\\\/\\\/kidsplay.lt\\\/wp-content\\\/uploads\\\/2023\\\/07\\\/kidsplay-logo.png\",\"contentUrl\":\"https:\\\/\\\/kidsplay.lt\\\/wp-content\\\/uploads\\\/2023\\\/07\\\/kidsplay-logo.png\",\"width\":451,\"height\":98,\"caption\":\"KidsPlay\"},\"image\":{\"@id\":\"https:\\\/\\\/kidsplay.lt\\\/#\\\/schema\\\/logo\\\/image\\\/\"},\"sameAs\":[\"https:\\\/\\\/www.facebook.com\\\/www.kidsplay.lt\"]}]}<\/script>\n<!-- \/ Yoast SEO plugin. -->","yoast_head_json":{"title":"Medin\u0117 manipuliacin\u0117 lenta spalvingos ki\u0161en\u0117s sagtys ir lipdukai","description":"Medin\u0117 manipuliacin\u0117 lenta spalvingos ki\u0161en\u0117s sagtys ir lipdukai - KidsPlay. Did\u017eiausias vaik\u0173 \u017eaisl\u0173 pasirinkimas.","robots":{"index":"index","follow":"follow","max-snippet":"max-snippet:-1","max-image-preview":"max-image-preview:large","max-video-preview":"max-video-preview:-1"},"canonical":"https:\/\/kidsplay.lt\/lv\/products\/medine-manipuliacine-lenta-spalvingos-kisenes-sagtys-ir-lipdukai\/","og_locale":"lv_LV","og_type":"article","og_title":"Medin\u0117 manipuliacin\u0117 lenta spalvingos ki\u0161en\u0117s sagtys ir lipdukai","og_description":"Medin\u0117 manipuliacin\u0117 lenta spalvingos ki\u0161en\u0117s sagtys ir lipdukai - KidsPlay. Did\u017eiausias vaik\u0173 \u017eaisl\u0173 pasirinkimas.","og_url":"https:\/\/kidsplay.lt\/lv\/products\/medine-manipuliacine-lenta-spalvingos-kisenes-sagtys-ir-lipdukai\/","og_site_name":"KidsPlay","article_publisher":"https:\/\/www.facebook.com\/www.kidsplay.lt","article_modified_time":"2026-04-20T05:29:22+00:00","og_image":[{"width":2560,"height":2219,"url":"https:\/\/kidsplay.lt\/wp-content\/uploads\/2024\/09\/Medine-manipuliacine-lenta-spalvingos-kisenes-sagtys-ir-lipdukai.jpg","type":"image\/jpeg"}],"twitter_card":"summary_large_image","twitter_misc":{"Est. reading time":"1 min\u016bte"},"schema":{"@context":"https:\/\/schema.org","@graph":[{"@type":"WebPage","@id":"https:\/\/kidsplay.lt\/produktas\/medine-manipuliacine-lenta-spalvingos-kisenes-sagtys-ir-lipdukai\/","url":"https:\/\/kidsplay.lt\/produktas\/medine-manipuliacine-lenta-spalvingos-kisenes-sagtys-ir-lipdukai\/","name":"Medin\u0117 manipuliacin\u0117 lenta spalvingos ki\u0161en\u0117s sagtys ir lipdukai","isPartOf":{"@id":"https:\/\/kidsplay.lt\/#website"},"primaryImageOfPage":{"@id":"https:\/\/kidsplay.lt\/produktas\/medine-manipuliacine-lenta-spalvingos-kisenes-sagtys-ir-lipdukai\/#primaryimage"},"image":{"@id":"https:\/\/kidsplay.lt\/produktas\/medine-manipuliacine-lenta-spalvingos-kisenes-sagtys-ir-lipdukai\/#primaryimage"},"thumbnailUrl":"https:\/\/kidsplay.lt\/wp-content\/uploads\/2024\/09\/Medine-manipuliacine-lenta-spalvingos-kisenes-sagtys-ir-lipdukai.jpg","datePublished":"2026-02-26T07:23:27+00:00","dateModified":"2026-04-20T05:29:22+00:00","description":"Medin\u0117 manipuliacin\u0117 lenta spalvingos ki\u0161en\u0117s sagtys ir lipdukai - KidsPlay. Did\u017eiausias vaik\u0173 \u017eaisl\u0173 pasirinkimas.","breadcrumb":{"@id":"https:\/\/kidsplay.lt\/produktas\/medine-manipuliacine-lenta-spalvingos-kisenes-sagtys-ir-lipdukai\/#breadcrumb"},"inLanguage":"lv-LV","potentialAction":[{"@type":"ReadAction","target":["https:\/\/kidsplay.lt\/produktas\/medine-manipuliacine-lenta-spalvingos-kisenes-sagtys-ir-lipdukai\/"]}]},{"@type":"ImageObject","inLanguage":"lv-LV","@id":"https:\/\/kidsplay.lt\/produktas\/medine-manipuliacine-lenta-spalvingos-kisenes-sagtys-ir-lipdukai\/#primaryimage","url":"https:\/\/kidsplay.lt\/wp-content\/uploads\/2024\/09\/Medine-manipuliacine-lenta-spalvingos-kisenes-sagtys-ir-lipdukai.jpg","contentUrl":"https:\/\/kidsplay.lt\/wp-content\/uploads\/2024\/09\/Medine-manipuliacine-lenta-spalvingos-kisenes-sagtys-ir-lipdukai.jpg","width":2560,"height":2219,"caption":"Medin\u0117 manipuliacin\u0117 lenta spalvingos ki\u0161en\u0117s sagtys ir lipdukai"},{"@type":"BreadcrumbList","@id":"https:\/\/kidsplay.lt\/produktas\/medine-manipuliacine-lenta-spalvingos-kisenes-sagtys-ir-lipdukai\/#breadcrumb","itemListElement":[{"@type":"ListItem","position":1,"name":"Pagrindinis","item":"https:\/\/kidsplay.lt\/"},{"@type":"ListItem","position":2,"name":"Parduotuv\u0117","item":"https:\/\/kidsplay.lt\/parduotuve\/"},{"@type":"ListItem","position":3,"name":"Medin\u0117 manipuliacin\u0117 lenta spalvingos ki\u0161en\u0117s sagtys ir lipdukai"}]},{"@type":"WebSite","@id":"https:\/\/kidsplay.lt\/#website","url":"https:\/\/kidsplay.lt\/","name":"B\u0113rnu sp\u0113les.lv","description":"\u012evairios prek\u0117s vaikams","publisher":{"@id":"https:\/\/kidsplay.lt\/#organization"},"alternateName":"Kidsplay","potentialAction":[{"@type":"SearchAction","target":{"@type":"EntryPoint","urlTemplate":"https:\/\/kidsplay.lt\/?s={search_term_string}"},"query-input":{"@type":"PropertyValueSpecification","valueRequired":true,"valueName":"search_term_string"}}],"inLanguage":"lv-LV"},{"@type":"Organization","@id":"https:\/\/kidsplay.lt\/#organization","name":"B\u0113rnu sp\u0113le","url":"https:\/\/kidsplay.lt\/","logo":{"@type":"ImageObject","inLanguage":"lv-LV","@id":"https:\/\/kidsplay.lt\/#\/schema\/logo\/image\/","url":"https:\/\/kidsplay.lt\/wp-content\/uploads\/2023\/07\/kidsplay-logo.png","contentUrl":"https:\/\/kidsplay.lt\/wp-content\/uploads\/2023\/07\/kidsplay-logo.png","width":451,"height":98,"caption":"KidsPlay"},"image":{"@id":"https:\/\/kidsplay.lt\/#\/schema\/logo\/image\/"},"sameAs":["https:\/\/www.facebook.com\/www.kidsplay.lt"]}]}},"_links":{"self":[{"href":"https:\/\/kidsplay.lt\/lv\/wp-json\/wp\/v2\/product\/89530","targetHints":{"allow":["GET"]}}],"collection":[{"href":"https:\/\/kidsplay.lt\/lv\/wp-json\/wp\/v2\/product"}],"about":[{"href":"https:\/\/kidsplay.lt\/lv\/wp-json\/wp\/v2\/types\/product"}],"version-history":[{"count":1,"href":"https:\/\/kidsplay.lt\/lv\/wp-json\/wp\/v2\/product\/89530\/revisions"}],"predecessor-version":[{"id":89531,"href":"https:\/\/kidsplay.lt\/lv\/wp-json\/wp\/v2\/product\/89530\/revisions\/89531"}],"wp:featuredmedia":[{"embeddable":true,"href":"https:\/\/kidsplay.lt\/lv\/wp-json\/wp\/v2\/media\/55155"}],"wp:attachment":[{"href":"https:\/\/kidsplay.lt\/lv\/wp-json\/wp\/v2\/media?parent=89530"}],"wp:term":[{"taxonomy":"product_brand","embeddable":true,"href":"https:\/\/kidsplay.lt\/lv\/wp-json\/wp\/v2\/product_brand?post=89530"},{"taxonomy":"product_cat","embeddable":true,"href":"https:\/\/kidsplay.lt\/lv\/wp-json\/wp\/v2\/product_cat?post=89530"},{"taxonomy":"product_tag","embeddable":true,"href":"https:\/\/kidsplay.lt\/lv\/wp-json\/wp\/v2\/product_tag?post=89530"}],"curies":[{"name":"wp","href":"https:\/\/api.w.org\/{rel}","templated":true}]}}