{"id":89539,"date":"2026-02-26T09:23:48","date_gmt":"2026-02-26T07:23:48","guid":{"rendered":"https:\/\/kidsplay.lt\/produktas\/edukacinis-zaidimas-formu-ir-spalvu-rusiuotojas\/"},"modified":"2026-04-13T15:00:29","modified_gmt":"2026-04-13T12:00:29","slug":"edukacinis-zaidimas-formu-ir-spalvu-rusiuotojas","status":"publish","type":"product","link":"https:\/\/kidsplay.lt\/lv\/products\/edukacinis-zaidimas-formu-ir-spalvu-rusiuotojas\/","title":{"rendered":"Edukacinis \u017eaidimas form\u0173 ir spalv\u0173 ru\u0161iuotojas"},"content":{"rendered":"<p>\u201eMasterkidz\u00a0\u201c prek\u0117s \u017eenklo\u00a0form\u0173 ir spalv\u0173 r\u016b\u0161iavimo mokomoji taryba\u00a0meta i\u0161\u0161\u016bk\u012f ma\u017eiausiems, kad jie atitikt\u0173 tinkamas formas, spalvas ir \u017eod\u017eius. Blokuose yra keturi\u0173 spalv\u0173 trikampiai, apskritimai ir kvadratai. Stulpeliais ar eilut\u0117mis galima derinti tinkamas formas ar spalvas. \u017daidimas\u00a0leid\u017eia i\u0161pl\u0117sti savo \u017eodyn\u0105\u00a0ir\u00a0lavinti koncentracij\u0105 bei motorinius \u012fg\u016bd\u017eius\u00a0.<\/p>\n<p>Raksturojums:<\/p>\n<p> \t&#8211; \u017eaislas\u00a0nuo 2 met\u0173<br \/>\n \t&#8211;\u00a015 blok\u0173\u00a0, kad tinkamai tilpt\u0173 \u012f stulpelius ir eilutes<br \/>\n \t&#8211; ant blokeli\u0173 yra angli\u0161ki pavadinimai<br \/>\n \t&#8211; 3 skirtingos spalvos ir 4 skirtingos formos<\/p>\n<p>\u017daislas vysto:<\/p>\n<p> \t&#8211; koncentracija<br \/>\n \t&#8211; motoriniai \u012fg\u016bd\u017eiai<br \/>\n \t&#8211; loginis m\u0105stymas<\/p>","protected":false},"excerpt":{"rendered":"<p>\u201eMasterkidz\u00a0\u201c prek\u0117s \u017eenklo\u00a0form\u0173 ir spalv\u0173 r\u016b\u0161iavimo mokomoji taryba\u00a0meta i\u0161\u0161\u016bk\u012f ma\u017eiausiems, kad jie atitikt\u0173 tinkamas formas, spalvas ir \u017eod\u017eius. Blokuose yra<\/p>","protected":false},"featured_media":55195,"template":"","meta":{"_acf_changed":false,"_glsr_average":0,"_glsr_ranking":0,"_glsr_reviews":0},"product_brand":[],"product_cat":[673],"product_tag":[],"class_list":{"0":"post-89539","1":"product","2":"type-product","3":"status-publish","4":"has-post-thumbnail","6":"product_cat-ugdomosios-priemones","7":"\"style=\"background-color: #2ecc711c;\"","9":"first","10":"instock","11":"purchasable","12":"product-type-simple"},"acf":[],"yoast_head":"<!-- This site is optimized with the Yoast SEO plugin v27.4 - https:\/\/yoast.com\/product\/yoast-seo-wordpress\/ -->\n<title>Edukacinis \u017eaidimas form\u0173 ir spalv\u0173 ru\u0161iuotojas<\/title>\n<meta name=\"description\" content=\"Edukacinis \u017eaidimas form\u0173 ir spalv\u0173 ru\u0161iuotojas - KidsPlay. Did\u017eiausias vaik\u0173 \u017eaisl\u0173 pasirinkimas.\" \/>\n<meta name=\"robots\" content=\"index, follow, max-snippet:-1, max-image-preview:large, max-video-preview:-1\" \/>\n<link rel=\"canonical\" href=\"https:\/\/kidsplay.lt\/lv\/products\/edukacinis-zaidimas-formu-ir-spalvu-rusiuotojas\/\" \/>\n<meta property=\"og:locale\" content=\"lv_LV\" \/>\n<meta property=\"og:type\" content=\"article\" \/>\n<meta property=\"og:title\" content=\"Edukacinis \u017eaidimas form\u0173 ir spalv\u0173 ru\u0161iuotojas\" \/>\n<meta property=\"og:description\" content=\"Edukacinis \u017eaidimas form\u0173 ir spalv\u0173 ru\u0161iuotojas - KidsPlay. Did\u017eiausias vaik\u0173 \u017eaisl\u0173 pasirinkimas.\" \/>\n<meta property=\"og:url\" content=\"https:\/\/kidsplay.lt\/lv\/products\/edukacinis-zaidimas-formu-ir-spalvu-rusiuotojas\/\" \/>\n<meta property=\"og:site_name\" content=\"KidsPlay\" \/>\n<meta property=\"article:publisher\" content=\"https:\/\/www.facebook.com\/www.kidsplay.lt\" \/>\n<meta property=\"article:modified_time\" content=\"2026-04-13T12:00:29+00:00\" \/>\n<meta property=\"og:image\" content=\"https:\/\/kidsplay.lt\/wp-content\/uploads\/2024\/09\/Edukacinis-zaidimas-formu-ir-spalvu-rusiuotojas.jpg\" \/>\n\t<meta property=\"og:image:width\" content=\"1600\" \/>\n\t<meta property=\"og:image:height\" content=\"1600\" \/>\n\t<meta property=\"og:image:type\" content=\"image\/jpeg\" \/>\n<meta name=\"twitter:card\" content=\"summary_large_image\" \/>\n<script type=\"application\/ld+json\" class=\"yoast-schema-graph\">{\"@context\":\"https:\\\/\\\/schema.org\",\"@graph\":[{\"@type\":\"WebPage\",\"@id\":\"https:\\\/\\\/kidsplay.lt\\\/produktas\\\/edukacinis-zaidimas-formu-ir-spalvu-rusiuotojas\\\/\",\"url\":\"https:\\\/\\\/kidsplay.lt\\\/produktas\\\/edukacinis-zaidimas-formu-ir-spalvu-rusiuotojas\\\/\",\"name\":\"Edukacinis \u017eaidimas form\u0173 ir spalv\u0173 ru\u0161iuotojas\",\"isPartOf\":{\"@id\":\"https:\\\/\\\/kidsplay.lt\\\/#website\"},\"primaryImageOfPage\":{\"@id\":\"https:\\\/\\\/kidsplay.lt\\\/produktas\\\/edukacinis-zaidimas-formu-ir-spalvu-rusiuotojas\\\/#primaryimage\"},\"image\":{\"@id\":\"https:\\\/\\\/kidsplay.lt\\\/produktas\\\/edukacinis-zaidimas-formu-ir-spalvu-rusiuotojas\\\/#primaryimage\"},\"thumbnailUrl\":\"https:\\\/\\\/kidsplay.lt\\\/wp-content\\\/uploads\\\/2024\\\/09\\\/Edukacinis-zaidimas-formu-ir-spalvu-rusiuotojas.jpg\",\"datePublished\":\"2026-02-26T07:23:48+00:00\",\"dateModified\":\"2026-04-13T12:00:29+00:00\",\"description\":\"Edukacinis \u017eaidimas form\u0173 ir spalv\u0173 ru\u0161iuotojas - KidsPlay. Did\u017eiausias vaik\u0173 \u017eaisl\u0173 pasirinkimas.\",\"breadcrumb\":{\"@id\":\"https:\\\/\\\/kidsplay.lt\\\/produktas\\\/edukacinis-zaidimas-formu-ir-spalvu-rusiuotojas\\\/#breadcrumb\"},\"inLanguage\":\"lv-LV\",\"potentialAction\":[{\"@type\":\"ReadAction\",\"target\":[\"https:\\\/\\\/kidsplay.lt\\\/produktas\\\/edukacinis-zaidimas-formu-ir-spalvu-rusiuotojas\\\/\"]}]},{\"@type\":\"ImageObject\",\"inLanguage\":\"lv-LV\",\"@id\":\"https:\\\/\\\/kidsplay.lt\\\/produktas\\\/edukacinis-zaidimas-formu-ir-spalvu-rusiuotojas\\\/#primaryimage\",\"url\":\"https:\\\/\\\/kidsplay.lt\\\/wp-content\\\/uploads\\\/2024\\\/09\\\/Edukacinis-zaidimas-formu-ir-spalvu-rusiuotojas.jpg\",\"contentUrl\":\"https:\\\/\\\/kidsplay.lt\\\/wp-content\\\/uploads\\\/2024\\\/09\\\/Edukacinis-zaidimas-formu-ir-spalvu-rusiuotojas.jpg\",\"width\":1600,\"height\":1600,\"caption\":\"Edukacinis \u017eaidimas form\u0173 ir spalv\u0173 ru\u0161iuotojas\"},{\"@type\":\"BreadcrumbList\",\"@id\":\"https:\\\/\\\/kidsplay.lt\\\/produktas\\\/edukacinis-zaidimas-formu-ir-spalvu-rusiuotojas\\\/#breadcrumb\",\"itemListElement\":[{\"@type\":\"ListItem\",\"position\":1,\"name\":\"Pagrindinis\",\"item\":\"https:\\\/\\\/kidsplay.lt\\\/\"},{\"@type\":\"ListItem\",\"position\":2,\"name\":\"Parduotuv\u0117\",\"item\":\"https:\\\/\\\/kidsplay.lt\\\/parduotuve\\\/\"},{\"@type\":\"ListItem\",\"position\":3,\"name\":\"Edukacinis \u017eaidimas form\u0173 ir spalv\u0173 ru\u0161iuotojas\"}]},{\"@type\":\"WebSite\",\"@id\":\"https:\\\/\\\/kidsplay.lt\\\/#website\",\"url\":\"https:\\\/\\\/kidsplay.lt\\\/\",\"name\":\"Kidsplay.lt\",\"description\":\"\u012evairios prek\u0117s vaikams\",\"publisher\":{\"@id\":\"https:\\\/\\\/kidsplay.lt\\\/#organization\"},\"alternateName\":\"Kidsplay\",\"potentialAction\":[{\"@type\":\"SearchAction\",\"target\":{\"@type\":\"EntryPoint\",\"urlTemplate\":\"https:\\\/\\\/kidsplay.lt\\\/?s={search_term_string}\"},\"query-input\":{\"@type\":\"PropertyValueSpecification\",\"valueRequired\":true,\"valueName\":\"search_term_string\"}}],\"inLanguage\":\"lv-LV\"},{\"@type\":\"Organization\",\"@id\":\"https:\\\/\\\/kidsplay.lt\\\/#organization\",\"name\":\"KidsPlay\",\"url\":\"https:\\\/\\\/kidsplay.lt\\\/\",\"logo\":{\"@type\":\"ImageObject\",\"inLanguage\":\"lv-LV\",\"@id\":\"https:\\\/\\\/kidsplay.lt\\\/#\\\/schema\\\/logo\\\/image\\\/\",\"url\":\"https:\\\/\\\/kidsplay.lt\\\/wp-content\\\/uploads\\\/2023\\\/07\\\/kidsplay-logo.png\",\"contentUrl\":\"https:\\\/\\\/kidsplay.lt\\\/wp-content\\\/uploads\\\/2023\\\/07\\\/kidsplay-logo.png\",\"width\":451,\"height\":98,\"caption\":\"KidsPlay\"},\"image\":{\"@id\":\"https:\\\/\\\/kidsplay.lt\\\/#\\\/schema\\\/logo\\\/image\\\/\"},\"sameAs\":[\"https:\\\/\\\/www.facebook.com\\\/www.kidsplay.lt\"]}]}<\/script>\n<!-- \/ Yoast SEO plugin. -->","yoast_head_json":{"title":"Edukacinis \u017eaidimas form\u0173 ir spalv\u0173 ru\u0161iuotojas","description":"Edukacinis \u017eaidimas form\u0173 ir spalv\u0173 ru\u0161iuotojas - KidsPlay. Did\u017eiausias vaik\u0173 \u017eaisl\u0173 pasirinkimas.","robots":{"index":"index","follow":"follow","max-snippet":"max-snippet:-1","max-image-preview":"max-image-preview:large","max-video-preview":"max-video-preview:-1"},"canonical":"https:\/\/kidsplay.lt\/lv\/products\/edukacinis-zaidimas-formu-ir-spalvu-rusiuotojas\/","og_locale":"lv_LV","og_type":"article","og_title":"Edukacinis \u017eaidimas form\u0173 ir spalv\u0173 ru\u0161iuotojas","og_description":"Edukacinis \u017eaidimas form\u0173 ir spalv\u0173 ru\u0161iuotojas - KidsPlay. Did\u017eiausias vaik\u0173 \u017eaisl\u0173 pasirinkimas.","og_url":"https:\/\/kidsplay.lt\/lv\/products\/edukacinis-zaidimas-formu-ir-spalvu-rusiuotojas\/","og_site_name":"KidsPlay","article_publisher":"https:\/\/www.facebook.com\/www.kidsplay.lt","article_modified_time":"2026-04-13T12:00:29+00:00","og_image":[{"width":1600,"height":1600,"url":"https:\/\/kidsplay.lt\/wp-content\/uploads\/2024\/09\/Edukacinis-zaidimas-formu-ir-spalvu-rusiuotojas.jpg","type":"image\/jpeg"}],"twitter_card":"summary_large_image","schema":{"@context":"https:\/\/schema.org","@graph":[{"@type":"WebPage","@id":"https:\/\/kidsplay.lt\/produktas\/edukacinis-zaidimas-formu-ir-spalvu-rusiuotojas\/","url":"https:\/\/kidsplay.lt\/produktas\/edukacinis-zaidimas-formu-ir-spalvu-rusiuotojas\/","name":"Edukacinis \u017eaidimas form\u0173 ir spalv\u0173 ru\u0161iuotojas","isPartOf":{"@id":"https:\/\/kidsplay.lt\/#website"},"primaryImageOfPage":{"@id":"https:\/\/kidsplay.lt\/produktas\/edukacinis-zaidimas-formu-ir-spalvu-rusiuotojas\/#primaryimage"},"image":{"@id":"https:\/\/kidsplay.lt\/produktas\/edukacinis-zaidimas-formu-ir-spalvu-rusiuotojas\/#primaryimage"},"thumbnailUrl":"https:\/\/kidsplay.lt\/wp-content\/uploads\/2024\/09\/Edukacinis-zaidimas-formu-ir-spalvu-rusiuotojas.jpg","datePublished":"2026-02-26T07:23:48+00:00","dateModified":"2026-04-13T12:00:29+00:00","description":"Edukacinis \u017eaidimas form\u0173 ir spalv\u0173 ru\u0161iuotojas - KidsPlay. Did\u017eiausias vaik\u0173 \u017eaisl\u0173 pasirinkimas.","breadcrumb":{"@id":"https:\/\/kidsplay.lt\/produktas\/edukacinis-zaidimas-formu-ir-spalvu-rusiuotojas\/#breadcrumb"},"inLanguage":"lv-LV","potentialAction":[{"@type":"ReadAction","target":["https:\/\/kidsplay.lt\/produktas\/edukacinis-zaidimas-formu-ir-spalvu-rusiuotojas\/"]}]},{"@type":"ImageObject","inLanguage":"lv-LV","@id":"https:\/\/kidsplay.lt\/produktas\/edukacinis-zaidimas-formu-ir-spalvu-rusiuotojas\/#primaryimage","url":"https:\/\/kidsplay.lt\/wp-content\/uploads\/2024\/09\/Edukacinis-zaidimas-formu-ir-spalvu-rusiuotojas.jpg","contentUrl":"https:\/\/kidsplay.lt\/wp-content\/uploads\/2024\/09\/Edukacinis-zaidimas-formu-ir-spalvu-rusiuotojas.jpg","width":1600,"height":1600,"caption":"Edukacinis \u017eaidimas form\u0173 ir spalv\u0173 ru\u0161iuotojas"},{"@type":"BreadcrumbList","@id":"https:\/\/kidsplay.lt\/produktas\/edukacinis-zaidimas-formu-ir-spalvu-rusiuotojas\/#breadcrumb","itemListElement":[{"@type":"ListItem","position":1,"name":"Pagrindinis","item":"https:\/\/kidsplay.lt\/"},{"@type":"ListItem","position":2,"name":"Parduotuv\u0117","item":"https:\/\/kidsplay.lt\/parduotuve\/"},{"@type":"ListItem","position":3,"name":"Edukacinis \u017eaidimas form\u0173 ir spalv\u0173 ru\u0161iuotojas"}]},{"@type":"WebSite","@id":"https:\/\/kidsplay.lt\/#website","url":"https:\/\/kidsplay.lt\/","name":"B\u0113rnu sp\u0113les.lv","description":"\u012evairios prek\u0117s vaikams","publisher":{"@id":"https:\/\/kidsplay.lt\/#organization"},"alternateName":"Kidsplay","potentialAction":[{"@type":"SearchAction","target":{"@type":"EntryPoint","urlTemplate":"https:\/\/kidsplay.lt\/?s={search_term_string}"},"query-input":{"@type":"PropertyValueSpecification","valueRequired":true,"valueName":"search_term_string"}}],"inLanguage":"lv-LV"},{"@type":"Organization","@id":"https:\/\/kidsplay.lt\/#organization","name":"B\u0113rnu sp\u0113le","url":"https:\/\/kidsplay.lt\/","logo":{"@type":"ImageObject","inLanguage":"lv-LV","@id":"https:\/\/kidsplay.lt\/#\/schema\/logo\/image\/","url":"https:\/\/kidsplay.lt\/wp-content\/uploads\/2023\/07\/kidsplay-logo.png","contentUrl":"https:\/\/kidsplay.lt\/wp-content\/uploads\/2023\/07\/kidsplay-logo.png","width":451,"height":98,"caption":"KidsPlay"},"image":{"@id":"https:\/\/kidsplay.lt\/#\/schema\/logo\/image\/"},"sameAs":["https:\/\/www.facebook.com\/www.kidsplay.lt"]}]}},"_links":{"self":[{"href":"https:\/\/kidsplay.lt\/lv\/wp-json\/wp\/v2\/product\/89539","targetHints":{"allow":["GET"]}}],"collection":[{"href":"https:\/\/kidsplay.lt\/lv\/wp-json\/wp\/v2\/product"}],"about":[{"href":"https:\/\/kidsplay.lt\/lv\/wp-json\/wp\/v2\/types\/product"}],"version-history":[{"count":1,"href":"https:\/\/kidsplay.lt\/lv\/wp-json\/wp\/v2\/product\/89539\/revisions"}],"predecessor-version":[{"id":89540,"href":"https:\/\/kidsplay.lt\/lv\/wp-json\/wp\/v2\/product\/89539\/revisions\/89540"}],"wp:featuredmedia":[{"embeddable":true,"href":"https:\/\/kidsplay.lt\/lv\/wp-json\/wp\/v2\/media\/55195"}],"wp:attachment":[{"href":"https:\/\/kidsplay.lt\/lv\/wp-json\/wp\/v2\/media?parent=89539"}],"wp:term":[{"taxonomy":"product_brand","embeddable":true,"href":"https:\/\/kidsplay.lt\/lv\/wp-json\/wp\/v2\/product_brand?post=89539"},{"taxonomy":"product_cat","embeddable":true,"href":"https:\/\/kidsplay.lt\/lv\/wp-json\/wp\/v2\/product_cat?post=89539"},{"taxonomy":"product_tag","embeddable":true,"href":"https:\/\/kidsplay.lt\/lv\/wp-json\/wp\/v2\/product_tag?post=89539"}],"curies":[{"name":"wp","href":"https:\/\/api.w.org\/{rel}","templated":true}]}}