{"id":89545,"date":"2026-02-26T09:23:56","date_gmt":"2026-02-26T07:23:56","guid":{"rendered":"https:\/\/kidsplay.lt\/produktas\/tooky-toy-montessori-abeceles-delione-raidziu-zodziu-gyvunu-mokymasis-57-vnt\/"},"modified":"2026-04-07T10:39:04","modified_gmt":"2026-04-07T07:39:04","slug":"tooky-toy-montessori-abeceles-delione-raidziu-zodziu-gyvunu-mokymasis-57-vnt","status":"publish","type":"product","link":"https:\/\/kidsplay.lt\/lv\/products\/tooky-toy-montessori-abeceles-delione-raidziu-zodziu-gyvunu-mokymasis-57-vnt\/","title":{"rendered":"TOOKY TOY Montessori ab\u0117c\u0117l\u0117s d\u0117lion\u0117 Raid\u017ei\u0173, \u017eod\u017ei\u0173, gyv\u016bn\u0173 mokymasis 57 vnt."},"content":{"rendered":"<p>\u201eTooky Toy\u201c\u00a0ab\u0117c\u0117l\u0117s d\u0117lion\u0117s\u00a0\u2013 tai tikras raid\u017ei\u0173 mokymosi nuotykis ma\u017eiesiems! \u0160is unikalus rinkinys ankstyv\u0105j\u012f\u00a0kalbos mokym\u0105si\u00a0paver\u010dia d\u017eiaugsmingu \u017eaidimu, kupinu spalv\u0173, form\u0173 ir paprast\u0173 \u017eod\u017ei\u0173. Vaikai atranda ab\u0117c\u0117l\u0117s paslaptis, d\u0117liodami spalvingas raides tinkamose vietose ant\u00a030 iliustruot\u0173 korteli\u0173,\u00a0kurdami gyv\u016bn\u0173 ir objekt\u0173 pavadinimus, tokius kaip \u201elokys\u201c, \u201eli\u016btas\u201c, \u201epel\u0117da\u201c ir \u201e\u017evaig\u017ed\u0117\u201c. Kortel\u0117s sujungtos patogiu \u017eiedu ir gali b\u016bti ve\u017eamos su savimi \u012f\u00a0bet kuri\u0105 kelion\u0119,\u00a0o d\u0117ka atsegt\u0173 raid\u017ei\u0173 vaikai gali savaranki\u0161kai patikrinti, ar jos teisingai sutampa.<\/p>\n<p>Rakstur\u012bgs:<\/p>\n<p> \t&#8211; Vaikams nuo\u00a03 met\u0173\u00a0am\u017eiaus<br \/>\n \t&#8211; Rinkinyje 57 detal\u0117s<br \/>\n \t&#8211; Patogus \u017eiedas, suri\u0161antis visas korteles \u012f vien\u0105 patogi\u0105 knygel\u0119<br \/>\n \t&#8211; Spalvinga, patvari mediena, da\u017eyta saugiais, netoksi\u0161kais da\u017eais<br \/>\n \t&#8211; Kortel\u0117s su perpie\u0161tais raid\u017ei\u0173 kont\u016brais, siekiant palengvinti savaranki\u0161k\u0105 mokym\u0105si<br \/>\n \t&#8211; Miel\u0173 gyv\u016bn\u0173 ir objekt\u0173 iliustracijos<br \/>\n \t&#8211; Puikus raid\u017ei\u0173 dydis ma\u017eoms rankyt\u0117ms<\/p>\n<p>Komplekt\u0101 ietilpst:<\/p>\n<p> \t&#8211; 26 medin\u0117s spalvingos ab\u0117c\u0117l\u0117s raid\u0117s<br \/>\n \t&#8211; 30 iliustruot\u0173 edukacini\u0173 korteli\u0173 su \u017eod\u017ei\u0173 kont\u016brais<br \/>\n \t&#8211; Prakti\u0161kas \u017eiedas kortel\u0117ms pritvirtinti<\/p>\n<p>Rota\u013clieta att\u012bst\u0101s:<\/p>\n<p> \t&#8211; Angl\u0173 kalbos \u017einios<br \/>\n \t&#8211; Geb\u0117jimas skaityti ir atpa\u017einti raides<br \/>\n \t&#8211; Motoriniai \u012fg\u016bd\u017eiai<br \/>\n \t&#8211; Nepriklausomyb\u0117<br \/>\n \t&#8211; Logika<\/p>","protected":false},"excerpt":{"rendered":"<p>\u201eTooky Toy\u201c\u00a0ab\u0117c\u0117l\u0117s d\u0117lion\u0117s\u00a0\u2013 tai tikras raid\u017ei\u0173 mokymosi nuotykis ma\u017eiesiems! \u0160is unikalus rinkinys ankstyv\u0105j\u012f\u00a0kalbos mokym\u0105si\u00a0paver\u010dia d\u017eiaugsmingu \u017eaidimu, kupinu spalv\u0173, form\u0173 ir<\/p>","protected":false},"featured_media":76605,"template":"","meta":{"_acf_changed":false,"_glsr_average":0,"_glsr_ranking":0,"_glsr_reviews":0},"product_brand":[],"product_cat":[388,229],"product_tag":[],"class_list":{"0":"post-89545","1":"product","2":"type-product","3":"status-publish","4":"has-post-thumbnail","6":"product_cat-edukaciniai-lavinamieji-zaislai","7":"product_cat-zaislai-vaikams","8":"\"style=\"background-color: #2ecc711c;\"","10":"first","11":"instock","12":"purchasable","13":"product-type-simple"},"acf":[],"yoast_head":"<!-- This site is optimized with the Yoast SEO plugin v27.3 - https:\/\/yoast.com\/product\/yoast-seo-wordpress\/ -->\n<title>TOOKY TOY Montessori ab\u0117c\u0117l\u0117s d\u0117lion\u0117 Raid\u017ei\u0173, \u017eod\u017ei\u0173, gyv\u016bn\u0173 mokymasis 57 vnt.<\/title>\n<meta name=\"description\" content=\"TOOKY TOY Montessori ab\u0117c\u0117l\u0117s d\u0117lion\u0117 Raid\u017ei\u0173, \u017eod\u017ei\u0173, gyv\u016bn\u0173 mokymasis 57 vnt. - KidsPlay. Did\u017eiausias vaik\u0173 \u017eaisl\u0173 pasirinkimas.\" \/>\n<meta name=\"robots\" content=\"index, follow, max-snippet:-1, max-image-preview:large, max-video-preview:-1\" \/>\n<link rel=\"canonical\" href=\"https:\/\/kidsplay.lt\/lv\/products\/tooky-toy-montessori-abeceles-delione-raidziu-zodziu-gyvunu-mokymasis-57-vnt\/\" \/>\n<meta property=\"og:locale\" content=\"lv_LV\" \/>\n<meta property=\"og:type\" content=\"article\" \/>\n<meta property=\"og:title\" content=\"TOOKY TOY Montessori ab\u0117c\u0117l\u0117s d\u0117lion\u0117 Raid\u017ei\u0173, \u017eod\u017ei\u0173, gyv\u016bn\u0173 mokymasis 57 vnt.\" \/>\n<meta property=\"og:description\" content=\"TOOKY TOY Montessori ab\u0117c\u0117l\u0117s d\u0117lion\u0117 Raid\u017ei\u0173, \u017eod\u017ei\u0173, gyv\u016bn\u0173 mokymasis 57 vnt. - KidsPlay. Did\u017eiausias vaik\u0173 \u017eaisl\u0173 pasirinkimas.\" \/>\n<meta property=\"og:url\" content=\"https:\/\/kidsplay.lt\/lv\/products\/tooky-toy-montessori-abeceles-delione-raidziu-zodziu-gyvunu-mokymasis-57-vnt\/\" \/>\n<meta property=\"og:site_name\" content=\"KidsPlay\" \/>\n<meta property=\"article:publisher\" content=\"https:\/\/www.facebook.com\/www.kidsplay.lt\" \/>\n<meta property=\"article:modified_time\" content=\"2026-04-07T07:39:04+00:00\" \/>\n<meta property=\"og:image\" content=\"https:\/\/kidsplay.lt\/wp-content\/uploads\/2025\/10\/TOOKY-TOY-Montessori-abeceles-delione-Raidziu-zodziu-gyvunu-mokymasis-57-vnt.jpg\" \/>\n\t<meta property=\"og:image:width\" content=\"1768\" \/>\n\t<meta property=\"og:image:height\" content=\"1200\" \/>\n\t<meta property=\"og:image:type\" content=\"image\/jpeg\" \/>\n<meta name=\"twitter:card\" content=\"summary_large_image\" \/>\n<meta name=\"twitter:label1\" content=\"Est. reading time\" \/>\n\t<meta name=\"twitter:data1\" content=\"1 min\u016bte\" \/>\n<script type=\"application\/ld+json\" class=\"yoast-schema-graph\">{\"@context\":\"https:\\\/\\\/schema.org\",\"@graph\":[{\"@type\":\"WebPage\",\"@id\":\"https:\\\/\\\/kidsplay.lt\\\/produktas\\\/tooky-toy-montessori-abeceles-delione-raidziu-zodziu-gyvunu-mokymasis-57-vnt\\\/\",\"url\":\"https:\\\/\\\/kidsplay.lt\\\/produktas\\\/tooky-toy-montessori-abeceles-delione-raidziu-zodziu-gyvunu-mokymasis-57-vnt\\\/\",\"name\":\"TOOKY TOY Montessori ab\u0117c\u0117l\u0117s d\u0117lion\u0117 Raid\u017ei\u0173, \u017eod\u017ei\u0173, gyv\u016bn\u0173 mokymasis 57 vnt.\",\"isPartOf\":{\"@id\":\"https:\\\/\\\/kidsplay.lt\\\/#website\"},\"primaryImageOfPage\":{\"@id\":\"https:\\\/\\\/kidsplay.lt\\\/produktas\\\/tooky-toy-montessori-abeceles-delione-raidziu-zodziu-gyvunu-mokymasis-57-vnt\\\/#primaryimage\"},\"image\":{\"@id\":\"https:\\\/\\\/kidsplay.lt\\\/produktas\\\/tooky-toy-montessori-abeceles-delione-raidziu-zodziu-gyvunu-mokymasis-57-vnt\\\/#primaryimage\"},\"thumbnailUrl\":\"https:\\\/\\\/kidsplay.lt\\\/wp-content\\\/uploads\\\/2025\\\/10\\\/TOOKY-TOY-Montessori-abeceles-delione-Raidziu-zodziu-gyvunu-mokymasis-57-vnt.jpg\",\"datePublished\":\"2026-02-26T07:23:56+00:00\",\"dateModified\":\"2026-04-07T07:39:04+00:00\",\"description\":\"TOOKY TOY Montessori ab\u0117c\u0117l\u0117s d\u0117lion\u0117 Raid\u017ei\u0173, \u017eod\u017ei\u0173, gyv\u016bn\u0173 mokymasis 57 vnt. - KidsPlay. Did\u017eiausias vaik\u0173 \u017eaisl\u0173 pasirinkimas.\",\"breadcrumb\":{\"@id\":\"https:\\\/\\\/kidsplay.lt\\\/produktas\\\/tooky-toy-montessori-abeceles-delione-raidziu-zodziu-gyvunu-mokymasis-57-vnt\\\/#breadcrumb\"},\"inLanguage\":\"lv-LV\",\"potentialAction\":[{\"@type\":\"ReadAction\",\"target\":[\"https:\\\/\\\/kidsplay.lt\\\/produktas\\\/tooky-toy-montessori-abeceles-delione-raidziu-zodziu-gyvunu-mokymasis-57-vnt\\\/\"]}]},{\"@type\":\"ImageObject\",\"inLanguage\":\"lv-LV\",\"@id\":\"https:\\\/\\\/kidsplay.lt\\\/produktas\\\/tooky-toy-montessori-abeceles-delione-raidziu-zodziu-gyvunu-mokymasis-57-vnt\\\/#primaryimage\",\"url\":\"https:\\\/\\\/kidsplay.lt\\\/wp-content\\\/uploads\\\/2025\\\/10\\\/TOOKY-TOY-Montessori-abeceles-delione-Raidziu-zodziu-gyvunu-mokymasis-57-vnt.jpg\",\"contentUrl\":\"https:\\\/\\\/kidsplay.lt\\\/wp-content\\\/uploads\\\/2025\\\/10\\\/TOOKY-TOY-Montessori-abeceles-delione-Raidziu-zodziu-gyvunu-mokymasis-57-vnt.jpg\",\"width\":1768,\"height\":1200,\"caption\":\"TOOKY TOY Montessori ab\u0117c\u0117l\u0117s d\u0117lion\u0117 Raid\u017ei\u0173\"},{\"@type\":\"BreadcrumbList\",\"@id\":\"https:\\\/\\\/kidsplay.lt\\\/produktas\\\/tooky-toy-montessori-abeceles-delione-raidziu-zodziu-gyvunu-mokymasis-57-vnt\\\/#breadcrumb\",\"itemListElement\":[{\"@type\":\"ListItem\",\"position\":1,\"name\":\"Pagrindinis\",\"item\":\"https:\\\/\\\/kidsplay.lt\\\/\"},{\"@type\":\"ListItem\",\"position\":2,\"name\":\"Parduotuv\u0117\",\"item\":\"https:\\\/\\\/kidsplay.lt\\\/parduotuve\\\/\"},{\"@type\":\"ListItem\",\"position\":3,\"name\":\"TOOKY TOY Montessori ab\u0117c\u0117l\u0117s d\u0117lion\u0117 Raid\u017ei\u0173, \u017eod\u017ei\u0173, gyv\u016bn\u0173 mokymasis 57 vnt.\"}]},{\"@type\":\"WebSite\",\"@id\":\"https:\\\/\\\/kidsplay.lt\\\/#website\",\"url\":\"https:\\\/\\\/kidsplay.lt\\\/\",\"name\":\"Kidsplay.lt\",\"description\":\"\u012evairios prek\u0117s vaikams\",\"publisher\":{\"@id\":\"https:\\\/\\\/kidsplay.lt\\\/#organization\"},\"alternateName\":\"Kidsplay\",\"potentialAction\":[{\"@type\":\"SearchAction\",\"target\":{\"@type\":\"EntryPoint\",\"urlTemplate\":\"https:\\\/\\\/kidsplay.lt\\\/?s={search_term_string}\"},\"query-input\":{\"@type\":\"PropertyValueSpecification\",\"valueRequired\":true,\"valueName\":\"search_term_string\"}}],\"inLanguage\":\"lv-LV\"},{\"@type\":\"Organization\",\"@id\":\"https:\\\/\\\/kidsplay.lt\\\/#organization\",\"name\":\"KidsPlay\",\"url\":\"https:\\\/\\\/kidsplay.lt\\\/\",\"logo\":{\"@type\":\"ImageObject\",\"inLanguage\":\"lv-LV\",\"@id\":\"https:\\\/\\\/kidsplay.lt\\\/#\\\/schema\\\/logo\\\/image\\\/\",\"url\":\"https:\\\/\\\/kidsplay.lt\\\/wp-content\\\/uploads\\\/2023\\\/07\\\/kidsplay-logo.png\",\"contentUrl\":\"https:\\\/\\\/kidsplay.lt\\\/wp-content\\\/uploads\\\/2023\\\/07\\\/kidsplay-logo.png\",\"width\":451,\"height\":98,\"caption\":\"KidsPlay\"},\"image\":{\"@id\":\"https:\\\/\\\/kidsplay.lt\\\/#\\\/schema\\\/logo\\\/image\\\/\"},\"sameAs\":[\"https:\\\/\\\/www.facebook.com\\\/www.kidsplay.lt\"]}]}<\/script>\n<!-- \/ Yoast SEO plugin. -->","yoast_head_json":{"title":"TOOKY TOY Montessori ab\u0117c\u0117l\u0117s d\u0117lion\u0117 Raid\u017ei\u0173, \u017eod\u017ei\u0173, gyv\u016bn\u0173 mokymasis 57 vnt.","description":"TOOKY TOY Montessori ab\u0117c\u0117l\u0117s d\u0117lion\u0117 Raid\u017ei\u0173, \u017eod\u017ei\u0173, gyv\u016bn\u0173 mokymasis 57 vnt. - KidsPlay. Did\u017eiausias vaik\u0173 \u017eaisl\u0173 pasirinkimas.","robots":{"index":"index","follow":"follow","max-snippet":"max-snippet:-1","max-image-preview":"max-image-preview:large","max-video-preview":"max-video-preview:-1"},"canonical":"https:\/\/kidsplay.lt\/lv\/products\/tooky-toy-montessori-abeceles-delione-raidziu-zodziu-gyvunu-mokymasis-57-vnt\/","og_locale":"lv_LV","og_type":"article","og_title":"TOOKY TOY Montessori ab\u0117c\u0117l\u0117s d\u0117lion\u0117 Raid\u017ei\u0173, \u017eod\u017ei\u0173, gyv\u016bn\u0173 mokymasis 57 vnt.","og_description":"TOOKY TOY Montessori ab\u0117c\u0117l\u0117s d\u0117lion\u0117 Raid\u017ei\u0173, \u017eod\u017ei\u0173, gyv\u016bn\u0173 mokymasis 57 vnt. - KidsPlay. Did\u017eiausias vaik\u0173 \u017eaisl\u0173 pasirinkimas.","og_url":"https:\/\/kidsplay.lt\/lv\/products\/tooky-toy-montessori-abeceles-delione-raidziu-zodziu-gyvunu-mokymasis-57-vnt\/","og_site_name":"KidsPlay","article_publisher":"https:\/\/www.facebook.com\/www.kidsplay.lt","article_modified_time":"2026-04-07T07:39:04+00:00","og_image":[{"width":1768,"height":1200,"url":"https:\/\/kidsplay.lt\/wp-content\/uploads\/2025\/10\/TOOKY-TOY-Montessori-abeceles-delione-Raidziu-zodziu-gyvunu-mokymasis-57-vnt.jpg","type":"image\/jpeg"}],"twitter_card":"summary_large_image","twitter_misc":{"Est. reading time":"1 min\u016bte"},"schema":{"@context":"https:\/\/schema.org","@graph":[{"@type":"WebPage","@id":"https:\/\/kidsplay.lt\/produktas\/tooky-toy-montessori-abeceles-delione-raidziu-zodziu-gyvunu-mokymasis-57-vnt\/","url":"https:\/\/kidsplay.lt\/produktas\/tooky-toy-montessori-abeceles-delione-raidziu-zodziu-gyvunu-mokymasis-57-vnt\/","name":"TOOKY TOY Montessori ab\u0117c\u0117l\u0117s d\u0117lion\u0117 Raid\u017ei\u0173, \u017eod\u017ei\u0173, gyv\u016bn\u0173 mokymasis 57 vnt.","isPartOf":{"@id":"https:\/\/kidsplay.lt\/#website"},"primaryImageOfPage":{"@id":"https:\/\/kidsplay.lt\/produktas\/tooky-toy-montessori-abeceles-delione-raidziu-zodziu-gyvunu-mokymasis-57-vnt\/#primaryimage"},"image":{"@id":"https:\/\/kidsplay.lt\/produktas\/tooky-toy-montessori-abeceles-delione-raidziu-zodziu-gyvunu-mokymasis-57-vnt\/#primaryimage"},"thumbnailUrl":"https:\/\/kidsplay.lt\/wp-content\/uploads\/2025\/10\/TOOKY-TOY-Montessori-abeceles-delione-Raidziu-zodziu-gyvunu-mokymasis-57-vnt.jpg","datePublished":"2026-02-26T07:23:56+00:00","dateModified":"2026-04-07T07:39:04+00:00","description":"TOOKY TOY Montessori ab\u0117c\u0117l\u0117s d\u0117lion\u0117 Raid\u017ei\u0173, \u017eod\u017ei\u0173, gyv\u016bn\u0173 mokymasis 57 vnt. - KidsPlay. Did\u017eiausias vaik\u0173 \u017eaisl\u0173 pasirinkimas.","breadcrumb":{"@id":"https:\/\/kidsplay.lt\/produktas\/tooky-toy-montessori-abeceles-delione-raidziu-zodziu-gyvunu-mokymasis-57-vnt\/#breadcrumb"},"inLanguage":"lv-LV","potentialAction":[{"@type":"ReadAction","target":["https:\/\/kidsplay.lt\/produktas\/tooky-toy-montessori-abeceles-delione-raidziu-zodziu-gyvunu-mokymasis-57-vnt\/"]}]},{"@type":"ImageObject","inLanguage":"lv-LV","@id":"https:\/\/kidsplay.lt\/produktas\/tooky-toy-montessori-abeceles-delione-raidziu-zodziu-gyvunu-mokymasis-57-vnt\/#primaryimage","url":"https:\/\/kidsplay.lt\/wp-content\/uploads\/2025\/10\/TOOKY-TOY-Montessori-abeceles-delione-Raidziu-zodziu-gyvunu-mokymasis-57-vnt.jpg","contentUrl":"https:\/\/kidsplay.lt\/wp-content\/uploads\/2025\/10\/TOOKY-TOY-Montessori-abeceles-delione-Raidziu-zodziu-gyvunu-mokymasis-57-vnt.jpg","width":1768,"height":1200,"caption":"TOOKY TOY Montessori ab\u0117c\u0117l\u0117s d\u0117lion\u0117 Raid\u017ei\u0173"},{"@type":"BreadcrumbList","@id":"https:\/\/kidsplay.lt\/produktas\/tooky-toy-montessori-abeceles-delione-raidziu-zodziu-gyvunu-mokymasis-57-vnt\/#breadcrumb","itemListElement":[{"@type":"ListItem","position":1,"name":"Pagrindinis","item":"https:\/\/kidsplay.lt\/"},{"@type":"ListItem","position":2,"name":"Parduotuv\u0117","item":"https:\/\/kidsplay.lt\/parduotuve\/"},{"@type":"ListItem","position":3,"name":"TOOKY TOY Montessori ab\u0117c\u0117l\u0117s d\u0117lion\u0117 Raid\u017ei\u0173, \u017eod\u017ei\u0173, gyv\u016bn\u0173 mokymasis 57 vnt."}]},{"@type":"WebSite","@id":"https:\/\/kidsplay.lt\/#website","url":"https:\/\/kidsplay.lt\/","name":"B\u0113rnu sp\u0113les.lv","description":"\u012evairios prek\u0117s vaikams","publisher":{"@id":"https:\/\/kidsplay.lt\/#organization"},"alternateName":"Kidsplay","potentialAction":[{"@type":"SearchAction","target":{"@type":"EntryPoint","urlTemplate":"https:\/\/kidsplay.lt\/?s={search_term_string}"},"query-input":{"@type":"PropertyValueSpecification","valueRequired":true,"valueName":"search_term_string"}}],"inLanguage":"lv-LV"},{"@type":"Organization","@id":"https:\/\/kidsplay.lt\/#organization","name":"B\u0113rnu sp\u0113le","url":"https:\/\/kidsplay.lt\/","logo":{"@type":"ImageObject","inLanguage":"lv-LV","@id":"https:\/\/kidsplay.lt\/#\/schema\/logo\/image\/","url":"https:\/\/kidsplay.lt\/wp-content\/uploads\/2023\/07\/kidsplay-logo.png","contentUrl":"https:\/\/kidsplay.lt\/wp-content\/uploads\/2023\/07\/kidsplay-logo.png","width":451,"height":98,"caption":"KidsPlay"},"image":{"@id":"https:\/\/kidsplay.lt\/#\/schema\/logo\/image\/"},"sameAs":["https:\/\/www.facebook.com\/www.kidsplay.lt"]}]}},"_links":{"self":[{"href":"https:\/\/kidsplay.lt\/lv\/wp-json\/wp\/v2\/product\/89545","targetHints":{"allow":["GET"]}}],"collection":[{"href":"https:\/\/kidsplay.lt\/lv\/wp-json\/wp\/v2\/product"}],"about":[{"href":"https:\/\/kidsplay.lt\/lv\/wp-json\/wp\/v2\/types\/product"}],"version-history":[{"count":1,"href":"https:\/\/kidsplay.lt\/lv\/wp-json\/wp\/v2\/product\/89545\/revisions"}],"predecessor-version":[{"id":89546,"href":"https:\/\/kidsplay.lt\/lv\/wp-json\/wp\/v2\/product\/89545\/revisions\/89546"}],"wp:featuredmedia":[{"embeddable":true,"href":"https:\/\/kidsplay.lt\/lv\/wp-json\/wp\/v2\/media\/76605"}],"wp:attachment":[{"href":"https:\/\/kidsplay.lt\/lv\/wp-json\/wp\/v2\/media?parent=89545"}],"wp:term":[{"taxonomy":"product_brand","embeddable":true,"href":"https:\/\/kidsplay.lt\/lv\/wp-json\/wp\/v2\/product_brand?post=89545"},{"taxonomy":"product_cat","embeddable":true,"href":"https:\/\/kidsplay.lt\/lv\/wp-json\/wp\/v2\/product_cat?post=89545"},{"taxonomy":"product_tag","embeddable":true,"href":"https:\/\/kidsplay.lt\/lv\/wp-json\/wp\/v2\/product_tag?post=89545"}],"curies":[{"name":"wp","href":"https:\/\/api.w.org\/{rel}","templated":true}]}}