{"id":89547,"date":"2026-02-26T09:23:58","date_gmt":"2026-02-26T07:23:58","guid":{"rendered":"https:\/\/kidsplay.lt\/produktas\/montessori-edukacine-lenta-atsinaujinanti-ir-neatsinaujinanti-energija\/"},"modified":"2026-04-13T15:00:46","modified_gmt":"2026-04-13T12:00:46","slug":"montessori-edukacine-lenta-atsinaujinanti-ir-neatsinaujinanti-energija","status":"publish","type":"product","link":"https:\/\/kidsplay.lt\/lv\/products\/montessori-edukacine-lenta-atsinaujinanti-ir-neatsinaujinanti-energija\/","title":{"rendered":"Montessori izgl\u012bt\u012bbas padome atjaunojam\u0101s un neatjaunojam\u0101s ener\u0123ijas jom\u0101"},"content":{"rendered":"<p>\u201eMasterkidz\u201c edukacin\u0117s lentos\u00a0\u00a0leid\u017eia vaikams vienu metu lavinti daugyb\u0119 \u012fg\u016bd\u017ei\u0173. Kiekviena lenta \u012fvairiomis \u012fdomiomis temomis moko vaikus, kaip veikti visuomen\u0117je, ir leid\u017eia pa\u017einti mus supant\u012f pasaul\u012f. Galime tur\u0117ti kelias lentas ir lengvai jas keisti, o special\u016bs r\u0117meliai puikiai prilaiko lent\u0105 prie sienos.\u00a0<\/p>\n<p>Raksturojums:<\/p>\n<p> \t&#8211; Galime tur\u0117ti kelias lentas ir jas nesunkiai keisti, o special\u016bs r\u0117meliai puikiai prilaiko lent\u0105 prie sienos.\u00a0<br \/>\n \t&#8211; Lent\u0105 galima naudoti ir be r\u0117meli\u0173, pvz., ant stalo ar ant grind\u0173<br \/>\n \t&#8211; vaikai tur\u0117t\u0173 su\u017einoti apie atsinaujinan\u010di\u0105 energij\u0105, kuri gali pagerinti j\u0173 gyvenim\u0105 ateityje<br \/>\n \t&#8211; lenta padalinta \u012f dvi dalis<br \/>\n \t&#8211; kair\u0117je lentos pus\u0117je pavaizduota nelaiminga \u017dem\u0117, kurioje suvartojama anglis, kuras, radioaktyvioji energija ir kiti neatsinaujinantys i\u0161tekliai<br \/>\n \t&#8211; de\u0161in\u0117je lentos pus\u0117je pavaizduota laiminga \u017dem\u0117, kurioje \u017emon\u0117s naudoja tik atsinaujinan\u010di\u0105 energij\u0105, toki\u0105 kaip v\u0117jo, vandens ir saul\u0117s energija<br \/>\n \t\u2013 Neatsinaujinantys energijos \u0161altiniai \u2013\u00a0\u00a0did\u017eioji dalis pasaulio energijos \u0161iandien gaunama i\u0161 i\u0161kastinio kuro, pirmiausia tai sunaudojame elektrai, \u0161ilumai ir transportui. I\u0161kastinis kuras yra \u017ealiava m\u016bs\u0173 dujoms, benzinui, dyzelinui, anglims ir naftai gaminti. I\u0161kastinio kuro gavyba ir vartojimas sukuria daug energijos ir ter\u0161ia<br \/>\n \t&#8211;\u00a0\u00a0Atsinaujinanti energija \u2013\u00a0\u00a0\u012fvairios atsinaujinan\u010dios energijos r\u016b\u0161ys tiriamos siekiant neutralizuoti klimato kaitos poveik\u012f ir vystym\u0105si. Tai saul\u0117s energija, v\u0117jo energija, hidroelektrin\u0117, biomas\u0117 ir kiti nauji \u0161altiniai. Tai energijos \u0161altiniai, kuriuos galima naudoti nei\u0161eikvodami i\u0161tekli\u0173 \u2013 nepaisant to, kiek saul\u0117s energijos apdorojame, m\u016bs\u0173 naudojimas netur\u0117s \u012ftakos jos formai.<br \/>\n \t&#8211; ap\u0161vietimo efektai naudojami norint parodyti, kaip namuose \u012fsijungia \u0161viesa<br \/>\n \t&#8211; vandens energijos generatorius su rankiniu \u0161vaistikliu padeda vaikams iliustruoti, kaip tekantis vanduo generuoja energij\u0105<br \/>\n \t&#8211;\u00a0\u00a0darbui reikalingos baterijos<\/p>\n<p>Rota\u013clieta att\u012bst\u0101s:<\/p>\n<p> \t&#8211; motoriniai \u012fg\u016bd\u017eiai<br \/>\n \t&#8211; sensorinis<br \/>\n \t&#8211; aki\u0173-rank\u0173 koordinacija<br \/>\n \t\u2013 izt\u0113le<br \/>\n \t&#8211; koncentracija<br \/>\n \t&#8211; smalsumas<\/p>","protected":false},"excerpt":{"rendered":"<p>\u201eMasterkidz\u201c edukacin\u0117s lentos\u00a0\u00a0leid\u017eia vaikams vienu metu lavinti daugyb\u0119 \u012fg\u016bd\u017ei\u0173. Kiekviena lenta \u012fvairiomis \u012fdomiomis temomis moko vaikus, kaip veikti visuomen\u0117je, ir<\/p>","protected":false},"featured_media":55339,"template":"","meta":{"_acf_changed":false,"_glsr_average":0,"_glsr_ranking":0,"_glsr_reviews":0},"product_brand":[],"product_cat":[673],"product_tag":[],"class_list":{"0":"post-89547","1":"product","2":"type-product","3":"status-publish","4":"has-post-thumbnail","6":"product_cat-ugdomosios-priemones","7":"\"style=\"background-color: #2ecc711c;\"","9":"first","10":"instock","11":"purchasable","12":"product-type-simple"},"acf":[],"yoast_head":"<!-- This site is optimized with the Yoast SEO plugin v27.4 - https:\/\/yoast.com\/product\/yoast-seo-wordpress\/ -->\n<title>Montessori edukacin\u0117 lenta atsinaujinanti ir neatsinaujinanti energija<\/title>\n<meta name=\"description\" content=\"Montessori edukacin\u0117 lenta atsinaujinanti ir neatsinaujinanti energija - KidsPlay. Did\u017eiausias vaik\u0173 \u017eaisl\u0173 pasirinkimas.\" \/>\n<meta name=\"robots\" content=\"index, follow, max-snippet:-1, max-image-preview:large, max-video-preview:-1\" \/>\n<link rel=\"canonical\" href=\"https:\/\/kidsplay.lt\/lv\/products\/montessori-edukacine-lenta-atsinaujinanti-ir-neatsinaujinanti-energija\/\" \/>\n<meta property=\"og:locale\" content=\"lv_LV\" \/>\n<meta property=\"og:type\" content=\"article\" \/>\n<meta property=\"og:title\" content=\"Montessori edukacin\u0117 lenta atsinaujinanti ir neatsinaujinanti energija\" \/>\n<meta property=\"og:description\" content=\"Montessori edukacin\u0117 lenta atsinaujinanti ir neatsinaujinanti energija - KidsPlay. Did\u017eiausias vaik\u0173 \u017eaisl\u0173 pasirinkimas.\" \/>\n<meta property=\"og:url\" content=\"https:\/\/kidsplay.lt\/lv\/products\/montessori-edukacine-lenta-atsinaujinanti-ir-neatsinaujinanti-energija\/\" \/>\n<meta property=\"og:site_name\" content=\"KidsPlay\" \/>\n<meta property=\"article:publisher\" content=\"https:\/\/www.facebook.com\/www.kidsplay.lt\" \/>\n<meta property=\"article:modified_time\" content=\"2026-04-13T12:00:46+00:00\" \/>\n<meta property=\"og:image\" content=\"https:\/\/kidsplay.lt\/wp-content\/uploads\/2024\/09\/Montessori-edukacine-lenta-atsinaujinanti-ir-neatsinaujinanti-energija.jpg\" \/>\n\t<meta property=\"og:image:width\" content=\"1605\" \/>\n\t<meta property=\"og:image:height\" content=\"1605\" \/>\n\t<meta property=\"og:image:type\" content=\"image\/jpeg\" \/>\n<meta name=\"twitter:card\" content=\"summary_large_image\" \/>\n<meta name=\"twitter:label1\" content=\"Est. reading time\" \/>\n\t<meta name=\"twitter:data1\" content=\"2 min\u016btes\" \/>\n<script type=\"application\/ld+json\" class=\"yoast-schema-graph\">{\"@context\":\"https:\\\/\\\/schema.org\",\"@graph\":[{\"@type\":\"WebPage\",\"@id\":\"https:\\\/\\\/kidsplay.lt\\\/produktas\\\/montessori-edukacine-lenta-atsinaujinanti-ir-neatsinaujinanti-energija\\\/\",\"url\":\"https:\\\/\\\/kidsplay.lt\\\/produktas\\\/montessori-edukacine-lenta-atsinaujinanti-ir-neatsinaujinanti-energija\\\/\",\"name\":\"Montessori edukacin\u0117 lenta atsinaujinanti ir neatsinaujinanti energija\",\"isPartOf\":{\"@id\":\"https:\\\/\\\/kidsplay.lt\\\/#website\"},\"primaryImageOfPage\":{\"@id\":\"https:\\\/\\\/kidsplay.lt\\\/produktas\\\/montessori-edukacine-lenta-atsinaujinanti-ir-neatsinaujinanti-energija\\\/#primaryimage\"},\"image\":{\"@id\":\"https:\\\/\\\/kidsplay.lt\\\/produktas\\\/montessori-edukacine-lenta-atsinaujinanti-ir-neatsinaujinanti-energija\\\/#primaryimage\"},\"thumbnailUrl\":\"https:\\\/\\\/kidsplay.lt\\\/wp-content\\\/uploads\\\/2024\\\/09\\\/Montessori-edukacine-lenta-atsinaujinanti-ir-neatsinaujinanti-energija.jpg\",\"datePublished\":\"2026-02-26T07:23:58+00:00\",\"dateModified\":\"2026-04-13T12:00:46+00:00\",\"description\":\"Montessori edukacin\u0117 lenta atsinaujinanti ir neatsinaujinanti energija - KidsPlay. Did\u017eiausias vaik\u0173 \u017eaisl\u0173 pasirinkimas.\",\"breadcrumb\":{\"@id\":\"https:\\\/\\\/kidsplay.lt\\\/produktas\\\/montessori-edukacine-lenta-atsinaujinanti-ir-neatsinaujinanti-energija\\\/#breadcrumb\"},\"inLanguage\":\"lv-LV\",\"potentialAction\":[{\"@type\":\"ReadAction\",\"target\":[\"https:\\\/\\\/kidsplay.lt\\\/produktas\\\/montessori-edukacine-lenta-atsinaujinanti-ir-neatsinaujinanti-energija\\\/\"]}]},{\"@type\":\"ImageObject\",\"inLanguage\":\"lv-LV\",\"@id\":\"https:\\\/\\\/kidsplay.lt\\\/produktas\\\/montessori-edukacine-lenta-atsinaujinanti-ir-neatsinaujinanti-energija\\\/#primaryimage\",\"url\":\"https:\\\/\\\/kidsplay.lt\\\/wp-content\\\/uploads\\\/2024\\\/09\\\/Montessori-edukacine-lenta-atsinaujinanti-ir-neatsinaujinanti-energija.jpg\",\"contentUrl\":\"https:\\\/\\\/kidsplay.lt\\\/wp-content\\\/uploads\\\/2024\\\/09\\\/Montessori-edukacine-lenta-atsinaujinanti-ir-neatsinaujinanti-energija.jpg\",\"width\":1605,\"height\":1605,\"caption\":\"Montessori edukacin\u0117 lenta atsinaujinanti ir neatsinaujinanti energija\"},{\"@type\":\"BreadcrumbList\",\"@id\":\"https:\\\/\\\/kidsplay.lt\\\/produktas\\\/montessori-edukacine-lenta-atsinaujinanti-ir-neatsinaujinanti-energija\\\/#breadcrumb\",\"itemListElement\":[{\"@type\":\"ListItem\",\"position\":1,\"name\":\"Pagrindinis\",\"item\":\"https:\\\/\\\/kidsplay.lt\\\/\"},{\"@type\":\"ListItem\",\"position\":2,\"name\":\"Parduotuv\u0117\",\"item\":\"https:\\\/\\\/kidsplay.lt\\\/parduotuve\\\/\"},{\"@type\":\"ListItem\",\"position\":3,\"name\":\"Montessori edukacin\u0117 lenta atsinaujinanti ir neatsinaujinanti energija\"}]},{\"@type\":\"WebSite\",\"@id\":\"https:\\\/\\\/kidsplay.lt\\\/#website\",\"url\":\"https:\\\/\\\/kidsplay.lt\\\/\",\"name\":\"Kidsplay.lt\",\"description\":\"\u012evairios prek\u0117s vaikams\",\"publisher\":{\"@id\":\"https:\\\/\\\/kidsplay.lt\\\/#organization\"},\"alternateName\":\"Kidsplay\",\"potentialAction\":[{\"@type\":\"SearchAction\",\"target\":{\"@type\":\"EntryPoint\",\"urlTemplate\":\"https:\\\/\\\/kidsplay.lt\\\/?s={search_term_string}\"},\"query-input\":{\"@type\":\"PropertyValueSpecification\",\"valueRequired\":true,\"valueName\":\"search_term_string\"}}],\"inLanguage\":\"lv-LV\"},{\"@type\":\"Organization\",\"@id\":\"https:\\\/\\\/kidsplay.lt\\\/#organization\",\"name\":\"KidsPlay\",\"url\":\"https:\\\/\\\/kidsplay.lt\\\/\",\"logo\":{\"@type\":\"ImageObject\",\"inLanguage\":\"lv-LV\",\"@id\":\"https:\\\/\\\/kidsplay.lt\\\/#\\\/schema\\\/logo\\\/image\\\/\",\"url\":\"https:\\\/\\\/kidsplay.lt\\\/wp-content\\\/uploads\\\/2023\\\/07\\\/kidsplay-logo.png\",\"contentUrl\":\"https:\\\/\\\/kidsplay.lt\\\/wp-content\\\/uploads\\\/2023\\\/07\\\/kidsplay-logo.png\",\"width\":451,\"height\":98,\"caption\":\"KidsPlay\"},\"image\":{\"@id\":\"https:\\\/\\\/kidsplay.lt\\\/#\\\/schema\\\/logo\\\/image\\\/\"},\"sameAs\":[\"https:\\\/\\\/www.facebook.com\\\/www.kidsplay.lt\"]}]}<\/script>\n<!-- \/ Yoast SEO plugin. -->","yoast_head_json":{"title":"Montessori izgl\u012bt\u012bbas padome atjaunojam\u0101s un neatjaunojam\u0101s ener\u0123ijas jom\u0101","description":"Montessori edukacin\u0117 lenta atsinaujinanti ir neatsinaujinanti energija - KidsPlay. Did\u017eiausias vaik\u0173 \u017eaisl\u0173 pasirinkimas.","robots":{"index":"index","follow":"follow","max-snippet":"max-snippet:-1","max-image-preview":"max-image-preview:large","max-video-preview":"max-video-preview:-1"},"canonical":"https:\/\/kidsplay.lt\/lv\/products\/montessori-edukacine-lenta-atsinaujinanti-ir-neatsinaujinanti-energija\/","og_locale":"lv_LV","og_type":"article","og_title":"Montessori edukacin\u0117 lenta atsinaujinanti ir neatsinaujinanti energija","og_description":"Montessori edukacin\u0117 lenta atsinaujinanti ir neatsinaujinanti energija - KidsPlay. Did\u017eiausias vaik\u0173 \u017eaisl\u0173 pasirinkimas.","og_url":"https:\/\/kidsplay.lt\/lv\/products\/montessori-edukacine-lenta-atsinaujinanti-ir-neatsinaujinanti-energija\/","og_site_name":"KidsPlay","article_publisher":"https:\/\/www.facebook.com\/www.kidsplay.lt","article_modified_time":"2026-04-13T12:00:46+00:00","og_image":[{"width":1605,"height":1605,"url":"https:\/\/kidsplay.lt\/wp-content\/uploads\/2024\/09\/Montessori-edukacine-lenta-atsinaujinanti-ir-neatsinaujinanti-energija.jpg","type":"image\/jpeg"}],"twitter_card":"summary_large_image","twitter_misc":{"Est. reading time":"2 min\u016btes"},"schema":{"@context":"https:\/\/schema.org","@graph":[{"@type":"WebPage","@id":"https:\/\/kidsplay.lt\/produktas\/montessori-edukacine-lenta-atsinaujinanti-ir-neatsinaujinanti-energija\/","url":"https:\/\/kidsplay.lt\/produktas\/montessori-edukacine-lenta-atsinaujinanti-ir-neatsinaujinanti-energija\/","name":"Montessori izgl\u012bt\u012bbas padome atjaunojam\u0101s un neatjaunojam\u0101s ener\u0123ijas jom\u0101","isPartOf":{"@id":"https:\/\/kidsplay.lt\/#website"},"primaryImageOfPage":{"@id":"https:\/\/kidsplay.lt\/produktas\/montessori-edukacine-lenta-atsinaujinanti-ir-neatsinaujinanti-energija\/#primaryimage"},"image":{"@id":"https:\/\/kidsplay.lt\/produktas\/montessori-edukacine-lenta-atsinaujinanti-ir-neatsinaujinanti-energija\/#primaryimage"},"thumbnailUrl":"https:\/\/kidsplay.lt\/wp-content\/uploads\/2024\/09\/Montessori-edukacine-lenta-atsinaujinanti-ir-neatsinaujinanti-energija.jpg","datePublished":"2026-02-26T07:23:58+00:00","dateModified":"2026-04-13T12:00:46+00:00","description":"Montessori edukacin\u0117 lenta atsinaujinanti ir neatsinaujinanti energija - KidsPlay. Did\u017eiausias vaik\u0173 \u017eaisl\u0173 pasirinkimas.","breadcrumb":{"@id":"https:\/\/kidsplay.lt\/produktas\/montessori-edukacine-lenta-atsinaujinanti-ir-neatsinaujinanti-energija\/#breadcrumb"},"inLanguage":"lv-LV","potentialAction":[{"@type":"ReadAction","target":["https:\/\/kidsplay.lt\/produktas\/montessori-edukacine-lenta-atsinaujinanti-ir-neatsinaujinanti-energija\/"]}]},{"@type":"ImageObject","inLanguage":"lv-LV","@id":"https:\/\/kidsplay.lt\/produktas\/montessori-edukacine-lenta-atsinaujinanti-ir-neatsinaujinanti-energija\/#primaryimage","url":"https:\/\/kidsplay.lt\/wp-content\/uploads\/2024\/09\/Montessori-edukacine-lenta-atsinaujinanti-ir-neatsinaujinanti-energija.jpg","contentUrl":"https:\/\/kidsplay.lt\/wp-content\/uploads\/2024\/09\/Montessori-edukacine-lenta-atsinaujinanti-ir-neatsinaujinanti-energija.jpg","width":1605,"height":1605,"caption":"Montessori edukacin\u0117 lenta atsinaujinanti ir neatsinaujinanti energija"},{"@type":"BreadcrumbList","@id":"https:\/\/kidsplay.lt\/produktas\/montessori-edukacine-lenta-atsinaujinanti-ir-neatsinaujinanti-energija\/#breadcrumb","itemListElement":[{"@type":"ListItem","position":1,"name":"Pagrindinis","item":"https:\/\/kidsplay.lt\/"},{"@type":"ListItem","position":2,"name":"Parduotuv\u0117","item":"https:\/\/kidsplay.lt\/parduotuve\/"},{"@type":"ListItem","position":3,"name":"Montessori edukacin\u0117 lenta atsinaujinanti ir neatsinaujinanti energija"}]},{"@type":"WebSite","@id":"https:\/\/kidsplay.lt\/#website","url":"https:\/\/kidsplay.lt\/","name":"B\u0113rnu sp\u0113les.lv","description":"\u012evairios prek\u0117s vaikams","publisher":{"@id":"https:\/\/kidsplay.lt\/#organization"},"alternateName":"Kidsplay","potentialAction":[{"@type":"SearchAction","target":{"@type":"EntryPoint","urlTemplate":"https:\/\/kidsplay.lt\/?s={search_term_string}"},"query-input":{"@type":"PropertyValueSpecification","valueRequired":true,"valueName":"search_term_string"}}],"inLanguage":"lv-LV"},{"@type":"Organization","@id":"https:\/\/kidsplay.lt\/#organization","name":"B\u0113rnu sp\u0113le","url":"https:\/\/kidsplay.lt\/","logo":{"@type":"ImageObject","inLanguage":"lv-LV","@id":"https:\/\/kidsplay.lt\/#\/schema\/logo\/image\/","url":"https:\/\/kidsplay.lt\/wp-content\/uploads\/2023\/07\/kidsplay-logo.png","contentUrl":"https:\/\/kidsplay.lt\/wp-content\/uploads\/2023\/07\/kidsplay-logo.png","width":451,"height":98,"caption":"KidsPlay"},"image":{"@id":"https:\/\/kidsplay.lt\/#\/schema\/logo\/image\/"},"sameAs":["https:\/\/www.facebook.com\/www.kidsplay.lt"]}]}},"_links":{"self":[{"href":"https:\/\/kidsplay.lt\/lv\/wp-json\/wp\/v2\/product\/89547","targetHints":{"allow":["GET"]}}],"collection":[{"href":"https:\/\/kidsplay.lt\/lv\/wp-json\/wp\/v2\/product"}],"about":[{"href":"https:\/\/kidsplay.lt\/lv\/wp-json\/wp\/v2\/types\/product"}],"version-history":[{"count":1,"href":"https:\/\/kidsplay.lt\/lv\/wp-json\/wp\/v2\/product\/89547\/revisions"}],"predecessor-version":[{"id":89548,"href":"https:\/\/kidsplay.lt\/lv\/wp-json\/wp\/v2\/product\/89547\/revisions\/89548"}],"wp:featuredmedia":[{"embeddable":true,"href":"https:\/\/kidsplay.lt\/lv\/wp-json\/wp\/v2\/media\/55339"}],"wp:attachment":[{"href":"https:\/\/kidsplay.lt\/lv\/wp-json\/wp\/v2\/media?parent=89547"}],"wp:term":[{"taxonomy":"product_brand","embeddable":true,"href":"https:\/\/kidsplay.lt\/lv\/wp-json\/wp\/v2\/product_brand?post=89547"},{"taxonomy":"product_cat","embeddable":true,"href":"https:\/\/kidsplay.lt\/lv\/wp-json\/wp\/v2\/product_cat?post=89547"},{"taxonomy":"product_tag","embeddable":true,"href":"https:\/\/kidsplay.lt\/lv\/wp-json\/wp\/v2\/product_tag?post=89547"}],"curies":[{"name":"wp","href":"https:\/\/api.w.org\/{rel}","templated":true}]}}