{"id":89549,"date":"2026-02-26T09:24:01","date_gmt":"2026-02-26T07:24:01","guid":{"rendered":"https:\/\/kidsplay.lt\/produktas\/magnetine-lenta-skaiciavimo-mokymuisi\/"},"modified":"2026-04-13T15:00:51","modified_gmt":"2026-04-13T12:00:51","slug":"magnetine-lenta-skaiciavimo-mokymuisi","status":"publish","type":"product","link":"https:\/\/kidsplay.lt\/lv\/products\/magnetine-lenta-skaiciavimo-mokymuisi\/","title":{"rendered":"Magn\u0113tisk\u0101 t\u0101fele aritm\u0113tikas apguvei"},"content":{"rendered":"<p>Lavinantis sensorinis \u017eaislas vaikams. Medinis\u00a0\u00a0Masterkidz \u017eenklas su labirintu spalvingiems apskritimams.\u00a0\u00a0Naudodamas\u00a0\u00a0magnetin\u0119 lazdel\u0119,\u00a0\u00a0vaiko u\u017eduotis yra\u00a0\u00a0i\u0161d\u0117styti spalvingus apskritimus pagal atitinkamus skai\u010dius.<\/p>\n<p>Raksturojums:<\/p>\n<p> \t&#8211; magnetinis labirintas, atitinkantis skai\u010dius ir spalvas, stiprina skai\u010di\u0173 ir kiekyb\u0117s mokymosi \u012fg\u016bd\u017eius, taip pat spalv\u0173 atpa\u017einimo \u012fg\u016bd\u017eius<br \/>\n \t&#8211; lentoje yra 6 skirtingi \u012fd\u0117klai, vaikai bus papra\u0161yti d\u0117lioti spalvas atitinkan\u010dius apskritimus<br \/>\n \t&#8211; auk\u0161tesniajame lygyje reikalingi auk\u0161tesni loginio m\u0105stymo \u012fg\u016bd\u017eiai, nes vaikai negauna tiesiogini\u0173 nurodym\u0173, kaip spr\u0119sti u\u017eduot\u012f.<\/p>\n<p>\u017daislas vysto:<\/p>\n<p> \t&#8211; motoriniai \u012fg\u016bd\u017eiai<br \/>\n \t&#8211; sensorinis<br \/>\n \t&#8211; aki\u0173-rank\u0173 koordinacija<br \/>\n \t&#8211; vaizduot\u0117<br \/>\n \t&#8211; koncentracija<br \/>\n \t&#8211; smalsumas<\/p>","protected":false},"excerpt":{"rendered":"<p>Lavinantis sensorinis \u017eaislas vaikams. Medinis\u00a0\u00a0Masterkidz \u017eenklas su labirintu spalvingiems apskritimams.\u00a0\u00a0Naudodamas\u00a0\u00a0magnetin\u0119 lazdel\u0119,\u00a0\u00a0vaiko u\u017eduotis yra\u00a0\u00a0i\u0161d\u0117styti spalvingus apskritimus pagal atitinkamus skai\u010dius. Charakteristika: &#8211;<\/p>","protected":false},"featured_media":55231,"template":"","meta":{"_acf_changed":false,"_glsr_average":0,"_glsr_ranking":0,"_glsr_reviews":0},"product_brand":[],"product_cat":[673,229],"product_tag":[],"class_list":{"0":"post-89549","1":"product","2":"type-product","3":"status-publish","4":"has-post-thumbnail","6":"product_cat-ugdomosios-priemones","7":"product_cat-zaislai-vaikams","8":"\"style=\"background-color: #2ecc711c;\"","10":"first","11":"instock","12":"purchasable","13":"product-type-simple"},"acf":[],"yoast_head":"<!-- This site is optimized with the Yoast SEO plugin v27.3 - https:\/\/yoast.com\/product\/yoast-seo-wordpress\/ -->\n<title>Magnetin\u0117 lenta skai\u010diavimo mokymuisi<\/title>\n<meta name=\"description\" content=\"Magnetin\u0117 lenta skai\u010diavimo mokymuisi - KidsPlay. Did\u017eiausias vaik\u0173 \u017eaisl\u0173 pasirinkimas.\" \/>\n<meta name=\"robots\" content=\"index, follow, max-snippet:-1, max-image-preview:large, max-video-preview:-1\" \/>\n<link rel=\"canonical\" href=\"https:\/\/kidsplay.lt\/lv\/products\/magnetine-lenta-skaiciavimo-mokymuisi\/\" \/>\n<meta property=\"og:locale\" content=\"lv_LV\" \/>\n<meta property=\"og:type\" content=\"article\" \/>\n<meta property=\"og:title\" content=\"Magnetin\u0117 lenta skai\u010diavimo mokymuisi\" \/>\n<meta property=\"og:description\" content=\"Magnetin\u0117 lenta skai\u010diavimo mokymuisi - KidsPlay. Did\u017eiausias vaik\u0173 \u017eaisl\u0173 pasirinkimas.\" \/>\n<meta property=\"og:url\" content=\"https:\/\/kidsplay.lt\/lv\/products\/magnetine-lenta-skaiciavimo-mokymuisi\/\" \/>\n<meta property=\"og:site_name\" content=\"KidsPlay\" \/>\n<meta property=\"article:publisher\" content=\"https:\/\/www.facebook.com\/www.kidsplay.lt\" \/>\n<meta property=\"article:modified_time\" content=\"2026-04-13T12:00:51+00:00\" \/>\n<meta property=\"og:image\" content=\"https:\/\/kidsplay.lt\/wp-content\/uploads\/2024\/09\/Magnetine-lenta-skaiciavimo-mokymuisi.jpg\" \/>\n\t<meta property=\"og:image:width\" content=\"1949\" \/>\n\t<meta property=\"og:image:height\" content=\"1949\" \/>\n\t<meta property=\"og:image:type\" content=\"image\/jpeg\" \/>\n<meta name=\"twitter:card\" content=\"summary_large_image\" \/>\n<meta name=\"twitter:label1\" content=\"Est. reading time\" \/>\n\t<meta name=\"twitter:data1\" content=\"1 min\u016bte\" \/>\n<script type=\"application\/ld+json\" class=\"yoast-schema-graph\">{\"@context\":\"https:\\\/\\\/schema.org\",\"@graph\":[{\"@type\":\"WebPage\",\"@id\":\"https:\\\/\\\/kidsplay.lt\\\/produktas\\\/magnetine-lenta-skaiciavimo-mokymuisi\\\/\",\"url\":\"https:\\\/\\\/kidsplay.lt\\\/produktas\\\/magnetine-lenta-skaiciavimo-mokymuisi\\\/\",\"name\":\"Magnetin\u0117 lenta skai\u010diavimo mokymuisi\",\"isPartOf\":{\"@id\":\"https:\\\/\\\/kidsplay.lt\\\/#website\"},\"primaryImageOfPage\":{\"@id\":\"https:\\\/\\\/kidsplay.lt\\\/produktas\\\/magnetine-lenta-skaiciavimo-mokymuisi\\\/#primaryimage\"},\"image\":{\"@id\":\"https:\\\/\\\/kidsplay.lt\\\/produktas\\\/magnetine-lenta-skaiciavimo-mokymuisi\\\/#primaryimage\"},\"thumbnailUrl\":\"https:\\\/\\\/kidsplay.lt\\\/wp-content\\\/uploads\\\/2024\\\/09\\\/Magnetine-lenta-skaiciavimo-mokymuisi.jpg\",\"datePublished\":\"2026-02-26T07:24:01+00:00\",\"dateModified\":\"2026-04-13T12:00:51+00:00\",\"description\":\"Magnetin\u0117 lenta skai\u010diavimo mokymuisi - KidsPlay. Did\u017eiausias vaik\u0173 \u017eaisl\u0173 pasirinkimas.\",\"breadcrumb\":{\"@id\":\"https:\\\/\\\/kidsplay.lt\\\/produktas\\\/magnetine-lenta-skaiciavimo-mokymuisi\\\/#breadcrumb\"},\"inLanguage\":\"lv-LV\",\"potentialAction\":[{\"@type\":\"ReadAction\",\"target\":[\"https:\\\/\\\/kidsplay.lt\\\/produktas\\\/magnetine-lenta-skaiciavimo-mokymuisi\\\/\"]}]},{\"@type\":\"ImageObject\",\"inLanguage\":\"lv-LV\",\"@id\":\"https:\\\/\\\/kidsplay.lt\\\/produktas\\\/magnetine-lenta-skaiciavimo-mokymuisi\\\/#primaryimage\",\"url\":\"https:\\\/\\\/kidsplay.lt\\\/wp-content\\\/uploads\\\/2024\\\/09\\\/Magnetine-lenta-skaiciavimo-mokymuisi.jpg\",\"contentUrl\":\"https:\\\/\\\/kidsplay.lt\\\/wp-content\\\/uploads\\\/2024\\\/09\\\/Magnetine-lenta-skaiciavimo-mokymuisi.jpg\",\"width\":1949,\"height\":1949,\"caption\":\"Magnetin\u0117 lenta skai\u010diavimo mokymuisi\"},{\"@type\":\"BreadcrumbList\",\"@id\":\"https:\\\/\\\/kidsplay.lt\\\/produktas\\\/magnetine-lenta-skaiciavimo-mokymuisi\\\/#breadcrumb\",\"itemListElement\":[{\"@type\":\"ListItem\",\"position\":1,\"name\":\"Pagrindinis\",\"item\":\"https:\\\/\\\/kidsplay.lt\\\/\"},{\"@type\":\"ListItem\",\"position\":2,\"name\":\"Parduotuv\u0117\",\"item\":\"https:\\\/\\\/kidsplay.lt\\\/parduotuve\\\/\"},{\"@type\":\"ListItem\",\"position\":3,\"name\":\"Magnetin\u0117 lenta skai\u010diavimo mokymuisi\"}]},{\"@type\":\"WebSite\",\"@id\":\"https:\\\/\\\/kidsplay.lt\\\/#website\",\"url\":\"https:\\\/\\\/kidsplay.lt\\\/\",\"name\":\"Kidsplay.lt\",\"description\":\"\u012evairios prek\u0117s vaikams\",\"publisher\":{\"@id\":\"https:\\\/\\\/kidsplay.lt\\\/#organization\"},\"alternateName\":\"Kidsplay\",\"potentialAction\":[{\"@type\":\"SearchAction\",\"target\":{\"@type\":\"EntryPoint\",\"urlTemplate\":\"https:\\\/\\\/kidsplay.lt\\\/?s={search_term_string}\"},\"query-input\":{\"@type\":\"PropertyValueSpecification\",\"valueRequired\":true,\"valueName\":\"search_term_string\"}}],\"inLanguage\":\"lv-LV\"},{\"@type\":\"Organization\",\"@id\":\"https:\\\/\\\/kidsplay.lt\\\/#organization\",\"name\":\"KidsPlay\",\"url\":\"https:\\\/\\\/kidsplay.lt\\\/\",\"logo\":{\"@type\":\"ImageObject\",\"inLanguage\":\"lv-LV\",\"@id\":\"https:\\\/\\\/kidsplay.lt\\\/#\\\/schema\\\/logo\\\/image\\\/\",\"url\":\"https:\\\/\\\/kidsplay.lt\\\/wp-content\\\/uploads\\\/2023\\\/07\\\/kidsplay-logo.png\",\"contentUrl\":\"https:\\\/\\\/kidsplay.lt\\\/wp-content\\\/uploads\\\/2023\\\/07\\\/kidsplay-logo.png\",\"width\":451,\"height\":98,\"caption\":\"KidsPlay\"},\"image\":{\"@id\":\"https:\\\/\\\/kidsplay.lt\\\/#\\\/schema\\\/logo\\\/image\\\/\"},\"sameAs\":[\"https:\\\/\\\/www.facebook.com\\\/www.kidsplay.lt\"]}]}<\/script>\n<!-- \/ Yoast SEO plugin. -->","yoast_head_json":{"title":"Magn\u0113tisk\u0101 t\u0101fele aritm\u0113tikas apguvei","description":"Magnetin\u0117 lenta skai\u010diavimo mokymuisi - KidsPlay. Did\u017eiausias vaik\u0173 \u017eaisl\u0173 pasirinkimas.","robots":{"index":"index","follow":"follow","max-snippet":"max-snippet:-1","max-image-preview":"max-image-preview:large","max-video-preview":"max-video-preview:-1"},"canonical":"https:\/\/kidsplay.lt\/lv\/products\/magnetine-lenta-skaiciavimo-mokymuisi\/","og_locale":"lv_LV","og_type":"article","og_title":"Magnetin\u0117 lenta skai\u010diavimo mokymuisi","og_description":"Magnetin\u0117 lenta skai\u010diavimo mokymuisi - KidsPlay. Did\u017eiausias vaik\u0173 \u017eaisl\u0173 pasirinkimas.","og_url":"https:\/\/kidsplay.lt\/lv\/products\/magnetine-lenta-skaiciavimo-mokymuisi\/","og_site_name":"KidsPlay","article_publisher":"https:\/\/www.facebook.com\/www.kidsplay.lt","article_modified_time":"2026-04-13T12:00:51+00:00","og_image":[{"width":1949,"height":1949,"url":"https:\/\/kidsplay.lt\/wp-content\/uploads\/2024\/09\/Magnetine-lenta-skaiciavimo-mokymuisi.jpg","type":"image\/jpeg"}],"twitter_card":"summary_large_image","twitter_misc":{"Est. reading time":"1 min\u016bte"},"schema":{"@context":"https:\/\/schema.org","@graph":[{"@type":"WebPage","@id":"https:\/\/kidsplay.lt\/produktas\/magnetine-lenta-skaiciavimo-mokymuisi\/","url":"https:\/\/kidsplay.lt\/produktas\/magnetine-lenta-skaiciavimo-mokymuisi\/","name":"Magn\u0113tisk\u0101 t\u0101fele aritm\u0113tikas apguvei","isPartOf":{"@id":"https:\/\/kidsplay.lt\/#website"},"primaryImageOfPage":{"@id":"https:\/\/kidsplay.lt\/produktas\/magnetine-lenta-skaiciavimo-mokymuisi\/#primaryimage"},"image":{"@id":"https:\/\/kidsplay.lt\/produktas\/magnetine-lenta-skaiciavimo-mokymuisi\/#primaryimage"},"thumbnailUrl":"https:\/\/kidsplay.lt\/wp-content\/uploads\/2024\/09\/Magnetine-lenta-skaiciavimo-mokymuisi.jpg","datePublished":"2026-02-26T07:24:01+00:00","dateModified":"2026-04-13T12:00:51+00:00","description":"Magnetin\u0117 lenta skai\u010diavimo mokymuisi - KidsPlay. Did\u017eiausias vaik\u0173 \u017eaisl\u0173 pasirinkimas.","breadcrumb":{"@id":"https:\/\/kidsplay.lt\/produktas\/magnetine-lenta-skaiciavimo-mokymuisi\/#breadcrumb"},"inLanguage":"lv-LV","potentialAction":[{"@type":"ReadAction","target":["https:\/\/kidsplay.lt\/produktas\/magnetine-lenta-skaiciavimo-mokymuisi\/"]}]},{"@type":"ImageObject","inLanguage":"lv-LV","@id":"https:\/\/kidsplay.lt\/produktas\/magnetine-lenta-skaiciavimo-mokymuisi\/#primaryimage","url":"https:\/\/kidsplay.lt\/wp-content\/uploads\/2024\/09\/Magnetine-lenta-skaiciavimo-mokymuisi.jpg","contentUrl":"https:\/\/kidsplay.lt\/wp-content\/uploads\/2024\/09\/Magnetine-lenta-skaiciavimo-mokymuisi.jpg","width":1949,"height":1949,"caption":"Magnetin\u0117 lenta skai\u010diavimo mokymuisi"},{"@type":"BreadcrumbList","@id":"https:\/\/kidsplay.lt\/produktas\/magnetine-lenta-skaiciavimo-mokymuisi\/#breadcrumb","itemListElement":[{"@type":"ListItem","position":1,"name":"Pagrindinis","item":"https:\/\/kidsplay.lt\/"},{"@type":"ListItem","position":2,"name":"Parduotuv\u0117","item":"https:\/\/kidsplay.lt\/parduotuve\/"},{"@type":"ListItem","position":3,"name":"Magnetin\u0117 lenta skai\u010diavimo mokymuisi"}]},{"@type":"WebSite","@id":"https:\/\/kidsplay.lt\/#website","url":"https:\/\/kidsplay.lt\/","name":"B\u0113rnu sp\u0113les.lv","description":"\u012evairios prek\u0117s vaikams","publisher":{"@id":"https:\/\/kidsplay.lt\/#organization"},"alternateName":"Kidsplay","potentialAction":[{"@type":"SearchAction","target":{"@type":"EntryPoint","urlTemplate":"https:\/\/kidsplay.lt\/?s={search_term_string}"},"query-input":{"@type":"PropertyValueSpecification","valueRequired":true,"valueName":"search_term_string"}}],"inLanguage":"lv-LV"},{"@type":"Organization","@id":"https:\/\/kidsplay.lt\/#organization","name":"B\u0113rnu sp\u0113le","url":"https:\/\/kidsplay.lt\/","logo":{"@type":"ImageObject","inLanguage":"lv-LV","@id":"https:\/\/kidsplay.lt\/#\/schema\/logo\/image\/","url":"https:\/\/kidsplay.lt\/wp-content\/uploads\/2023\/07\/kidsplay-logo.png","contentUrl":"https:\/\/kidsplay.lt\/wp-content\/uploads\/2023\/07\/kidsplay-logo.png","width":451,"height":98,"caption":"KidsPlay"},"image":{"@id":"https:\/\/kidsplay.lt\/#\/schema\/logo\/image\/"},"sameAs":["https:\/\/www.facebook.com\/www.kidsplay.lt"]}]}},"_links":{"self":[{"href":"https:\/\/kidsplay.lt\/lv\/wp-json\/wp\/v2\/product\/89549","targetHints":{"allow":["GET"]}}],"collection":[{"href":"https:\/\/kidsplay.lt\/lv\/wp-json\/wp\/v2\/product"}],"about":[{"href":"https:\/\/kidsplay.lt\/lv\/wp-json\/wp\/v2\/types\/product"}],"version-history":[{"count":1,"href":"https:\/\/kidsplay.lt\/lv\/wp-json\/wp\/v2\/product\/89549\/revisions"}],"predecessor-version":[{"id":89550,"href":"https:\/\/kidsplay.lt\/lv\/wp-json\/wp\/v2\/product\/89549\/revisions\/89550"}],"wp:featuredmedia":[{"embeddable":true,"href":"https:\/\/kidsplay.lt\/lv\/wp-json\/wp\/v2\/media\/55231"}],"wp:attachment":[{"href":"https:\/\/kidsplay.lt\/lv\/wp-json\/wp\/v2\/media?parent=89549"}],"wp:term":[{"taxonomy":"product_brand","embeddable":true,"href":"https:\/\/kidsplay.lt\/lv\/wp-json\/wp\/v2\/product_brand?post=89549"},{"taxonomy":"product_cat","embeddable":true,"href":"https:\/\/kidsplay.lt\/lv\/wp-json\/wp\/v2\/product_cat?post=89549"},{"taxonomy":"product_tag","embeddable":true,"href":"https:\/\/kidsplay.lt\/lv\/wp-json\/wp\/v2\/product_tag?post=89549"}],"curies":[{"name":"wp","href":"https:\/\/api.w.org\/{rel}","templated":true}]}}