{"id":89551,"date":"2026-02-26T09:24:04","date_gmt":"2026-02-26T07:24:04","guid":{"rendered":"https:\/\/kidsplay.lt\/produktas\/montessori-kvepavimo-sistemos-edukacine-lenta\/"},"modified":"2026-04-07T10:39:16","modified_gmt":"2026-04-07T07:39:16","slug":"montessori-kvepavimo-sistemos-edukacine-lenta","status":"publish","type":"product","link":"https:\/\/kidsplay.lt\/lv\/product\/montessori-kvepavimo-sistemos-edukacine-lenta\/","title":{"rendered":"Montessori kv\u0117pavimo sistemos edukacin\u0117 lenta"},"content":{"rendered":"<p>\u201eMasterkidz\u201c edukacin\u0117s lentos\u00a0\u00a0leid\u017eia vaikams vienu metu lavinti daugyb\u0119 \u012fg\u016bd\u017ei\u0173. Kiekviena lenta \u012fvairiomis \u012fdomiomis temomis moko vaikus, kaip veikti visuomen\u0117je, ir leid\u017eia pa\u017einti mus supant\u012f pasaul\u012f. Galime tur\u0117ti kelias lentas ir lengvai jas keisti, o special\u016bs r\u0117meliai puikiai prilaiko lent\u0105 prie sienos.<\/p>\n<p>Charakteristika:<\/p>\n<p> \t&#8211; Galime tur\u0117ti kelias lentas ir jas nesunkiai keisti, o special\u016bs r\u0117meliai puikiai prilaiko lent\u0105 prie sienos.<br \/>\n \t&#8211; Lent\u0105 galima naudoti ir be r\u0117meli\u0173, pvz., ant stalo ar ant grind\u0173<br \/>\n \t&#8211; kv\u0117pavimo sistema yra organizmo audini\u0173 ir organ\u0173 grup\u0117, kuri leid\u017eia mums kv\u0117puoti.<br \/>\n \t&#8211;\u00a0\u00a0pagrindiniai kv\u0117pavimo sistemos organai yra burna ir nosis, kv\u0117pavimo takai, plau\u010diai ir diafragma &#8211;\u00a0\u00a0visi \u0161ie elementai pa\u017eym\u0117ti br\u0117\u017einiuose<br \/>\n \t&#8211; paspaudus\u00a0\u00a0mygtuk\u0105 &#8222;\u012ekv\u0117pti&#8221; ap\u0161vie\u010diami langai, pradeda tek\u0117ti \u0161viesa, demonstruojant \u012fkv\u0117pimo proces\u0105 &#8211; diafragma juda \u017eemyn, plau\u010diai i\u0161siple\u010dia ir oras patenka \u012f plau\u010dius<br \/>\n \t&#8211; paspaudus\u00a0\u00a0mygtuk\u0105 \u201eI\u0161kv\u0117pti\u201c, diafragma pakyla auk\u0161tyn, plau\u010diai susitraukia ir oras pradeda tek\u0117ti i\u0161 \u017emogaus k\u016bno<br \/>\n \t&#8211;\u00a0\u00a0mygtukas \u201eKv\u0117puoti\u201c naudojamas visam kv\u0117pavimo procesui demonstruoti<br \/>\n \t&#8211;\u00a0\u00a0visi subtitrai yra angl\u0173 kalba, tod\u0117l vaikas tuo pa\u010diu mokosi ir u\u017esienio kalbos<br \/>\n \t&#8211;\u00a0\u00a0darbui reikalingos baterijos<\/p>\n<p>\u017daislas vysto:<\/p>\n<p> \t&#8211; motoriniai \u012fg\u016bd\u017eiai<br \/>\n \t&#8211; sensorinis<br \/>\n \t&#8211; aki\u0173-rank\u0173 koordinacija<br \/>\n \t&#8211; vaizduot\u0117<br \/>\n \t&#8211; koncentracija<br \/>\n \t&#8211; smalsumas<\/p>","protected":false},"excerpt":{"rendered":"<p>\u201eMasterkidz\u201c edukacin\u0117s lentos\u00a0\u00a0leid\u017eia vaikams vienu metu lavinti daugyb\u0119 \u012fg\u016bd\u017ei\u0173. Kiekviena lenta \u012fvairiomis \u012fdomiomis temomis moko vaikus, kaip veikti visuomen\u0117je, ir<\/p>","protected":false},"featured_media":55284,"template":"","meta":{"_acf_changed":false,"_glsr_average":0,"_glsr_ranking":0,"_glsr_reviews":0},"product_brand":[],"product_cat":[673],"product_tag":[],"class_list":{"0":"post-89551","1":"product","2":"type-product","3":"status-publish","4":"has-post-thumbnail","6":"product_cat-ugdomosios-priemones","7":"\"style=\"background-color: #2ecc711c;\"","9":"first","10":"instock","11":"purchasable","12":"product-type-simple"},"acf":[],"yoast_head":"<!-- This site is optimized with the Yoast SEO plugin v27.3 - https:\/\/yoast.com\/product\/yoast-seo-wordpress\/ -->\n<title>Montessori kv\u0117pavimo sistemos edukacin\u0117 lenta<\/title>\n<meta name=\"description\" content=\"Montessori kv\u0117pavimo sistemos edukacin\u0117 lenta - KidsPlay. Did\u017eiausias vaik\u0173 \u017eaisl\u0173 pasirinkimas.\" \/>\n<meta name=\"robots\" content=\"index, follow, max-snippet:-1, max-image-preview:large, max-video-preview:-1\" \/>\n<link rel=\"canonical\" href=\"https:\/\/kidsplay.lt\/lv\/product\/montessori-kvepavimo-sistemos-edukacine-lenta\/\" \/>\n<meta property=\"og:locale\" content=\"lv_LV\" \/>\n<meta property=\"og:type\" content=\"article\" \/>\n<meta property=\"og:title\" content=\"Montessori kv\u0117pavimo sistemos edukacin\u0117 lenta\" \/>\n<meta property=\"og:description\" content=\"Montessori kv\u0117pavimo sistemos edukacin\u0117 lenta - KidsPlay. Did\u017eiausias vaik\u0173 \u017eaisl\u0173 pasirinkimas.\" \/>\n<meta property=\"og:url\" content=\"https:\/\/kidsplay.lt\/lv\/product\/montessori-kvepavimo-sistemos-edukacine-lenta\/\" \/>\n<meta property=\"og:site_name\" content=\"KidsPlay\" \/>\n<meta property=\"article:publisher\" content=\"https:\/\/www.facebook.com\/www.kidsplay.lt\" \/>\n<meta property=\"article:modified_time\" content=\"2026-04-07T07:39:16+00:00\" \/>\n<meta property=\"og:image\" content=\"https:\/\/kidsplay.lt\/wp-content\/uploads\/2024\/09\/Montessori-kvepavimo-sistemos-edukacine-lenta-800x800.jpg\" \/>\n\t<meta property=\"og:image:width\" content=\"800\" \/>\n\t<meta property=\"og:image:height\" content=\"800\" \/>\n\t<meta property=\"og:image:type\" content=\"image\/jpeg\" \/>\n<meta name=\"twitter:card\" content=\"summary_large_image\" \/>\n<meta name=\"twitter:label1\" content=\"Est. reading time\" \/>\n\t<meta name=\"twitter:data1\" content=\"1 min\u016bte\" \/>\n<script type=\"application\/ld+json\" class=\"yoast-schema-graph\">{\"@context\":\"https:\\\/\\\/schema.org\",\"@graph\":[{\"@type\":\"WebPage\",\"@id\":\"https:\\\/\\\/kidsplay.lt\\\/produktas\\\/montessori-kvepavimo-sistemos-edukacine-lenta\\\/\",\"url\":\"https:\\\/\\\/kidsplay.lt\\\/produktas\\\/montessori-kvepavimo-sistemos-edukacine-lenta\\\/\",\"name\":\"Montessori kv\u0117pavimo sistemos edukacin\u0117 lenta\",\"isPartOf\":{\"@id\":\"https:\\\/\\\/kidsplay.lt\\\/#website\"},\"primaryImageOfPage\":{\"@id\":\"https:\\\/\\\/kidsplay.lt\\\/produktas\\\/montessori-kvepavimo-sistemos-edukacine-lenta\\\/#primaryimage\"},\"image\":{\"@id\":\"https:\\\/\\\/kidsplay.lt\\\/produktas\\\/montessori-kvepavimo-sistemos-edukacine-lenta\\\/#primaryimage\"},\"thumbnailUrl\":\"https:\\\/\\\/kidsplay.lt\\\/wp-content\\\/uploads\\\/2024\\\/09\\\/Montessori-kvepavimo-sistemos-edukacine-lenta.jpg\",\"datePublished\":\"2026-02-26T07:24:04+00:00\",\"dateModified\":\"2026-04-07T07:39:16+00:00\",\"description\":\"Montessori kv\u0117pavimo sistemos edukacin\u0117 lenta - KidsPlay. Did\u017eiausias vaik\u0173 \u017eaisl\u0173 pasirinkimas.\",\"breadcrumb\":{\"@id\":\"https:\\\/\\\/kidsplay.lt\\\/produktas\\\/montessori-kvepavimo-sistemos-edukacine-lenta\\\/#breadcrumb\"},\"inLanguage\":\"lv-LV\",\"potentialAction\":[{\"@type\":\"ReadAction\",\"target\":[\"https:\\\/\\\/kidsplay.lt\\\/produktas\\\/montessori-kvepavimo-sistemos-edukacine-lenta\\\/\"]}]},{\"@type\":\"ImageObject\",\"inLanguage\":\"lv-LV\",\"@id\":\"https:\\\/\\\/kidsplay.lt\\\/produktas\\\/montessori-kvepavimo-sistemos-edukacine-lenta\\\/#primaryimage\",\"url\":\"https:\\\/\\\/kidsplay.lt\\\/wp-content\\\/uploads\\\/2024\\\/09\\\/Montessori-kvepavimo-sistemos-edukacine-lenta.jpg\",\"contentUrl\":\"https:\\\/\\\/kidsplay.lt\\\/wp-content\\\/uploads\\\/2024\\\/09\\\/Montessori-kvepavimo-sistemos-edukacine-lenta.jpg\",\"width\":2500,\"height\":2500,\"caption\":\"Montessori kv\u0117pavimo sistemos edukacin\u0117 lenta\"},{\"@type\":\"BreadcrumbList\",\"@id\":\"https:\\\/\\\/kidsplay.lt\\\/produktas\\\/montessori-kvepavimo-sistemos-edukacine-lenta\\\/#breadcrumb\",\"itemListElement\":[{\"@type\":\"ListItem\",\"position\":1,\"name\":\"Pagrindinis\",\"item\":\"https:\\\/\\\/kidsplay.lt\\\/\"},{\"@type\":\"ListItem\",\"position\":2,\"name\":\"Parduotuv\u0117\",\"item\":\"https:\\\/\\\/kidsplay.lt\\\/parduotuve\\\/\"},{\"@type\":\"ListItem\",\"position\":3,\"name\":\"Montessori kv\u0117pavimo sistemos edukacin\u0117 lenta\"}]},{\"@type\":\"WebSite\",\"@id\":\"https:\\\/\\\/kidsplay.lt\\\/#website\",\"url\":\"https:\\\/\\\/kidsplay.lt\\\/\",\"name\":\"Kidsplay.lt\",\"description\":\"\u012evairios prek\u0117s vaikams\",\"publisher\":{\"@id\":\"https:\\\/\\\/kidsplay.lt\\\/#organization\"},\"alternateName\":\"Kidsplay\",\"potentialAction\":[{\"@type\":\"SearchAction\",\"target\":{\"@type\":\"EntryPoint\",\"urlTemplate\":\"https:\\\/\\\/kidsplay.lt\\\/?s={search_term_string}\"},\"query-input\":{\"@type\":\"PropertyValueSpecification\",\"valueRequired\":true,\"valueName\":\"search_term_string\"}}],\"inLanguage\":\"lv-LV\"},{\"@type\":\"Organization\",\"@id\":\"https:\\\/\\\/kidsplay.lt\\\/#organization\",\"name\":\"KidsPlay\",\"url\":\"https:\\\/\\\/kidsplay.lt\\\/\",\"logo\":{\"@type\":\"ImageObject\",\"inLanguage\":\"lv-LV\",\"@id\":\"https:\\\/\\\/kidsplay.lt\\\/#\\\/schema\\\/logo\\\/image\\\/\",\"url\":\"https:\\\/\\\/kidsplay.lt\\\/wp-content\\\/uploads\\\/2023\\\/07\\\/kidsplay-logo.png\",\"contentUrl\":\"https:\\\/\\\/kidsplay.lt\\\/wp-content\\\/uploads\\\/2023\\\/07\\\/kidsplay-logo.png\",\"width\":451,\"height\":98,\"caption\":\"KidsPlay\"},\"image\":{\"@id\":\"https:\\\/\\\/kidsplay.lt\\\/#\\\/schema\\\/logo\\\/image\\\/\"},\"sameAs\":[\"https:\\\/\\\/www.facebook.com\\\/www.kidsplay.lt\"]}]}<\/script>\n<!-- \/ Yoast SEO plugin. -->","yoast_head_json":{"title":"Montessori kv\u0117pavimo sistemos edukacin\u0117 lenta","description":"Montessori kv\u0117pavimo sistemos edukacin\u0117 lenta - KidsPlay. Did\u017eiausias vaik\u0173 \u017eaisl\u0173 pasirinkimas.","robots":{"index":"index","follow":"follow","max-snippet":"max-snippet:-1","max-image-preview":"max-image-preview:large","max-video-preview":"max-video-preview:-1"},"canonical":"https:\/\/kidsplay.lt\/lv\/product\/montessori-kvepavimo-sistemos-edukacine-lenta\/","og_locale":"lv_LV","og_type":"article","og_title":"Montessori kv\u0117pavimo sistemos edukacin\u0117 lenta","og_description":"Montessori kv\u0117pavimo sistemos edukacin\u0117 lenta - KidsPlay. Did\u017eiausias vaik\u0173 \u017eaisl\u0173 pasirinkimas.","og_url":"https:\/\/kidsplay.lt\/lv\/product\/montessori-kvepavimo-sistemos-edukacine-lenta\/","og_site_name":"KidsPlay","article_publisher":"https:\/\/www.facebook.com\/www.kidsplay.lt","article_modified_time":"2026-04-07T07:39:16+00:00","og_image":[{"width":800,"height":800,"url":"https:\/\/kidsplay.lt\/wp-content\/uploads\/2024\/09\/Montessori-kvepavimo-sistemos-edukacine-lenta-800x800.jpg","type":"image\/jpeg"}],"twitter_card":"summary_large_image","twitter_misc":{"Est. reading time":"1 min\u016bte"},"schema":{"@context":"https:\/\/schema.org","@graph":[{"@type":"WebPage","@id":"https:\/\/kidsplay.lt\/produktas\/montessori-kvepavimo-sistemos-edukacine-lenta\/","url":"https:\/\/kidsplay.lt\/produktas\/montessori-kvepavimo-sistemos-edukacine-lenta\/","name":"Montessori kv\u0117pavimo sistemos edukacin\u0117 lenta","isPartOf":{"@id":"https:\/\/kidsplay.lt\/#website"},"primaryImageOfPage":{"@id":"https:\/\/kidsplay.lt\/produktas\/montessori-kvepavimo-sistemos-edukacine-lenta\/#primaryimage"},"image":{"@id":"https:\/\/kidsplay.lt\/produktas\/montessori-kvepavimo-sistemos-edukacine-lenta\/#primaryimage"},"thumbnailUrl":"https:\/\/kidsplay.lt\/wp-content\/uploads\/2024\/09\/Montessori-kvepavimo-sistemos-edukacine-lenta.jpg","datePublished":"2026-02-26T07:24:04+00:00","dateModified":"2026-04-07T07:39:16+00:00","description":"Montessori kv\u0117pavimo sistemos edukacin\u0117 lenta - KidsPlay. Did\u017eiausias vaik\u0173 \u017eaisl\u0173 pasirinkimas.","breadcrumb":{"@id":"https:\/\/kidsplay.lt\/produktas\/montessori-kvepavimo-sistemos-edukacine-lenta\/#breadcrumb"},"inLanguage":"lv-LV","potentialAction":[{"@type":"ReadAction","target":["https:\/\/kidsplay.lt\/produktas\/montessori-kvepavimo-sistemos-edukacine-lenta\/"]}]},{"@type":"ImageObject","inLanguage":"lv-LV","@id":"https:\/\/kidsplay.lt\/produktas\/montessori-kvepavimo-sistemos-edukacine-lenta\/#primaryimage","url":"https:\/\/kidsplay.lt\/wp-content\/uploads\/2024\/09\/Montessori-kvepavimo-sistemos-edukacine-lenta.jpg","contentUrl":"https:\/\/kidsplay.lt\/wp-content\/uploads\/2024\/09\/Montessori-kvepavimo-sistemos-edukacine-lenta.jpg","width":2500,"height":2500,"caption":"Montessori kv\u0117pavimo sistemos edukacin\u0117 lenta"},{"@type":"BreadcrumbList","@id":"https:\/\/kidsplay.lt\/produktas\/montessori-kvepavimo-sistemos-edukacine-lenta\/#breadcrumb","itemListElement":[{"@type":"ListItem","position":1,"name":"Pagrindinis","item":"https:\/\/kidsplay.lt\/"},{"@type":"ListItem","position":2,"name":"Parduotuv\u0117","item":"https:\/\/kidsplay.lt\/parduotuve\/"},{"@type":"ListItem","position":3,"name":"Montessori kv\u0117pavimo sistemos edukacin\u0117 lenta"}]},{"@type":"WebSite","@id":"https:\/\/kidsplay.lt\/#website","url":"https:\/\/kidsplay.lt\/","name":"B\u0113rnu sp\u0113les.lv","description":"\u012evairios prek\u0117s vaikams","publisher":{"@id":"https:\/\/kidsplay.lt\/#organization"},"alternateName":"Kidsplay","potentialAction":[{"@type":"SearchAction","target":{"@type":"EntryPoint","urlTemplate":"https:\/\/kidsplay.lt\/?s={search_term_string}"},"query-input":{"@type":"PropertyValueSpecification","valueRequired":true,"valueName":"search_term_string"}}],"inLanguage":"lv-LV"},{"@type":"Organization","@id":"https:\/\/kidsplay.lt\/#organization","name":"B\u0113rnu sp\u0113le","url":"https:\/\/kidsplay.lt\/","logo":{"@type":"ImageObject","inLanguage":"lv-LV","@id":"https:\/\/kidsplay.lt\/#\/schema\/logo\/image\/","url":"https:\/\/kidsplay.lt\/wp-content\/uploads\/2023\/07\/kidsplay-logo.png","contentUrl":"https:\/\/kidsplay.lt\/wp-content\/uploads\/2023\/07\/kidsplay-logo.png","width":451,"height":98,"caption":"KidsPlay"},"image":{"@id":"https:\/\/kidsplay.lt\/#\/schema\/logo\/image\/"},"sameAs":["https:\/\/www.facebook.com\/www.kidsplay.lt"]}]}},"_links":{"self":[{"href":"https:\/\/kidsplay.lt\/lv\/wp-json\/wp\/v2\/product\/89551","targetHints":{"allow":["GET"]}}],"collection":[{"href":"https:\/\/kidsplay.lt\/lv\/wp-json\/wp\/v2\/product"}],"about":[{"href":"https:\/\/kidsplay.lt\/lv\/wp-json\/wp\/v2\/types\/product"}],"version-history":[{"count":1,"href":"https:\/\/kidsplay.lt\/lv\/wp-json\/wp\/v2\/product\/89551\/revisions"}],"predecessor-version":[{"id":89552,"href":"https:\/\/kidsplay.lt\/lv\/wp-json\/wp\/v2\/product\/89551\/revisions\/89552"}],"wp:featuredmedia":[{"embeddable":true,"href":"https:\/\/kidsplay.lt\/lv\/wp-json\/wp\/v2\/media\/55284"}],"wp:attachment":[{"href":"https:\/\/kidsplay.lt\/lv\/wp-json\/wp\/v2\/media?parent=89551"}],"wp:term":[{"taxonomy":"product_brand","embeddable":true,"href":"https:\/\/kidsplay.lt\/lv\/wp-json\/wp\/v2\/product_brand?post=89551"},{"taxonomy":"product_cat","embeddable":true,"href":"https:\/\/kidsplay.lt\/lv\/wp-json\/wp\/v2\/product_cat?post=89551"},{"taxonomy":"product_tag","embeddable":true,"href":"https:\/\/kidsplay.lt\/lv\/wp-json\/wp\/v2\/product_tag?post=89551"}],"curies":[{"name":"wp","href":"https:\/\/api.w.org\/{rel}","templated":true}]}}