{"id":89557,"date":"2026-02-26T09:24:13","date_gmt":"2026-02-26T07:24:13","guid":{"rendered":"https:\/\/kidsplay.lt\/produktas\/masterkidz-montessori-klausos-ugdymo-taryba\/"},"modified":"2026-04-07T10:39:25","modified_gmt":"2026-04-07T07:39:25","slug":"masterkidz-montessori-klausos-ugdymo-taryba","status":"publish","type":"product","link":"https:\/\/kidsplay.lt\/lv\/products\/masterkidz-montessori-klausos-ugdymo-taryba\/","title":{"rendered":"MASTERKIDZ Montessori klausos ugdymo taryba"},"content":{"rendered":"<p>\u201eMasterkidz\u201c lavinamosios lentos\u00a0\u00a0leid\u017eia vaikams lavinti daug \u012fg\u016bd\u017ei\u0173 vienu metu. Kiekviena lenta moko vaikus, kaip funkcionuoti visuomen\u0117je, pasitelkdama \u012fvairias \u012fdomias temas, ir leid\u017eia jiems tyrin\u0117ti juos supant\u012f pasaul\u012f. Galime tur\u0117ti kelias lentas ir jas lengvai keisti, o special\u016bs r\u0117meliai puikiai laiko lent\u0105 prie sienos.\u00a0<\/p>\n<p>Rakstur\u012bgs:<\/p>\n<p> \t\u2013 Galime tur\u0117ti kelias lentas ir jas lengvai pakeisti, o special\u016bs r\u0117mai puikiai laiko lent\u0105 prie sienos.\u00a0<br \/>\n \t&#8211; Lent\u0105 taip pat galima naudoti be r\u0117mo, pvz., ant stalo ar grind\u0173<br \/>\n \t\u2013 Klausa yra svarbus poj\u016btis m\u016bs\u0173 gyvenime, d\u0117ka \u0161io poj\u016b\u010dio kalbam\u0117s su kitais \u017emon\u0117mis, klausom\u0117s pauk\u0161\u010di\u0173 \u010diulb\u0117jimo ar \u0161uns lojimo.<br \/>\n \t&#8211; kai vaikai palie\u010dia bet kuri\u0105 scen\u0105 lentoje, jie i\u0161girs atitinkam\u0105 gars\u0105<br \/>\n \t&#8211; lentoje taip pat rasite garso mygtukus\u00a0\u00a0su auk\u0161tais ir \u017eemais tonais &#8211; \u017ei\u016br\u0117dami \u012f bang\u0173 grafikus, vaikai gali i\u0161girsti skirtum\u0105 tarp j\u0173<br \/>\n \t&#8211; lentoje taip pat paai\u0161kinama,\u00a0\u00a0kaip garsas sklinda oru bang\u0173 pavidalu,\u00a0\u00a0m\u016bs\u0173 ausys surenka garso bangas ir siun\u010dia vibracijas kaip signalus \u012f smegenis<br \/>\n \t&#8211; lentoje taip pat yra\u00a0\u00a0permatomas vamzdelis\u00a0\u00a0, skirtas vaikams parodyti, kaip garsas sklinda ore; &#8211; kiekvien\u0105 kart\u0105 \u012fjungus gars\u0105 lentoje, vamzdelio viduje esantys kamuoliukai tur\u0117t\u0173 jud\u0117ti skirtingai; &#8211;\u00a0\u00a0kamuoliukai vibruoja, kai pro juos sklinda garso bangos;<br \/>\n \t&#8211; lentos d\u0117ka vaikai\u00a0\u00a0gali \u201ematyti\u201c garso bang\u0173 perdavim\u0105<br \/>\n \t&#8211; lentoje taip pat paai\u0161kinama, kad garsas gali b\u016bti skirtingo stiprumo ir kad\u00a0\u00a0turime saugoti ausis, kai aplinka per garsi<br \/>\n \t&#8211;\u00a0\u00a0veikimui reikalingos baterijos<\/p>\n<p>Rota\u013clieta att\u012bst\u0101s:<\/p>\n<p> \t&#8211; motoriniai \u012fg\u016bd\u017eiai<br \/>\n \t&#8211; klausa<br \/>\n \t&#8211; sensorinis<br \/>\n \t&#8211; aki\u0173-rank\u0173 koordinacija<br \/>\n \t&#8211; vaizduot\u0117<br \/>\n \t&#8211; koncentracija<br \/>\n \t&#8211; smalsumas<\/p>","protected":false},"excerpt":{"rendered":"<p>\u201eMasterkidz\u201c lavinamosios lentos\u00a0\u00a0leid\u017eia vaikams lavinti daug \u012fg\u016bd\u017ei\u0173 vienu metu. Kiekviena lenta moko vaikus, kaip funkcionuoti visuomen\u0117je, pasitelkdama \u012fvairias \u012fdomias temas,<\/p>","protected":false},"featured_media":67501,"template":"","meta":{"_acf_changed":false,"_glsr_average":0,"_glsr_ranking":0,"_glsr_reviews":0},"product_brand":[],"product_cat":[673],"product_tag":[],"class_list":{"0":"post-89557","1":"product","2":"type-product","3":"status-publish","4":"has-post-thumbnail","6":"product_cat-ugdomosios-priemones","7":"\"style=\"background-color: #2ecc711c;\"","9":"first","10":"instock","11":"purchasable","12":"product-type-simple"},"acf":[],"yoast_head":"<!-- This site is optimized with the Yoast SEO plugin v27.3 - https:\/\/yoast.com\/product\/yoast-seo-wordpress\/ -->\n<title>MASTERKIDZ Montessori klausos ugdymo taryba<\/title>\n<meta name=\"description\" content=\"MASTERKIDZ Montessori klausos ugdymo taryba - KidsPlay. Did\u017eiausias vaik\u0173 \u017eaisl\u0173 pasirinkimas.\" \/>\n<meta name=\"robots\" content=\"index, follow, max-snippet:-1, max-image-preview:large, max-video-preview:-1\" \/>\n<link rel=\"canonical\" href=\"https:\/\/kidsplay.lt\/lv\/products\/masterkidz-montessori-klausos-ugdymo-taryba\/\" \/>\n<meta property=\"og:locale\" content=\"lv_LV\" \/>\n<meta property=\"og:type\" content=\"article\" \/>\n<meta property=\"og:title\" content=\"MASTERKIDZ Montessori klausos ugdymo taryba\" \/>\n<meta property=\"og:description\" content=\"MASTERKIDZ Montessori klausos ugdymo taryba - KidsPlay. Did\u017eiausias vaik\u0173 \u017eaisl\u0173 pasirinkimas.\" \/>\n<meta property=\"og:url\" content=\"https:\/\/kidsplay.lt\/lv\/products\/masterkidz-montessori-klausos-ugdymo-taryba\/\" \/>\n<meta property=\"og:site_name\" content=\"KidsPlay\" \/>\n<meta property=\"article:publisher\" content=\"https:\/\/www.facebook.com\/www.kidsplay.lt\" \/>\n<meta property=\"article:modified_time\" content=\"2026-04-07T07:39:25+00:00\" \/>\n<meta property=\"og:image\" content=\"https:\/\/kidsplay.lt\/wp-content\/uploads\/2025\/09\/MASTERKIDZ-Montessori-klausos-ugdymo-taryba.jpg\" \/>\n\t<meta property=\"og:image:width\" content=\"2560\" \/>\n\t<meta property=\"og:image:height\" content=\"2560\" \/>\n\t<meta property=\"og:image:type\" content=\"image\/jpeg\" \/>\n<meta name=\"twitter:card\" content=\"summary_large_image\" \/>\n<meta name=\"twitter:label1\" content=\"Est. reading time\" \/>\n\t<meta name=\"twitter:data1\" content=\"1 min\u016bte\" \/>\n<script type=\"application\/ld+json\" class=\"yoast-schema-graph\">{\"@context\":\"https:\\\/\\\/schema.org\",\"@graph\":[{\"@type\":\"WebPage\",\"@id\":\"https:\\\/\\\/kidsplay.lt\\\/produktas\\\/masterkidz-montessori-klausos-ugdymo-taryba\\\/\",\"url\":\"https:\\\/\\\/kidsplay.lt\\\/produktas\\\/masterkidz-montessori-klausos-ugdymo-taryba\\\/\",\"name\":\"MASTERKIDZ Montessori klausos ugdymo taryba\",\"isPartOf\":{\"@id\":\"https:\\\/\\\/kidsplay.lt\\\/#website\"},\"primaryImageOfPage\":{\"@id\":\"https:\\\/\\\/kidsplay.lt\\\/produktas\\\/masterkidz-montessori-klausos-ugdymo-taryba\\\/#primaryimage\"},\"image\":{\"@id\":\"https:\\\/\\\/kidsplay.lt\\\/produktas\\\/masterkidz-montessori-klausos-ugdymo-taryba\\\/#primaryimage\"},\"thumbnailUrl\":\"https:\\\/\\\/kidsplay.lt\\\/wp-content\\\/uploads\\\/2025\\\/09\\\/MASTERKIDZ-Montessori-klausos-ugdymo-taryba.jpg\",\"datePublished\":\"2026-02-26T07:24:13+00:00\",\"dateModified\":\"2026-04-07T07:39:25+00:00\",\"description\":\"MASTERKIDZ Montessori klausos ugdymo taryba - KidsPlay. Did\u017eiausias vaik\u0173 \u017eaisl\u0173 pasirinkimas.\",\"breadcrumb\":{\"@id\":\"https:\\\/\\\/kidsplay.lt\\\/produktas\\\/masterkidz-montessori-klausos-ugdymo-taryba\\\/#breadcrumb\"},\"inLanguage\":\"lv-LV\",\"potentialAction\":[{\"@type\":\"ReadAction\",\"target\":[\"https:\\\/\\\/kidsplay.lt\\\/produktas\\\/masterkidz-montessori-klausos-ugdymo-taryba\\\/\"]}]},{\"@type\":\"ImageObject\",\"inLanguage\":\"lv-LV\",\"@id\":\"https:\\\/\\\/kidsplay.lt\\\/produktas\\\/masterkidz-montessori-klausos-ugdymo-taryba\\\/#primaryimage\",\"url\":\"https:\\\/\\\/kidsplay.lt\\\/wp-content\\\/uploads\\\/2025\\\/09\\\/MASTERKIDZ-Montessori-klausos-ugdymo-taryba.jpg\",\"contentUrl\":\"https:\\\/\\\/kidsplay.lt\\\/wp-content\\\/uploads\\\/2025\\\/09\\\/MASTERKIDZ-Montessori-klausos-ugdymo-taryba.jpg\",\"width\":2560,\"height\":2560,\"caption\":\"MASTERKIDZ Montessori klausos ugdymo taryba\"},{\"@type\":\"BreadcrumbList\",\"@id\":\"https:\\\/\\\/kidsplay.lt\\\/produktas\\\/masterkidz-montessori-klausos-ugdymo-taryba\\\/#breadcrumb\",\"itemListElement\":[{\"@type\":\"ListItem\",\"position\":1,\"name\":\"Pagrindinis\",\"item\":\"https:\\\/\\\/kidsplay.lt\\\/\"},{\"@type\":\"ListItem\",\"position\":2,\"name\":\"Parduotuv\u0117\",\"item\":\"https:\\\/\\\/kidsplay.lt\\\/parduotuve\\\/\"},{\"@type\":\"ListItem\",\"position\":3,\"name\":\"MASTERKIDZ Montessori klausos ugdymo taryba\"}]},{\"@type\":\"WebSite\",\"@id\":\"https:\\\/\\\/kidsplay.lt\\\/#website\",\"url\":\"https:\\\/\\\/kidsplay.lt\\\/\",\"name\":\"Kidsplay.lt\",\"description\":\"\u012evairios prek\u0117s vaikams\",\"publisher\":{\"@id\":\"https:\\\/\\\/kidsplay.lt\\\/#organization\"},\"alternateName\":\"Kidsplay\",\"potentialAction\":[{\"@type\":\"SearchAction\",\"target\":{\"@type\":\"EntryPoint\",\"urlTemplate\":\"https:\\\/\\\/kidsplay.lt\\\/?s={search_term_string}\"},\"query-input\":{\"@type\":\"PropertyValueSpecification\",\"valueRequired\":true,\"valueName\":\"search_term_string\"}}],\"inLanguage\":\"lv-LV\"},{\"@type\":\"Organization\",\"@id\":\"https:\\\/\\\/kidsplay.lt\\\/#organization\",\"name\":\"KidsPlay\",\"url\":\"https:\\\/\\\/kidsplay.lt\\\/\",\"logo\":{\"@type\":\"ImageObject\",\"inLanguage\":\"lv-LV\",\"@id\":\"https:\\\/\\\/kidsplay.lt\\\/#\\\/schema\\\/logo\\\/image\\\/\",\"url\":\"https:\\\/\\\/kidsplay.lt\\\/wp-content\\\/uploads\\\/2023\\\/07\\\/kidsplay-logo.png\",\"contentUrl\":\"https:\\\/\\\/kidsplay.lt\\\/wp-content\\\/uploads\\\/2023\\\/07\\\/kidsplay-logo.png\",\"width\":451,\"height\":98,\"caption\":\"KidsPlay\"},\"image\":{\"@id\":\"https:\\\/\\\/kidsplay.lt\\\/#\\\/schema\\\/logo\\\/image\\\/\"},\"sameAs\":[\"https:\\\/\\\/www.facebook.com\\\/www.kidsplay.lt\"]}]}<\/script>\n<!-- \/ Yoast SEO plugin. -->","yoast_head_json":{"title":"MASTERKIDZ Montessori klausos ugdymo taryba","description":"MASTERKIDZ Montessori klausos ugdymo taryba - KidsPlay. Did\u017eiausias vaik\u0173 \u017eaisl\u0173 pasirinkimas.","robots":{"index":"index","follow":"follow","max-snippet":"max-snippet:-1","max-image-preview":"max-image-preview:large","max-video-preview":"max-video-preview:-1"},"canonical":"https:\/\/kidsplay.lt\/lv\/products\/masterkidz-montessori-klausos-ugdymo-taryba\/","og_locale":"lv_LV","og_type":"article","og_title":"MASTERKIDZ Montessori klausos ugdymo taryba","og_description":"MASTERKIDZ Montessori klausos ugdymo taryba - KidsPlay. Did\u017eiausias vaik\u0173 \u017eaisl\u0173 pasirinkimas.","og_url":"https:\/\/kidsplay.lt\/lv\/products\/masterkidz-montessori-klausos-ugdymo-taryba\/","og_site_name":"KidsPlay","article_publisher":"https:\/\/www.facebook.com\/www.kidsplay.lt","article_modified_time":"2026-04-07T07:39:25+00:00","og_image":[{"width":2560,"height":2560,"url":"https:\/\/kidsplay.lt\/wp-content\/uploads\/2025\/09\/MASTERKIDZ-Montessori-klausos-ugdymo-taryba.jpg","type":"image\/jpeg"}],"twitter_card":"summary_large_image","twitter_misc":{"Est. reading time":"1 min\u016bte"},"schema":{"@context":"https:\/\/schema.org","@graph":[{"@type":"WebPage","@id":"https:\/\/kidsplay.lt\/produktas\/masterkidz-montessori-klausos-ugdymo-taryba\/","url":"https:\/\/kidsplay.lt\/produktas\/masterkidz-montessori-klausos-ugdymo-taryba\/","name":"MASTERKIDZ Montessori klausos ugdymo taryba","isPartOf":{"@id":"https:\/\/kidsplay.lt\/#website"},"primaryImageOfPage":{"@id":"https:\/\/kidsplay.lt\/produktas\/masterkidz-montessori-klausos-ugdymo-taryba\/#primaryimage"},"image":{"@id":"https:\/\/kidsplay.lt\/produktas\/masterkidz-montessori-klausos-ugdymo-taryba\/#primaryimage"},"thumbnailUrl":"https:\/\/kidsplay.lt\/wp-content\/uploads\/2025\/09\/MASTERKIDZ-Montessori-klausos-ugdymo-taryba.jpg","datePublished":"2026-02-26T07:24:13+00:00","dateModified":"2026-04-07T07:39:25+00:00","description":"MASTERKIDZ Montessori klausos ugdymo taryba - KidsPlay. Did\u017eiausias vaik\u0173 \u017eaisl\u0173 pasirinkimas.","breadcrumb":{"@id":"https:\/\/kidsplay.lt\/produktas\/masterkidz-montessori-klausos-ugdymo-taryba\/#breadcrumb"},"inLanguage":"lv-LV","potentialAction":[{"@type":"ReadAction","target":["https:\/\/kidsplay.lt\/produktas\/masterkidz-montessori-klausos-ugdymo-taryba\/"]}]},{"@type":"ImageObject","inLanguage":"lv-LV","@id":"https:\/\/kidsplay.lt\/produktas\/masterkidz-montessori-klausos-ugdymo-taryba\/#primaryimage","url":"https:\/\/kidsplay.lt\/wp-content\/uploads\/2025\/09\/MASTERKIDZ-Montessori-klausos-ugdymo-taryba.jpg","contentUrl":"https:\/\/kidsplay.lt\/wp-content\/uploads\/2025\/09\/MASTERKIDZ-Montessori-klausos-ugdymo-taryba.jpg","width":2560,"height":2560,"caption":"MASTERKIDZ Montessori klausos ugdymo taryba"},{"@type":"BreadcrumbList","@id":"https:\/\/kidsplay.lt\/produktas\/masterkidz-montessori-klausos-ugdymo-taryba\/#breadcrumb","itemListElement":[{"@type":"ListItem","position":1,"name":"Pagrindinis","item":"https:\/\/kidsplay.lt\/"},{"@type":"ListItem","position":2,"name":"Parduotuv\u0117","item":"https:\/\/kidsplay.lt\/parduotuve\/"},{"@type":"ListItem","position":3,"name":"MASTERKIDZ Montessori klausos ugdymo taryba"}]},{"@type":"WebSite","@id":"https:\/\/kidsplay.lt\/#website","url":"https:\/\/kidsplay.lt\/","name":"B\u0113rnu sp\u0113les.lv","description":"\u012evairios prek\u0117s vaikams","publisher":{"@id":"https:\/\/kidsplay.lt\/#organization"},"alternateName":"Kidsplay","potentialAction":[{"@type":"SearchAction","target":{"@type":"EntryPoint","urlTemplate":"https:\/\/kidsplay.lt\/?s={search_term_string}"},"query-input":{"@type":"PropertyValueSpecification","valueRequired":true,"valueName":"search_term_string"}}],"inLanguage":"lv-LV"},{"@type":"Organization","@id":"https:\/\/kidsplay.lt\/#organization","name":"B\u0113rnu sp\u0113le","url":"https:\/\/kidsplay.lt\/","logo":{"@type":"ImageObject","inLanguage":"lv-LV","@id":"https:\/\/kidsplay.lt\/#\/schema\/logo\/image\/","url":"https:\/\/kidsplay.lt\/wp-content\/uploads\/2023\/07\/kidsplay-logo.png","contentUrl":"https:\/\/kidsplay.lt\/wp-content\/uploads\/2023\/07\/kidsplay-logo.png","width":451,"height":98,"caption":"KidsPlay"},"image":{"@id":"https:\/\/kidsplay.lt\/#\/schema\/logo\/image\/"},"sameAs":["https:\/\/www.facebook.com\/www.kidsplay.lt"]}]}},"_links":{"self":[{"href":"https:\/\/kidsplay.lt\/lv\/wp-json\/wp\/v2\/product\/89557","targetHints":{"allow":["GET"]}}],"collection":[{"href":"https:\/\/kidsplay.lt\/lv\/wp-json\/wp\/v2\/product"}],"about":[{"href":"https:\/\/kidsplay.lt\/lv\/wp-json\/wp\/v2\/types\/product"}],"version-history":[{"count":1,"href":"https:\/\/kidsplay.lt\/lv\/wp-json\/wp\/v2\/product\/89557\/revisions"}],"predecessor-version":[{"id":89558,"href":"https:\/\/kidsplay.lt\/lv\/wp-json\/wp\/v2\/product\/89557\/revisions\/89558"}],"wp:featuredmedia":[{"embeddable":true,"href":"https:\/\/kidsplay.lt\/lv\/wp-json\/wp\/v2\/media\/67501"}],"wp:attachment":[{"href":"https:\/\/kidsplay.lt\/lv\/wp-json\/wp\/v2\/media?parent=89557"}],"wp:term":[{"taxonomy":"product_brand","embeddable":true,"href":"https:\/\/kidsplay.lt\/lv\/wp-json\/wp\/v2\/product_brand?post=89557"},{"taxonomy":"product_cat","embeddable":true,"href":"https:\/\/kidsplay.lt\/lv\/wp-json\/wp\/v2\/product_cat?post=89557"},{"taxonomy":"product_tag","embeddable":true,"href":"https:\/\/kidsplay.lt\/lv\/wp-json\/wp\/v2\/product_tag?post=89557"}],"curies":[{"name":"wp","href":"https:\/\/api.w.org\/{rel}","templated":true}]}}