{"id":89559,"date":"2026-02-26T09:24:16","date_gmt":"2026-02-26T07:24:16","guid":{"rendered":"https:\/\/kidsplay.lt\/produktas\/masterkidz-montessori-regos-pojuciu-ugdymo-lenta\/"},"modified":"2026-04-13T15:01:10","modified_gmt":"2026-04-13T12:01:10","slug":"masterkidz-montessori-regos-pojuciu-ugdymo-lenta","status":"publish","type":"product","link":"https:\/\/kidsplay.lt\/lv\/products\/masterkidz-montessori-regos-pojuciu-ugdymo-lenta\/","title":{"rendered":"MASTERKIDZ Montessori vizu\u0101l\u0101s sensor\u0101s d\u0113lis"},"content":{"rendered":"<p>\u201eMasterkidz\u201c lavinamosios lentos\u00a0\u00a0leid\u017eia vaikams lavinti daug \u012fg\u016bd\u017ei\u0173 vienu metu. Kiekviena lenta moko vaikus, kaip funkcionuoti visuomen\u0117je, pasitelkdama \u012fvairias \u012fdomias temas, ir leid\u017eia jiems tyrin\u0117ti juos supant\u012f pasaul\u012f. Galime tur\u0117ti kelias lentas ir jas lengvai keisti, o special\u016bs r\u0117meliai puikiai laiko lent\u0105 prie sienos.\u00a0<\/p>\n<p>Rakstur\u012bgs:<\/p>\n<p> \t\u2013 Galime tur\u0117ti kelias lentas ir jas lengvai pakeisti, o special\u016bs r\u0117mai puikiai laiko lent\u0105 prie sienos.\u00a0<br \/>\n \t&#8211; Lent\u0105 taip pat galima naudoti be r\u0117mo, pvz., ant stalo ar grind\u0173<br \/>\n \t&#8211; lentoje paai\u0161kinama, kaip mes naudojame savo akis, kad \u012fgytume \u017eini\u0173 apie mus supant\u012f pasaul\u012f, apie spalvas, ry\u0161kum\u0105 ir objekt\u0173 form\u0105<br \/>\n \t&#8211;\u00a0\u00a0kai vaikas palie\u010dia med\u012f\u00a0\u00a0(esant\u012f kair\u0117je pus\u0117je),\u00a0\u00a0\u0161viesa \u012fsijungs, pradedant nuo l\u0119\u0161iuko iki tinklain\u0117s<br \/>\n \t&#8211; tada vaizdas bus transformuotas \u012f \u0161viesos signalus, kurie\u00a0pasieks smegenis ir bus suvokiami kaip reg\u0117jimas<br \/>\n \t&#8211; be \u0161viesos signal\u0173, vaikas taip pat mato, kad\u00a0\u00a0medis prie tinklain\u0117s yra apverstas, o tai leid\u017eia vaikui pamatyti, kaip m\u016bs\u0173 smegenys apdoroja vaizd\u0105, kai smegenys gauna teisingai i\u0161d\u0117styt\u0105 med\u012f<br \/>\n \t&#8211; lentos apa\u010dioje esantys paveiksl\u0117liai rodo vaikui, kad\u00a0\u00a0\u017emogaus akys gali atpa\u017einti formas, spalvas ir ry\u0161kum\u0105<br \/>\n \t&#8211; lenta taip pat moko vaikus,\u00a0\u00a0kaip r\u016bpintis savo reg\u0117jimu \u2013 ne\u017ei\u016br\u0117ti per daug televizoriaus, neki\u0161ti nieko \u012f akis, d\u0117v\u0117ti akinius nuo saul\u0117s b\u016bnant saul\u0117je ir d\u0117v\u0117ti apsauginius akinius dirbant su chemin\u0117mis med\u017eiagomis<br \/>\n \t&#8211;\u00a0\u00a0veikimui reikalingos baterijos<\/p>\n<p>Rota\u013clieta att\u012bst\u0101s:<\/p>\n<p> \t&#8211; motoriniai \u012fg\u016bd\u017eiai<br \/>\n \t&#8211; sensorinis<br \/>\n \t&#8211; aki\u0173-rank\u0173 koordinacija<br \/>\n \t&#8211; vaizduot\u0117<br \/>\n \t&#8211; koncentracija<br \/>\n \t&#8211; smalsumas<\/p>","protected":false},"excerpt":{"rendered":"<p>\u201eMasterkidz\u201c lavinamosios lentos\u00a0\u00a0leid\u017eia vaikams lavinti daug \u012fg\u016bd\u017ei\u0173 vienu metu. Kiekviena lenta moko vaikus, kaip funkcionuoti visuomen\u0117je, pasitelkdama \u012fvairias \u012fdomias temas,<\/p>","protected":false},"featured_media":67506,"template":"","meta":{"_acf_changed":false,"_glsr_average":0,"_glsr_ranking":0,"_glsr_reviews":0},"product_brand":[],"product_cat":[673,229],"product_tag":[],"class_list":{"0":"post-89559","1":"product","2":"type-product","3":"status-publish","4":"has-post-thumbnail","6":"product_cat-ugdomosios-priemones","7":"product_cat-zaislai-vaikams","8":"\"style=\"background-color: #2ecc711c;\"","10":"first","11":"instock","12":"purchasable","13":"product-type-simple"},"acf":[],"yoast_head":"<!-- This site is optimized with the Yoast SEO plugin v27.4 - https:\/\/yoast.com\/product\/yoast-seo-wordpress\/ -->\n<title>MASTERKIDZ Montessori regos poj\u016b\u010di\u0173 ugdymo lenta<\/title>\n<meta name=\"description\" content=\"MASTERKIDZ Montessori regos poj\u016b\u010di\u0173 ugdymo lenta - KidsPlay. Did\u017eiausias vaik\u0173 \u017eaisl\u0173 pasirinkimas.\" \/>\n<meta name=\"robots\" content=\"index, follow, max-snippet:-1, max-image-preview:large, max-video-preview:-1\" \/>\n<link rel=\"canonical\" href=\"https:\/\/kidsplay.lt\/lv\/products\/masterkidz-montessori-regos-pojuciu-ugdymo-lenta\/\" \/>\n<meta property=\"og:locale\" content=\"lv_LV\" \/>\n<meta property=\"og:type\" content=\"article\" \/>\n<meta property=\"og:title\" content=\"MASTERKIDZ Montessori regos poj\u016b\u010di\u0173 ugdymo lenta\" \/>\n<meta property=\"og:description\" content=\"MASTERKIDZ Montessori regos poj\u016b\u010di\u0173 ugdymo lenta - KidsPlay. Did\u017eiausias vaik\u0173 \u017eaisl\u0173 pasirinkimas.\" \/>\n<meta property=\"og:url\" content=\"https:\/\/kidsplay.lt\/lv\/products\/masterkidz-montessori-regos-pojuciu-ugdymo-lenta\/\" \/>\n<meta property=\"og:site_name\" content=\"KidsPlay\" \/>\n<meta property=\"article:publisher\" content=\"https:\/\/www.facebook.com\/www.kidsplay.lt\" \/>\n<meta property=\"article:modified_time\" content=\"2026-04-13T12:01:10+00:00\" \/>\n<meta property=\"og:image\" content=\"https:\/\/kidsplay.lt\/wp-content\/uploads\/2025\/09\/MASTERKIDZ-Montessori-regos-pojuciu-ugdymo-lenta.jpg\" \/>\n\t<meta property=\"og:image:width\" content=\"2560\" \/>\n\t<meta property=\"og:image:height\" content=\"1833\" \/>\n\t<meta property=\"og:image:type\" content=\"image\/jpeg\" \/>\n<meta name=\"twitter:card\" content=\"summary_large_image\" \/>\n<meta name=\"twitter:label1\" content=\"Est. reading time\" \/>\n\t<meta name=\"twitter:data1\" content=\"1 min\u016bte\" \/>\n<script type=\"application\/ld+json\" class=\"yoast-schema-graph\">{\"@context\":\"https:\\\/\\\/schema.org\",\"@graph\":[{\"@type\":\"WebPage\",\"@id\":\"https:\\\/\\\/kidsplay.lt\\\/produktas\\\/masterkidz-montessori-regos-pojuciu-ugdymo-lenta\\\/\",\"url\":\"https:\\\/\\\/kidsplay.lt\\\/produktas\\\/masterkidz-montessori-regos-pojuciu-ugdymo-lenta\\\/\",\"name\":\"MASTERKIDZ Montessori regos poj\u016b\u010di\u0173 ugdymo lenta\",\"isPartOf\":{\"@id\":\"https:\\\/\\\/kidsplay.lt\\\/#website\"},\"primaryImageOfPage\":{\"@id\":\"https:\\\/\\\/kidsplay.lt\\\/produktas\\\/masterkidz-montessori-regos-pojuciu-ugdymo-lenta\\\/#primaryimage\"},\"image\":{\"@id\":\"https:\\\/\\\/kidsplay.lt\\\/produktas\\\/masterkidz-montessori-regos-pojuciu-ugdymo-lenta\\\/#primaryimage\"},\"thumbnailUrl\":\"https:\\\/\\\/kidsplay.lt\\\/wp-content\\\/uploads\\\/2025\\\/09\\\/MASTERKIDZ-Montessori-regos-pojuciu-ugdymo-lenta.jpg\",\"datePublished\":\"2026-02-26T07:24:16+00:00\",\"dateModified\":\"2026-04-13T12:01:10+00:00\",\"description\":\"MASTERKIDZ Montessori regos poj\u016b\u010di\u0173 ugdymo lenta - KidsPlay. Did\u017eiausias vaik\u0173 \u017eaisl\u0173 pasirinkimas.\",\"breadcrumb\":{\"@id\":\"https:\\\/\\\/kidsplay.lt\\\/produktas\\\/masterkidz-montessori-regos-pojuciu-ugdymo-lenta\\\/#breadcrumb\"},\"inLanguage\":\"lv-LV\",\"potentialAction\":[{\"@type\":\"ReadAction\",\"target\":[\"https:\\\/\\\/kidsplay.lt\\\/produktas\\\/masterkidz-montessori-regos-pojuciu-ugdymo-lenta\\\/\"]}]},{\"@type\":\"ImageObject\",\"inLanguage\":\"lv-LV\",\"@id\":\"https:\\\/\\\/kidsplay.lt\\\/produktas\\\/masterkidz-montessori-regos-pojuciu-ugdymo-lenta\\\/#primaryimage\",\"url\":\"https:\\\/\\\/kidsplay.lt\\\/wp-content\\\/uploads\\\/2025\\\/09\\\/MASTERKIDZ-Montessori-regos-pojuciu-ugdymo-lenta.jpg\",\"contentUrl\":\"https:\\\/\\\/kidsplay.lt\\\/wp-content\\\/uploads\\\/2025\\\/09\\\/MASTERKIDZ-Montessori-regos-pojuciu-ugdymo-lenta.jpg\",\"width\":2560,\"height\":1833,\"caption\":\"MASTERKIDZ Montessori regos poj\u016b\u010di\u0173 ugdymo lenta\"},{\"@type\":\"BreadcrumbList\",\"@id\":\"https:\\\/\\\/kidsplay.lt\\\/produktas\\\/masterkidz-montessori-regos-pojuciu-ugdymo-lenta\\\/#breadcrumb\",\"itemListElement\":[{\"@type\":\"ListItem\",\"position\":1,\"name\":\"Pagrindinis\",\"item\":\"https:\\\/\\\/kidsplay.lt\\\/\"},{\"@type\":\"ListItem\",\"position\":2,\"name\":\"Parduotuv\u0117\",\"item\":\"https:\\\/\\\/kidsplay.lt\\\/parduotuve\\\/\"},{\"@type\":\"ListItem\",\"position\":3,\"name\":\"MASTERKIDZ Montessori regos poj\u016b\u010di\u0173 ugdymo lenta\"}]},{\"@type\":\"WebSite\",\"@id\":\"https:\\\/\\\/kidsplay.lt\\\/#website\",\"url\":\"https:\\\/\\\/kidsplay.lt\\\/\",\"name\":\"Kidsplay.lt\",\"description\":\"\u012evairios prek\u0117s vaikams\",\"publisher\":{\"@id\":\"https:\\\/\\\/kidsplay.lt\\\/#organization\"},\"alternateName\":\"Kidsplay\",\"potentialAction\":[{\"@type\":\"SearchAction\",\"target\":{\"@type\":\"EntryPoint\",\"urlTemplate\":\"https:\\\/\\\/kidsplay.lt\\\/?s={search_term_string}\"},\"query-input\":{\"@type\":\"PropertyValueSpecification\",\"valueRequired\":true,\"valueName\":\"search_term_string\"}}],\"inLanguage\":\"lv-LV\"},{\"@type\":\"Organization\",\"@id\":\"https:\\\/\\\/kidsplay.lt\\\/#organization\",\"name\":\"KidsPlay\",\"url\":\"https:\\\/\\\/kidsplay.lt\\\/\",\"logo\":{\"@type\":\"ImageObject\",\"inLanguage\":\"lv-LV\",\"@id\":\"https:\\\/\\\/kidsplay.lt\\\/#\\\/schema\\\/logo\\\/image\\\/\",\"url\":\"https:\\\/\\\/kidsplay.lt\\\/wp-content\\\/uploads\\\/2023\\\/07\\\/kidsplay-logo.png\",\"contentUrl\":\"https:\\\/\\\/kidsplay.lt\\\/wp-content\\\/uploads\\\/2023\\\/07\\\/kidsplay-logo.png\",\"width\":451,\"height\":98,\"caption\":\"KidsPlay\"},\"image\":{\"@id\":\"https:\\\/\\\/kidsplay.lt\\\/#\\\/schema\\\/logo\\\/image\\\/\"},\"sameAs\":[\"https:\\\/\\\/www.facebook.com\\\/www.kidsplay.lt\"]}]}<\/script>\n<!-- \/ Yoast SEO plugin. -->","yoast_head_json":{"title":"MASTERKIDZ Montessori vizu\u0101l\u0101s sensor\u0101s d\u0113lis","description":"MASTERKIDZ Montessori regos poj\u016b\u010di\u0173 ugdymo lenta - KidsPlay. Did\u017eiausias vaik\u0173 \u017eaisl\u0173 pasirinkimas.","robots":{"index":"index","follow":"follow","max-snippet":"max-snippet:-1","max-image-preview":"max-image-preview:large","max-video-preview":"max-video-preview:-1"},"canonical":"https:\/\/kidsplay.lt\/lv\/products\/masterkidz-montessori-regos-pojuciu-ugdymo-lenta\/","og_locale":"lv_LV","og_type":"article","og_title":"MASTERKIDZ Montessori regos poj\u016b\u010di\u0173 ugdymo lenta","og_description":"MASTERKIDZ Montessori regos poj\u016b\u010di\u0173 ugdymo lenta - KidsPlay. Did\u017eiausias vaik\u0173 \u017eaisl\u0173 pasirinkimas.","og_url":"https:\/\/kidsplay.lt\/lv\/products\/masterkidz-montessori-regos-pojuciu-ugdymo-lenta\/","og_site_name":"KidsPlay","article_publisher":"https:\/\/www.facebook.com\/www.kidsplay.lt","article_modified_time":"2026-04-13T12:01:10+00:00","og_image":[{"width":2560,"height":1833,"url":"https:\/\/kidsplay.lt\/wp-content\/uploads\/2025\/09\/MASTERKIDZ-Montessori-regos-pojuciu-ugdymo-lenta.jpg","type":"image\/jpeg"}],"twitter_card":"summary_large_image","twitter_misc":{"Est. reading time":"1 min\u016bte"},"schema":{"@context":"https:\/\/schema.org","@graph":[{"@type":"WebPage","@id":"https:\/\/kidsplay.lt\/produktas\/masterkidz-montessori-regos-pojuciu-ugdymo-lenta\/","url":"https:\/\/kidsplay.lt\/produktas\/masterkidz-montessori-regos-pojuciu-ugdymo-lenta\/","name":"MASTERKIDZ Montessori vizu\u0101l\u0101s sensor\u0101s d\u0113lis","isPartOf":{"@id":"https:\/\/kidsplay.lt\/#website"},"primaryImageOfPage":{"@id":"https:\/\/kidsplay.lt\/produktas\/masterkidz-montessori-regos-pojuciu-ugdymo-lenta\/#primaryimage"},"image":{"@id":"https:\/\/kidsplay.lt\/produktas\/masterkidz-montessori-regos-pojuciu-ugdymo-lenta\/#primaryimage"},"thumbnailUrl":"https:\/\/kidsplay.lt\/wp-content\/uploads\/2025\/09\/MASTERKIDZ-Montessori-regos-pojuciu-ugdymo-lenta.jpg","datePublished":"2026-02-26T07:24:16+00:00","dateModified":"2026-04-13T12:01:10+00:00","description":"MASTERKIDZ Montessori regos poj\u016b\u010di\u0173 ugdymo lenta - KidsPlay. Did\u017eiausias vaik\u0173 \u017eaisl\u0173 pasirinkimas.","breadcrumb":{"@id":"https:\/\/kidsplay.lt\/produktas\/masterkidz-montessori-regos-pojuciu-ugdymo-lenta\/#breadcrumb"},"inLanguage":"lv-LV","potentialAction":[{"@type":"ReadAction","target":["https:\/\/kidsplay.lt\/produktas\/masterkidz-montessori-regos-pojuciu-ugdymo-lenta\/"]}]},{"@type":"ImageObject","inLanguage":"lv-LV","@id":"https:\/\/kidsplay.lt\/produktas\/masterkidz-montessori-regos-pojuciu-ugdymo-lenta\/#primaryimage","url":"https:\/\/kidsplay.lt\/wp-content\/uploads\/2025\/09\/MASTERKIDZ-Montessori-regos-pojuciu-ugdymo-lenta.jpg","contentUrl":"https:\/\/kidsplay.lt\/wp-content\/uploads\/2025\/09\/MASTERKIDZ-Montessori-regos-pojuciu-ugdymo-lenta.jpg","width":2560,"height":1833,"caption":"MASTERKIDZ Montessori regos poj\u016b\u010di\u0173 ugdymo lenta"},{"@type":"BreadcrumbList","@id":"https:\/\/kidsplay.lt\/produktas\/masterkidz-montessori-regos-pojuciu-ugdymo-lenta\/#breadcrumb","itemListElement":[{"@type":"ListItem","position":1,"name":"Pagrindinis","item":"https:\/\/kidsplay.lt\/"},{"@type":"ListItem","position":2,"name":"Parduotuv\u0117","item":"https:\/\/kidsplay.lt\/parduotuve\/"},{"@type":"ListItem","position":3,"name":"MASTERKIDZ Montessori regos poj\u016b\u010di\u0173 ugdymo lenta"}]},{"@type":"WebSite","@id":"https:\/\/kidsplay.lt\/#website","url":"https:\/\/kidsplay.lt\/","name":"B\u0113rnu sp\u0113les.lv","description":"\u012evairios prek\u0117s vaikams","publisher":{"@id":"https:\/\/kidsplay.lt\/#organization"},"alternateName":"Kidsplay","potentialAction":[{"@type":"SearchAction","target":{"@type":"EntryPoint","urlTemplate":"https:\/\/kidsplay.lt\/?s={search_term_string}"},"query-input":{"@type":"PropertyValueSpecification","valueRequired":true,"valueName":"search_term_string"}}],"inLanguage":"lv-LV"},{"@type":"Organization","@id":"https:\/\/kidsplay.lt\/#organization","name":"B\u0113rnu sp\u0113le","url":"https:\/\/kidsplay.lt\/","logo":{"@type":"ImageObject","inLanguage":"lv-LV","@id":"https:\/\/kidsplay.lt\/#\/schema\/logo\/image\/","url":"https:\/\/kidsplay.lt\/wp-content\/uploads\/2023\/07\/kidsplay-logo.png","contentUrl":"https:\/\/kidsplay.lt\/wp-content\/uploads\/2023\/07\/kidsplay-logo.png","width":451,"height":98,"caption":"KidsPlay"},"image":{"@id":"https:\/\/kidsplay.lt\/#\/schema\/logo\/image\/"},"sameAs":["https:\/\/www.facebook.com\/www.kidsplay.lt"]}]}},"_links":{"self":[{"href":"https:\/\/kidsplay.lt\/lv\/wp-json\/wp\/v2\/product\/89559","targetHints":{"allow":["GET"]}}],"collection":[{"href":"https:\/\/kidsplay.lt\/lv\/wp-json\/wp\/v2\/product"}],"about":[{"href":"https:\/\/kidsplay.lt\/lv\/wp-json\/wp\/v2\/types\/product"}],"version-history":[{"count":1,"href":"https:\/\/kidsplay.lt\/lv\/wp-json\/wp\/v2\/product\/89559\/revisions"}],"predecessor-version":[{"id":89560,"href":"https:\/\/kidsplay.lt\/lv\/wp-json\/wp\/v2\/product\/89559\/revisions\/89560"}],"wp:featuredmedia":[{"embeddable":true,"href":"https:\/\/kidsplay.lt\/lv\/wp-json\/wp\/v2\/media\/67506"}],"wp:attachment":[{"href":"https:\/\/kidsplay.lt\/lv\/wp-json\/wp\/v2\/media?parent=89559"}],"wp:term":[{"taxonomy":"product_brand","embeddable":true,"href":"https:\/\/kidsplay.lt\/lv\/wp-json\/wp\/v2\/product_brand?post=89559"},{"taxonomy":"product_cat","embeddable":true,"href":"https:\/\/kidsplay.lt\/lv\/wp-json\/wp\/v2\/product_cat?post=89559"},{"taxonomy":"product_tag","embeddable":true,"href":"https:\/\/kidsplay.lt\/lv\/wp-json\/wp\/v2\/product_tag?post=89559"}],"curies":[{"name":"wp","href":"https:\/\/api.w.org\/{rel}","templated":true}]}}