{"id":89561,"date":"2026-02-26T09:24:18","date_gmt":"2026-02-26T07:24:18","guid":{"rendered":"https:\/\/kidsplay.lt\/produktas\/montessori-zaidimas-emociju-mokymasis\/"},"modified":"2026-04-13T15:01:13","modified_gmt":"2026-04-13T12:01:13","slug":"montessori-zaidimas-emociju-mokymasis","status":"publish","type":"product","link":"https:\/\/kidsplay.lt\/lv\/products\/montessori-zaidimas-emociju-mokymasis\/","title":{"rendered":"Montessori \u017eaidimas &#8211; emocij\u0173 mokymasis"},"content":{"rendered":"<p>Rankin\u0117 mokomoji lenta\u00a0\u00a0lavina vaik\u0173 emocin\u012f intelekt\u0105 ir moko atpa\u017einti emocijas ir jausmus,\u00a0\u012fskaitant:\u00a0baim\u0119,\u00a0d\u017eiaugsm\u0105\u00a0, li\u016bdes\u012f ir pykt\u012f.<\/p>\n<p>Lenta susideda i\u0161 4 kalad\u0117li\u0173,\u00a0\u00a0su kuriais vaikas gali sukomponuoti net 64 skirtingus veidus, i\u0161rei\u0161kian\u010dius skirtingus jausmus.\u00a0\u00a0Su \u0161ia lenta atliekami pratimai\u00a0\u00a0suteikia puikias\u00a0\u00a0galimybes i\u0161mokyti vaikus tinkamo\u00a0\u00a0emocij\u0173 valdymo,\u00a0\u00a0kaip elgtis su emocijomis ir k\u0105 jos rei\u0161kia.\u00a0\u00a0Produktas\u00a0tinka individualiam darbui tiek namuose, tiek specializuotuose biuruose.<\/p>\n<p>1 pratimas<\/p>\n<p>Susukite kauliuk\u0105 A. Papra\u0161ykite vaiko sud\u0117ti 4 medines kalad\u0117les taip, kad jo veido i\u0161rai\u0161ka atitikt\u0173 kauliuko ra\u0161t\u0105. Tai geras pratimas vaikui steb\u0117ti, kaip poky\u010diai m\u016bs\u0173 akyse, burnoje ir pan. paveiks m\u016bs\u0173 emocijas.<\/p>\n<p>2 pratimas<\/p>\n<p>Papra\u0161ykite vaiko panaudoti 4 medines kalad\u0117les ir sud\u0117liokite jas, kad \u0161iandien parodyt\u0173 savo emocijas. Tai paskatins j\u016bs\u0173 vaik\u0105 i\u0161reik\u0161ti savo jausmus, kad t\u0117vai ir mokytojai gal\u0117t\u0173 juos geriau suprasti. Dar svarbiau, kad mes taip pat galime i\u0161mokyti juos valdyti emocijas, kaip elgtis su emocijomis, k\u0105 jos rei\u0161kia.<\/p>\n<p>3 pratimas<\/p>\n<p>I\u0161mesk antr\u0105 kauliuk\u0105. Papra\u0161ykite vaik\u0173 i\u0161d\u0117lioti 4 medines kalad\u0117les, kad parodyt\u0173, kokias emocijas jie jau\u010dia susid\u016br\u0119 su situacija, parodyta ant kubo. Yra 6 skirtingos situacijos ir vaikai gali skirtingai reaguoti \u012f t\u0105 pa\u010di\u0105 situacij\u0105. Pavyzd\u017eiui, jei vaikai pamatys \u0161un\u012f, kai kurie bus labai laimingi, nes myli gyv\u016bnus. Ta\u010diau kai kurie bijo, nes bijo \u0161un\u0173. T\u0117vai ar mokytojai tur\u0117t\u0173 paklausti vaik\u0173, kod\u0117l jie reaguoja \u012f toki\u0105 situacij\u0105. Tai labai geras pratimas tarp vaik\u0173 ir suaugusi\u0173j\u0173, leid\u017eiantis geriau suprasti vaikus. Tai taip pat suteikia suaugusiems puiki\u0173 galimybi\u0173 i\u0161mokyti savo vaikus tinkamai valdyti savo emocijas.<\/p>\n<p>4 pratimas<\/p>\n<p>Emociniame ugdyme taip pat svarbu, kad m\u016bs\u0173 vaikai \u017einot\u0173 ir suprast\u0173 kit\u0173 jausmus. Tai vienas i\u0161 pagrindini\u0173 \u012fg\u016bd\u017ei\u0173, kuri\u0173 vaikai tur\u0117s i\u0161mokti. Galime papra\u0161yti vaiko atsp\u0117ti kito vaiko jausmus ir naudoti 4 medinius strypus veido i\u0161rai\u0161koms gauti.<\/p>\n<p>\u017daislas pagamintas tik i\u0161 med\u017eio. Pasirink\u0119\u00a0Masterkidz\u00a0medinius \u017eaislus\u00a0\u00a0r\u016bpinat\u0117s aplinka ir suma\u017einate plastiko atliek\u0173 susidarym\u0105.<\/p>","protected":false},"excerpt":{"rendered":"<p>Rankin\u0117 mokomoji lenta\u00a0\u00a0lavina vaik\u0173 emocin\u012f intelekt\u0105 ir moko atpa\u017einti emocijas ir jausmus,\u00a0\u012fskaitant:\u00a0baim\u0119,\u00a0d\u017eiaugsm\u0105\u00a0, li\u016bdes\u012f ir pykt\u012f. Lenta susideda i\u0161 4 kalad\u0117li\u0173,\u00a0\u00a0su<\/p>","protected":false},"featured_media":55348,"template":"","meta":{"_acf_changed":false,"_glsr_average":0,"_glsr_ranking":0,"_glsr_reviews":0},"product_brand":[],"product_cat":[673],"product_tag":[],"class_list":{"0":"post-89561","1":"product","2":"type-product","3":"status-publish","4":"has-post-thumbnail","6":"product_cat-ugdomosios-priemones","7":"\"style=\"background-color: #2ecc711c;\"","9":"first","10":"instock","11":"purchasable","12":"product-type-simple"},"acf":[],"yoast_head":"<!-- This site is optimized with the Yoast SEO plugin v27.4 - https:\/\/yoast.com\/product\/yoast-seo-wordpress\/ -->\n<title>Montessori \u017eaidimas &#8211; emocij\u0173 mokymasis<\/title>\n<meta name=\"description\" content=\"Montessori \u017eaidimas &#8211; emocij\u0173 mokymasis - KidsPlay. Did\u017eiausias vaik\u0173 \u017eaisl\u0173 pasirinkimas.\" \/>\n<meta name=\"robots\" content=\"index, follow, max-snippet:-1, max-image-preview:large, max-video-preview:-1\" \/>\n<link rel=\"canonical\" href=\"https:\/\/kidsplay.lt\/lv\/products\/montessori-zaidimas-emociju-mokymasis\/\" \/>\n<meta property=\"og:locale\" content=\"lv_LV\" \/>\n<meta property=\"og:type\" content=\"article\" \/>\n<meta property=\"og:title\" content=\"Montessori \u017eaidimas &#8211; emocij\u0173 mokymasis\" \/>\n<meta property=\"og:description\" content=\"Montessori \u017eaidimas &#8211; emocij\u0173 mokymasis - KidsPlay. Did\u017eiausias vaik\u0173 \u017eaisl\u0173 pasirinkimas.\" \/>\n<meta property=\"og:url\" content=\"https:\/\/kidsplay.lt\/lv\/products\/montessori-zaidimas-emociju-mokymasis\/\" \/>\n<meta property=\"og:site_name\" content=\"KidsPlay\" \/>\n<meta property=\"article:publisher\" content=\"https:\/\/www.facebook.com\/www.kidsplay.lt\" \/>\n<meta property=\"article:modified_time\" content=\"2026-04-13T12:01:13+00:00\" \/>\n<meta property=\"og:image\" content=\"https:\/\/kidsplay.lt\/wp-content\/uploads\/2024\/09\/Montessori-zaidimas-\u2013-emociju-mokymasis.jpg\" \/>\n\t<meta property=\"og:image:width\" content=\"2000\" \/>\n\t<meta property=\"og:image:height\" content=\"1832\" \/>\n\t<meta property=\"og:image:type\" content=\"image\/jpeg\" \/>\n<meta name=\"twitter:card\" content=\"summary_large_image\" \/>\n<meta name=\"twitter:label1\" content=\"Est. reading time\" \/>\n\t<meta name=\"twitter:data1\" content=\"2 min\u016btes\" \/>\n<script type=\"application\/ld+json\" class=\"yoast-schema-graph\">{\"@context\":\"https:\\\/\\\/schema.org\",\"@graph\":[{\"@type\":\"WebPage\",\"@id\":\"https:\\\/\\\/kidsplay.lt\\\/produktas\\\/montessori-zaidimas-emociju-mokymasis\\\/\",\"url\":\"https:\\\/\\\/kidsplay.lt\\\/produktas\\\/montessori-zaidimas-emociju-mokymasis\\\/\",\"name\":\"Montessori \u017eaidimas &#8211; emocij\u0173 mokymasis\",\"isPartOf\":{\"@id\":\"https:\\\/\\\/kidsplay.lt\\\/#website\"},\"primaryImageOfPage\":{\"@id\":\"https:\\\/\\\/kidsplay.lt\\\/produktas\\\/montessori-zaidimas-emociju-mokymasis\\\/#primaryimage\"},\"image\":{\"@id\":\"https:\\\/\\\/kidsplay.lt\\\/produktas\\\/montessori-zaidimas-emociju-mokymasis\\\/#primaryimage\"},\"thumbnailUrl\":\"https:\\\/\\\/kidsplay.lt\\\/wp-content\\\/uploads\\\/2024\\\/09\\\/Montessori-zaidimas-\u2013-emociju-mokymasis.jpg\",\"datePublished\":\"2026-02-26T07:24:18+00:00\",\"dateModified\":\"2026-04-13T12:01:13+00:00\",\"description\":\"Montessori \u017eaidimas &#8211; emocij\u0173 mokymasis - KidsPlay. Did\u017eiausias vaik\u0173 \u017eaisl\u0173 pasirinkimas.\",\"breadcrumb\":{\"@id\":\"https:\\\/\\\/kidsplay.lt\\\/produktas\\\/montessori-zaidimas-emociju-mokymasis\\\/#breadcrumb\"},\"inLanguage\":\"lv-LV\",\"potentialAction\":[{\"@type\":\"ReadAction\",\"target\":[\"https:\\\/\\\/kidsplay.lt\\\/produktas\\\/montessori-zaidimas-emociju-mokymasis\\\/\"]}]},{\"@type\":\"ImageObject\",\"inLanguage\":\"lv-LV\",\"@id\":\"https:\\\/\\\/kidsplay.lt\\\/produktas\\\/montessori-zaidimas-emociju-mokymasis\\\/#primaryimage\",\"url\":\"https:\\\/\\\/kidsplay.lt\\\/wp-content\\\/uploads\\\/2024\\\/09\\\/Montessori-zaidimas-\u2013-emociju-mokymasis.jpg\",\"contentUrl\":\"https:\\\/\\\/kidsplay.lt\\\/wp-content\\\/uploads\\\/2024\\\/09\\\/Montessori-zaidimas-\u2013-emociju-mokymasis.jpg\",\"width\":2000,\"height\":1832,\"caption\":\"Montessori \u017eaidimas &#8211; emocij\u0173 mokymasis\"},{\"@type\":\"BreadcrumbList\",\"@id\":\"https:\\\/\\\/kidsplay.lt\\\/produktas\\\/montessori-zaidimas-emociju-mokymasis\\\/#breadcrumb\",\"itemListElement\":[{\"@type\":\"ListItem\",\"position\":1,\"name\":\"Pagrindinis\",\"item\":\"https:\\\/\\\/kidsplay.lt\\\/\"},{\"@type\":\"ListItem\",\"position\":2,\"name\":\"Parduotuv\u0117\",\"item\":\"https:\\\/\\\/kidsplay.lt\\\/parduotuve\\\/\"},{\"@type\":\"ListItem\",\"position\":3,\"name\":\"Montessori \u017eaidimas &#8211; emocij\u0173 mokymasis\"}]},{\"@type\":\"WebSite\",\"@id\":\"https:\\\/\\\/kidsplay.lt\\\/#website\",\"url\":\"https:\\\/\\\/kidsplay.lt\\\/\",\"name\":\"Kidsplay.lt\",\"description\":\"\u012evairios prek\u0117s vaikams\",\"publisher\":{\"@id\":\"https:\\\/\\\/kidsplay.lt\\\/#organization\"},\"alternateName\":\"Kidsplay\",\"potentialAction\":[{\"@type\":\"SearchAction\",\"target\":{\"@type\":\"EntryPoint\",\"urlTemplate\":\"https:\\\/\\\/kidsplay.lt\\\/?s={search_term_string}\"},\"query-input\":{\"@type\":\"PropertyValueSpecification\",\"valueRequired\":true,\"valueName\":\"search_term_string\"}}],\"inLanguage\":\"lv-LV\"},{\"@type\":\"Organization\",\"@id\":\"https:\\\/\\\/kidsplay.lt\\\/#organization\",\"name\":\"KidsPlay\",\"url\":\"https:\\\/\\\/kidsplay.lt\\\/\",\"logo\":{\"@type\":\"ImageObject\",\"inLanguage\":\"lv-LV\",\"@id\":\"https:\\\/\\\/kidsplay.lt\\\/#\\\/schema\\\/logo\\\/image\\\/\",\"url\":\"https:\\\/\\\/kidsplay.lt\\\/wp-content\\\/uploads\\\/2023\\\/07\\\/kidsplay-logo.png\",\"contentUrl\":\"https:\\\/\\\/kidsplay.lt\\\/wp-content\\\/uploads\\\/2023\\\/07\\\/kidsplay-logo.png\",\"width\":451,\"height\":98,\"caption\":\"KidsPlay\"},\"image\":{\"@id\":\"https:\\\/\\\/kidsplay.lt\\\/#\\\/schema\\\/logo\\\/image\\\/\"},\"sameAs\":[\"https:\\\/\\\/www.facebook.com\\\/www.kidsplay.lt\"]}]}<\/script>\n<!-- \/ Yoast SEO plugin. -->","yoast_head_json":{"title":"Montessori \u017eaidimas &#8211; emocij\u0173 mokymasis","description":"Montessori \u017eaidimas &#8211; emocij\u0173 mokymasis - KidsPlay. Did\u017eiausias vaik\u0173 \u017eaisl\u0173 pasirinkimas.","robots":{"index":"index","follow":"follow","max-snippet":"max-snippet:-1","max-image-preview":"max-image-preview:large","max-video-preview":"max-video-preview:-1"},"canonical":"https:\/\/kidsplay.lt\/lv\/products\/montessori-zaidimas-emociju-mokymasis\/","og_locale":"lv_LV","og_type":"article","og_title":"Montessori \u017eaidimas &#8211; emocij\u0173 mokymasis","og_description":"Montessori \u017eaidimas &#8211; emocij\u0173 mokymasis - KidsPlay. Did\u017eiausias vaik\u0173 \u017eaisl\u0173 pasirinkimas.","og_url":"https:\/\/kidsplay.lt\/lv\/products\/montessori-zaidimas-emociju-mokymasis\/","og_site_name":"KidsPlay","article_publisher":"https:\/\/www.facebook.com\/www.kidsplay.lt","article_modified_time":"2026-04-13T12:01:13+00:00","og_image":[{"width":2000,"height":1832,"url":"https:\/\/kidsplay.lt\/wp-content\/uploads\/2024\/09\/Montessori-zaidimas-\u2013-emociju-mokymasis.jpg","type":"image\/jpeg"}],"twitter_card":"summary_large_image","twitter_misc":{"Est. reading time":"2 min\u016btes"},"schema":{"@context":"https:\/\/schema.org","@graph":[{"@type":"WebPage","@id":"https:\/\/kidsplay.lt\/produktas\/montessori-zaidimas-emociju-mokymasis\/","url":"https:\/\/kidsplay.lt\/produktas\/montessori-zaidimas-emociju-mokymasis\/","name":"Montessori \u017eaidimas &#8211; emocij\u0173 mokymasis","isPartOf":{"@id":"https:\/\/kidsplay.lt\/#website"},"primaryImageOfPage":{"@id":"https:\/\/kidsplay.lt\/produktas\/montessori-zaidimas-emociju-mokymasis\/#primaryimage"},"image":{"@id":"https:\/\/kidsplay.lt\/produktas\/montessori-zaidimas-emociju-mokymasis\/#primaryimage"},"thumbnailUrl":"https:\/\/kidsplay.lt\/wp-content\/uploads\/2024\/09\/Montessori-zaidimas-\u2013-emociju-mokymasis.jpg","datePublished":"2026-02-26T07:24:18+00:00","dateModified":"2026-04-13T12:01:13+00:00","description":"Montessori \u017eaidimas &#8211; emocij\u0173 mokymasis - KidsPlay. Did\u017eiausias vaik\u0173 \u017eaisl\u0173 pasirinkimas.","breadcrumb":{"@id":"https:\/\/kidsplay.lt\/produktas\/montessori-zaidimas-emociju-mokymasis\/#breadcrumb"},"inLanguage":"lv-LV","potentialAction":[{"@type":"ReadAction","target":["https:\/\/kidsplay.lt\/produktas\/montessori-zaidimas-emociju-mokymasis\/"]}]},{"@type":"ImageObject","inLanguage":"lv-LV","@id":"https:\/\/kidsplay.lt\/produktas\/montessori-zaidimas-emociju-mokymasis\/#primaryimage","url":"https:\/\/kidsplay.lt\/wp-content\/uploads\/2024\/09\/Montessori-zaidimas-\u2013-emociju-mokymasis.jpg","contentUrl":"https:\/\/kidsplay.lt\/wp-content\/uploads\/2024\/09\/Montessori-zaidimas-\u2013-emociju-mokymasis.jpg","width":2000,"height":1832,"caption":"Montessori \u017eaidimas &#8211; emocij\u0173 mokymasis"},{"@type":"BreadcrumbList","@id":"https:\/\/kidsplay.lt\/produktas\/montessori-zaidimas-emociju-mokymasis\/#breadcrumb","itemListElement":[{"@type":"ListItem","position":1,"name":"Pagrindinis","item":"https:\/\/kidsplay.lt\/"},{"@type":"ListItem","position":2,"name":"Parduotuv\u0117","item":"https:\/\/kidsplay.lt\/parduotuve\/"},{"@type":"ListItem","position":3,"name":"Montessori \u017eaidimas &#8211; emocij\u0173 mokymasis"}]},{"@type":"WebSite","@id":"https:\/\/kidsplay.lt\/#website","url":"https:\/\/kidsplay.lt\/","name":"B\u0113rnu sp\u0113les.lv","description":"\u012evairios prek\u0117s vaikams","publisher":{"@id":"https:\/\/kidsplay.lt\/#organization"},"alternateName":"Kidsplay","potentialAction":[{"@type":"SearchAction","target":{"@type":"EntryPoint","urlTemplate":"https:\/\/kidsplay.lt\/?s={search_term_string}"},"query-input":{"@type":"PropertyValueSpecification","valueRequired":true,"valueName":"search_term_string"}}],"inLanguage":"lv-LV"},{"@type":"Organization","@id":"https:\/\/kidsplay.lt\/#organization","name":"B\u0113rnu sp\u0113le","url":"https:\/\/kidsplay.lt\/","logo":{"@type":"ImageObject","inLanguage":"lv-LV","@id":"https:\/\/kidsplay.lt\/#\/schema\/logo\/image\/","url":"https:\/\/kidsplay.lt\/wp-content\/uploads\/2023\/07\/kidsplay-logo.png","contentUrl":"https:\/\/kidsplay.lt\/wp-content\/uploads\/2023\/07\/kidsplay-logo.png","width":451,"height":98,"caption":"KidsPlay"},"image":{"@id":"https:\/\/kidsplay.lt\/#\/schema\/logo\/image\/"},"sameAs":["https:\/\/www.facebook.com\/www.kidsplay.lt"]}]}},"_links":{"self":[{"href":"https:\/\/kidsplay.lt\/lv\/wp-json\/wp\/v2\/product\/89561","targetHints":{"allow":["GET"]}}],"collection":[{"href":"https:\/\/kidsplay.lt\/lv\/wp-json\/wp\/v2\/product"}],"about":[{"href":"https:\/\/kidsplay.lt\/lv\/wp-json\/wp\/v2\/types\/product"}],"version-history":[{"count":1,"href":"https:\/\/kidsplay.lt\/lv\/wp-json\/wp\/v2\/product\/89561\/revisions"}],"predecessor-version":[{"id":89562,"href":"https:\/\/kidsplay.lt\/lv\/wp-json\/wp\/v2\/product\/89561\/revisions\/89562"}],"wp:featuredmedia":[{"embeddable":true,"href":"https:\/\/kidsplay.lt\/lv\/wp-json\/wp\/v2\/media\/55348"}],"wp:attachment":[{"href":"https:\/\/kidsplay.lt\/lv\/wp-json\/wp\/v2\/media?parent=89561"}],"wp:term":[{"taxonomy":"product_brand","embeddable":true,"href":"https:\/\/kidsplay.lt\/lv\/wp-json\/wp\/v2\/product_brand?post=89561"},{"taxonomy":"product_cat","embeddable":true,"href":"https:\/\/kidsplay.lt\/lv\/wp-json\/wp\/v2\/product_cat?post=89561"},{"taxonomy":"product_tag","embeddable":true,"href":"https:\/\/kidsplay.lt\/lv\/wp-json\/wp\/v2\/product_tag?post=89561"}],"curies":[{"name":"wp","href":"https:\/\/api.w.org\/{rel}","templated":true}]}}