{"id":89573,"date":"2026-02-26T09:24:33","date_gmt":"2026-02-26T07:24:33","guid":{"rendered":"https:\/\/kidsplay.lt\/produktas\/masterkidz-magnetines-traukos-mokymasis-flex-montessori-sienine-lenta\/"},"modified":"2026-04-07T10:39:55","modified_gmt":"2026-04-07T07:39:55","slug":"masterkidz-magnetines-traukos-mokymasis-flex-montessori-sienine-lenta","status":"publish","type":"product","link":"https:\/\/kidsplay.lt\/lv\/products\/masterkidz-magnetines-traukos-mokymasis-flex-montessori-sienine-lenta\/","title":{"rendered":"MASTERKIDZ magn\u0113tisk\u0101s pievilk\u0161an\u0101s apm\u0101c\u012bba \u2013 Flex Montessori sienas t\u0101fele"},"content":{"rendered":"<p>Magnetas yra \u017eavus daiktas, kuris patraukia kiekvieno ma\u017eylio d\u0117mes\u012f. Su \u0161iuo fantasti\u0161ku edukaciniu \u017eaislu j\u016bs\u0173 vaikas su\u017einos, kaip veikia magnetas, k\u0105 jis gali ir ko negali pritraukti, ir kas yra poliai ir st\u016bma.<\/p>\n<p>\u201eMasterkidz\u201c\u00a0edukacin\u0117je lentoje\u00a0yra konteineri\u0173 su \u012fvairiomis med\u017eiagomis ir magnetais, kuriuos galima naudoti norint patikrinti, kurios med\u017eiagos pritrauks, o kurios ne. Eksperimentuodami vaikai gali su\u017einoti, kas traukia magnetus.<\/p>\n<p>Dar vienas fantasti\u0161kas bruo\u017eas \u2013 stulpas, kurio vir\u0161uje ir apa\u010dioje yra magnet\u0173, leid\u017eian\u010di\u0173 viduje esan\u010diam magnetui i\u0161likti pakibusiam. Atrodo, lyg jis levituot\u0173 ka\u017ekokio magi\u0161ko burta\u017eod\u017eio d\u0117ka. Ta\u010diau tai gryna fizika.<\/p>\n<p>Lentoje taip pat yra vamzdelis, pripildytas gele\u017eies dro\u017eli\u0173. Dro\u017el\u0117s gra\u017eiai seka magnet\u0105, o tai labai malonu akiai. Vaikai gali smagiai steb\u0117ti, kaip dro\u017el\u0117s gra\u017eiai i\u0161sid\u0117sto.<\/p>\n<p>\u201eMasterkidz\u201c \u017eaislai\u00a0\u00a0\u2013 tai auk\u0161tos kokyb\u0117s, patvar\u016bs ir saug\u016bs mediniai lavinamieji \u017eaislai. Sukurti ir pritaikyti \u012fvairiems vaik\u0173 raidos etapams. K\u016brybi\u0161kas, nuotyki\u0173 kupinas ir lavinamasis \u017eaidimas \u2013 tai pagrindiniai \u0161io prek\u0117s \u017eenklo \u017eaisl\u0173 privalumai. Jie suteikia ne\u012fkainojam\u0105 param\u0105 Montessori metodui. Geriausias pasirinkimas namams, dar\u017eeliui, vie\u0161bu\u010diui ar restoranui. Sukurkite tobul\u0105 \u017eaidim\u0173 kampel\u012f arba didelio formato edukacin\u0119 sien\u0105. Si\u016blome prie sienos tvirtinamas ir mobilias lentas, \u0161viesos stalus, da\u017eymo paneles, teminius mokymosi modulius ir daug daugiau. Ne\u012ftik\u0117tinas pried\u0173 skai\u010dius ir begalin\u0117s galimyb\u0117s k\u016brybi\u0161kam \u017eaidimui.<\/p>","protected":false},"excerpt":{"rendered":"<p>Magnetas yra \u017eavus daiktas, kuris patraukia kiekvieno ma\u017eylio d\u0117mes\u012f. Su \u0161iuo fantasti\u0161ku edukaciniu \u017eaislu j\u016bs\u0173 vaikas su\u017einos, kaip veikia magnetas,<\/p>","protected":false},"featured_media":67540,"template":"","meta":{"_acf_changed":false,"_glsr_average":0,"_glsr_ranking":0,"_glsr_reviews":0},"product_brand":[],"product_cat":[673,229],"product_tag":[],"class_list":{"0":"post-89573","1":"product","2":"type-product","3":"status-publish","4":"has-post-thumbnail","6":"product_cat-ugdomosios-priemones","7":"product_cat-zaislai-vaikams","8":"\"style=\"background-color: #2ecc711c;\"","10":"first","11":"instock","12":"purchasable","13":"product-type-simple"},"acf":[],"yoast_head":"<!-- This site is optimized with the Yoast SEO plugin v27.3 - https:\/\/yoast.com\/product\/yoast-seo-wordpress\/ -->\n<title>MASTERKIDZ Magnetin\u0117s traukos mokymasis \u2013 \u201eFlex Montessori\u201c sienin\u0117 lenta<\/title>\n<meta name=\"description\" content=\"MASTERKIDZ Magnetin\u0117s traukos mokymasis \u2013 \u201eFlex Montessori\u201c sienin\u0117 lenta - KidsPlay. Did\u017eiausias vaik\u0173 \u017eaisl\u0173 pasirinkimas.\" \/>\n<meta name=\"robots\" content=\"index, follow, max-snippet:-1, max-image-preview:large, max-video-preview:-1\" \/>\n<link rel=\"canonical\" href=\"https:\/\/kidsplay.lt\/lv\/products\/masterkidz-magnetines-traukos-mokymasis-flex-montessori-sienine-lenta\/\" \/>\n<meta property=\"og:locale\" content=\"lv_LV\" \/>\n<meta property=\"og:type\" content=\"article\" \/>\n<meta property=\"og:title\" content=\"MASTERKIDZ Magnetin\u0117s traukos mokymasis \u2013 \u201eFlex Montessori\u201c sienin\u0117 lenta\" \/>\n<meta property=\"og:description\" content=\"MASTERKIDZ Magnetin\u0117s traukos mokymasis \u2013 \u201eFlex Montessori\u201c sienin\u0117 lenta - KidsPlay. Did\u017eiausias vaik\u0173 \u017eaisl\u0173 pasirinkimas.\" \/>\n<meta property=\"og:url\" content=\"https:\/\/kidsplay.lt\/lv\/products\/masterkidz-magnetines-traukos-mokymasis-flex-montessori-sienine-lenta\/\" \/>\n<meta property=\"og:site_name\" content=\"KidsPlay\" \/>\n<meta property=\"article:publisher\" content=\"https:\/\/www.facebook.com\/www.kidsplay.lt\" \/>\n<meta property=\"article:modified_time\" content=\"2026-04-07T07:39:55+00:00\" \/>\n<meta property=\"og:image\" content=\"https:\/\/kidsplay.lt\/wp-content\/uploads\/2025\/09\/MASTERKIDZ-Magnetines-traukos-mokymasis-\u2013-\u201eFlex-Montessori-sienine-lenta.jpg\" \/>\n\t<meta property=\"og:image:width\" content=\"2500\" \/>\n\t<meta property=\"og:image:height\" content=\"2500\" \/>\n\t<meta property=\"og:image:type\" content=\"image\/jpeg\" \/>\n<meta name=\"twitter:card\" content=\"summary_large_image\" \/>\n<meta name=\"twitter:label1\" content=\"Est. reading time\" \/>\n\t<meta name=\"twitter:data1\" content=\"1 min\u016bte\" \/>\n<script type=\"application\/ld+json\" class=\"yoast-schema-graph\">{\"@context\":\"https:\\\/\\\/schema.org\",\"@graph\":[{\"@type\":\"WebPage\",\"@id\":\"https:\\\/\\\/kidsplay.lt\\\/produktas\\\/masterkidz-magnetines-traukos-mokymasis-flex-montessori-sienine-lenta\\\/\",\"url\":\"https:\\\/\\\/kidsplay.lt\\\/produktas\\\/masterkidz-magnetines-traukos-mokymasis-flex-montessori-sienine-lenta\\\/\",\"name\":\"MASTERKIDZ Magnetin\u0117s traukos mokymasis \u2013 \u201eFlex Montessori\u201c sienin\u0117 lenta\",\"isPartOf\":{\"@id\":\"https:\\\/\\\/kidsplay.lt\\\/#website\"},\"primaryImageOfPage\":{\"@id\":\"https:\\\/\\\/kidsplay.lt\\\/produktas\\\/masterkidz-magnetines-traukos-mokymasis-flex-montessori-sienine-lenta\\\/#primaryimage\"},\"image\":{\"@id\":\"https:\\\/\\\/kidsplay.lt\\\/produktas\\\/masterkidz-magnetines-traukos-mokymasis-flex-montessori-sienine-lenta\\\/#primaryimage\"},\"thumbnailUrl\":\"https:\\\/\\\/kidsplay.lt\\\/wp-content\\\/uploads\\\/2025\\\/09\\\/MASTERKIDZ-Magnetines-traukos-mokymasis-\u2013-\u201eFlex-Montessori-sienine-lenta.jpg\",\"datePublished\":\"2026-02-26T07:24:33+00:00\",\"dateModified\":\"2026-04-07T07:39:55+00:00\",\"description\":\"MASTERKIDZ Magnetin\u0117s traukos mokymasis \u2013 \u201eFlex Montessori\u201c sienin\u0117 lenta - KidsPlay. Did\u017eiausias vaik\u0173 \u017eaisl\u0173 pasirinkimas.\",\"breadcrumb\":{\"@id\":\"https:\\\/\\\/kidsplay.lt\\\/produktas\\\/masterkidz-magnetines-traukos-mokymasis-flex-montessori-sienine-lenta\\\/#breadcrumb\"},\"inLanguage\":\"lv-LV\",\"potentialAction\":[{\"@type\":\"ReadAction\",\"target\":[\"https:\\\/\\\/kidsplay.lt\\\/produktas\\\/masterkidz-magnetines-traukos-mokymasis-flex-montessori-sienine-lenta\\\/\"]}]},{\"@type\":\"ImageObject\",\"inLanguage\":\"lv-LV\",\"@id\":\"https:\\\/\\\/kidsplay.lt\\\/produktas\\\/masterkidz-magnetines-traukos-mokymasis-flex-montessori-sienine-lenta\\\/#primaryimage\",\"url\":\"https:\\\/\\\/kidsplay.lt\\\/wp-content\\\/uploads\\\/2025\\\/09\\\/MASTERKIDZ-Magnetines-traukos-mokymasis-\u2013-\u201eFlex-Montessori-sienine-lenta.jpg\",\"contentUrl\":\"https:\\\/\\\/kidsplay.lt\\\/wp-content\\\/uploads\\\/2025\\\/09\\\/MASTERKIDZ-Magnetines-traukos-mokymasis-\u2013-\u201eFlex-Montessori-sienine-lenta.jpg\",\"width\":2500,\"height\":2500,\"caption\":\"MASTERKIDZ Magnetin\u0117s traukos mokymasis \u2013 \u201eFlex Montessori\u201c sienin\u0117 lenta\"},{\"@type\":\"BreadcrumbList\",\"@id\":\"https:\\\/\\\/kidsplay.lt\\\/produktas\\\/masterkidz-magnetines-traukos-mokymasis-flex-montessori-sienine-lenta\\\/#breadcrumb\",\"itemListElement\":[{\"@type\":\"ListItem\",\"position\":1,\"name\":\"Pagrindinis\",\"item\":\"https:\\\/\\\/kidsplay.lt\\\/\"},{\"@type\":\"ListItem\",\"position\":2,\"name\":\"Parduotuv\u0117\",\"item\":\"https:\\\/\\\/kidsplay.lt\\\/parduotuve\\\/\"},{\"@type\":\"ListItem\",\"position\":3,\"name\":\"MASTERKIDZ Magnetin\u0117s traukos mokymasis \u2013 \u201eFlex Montessori\u201c sienin\u0117 lenta\"}]},{\"@type\":\"WebSite\",\"@id\":\"https:\\\/\\\/kidsplay.lt\\\/#website\",\"url\":\"https:\\\/\\\/kidsplay.lt\\\/\",\"name\":\"Kidsplay.lt\",\"description\":\"\u012evairios prek\u0117s vaikams\",\"publisher\":{\"@id\":\"https:\\\/\\\/kidsplay.lt\\\/#organization\"},\"alternateName\":\"Kidsplay\",\"potentialAction\":[{\"@type\":\"SearchAction\",\"target\":{\"@type\":\"EntryPoint\",\"urlTemplate\":\"https:\\\/\\\/kidsplay.lt\\\/?s={search_term_string}\"},\"query-input\":{\"@type\":\"PropertyValueSpecification\",\"valueRequired\":true,\"valueName\":\"search_term_string\"}}],\"inLanguage\":\"lv-LV\"},{\"@type\":\"Organization\",\"@id\":\"https:\\\/\\\/kidsplay.lt\\\/#organization\",\"name\":\"KidsPlay\",\"url\":\"https:\\\/\\\/kidsplay.lt\\\/\",\"logo\":{\"@type\":\"ImageObject\",\"inLanguage\":\"lv-LV\",\"@id\":\"https:\\\/\\\/kidsplay.lt\\\/#\\\/schema\\\/logo\\\/image\\\/\",\"url\":\"https:\\\/\\\/kidsplay.lt\\\/wp-content\\\/uploads\\\/2023\\\/07\\\/kidsplay-logo.png\",\"contentUrl\":\"https:\\\/\\\/kidsplay.lt\\\/wp-content\\\/uploads\\\/2023\\\/07\\\/kidsplay-logo.png\",\"width\":451,\"height\":98,\"caption\":\"KidsPlay\"},\"image\":{\"@id\":\"https:\\\/\\\/kidsplay.lt\\\/#\\\/schema\\\/logo\\\/image\\\/\"},\"sameAs\":[\"https:\\\/\\\/www.facebook.com\\\/www.kidsplay.lt\"]}]}<\/script>\n<!-- \/ Yoast SEO plugin. -->","yoast_head_json":{"title":"MASTERKIDZ magn\u0113tisk\u0101s pievilk\u0161an\u0101s apm\u0101c\u012bba \u2013 Flex Montessori sienas t\u0101fele","description":"MASTERKIDZ Magnetin\u0117s traukos mokymasis \u2013 \u201eFlex Montessori\u201c sienin\u0117 lenta - KidsPlay. Did\u017eiausias vaik\u0173 \u017eaisl\u0173 pasirinkimas.","robots":{"index":"index","follow":"follow","max-snippet":"max-snippet:-1","max-image-preview":"max-image-preview:large","max-video-preview":"max-video-preview:-1"},"canonical":"https:\/\/kidsplay.lt\/lv\/products\/masterkidz-magnetines-traukos-mokymasis-flex-montessori-sienine-lenta\/","og_locale":"lv_LV","og_type":"article","og_title":"MASTERKIDZ Magnetin\u0117s traukos mokymasis \u2013 \u201eFlex Montessori\u201c sienin\u0117 lenta","og_description":"MASTERKIDZ Magnetin\u0117s traukos mokymasis \u2013 \u201eFlex Montessori\u201c sienin\u0117 lenta - KidsPlay. Did\u017eiausias vaik\u0173 \u017eaisl\u0173 pasirinkimas.","og_url":"https:\/\/kidsplay.lt\/lv\/products\/masterkidz-magnetines-traukos-mokymasis-flex-montessori-sienine-lenta\/","og_site_name":"KidsPlay","article_publisher":"https:\/\/www.facebook.com\/www.kidsplay.lt","article_modified_time":"2026-04-07T07:39:55+00:00","og_image":[{"width":2500,"height":2500,"url":"https:\/\/kidsplay.lt\/wp-content\/uploads\/2025\/09\/MASTERKIDZ-Magnetines-traukos-mokymasis-\u2013-\u201eFlex-Montessori-sienine-lenta.jpg","type":"image\/jpeg"}],"twitter_card":"summary_large_image","twitter_misc":{"Est. reading time":"1 min\u016bte"},"schema":{"@context":"https:\/\/schema.org","@graph":[{"@type":"WebPage","@id":"https:\/\/kidsplay.lt\/produktas\/masterkidz-magnetines-traukos-mokymasis-flex-montessori-sienine-lenta\/","url":"https:\/\/kidsplay.lt\/produktas\/masterkidz-magnetines-traukos-mokymasis-flex-montessori-sienine-lenta\/","name":"MASTERKIDZ magn\u0113tisk\u0101s pievilk\u0161an\u0101s apm\u0101c\u012bba \u2013 Flex Montessori sienas t\u0101fele","isPartOf":{"@id":"https:\/\/kidsplay.lt\/#website"},"primaryImageOfPage":{"@id":"https:\/\/kidsplay.lt\/produktas\/masterkidz-magnetines-traukos-mokymasis-flex-montessori-sienine-lenta\/#primaryimage"},"image":{"@id":"https:\/\/kidsplay.lt\/produktas\/masterkidz-magnetines-traukos-mokymasis-flex-montessori-sienine-lenta\/#primaryimage"},"thumbnailUrl":"https:\/\/kidsplay.lt\/wp-content\/uploads\/2025\/09\/MASTERKIDZ-Magnetines-traukos-mokymasis-\u2013-\u201eFlex-Montessori-sienine-lenta.jpg","datePublished":"2026-02-26T07:24:33+00:00","dateModified":"2026-04-07T07:39:55+00:00","description":"MASTERKIDZ Magnetin\u0117s traukos mokymasis \u2013 \u201eFlex Montessori\u201c sienin\u0117 lenta - KidsPlay. Did\u017eiausias vaik\u0173 \u017eaisl\u0173 pasirinkimas.","breadcrumb":{"@id":"https:\/\/kidsplay.lt\/produktas\/masterkidz-magnetines-traukos-mokymasis-flex-montessori-sienine-lenta\/#breadcrumb"},"inLanguage":"lv-LV","potentialAction":[{"@type":"ReadAction","target":["https:\/\/kidsplay.lt\/produktas\/masterkidz-magnetines-traukos-mokymasis-flex-montessori-sienine-lenta\/"]}]},{"@type":"ImageObject","inLanguage":"lv-LV","@id":"https:\/\/kidsplay.lt\/produktas\/masterkidz-magnetines-traukos-mokymasis-flex-montessori-sienine-lenta\/#primaryimage","url":"https:\/\/kidsplay.lt\/wp-content\/uploads\/2025\/09\/MASTERKIDZ-Magnetines-traukos-mokymasis-\u2013-\u201eFlex-Montessori-sienine-lenta.jpg","contentUrl":"https:\/\/kidsplay.lt\/wp-content\/uploads\/2025\/09\/MASTERKIDZ-Magnetines-traukos-mokymasis-\u2013-\u201eFlex-Montessori-sienine-lenta.jpg","width":2500,"height":2500,"caption":"MASTERKIDZ Magnetin\u0117s traukos mokymasis \u2013 \u201eFlex Montessori\u201c sienin\u0117 lenta"},{"@type":"BreadcrumbList","@id":"https:\/\/kidsplay.lt\/produktas\/masterkidz-magnetines-traukos-mokymasis-flex-montessori-sienine-lenta\/#breadcrumb","itemListElement":[{"@type":"ListItem","position":1,"name":"Pagrindinis","item":"https:\/\/kidsplay.lt\/"},{"@type":"ListItem","position":2,"name":"Parduotuv\u0117","item":"https:\/\/kidsplay.lt\/parduotuve\/"},{"@type":"ListItem","position":3,"name":"MASTERKIDZ Magnetin\u0117s traukos mokymasis \u2013 \u201eFlex Montessori\u201c sienin\u0117 lenta"}]},{"@type":"WebSite","@id":"https:\/\/kidsplay.lt\/#website","url":"https:\/\/kidsplay.lt\/","name":"B\u0113rnu sp\u0113les.lv","description":"\u012evairios prek\u0117s vaikams","publisher":{"@id":"https:\/\/kidsplay.lt\/#organization"},"alternateName":"Kidsplay","potentialAction":[{"@type":"SearchAction","target":{"@type":"EntryPoint","urlTemplate":"https:\/\/kidsplay.lt\/?s={search_term_string}"},"query-input":{"@type":"PropertyValueSpecification","valueRequired":true,"valueName":"search_term_string"}}],"inLanguage":"lv-LV"},{"@type":"Organization","@id":"https:\/\/kidsplay.lt\/#organization","name":"B\u0113rnu sp\u0113le","url":"https:\/\/kidsplay.lt\/","logo":{"@type":"ImageObject","inLanguage":"lv-LV","@id":"https:\/\/kidsplay.lt\/#\/schema\/logo\/image\/","url":"https:\/\/kidsplay.lt\/wp-content\/uploads\/2023\/07\/kidsplay-logo.png","contentUrl":"https:\/\/kidsplay.lt\/wp-content\/uploads\/2023\/07\/kidsplay-logo.png","width":451,"height":98,"caption":"KidsPlay"},"image":{"@id":"https:\/\/kidsplay.lt\/#\/schema\/logo\/image\/"},"sameAs":["https:\/\/www.facebook.com\/www.kidsplay.lt"]}]}},"_links":{"self":[{"href":"https:\/\/kidsplay.lt\/lv\/wp-json\/wp\/v2\/product\/89573","targetHints":{"allow":["GET"]}}],"collection":[{"href":"https:\/\/kidsplay.lt\/lv\/wp-json\/wp\/v2\/product"}],"about":[{"href":"https:\/\/kidsplay.lt\/lv\/wp-json\/wp\/v2\/types\/product"}],"version-history":[{"count":1,"href":"https:\/\/kidsplay.lt\/lv\/wp-json\/wp\/v2\/product\/89573\/revisions"}],"predecessor-version":[{"id":89574,"href":"https:\/\/kidsplay.lt\/lv\/wp-json\/wp\/v2\/product\/89573\/revisions\/89574"}],"wp:featuredmedia":[{"embeddable":true,"href":"https:\/\/kidsplay.lt\/lv\/wp-json\/wp\/v2\/media\/67540"}],"wp:attachment":[{"href":"https:\/\/kidsplay.lt\/lv\/wp-json\/wp\/v2\/media?parent=89573"}],"wp:term":[{"taxonomy":"product_brand","embeddable":true,"href":"https:\/\/kidsplay.lt\/lv\/wp-json\/wp\/v2\/product_brand?post=89573"},{"taxonomy":"product_cat","embeddable":true,"href":"https:\/\/kidsplay.lt\/lv\/wp-json\/wp\/v2\/product_cat?post=89573"},{"taxonomy":"product_tag","embeddable":true,"href":"https:\/\/kidsplay.lt\/lv\/wp-json\/wp\/v2\/product_tag?post=89573"}],"curies":[{"name":"wp","href":"https:\/\/api.w.org\/{rel}","templated":true}]}}