{"id":89579,"date":"2026-02-26T09:24:40","date_gmt":"2026-02-26T07:24:40","guid":{"rendered":"https:\/\/kidsplay.lt\/produktas\/masterkidz-burnos-higienos-flex-montessori-sienine-sensorine-lenta\/"},"modified":"2026-04-13T15:01:41","modified_gmt":"2026-04-13T12:01:41","slug":"masterkidz-burnos-higienos-flex-montessori-sienine-sensorine-lenta","status":"publish","type":"product","link":"https:\/\/kidsplay.lt\/lv\/products\/masterkidz-burnos-higienos-flex-montessori-sienine-sensorine-lenta\/","title":{"rendered":"MASTERKIDZ mutes dobuma higi\u0113nas Flex Montessori sienas sensor\u0101 t\u0101fele"},"content":{"rendered":"<p>Burnos higienos sienin\u0117 lentel\u0117\u00a0skatina pagrindinius gyvenimo \u012fg\u016bd\u017eius.\u00a0Ji moko vaikus,\u00a0kaip tinkamai\u00a0valytis dantis ir juos pri\u017ei\u016br\u0117ti\u00a0. Tai labai svarbus kiekvieno vaiko raidos etapas. Lentel\u0117 leid\u017eia jiems i\u0161mokti ne tik taisyklingai valytis dantis, bet ir atpa\u017einti tokius skonius kaip r\u016bg\u0161tus, kartus, saldus ir s\u016brus.<\/p>\n<p>Rakstur\u012bgs:<\/p>\n<p> \t&#8211; Padeda j\u016bs\u0173 vaikui\u00a0praktikuotis valyti dantis \u0161epet\u0117liu ir si\u016blu.<br \/>\n \t&#8211; Turi didel\u012f, judr\u0173 lie\u017euv\u012f, kuris apib\u016bdina skirtingus skonius: sald\u0173, s\u016br\u0173, r\u016bg\u0161t\u0173 ir kart\u0173 &#8211; leid\u017eia mokytis atpa\u017einti skonius<br \/>\n \t&#8211; Su dant\u0173 \u0161epet\u0117liu, dant\u0173 pasta ir dant\u0173 si\u016blu<br \/>\n \t&#8211; Sud\u0117tyje yra maisto produkt\u0173, kuriuos reikia pritaikyti prie atitinkamo skonio ant lie\u017euvio naudojant \u201eVelcro\u201c.<br \/>\n \t&#8211; Lenta puikiai tinka dar\u017eeliams ir kitoms \u0161vietimo \u012fstaigoms.<br \/>\n \t&#8211; Galima montuoti ant sienos, \u201eMasterkidz Flex\u201c sistemoje arba ant STEM plok\u0161\u010di\u0173<br \/>\n \t&#8211; \u012e pasi\u016blym\u0105 \u012fskai\u010diuota viena burnos higienos interaktyvi lenta.<\/p>\n<p>Lenta ple\u010diasi:<\/p>\n<p> \t\u2013 Lo\u0123ika<br \/>\n \t\u2013 Motorisk\u0101s prasmes<br \/>\n \t&#8211; Vaizduot\u0117<br \/>\n \t&#8211; Sveikatos s\u0105moningumas ir atsakomyb\u0117 u\u017e savo sveikat\u0105.<\/p>\n<p>Plok\u0161t\u0117 suderinama su:<\/p>\n<p> \t&#8211; FLEX tvirtinimo r\u0117mai\u00a0ME09692\u00a0ME09777\u00a0ME08541\u00a0\u00a0\u00a0<br \/>\n \t&#8211; FLEX tvirtinimo plok\u0161t\u0117s\u00a0ME06479\u00a0ME06486\u00a0<\/p>","protected":false},"excerpt":{"rendered":"<p>Burnos higienos sienin\u0117 lentel\u0117\u00a0skatina pagrindinius gyvenimo \u012fg\u016bd\u017eius.\u00a0Ji moko vaikus,\u00a0kaip tinkamai\u00a0valytis dantis ir juos pri\u017ei\u016br\u0117ti\u00a0. Tai labai svarbus kiekvieno vaiko raidos<\/p>","protected":false},"featured_media":67559,"template":"","meta":{"_acf_changed":false,"_glsr_average":0,"_glsr_ranking":0,"_glsr_reviews":0},"product_brand":[],"product_cat":[673,229],"product_tag":[],"class_list":{"0":"post-89579","1":"product","2":"type-product","3":"status-publish","4":"has-post-thumbnail","6":"product_cat-ugdomosios-priemones","7":"product_cat-zaislai-vaikams","8":"\"style=\"background-color: #2ecc711c;\"","10":"first","11":"instock","12":"purchasable","13":"product-type-simple"},"acf":[],"yoast_head":"<!-- This site is optimized with the Yoast SEO plugin v27.4 - https:\/\/yoast.com\/product\/yoast-seo-wordpress\/ -->\n<title>MASTERKIDZ burnos higienos \u201eFlex Montessori\u201c sienin\u0117 sensorin\u0117 lenta<\/title>\n<meta name=\"description\" content=\"MASTERKIDZ burnos higienos \u201eFlex Montessori\u201c sienin\u0117 sensorin\u0117 lenta - KidsPlay. Did\u017eiausias vaik\u0173 \u017eaisl\u0173 pasirinkimas.\" \/>\n<meta name=\"robots\" content=\"index, follow, max-snippet:-1, max-image-preview:large, max-video-preview:-1\" \/>\n<link rel=\"canonical\" href=\"https:\/\/kidsplay.lt\/lv\/products\/masterkidz-burnos-higienos-flex-montessori-sienine-sensorine-lenta\/\" \/>\n<meta property=\"og:locale\" content=\"lv_LV\" \/>\n<meta property=\"og:type\" content=\"article\" \/>\n<meta property=\"og:title\" content=\"MASTERKIDZ burnos higienos \u201eFlex Montessori\u201c sienin\u0117 sensorin\u0117 lenta\" \/>\n<meta property=\"og:description\" content=\"MASTERKIDZ burnos higienos \u201eFlex Montessori\u201c sienin\u0117 sensorin\u0117 lenta - KidsPlay. Did\u017eiausias vaik\u0173 \u017eaisl\u0173 pasirinkimas.\" \/>\n<meta property=\"og:url\" content=\"https:\/\/kidsplay.lt\/lv\/products\/masterkidz-burnos-higienos-flex-montessori-sienine-sensorine-lenta\/\" \/>\n<meta property=\"og:site_name\" content=\"KidsPlay\" \/>\n<meta property=\"article:publisher\" content=\"https:\/\/www.facebook.com\/www.kidsplay.lt\" \/>\n<meta property=\"article:modified_time\" content=\"2026-04-13T12:01:41+00:00\" \/>\n<meta property=\"og:image\" content=\"https:\/\/kidsplay.lt\/wp-content\/uploads\/2025\/09\/MASTERKIDZ-burnos-higienos-\u201eFlex-Montessori-sienine-sensorine-lenta.jpg\" \/>\n\t<meta property=\"og:image:width\" content=\"2000\" \/>\n\t<meta property=\"og:image:height\" content=\"1711\" \/>\n\t<meta property=\"og:image:type\" content=\"image\/jpeg\" \/>\n<meta name=\"twitter:card\" content=\"summary_large_image\" \/>\n<meta name=\"twitter:label1\" content=\"Est. reading time\" \/>\n\t<meta name=\"twitter:data1\" content=\"1 min\u016bte\" \/>\n<script type=\"application\/ld+json\" class=\"yoast-schema-graph\">{\"@context\":\"https:\\\/\\\/schema.org\",\"@graph\":[{\"@type\":\"WebPage\",\"@id\":\"https:\\\/\\\/kidsplay.lt\\\/produktas\\\/masterkidz-burnos-higienos-flex-montessori-sienine-sensorine-lenta\\\/\",\"url\":\"https:\\\/\\\/kidsplay.lt\\\/produktas\\\/masterkidz-burnos-higienos-flex-montessori-sienine-sensorine-lenta\\\/\",\"name\":\"MASTERKIDZ burnos higienos \u201eFlex Montessori\u201c sienin\u0117 sensorin\u0117 lenta\",\"isPartOf\":{\"@id\":\"https:\\\/\\\/kidsplay.lt\\\/#website\"},\"primaryImageOfPage\":{\"@id\":\"https:\\\/\\\/kidsplay.lt\\\/produktas\\\/masterkidz-burnos-higienos-flex-montessori-sienine-sensorine-lenta\\\/#primaryimage\"},\"image\":{\"@id\":\"https:\\\/\\\/kidsplay.lt\\\/produktas\\\/masterkidz-burnos-higienos-flex-montessori-sienine-sensorine-lenta\\\/#primaryimage\"},\"thumbnailUrl\":\"https:\\\/\\\/kidsplay.lt\\\/wp-content\\\/uploads\\\/2025\\\/09\\\/MASTERKIDZ-burnos-higienos-\u201eFlex-Montessori-sienine-sensorine-lenta.jpg\",\"datePublished\":\"2026-02-26T07:24:40+00:00\",\"dateModified\":\"2026-04-13T12:01:41+00:00\",\"description\":\"MASTERKIDZ burnos higienos \u201eFlex Montessori\u201c sienin\u0117 sensorin\u0117 lenta - KidsPlay. Did\u017eiausias vaik\u0173 \u017eaisl\u0173 pasirinkimas.\",\"breadcrumb\":{\"@id\":\"https:\\\/\\\/kidsplay.lt\\\/produktas\\\/masterkidz-burnos-higienos-flex-montessori-sienine-sensorine-lenta\\\/#breadcrumb\"},\"inLanguage\":\"lv-LV\",\"potentialAction\":[{\"@type\":\"ReadAction\",\"target\":[\"https:\\\/\\\/kidsplay.lt\\\/produktas\\\/masterkidz-burnos-higienos-flex-montessori-sienine-sensorine-lenta\\\/\"]}]},{\"@type\":\"ImageObject\",\"inLanguage\":\"lv-LV\",\"@id\":\"https:\\\/\\\/kidsplay.lt\\\/produktas\\\/masterkidz-burnos-higienos-flex-montessori-sienine-sensorine-lenta\\\/#primaryimage\",\"url\":\"https:\\\/\\\/kidsplay.lt\\\/wp-content\\\/uploads\\\/2025\\\/09\\\/MASTERKIDZ-burnos-higienos-\u201eFlex-Montessori-sienine-sensorine-lenta.jpg\",\"contentUrl\":\"https:\\\/\\\/kidsplay.lt\\\/wp-content\\\/uploads\\\/2025\\\/09\\\/MASTERKIDZ-burnos-higienos-\u201eFlex-Montessori-sienine-sensorine-lenta.jpg\",\"width\":2000,\"height\":1711,\"caption\":\"MASTERKIDZ burnos higienos \u201eFlex Montessori\u201c sienin\u0117 sensorin\u0117 lenta\"},{\"@type\":\"BreadcrumbList\",\"@id\":\"https:\\\/\\\/kidsplay.lt\\\/produktas\\\/masterkidz-burnos-higienos-flex-montessori-sienine-sensorine-lenta\\\/#breadcrumb\",\"itemListElement\":[{\"@type\":\"ListItem\",\"position\":1,\"name\":\"Pagrindinis\",\"item\":\"https:\\\/\\\/kidsplay.lt\\\/\"},{\"@type\":\"ListItem\",\"position\":2,\"name\":\"Parduotuv\u0117\",\"item\":\"https:\\\/\\\/kidsplay.lt\\\/parduotuve\\\/\"},{\"@type\":\"ListItem\",\"position\":3,\"name\":\"MASTERKIDZ burnos higienos \u201eFlex Montessori\u201c sienin\u0117 sensorin\u0117 lenta\"}]},{\"@type\":\"WebSite\",\"@id\":\"https:\\\/\\\/kidsplay.lt\\\/#website\",\"url\":\"https:\\\/\\\/kidsplay.lt\\\/\",\"name\":\"Kidsplay.lt\",\"description\":\"\u012evairios prek\u0117s vaikams\",\"publisher\":{\"@id\":\"https:\\\/\\\/kidsplay.lt\\\/#organization\"},\"alternateName\":\"Kidsplay\",\"potentialAction\":[{\"@type\":\"SearchAction\",\"target\":{\"@type\":\"EntryPoint\",\"urlTemplate\":\"https:\\\/\\\/kidsplay.lt\\\/?s={search_term_string}\"},\"query-input\":{\"@type\":\"PropertyValueSpecification\",\"valueRequired\":true,\"valueName\":\"search_term_string\"}}],\"inLanguage\":\"lv-LV\"},{\"@type\":\"Organization\",\"@id\":\"https:\\\/\\\/kidsplay.lt\\\/#organization\",\"name\":\"KidsPlay\",\"url\":\"https:\\\/\\\/kidsplay.lt\\\/\",\"logo\":{\"@type\":\"ImageObject\",\"inLanguage\":\"lv-LV\",\"@id\":\"https:\\\/\\\/kidsplay.lt\\\/#\\\/schema\\\/logo\\\/image\\\/\",\"url\":\"https:\\\/\\\/kidsplay.lt\\\/wp-content\\\/uploads\\\/2023\\\/07\\\/kidsplay-logo.png\",\"contentUrl\":\"https:\\\/\\\/kidsplay.lt\\\/wp-content\\\/uploads\\\/2023\\\/07\\\/kidsplay-logo.png\",\"width\":451,\"height\":98,\"caption\":\"KidsPlay\"},\"image\":{\"@id\":\"https:\\\/\\\/kidsplay.lt\\\/#\\\/schema\\\/logo\\\/image\\\/\"},\"sameAs\":[\"https:\\\/\\\/www.facebook.com\\\/www.kidsplay.lt\"]}]}<\/script>\n<!-- \/ Yoast SEO plugin. -->","yoast_head_json":{"title":"MASTERKIDZ mutes dobuma higi\u0113nas Flex Montessori sienas sensor\u0101 t\u0101fele","description":"MASTERKIDZ burnos higienos \u201eFlex Montessori\u201c sienin\u0117 sensorin\u0117 lenta - KidsPlay. Did\u017eiausias vaik\u0173 \u017eaisl\u0173 pasirinkimas.","robots":{"index":"index","follow":"follow","max-snippet":"max-snippet:-1","max-image-preview":"max-image-preview:large","max-video-preview":"max-video-preview:-1"},"canonical":"https:\/\/kidsplay.lt\/lv\/products\/masterkidz-burnos-higienos-flex-montessori-sienine-sensorine-lenta\/","og_locale":"lv_LV","og_type":"article","og_title":"MASTERKIDZ burnos higienos \u201eFlex Montessori\u201c sienin\u0117 sensorin\u0117 lenta","og_description":"MASTERKIDZ burnos higienos \u201eFlex Montessori\u201c sienin\u0117 sensorin\u0117 lenta - KidsPlay. Did\u017eiausias vaik\u0173 \u017eaisl\u0173 pasirinkimas.","og_url":"https:\/\/kidsplay.lt\/lv\/products\/masterkidz-burnos-higienos-flex-montessori-sienine-sensorine-lenta\/","og_site_name":"KidsPlay","article_publisher":"https:\/\/www.facebook.com\/www.kidsplay.lt","article_modified_time":"2026-04-13T12:01:41+00:00","og_image":[{"width":2000,"height":1711,"url":"https:\/\/kidsplay.lt\/wp-content\/uploads\/2025\/09\/MASTERKIDZ-burnos-higienos-\u201eFlex-Montessori-sienine-sensorine-lenta.jpg","type":"image\/jpeg"}],"twitter_card":"summary_large_image","twitter_misc":{"Est. reading time":"1 min\u016bte"},"schema":{"@context":"https:\/\/schema.org","@graph":[{"@type":"WebPage","@id":"https:\/\/kidsplay.lt\/produktas\/masterkidz-burnos-higienos-flex-montessori-sienine-sensorine-lenta\/","url":"https:\/\/kidsplay.lt\/produktas\/masterkidz-burnos-higienos-flex-montessori-sienine-sensorine-lenta\/","name":"MASTERKIDZ mutes dobuma higi\u0113nas Flex Montessori sienas sensor\u0101 t\u0101fele","isPartOf":{"@id":"https:\/\/kidsplay.lt\/#website"},"primaryImageOfPage":{"@id":"https:\/\/kidsplay.lt\/produktas\/masterkidz-burnos-higienos-flex-montessori-sienine-sensorine-lenta\/#primaryimage"},"image":{"@id":"https:\/\/kidsplay.lt\/produktas\/masterkidz-burnos-higienos-flex-montessori-sienine-sensorine-lenta\/#primaryimage"},"thumbnailUrl":"https:\/\/kidsplay.lt\/wp-content\/uploads\/2025\/09\/MASTERKIDZ-burnos-higienos-\u201eFlex-Montessori-sienine-sensorine-lenta.jpg","datePublished":"2026-02-26T07:24:40+00:00","dateModified":"2026-04-13T12:01:41+00:00","description":"MASTERKIDZ burnos higienos \u201eFlex Montessori\u201c sienin\u0117 sensorin\u0117 lenta - KidsPlay. Did\u017eiausias vaik\u0173 \u017eaisl\u0173 pasirinkimas.","breadcrumb":{"@id":"https:\/\/kidsplay.lt\/produktas\/masterkidz-burnos-higienos-flex-montessori-sienine-sensorine-lenta\/#breadcrumb"},"inLanguage":"lv-LV","potentialAction":[{"@type":"ReadAction","target":["https:\/\/kidsplay.lt\/produktas\/masterkidz-burnos-higienos-flex-montessori-sienine-sensorine-lenta\/"]}]},{"@type":"ImageObject","inLanguage":"lv-LV","@id":"https:\/\/kidsplay.lt\/produktas\/masterkidz-burnos-higienos-flex-montessori-sienine-sensorine-lenta\/#primaryimage","url":"https:\/\/kidsplay.lt\/wp-content\/uploads\/2025\/09\/MASTERKIDZ-burnos-higienos-\u201eFlex-Montessori-sienine-sensorine-lenta.jpg","contentUrl":"https:\/\/kidsplay.lt\/wp-content\/uploads\/2025\/09\/MASTERKIDZ-burnos-higienos-\u201eFlex-Montessori-sienine-sensorine-lenta.jpg","width":2000,"height":1711,"caption":"MASTERKIDZ burnos higienos \u201eFlex Montessori\u201c sienin\u0117 sensorin\u0117 lenta"},{"@type":"BreadcrumbList","@id":"https:\/\/kidsplay.lt\/produktas\/masterkidz-burnos-higienos-flex-montessori-sienine-sensorine-lenta\/#breadcrumb","itemListElement":[{"@type":"ListItem","position":1,"name":"Pagrindinis","item":"https:\/\/kidsplay.lt\/"},{"@type":"ListItem","position":2,"name":"Parduotuv\u0117","item":"https:\/\/kidsplay.lt\/parduotuve\/"},{"@type":"ListItem","position":3,"name":"MASTERKIDZ burnos higienos \u201eFlex Montessori\u201c sienin\u0117 sensorin\u0117 lenta"}]},{"@type":"WebSite","@id":"https:\/\/kidsplay.lt\/#website","url":"https:\/\/kidsplay.lt\/","name":"B\u0113rnu sp\u0113les.lv","description":"\u012evairios prek\u0117s vaikams","publisher":{"@id":"https:\/\/kidsplay.lt\/#organization"},"alternateName":"Kidsplay","potentialAction":[{"@type":"SearchAction","target":{"@type":"EntryPoint","urlTemplate":"https:\/\/kidsplay.lt\/?s={search_term_string}"},"query-input":{"@type":"PropertyValueSpecification","valueRequired":true,"valueName":"search_term_string"}}],"inLanguage":"lv-LV"},{"@type":"Organization","@id":"https:\/\/kidsplay.lt\/#organization","name":"B\u0113rnu sp\u0113le","url":"https:\/\/kidsplay.lt\/","logo":{"@type":"ImageObject","inLanguage":"lv-LV","@id":"https:\/\/kidsplay.lt\/#\/schema\/logo\/image\/","url":"https:\/\/kidsplay.lt\/wp-content\/uploads\/2023\/07\/kidsplay-logo.png","contentUrl":"https:\/\/kidsplay.lt\/wp-content\/uploads\/2023\/07\/kidsplay-logo.png","width":451,"height":98,"caption":"KidsPlay"},"image":{"@id":"https:\/\/kidsplay.lt\/#\/schema\/logo\/image\/"},"sameAs":["https:\/\/www.facebook.com\/www.kidsplay.lt"]}]}},"_links":{"self":[{"href":"https:\/\/kidsplay.lt\/lv\/wp-json\/wp\/v2\/product\/89579","targetHints":{"allow":["GET"]}}],"collection":[{"href":"https:\/\/kidsplay.lt\/lv\/wp-json\/wp\/v2\/product"}],"about":[{"href":"https:\/\/kidsplay.lt\/lv\/wp-json\/wp\/v2\/types\/product"}],"version-history":[{"count":1,"href":"https:\/\/kidsplay.lt\/lv\/wp-json\/wp\/v2\/product\/89579\/revisions"}],"predecessor-version":[{"id":89580,"href":"https:\/\/kidsplay.lt\/lv\/wp-json\/wp\/v2\/product\/89579\/revisions\/89580"}],"wp:featuredmedia":[{"embeddable":true,"href":"https:\/\/kidsplay.lt\/lv\/wp-json\/wp\/v2\/media\/67559"}],"wp:attachment":[{"href":"https:\/\/kidsplay.lt\/lv\/wp-json\/wp\/v2\/media?parent=89579"}],"wp:term":[{"taxonomy":"product_brand","embeddable":true,"href":"https:\/\/kidsplay.lt\/lv\/wp-json\/wp\/v2\/product_brand?post=89579"},{"taxonomy":"product_cat","embeddable":true,"href":"https:\/\/kidsplay.lt\/lv\/wp-json\/wp\/v2\/product_cat?post=89579"},{"taxonomy":"product_tag","embeddable":true,"href":"https:\/\/kidsplay.lt\/lv\/wp-json\/wp\/v2\/product_tag?post=89579"}],"curies":[{"name":"wp","href":"https:\/\/api.w.org\/{rel}","templated":true}]}}