{"id":89583,"date":"2026-02-26T09:24:45","date_gmt":"2026-02-26T07:24:45","guid":{"rendered":"https:\/\/kidsplay.lt\/produktas\/masterkidz-medinis-prekybos-muges-stendas-zaidimu-parduotuve\/"},"modified":"2026-04-07T10:40:16","modified_gmt":"2026-04-07T07:40:16","slug":"masterkidz-medinis-prekybos-muges-stendas-zaidimu-parduotuve","status":"publish","type":"product","link":"https:\/\/kidsplay.lt\/lv\/products\/masterkidz-medinis-prekybos-muges-stendas-zaidimu-parduotuve\/","title":{"rendered":"MASTERKIDZ koka tirdzniec\u012bbas stends sp\u0113\u013cu veikalam"},"content":{"rendered":"<p>Medinis prekybos parod\u0173 stendas \u201eMasterkidz\u201c yra puikus \u017eaislas vaikams, kurie m\u0117gsta apsimesti pardav\u0117jais ir \u017eaisti parduotuv\u0119. D\u0117l tvirtos medin\u0117s konstrukcijos ir tikrovi\u0161k\u0173 detali\u0173 stendas leid\u017eia \u017eaisti k\u016brybi\u0161kai ir \u012fdomiai tiek individualiai, tiek grup\u0117se. Vaikai gali demonstruoti produktus, aptarnauti klientus ir \u017eaisti mokantis prekybos pagrind\u0173.<\/p>\n<p>Rakstur\u012bgs:<\/p>\n<p> \t&#8211; Tvirta konstrukcija, pagaminta i\u0161 auk\u0161tos kokyb\u0117s medienos, u\u017etikrinanti ilgaam\u017ei\u0161kum\u0105 ir saugum\u0105<br \/>\n \t&#8211; Du ekspozicijos lygiai: vir\u0161utinis su trimis kameromis, apatinis su dviem didesn\u0117mis<br \/>\n \t&#8211; Intensyvios spalvos audinio stogas suteikia stovui tikrovi\u0161k\u0105 i\u0161vaizd\u0105<br \/>\n \t&#8211; Suderinamas su kitais \u201eMasterkidz\u201c priedais, tokiais kaip pirkini\u0173 ve\u017eim\u0117lis ar kasos aparatas<br \/>\n \t&#8211; Didel\u0117 talpa, leid\u017eianti pateikti daug produkt\u0173<\/p>\n<p>Rota\u013clieta att\u012bst\u0101s:<\/p>\n<p> \t&#8211; Vaizduot\u0117<br \/>\n \t&#8211; K\u016brybi\u0161kumas<br \/>\n \t&#8211; Socialiniai ir bendravimo \u012fg\u016bd\u017eiai<br \/>\n \t&#8211; Rankiniai \u012fg\u016bd\u017eiai<br \/>\n \t&#8211; Nepriklausomyb\u0117<\/p>","protected":false},"excerpt":{"rendered":"<p>Medinis prekybos parod\u0173 stendas \u201eMasterkidz\u201c yra puikus \u017eaislas vaikams, kurie m\u0117gsta apsimesti pardav\u0117jais ir \u017eaisti parduotuv\u0119. D\u0117l tvirtos medin\u0117s konstrukcijos<\/p>","protected":false},"featured_media":76608,"template":"","meta":{"_acf_changed":false,"_glsr_average":0,"_glsr_ranking":0,"_glsr_reviews":0},"product_brand":[],"product_cat":[893,399],"product_tag":[],"class_list":{"0":"post-89583","1":"product","2":"type-product","3":"status-publish","4":"has-post-thumbnail","6":"product_cat-parduotuves","7":"product_cat-vaidmenu-zaidimai-2","8":"\"style=\"background-color: #2ecc711c;\"","10":"first","11":"instock","12":"purchasable","13":"product-type-simple"},"acf":[],"yoast_head":"<!-- This site is optimized with the Yoast SEO plugin v27.3 - https:\/\/yoast.com\/product\/yoast-seo-wordpress\/ -->\n<title>MASTERKIDZ medinis prekybos mug\u0117s stendas \u017eaidim\u0173 parduotuv\u0117<\/title>\n<meta name=\"description\" content=\"MASTERKIDZ medinis prekybos mug\u0117s stendas \u017eaidim\u0173 parduotuv\u0117 - KidsPlay. Did\u017eiausias vaik\u0173 \u017eaisl\u0173 pasirinkimas.\" \/>\n<meta name=\"robots\" content=\"index, follow, max-snippet:-1, max-image-preview:large, max-video-preview:-1\" \/>\n<link rel=\"canonical\" href=\"https:\/\/kidsplay.lt\/lv\/products\/masterkidz-medinis-prekybos-muges-stendas-zaidimu-parduotuve\/\" \/>\n<meta property=\"og:locale\" content=\"lv_LV\" \/>\n<meta property=\"og:type\" content=\"article\" \/>\n<meta property=\"og:title\" content=\"MASTERKIDZ medinis prekybos mug\u0117s stendas \u017eaidim\u0173 parduotuv\u0117\" \/>\n<meta property=\"og:description\" content=\"MASTERKIDZ medinis prekybos mug\u0117s stendas \u017eaidim\u0173 parduotuv\u0117 - KidsPlay. Did\u017eiausias vaik\u0173 \u017eaisl\u0173 pasirinkimas.\" \/>\n<meta property=\"og:url\" content=\"https:\/\/kidsplay.lt\/lv\/products\/masterkidz-medinis-prekybos-muges-stendas-zaidimu-parduotuve\/\" \/>\n<meta property=\"og:site_name\" content=\"KidsPlay\" \/>\n<meta property=\"article:publisher\" content=\"https:\/\/www.facebook.com\/www.kidsplay.lt\" \/>\n<meta property=\"article:modified_time\" content=\"2026-04-07T07:40:16+00:00\" \/>\n<meta property=\"og:image\" content=\"https:\/\/kidsplay.lt\/wp-content\/uploads\/2025\/10\/MASTERKIDZ-medinis-prekybos-muges-stendas-zaidimu-parduotuve.jpg\" \/>\n\t<meta property=\"og:image:width\" content=\"1420\" \/>\n\t<meta property=\"og:image:height\" content=\"1067\" \/>\n\t<meta property=\"og:image:type\" content=\"image\/jpeg\" \/>\n<meta name=\"twitter:card\" content=\"summary_large_image\" \/>\n<meta name=\"twitter:label1\" content=\"Est. reading time\" \/>\n\t<meta name=\"twitter:data1\" content=\"1 min\u016bte\" \/>\n<script type=\"application\/ld+json\" class=\"yoast-schema-graph\">{\"@context\":\"https:\\\/\\\/schema.org\",\"@graph\":[{\"@type\":\"WebPage\",\"@id\":\"https:\\\/\\\/kidsplay.lt\\\/produktas\\\/masterkidz-medinis-prekybos-muges-stendas-zaidimu-parduotuve\\\/\",\"url\":\"https:\\\/\\\/kidsplay.lt\\\/produktas\\\/masterkidz-medinis-prekybos-muges-stendas-zaidimu-parduotuve\\\/\",\"name\":\"MASTERKIDZ medinis prekybos mug\u0117s stendas \u017eaidim\u0173 parduotuv\u0117\",\"isPartOf\":{\"@id\":\"https:\\\/\\\/kidsplay.lt\\\/#website\"},\"primaryImageOfPage\":{\"@id\":\"https:\\\/\\\/kidsplay.lt\\\/produktas\\\/masterkidz-medinis-prekybos-muges-stendas-zaidimu-parduotuve\\\/#primaryimage\"},\"image\":{\"@id\":\"https:\\\/\\\/kidsplay.lt\\\/produktas\\\/masterkidz-medinis-prekybos-muges-stendas-zaidimu-parduotuve\\\/#primaryimage\"},\"thumbnailUrl\":\"https:\\\/\\\/kidsplay.lt\\\/wp-content\\\/uploads\\\/2025\\\/10\\\/MASTERKIDZ-medinis-prekybos-muges-stendas-zaidimu-parduotuve.jpg\",\"datePublished\":\"2026-02-26T07:24:45+00:00\",\"dateModified\":\"2026-04-07T07:40:16+00:00\",\"description\":\"MASTERKIDZ medinis prekybos mug\u0117s stendas \u017eaidim\u0173 parduotuv\u0117 - KidsPlay. Did\u017eiausias vaik\u0173 \u017eaisl\u0173 pasirinkimas.\",\"breadcrumb\":{\"@id\":\"https:\\\/\\\/kidsplay.lt\\\/produktas\\\/masterkidz-medinis-prekybos-muges-stendas-zaidimu-parduotuve\\\/#breadcrumb\"},\"inLanguage\":\"lv-LV\",\"potentialAction\":[{\"@type\":\"ReadAction\",\"target\":[\"https:\\\/\\\/kidsplay.lt\\\/produktas\\\/masterkidz-medinis-prekybos-muges-stendas-zaidimu-parduotuve\\\/\"]}]},{\"@type\":\"ImageObject\",\"inLanguage\":\"lv-LV\",\"@id\":\"https:\\\/\\\/kidsplay.lt\\\/produktas\\\/masterkidz-medinis-prekybos-muges-stendas-zaidimu-parduotuve\\\/#primaryimage\",\"url\":\"https:\\\/\\\/kidsplay.lt\\\/wp-content\\\/uploads\\\/2025\\\/10\\\/MASTERKIDZ-medinis-prekybos-muges-stendas-zaidimu-parduotuve.jpg\",\"contentUrl\":\"https:\\\/\\\/kidsplay.lt\\\/wp-content\\\/uploads\\\/2025\\\/10\\\/MASTERKIDZ-medinis-prekybos-muges-stendas-zaidimu-parduotuve.jpg\",\"width\":1420,\"height\":1067,\"caption\":\"MASTERKIDZ medinis prekybos mug\u0117s stendas \u017eaidim\u0173 parduotuv\u0117\"},{\"@type\":\"BreadcrumbList\",\"@id\":\"https:\\\/\\\/kidsplay.lt\\\/produktas\\\/masterkidz-medinis-prekybos-muges-stendas-zaidimu-parduotuve\\\/#breadcrumb\",\"itemListElement\":[{\"@type\":\"ListItem\",\"position\":1,\"name\":\"Pagrindinis\",\"item\":\"https:\\\/\\\/kidsplay.lt\\\/\"},{\"@type\":\"ListItem\",\"position\":2,\"name\":\"Parduotuv\u0117\",\"item\":\"https:\\\/\\\/kidsplay.lt\\\/parduotuve\\\/\"},{\"@type\":\"ListItem\",\"position\":3,\"name\":\"MASTERKIDZ medinis prekybos mug\u0117s stendas \u017eaidim\u0173 parduotuv\u0117\"}]},{\"@type\":\"WebSite\",\"@id\":\"https:\\\/\\\/kidsplay.lt\\\/#website\",\"url\":\"https:\\\/\\\/kidsplay.lt\\\/\",\"name\":\"Kidsplay.lt\",\"description\":\"\u012evairios prek\u0117s vaikams\",\"publisher\":{\"@id\":\"https:\\\/\\\/kidsplay.lt\\\/#organization\"},\"alternateName\":\"Kidsplay\",\"potentialAction\":[{\"@type\":\"SearchAction\",\"target\":{\"@type\":\"EntryPoint\",\"urlTemplate\":\"https:\\\/\\\/kidsplay.lt\\\/?s={search_term_string}\"},\"query-input\":{\"@type\":\"PropertyValueSpecification\",\"valueRequired\":true,\"valueName\":\"search_term_string\"}}],\"inLanguage\":\"lv-LV\"},{\"@type\":\"Organization\",\"@id\":\"https:\\\/\\\/kidsplay.lt\\\/#organization\",\"name\":\"KidsPlay\",\"url\":\"https:\\\/\\\/kidsplay.lt\\\/\",\"logo\":{\"@type\":\"ImageObject\",\"inLanguage\":\"lv-LV\",\"@id\":\"https:\\\/\\\/kidsplay.lt\\\/#\\\/schema\\\/logo\\\/image\\\/\",\"url\":\"https:\\\/\\\/kidsplay.lt\\\/wp-content\\\/uploads\\\/2023\\\/07\\\/kidsplay-logo.png\",\"contentUrl\":\"https:\\\/\\\/kidsplay.lt\\\/wp-content\\\/uploads\\\/2023\\\/07\\\/kidsplay-logo.png\",\"width\":451,\"height\":98,\"caption\":\"KidsPlay\"},\"image\":{\"@id\":\"https:\\\/\\\/kidsplay.lt\\\/#\\\/schema\\\/logo\\\/image\\\/\"},\"sameAs\":[\"https:\\\/\\\/www.facebook.com\\\/www.kidsplay.lt\"]}]}<\/script>\n<!-- \/ Yoast SEO plugin. -->","yoast_head_json":{"title":"MASTERKIDZ koka tirdzniec\u012bbas stends sp\u0113\u013cu veikalam","description":"MASTERKIDZ medinis prekybos mug\u0117s stendas \u017eaidim\u0173 parduotuv\u0117 - KidsPlay. Did\u017eiausias vaik\u0173 \u017eaisl\u0173 pasirinkimas.","robots":{"index":"index","follow":"follow","max-snippet":"max-snippet:-1","max-image-preview":"max-image-preview:large","max-video-preview":"max-video-preview:-1"},"canonical":"https:\/\/kidsplay.lt\/lv\/products\/masterkidz-medinis-prekybos-muges-stendas-zaidimu-parduotuve\/","og_locale":"lv_LV","og_type":"article","og_title":"MASTERKIDZ medinis prekybos mug\u0117s stendas \u017eaidim\u0173 parduotuv\u0117","og_description":"MASTERKIDZ medinis prekybos mug\u0117s stendas \u017eaidim\u0173 parduotuv\u0117 - KidsPlay. Did\u017eiausias vaik\u0173 \u017eaisl\u0173 pasirinkimas.","og_url":"https:\/\/kidsplay.lt\/lv\/products\/masterkidz-medinis-prekybos-muges-stendas-zaidimu-parduotuve\/","og_site_name":"KidsPlay","article_publisher":"https:\/\/www.facebook.com\/www.kidsplay.lt","article_modified_time":"2026-04-07T07:40:16+00:00","og_image":[{"width":1420,"height":1067,"url":"https:\/\/kidsplay.lt\/wp-content\/uploads\/2025\/10\/MASTERKIDZ-medinis-prekybos-muges-stendas-zaidimu-parduotuve.jpg","type":"image\/jpeg"}],"twitter_card":"summary_large_image","twitter_misc":{"Est. reading time":"1 min\u016bte"},"schema":{"@context":"https:\/\/schema.org","@graph":[{"@type":"WebPage","@id":"https:\/\/kidsplay.lt\/produktas\/masterkidz-medinis-prekybos-muges-stendas-zaidimu-parduotuve\/","url":"https:\/\/kidsplay.lt\/produktas\/masterkidz-medinis-prekybos-muges-stendas-zaidimu-parduotuve\/","name":"MASTERKIDZ koka tirdzniec\u012bbas stends sp\u0113\u013cu veikalam","isPartOf":{"@id":"https:\/\/kidsplay.lt\/#website"},"primaryImageOfPage":{"@id":"https:\/\/kidsplay.lt\/produktas\/masterkidz-medinis-prekybos-muges-stendas-zaidimu-parduotuve\/#primaryimage"},"image":{"@id":"https:\/\/kidsplay.lt\/produktas\/masterkidz-medinis-prekybos-muges-stendas-zaidimu-parduotuve\/#primaryimage"},"thumbnailUrl":"https:\/\/kidsplay.lt\/wp-content\/uploads\/2025\/10\/MASTERKIDZ-medinis-prekybos-muges-stendas-zaidimu-parduotuve.jpg","datePublished":"2026-02-26T07:24:45+00:00","dateModified":"2026-04-07T07:40:16+00:00","description":"MASTERKIDZ medinis prekybos mug\u0117s stendas \u017eaidim\u0173 parduotuv\u0117 - KidsPlay. Did\u017eiausias vaik\u0173 \u017eaisl\u0173 pasirinkimas.","breadcrumb":{"@id":"https:\/\/kidsplay.lt\/produktas\/masterkidz-medinis-prekybos-muges-stendas-zaidimu-parduotuve\/#breadcrumb"},"inLanguage":"lv-LV","potentialAction":[{"@type":"ReadAction","target":["https:\/\/kidsplay.lt\/produktas\/masterkidz-medinis-prekybos-muges-stendas-zaidimu-parduotuve\/"]}]},{"@type":"ImageObject","inLanguage":"lv-LV","@id":"https:\/\/kidsplay.lt\/produktas\/masterkidz-medinis-prekybos-muges-stendas-zaidimu-parduotuve\/#primaryimage","url":"https:\/\/kidsplay.lt\/wp-content\/uploads\/2025\/10\/MASTERKIDZ-medinis-prekybos-muges-stendas-zaidimu-parduotuve.jpg","contentUrl":"https:\/\/kidsplay.lt\/wp-content\/uploads\/2025\/10\/MASTERKIDZ-medinis-prekybos-muges-stendas-zaidimu-parduotuve.jpg","width":1420,"height":1067,"caption":"MASTERKIDZ medinis prekybos mug\u0117s stendas \u017eaidim\u0173 parduotuv\u0117"},{"@type":"BreadcrumbList","@id":"https:\/\/kidsplay.lt\/produktas\/masterkidz-medinis-prekybos-muges-stendas-zaidimu-parduotuve\/#breadcrumb","itemListElement":[{"@type":"ListItem","position":1,"name":"Pagrindinis","item":"https:\/\/kidsplay.lt\/"},{"@type":"ListItem","position":2,"name":"Parduotuv\u0117","item":"https:\/\/kidsplay.lt\/parduotuve\/"},{"@type":"ListItem","position":3,"name":"MASTERKIDZ medinis prekybos mug\u0117s stendas \u017eaidim\u0173 parduotuv\u0117"}]},{"@type":"WebSite","@id":"https:\/\/kidsplay.lt\/#website","url":"https:\/\/kidsplay.lt\/","name":"B\u0113rnu sp\u0113les.lv","description":"\u012evairios prek\u0117s vaikams","publisher":{"@id":"https:\/\/kidsplay.lt\/#organization"},"alternateName":"Kidsplay","potentialAction":[{"@type":"SearchAction","target":{"@type":"EntryPoint","urlTemplate":"https:\/\/kidsplay.lt\/?s={search_term_string}"},"query-input":{"@type":"PropertyValueSpecification","valueRequired":true,"valueName":"search_term_string"}}],"inLanguage":"lv-LV"},{"@type":"Organization","@id":"https:\/\/kidsplay.lt\/#organization","name":"B\u0113rnu sp\u0113le","url":"https:\/\/kidsplay.lt\/","logo":{"@type":"ImageObject","inLanguage":"lv-LV","@id":"https:\/\/kidsplay.lt\/#\/schema\/logo\/image\/","url":"https:\/\/kidsplay.lt\/wp-content\/uploads\/2023\/07\/kidsplay-logo.png","contentUrl":"https:\/\/kidsplay.lt\/wp-content\/uploads\/2023\/07\/kidsplay-logo.png","width":451,"height":98,"caption":"KidsPlay"},"image":{"@id":"https:\/\/kidsplay.lt\/#\/schema\/logo\/image\/"},"sameAs":["https:\/\/www.facebook.com\/www.kidsplay.lt"]}]}},"_links":{"self":[{"href":"https:\/\/kidsplay.lt\/lv\/wp-json\/wp\/v2\/product\/89583","targetHints":{"allow":["GET"]}}],"collection":[{"href":"https:\/\/kidsplay.lt\/lv\/wp-json\/wp\/v2\/product"}],"about":[{"href":"https:\/\/kidsplay.lt\/lv\/wp-json\/wp\/v2\/types\/product"}],"version-history":[{"count":1,"href":"https:\/\/kidsplay.lt\/lv\/wp-json\/wp\/v2\/product\/89583\/revisions"}],"predecessor-version":[{"id":89584,"href":"https:\/\/kidsplay.lt\/lv\/wp-json\/wp\/v2\/product\/89583\/revisions\/89584"}],"wp:featuredmedia":[{"embeddable":true,"href":"https:\/\/kidsplay.lt\/lv\/wp-json\/wp\/v2\/media\/76608"}],"wp:attachment":[{"href":"https:\/\/kidsplay.lt\/lv\/wp-json\/wp\/v2\/media?parent=89583"}],"wp:term":[{"taxonomy":"product_brand","embeddable":true,"href":"https:\/\/kidsplay.lt\/lv\/wp-json\/wp\/v2\/product_brand?post=89583"},{"taxonomy":"product_cat","embeddable":true,"href":"https:\/\/kidsplay.lt\/lv\/wp-json\/wp\/v2\/product_cat?post=89583"},{"taxonomy":"product_tag","embeddable":true,"href":"https:\/\/kidsplay.lt\/lv\/wp-json\/wp\/v2\/product_tag?post=89583"}],"curies":[{"name":"wp","href":"https:\/\/api.w.org\/{rel}","templated":true}]}}