{"id":89585,"date":"2026-02-26T09:24:48","date_gmt":"2026-02-26T07:24:48","guid":{"rendered":"https:\/\/kidsplay.lt\/produktas\/montessori-medinis-rusiuotojas-formoms-medziagoms-pavirsiaus-teksturoms\/"},"modified":"2026-04-07T10:40:20","modified_gmt":"2026-04-07T07:40:20","slug":"montessori-medinis-rusiuotojas-formoms-medziagoms-pavirsiaus-teksturoms","status":"publish","type":"product","link":"https:\/\/kidsplay.lt\/lv\/products\/montessori-medinis-rusiuotojas-formoms-medziagoms-pavirsiaus-teksturoms\/","title":{"rendered":"Montessori medinis r\u016b\u0161iuotojas formoms, med\u017eiagoms, pavir\u0161iaus tekst\u016broms"},"content":{"rendered":"<p>Fantasti\u0161kas\u00a0medinis interaktyvus Masterkidz \u017eaislas\u00a0,\u00a0kuris\u00a0pad\u0117s lavinti j\u016bs\u0173 vaiko\u00a0lyt\u0117jimo jausm\u0105\u00a0.\u00a0Medinis\u00a0r\u016b\u0161iuotojas\u00a0apjungia kelet\u0105 labai svarbi\u0173 funkcij\u0173. Vaikas gali\u00a0derinti kalad\u0117li\u0173 formas, spalvas ir pavir\u0161iaus tekst\u016bras.\u00a0Rinkinyje yra 4 poros deran\u010di\u0173 medini\u0173 kalad\u0117li\u0173, kurias pirmiausia reikia sud\u0117ti \u012f medin\u0119 lent\u0105, o po to poromis vien\u0105 \u012f kit\u0105.<\/p>\n<p>\u017daisl\u0105 taip pat galima naudoti norint\u00a0i\u0161mokti keturi\u0173 pagrindini\u0173 spalv\u0173\u00a0: raudonos, m\u0117lynos, geltonos ir \u017ealios. Viskas, ko jums reikia, yra \u0161iek tiek j\u016bs\u0173 glob\u0117jo pagalbos. Mokytojas taip pat gali naudoti\u00a0skirting\u0173 tekst\u016br\u0173\u00a0kalad\u0117les ir papra\u0161yti vaiko apib\u016bdinti lie\u010diam\u0105 pavir\u0161i\u0173.\u00a0Tai lavina ma\u017eylio vaizduot\u0119 ir lyt\u0117jimo jausm\u0105.<\/p>\n<p>Medinis lavinantis \u017eaislas\u00a0.\u00a0Pasirink\u0119 Masterkidz medinius\u00a0\u017eaislus\u00a0suma\u017einate plastiko atliek\u0173 susidarym\u0105 ir r\u016bpinat\u0117s aplinka. Interaktyv\u016bs \u017eaislai vaikams \u2013 puiki dovan\u0173 id\u0117ja.<\/p>","protected":false},"excerpt":{"rendered":"<p>Fantasti\u0161kas\u00a0medinis interaktyvus Masterkidz \u017eaislas\u00a0,\u00a0kuris\u00a0pad\u0117s lavinti j\u016bs\u0173 vaiko\u00a0lyt\u0117jimo jausm\u0105\u00a0.\u00a0Medinis\u00a0r\u016b\u0161iuotojas\u00a0apjungia kelet\u0105 labai svarbi\u0173 funkcij\u0173. Vaikas gali\u00a0derinti kalad\u0117li\u0173 formas, spalvas ir pavir\u0161iaus tekst\u016bras.\u00a0Rinkinyje<\/p>","protected":false},"featured_media":55377,"template":"","meta":{"_acf_changed":false,"_glsr_average":0,"_glsr_ranking":0,"_glsr_reviews":0},"product_brand":[],"product_cat":[673],"product_tag":[],"class_list":{"0":"post-89585","1":"product","2":"type-product","3":"status-publish","4":"has-post-thumbnail","6":"product_cat-ugdomosios-priemones","7":"\"style=\"background-color: #2ecc711c;\"","9":"first","10":"instock","11":"purchasable","12":"product-type-simple"},"acf":[],"yoast_head":"<!-- This site is optimized with the Yoast SEO plugin v27.3 - https:\/\/yoast.com\/product\/yoast-seo-wordpress\/ -->\n<title>Montessori medinis r\u016b\u0161iuotojas formoms, med\u017eiagoms, pavir\u0161iaus tekst\u016broms<\/title>\n<meta name=\"description\" content=\"Montessori medinis r\u016b\u0161iuotojas formoms, med\u017eiagoms, pavir\u0161iaus tekst\u016broms - KidsPlay. Did\u017eiausias vaik\u0173 \u017eaisl\u0173 pasirinkimas.\" \/>\n<meta name=\"robots\" content=\"index, follow, max-snippet:-1, max-image-preview:large, max-video-preview:-1\" \/>\n<link rel=\"canonical\" href=\"https:\/\/kidsplay.lt\/lv\/products\/montessori-medinis-rusiuotojas-formoms-medziagoms-pavirsiaus-teksturoms\/\" \/>\n<meta property=\"og:locale\" content=\"lv_LV\" \/>\n<meta property=\"og:type\" content=\"article\" \/>\n<meta property=\"og:title\" content=\"Montessori medinis r\u016b\u0161iuotojas formoms, med\u017eiagoms, pavir\u0161iaus tekst\u016broms\" \/>\n<meta property=\"og:description\" content=\"Montessori medinis r\u016b\u0161iuotojas formoms, med\u017eiagoms, pavir\u0161iaus tekst\u016broms - KidsPlay. Did\u017eiausias vaik\u0173 \u017eaisl\u0173 pasirinkimas.\" \/>\n<meta property=\"og:url\" content=\"https:\/\/kidsplay.lt\/lv\/products\/montessori-medinis-rusiuotojas-formoms-medziagoms-pavirsiaus-teksturoms\/\" \/>\n<meta property=\"og:site_name\" content=\"KidsPlay\" \/>\n<meta property=\"article:publisher\" content=\"https:\/\/www.facebook.com\/www.kidsplay.lt\" \/>\n<meta property=\"article:modified_time\" content=\"2026-04-07T07:40:20+00:00\" \/>\n<meta property=\"og:image\" content=\"https:\/\/kidsplay.lt\/wp-content\/uploads\/2024\/09\/Montessori-medinis-rusiuotojas-formoms-medziagoms-pavirsiaus-teksturoms.jpg\" \/>\n\t<meta property=\"og:image:width\" content=\"2500\" \/>\n\t<meta property=\"og:image:height\" content=\"2500\" \/>\n\t<meta property=\"og:image:type\" content=\"image\/jpeg\" \/>\n<meta name=\"twitter:card\" content=\"summary_large_image\" \/>\n<meta name=\"twitter:label1\" content=\"Est. reading time\" \/>\n\t<meta name=\"twitter:data1\" content=\"1 min\u016bte\" \/>\n<script type=\"application\/ld+json\" class=\"yoast-schema-graph\">{\"@context\":\"https:\\\/\\\/schema.org\",\"@graph\":[{\"@type\":\"WebPage\",\"@id\":\"https:\\\/\\\/kidsplay.lt\\\/produktas\\\/montessori-medinis-rusiuotojas-formoms-medziagoms-pavirsiaus-teksturoms\\\/\",\"url\":\"https:\\\/\\\/kidsplay.lt\\\/produktas\\\/montessori-medinis-rusiuotojas-formoms-medziagoms-pavirsiaus-teksturoms\\\/\",\"name\":\"Montessori medinis r\u016b\u0161iuotojas formoms, med\u017eiagoms, pavir\u0161iaus tekst\u016broms\",\"isPartOf\":{\"@id\":\"https:\\\/\\\/kidsplay.lt\\\/#website\"},\"primaryImageOfPage\":{\"@id\":\"https:\\\/\\\/kidsplay.lt\\\/produktas\\\/montessori-medinis-rusiuotojas-formoms-medziagoms-pavirsiaus-teksturoms\\\/#primaryimage\"},\"image\":{\"@id\":\"https:\\\/\\\/kidsplay.lt\\\/produktas\\\/montessori-medinis-rusiuotojas-formoms-medziagoms-pavirsiaus-teksturoms\\\/#primaryimage\"},\"thumbnailUrl\":\"https:\\\/\\\/kidsplay.lt\\\/wp-content\\\/uploads\\\/2024\\\/09\\\/Montessori-medinis-rusiuotojas-formoms-medziagoms-pavirsiaus-teksturoms.jpg\",\"datePublished\":\"2026-02-26T07:24:48+00:00\",\"dateModified\":\"2026-04-07T07:40:20+00:00\",\"description\":\"Montessori medinis r\u016b\u0161iuotojas formoms, med\u017eiagoms, pavir\u0161iaus tekst\u016broms - KidsPlay. Did\u017eiausias vaik\u0173 \u017eaisl\u0173 pasirinkimas.\",\"breadcrumb\":{\"@id\":\"https:\\\/\\\/kidsplay.lt\\\/produktas\\\/montessori-medinis-rusiuotojas-formoms-medziagoms-pavirsiaus-teksturoms\\\/#breadcrumb\"},\"inLanguage\":\"lv-LV\",\"potentialAction\":[{\"@type\":\"ReadAction\",\"target\":[\"https:\\\/\\\/kidsplay.lt\\\/produktas\\\/montessori-medinis-rusiuotojas-formoms-medziagoms-pavirsiaus-teksturoms\\\/\"]}]},{\"@type\":\"ImageObject\",\"inLanguage\":\"lv-LV\",\"@id\":\"https:\\\/\\\/kidsplay.lt\\\/produktas\\\/montessori-medinis-rusiuotojas-formoms-medziagoms-pavirsiaus-teksturoms\\\/#primaryimage\",\"url\":\"https:\\\/\\\/kidsplay.lt\\\/wp-content\\\/uploads\\\/2024\\\/09\\\/Montessori-medinis-rusiuotojas-formoms-medziagoms-pavirsiaus-teksturoms.jpg\",\"contentUrl\":\"https:\\\/\\\/kidsplay.lt\\\/wp-content\\\/uploads\\\/2024\\\/09\\\/Montessori-medinis-rusiuotojas-formoms-medziagoms-pavirsiaus-teksturoms.jpg\",\"width\":2500,\"height\":2500,\"caption\":\"Montessori medinis r\u016b\u0161iuotojas formoms\"},{\"@type\":\"BreadcrumbList\",\"@id\":\"https:\\\/\\\/kidsplay.lt\\\/produktas\\\/montessori-medinis-rusiuotojas-formoms-medziagoms-pavirsiaus-teksturoms\\\/#breadcrumb\",\"itemListElement\":[{\"@type\":\"ListItem\",\"position\":1,\"name\":\"Pagrindinis\",\"item\":\"https:\\\/\\\/kidsplay.lt\\\/\"},{\"@type\":\"ListItem\",\"position\":2,\"name\":\"Parduotuv\u0117\",\"item\":\"https:\\\/\\\/kidsplay.lt\\\/parduotuve\\\/\"},{\"@type\":\"ListItem\",\"position\":3,\"name\":\"Montessori medinis r\u016b\u0161iuotojas formoms, med\u017eiagoms, pavir\u0161iaus tekst\u016broms\"}]},{\"@type\":\"WebSite\",\"@id\":\"https:\\\/\\\/kidsplay.lt\\\/#website\",\"url\":\"https:\\\/\\\/kidsplay.lt\\\/\",\"name\":\"Kidsplay.lt\",\"description\":\"\u012evairios prek\u0117s vaikams\",\"publisher\":{\"@id\":\"https:\\\/\\\/kidsplay.lt\\\/#organization\"},\"alternateName\":\"Kidsplay\",\"potentialAction\":[{\"@type\":\"SearchAction\",\"target\":{\"@type\":\"EntryPoint\",\"urlTemplate\":\"https:\\\/\\\/kidsplay.lt\\\/?s={search_term_string}\"},\"query-input\":{\"@type\":\"PropertyValueSpecification\",\"valueRequired\":true,\"valueName\":\"search_term_string\"}}],\"inLanguage\":\"lv-LV\"},{\"@type\":\"Organization\",\"@id\":\"https:\\\/\\\/kidsplay.lt\\\/#organization\",\"name\":\"KidsPlay\",\"url\":\"https:\\\/\\\/kidsplay.lt\\\/\",\"logo\":{\"@type\":\"ImageObject\",\"inLanguage\":\"lv-LV\",\"@id\":\"https:\\\/\\\/kidsplay.lt\\\/#\\\/schema\\\/logo\\\/image\\\/\",\"url\":\"https:\\\/\\\/kidsplay.lt\\\/wp-content\\\/uploads\\\/2023\\\/07\\\/kidsplay-logo.png\",\"contentUrl\":\"https:\\\/\\\/kidsplay.lt\\\/wp-content\\\/uploads\\\/2023\\\/07\\\/kidsplay-logo.png\",\"width\":451,\"height\":98,\"caption\":\"KidsPlay\"},\"image\":{\"@id\":\"https:\\\/\\\/kidsplay.lt\\\/#\\\/schema\\\/logo\\\/image\\\/\"},\"sameAs\":[\"https:\\\/\\\/www.facebook.com\\\/www.kidsplay.lt\"]}]}<\/script>\n<!-- \/ Yoast SEO plugin. -->","yoast_head_json":{"title":"Montessori medinis r\u016b\u0161iuotojas formoms, med\u017eiagoms, pavir\u0161iaus tekst\u016broms","description":"Montessori medinis r\u016b\u0161iuotojas formoms, med\u017eiagoms, pavir\u0161iaus tekst\u016broms - KidsPlay. Did\u017eiausias vaik\u0173 \u017eaisl\u0173 pasirinkimas.","robots":{"index":"index","follow":"follow","max-snippet":"max-snippet:-1","max-image-preview":"max-image-preview:large","max-video-preview":"max-video-preview:-1"},"canonical":"https:\/\/kidsplay.lt\/lv\/products\/montessori-medinis-rusiuotojas-formoms-medziagoms-pavirsiaus-teksturoms\/","og_locale":"lv_LV","og_type":"article","og_title":"Montessori medinis r\u016b\u0161iuotojas formoms, med\u017eiagoms, pavir\u0161iaus tekst\u016broms","og_description":"Montessori medinis r\u016b\u0161iuotojas formoms, med\u017eiagoms, pavir\u0161iaus tekst\u016broms - KidsPlay. Did\u017eiausias vaik\u0173 \u017eaisl\u0173 pasirinkimas.","og_url":"https:\/\/kidsplay.lt\/lv\/products\/montessori-medinis-rusiuotojas-formoms-medziagoms-pavirsiaus-teksturoms\/","og_site_name":"KidsPlay","article_publisher":"https:\/\/www.facebook.com\/www.kidsplay.lt","article_modified_time":"2026-04-07T07:40:20+00:00","og_image":[{"width":2500,"height":2500,"url":"https:\/\/kidsplay.lt\/wp-content\/uploads\/2024\/09\/Montessori-medinis-rusiuotojas-formoms-medziagoms-pavirsiaus-teksturoms.jpg","type":"image\/jpeg"}],"twitter_card":"summary_large_image","twitter_misc":{"Est. reading time":"1 min\u016bte"},"schema":{"@context":"https:\/\/schema.org","@graph":[{"@type":"WebPage","@id":"https:\/\/kidsplay.lt\/produktas\/montessori-medinis-rusiuotojas-formoms-medziagoms-pavirsiaus-teksturoms\/","url":"https:\/\/kidsplay.lt\/produktas\/montessori-medinis-rusiuotojas-formoms-medziagoms-pavirsiaus-teksturoms\/","name":"Montessori medinis r\u016b\u0161iuotojas formoms, med\u017eiagoms, pavir\u0161iaus tekst\u016broms","isPartOf":{"@id":"https:\/\/kidsplay.lt\/#website"},"primaryImageOfPage":{"@id":"https:\/\/kidsplay.lt\/produktas\/montessori-medinis-rusiuotojas-formoms-medziagoms-pavirsiaus-teksturoms\/#primaryimage"},"image":{"@id":"https:\/\/kidsplay.lt\/produktas\/montessori-medinis-rusiuotojas-formoms-medziagoms-pavirsiaus-teksturoms\/#primaryimage"},"thumbnailUrl":"https:\/\/kidsplay.lt\/wp-content\/uploads\/2024\/09\/Montessori-medinis-rusiuotojas-formoms-medziagoms-pavirsiaus-teksturoms.jpg","datePublished":"2026-02-26T07:24:48+00:00","dateModified":"2026-04-07T07:40:20+00:00","description":"Montessori medinis r\u016b\u0161iuotojas formoms, med\u017eiagoms, pavir\u0161iaus tekst\u016broms - KidsPlay. Did\u017eiausias vaik\u0173 \u017eaisl\u0173 pasirinkimas.","breadcrumb":{"@id":"https:\/\/kidsplay.lt\/produktas\/montessori-medinis-rusiuotojas-formoms-medziagoms-pavirsiaus-teksturoms\/#breadcrumb"},"inLanguage":"lv-LV","potentialAction":[{"@type":"ReadAction","target":["https:\/\/kidsplay.lt\/produktas\/montessori-medinis-rusiuotojas-formoms-medziagoms-pavirsiaus-teksturoms\/"]}]},{"@type":"ImageObject","inLanguage":"lv-LV","@id":"https:\/\/kidsplay.lt\/produktas\/montessori-medinis-rusiuotojas-formoms-medziagoms-pavirsiaus-teksturoms\/#primaryimage","url":"https:\/\/kidsplay.lt\/wp-content\/uploads\/2024\/09\/Montessori-medinis-rusiuotojas-formoms-medziagoms-pavirsiaus-teksturoms.jpg","contentUrl":"https:\/\/kidsplay.lt\/wp-content\/uploads\/2024\/09\/Montessori-medinis-rusiuotojas-formoms-medziagoms-pavirsiaus-teksturoms.jpg","width":2500,"height":2500,"caption":"Montessori medinis r\u016b\u0161iuotojas formoms"},{"@type":"BreadcrumbList","@id":"https:\/\/kidsplay.lt\/produktas\/montessori-medinis-rusiuotojas-formoms-medziagoms-pavirsiaus-teksturoms\/#breadcrumb","itemListElement":[{"@type":"ListItem","position":1,"name":"Pagrindinis","item":"https:\/\/kidsplay.lt\/"},{"@type":"ListItem","position":2,"name":"Parduotuv\u0117","item":"https:\/\/kidsplay.lt\/parduotuve\/"},{"@type":"ListItem","position":3,"name":"Montessori medinis r\u016b\u0161iuotojas formoms, med\u017eiagoms, pavir\u0161iaus tekst\u016broms"}]},{"@type":"WebSite","@id":"https:\/\/kidsplay.lt\/#website","url":"https:\/\/kidsplay.lt\/","name":"B\u0113rnu sp\u0113les.lv","description":"\u012evairios prek\u0117s vaikams","publisher":{"@id":"https:\/\/kidsplay.lt\/#organization"},"alternateName":"Kidsplay","potentialAction":[{"@type":"SearchAction","target":{"@type":"EntryPoint","urlTemplate":"https:\/\/kidsplay.lt\/?s={search_term_string}"},"query-input":{"@type":"PropertyValueSpecification","valueRequired":true,"valueName":"search_term_string"}}],"inLanguage":"lv-LV"},{"@type":"Organization","@id":"https:\/\/kidsplay.lt\/#organization","name":"B\u0113rnu sp\u0113le","url":"https:\/\/kidsplay.lt\/","logo":{"@type":"ImageObject","inLanguage":"lv-LV","@id":"https:\/\/kidsplay.lt\/#\/schema\/logo\/image\/","url":"https:\/\/kidsplay.lt\/wp-content\/uploads\/2023\/07\/kidsplay-logo.png","contentUrl":"https:\/\/kidsplay.lt\/wp-content\/uploads\/2023\/07\/kidsplay-logo.png","width":451,"height":98,"caption":"KidsPlay"},"image":{"@id":"https:\/\/kidsplay.lt\/#\/schema\/logo\/image\/"},"sameAs":["https:\/\/www.facebook.com\/www.kidsplay.lt"]}]}},"_links":{"self":[{"href":"https:\/\/kidsplay.lt\/lv\/wp-json\/wp\/v2\/product\/89585","targetHints":{"allow":["GET"]}}],"collection":[{"href":"https:\/\/kidsplay.lt\/lv\/wp-json\/wp\/v2\/product"}],"about":[{"href":"https:\/\/kidsplay.lt\/lv\/wp-json\/wp\/v2\/types\/product"}],"version-history":[{"count":1,"href":"https:\/\/kidsplay.lt\/lv\/wp-json\/wp\/v2\/product\/89585\/revisions"}],"predecessor-version":[{"id":89586,"href":"https:\/\/kidsplay.lt\/lv\/wp-json\/wp\/v2\/product\/89585\/revisions\/89586"}],"wp:featuredmedia":[{"embeddable":true,"href":"https:\/\/kidsplay.lt\/lv\/wp-json\/wp\/v2\/media\/55377"}],"wp:attachment":[{"href":"https:\/\/kidsplay.lt\/lv\/wp-json\/wp\/v2\/media?parent=89585"}],"wp:term":[{"taxonomy":"product_brand","embeddable":true,"href":"https:\/\/kidsplay.lt\/lv\/wp-json\/wp\/v2\/product_brand?post=89585"},{"taxonomy":"product_cat","embeddable":true,"href":"https:\/\/kidsplay.lt\/lv\/wp-json\/wp\/v2\/product_cat?post=89585"},{"taxonomy":"product_tag","embeddable":true,"href":"https:\/\/kidsplay.lt\/lv\/wp-json\/wp\/v2\/product_tag?post=89585"}],"curies":[{"name":"wp","href":"https:\/\/api.w.org\/{rel}","templated":true}]}}