{"id":89587,"date":"2026-02-26T09:24:51","date_gmt":"2026-02-26T07:24:51","guid":{"rendered":"https:\/\/kidsplay.lt\/produktas\/masterkidz-medinis-figureliu-rusiuoklis-spalvingi-gyvunai-montessori\/"},"modified":"2026-04-07T10:40:22","modified_gmt":"2026-04-07T07:40:22","slug":"masterkidz-medinis-figureliu-rusiuoklis-spalvingi-gyvunai-montessori","status":"publish","type":"product","link":"https:\/\/kidsplay.lt\/lv\/products\/masterkidz-medinis-figureliu-rusiuoklis-spalvingi-gyvunai-montessori\/","title":{"rendered":"MASTERKIDZ medinis fig\u016br\u0117li\u0173 r\u016b\u0161iuoklis, spalvingi gyv\u016bnai, Montessori"},"content":{"rendered":"<p>\u201eMasterkidz\u201c spalving\u0173 gyv\u016bn\u0173 form\u0173 r\u016b\u0161iuoklis yra puikus medinis \u017eaislas vaikams, turintis daug panaudojimo galimybi\u0173. \u0160is \u017eaislas puikiai tinka ne tik vaiko pramogai. D\u0117l medini\u0173 kalad\u0117li\u0173, suformuot\u0173 kaip spalvingi gyv\u016bnai, j\u016bs\u0173 ma\u017eylis gali i\u0161mokti j\u0173 vardus angl\u0173 kalba. Kitas \u017eaislo tikslas \u2013 lavinti loginio m\u0105stymo \u012fg\u016bd\u017eius. Vaikai turi priderinti gyv\u016bn\u0117lius prie atitinkam\u0173 medin\u0117s lentos skylu\u010di\u0173, o tam reikia susikaupimo ir form\u0173 analiz\u0117s. Rad\u0119s tinkam\u0105 form\u0105, vaikas turi j\u0105 \u012fd\u0117ti \u012f tinkam\u0105 skylut\u0119, o tam reikalinga aki\u0173 ir rank\u0173 koordinacija.<\/p>\n<p>Rakstur\u012bgs:<\/p>\n<p> \t&#8211; Moderni, spalvinga lenta form\u0173 ir spalv\u0173 mokymuisi.<br \/>\n \t&#8211; Pagaminta i\u0161 tvirtos medienos<br \/>\n \t&#8211; Lentoje yra grioveliai, \u012f kuriuos reikia \u012fstatyti atitinkamus medinius kalad\u0117les &#8211; gyv\u016bnus.<br \/>\n \t&#8211; Kiekvienas gyv\u016bnas turi savo pavadinim\u0105 angl\u0173 kalba, kuris leid\u017eia vaikams i\u0161mokti pirmuosius \u017eod\u017eius u\u017esienio kalba.<br \/>\n \t&#8211; Manipuliavimo lenta padeda lavinti motorinius \u012fg\u016bd\u017eius, judesi\u0173 koordinacij\u0105, erdvin\u012f suvokim\u0105, login\u012f m\u0105stym\u0105, atmint\u012f ir susikaupim\u0105!<br \/>\n \t&#8211; Lenta puikiai tinka dar\u017eeliams ir kitoms \u0161vietimo \u012fstaigoms.<\/p>\n<p>Rota\u013clieta att\u012bst\u0101s:<\/p>\n<p> \t&#8211; Motoriniai \u012fg\u016bd\u017eiai<br \/>\n \t&#8211; Logika<br \/>\n \t&#8211; Geb\u0117jimas atpa\u017einti formas ir spalvas<\/p>","protected":false},"excerpt":{"rendered":"<p>\u201eMasterkidz\u201c spalving\u0173 gyv\u016bn\u0173 form\u0173 r\u016b\u0161iuoklis yra puikus medinis \u017eaislas vaikams, turintis daug panaudojimo galimybi\u0173. \u0160is \u017eaislas puikiai tinka ne tik<\/p>","protected":false},"featured_media":67579,"template":"","meta":{"_acf_changed":false,"_glsr_average":0,"_glsr_ranking":0,"_glsr_reviews":0},"product_brand":[],"product_cat":[673,229],"product_tag":[],"class_list":{"0":"post-89587","1":"product","2":"type-product","3":"status-publish","4":"has-post-thumbnail","6":"product_cat-ugdomosios-priemones","7":"product_cat-zaislai-vaikams","8":"\"style=\"background-color: #2ecc711c;\"","10":"first","11":"instock","12":"purchasable","13":"product-type-simple"},"acf":[],"yoast_head":"<!-- This site is optimized with the Yoast SEO plugin v27.3 - https:\/\/yoast.com\/product\/yoast-seo-wordpress\/ -->\n<title>MASTERKIDZ medinis fig\u016br\u0117li\u0173 r\u016b\u0161iuoklis, spalvingi gyv\u016bnai, Montessori<\/title>\n<meta name=\"description\" content=\"MASTERKIDZ medinis fig\u016br\u0117li\u0173 r\u016b\u0161iuoklis, spalvingi gyv\u016bnai, Montessori - KidsPlay. Did\u017eiausias vaik\u0173 \u017eaisl\u0173 pasirinkimas.\" \/>\n<meta name=\"robots\" content=\"index, follow, max-snippet:-1, max-image-preview:large, max-video-preview:-1\" \/>\n<link rel=\"canonical\" href=\"https:\/\/kidsplay.lt\/lv\/products\/masterkidz-medinis-figureliu-rusiuoklis-spalvingi-gyvunai-montessori\/\" \/>\n<meta property=\"og:locale\" content=\"lv_LV\" \/>\n<meta property=\"og:type\" content=\"article\" \/>\n<meta property=\"og:title\" content=\"MASTERKIDZ medinis fig\u016br\u0117li\u0173 r\u016b\u0161iuoklis, spalvingi gyv\u016bnai, Montessori\" \/>\n<meta property=\"og:description\" content=\"MASTERKIDZ medinis fig\u016br\u0117li\u0173 r\u016b\u0161iuoklis, spalvingi gyv\u016bnai, Montessori - KidsPlay. Did\u017eiausias vaik\u0173 \u017eaisl\u0173 pasirinkimas.\" \/>\n<meta property=\"og:url\" content=\"https:\/\/kidsplay.lt\/lv\/products\/masterkidz-medinis-figureliu-rusiuoklis-spalvingi-gyvunai-montessori\/\" \/>\n<meta property=\"og:site_name\" content=\"KidsPlay\" \/>\n<meta property=\"article:publisher\" content=\"https:\/\/www.facebook.com\/www.kidsplay.lt\" \/>\n<meta property=\"article:modified_time\" content=\"2026-04-07T07:40:22+00:00\" \/>\n<meta property=\"og:image\" content=\"https:\/\/kidsplay.lt\/wp-content\/uploads\/2025\/09\/MASTERKIDZ-medinis-figureliu-rusiuoklis-spalvingi-gyvunai-Montessori.jpg\" \/>\n\t<meta property=\"og:image:width\" content=\"2500\" \/>\n\t<meta property=\"og:image:height\" content=\"2500\" \/>\n\t<meta property=\"og:image:type\" content=\"image\/jpeg\" \/>\n<meta name=\"twitter:card\" content=\"summary_large_image\" \/>\n<meta name=\"twitter:label1\" content=\"Est. reading time\" \/>\n\t<meta name=\"twitter:data1\" content=\"1 min\u016bte\" \/>\n<script type=\"application\/ld+json\" class=\"yoast-schema-graph\">{\"@context\":\"https:\\\/\\\/schema.org\",\"@graph\":[{\"@type\":\"WebPage\",\"@id\":\"https:\\\/\\\/kidsplay.lt\\\/produktas\\\/masterkidz-medinis-figureliu-rusiuoklis-spalvingi-gyvunai-montessori\\\/\",\"url\":\"https:\\\/\\\/kidsplay.lt\\\/produktas\\\/masterkidz-medinis-figureliu-rusiuoklis-spalvingi-gyvunai-montessori\\\/\",\"name\":\"MASTERKIDZ medinis fig\u016br\u0117li\u0173 r\u016b\u0161iuoklis, spalvingi gyv\u016bnai, Montessori\",\"isPartOf\":{\"@id\":\"https:\\\/\\\/kidsplay.lt\\\/#website\"},\"primaryImageOfPage\":{\"@id\":\"https:\\\/\\\/kidsplay.lt\\\/produktas\\\/masterkidz-medinis-figureliu-rusiuoklis-spalvingi-gyvunai-montessori\\\/#primaryimage\"},\"image\":{\"@id\":\"https:\\\/\\\/kidsplay.lt\\\/produktas\\\/masterkidz-medinis-figureliu-rusiuoklis-spalvingi-gyvunai-montessori\\\/#primaryimage\"},\"thumbnailUrl\":\"https:\\\/\\\/kidsplay.lt\\\/wp-content\\\/uploads\\\/2025\\\/09\\\/MASTERKIDZ-medinis-figureliu-rusiuoklis-spalvingi-gyvunai-Montessori.jpg\",\"datePublished\":\"2026-02-26T07:24:51+00:00\",\"dateModified\":\"2026-04-07T07:40:22+00:00\",\"description\":\"MASTERKIDZ medinis fig\u016br\u0117li\u0173 r\u016b\u0161iuoklis, spalvingi gyv\u016bnai, Montessori - KidsPlay. Did\u017eiausias vaik\u0173 \u017eaisl\u0173 pasirinkimas.\",\"breadcrumb\":{\"@id\":\"https:\\\/\\\/kidsplay.lt\\\/produktas\\\/masterkidz-medinis-figureliu-rusiuoklis-spalvingi-gyvunai-montessori\\\/#breadcrumb\"},\"inLanguage\":\"lv-LV\",\"potentialAction\":[{\"@type\":\"ReadAction\",\"target\":[\"https:\\\/\\\/kidsplay.lt\\\/produktas\\\/masterkidz-medinis-figureliu-rusiuoklis-spalvingi-gyvunai-montessori\\\/\"]}]},{\"@type\":\"ImageObject\",\"inLanguage\":\"lv-LV\",\"@id\":\"https:\\\/\\\/kidsplay.lt\\\/produktas\\\/masterkidz-medinis-figureliu-rusiuoklis-spalvingi-gyvunai-montessori\\\/#primaryimage\",\"url\":\"https:\\\/\\\/kidsplay.lt\\\/wp-content\\\/uploads\\\/2025\\\/09\\\/MASTERKIDZ-medinis-figureliu-rusiuoklis-spalvingi-gyvunai-Montessori.jpg\",\"contentUrl\":\"https:\\\/\\\/kidsplay.lt\\\/wp-content\\\/uploads\\\/2025\\\/09\\\/MASTERKIDZ-medinis-figureliu-rusiuoklis-spalvingi-gyvunai-Montessori.jpg\",\"width\":2500,\"height\":2500,\"caption\":\"MASTERKIDZ medinis fig\u016br\u0117li\u0173 r\u016b\u0161iuoklis\"},{\"@type\":\"BreadcrumbList\",\"@id\":\"https:\\\/\\\/kidsplay.lt\\\/produktas\\\/masterkidz-medinis-figureliu-rusiuoklis-spalvingi-gyvunai-montessori\\\/#breadcrumb\",\"itemListElement\":[{\"@type\":\"ListItem\",\"position\":1,\"name\":\"Pagrindinis\",\"item\":\"https:\\\/\\\/kidsplay.lt\\\/\"},{\"@type\":\"ListItem\",\"position\":2,\"name\":\"Parduotuv\u0117\",\"item\":\"https:\\\/\\\/kidsplay.lt\\\/parduotuve\\\/\"},{\"@type\":\"ListItem\",\"position\":3,\"name\":\"MASTERKIDZ medinis fig\u016br\u0117li\u0173 r\u016b\u0161iuoklis, spalvingi gyv\u016bnai, Montessori\"}]},{\"@type\":\"WebSite\",\"@id\":\"https:\\\/\\\/kidsplay.lt\\\/#website\",\"url\":\"https:\\\/\\\/kidsplay.lt\\\/\",\"name\":\"Kidsplay.lt\",\"description\":\"\u012evairios prek\u0117s vaikams\",\"publisher\":{\"@id\":\"https:\\\/\\\/kidsplay.lt\\\/#organization\"},\"alternateName\":\"Kidsplay\",\"potentialAction\":[{\"@type\":\"SearchAction\",\"target\":{\"@type\":\"EntryPoint\",\"urlTemplate\":\"https:\\\/\\\/kidsplay.lt\\\/?s={search_term_string}\"},\"query-input\":{\"@type\":\"PropertyValueSpecification\",\"valueRequired\":true,\"valueName\":\"search_term_string\"}}],\"inLanguage\":\"lv-LV\"},{\"@type\":\"Organization\",\"@id\":\"https:\\\/\\\/kidsplay.lt\\\/#organization\",\"name\":\"KidsPlay\",\"url\":\"https:\\\/\\\/kidsplay.lt\\\/\",\"logo\":{\"@type\":\"ImageObject\",\"inLanguage\":\"lv-LV\",\"@id\":\"https:\\\/\\\/kidsplay.lt\\\/#\\\/schema\\\/logo\\\/image\\\/\",\"url\":\"https:\\\/\\\/kidsplay.lt\\\/wp-content\\\/uploads\\\/2023\\\/07\\\/kidsplay-logo.png\",\"contentUrl\":\"https:\\\/\\\/kidsplay.lt\\\/wp-content\\\/uploads\\\/2023\\\/07\\\/kidsplay-logo.png\",\"width\":451,\"height\":98,\"caption\":\"KidsPlay\"},\"image\":{\"@id\":\"https:\\\/\\\/kidsplay.lt\\\/#\\\/schema\\\/logo\\\/image\\\/\"},\"sameAs\":[\"https:\\\/\\\/www.facebook.com\\\/www.kidsplay.lt\"]}]}<\/script>\n<!-- \/ Yoast SEO plugin. -->","yoast_head_json":{"title":"MASTERKIDZ medinis fig\u016br\u0117li\u0173 r\u016b\u0161iuoklis, spalvingi gyv\u016bnai, Montessori","description":"MASTERKIDZ medinis fig\u016br\u0117li\u0173 r\u016b\u0161iuoklis, spalvingi gyv\u016bnai, Montessori - KidsPlay. Did\u017eiausias vaik\u0173 \u017eaisl\u0173 pasirinkimas.","robots":{"index":"index","follow":"follow","max-snippet":"max-snippet:-1","max-image-preview":"max-image-preview:large","max-video-preview":"max-video-preview:-1"},"canonical":"https:\/\/kidsplay.lt\/lv\/products\/masterkidz-medinis-figureliu-rusiuoklis-spalvingi-gyvunai-montessori\/","og_locale":"lv_LV","og_type":"article","og_title":"MASTERKIDZ medinis fig\u016br\u0117li\u0173 r\u016b\u0161iuoklis, spalvingi gyv\u016bnai, Montessori","og_description":"MASTERKIDZ medinis fig\u016br\u0117li\u0173 r\u016b\u0161iuoklis, spalvingi gyv\u016bnai, Montessori - KidsPlay. Did\u017eiausias vaik\u0173 \u017eaisl\u0173 pasirinkimas.","og_url":"https:\/\/kidsplay.lt\/lv\/products\/masterkidz-medinis-figureliu-rusiuoklis-spalvingi-gyvunai-montessori\/","og_site_name":"KidsPlay","article_publisher":"https:\/\/www.facebook.com\/www.kidsplay.lt","article_modified_time":"2026-04-07T07:40:22+00:00","og_image":[{"width":2500,"height":2500,"url":"https:\/\/kidsplay.lt\/wp-content\/uploads\/2025\/09\/MASTERKIDZ-medinis-figureliu-rusiuoklis-spalvingi-gyvunai-Montessori.jpg","type":"image\/jpeg"}],"twitter_card":"summary_large_image","twitter_misc":{"Est. reading time":"1 min\u016bte"},"schema":{"@context":"https:\/\/schema.org","@graph":[{"@type":"WebPage","@id":"https:\/\/kidsplay.lt\/produktas\/masterkidz-medinis-figureliu-rusiuoklis-spalvingi-gyvunai-montessori\/","url":"https:\/\/kidsplay.lt\/produktas\/masterkidz-medinis-figureliu-rusiuoklis-spalvingi-gyvunai-montessori\/","name":"MASTERKIDZ medinis fig\u016br\u0117li\u0173 r\u016b\u0161iuoklis, spalvingi gyv\u016bnai, Montessori","isPartOf":{"@id":"https:\/\/kidsplay.lt\/#website"},"primaryImageOfPage":{"@id":"https:\/\/kidsplay.lt\/produktas\/masterkidz-medinis-figureliu-rusiuoklis-spalvingi-gyvunai-montessori\/#primaryimage"},"image":{"@id":"https:\/\/kidsplay.lt\/produktas\/masterkidz-medinis-figureliu-rusiuoklis-spalvingi-gyvunai-montessori\/#primaryimage"},"thumbnailUrl":"https:\/\/kidsplay.lt\/wp-content\/uploads\/2025\/09\/MASTERKIDZ-medinis-figureliu-rusiuoklis-spalvingi-gyvunai-Montessori.jpg","datePublished":"2026-02-26T07:24:51+00:00","dateModified":"2026-04-07T07:40:22+00:00","description":"MASTERKIDZ medinis fig\u016br\u0117li\u0173 r\u016b\u0161iuoklis, spalvingi gyv\u016bnai, Montessori - KidsPlay. Did\u017eiausias vaik\u0173 \u017eaisl\u0173 pasirinkimas.","breadcrumb":{"@id":"https:\/\/kidsplay.lt\/produktas\/masterkidz-medinis-figureliu-rusiuoklis-spalvingi-gyvunai-montessori\/#breadcrumb"},"inLanguage":"lv-LV","potentialAction":[{"@type":"ReadAction","target":["https:\/\/kidsplay.lt\/produktas\/masterkidz-medinis-figureliu-rusiuoklis-spalvingi-gyvunai-montessori\/"]}]},{"@type":"ImageObject","inLanguage":"lv-LV","@id":"https:\/\/kidsplay.lt\/produktas\/masterkidz-medinis-figureliu-rusiuoklis-spalvingi-gyvunai-montessori\/#primaryimage","url":"https:\/\/kidsplay.lt\/wp-content\/uploads\/2025\/09\/MASTERKIDZ-medinis-figureliu-rusiuoklis-spalvingi-gyvunai-Montessori.jpg","contentUrl":"https:\/\/kidsplay.lt\/wp-content\/uploads\/2025\/09\/MASTERKIDZ-medinis-figureliu-rusiuoklis-spalvingi-gyvunai-Montessori.jpg","width":2500,"height":2500,"caption":"MASTERKIDZ medinis fig\u016br\u0117li\u0173 r\u016b\u0161iuoklis"},{"@type":"BreadcrumbList","@id":"https:\/\/kidsplay.lt\/produktas\/masterkidz-medinis-figureliu-rusiuoklis-spalvingi-gyvunai-montessori\/#breadcrumb","itemListElement":[{"@type":"ListItem","position":1,"name":"Pagrindinis","item":"https:\/\/kidsplay.lt\/"},{"@type":"ListItem","position":2,"name":"Parduotuv\u0117","item":"https:\/\/kidsplay.lt\/parduotuve\/"},{"@type":"ListItem","position":3,"name":"MASTERKIDZ medinis fig\u016br\u0117li\u0173 r\u016b\u0161iuoklis, spalvingi gyv\u016bnai, Montessori"}]},{"@type":"WebSite","@id":"https:\/\/kidsplay.lt\/#website","url":"https:\/\/kidsplay.lt\/","name":"B\u0113rnu sp\u0113les.lv","description":"\u012evairios prek\u0117s vaikams","publisher":{"@id":"https:\/\/kidsplay.lt\/#organization"},"alternateName":"Kidsplay","potentialAction":[{"@type":"SearchAction","target":{"@type":"EntryPoint","urlTemplate":"https:\/\/kidsplay.lt\/?s={search_term_string}"},"query-input":{"@type":"PropertyValueSpecification","valueRequired":true,"valueName":"search_term_string"}}],"inLanguage":"lv-LV"},{"@type":"Organization","@id":"https:\/\/kidsplay.lt\/#organization","name":"B\u0113rnu sp\u0113le","url":"https:\/\/kidsplay.lt\/","logo":{"@type":"ImageObject","inLanguage":"lv-LV","@id":"https:\/\/kidsplay.lt\/#\/schema\/logo\/image\/","url":"https:\/\/kidsplay.lt\/wp-content\/uploads\/2023\/07\/kidsplay-logo.png","contentUrl":"https:\/\/kidsplay.lt\/wp-content\/uploads\/2023\/07\/kidsplay-logo.png","width":451,"height":98,"caption":"KidsPlay"},"image":{"@id":"https:\/\/kidsplay.lt\/#\/schema\/logo\/image\/"},"sameAs":["https:\/\/www.facebook.com\/www.kidsplay.lt"]}]}},"_links":{"self":[{"href":"https:\/\/kidsplay.lt\/lv\/wp-json\/wp\/v2\/product\/89587","targetHints":{"allow":["GET"]}}],"collection":[{"href":"https:\/\/kidsplay.lt\/lv\/wp-json\/wp\/v2\/product"}],"about":[{"href":"https:\/\/kidsplay.lt\/lv\/wp-json\/wp\/v2\/types\/product"}],"version-history":[{"count":1,"href":"https:\/\/kidsplay.lt\/lv\/wp-json\/wp\/v2\/product\/89587\/revisions"}],"predecessor-version":[{"id":89588,"href":"https:\/\/kidsplay.lt\/lv\/wp-json\/wp\/v2\/product\/89587\/revisions\/89588"}],"wp:featuredmedia":[{"embeddable":true,"href":"https:\/\/kidsplay.lt\/lv\/wp-json\/wp\/v2\/media\/67579"}],"wp:attachment":[{"href":"https:\/\/kidsplay.lt\/lv\/wp-json\/wp\/v2\/media?parent=89587"}],"wp:term":[{"taxonomy":"product_brand","embeddable":true,"href":"https:\/\/kidsplay.lt\/lv\/wp-json\/wp\/v2\/product_brand?post=89587"},{"taxonomy":"product_cat","embeddable":true,"href":"https:\/\/kidsplay.lt\/lv\/wp-json\/wp\/v2\/product_cat?post=89587"},{"taxonomy":"product_tag","embeddable":true,"href":"https:\/\/kidsplay.lt\/lv\/wp-json\/wp\/v2\/product_tag?post=89587"}],"curies":[{"name":"wp","href":"https:\/\/api.w.org\/{rel}","templated":true}]}}