{"id":89593,"date":"2026-02-26T09:25:00","date_gmt":"2026-02-26T07:25:00","guid":{"rendered":"https:\/\/kidsplay.lt\/produktas\/masterkidz-learning-to-count-flex-montessori-sensorine-lenta\/"},"modified":"2026-03-26T12:57:35","modified_gmt":"2026-03-26T10:57:35","slug":"masterkidz-learning-to-count-flex-montessori-sensorine-lenta","status":"publish","type":"product","link":"https:\/\/kidsplay.lt\/lv\/products\/masterkidz-learning-to-count-flex-montessori-sensorine-lenta\/","title":{"rendered":"MASTERKIDZ \u201eLearning to Count Flex Montessori\u201c sensorin\u0117 lenta"},"content":{"rendered":"<p>I\u0161mokti skai\u010diuoti dar niekada nebuvo taip paprasta!\u00a0 \u201eMasterkidz\u201c\u00a0manipuliacin\u0117\u00a0 lenta\u00a0padeda vaikams i\u0161mokti skai\u010diuoti iki 10 ir atlikti pagrindinius matematikos veiksmus.\u00a0\u00a0Lenta naudojama matematikai mokytis, bet ji taip pat\u00a0\u00a0lavina login\u012f m\u0105stym\u0105 ir bendr\u0105j\u012f intelekt\u0105.<br \/>\nRakstur\u012bgs:<\/p>\n<p> \t\u00a0&#8211; Del naudojimo ir galimyb\u00e9s pritvirtinti ivairiais budais, jis puikiai tiks dar\u017eeliams, pradin\u0117ms mokykloms ir kitoms \u0161vietimo \u012fstaigoms\u00a0,\u00a0\u00a0taip pat ir namams.<br \/>\n \t\u00a0\u2013 \u201eMokantis skai\u010diuoti\u201c leis jums lengvai ir smagiai i\u0161mokti skai\u010dius, pad\u0117s i\u0161mokti\u00a0\u00a0skai\u010diuoti iki 10\u00a0\u00a0ir atlikti pagrindines matematines lygtis. Veiksmai pateikiami grafi\u0161kai, tod\u0117l mokymasis tampa lengvesnis.\u00a0\u00a0Lentoje yra daugyb\u0117 paai\u0161kinim\u0173 ir diagram\u0173, kurios rodo, kaip naudoti pir\u0161tus, kad pad\u0117t\u0173 jums i\u0161mokti ankstyv\u0105j\u0105 matematik\u0105.<br \/>\n \t\u00a0&#8211; Lent\u0105 galima tvirtinti trimis b\u016bdais:\u00a0\u00a0prie sienos, prie specialios \u201eMasterkidz Flex\u201c sistemos, prie laisvai stovin\u010dio \u201eMasterkidz\u201c stovo.<br \/>\n \t\u00a0&#8211; \u017daislas pagamintas vien i\u0161 med\u017eio, tod\u0117l yra ekologi\u0161kas. \u012esigydami \u201eMasterkidz\u201c medines lentas, prisidedate prie m\u016bs\u0173 planetos sveikatos.<\/p>\n<p>\u201eMasterkidz\u201c \u017eaislai\u00a0\u00a0\u2013 tai auk\u0161tos kokyb\u0117s, patvar\u016bs ir saug\u016bs mediniai lavinamieji \u017eaislai. Sukurti ir pritaikyti \u012fvairiems vaik\u0173 raidos etapams. K\u016brybi\u0161kas, nuotyki\u0173 kupinas ir lavinamasis \u017eaidimas \u2013 tai pagrindiniai \u0161io prek\u0117s \u017eenklo \u017eaisl\u0173 privalumai. Jie suteikia ne\u012fkainojam\u0105 param\u0105 Montessori metodui. Geriausias pasirinkimas namams, dar\u017eeliui, vie\u0161bu\u010diui ar restoranui. Sukurkite tobul\u0105 \u017eaidim\u0173 kampel\u012f arba didelio formato edukacin\u0119 sien\u0105. Si\u016blome prie sienos tvirtinamas ir mobilias lentas, \u0161viesos stalus, da\u017eymo paneles, teminius mokymosi modulius ir daug daugiau. Ne\u012ftik\u0117tinas pried\u0173 skai\u010dius ir begalin\u0117s galimyb\u0117s k\u016brybi\u0161kam \u017eaidimui.<\/p>","protected":false},"excerpt":{"rendered":"<p>I\u0161mokti skai\u010diuoti dar niekada nebuvo taip paprasta!\u00a0 \u201eMasterkidz\u201c\u00a0manipuliacin\u0117\u00a0 lenta\u00a0padeda vaikams i\u0161mokti skai\u010diuoti iki 10 ir atlikti pagrindinius matematikos veiksmus.\u00a0\u00a0Lenta naudojama<\/p>","protected":false},"featured_media":67595,"template":"","meta":{"_acf_changed":false,"_glsr_average":0,"_glsr_ranking":0,"_glsr_reviews":0},"product_brand":[],"product_cat":[673,229],"product_tag":[],"class_list":{"0":"post-89593","1":"product","2":"type-product","3":"status-publish","4":"has-post-thumbnail","6":"product_cat-ugdomosios-priemones","7":"product_cat-zaislai-vaikams","8":"\"style=\"background-color: #2ecc711c;\"","10":"first","11":"outofstock","12":"purchasable","13":"product-type-simple"},"acf":[],"yoast_head":"<!-- This site is optimized with the Yoast SEO plugin v27.3 - https:\/\/yoast.com\/product\/yoast-seo-wordpress\/ -->\n<title>MASTERKIDZ \u201eLearning to Count Flex Montessori\u201c sensorin\u0117 lenta<\/title>\n<meta name=\"description\" content=\"MASTERKIDZ \u201eLearning to Count Flex Montessori\u201c sensorin\u0117 lenta - KidsPlay. Did\u017eiausias vaik\u0173 \u017eaisl\u0173 pasirinkimas.\" \/>\n<meta name=\"robots\" content=\"index, follow, max-snippet:-1, max-image-preview:large, max-video-preview:-1\" \/>\n<link rel=\"canonical\" href=\"https:\/\/kidsplay.lt\/lv\/products\/masterkidz-learning-to-count-flex-montessori-sensorine-lenta\/\" \/>\n<meta property=\"og:locale\" content=\"lv_LV\" \/>\n<meta property=\"og:type\" content=\"article\" \/>\n<meta property=\"og:title\" content=\"MASTERKIDZ \u201eLearning to Count Flex Montessori\u201c sensorin\u0117 lenta\" \/>\n<meta property=\"og:description\" content=\"MASTERKIDZ \u201eLearning to Count Flex Montessori\u201c sensorin\u0117 lenta - KidsPlay. Did\u017eiausias vaik\u0173 \u017eaisl\u0173 pasirinkimas.\" \/>\n<meta property=\"og:url\" content=\"https:\/\/kidsplay.lt\/lv\/products\/masterkidz-learning-to-count-flex-montessori-sensorine-lenta\/\" \/>\n<meta property=\"og:site_name\" content=\"KidsPlay\" \/>\n<meta property=\"article:publisher\" content=\"https:\/\/www.facebook.com\/www.kidsplay.lt\" \/>\n<meta property=\"article:modified_time\" content=\"2026-03-26T10:57:35+00:00\" \/>\n<meta property=\"og:image\" content=\"https:\/\/kidsplay.lt\/wp-content\/uploads\/2025\/09\/MASTERKIDZ-\u201eLearning-to-Count-Flex-Montessori-sensorine-lenta.jpg\" \/>\n\t<meta property=\"og:image:width\" content=\"2000\" \/>\n\t<meta property=\"og:image:height\" content=\"1820\" \/>\n\t<meta property=\"og:image:type\" content=\"image\/jpeg\" \/>\n<meta name=\"twitter:card\" content=\"summary_large_image\" \/>\n<meta name=\"twitter:label1\" content=\"Est. reading time\" \/>\n\t<meta name=\"twitter:data1\" content=\"1 min\u016bte\" \/>\n<script type=\"application\/ld+json\" class=\"yoast-schema-graph\">{\"@context\":\"https:\\\/\\\/schema.org\",\"@graph\":[{\"@type\":\"WebPage\",\"@id\":\"https:\\\/\\\/kidsplay.lt\\\/produktas\\\/masterkidz-learning-to-count-flex-montessori-sensorine-lenta\\\/\",\"url\":\"https:\\\/\\\/kidsplay.lt\\\/produktas\\\/masterkidz-learning-to-count-flex-montessori-sensorine-lenta\\\/\",\"name\":\"MASTERKIDZ \u201eLearning to Count Flex Montessori\u201c sensorin\u0117 lenta\",\"isPartOf\":{\"@id\":\"https:\\\/\\\/kidsplay.lt\\\/#website\"},\"primaryImageOfPage\":{\"@id\":\"https:\\\/\\\/kidsplay.lt\\\/produktas\\\/masterkidz-learning-to-count-flex-montessori-sensorine-lenta\\\/#primaryimage\"},\"image\":{\"@id\":\"https:\\\/\\\/kidsplay.lt\\\/produktas\\\/masterkidz-learning-to-count-flex-montessori-sensorine-lenta\\\/#primaryimage\"},\"thumbnailUrl\":\"https:\\\/\\\/kidsplay.lt\\\/wp-content\\\/uploads\\\/2025\\\/09\\\/MASTERKIDZ-\u201eLearning-to-Count-Flex-Montessori-sensorine-lenta.jpg\",\"datePublished\":\"2026-02-26T07:25:00+00:00\",\"dateModified\":\"2026-03-26T10:57:35+00:00\",\"description\":\"MASTERKIDZ \u201eLearning to Count Flex Montessori\u201c sensorin\u0117 lenta - KidsPlay. Did\u017eiausias vaik\u0173 \u017eaisl\u0173 pasirinkimas.\",\"breadcrumb\":{\"@id\":\"https:\\\/\\\/kidsplay.lt\\\/produktas\\\/masterkidz-learning-to-count-flex-montessori-sensorine-lenta\\\/#breadcrumb\"},\"inLanguage\":\"lv-LV\",\"potentialAction\":[{\"@type\":\"ReadAction\",\"target\":[\"https:\\\/\\\/kidsplay.lt\\\/produktas\\\/masterkidz-learning-to-count-flex-montessori-sensorine-lenta\\\/\"]}]},{\"@type\":\"ImageObject\",\"inLanguage\":\"lv-LV\",\"@id\":\"https:\\\/\\\/kidsplay.lt\\\/produktas\\\/masterkidz-learning-to-count-flex-montessori-sensorine-lenta\\\/#primaryimage\",\"url\":\"https:\\\/\\\/kidsplay.lt\\\/wp-content\\\/uploads\\\/2025\\\/09\\\/MASTERKIDZ-\u201eLearning-to-Count-Flex-Montessori-sensorine-lenta.jpg\",\"contentUrl\":\"https:\\\/\\\/kidsplay.lt\\\/wp-content\\\/uploads\\\/2025\\\/09\\\/MASTERKIDZ-\u201eLearning-to-Count-Flex-Montessori-sensorine-lenta.jpg\",\"width\":2000,\"height\":1820,\"caption\":\"MASTERKIDZ \u201eLearning to Count Flex Montessori\u201c sensorin\u0117 lenta\"},{\"@type\":\"BreadcrumbList\",\"@id\":\"https:\\\/\\\/kidsplay.lt\\\/produktas\\\/masterkidz-learning-to-count-flex-montessori-sensorine-lenta\\\/#breadcrumb\",\"itemListElement\":[{\"@type\":\"ListItem\",\"position\":1,\"name\":\"Pagrindinis\",\"item\":\"https:\\\/\\\/kidsplay.lt\\\/\"},{\"@type\":\"ListItem\",\"position\":2,\"name\":\"Parduotuv\u0117\",\"item\":\"https:\\\/\\\/kidsplay.lt\\\/parduotuve\\\/\"},{\"@type\":\"ListItem\",\"position\":3,\"name\":\"MASTERKIDZ \u201eLearning to Count Flex Montessori\u201c sensorin\u0117 lenta\"}]},{\"@type\":\"WebSite\",\"@id\":\"https:\\\/\\\/kidsplay.lt\\\/#website\",\"url\":\"https:\\\/\\\/kidsplay.lt\\\/\",\"name\":\"Kidsplay.lt\",\"description\":\"\u012evairios prek\u0117s vaikams\",\"publisher\":{\"@id\":\"https:\\\/\\\/kidsplay.lt\\\/#organization\"},\"alternateName\":\"Kidsplay\",\"potentialAction\":[{\"@type\":\"SearchAction\",\"target\":{\"@type\":\"EntryPoint\",\"urlTemplate\":\"https:\\\/\\\/kidsplay.lt\\\/?s={search_term_string}\"},\"query-input\":{\"@type\":\"PropertyValueSpecification\",\"valueRequired\":true,\"valueName\":\"search_term_string\"}}],\"inLanguage\":\"lv-LV\"},{\"@type\":\"Organization\",\"@id\":\"https:\\\/\\\/kidsplay.lt\\\/#organization\",\"name\":\"KidsPlay\",\"url\":\"https:\\\/\\\/kidsplay.lt\\\/\",\"logo\":{\"@type\":\"ImageObject\",\"inLanguage\":\"lv-LV\",\"@id\":\"https:\\\/\\\/kidsplay.lt\\\/#\\\/schema\\\/logo\\\/image\\\/\",\"url\":\"https:\\\/\\\/kidsplay.lt\\\/wp-content\\\/uploads\\\/2023\\\/07\\\/kidsplay-logo.png\",\"contentUrl\":\"https:\\\/\\\/kidsplay.lt\\\/wp-content\\\/uploads\\\/2023\\\/07\\\/kidsplay-logo.png\",\"width\":451,\"height\":98,\"caption\":\"KidsPlay\"},\"image\":{\"@id\":\"https:\\\/\\\/kidsplay.lt\\\/#\\\/schema\\\/logo\\\/image\\\/\"},\"sameAs\":[\"https:\\\/\\\/www.facebook.com\\\/www.kidsplay.lt\"]}]}<\/script>\n<!-- \/ Yoast SEO plugin. -->","yoast_head_json":{"title":"MASTERKIDZ \u201eLearning to Count Flex Montessori\u201c sensorin\u0117 lenta","description":"MASTERKIDZ \u201eLearning to Count Flex Montessori\u201c sensorin\u0117 lenta - KidsPlay. Did\u017eiausias vaik\u0173 \u017eaisl\u0173 pasirinkimas.","robots":{"index":"index","follow":"follow","max-snippet":"max-snippet:-1","max-image-preview":"max-image-preview:large","max-video-preview":"max-video-preview:-1"},"canonical":"https:\/\/kidsplay.lt\/lv\/products\/masterkidz-learning-to-count-flex-montessori-sensorine-lenta\/","og_locale":"lv_LV","og_type":"article","og_title":"MASTERKIDZ \u201eLearning to Count Flex Montessori\u201c sensorin\u0117 lenta","og_description":"MASTERKIDZ \u201eLearning to Count Flex Montessori\u201c sensorin\u0117 lenta - KidsPlay. Did\u017eiausias vaik\u0173 \u017eaisl\u0173 pasirinkimas.","og_url":"https:\/\/kidsplay.lt\/lv\/products\/masterkidz-learning-to-count-flex-montessori-sensorine-lenta\/","og_site_name":"KidsPlay","article_publisher":"https:\/\/www.facebook.com\/www.kidsplay.lt","article_modified_time":"2026-03-26T10:57:35+00:00","og_image":[{"width":2000,"height":1820,"url":"https:\/\/kidsplay.lt\/wp-content\/uploads\/2025\/09\/MASTERKIDZ-\u201eLearning-to-Count-Flex-Montessori-sensorine-lenta.jpg","type":"image\/jpeg"}],"twitter_card":"summary_large_image","twitter_misc":{"Est. reading time":"1 min\u016bte"},"schema":{"@context":"https:\/\/schema.org","@graph":[{"@type":"WebPage","@id":"https:\/\/kidsplay.lt\/produktas\/masterkidz-learning-to-count-flex-montessori-sensorine-lenta\/","url":"https:\/\/kidsplay.lt\/produktas\/masterkidz-learning-to-count-flex-montessori-sensorine-lenta\/","name":"MASTERKIDZ \u201eLearning to Count Flex Montessori\u201c sensorin\u0117 lenta","isPartOf":{"@id":"https:\/\/kidsplay.lt\/#website"},"primaryImageOfPage":{"@id":"https:\/\/kidsplay.lt\/produktas\/masterkidz-learning-to-count-flex-montessori-sensorine-lenta\/#primaryimage"},"image":{"@id":"https:\/\/kidsplay.lt\/produktas\/masterkidz-learning-to-count-flex-montessori-sensorine-lenta\/#primaryimage"},"thumbnailUrl":"https:\/\/kidsplay.lt\/wp-content\/uploads\/2025\/09\/MASTERKIDZ-\u201eLearning-to-Count-Flex-Montessori-sensorine-lenta.jpg","datePublished":"2026-02-26T07:25:00+00:00","dateModified":"2026-03-26T10:57:35+00:00","description":"MASTERKIDZ \u201eLearning to Count Flex Montessori\u201c sensorin\u0117 lenta - KidsPlay. Did\u017eiausias vaik\u0173 \u017eaisl\u0173 pasirinkimas.","breadcrumb":{"@id":"https:\/\/kidsplay.lt\/produktas\/masterkidz-learning-to-count-flex-montessori-sensorine-lenta\/#breadcrumb"},"inLanguage":"lv-LV","potentialAction":[{"@type":"ReadAction","target":["https:\/\/kidsplay.lt\/produktas\/masterkidz-learning-to-count-flex-montessori-sensorine-lenta\/"]}]},{"@type":"ImageObject","inLanguage":"lv-LV","@id":"https:\/\/kidsplay.lt\/produktas\/masterkidz-learning-to-count-flex-montessori-sensorine-lenta\/#primaryimage","url":"https:\/\/kidsplay.lt\/wp-content\/uploads\/2025\/09\/MASTERKIDZ-\u201eLearning-to-Count-Flex-Montessori-sensorine-lenta.jpg","contentUrl":"https:\/\/kidsplay.lt\/wp-content\/uploads\/2025\/09\/MASTERKIDZ-\u201eLearning-to-Count-Flex-Montessori-sensorine-lenta.jpg","width":2000,"height":1820,"caption":"MASTERKIDZ \u201eLearning to Count Flex Montessori\u201c sensorin\u0117 lenta"},{"@type":"BreadcrumbList","@id":"https:\/\/kidsplay.lt\/produktas\/masterkidz-learning-to-count-flex-montessori-sensorine-lenta\/#breadcrumb","itemListElement":[{"@type":"ListItem","position":1,"name":"Pagrindinis","item":"https:\/\/kidsplay.lt\/"},{"@type":"ListItem","position":2,"name":"Parduotuv\u0117","item":"https:\/\/kidsplay.lt\/parduotuve\/"},{"@type":"ListItem","position":3,"name":"MASTERKIDZ \u201eLearning to Count Flex Montessori\u201c sensorin\u0117 lenta"}]},{"@type":"WebSite","@id":"https:\/\/kidsplay.lt\/#website","url":"https:\/\/kidsplay.lt\/","name":"B\u0113rnu sp\u0113les.lv","description":"\u012evairios prek\u0117s vaikams","publisher":{"@id":"https:\/\/kidsplay.lt\/#organization"},"alternateName":"Kidsplay","potentialAction":[{"@type":"SearchAction","target":{"@type":"EntryPoint","urlTemplate":"https:\/\/kidsplay.lt\/?s={search_term_string}"},"query-input":{"@type":"PropertyValueSpecification","valueRequired":true,"valueName":"search_term_string"}}],"inLanguage":"lv-LV"},{"@type":"Organization","@id":"https:\/\/kidsplay.lt\/#organization","name":"B\u0113rnu sp\u0113le","url":"https:\/\/kidsplay.lt\/","logo":{"@type":"ImageObject","inLanguage":"lv-LV","@id":"https:\/\/kidsplay.lt\/#\/schema\/logo\/image\/","url":"https:\/\/kidsplay.lt\/wp-content\/uploads\/2023\/07\/kidsplay-logo.png","contentUrl":"https:\/\/kidsplay.lt\/wp-content\/uploads\/2023\/07\/kidsplay-logo.png","width":451,"height":98,"caption":"KidsPlay"},"image":{"@id":"https:\/\/kidsplay.lt\/#\/schema\/logo\/image\/"},"sameAs":["https:\/\/www.facebook.com\/www.kidsplay.lt"]}]}},"_links":{"self":[{"href":"https:\/\/kidsplay.lt\/lv\/wp-json\/wp\/v2\/product\/89593","targetHints":{"allow":["GET"]}}],"collection":[{"href":"https:\/\/kidsplay.lt\/lv\/wp-json\/wp\/v2\/product"}],"about":[{"href":"https:\/\/kidsplay.lt\/lv\/wp-json\/wp\/v2\/types\/product"}],"version-history":[{"count":1,"href":"https:\/\/kidsplay.lt\/lv\/wp-json\/wp\/v2\/product\/89593\/revisions"}],"predecessor-version":[{"id":89594,"href":"https:\/\/kidsplay.lt\/lv\/wp-json\/wp\/v2\/product\/89593\/revisions\/89594"}],"wp:featuredmedia":[{"embeddable":true,"href":"https:\/\/kidsplay.lt\/lv\/wp-json\/wp\/v2\/media\/67595"}],"wp:attachment":[{"href":"https:\/\/kidsplay.lt\/lv\/wp-json\/wp\/v2\/media?parent=89593"}],"wp:term":[{"taxonomy":"product_brand","embeddable":true,"href":"https:\/\/kidsplay.lt\/lv\/wp-json\/wp\/v2\/product_brand?post=89593"},{"taxonomy":"product_cat","embeddable":true,"href":"https:\/\/kidsplay.lt\/lv\/wp-json\/wp\/v2\/product_cat?post=89593"},{"taxonomy":"product_tag","embeddable":true,"href":"https:\/\/kidsplay.lt\/lv\/wp-json\/wp\/v2\/product_tag?post=89593"}],"curies":[{"name":"wp","href":"https:\/\/api.w.org\/{rel}","templated":true}]}}