{"id":89595,"date":"2026-02-26T09:25:03","date_gmt":"2026-02-26T07:25:03","guid":{"rendered":"https:\/\/kidsplay.lt\/produktas\/medinis-mokomasis-skaiciuoklis\/"},"modified":"2026-04-07T09:26:59","modified_gmt":"2026-04-07T06:26:59","slug":"medinis-mokomasis-skaiciuoklis","status":"publish","type":"product","link":"https:\/\/kidsplay.lt\/lv\/product\/medinis-mokomasis-skaiciuoklis\/","title":{"rendered":"Medinis mokomasis skai\u010diuoklis"},"content":{"rendered":"<p>Stebuklingas\u00a0skai\u010di\u0173 pasaulis taps suprantamas, logi\u0161kas ir \u012fdomus\u00a0. Ir visa tai d\u0117ka medinio abako, kuris supa\u017eindins vaik\u0105 su sud\u0117tingu matematikos pasauliu ir pad\u0117s maloniai mokytis.\u00a0Klasikinis \u017eaislas\u00a0ne tik pad\u0117s \u012fvaldyti pirmuosius matematinius veiksmus, bet ir palaikys smulki\u0105j\u0105 motorik\u0105, judesi\u0173 koordinacij\u0105, erdvin\u012f suvokim\u0105, logik\u0105, vaizduot\u0119, atmint\u012f ir koncentracij\u0105!<\/p>\n<p>Abakas susideda\u00a0i\u0161 10 eilu\u010di\u0173\u00a0su\u00a010 spalving\u0173 medini\u0173 karoliuk\u0173\u00a0.<\/p>\n<p>\u017daislas daro teigiam\u0105\u00a0poveik\u012f\u00a0vaiko\u00a0vystymuisi :<\/p>\n<p> \t\u00a0&#8211; padeda mokytis\u00a0matematikos\u00a0,<br \/>\n \t\u00a0&#8211; palaiko\u00a0motorinius \u012fg\u016bd\u017eius\u00a0,<br \/>\n \t\u00a0&#8211; \u00a0\u00a0judesi\u0173\u00a0koordinavimas\u00a0,<br \/>\n \t\u00a0&#8211; \u00a0\u00a0atmintis\u00a0,<br \/>\n \t\u00a0&#8211; \u00a0\u00a0koncentracija\u00a0.<\/p>\n<p>Abakas puikiai tinka dar\u017eeliams.<\/p>\n<p>Visas daiktas pagamintas\u00a0i\u0161 lakuotos medienos ir nuda\u017eytas netoksi\u0161kais da\u017eais ry\u0161kiomis spalvomis, kurios patenkins kiekvien\u0105 vartotoj\u0105 ir suteiks daug malonumo.<\/p>\n<p>&lt;center&gt;&lt;iframe width=&quot;&rdquo;434&Prime;&quot; height=&quot;&rdquo;771&Prime;&quot; src=&quot;&rdquo;https:\/\/www.youtube.com\/embed\/5kb0MgdZH4M&rdquo;&quot; title=&quot;&rdquo;Viga&quot; drewniane liczyd\u0142o edukacyjne&rdquo; frameborder=&quot;&rdquo;0&Prime;&quot; allow=&quot;&rdquo;accelerometer;&quot; autoplay; clipboard-write; encrypted-media; gyroscope; picture-in-picture; web-share&rdquo; allowfullscreen&gt;&lt;\/iframe&gt;&lt;\/center&gt;<\/p>","protected":false},"excerpt":{"rendered":"<p>Stebuklingas\u00a0skai\u010di\u0173 pasaulis taps suprantamas, logi\u0161kas ir \u012fdomus\u00a0. Ir visa tai d\u0117ka medinio abako, kuris supa\u017eindins vaik\u0105 su sud\u0117tingu matematikos pasauliu<\/p>","protected":false},"featured_media":55385,"template":"","meta":{"_acf_changed":false,"_glsr_average":0,"_glsr_ranking":0,"_glsr_reviews":0},"product_brand":[],"product_cat":[884,883],"product_tag":[],"class_list":{"0":"post-89595","1":"product","2":"type-product","3":"status-publish","4":"has-post-thumbnail","6":"product_cat-edukaciniai-lavinamieji-mediniai-zaislai","7":"product_cat-mediniai-zaislai-2","8":"\"style=\"background-color: #2ecc711c;\"","10":"first","11":"instock","12":"purchasable","13":"product-type-simple"},"acf":[],"yoast_head":"<!-- This site is optimized with the Yoast SEO plugin v27.3 - https:\/\/yoast.com\/product\/yoast-seo-wordpress\/ -->\n<title>Medinis mokomasis skai\u010diuoklis<\/title>\n<meta name=\"description\" content=\"Medinis mokomasis skai\u010diuoklis - KidsPlay. Did\u017eiausias vaik\u0173 \u017eaisl\u0173 pasirinkimas.\" \/>\n<meta name=\"robots\" content=\"index, follow, max-snippet:-1, max-image-preview:large, max-video-preview:-1\" \/>\n<link rel=\"canonical\" href=\"https:\/\/kidsplay.lt\/lv\/product\/medinis-mokomasis-skaiciuoklis\/\" \/>\n<meta property=\"og:locale\" content=\"lv_LV\" \/>\n<meta property=\"og:type\" content=\"article\" \/>\n<meta property=\"og:title\" content=\"Medinis mokomasis skai\u010diuoklis\" \/>\n<meta property=\"og:description\" content=\"Medinis mokomasis skai\u010diuoklis - KidsPlay. Did\u017eiausias vaik\u0173 \u017eaisl\u0173 pasirinkimas.\" \/>\n<meta property=\"og:url\" content=\"https:\/\/kidsplay.lt\/lv\/product\/medinis-mokomasis-skaiciuoklis\/\" \/>\n<meta property=\"og:site_name\" content=\"KidsPlay\" \/>\n<meta property=\"article:publisher\" content=\"https:\/\/www.facebook.com\/www.kidsplay.lt\" \/>\n<meta property=\"article:modified_time\" content=\"2026-04-07T06:26:59+00:00\" \/>\n<meta property=\"og:image\" content=\"https:\/\/kidsplay.lt\/wp-content\/uploads\/2024\/09\/Medinis-mokomasis-skaiciuoklis.jpg\" \/>\n\t<meta property=\"og:image:width\" content=\"2040\" \/>\n\t<meta property=\"og:image:height\" content=\"2091\" \/>\n\t<meta property=\"og:image:type\" content=\"image\/jpeg\" \/>\n<meta name=\"twitter:card\" content=\"summary_large_image\" \/>\n<meta name=\"twitter:label1\" content=\"Est. reading time\" \/>\n\t<meta name=\"twitter:data1\" content=\"1 min\u016bte\" \/>\n<script type=\"application\/ld+json\" class=\"yoast-schema-graph\">{\"@context\":\"https:\\\/\\\/schema.org\",\"@graph\":[{\"@type\":\"WebPage\",\"@id\":\"https:\\\/\\\/kidsplay.lt\\\/produktas\\\/medinis-mokomasis-skaiciuoklis\\\/\",\"url\":\"https:\\\/\\\/kidsplay.lt\\\/produktas\\\/medinis-mokomasis-skaiciuoklis\\\/\",\"name\":\"Medinis mokomasis skai\u010diuoklis\",\"isPartOf\":{\"@id\":\"https:\\\/\\\/kidsplay.lt\\\/#website\"},\"primaryImageOfPage\":{\"@id\":\"https:\\\/\\\/kidsplay.lt\\\/produktas\\\/medinis-mokomasis-skaiciuoklis\\\/#primaryimage\"},\"image\":{\"@id\":\"https:\\\/\\\/kidsplay.lt\\\/produktas\\\/medinis-mokomasis-skaiciuoklis\\\/#primaryimage\"},\"thumbnailUrl\":\"https:\\\/\\\/kidsplay.lt\\\/wp-content\\\/uploads\\\/2024\\\/09\\\/Medinis-mokomasis-skaiciuoklis.jpg\",\"datePublished\":\"2026-02-26T07:25:03+00:00\",\"dateModified\":\"2026-04-07T06:26:59+00:00\",\"description\":\"Medinis mokomasis skai\u010diuoklis - KidsPlay. Did\u017eiausias vaik\u0173 \u017eaisl\u0173 pasirinkimas.\",\"breadcrumb\":{\"@id\":\"https:\\\/\\\/kidsplay.lt\\\/produktas\\\/medinis-mokomasis-skaiciuoklis\\\/#breadcrumb\"},\"inLanguage\":\"lv-LV\",\"potentialAction\":[{\"@type\":\"ReadAction\",\"target\":[\"https:\\\/\\\/kidsplay.lt\\\/produktas\\\/medinis-mokomasis-skaiciuoklis\\\/\"]}]},{\"@type\":\"ImageObject\",\"inLanguage\":\"lv-LV\",\"@id\":\"https:\\\/\\\/kidsplay.lt\\\/produktas\\\/medinis-mokomasis-skaiciuoklis\\\/#primaryimage\",\"url\":\"https:\\\/\\\/kidsplay.lt\\\/wp-content\\\/uploads\\\/2024\\\/09\\\/Medinis-mokomasis-skaiciuoklis.jpg\",\"contentUrl\":\"https:\\\/\\\/kidsplay.lt\\\/wp-content\\\/uploads\\\/2024\\\/09\\\/Medinis-mokomasis-skaiciuoklis.jpg\",\"width\":2040,\"height\":2091,\"caption\":\"Medinis mokomasis skai\u010diuoklis\"},{\"@type\":\"BreadcrumbList\",\"@id\":\"https:\\\/\\\/kidsplay.lt\\\/produktas\\\/medinis-mokomasis-skaiciuoklis\\\/#breadcrumb\",\"itemListElement\":[{\"@type\":\"ListItem\",\"position\":1,\"name\":\"Pagrindinis\",\"item\":\"https:\\\/\\\/kidsplay.lt\\\/\"},{\"@type\":\"ListItem\",\"position\":2,\"name\":\"Parduotuv\u0117\",\"item\":\"https:\\\/\\\/kidsplay.lt\\\/parduotuve\\\/\"},{\"@type\":\"ListItem\",\"position\":3,\"name\":\"Medinis mokomasis skai\u010diuoklis\"}]},{\"@type\":\"WebSite\",\"@id\":\"https:\\\/\\\/kidsplay.lt\\\/#website\",\"url\":\"https:\\\/\\\/kidsplay.lt\\\/\",\"name\":\"Kidsplay.lt\",\"description\":\"\u012evairios prek\u0117s vaikams\",\"publisher\":{\"@id\":\"https:\\\/\\\/kidsplay.lt\\\/#organization\"},\"alternateName\":\"Kidsplay\",\"potentialAction\":[{\"@type\":\"SearchAction\",\"target\":{\"@type\":\"EntryPoint\",\"urlTemplate\":\"https:\\\/\\\/kidsplay.lt\\\/?s={search_term_string}\"},\"query-input\":{\"@type\":\"PropertyValueSpecification\",\"valueRequired\":true,\"valueName\":\"search_term_string\"}}],\"inLanguage\":\"lv-LV\"},{\"@type\":\"Organization\",\"@id\":\"https:\\\/\\\/kidsplay.lt\\\/#organization\",\"name\":\"KidsPlay\",\"url\":\"https:\\\/\\\/kidsplay.lt\\\/\",\"logo\":{\"@type\":\"ImageObject\",\"inLanguage\":\"lv-LV\",\"@id\":\"https:\\\/\\\/kidsplay.lt\\\/#\\\/schema\\\/logo\\\/image\\\/\",\"url\":\"https:\\\/\\\/kidsplay.lt\\\/wp-content\\\/uploads\\\/2023\\\/07\\\/kidsplay-logo.png\",\"contentUrl\":\"https:\\\/\\\/kidsplay.lt\\\/wp-content\\\/uploads\\\/2023\\\/07\\\/kidsplay-logo.png\",\"width\":451,\"height\":98,\"caption\":\"KidsPlay\"},\"image\":{\"@id\":\"https:\\\/\\\/kidsplay.lt\\\/#\\\/schema\\\/logo\\\/image\\\/\"},\"sameAs\":[\"https:\\\/\\\/www.facebook.com\\\/www.kidsplay.lt\"]}]}<\/script>\n<!-- \/ Yoast SEO plugin. -->","yoast_head_json":{"title":"Medinis mokomasis skai\u010diuoklis","description":"Medinis mokomasis skai\u010diuoklis - KidsPlay. Did\u017eiausias vaik\u0173 \u017eaisl\u0173 pasirinkimas.","robots":{"index":"index","follow":"follow","max-snippet":"max-snippet:-1","max-image-preview":"max-image-preview:large","max-video-preview":"max-video-preview:-1"},"canonical":"https:\/\/kidsplay.lt\/lv\/product\/medinis-mokomasis-skaiciuoklis\/","og_locale":"lv_LV","og_type":"article","og_title":"Medinis mokomasis skai\u010diuoklis","og_description":"Medinis mokomasis skai\u010diuoklis - KidsPlay. Did\u017eiausias vaik\u0173 \u017eaisl\u0173 pasirinkimas.","og_url":"https:\/\/kidsplay.lt\/lv\/product\/medinis-mokomasis-skaiciuoklis\/","og_site_name":"KidsPlay","article_publisher":"https:\/\/www.facebook.com\/www.kidsplay.lt","article_modified_time":"2026-04-07T06:26:59+00:00","og_image":[{"width":2040,"height":2091,"url":"https:\/\/kidsplay.lt\/wp-content\/uploads\/2024\/09\/Medinis-mokomasis-skaiciuoklis.jpg","type":"image\/jpeg"}],"twitter_card":"summary_large_image","twitter_misc":{"Est. reading time":"1 min\u016bte"},"schema":{"@context":"https:\/\/schema.org","@graph":[{"@type":"WebPage","@id":"https:\/\/kidsplay.lt\/produktas\/medinis-mokomasis-skaiciuoklis\/","url":"https:\/\/kidsplay.lt\/produktas\/medinis-mokomasis-skaiciuoklis\/","name":"Medinis mokomasis skai\u010diuoklis","isPartOf":{"@id":"https:\/\/kidsplay.lt\/#website"},"primaryImageOfPage":{"@id":"https:\/\/kidsplay.lt\/produktas\/medinis-mokomasis-skaiciuoklis\/#primaryimage"},"image":{"@id":"https:\/\/kidsplay.lt\/produktas\/medinis-mokomasis-skaiciuoklis\/#primaryimage"},"thumbnailUrl":"https:\/\/kidsplay.lt\/wp-content\/uploads\/2024\/09\/Medinis-mokomasis-skaiciuoklis.jpg","datePublished":"2026-02-26T07:25:03+00:00","dateModified":"2026-04-07T06:26:59+00:00","description":"Medinis mokomasis skai\u010diuoklis - KidsPlay. Did\u017eiausias vaik\u0173 \u017eaisl\u0173 pasirinkimas.","breadcrumb":{"@id":"https:\/\/kidsplay.lt\/produktas\/medinis-mokomasis-skaiciuoklis\/#breadcrumb"},"inLanguage":"lv-LV","potentialAction":[{"@type":"ReadAction","target":["https:\/\/kidsplay.lt\/produktas\/medinis-mokomasis-skaiciuoklis\/"]}]},{"@type":"ImageObject","inLanguage":"lv-LV","@id":"https:\/\/kidsplay.lt\/produktas\/medinis-mokomasis-skaiciuoklis\/#primaryimage","url":"https:\/\/kidsplay.lt\/wp-content\/uploads\/2024\/09\/Medinis-mokomasis-skaiciuoklis.jpg","contentUrl":"https:\/\/kidsplay.lt\/wp-content\/uploads\/2024\/09\/Medinis-mokomasis-skaiciuoklis.jpg","width":2040,"height":2091,"caption":"Medinis mokomasis skai\u010diuoklis"},{"@type":"BreadcrumbList","@id":"https:\/\/kidsplay.lt\/produktas\/medinis-mokomasis-skaiciuoklis\/#breadcrumb","itemListElement":[{"@type":"ListItem","position":1,"name":"Pagrindinis","item":"https:\/\/kidsplay.lt\/"},{"@type":"ListItem","position":2,"name":"Parduotuv\u0117","item":"https:\/\/kidsplay.lt\/parduotuve\/"},{"@type":"ListItem","position":3,"name":"Medinis mokomasis skai\u010diuoklis"}]},{"@type":"WebSite","@id":"https:\/\/kidsplay.lt\/#website","url":"https:\/\/kidsplay.lt\/","name":"B\u0113rnu sp\u0113les.lv","description":"\u012evairios prek\u0117s vaikams","publisher":{"@id":"https:\/\/kidsplay.lt\/#organization"},"alternateName":"Kidsplay","potentialAction":[{"@type":"SearchAction","target":{"@type":"EntryPoint","urlTemplate":"https:\/\/kidsplay.lt\/?s={search_term_string}"},"query-input":{"@type":"PropertyValueSpecification","valueRequired":true,"valueName":"search_term_string"}}],"inLanguage":"lv-LV"},{"@type":"Organization","@id":"https:\/\/kidsplay.lt\/#organization","name":"B\u0113rnu sp\u0113le","url":"https:\/\/kidsplay.lt\/","logo":{"@type":"ImageObject","inLanguage":"lv-LV","@id":"https:\/\/kidsplay.lt\/#\/schema\/logo\/image\/","url":"https:\/\/kidsplay.lt\/wp-content\/uploads\/2023\/07\/kidsplay-logo.png","contentUrl":"https:\/\/kidsplay.lt\/wp-content\/uploads\/2023\/07\/kidsplay-logo.png","width":451,"height":98,"caption":"KidsPlay"},"image":{"@id":"https:\/\/kidsplay.lt\/#\/schema\/logo\/image\/"},"sameAs":["https:\/\/www.facebook.com\/www.kidsplay.lt"]}]}},"_links":{"self":[{"href":"https:\/\/kidsplay.lt\/lv\/wp-json\/wp\/v2\/product\/89595","targetHints":{"allow":["GET"]}}],"collection":[{"href":"https:\/\/kidsplay.lt\/lv\/wp-json\/wp\/v2\/product"}],"about":[{"href":"https:\/\/kidsplay.lt\/lv\/wp-json\/wp\/v2\/types\/product"}],"version-history":[{"count":1,"href":"https:\/\/kidsplay.lt\/lv\/wp-json\/wp\/v2\/product\/89595\/revisions"}],"predecessor-version":[{"id":89596,"href":"https:\/\/kidsplay.lt\/lv\/wp-json\/wp\/v2\/product\/89595\/revisions\/89596"}],"wp:featuredmedia":[{"embeddable":true,"href":"https:\/\/kidsplay.lt\/lv\/wp-json\/wp\/v2\/media\/55385"}],"wp:attachment":[{"href":"https:\/\/kidsplay.lt\/lv\/wp-json\/wp\/v2\/media?parent=89595"}],"wp:term":[{"taxonomy":"product_brand","embeddable":true,"href":"https:\/\/kidsplay.lt\/lv\/wp-json\/wp\/v2\/product_brand?post=89595"},{"taxonomy":"product_cat","embeddable":true,"href":"https:\/\/kidsplay.lt\/lv\/wp-json\/wp\/v2\/product_cat?post=89595"},{"taxonomy":"product_tag","embeddable":true,"href":"https:\/\/kidsplay.lt\/lv\/wp-json\/wp\/v2\/product_tag?post=89595"}],"curies":[{"name":"wp","href":"https:\/\/api.w.org\/{rel}","templated":true}]}}