{"id":89599,"date":"2026-02-26T09:25:11","date_gmt":"2026-02-26T07:25:11","guid":{"rendered":"https:\/\/kidsplay.lt\/produktas\/classic-world-edu-medinis-vandens-zaidimu-aiksteles-komplektas-stovas-vandens-ir-smelio-laidumo-priedai\/"},"modified":"2026-03-15T08:25:06","modified_gmt":"2026-03-15T06:25:06","slug":"classic-world-edu-medinis-vandens-zaidimu-aiksteles-komplektas-stovas-vandens-ir-smelio-laidumo-priedai","status":"publish","type":"product","link":"https:\/\/kidsplay.lt\/lv\/products\/classic-world-edu-medinis-vandens-zaidimu-aiksteles-komplektas-stovas-vandens-ir-smelio-laidumo-priedai\/","title":{"rendered":"CLASSIC WORLD EDU medinis vandens \u017eaidim\u0173 aik\u0161tel\u0117s komplektas, stovas + vandens ir sm\u0117lio laidumo priedai"},"content":{"rendered":"<p>\u0160is garsaus prek\u0117s \u017eenklo \u201eClassic World Edu\u201c vandens \u017eaidim\u0173 aik\u0161tel\u0117s rinkinys pagamintas i\u0161\u00a0auk\u0161tos kokyb\u0117s medienos\u00a0ir da\u017eytas\u00a0netoksi\u0161ku\u00a0,\u00a0vaikams saugiu impregnavimo da\u017eais.\u00a0Rinkin\u012f sudaro visa lenta, skirta \u017eaisti su vandeniu, sm\u0117liu, kamuoliukais ir net \u017eaisliniais automobiliais. Lenta sukurta taip, kad vaikai gal\u0117t\u0173 savaranki\u0161kai kurti vandens vamzd\u017ei\u0173 ir kit\u0173 element\u0173 i\u0161d\u0117stym\u0105 ir konfig\u016bracij\u0105. Lent\u0105 lengva i\u0161ardyti ir ji u\u017eima minimaliai vietos sulankstyta.<\/p>\n<p>Rakstur\u012bgs:<\/p>\n<p> \t&#8211; \u017daislas nuo 3 met\u0173 am\u017eiaus<br \/>\n \t&#8211; Auk\u0161tos kokyb\u0117s darbas<br \/>\n \t&#8211; Lengva surinkti ir i\u0161ardyti<br \/>\n \t&#8211; Puiki pramoga daugeliui valand\u0173<\/p>\n<p>Komplekt\u0101 ietilpst:<\/p>\n<p> \t&#8211; Medinis lentos formos stovas (auk\u0161tis 120 cm; plotis 70 cm)<br \/>\n \t&#8211; 2 metalin\u0117s plok\u0161t\u0117s, ant kuri\u0173 dedami priedai<br \/>\n \t&#8211; 2 piltuv\u0117liai<br \/>\n \t&#8211; 2 alk\u016bniniai vamzd\u017eiai<br \/>\n \t&#8211; 2 lenkti vamzd\u017eiai<br \/>\n \t&#8211; 2 mal\u016bn\u0117liai<br \/>\n \t&#8211; 4 vamzdeliai<br \/>\n \t&#8211; 6 magnetiniai laikikliai<\/p>\n<p>Siekiant u\u017etikrinti geriausias eksploatacines savybes lauko aplinkoje, buvo naudojama\u00a0\u00a0impregnuota\u00a0pu\u0161ies mediena\u00a0. D\u0117l impregnavimo mediena yra\u00a0\u00a0atspari\u00a0\u00a0oro s\u0105lygoms , tod\u0117l\u00a0daugel\u012f met\u0173\u00a0i\u0161lieka patvari ir esteti\u0161kai patraukli\u00a0.\u00a0\u00a0\u0160is sprendimas\u00a0i\u0161skiria\u00a0\u00a0gamin\u012f\u00a0i\u0161 kit\u0173 konkuruojan\u010di\u0173 gamini\u0173.\u00a0\u00a0<\/p>","protected":false},"excerpt":{"rendered":"<p>\u0160is garsaus prek\u0117s \u017eenklo \u201eClassic World Edu\u201c vandens \u017eaidim\u0173 aik\u0161tel\u0117s rinkinys pagamintas i\u0161\u00a0auk\u0161tos kokyb\u0117s medienos\u00a0ir da\u017eytas\u00a0netoksi\u0161ku\u00a0,\u00a0vaikams saugiu impregnavimo da\u017eais.\u00a0Rinkin\u012f sudaro<\/p>","protected":false},"featured_media":62566,"template":"","meta":{"_acf_changed":false,"_glsr_average":0,"_glsr_ranking":0,"_glsr_reviews":0},"product_brand":[],"product_cat":[233,430],"product_tag":[],"class_list":{"0":"post-89599","1":"product","2":"type-product","3":"status-publish","4":"has-post-thumbnail","6":"product_cat-lauko-pramogos","7":"product_cat-zaidimai-ir-linksmybes","8":"\"style=\"background-color: #2ecc711c;\"","10":"first","11":"outofstock","12":"purchasable","13":"product-type-simple"},"acf":[],"yoast_head":"<!-- This site is optimized with the Yoast SEO plugin v27.3 - https:\/\/yoast.com\/product\/yoast-seo-wordpress\/ -->\n<title>CLASSIC WORLD EDU medinis vandens \u017eaidim\u0173 aik\u0161tel\u0117s komplektas, stovas + vandens ir sm\u0117lio laidumo priedai<\/title>\n<meta name=\"description\" content=\"CLASSIC WORLD EDU medinis vandens \u017eaidim\u0173 aik\u0161tel\u0117s komplektas, stovas + vandens ir sm\u0117lio laidumo priedai - KidsPlay. Did\u017eiausias vaik\u0173 \u017eaisl\u0173 pasirinkimas.\" \/>\n<meta name=\"robots\" content=\"index, follow, max-snippet:-1, max-image-preview:large, max-video-preview:-1\" \/>\n<link rel=\"canonical\" href=\"https:\/\/kidsplay.lt\/lv\/products\/classic-world-edu-medinis-vandens-zaidimu-aiksteles-komplektas-stovas-vandens-ir-smelio-laidumo-priedai\/\" \/>\n<meta property=\"og:locale\" content=\"lv_LV\" \/>\n<meta property=\"og:type\" content=\"article\" \/>\n<meta property=\"og:title\" content=\"CLASSIC WORLD EDU medinis vandens \u017eaidim\u0173 aik\u0161tel\u0117s komplektas, stovas + vandens ir sm\u0117lio laidumo priedai\" \/>\n<meta property=\"og:description\" content=\"CLASSIC WORLD EDU medinis vandens \u017eaidim\u0173 aik\u0161tel\u0117s komplektas, stovas + vandens ir sm\u0117lio laidumo priedai - KidsPlay. Did\u017eiausias vaik\u0173 \u017eaisl\u0173 pasirinkimas.\" \/>\n<meta property=\"og:url\" content=\"https:\/\/kidsplay.lt\/lv\/products\/classic-world-edu-medinis-vandens-zaidimu-aiksteles-komplektas-stovas-vandens-ir-smelio-laidumo-priedai\/\" \/>\n<meta property=\"og:site_name\" content=\"KidsPlay\" \/>\n<meta property=\"article:publisher\" content=\"https:\/\/www.facebook.com\/www.kidsplay.lt\" \/>\n<meta property=\"article:modified_time\" content=\"2026-03-15T06:25:06+00:00\" \/>\n<meta property=\"og:image\" content=\"https:\/\/kidsplay.lt\/wp-content\/uploads\/2025\/09\/CLASSIC-WORLD-EDU-medinis-vandens-zaidimu-aiksteles-komplektas-stovas-vandens-ir-smelio-laidumo-priedai.jpg\" \/>\n\t<meta property=\"og:image:width\" content=\"1661\" \/>\n\t<meta property=\"og:image:height\" content=\"1661\" \/>\n\t<meta property=\"og:image:type\" content=\"image\/jpeg\" \/>\n<meta name=\"twitter:card\" content=\"summary_large_image\" \/>\n<meta name=\"twitter:label1\" content=\"Est. reading time\" \/>\n\t<meta name=\"twitter:data1\" content=\"1 min\u016bte\" \/>\n<script type=\"application\/ld+json\" class=\"yoast-schema-graph\">{\"@context\":\"https:\\\/\\\/schema.org\",\"@graph\":[{\"@type\":\"WebPage\",\"@id\":\"https:\\\/\\\/kidsplay.lt\\\/produktas\\\/classic-world-edu-medinis-vandens-zaidimu-aiksteles-komplektas-stovas-vandens-ir-smelio-laidumo-priedai\\\/\",\"url\":\"https:\\\/\\\/kidsplay.lt\\\/produktas\\\/classic-world-edu-medinis-vandens-zaidimu-aiksteles-komplektas-stovas-vandens-ir-smelio-laidumo-priedai\\\/\",\"name\":\"CLASSIC WORLD EDU medinis vandens \u017eaidim\u0173 aik\u0161tel\u0117s komplektas, stovas + vandens ir sm\u0117lio laidumo priedai\",\"isPartOf\":{\"@id\":\"https:\\\/\\\/kidsplay.lt\\\/#website\"},\"primaryImageOfPage\":{\"@id\":\"https:\\\/\\\/kidsplay.lt\\\/produktas\\\/classic-world-edu-medinis-vandens-zaidimu-aiksteles-komplektas-stovas-vandens-ir-smelio-laidumo-priedai\\\/#primaryimage\"},\"image\":{\"@id\":\"https:\\\/\\\/kidsplay.lt\\\/produktas\\\/classic-world-edu-medinis-vandens-zaidimu-aiksteles-komplektas-stovas-vandens-ir-smelio-laidumo-priedai\\\/#primaryimage\"},\"thumbnailUrl\":\"https:\\\/\\\/kidsplay.lt\\\/wp-content\\\/uploads\\\/2025\\\/09\\\/CLASSIC-WORLD-EDU-medinis-vandens-zaidimu-aiksteles-komplektas-stovas-vandens-ir-smelio-laidumo-priedai.jpg\",\"datePublished\":\"2026-02-26T07:25:11+00:00\",\"dateModified\":\"2026-03-15T06:25:06+00:00\",\"description\":\"CLASSIC WORLD EDU medinis vandens \u017eaidim\u0173 aik\u0161tel\u0117s komplektas, stovas + vandens ir sm\u0117lio laidumo priedai - KidsPlay. Did\u017eiausias vaik\u0173 \u017eaisl\u0173 pasirinkimas.\",\"breadcrumb\":{\"@id\":\"https:\\\/\\\/kidsplay.lt\\\/produktas\\\/classic-world-edu-medinis-vandens-zaidimu-aiksteles-komplektas-stovas-vandens-ir-smelio-laidumo-priedai\\\/#breadcrumb\"},\"inLanguage\":\"lv-LV\",\"potentialAction\":[{\"@type\":\"ReadAction\",\"target\":[\"https:\\\/\\\/kidsplay.lt\\\/produktas\\\/classic-world-edu-medinis-vandens-zaidimu-aiksteles-komplektas-stovas-vandens-ir-smelio-laidumo-priedai\\\/\"]}]},{\"@type\":\"ImageObject\",\"inLanguage\":\"lv-LV\",\"@id\":\"https:\\\/\\\/kidsplay.lt\\\/produktas\\\/classic-world-edu-medinis-vandens-zaidimu-aiksteles-komplektas-stovas-vandens-ir-smelio-laidumo-priedai\\\/#primaryimage\",\"url\":\"https:\\\/\\\/kidsplay.lt\\\/wp-content\\\/uploads\\\/2025\\\/09\\\/CLASSIC-WORLD-EDU-medinis-vandens-zaidimu-aiksteles-komplektas-stovas-vandens-ir-smelio-laidumo-priedai.jpg\",\"contentUrl\":\"https:\\\/\\\/kidsplay.lt\\\/wp-content\\\/uploads\\\/2025\\\/09\\\/CLASSIC-WORLD-EDU-medinis-vandens-zaidimu-aiksteles-komplektas-stovas-vandens-ir-smelio-laidumo-priedai.jpg\",\"width\":1661,\"height\":1661,\"caption\":\"CLASSIC WORLD EDU medinis vandens \u017eaidim\u0173 aik\u0161tel\u0117s komplektas\"},{\"@type\":\"BreadcrumbList\",\"@id\":\"https:\\\/\\\/kidsplay.lt\\\/produktas\\\/classic-world-edu-medinis-vandens-zaidimu-aiksteles-komplektas-stovas-vandens-ir-smelio-laidumo-priedai\\\/#breadcrumb\",\"itemListElement\":[{\"@type\":\"ListItem\",\"position\":1,\"name\":\"Pagrindinis\",\"item\":\"https:\\\/\\\/kidsplay.lt\\\/\"},{\"@type\":\"ListItem\",\"position\":2,\"name\":\"Parduotuv\u0117\",\"item\":\"https:\\\/\\\/kidsplay.lt\\\/parduotuve\\\/\"},{\"@type\":\"ListItem\",\"position\":3,\"name\":\"CLASSIC WORLD EDU medinis vandens \u017eaidim\u0173 aik\u0161tel\u0117s komplektas, stovas + vandens ir sm\u0117lio laidumo priedai\"}]},{\"@type\":\"WebSite\",\"@id\":\"https:\\\/\\\/kidsplay.lt\\\/#website\",\"url\":\"https:\\\/\\\/kidsplay.lt\\\/\",\"name\":\"Kidsplay.lt\",\"description\":\"\u012evairios prek\u0117s vaikams\",\"publisher\":{\"@id\":\"https:\\\/\\\/kidsplay.lt\\\/#organization\"},\"alternateName\":\"Kidsplay\",\"potentialAction\":[{\"@type\":\"SearchAction\",\"target\":{\"@type\":\"EntryPoint\",\"urlTemplate\":\"https:\\\/\\\/kidsplay.lt\\\/?s={search_term_string}\"},\"query-input\":{\"@type\":\"PropertyValueSpecification\",\"valueRequired\":true,\"valueName\":\"search_term_string\"}}],\"inLanguage\":\"lv-LV\"},{\"@type\":\"Organization\",\"@id\":\"https:\\\/\\\/kidsplay.lt\\\/#organization\",\"name\":\"KidsPlay\",\"url\":\"https:\\\/\\\/kidsplay.lt\\\/\",\"logo\":{\"@type\":\"ImageObject\",\"inLanguage\":\"lv-LV\",\"@id\":\"https:\\\/\\\/kidsplay.lt\\\/#\\\/schema\\\/logo\\\/image\\\/\",\"url\":\"https:\\\/\\\/kidsplay.lt\\\/wp-content\\\/uploads\\\/2023\\\/07\\\/kidsplay-logo.png\",\"contentUrl\":\"https:\\\/\\\/kidsplay.lt\\\/wp-content\\\/uploads\\\/2023\\\/07\\\/kidsplay-logo.png\",\"width\":451,\"height\":98,\"caption\":\"KidsPlay\"},\"image\":{\"@id\":\"https:\\\/\\\/kidsplay.lt\\\/#\\\/schema\\\/logo\\\/image\\\/\"},\"sameAs\":[\"https:\\\/\\\/www.facebook.com\\\/www.kidsplay.lt\"]}]}<\/script>\n<!-- \/ Yoast SEO plugin. -->","yoast_head_json":{"title":"CLASSIC WORLD EDU medinis vandens \u017eaidim\u0173 aik\u0161tel\u0117s komplektas, stovas + vandens ir sm\u0117lio laidumo priedai","description":"CLASSIC WORLD EDU medinis vandens \u017eaidim\u0173 aik\u0161tel\u0117s komplektas, stovas + vandens ir sm\u0117lio laidumo priedai - KidsPlay. Did\u017eiausias vaik\u0173 \u017eaisl\u0173 pasirinkimas.","robots":{"index":"index","follow":"follow","max-snippet":"max-snippet:-1","max-image-preview":"max-image-preview:large","max-video-preview":"max-video-preview:-1"},"canonical":"https:\/\/kidsplay.lt\/lv\/products\/classic-world-edu-medinis-vandens-zaidimu-aiksteles-komplektas-stovas-vandens-ir-smelio-laidumo-priedai\/","og_locale":"lv_LV","og_type":"article","og_title":"CLASSIC WORLD EDU medinis vandens \u017eaidim\u0173 aik\u0161tel\u0117s komplektas, stovas + vandens ir sm\u0117lio laidumo priedai","og_description":"CLASSIC WORLD EDU medinis vandens \u017eaidim\u0173 aik\u0161tel\u0117s komplektas, stovas + vandens ir sm\u0117lio laidumo priedai - KidsPlay. Did\u017eiausias vaik\u0173 \u017eaisl\u0173 pasirinkimas.","og_url":"https:\/\/kidsplay.lt\/lv\/products\/classic-world-edu-medinis-vandens-zaidimu-aiksteles-komplektas-stovas-vandens-ir-smelio-laidumo-priedai\/","og_site_name":"KidsPlay","article_publisher":"https:\/\/www.facebook.com\/www.kidsplay.lt","article_modified_time":"2026-03-15T06:25:06+00:00","og_image":[{"width":1661,"height":1661,"url":"https:\/\/kidsplay.lt\/wp-content\/uploads\/2025\/09\/CLASSIC-WORLD-EDU-medinis-vandens-zaidimu-aiksteles-komplektas-stovas-vandens-ir-smelio-laidumo-priedai.jpg","type":"image\/jpeg"}],"twitter_card":"summary_large_image","twitter_misc":{"Est. reading time":"1 min\u016bte"},"schema":{"@context":"https:\/\/schema.org","@graph":[{"@type":"WebPage","@id":"https:\/\/kidsplay.lt\/produktas\/classic-world-edu-medinis-vandens-zaidimu-aiksteles-komplektas-stovas-vandens-ir-smelio-laidumo-priedai\/","url":"https:\/\/kidsplay.lt\/produktas\/classic-world-edu-medinis-vandens-zaidimu-aiksteles-komplektas-stovas-vandens-ir-smelio-laidumo-priedai\/","name":"CLASSIC WORLD EDU medinis vandens \u017eaidim\u0173 aik\u0161tel\u0117s komplektas, stovas + vandens ir sm\u0117lio laidumo priedai","isPartOf":{"@id":"https:\/\/kidsplay.lt\/#website"},"primaryImageOfPage":{"@id":"https:\/\/kidsplay.lt\/produktas\/classic-world-edu-medinis-vandens-zaidimu-aiksteles-komplektas-stovas-vandens-ir-smelio-laidumo-priedai\/#primaryimage"},"image":{"@id":"https:\/\/kidsplay.lt\/produktas\/classic-world-edu-medinis-vandens-zaidimu-aiksteles-komplektas-stovas-vandens-ir-smelio-laidumo-priedai\/#primaryimage"},"thumbnailUrl":"https:\/\/kidsplay.lt\/wp-content\/uploads\/2025\/09\/CLASSIC-WORLD-EDU-medinis-vandens-zaidimu-aiksteles-komplektas-stovas-vandens-ir-smelio-laidumo-priedai.jpg","datePublished":"2026-02-26T07:25:11+00:00","dateModified":"2026-03-15T06:25:06+00:00","description":"CLASSIC WORLD EDU medinis vandens \u017eaidim\u0173 aik\u0161tel\u0117s komplektas, stovas + vandens ir sm\u0117lio laidumo priedai - KidsPlay. Did\u017eiausias vaik\u0173 \u017eaisl\u0173 pasirinkimas.","breadcrumb":{"@id":"https:\/\/kidsplay.lt\/produktas\/classic-world-edu-medinis-vandens-zaidimu-aiksteles-komplektas-stovas-vandens-ir-smelio-laidumo-priedai\/#breadcrumb"},"inLanguage":"lv-LV","potentialAction":[{"@type":"ReadAction","target":["https:\/\/kidsplay.lt\/produktas\/classic-world-edu-medinis-vandens-zaidimu-aiksteles-komplektas-stovas-vandens-ir-smelio-laidumo-priedai\/"]}]},{"@type":"ImageObject","inLanguage":"lv-LV","@id":"https:\/\/kidsplay.lt\/produktas\/classic-world-edu-medinis-vandens-zaidimu-aiksteles-komplektas-stovas-vandens-ir-smelio-laidumo-priedai\/#primaryimage","url":"https:\/\/kidsplay.lt\/wp-content\/uploads\/2025\/09\/CLASSIC-WORLD-EDU-medinis-vandens-zaidimu-aiksteles-komplektas-stovas-vandens-ir-smelio-laidumo-priedai.jpg","contentUrl":"https:\/\/kidsplay.lt\/wp-content\/uploads\/2025\/09\/CLASSIC-WORLD-EDU-medinis-vandens-zaidimu-aiksteles-komplektas-stovas-vandens-ir-smelio-laidumo-priedai.jpg","width":1661,"height":1661,"caption":"CLASSIC WORLD EDU medinis vandens \u017eaidim\u0173 aik\u0161tel\u0117s komplektas"},{"@type":"BreadcrumbList","@id":"https:\/\/kidsplay.lt\/produktas\/classic-world-edu-medinis-vandens-zaidimu-aiksteles-komplektas-stovas-vandens-ir-smelio-laidumo-priedai\/#breadcrumb","itemListElement":[{"@type":"ListItem","position":1,"name":"Pagrindinis","item":"https:\/\/kidsplay.lt\/"},{"@type":"ListItem","position":2,"name":"Parduotuv\u0117","item":"https:\/\/kidsplay.lt\/parduotuve\/"},{"@type":"ListItem","position":3,"name":"CLASSIC WORLD EDU medinis vandens \u017eaidim\u0173 aik\u0161tel\u0117s komplektas, stovas + vandens ir sm\u0117lio laidumo priedai"}]},{"@type":"WebSite","@id":"https:\/\/kidsplay.lt\/#website","url":"https:\/\/kidsplay.lt\/","name":"B\u0113rnu sp\u0113les.lv","description":"\u012evairios prek\u0117s vaikams","publisher":{"@id":"https:\/\/kidsplay.lt\/#organization"},"alternateName":"Kidsplay","potentialAction":[{"@type":"SearchAction","target":{"@type":"EntryPoint","urlTemplate":"https:\/\/kidsplay.lt\/?s={search_term_string}"},"query-input":{"@type":"PropertyValueSpecification","valueRequired":true,"valueName":"search_term_string"}}],"inLanguage":"lv-LV"},{"@type":"Organization","@id":"https:\/\/kidsplay.lt\/#organization","name":"B\u0113rnu sp\u0113le","url":"https:\/\/kidsplay.lt\/","logo":{"@type":"ImageObject","inLanguage":"lv-LV","@id":"https:\/\/kidsplay.lt\/#\/schema\/logo\/image\/","url":"https:\/\/kidsplay.lt\/wp-content\/uploads\/2023\/07\/kidsplay-logo.png","contentUrl":"https:\/\/kidsplay.lt\/wp-content\/uploads\/2023\/07\/kidsplay-logo.png","width":451,"height":98,"caption":"KidsPlay"},"image":{"@id":"https:\/\/kidsplay.lt\/#\/schema\/logo\/image\/"},"sameAs":["https:\/\/www.facebook.com\/www.kidsplay.lt"]}]}},"_links":{"self":[{"href":"https:\/\/kidsplay.lt\/lv\/wp-json\/wp\/v2\/product\/89599","targetHints":{"allow":["GET"]}}],"collection":[{"href":"https:\/\/kidsplay.lt\/lv\/wp-json\/wp\/v2\/product"}],"about":[{"href":"https:\/\/kidsplay.lt\/lv\/wp-json\/wp\/v2\/types\/product"}],"version-history":[{"count":1,"href":"https:\/\/kidsplay.lt\/lv\/wp-json\/wp\/v2\/product\/89599\/revisions"}],"predecessor-version":[{"id":89600,"href":"https:\/\/kidsplay.lt\/lv\/wp-json\/wp\/v2\/product\/89599\/revisions\/89600"}],"wp:featuredmedia":[{"embeddable":true,"href":"https:\/\/kidsplay.lt\/lv\/wp-json\/wp\/v2\/media\/62566"}],"wp:attachment":[{"href":"https:\/\/kidsplay.lt\/lv\/wp-json\/wp\/v2\/media?parent=89599"}],"wp:term":[{"taxonomy":"product_brand","embeddable":true,"href":"https:\/\/kidsplay.lt\/lv\/wp-json\/wp\/v2\/product_brand?post=89599"},{"taxonomy":"product_cat","embeddable":true,"href":"https:\/\/kidsplay.lt\/lv\/wp-json\/wp\/v2\/product_cat?post=89599"},{"taxonomy":"product_tag","embeddable":true,"href":"https:\/\/kidsplay.lt\/lv\/wp-json\/wp\/v2\/product_tag?post=89599"}],"curies":[{"name":"wp","href":"https:\/\/api.w.org\/{rel}","templated":true}]}}