{"id":89601,"date":"2026-02-26T09:25:14","date_gmt":"2026-02-26T07:25:14","guid":{"rendered":"https:\/\/kidsplay.lt\/produktas\/classic-world-edu-edukacines-pusiausvyros-skale-smelio-dezei\/"},"modified":"2026-04-13T15:02:09","modified_gmt":"2026-04-13T12:02:09","slug":"classic-world-edu-edukacines-pusiausvyros-skale-smelio-dezei","status":"publish","type":"product","link":"https:\/\/kidsplay.lt\/lv\/products\/classic-world-edu-edukacines-pusiausvyros-skale-smelio-dezei\/","title":{"rendered":"CLASSIC WORLD EDU izgl\u012bt\u012bbas l\u012bdzsvara skala smil\u0161u kastei"},"content":{"rendered":"<p>Vaiki\u0161kos svarstykl\u0117s\u00a0i\u0161 garsaus\u00a0\u201eClassic World\u201c prek\u0117s \u017eenklo.\u00a0Gaminys pagamintas i\u0161\u00a0auk\u0161tos kokyb\u0117s medienos\u00a0ir da\u017eytas netoksi\u0161ka\u00a0,\u00a0vaikams saugia\u00a0impregnavimo danga\u00a0. Pripildykite metalinius kibirus sm\u0117liu, vandeniu ir akmenukais, u\u017etikrindami, kad abu kibirai b\u016bt\u0173 sulygiuoti.\u00a0Tai idealus rinkinys vaikams lavinti rankinius \u012fg\u016bd\u017eius, k\u016brybi\u0161kum\u0105 ir login\u012f m\u0105stym\u0105.\u00a0Puikiai tinka j\u016bs\u0173 nam\u0173 sodui!<\/p>\n<p>Rakstur\u012bgs:<\/p>\n<p> \t&#8211;\u00a0\u017daislas\u00a0nuo 3 met\u0173 am\u017eiaus<br \/>\n \t&#8211;\u00a0Pagaminta i\u0161\u00a0auk\u0161tos kokyb\u0117s med\u017eiag\u0173<br \/>\n \t&#8211; Da\u017eyta netoksi\u0161ka impregnavimo priemone<br \/>\n \t&#8211; Nesibaigian\u010dios pramogos<\/p>\n<p> \t&#8211; Puikus sm\u0117lio d\u0117\u017e\u0117s papildymas<\/p>\n<p>Rota\u013clieta att\u012bst\u0101s:<\/p>\n<p> \t&#8211; Rankiniai \u012fg\u016bd\u017eiai<br \/>\n \t\u2013 Lo\u0123isk\u0101 dom\u0101\u0161ana<br \/>\n \t&#8211; Vaizduot\u0117<br \/>\n \t&#8211; K\u016brybi\u0161kumas<br \/>\n \t&#8211; Kognityviniai geb\u0117jimai<\/p>\n<p>Ekologi\u0161ki \u017eaislai\u00a0\u00a0 skirti net ir patiems ma\u017eiausiems vaikams ir yra pagaminti i\u0161 visi\u0161kai nat\u016brali\u0173, biologi\u0161kai skaid\u017ei\u0173 ir hipoalergini\u0173 med\u017eiag\u0173, tod\u0117l jie yra 100 % saug\u016bs ir nekenksmingi ne tik aplinkai, bet ir j\u016bs\u0173 vaikui.<\/p>","protected":false},"excerpt":{"rendered":"<p>Vaiki\u0161kos svarstykl\u0117s\u00a0i\u0161 garsaus\u00a0\u201eClassic World\u201c prek\u0117s \u017eenklo.\u00a0Gaminys pagamintas i\u0161\u00a0auk\u0161tos kokyb\u0117s medienos\u00a0ir da\u017eytas netoksi\u0161ka\u00a0,\u00a0vaikams saugia\u00a0impregnavimo danga\u00a0. Pripildykite metalinius kibirus sm\u0117liu, vandeniu ir<\/p>","protected":false},"featured_media":67603,"template":"","meta":{"_acf_changed":false,"_glsr_average":0,"_glsr_ranking":0,"_glsr_reviews":0},"product_brand":[],"product_cat":[233,327],"product_tag":[],"class_list":{"0":"post-89601","1":"product","2":"type-product","3":"status-publish","4":"has-post-thumbnail","6":"product_cat-lauko-pramogos","7":"product_cat-smelio-dezes-ir-priedai","8":"\"style=\"background-color: #2ecc711c;\"","10":"first","11":"instock","12":"purchasable","13":"product-type-simple"},"acf":[],"yoast_head":"<!-- This site is optimized with the Yoast SEO plugin v27.4 - https:\/\/yoast.com\/product\/yoast-seo-wordpress\/ -->\n<title>CLASSIC WORLD EDU edukacin\u0117s pusiausvyros skal\u0117 sm\u0117lio d\u0117\u017eei<\/title>\n<meta name=\"description\" content=\"CLASSIC WORLD EDU edukacin\u0117s pusiausvyros skal\u0117 sm\u0117lio d\u0117\u017eei - KidsPlay. Did\u017eiausias vaik\u0173 \u017eaisl\u0173 pasirinkimas.\" \/>\n<meta name=\"robots\" content=\"index, follow, max-snippet:-1, max-image-preview:large, max-video-preview:-1\" \/>\n<link rel=\"canonical\" href=\"https:\/\/kidsplay.lt\/lv\/products\/classic-world-edu-edukacines-pusiausvyros-skale-smelio-dezei\/\" \/>\n<meta property=\"og:locale\" content=\"lv_LV\" \/>\n<meta property=\"og:type\" content=\"article\" \/>\n<meta property=\"og:title\" content=\"CLASSIC WORLD EDU edukacin\u0117s pusiausvyros skal\u0117 sm\u0117lio d\u0117\u017eei\" \/>\n<meta property=\"og:description\" content=\"CLASSIC WORLD EDU edukacin\u0117s pusiausvyros skal\u0117 sm\u0117lio d\u0117\u017eei - KidsPlay. Did\u017eiausias vaik\u0173 \u017eaisl\u0173 pasirinkimas.\" \/>\n<meta property=\"og:url\" content=\"https:\/\/kidsplay.lt\/lv\/products\/classic-world-edu-edukacines-pusiausvyros-skale-smelio-dezei\/\" \/>\n<meta property=\"og:site_name\" content=\"KidsPlay\" \/>\n<meta property=\"article:publisher\" content=\"https:\/\/www.facebook.com\/www.kidsplay.lt\" \/>\n<meta property=\"article:modified_time\" content=\"2026-04-13T12:02:09+00:00\" \/>\n<meta property=\"og:image\" content=\"https:\/\/kidsplay.lt\/wp-content\/uploads\/2025\/09\/CLASSIC-WORLD-EDU-edukacines-pusiausvyros-skale-smelio-dezei.jpg\" \/>\n\t<meta property=\"og:image:width\" content=\"2560\" \/>\n\t<meta property=\"og:image:height\" content=\"2560\" \/>\n\t<meta property=\"og:image:type\" content=\"image\/jpeg\" \/>\n<meta name=\"twitter:card\" content=\"summary_large_image\" \/>\n<meta name=\"twitter:label1\" content=\"Est. reading time\" \/>\n\t<meta name=\"twitter:data1\" content=\"1 min\u016bte\" \/>\n<script type=\"application\/ld+json\" class=\"yoast-schema-graph\">{\"@context\":\"https:\\\/\\\/schema.org\",\"@graph\":[{\"@type\":\"WebPage\",\"@id\":\"https:\\\/\\\/kidsplay.lt\\\/produktas\\\/classic-world-edu-edukacines-pusiausvyros-skale-smelio-dezei\\\/\",\"url\":\"https:\\\/\\\/kidsplay.lt\\\/produktas\\\/classic-world-edu-edukacines-pusiausvyros-skale-smelio-dezei\\\/\",\"name\":\"CLASSIC WORLD EDU edukacin\u0117s pusiausvyros skal\u0117 sm\u0117lio d\u0117\u017eei\",\"isPartOf\":{\"@id\":\"https:\\\/\\\/kidsplay.lt\\\/#website\"},\"primaryImageOfPage\":{\"@id\":\"https:\\\/\\\/kidsplay.lt\\\/produktas\\\/classic-world-edu-edukacines-pusiausvyros-skale-smelio-dezei\\\/#primaryimage\"},\"image\":{\"@id\":\"https:\\\/\\\/kidsplay.lt\\\/produktas\\\/classic-world-edu-edukacines-pusiausvyros-skale-smelio-dezei\\\/#primaryimage\"},\"thumbnailUrl\":\"https:\\\/\\\/kidsplay.lt\\\/wp-content\\\/uploads\\\/2025\\\/09\\\/CLASSIC-WORLD-EDU-edukacines-pusiausvyros-skale-smelio-dezei.jpg\",\"datePublished\":\"2026-02-26T07:25:14+00:00\",\"dateModified\":\"2026-04-13T12:02:09+00:00\",\"description\":\"CLASSIC WORLD EDU edukacin\u0117s pusiausvyros skal\u0117 sm\u0117lio d\u0117\u017eei - KidsPlay. Did\u017eiausias vaik\u0173 \u017eaisl\u0173 pasirinkimas.\",\"breadcrumb\":{\"@id\":\"https:\\\/\\\/kidsplay.lt\\\/produktas\\\/classic-world-edu-edukacines-pusiausvyros-skale-smelio-dezei\\\/#breadcrumb\"},\"inLanguage\":\"lv-LV\",\"potentialAction\":[{\"@type\":\"ReadAction\",\"target\":[\"https:\\\/\\\/kidsplay.lt\\\/produktas\\\/classic-world-edu-edukacines-pusiausvyros-skale-smelio-dezei\\\/\"]}]},{\"@type\":\"ImageObject\",\"inLanguage\":\"lv-LV\",\"@id\":\"https:\\\/\\\/kidsplay.lt\\\/produktas\\\/classic-world-edu-edukacines-pusiausvyros-skale-smelio-dezei\\\/#primaryimage\",\"url\":\"https:\\\/\\\/kidsplay.lt\\\/wp-content\\\/uploads\\\/2025\\\/09\\\/CLASSIC-WORLD-EDU-edukacines-pusiausvyros-skale-smelio-dezei.jpg\",\"contentUrl\":\"https:\\\/\\\/kidsplay.lt\\\/wp-content\\\/uploads\\\/2025\\\/09\\\/CLASSIC-WORLD-EDU-edukacines-pusiausvyros-skale-smelio-dezei.jpg\",\"width\":2560,\"height\":2560,\"caption\":\"CLASSIC WORLD EDU edukacin\u0117s pusiausvyros skal\u0117 sm\u0117lio d\u0117\u017eei\"},{\"@type\":\"BreadcrumbList\",\"@id\":\"https:\\\/\\\/kidsplay.lt\\\/produktas\\\/classic-world-edu-edukacines-pusiausvyros-skale-smelio-dezei\\\/#breadcrumb\",\"itemListElement\":[{\"@type\":\"ListItem\",\"position\":1,\"name\":\"Pagrindinis\",\"item\":\"https:\\\/\\\/kidsplay.lt\\\/\"},{\"@type\":\"ListItem\",\"position\":2,\"name\":\"Parduotuv\u0117\",\"item\":\"https:\\\/\\\/kidsplay.lt\\\/parduotuve\\\/\"},{\"@type\":\"ListItem\",\"position\":3,\"name\":\"CLASSIC WORLD EDU edukacin\u0117s pusiausvyros skal\u0117 sm\u0117lio d\u0117\u017eei\"}]},{\"@type\":\"WebSite\",\"@id\":\"https:\\\/\\\/kidsplay.lt\\\/#website\",\"url\":\"https:\\\/\\\/kidsplay.lt\\\/\",\"name\":\"Kidsplay.lt\",\"description\":\"\u012evairios prek\u0117s vaikams\",\"publisher\":{\"@id\":\"https:\\\/\\\/kidsplay.lt\\\/#organization\"},\"alternateName\":\"Kidsplay\",\"potentialAction\":[{\"@type\":\"SearchAction\",\"target\":{\"@type\":\"EntryPoint\",\"urlTemplate\":\"https:\\\/\\\/kidsplay.lt\\\/?s={search_term_string}\"},\"query-input\":{\"@type\":\"PropertyValueSpecification\",\"valueRequired\":true,\"valueName\":\"search_term_string\"}}],\"inLanguage\":\"lv-LV\"},{\"@type\":\"Organization\",\"@id\":\"https:\\\/\\\/kidsplay.lt\\\/#organization\",\"name\":\"KidsPlay\",\"url\":\"https:\\\/\\\/kidsplay.lt\\\/\",\"logo\":{\"@type\":\"ImageObject\",\"inLanguage\":\"lv-LV\",\"@id\":\"https:\\\/\\\/kidsplay.lt\\\/#\\\/schema\\\/logo\\\/image\\\/\",\"url\":\"https:\\\/\\\/kidsplay.lt\\\/wp-content\\\/uploads\\\/2023\\\/07\\\/kidsplay-logo.png\",\"contentUrl\":\"https:\\\/\\\/kidsplay.lt\\\/wp-content\\\/uploads\\\/2023\\\/07\\\/kidsplay-logo.png\",\"width\":451,\"height\":98,\"caption\":\"KidsPlay\"},\"image\":{\"@id\":\"https:\\\/\\\/kidsplay.lt\\\/#\\\/schema\\\/logo\\\/image\\\/\"},\"sameAs\":[\"https:\\\/\\\/www.facebook.com\\\/www.kidsplay.lt\"]}]}<\/script>\n<!-- \/ Yoast SEO plugin. -->","yoast_head_json":{"title":"CLASSIC WORLD EDU izgl\u012bt\u012bbas l\u012bdzsvara skala smil\u0161u kastei","description":"CLASSIC WORLD EDU edukacin\u0117s pusiausvyros skal\u0117 sm\u0117lio d\u0117\u017eei - KidsPlay. Did\u017eiausias vaik\u0173 \u017eaisl\u0173 pasirinkimas.","robots":{"index":"index","follow":"follow","max-snippet":"max-snippet:-1","max-image-preview":"max-image-preview:large","max-video-preview":"max-video-preview:-1"},"canonical":"https:\/\/kidsplay.lt\/lv\/products\/classic-world-edu-edukacines-pusiausvyros-skale-smelio-dezei\/","og_locale":"lv_LV","og_type":"article","og_title":"CLASSIC WORLD EDU edukacin\u0117s pusiausvyros skal\u0117 sm\u0117lio d\u0117\u017eei","og_description":"CLASSIC WORLD EDU edukacin\u0117s pusiausvyros skal\u0117 sm\u0117lio d\u0117\u017eei - KidsPlay. Did\u017eiausias vaik\u0173 \u017eaisl\u0173 pasirinkimas.","og_url":"https:\/\/kidsplay.lt\/lv\/products\/classic-world-edu-edukacines-pusiausvyros-skale-smelio-dezei\/","og_site_name":"KidsPlay","article_publisher":"https:\/\/www.facebook.com\/www.kidsplay.lt","article_modified_time":"2026-04-13T12:02:09+00:00","og_image":[{"width":2560,"height":2560,"url":"https:\/\/kidsplay.lt\/wp-content\/uploads\/2025\/09\/CLASSIC-WORLD-EDU-edukacines-pusiausvyros-skale-smelio-dezei.jpg","type":"image\/jpeg"}],"twitter_card":"summary_large_image","twitter_misc":{"Est. reading time":"1 min\u016bte"},"schema":{"@context":"https:\/\/schema.org","@graph":[{"@type":"WebPage","@id":"https:\/\/kidsplay.lt\/produktas\/classic-world-edu-edukacines-pusiausvyros-skale-smelio-dezei\/","url":"https:\/\/kidsplay.lt\/produktas\/classic-world-edu-edukacines-pusiausvyros-skale-smelio-dezei\/","name":"CLASSIC WORLD EDU izgl\u012bt\u012bbas l\u012bdzsvara skala smil\u0161u kastei","isPartOf":{"@id":"https:\/\/kidsplay.lt\/#website"},"primaryImageOfPage":{"@id":"https:\/\/kidsplay.lt\/produktas\/classic-world-edu-edukacines-pusiausvyros-skale-smelio-dezei\/#primaryimage"},"image":{"@id":"https:\/\/kidsplay.lt\/produktas\/classic-world-edu-edukacines-pusiausvyros-skale-smelio-dezei\/#primaryimage"},"thumbnailUrl":"https:\/\/kidsplay.lt\/wp-content\/uploads\/2025\/09\/CLASSIC-WORLD-EDU-edukacines-pusiausvyros-skale-smelio-dezei.jpg","datePublished":"2026-02-26T07:25:14+00:00","dateModified":"2026-04-13T12:02:09+00:00","description":"CLASSIC WORLD EDU edukacin\u0117s pusiausvyros skal\u0117 sm\u0117lio d\u0117\u017eei - KidsPlay. Did\u017eiausias vaik\u0173 \u017eaisl\u0173 pasirinkimas.","breadcrumb":{"@id":"https:\/\/kidsplay.lt\/produktas\/classic-world-edu-edukacines-pusiausvyros-skale-smelio-dezei\/#breadcrumb"},"inLanguage":"lv-LV","potentialAction":[{"@type":"ReadAction","target":["https:\/\/kidsplay.lt\/produktas\/classic-world-edu-edukacines-pusiausvyros-skale-smelio-dezei\/"]}]},{"@type":"ImageObject","inLanguage":"lv-LV","@id":"https:\/\/kidsplay.lt\/produktas\/classic-world-edu-edukacines-pusiausvyros-skale-smelio-dezei\/#primaryimage","url":"https:\/\/kidsplay.lt\/wp-content\/uploads\/2025\/09\/CLASSIC-WORLD-EDU-edukacines-pusiausvyros-skale-smelio-dezei.jpg","contentUrl":"https:\/\/kidsplay.lt\/wp-content\/uploads\/2025\/09\/CLASSIC-WORLD-EDU-edukacines-pusiausvyros-skale-smelio-dezei.jpg","width":2560,"height":2560,"caption":"CLASSIC WORLD EDU edukacin\u0117s pusiausvyros skal\u0117 sm\u0117lio d\u0117\u017eei"},{"@type":"BreadcrumbList","@id":"https:\/\/kidsplay.lt\/produktas\/classic-world-edu-edukacines-pusiausvyros-skale-smelio-dezei\/#breadcrumb","itemListElement":[{"@type":"ListItem","position":1,"name":"Pagrindinis","item":"https:\/\/kidsplay.lt\/"},{"@type":"ListItem","position":2,"name":"Parduotuv\u0117","item":"https:\/\/kidsplay.lt\/parduotuve\/"},{"@type":"ListItem","position":3,"name":"CLASSIC WORLD EDU edukacin\u0117s pusiausvyros skal\u0117 sm\u0117lio d\u0117\u017eei"}]},{"@type":"WebSite","@id":"https:\/\/kidsplay.lt\/#website","url":"https:\/\/kidsplay.lt\/","name":"B\u0113rnu sp\u0113les.lv","description":"\u012evairios prek\u0117s vaikams","publisher":{"@id":"https:\/\/kidsplay.lt\/#organization"},"alternateName":"Kidsplay","potentialAction":[{"@type":"SearchAction","target":{"@type":"EntryPoint","urlTemplate":"https:\/\/kidsplay.lt\/?s={search_term_string}"},"query-input":{"@type":"PropertyValueSpecification","valueRequired":true,"valueName":"search_term_string"}}],"inLanguage":"lv-LV"},{"@type":"Organization","@id":"https:\/\/kidsplay.lt\/#organization","name":"B\u0113rnu sp\u0113le","url":"https:\/\/kidsplay.lt\/","logo":{"@type":"ImageObject","inLanguage":"lv-LV","@id":"https:\/\/kidsplay.lt\/#\/schema\/logo\/image\/","url":"https:\/\/kidsplay.lt\/wp-content\/uploads\/2023\/07\/kidsplay-logo.png","contentUrl":"https:\/\/kidsplay.lt\/wp-content\/uploads\/2023\/07\/kidsplay-logo.png","width":451,"height":98,"caption":"KidsPlay"},"image":{"@id":"https:\/\/kidsplay.lt\/#\/schema\/logo\/image\/"},"sameAs":["https:\/\/www.facebook.com\/www.kidsplay.lt"]}]}},"_links":{"self":[{"href":"https:\/\/kidsplay.lt\/lv\/wp-json\/wp\/v2\/product\/89601","targetHints":{"allow":["GET"]}}],"collection":[{"href":"https:\/\/kidsplay.lt\/lv\/wp-json\/wp\/v2\/product"}],"about":[{"href":"https:\/\/kidsplay.lt\/lv\/wp-json\/wp\/v2\/types\/product"}],"version-history":[{"count":1,"href":"https:\/\/kidsplay.lt\/lv\/wp-json\/wp\/v2\/product\/89601\/revisions"}],"predecessor-version":[{"id":89602,"href":"https:\/\/kidsplay.lt\/lv\/wp-json\/wp\/v2\/product\/89601\/revisions\/89602"}],"wp:featuredmedia":[{"embeddable":true,"href":"https:\/\/kidsplay.lt\/lv\/wp-json\/wp\/v2\/media\/67603"}],"wp:attachment":[{"href":"https:\/\/kidsplay.lt\/lv\/wp-json\/wp\/v2\/media?parent=89601"}],"wp:term":[{"taxonomy":"product_brand","embeddable":true,"href":"https:\/\/kidsplay.lt\/lv\/wp-json\/wp\/v2\/product_brand?post=89601"},{"taxonomy":"product_cat","embeddable":true,"href":"https:\/\/kidsplay.lt\/lv\/wp-json\/wp\/v2\/product_cat?post=89601"},{"taxonomy":"product_tag","embeddable":true,"href":"https:\/\/kidsplay.lt\/lv\/wp-json\/wp\/v2\/product_tag?post=89601"}],"curies":[{"name":"wp","href":"https:\/\/api.w.org\/{rel}","templated":true}]}}