{"id":89605,"date":"2026-02-26T09:25:18","date_gmt":"2026-02-26T07:25:18","guid":{"rendered":"https:\/\/kidsplay.lt\/produktas\/classic-world-edu-muzikos-instrumentas-varpeliai\/"},"modified":"2026-03-23T08:51:54","modified_gmt":"2026-03-23T06:51:54","slug":"classic-world-edu-muzikos-instrumentas-varpeliai","status":"publish","type":"product","link":"https:\/\/kidsplay.lt\/lv\/products\/classic-world-edu-muzikos-instrumentas-varpeliai\/","title":{"rendered":"CLASSIC WORLD EDU muzikos instrumentas varpeliai"},"content":{"rendered":"<p>\u201e Classic\u00a0World\u00a0Big Bells\u201c\u00a0i\u0161\u00a0EDU\u00a0serijos u\u017epildys j\u016bs\u0173 sod\u0105, \u017eaidim\u0173 aik\u0161tel\u0119 ar bet kuri\u0105 lauko erdv\u0119 muzika! \u0160is nuostabus instrumentas yra puikus b\u016bdas\u00a0\u012fvairaus am\u017eiaus vaikams\u00a0kurti harmonijas ir ritmus. Jis taip pat suteikia galimybi\u0173\u00a0savirai\u0161kai\u00a0kuriant, didindamas j\u016bs\u0173 vaiko\u00a0pasitik\u0117jim\u0105 savimi\u00a0ir\u00a0pasitik\u0117jim\u0105 savimi\u00a0. Vienoje instrumento pus\u0117je yra kompozicij\u0173 pavyzd\u017eiai, kurie supa\u017eindins j\u016bs\u0173 vaik\u0105 su\u00a0savo\u00a0melodij\u0173\u00a0k\u016brimu . Pagaminta\u00a0i\u0161\u00a0auk\u0161tos kokyb\u0117s,\u00a0oro s\u0105lygoms atsparios\u00a0medienos , gautos i\u0161 tvari\u0173 \u0161altini\u0173.<\/p>\n<p>Rakstur\u012bgs:<\/p>\n<p> \t\u2013 rota\u013clieta no 3 gadu vecuma,<br \/>\n \t&#8211;\u00a0i\u0161 specialios\u00a0EDU serijos,<br \/>\n \t&#8211; rodo kompozicij\u0173 pavyzd\u017eius &#8211; moko,<br \/>\n \t&#8211;\u00a0komplektas pagamintas i\u0161\u00a0auk\u0161\u010diausios kokyb\u0117s med\u017eiag\u0173\u00a0&#8211; atsparus oro s\u0105lygoms!<\/p>\n<p>Rota\u013clieta att\u012bst\u0101s:<\/p>\n<p> \t&#8211; poj\u016b\u010diai,<br \/>\n \t&#8211; dr\u0105sa ir pasitik\u0117jimas savimi.<\/p>\n<p>Ekologi\u0161ki \u017eaislai\u00a0\u00a0\u00a0skirti net ir patiems ma\u017eiausiems vaikams ir yra pagaminti i\u0161 visi\u0161kai nat\u016brali\u0173, biologi\u0161kai skaid\u017ei\u0173 ir hipoalergini\u0173 med\u017eiag\u0173, tod\u0117l jie yra 100 % saug\u016bs ir nekenksmingi ne tik aplinkai, bet ir j\u016bs\u0173 vaikui.<\/p>","protected":false},"excerpt":{"rendered":"<p>\u201e Classic\u00a0World\u00a0Big Bells\u201c\u00a0i\u0161\u00a0EDU\u00a0serijos u\u017epildys j\u016bs\u0173 sod\u0105, \u017eaidim\u0173 aik\u0161tel\u0119 ar bet kuri\u0105 lauko erdv\u0119 muzika! \u0160is nuostabus instrumentas yra puikus b\u016bdas\u00a0\u012fvairaus<\/p>","protected":false},"featured_media":67616,"template":"","meta":{"_acf_changed":false,"_glsr_average":0,"_glsr_ranking":0,"_glsr_reviews":0},"product_brand":[],"product_cat":[449,229],"product_tag":[],"class_list":{"0":"post-89605","1":"product","2":"type-product","3":"status-publish","4":"has-post-thumbnail","6":"product_cat-muzikiniai","7":"product_cat-zaislai-vaikams","8":"\"style=\"background-color: #2ecc711c;\"","10":"first","11":"outofstock","12":"purchasable","13":"product-type-simple"},"acf":[],"yoast_head":"<!-- This site is optimized with the Yoast SEO plugin v27.4 - https:\/\/yoast.com\/product\/yoast-seo-wordpress\/ -->\n<title>CLASSIC WORLD EDU muzikos instrumentas varpeliai<\/title>\n<meta name=\"description\" content=\"CLASSIC WORLD EDU muzikos instrumentas varpeliai - KidsPlay. Did\u017eiausias vaik\u0173 \u017eaisl\u0173 pasirinkimas.\" \/>\n<meta name=\"robots\" content=\"index, follow, max-snippet:-1, max-image-preview:large, max-video-preview:-1\" \/>\n<link rel=\"canonical\" href=\"https:\/\/kidsplay.lt\/lv\/products\/classic-world-edu-muzikos-instrumentas-varpeliai\/\" \/>\n<meta property=\"og:locale\" content=\"lv_LV\" \/>\n<meta property=\"og:type\" content=\"article\" \/>\n<meta property=\"og:title\" content=\"CLASSIC WORLD EDU muzikos instrumentas varpeliai\" \/>\n<meta property=\"og:description\" content=\"CLASSIC WORLD EDU muzikos instrumentas varpeliai - KidsPlay. Did\u017eiausias vaik\u0173 \u017eaisl\u0173 pasirinkimas.\" \/>\n<meta property=\"og:url\" content=\"https:\/\/kidsplay.lt\/lv\/products\/classic-world-edu-muzikos-instrumentas-varpeliai\/\" \/>\n<meta property=\"og:site_name\" content=\"KidsPlay\" \/>\n<meta property=\"article:publisher\" content=\"https:\/\/www.facebook.com\/www.kidsplay.lt\" \/>\n<meta property=\"article:modified_time\" content=\"2026-03-23T06:51:54+00:00\" \/>\n<meta property=\"og:image\" content=\"https:\/\/kidsplay.lt\/wp-content\/uploads\/2025\/09\/CLASSIC-WORLD-EDU-muzikos-instrumentas-varpeliai.jpg\" \/>\n\t<meta property=\"og:image:width\" content=\"2560\" \/>\n\t<meta property=\"og:image:height\" content=\"2560\" \/>\n\t<meta property=\"og:image:type\" content=\"image\/jpeg\" \/>\n<meta name=\"twitter:card\" content=\"summary_large_image\" \/>\n<meta name=\"twitter:label1\" content=\"Est. reading time\" \/>\n\t<meta name=\"twitter:data1\" content=\"1 min\u016bte\" \/>\n<script type=\"application\/ld+json\" class=\"yoast-schema-graph\">{\"@context\":\"https:\\\/\\\/schema.org\",\"@graph\":[{\"@type\":\"WebPage\",\"@id\":\"https:\\\/\\\/kidsplay.lt\\\/produktas\\\/classic-world-edu-muzikos-instrumentas-varpeliai\\\/\",\"url\":\"https:\\\/\\\/kidsplay.lt\\\/produktas\\\/classic-world-edu-muzikos-instrumentas-varpeliai\\\/\",\"name\":\"CLASSIC WORLD EDU muzikos instrumentas varpeliai\",\"isPartOf\":{\"@id\":\"https:\\\/\\\/kidsplay.lt\\\/#website\"},\"primaryImageOfPage\":{\"@id\":\"https:\\\/\\\/kidsplay.lt\\\/produktas\\\/classic-world-edu-muzikos-instrumentas-varpeliai\\\/#primaryimage\"},\"image\":{\"@id\":\"https:\\\/\\\/kidsplay.lt\\\/produktas\\\/classic-world-edu-muzikos-instrumentas-varpeliai\\\/#primaryimage\"},\"thumbnailUrl\":\"https:\\\/\\\/kidsplay.lt\\\/wp-content\\\/uploads\\\/2025\\\/09\\\/CLASSIC-WORLD-EDU-muzikos-instrumentas-varpeliai.jpg\",\"datePublished\":\"2026-02-26T07:25:18+00:00\",\"dateModified\":\"2026-03-23T06:51:54+00:00\",\"description\":\"CLASSIC WORLD EDU muzikos instrumentas varpeliai - KidsPlay. Did\u017eiausias vaik\u0173 \u017eaisl\u0173 pasirinkimas.\",\"breadcrumb\":{\"@id\":\"https:\\\/\\\/kidsplay.lt\\\/produktas\\\/classic-world-edu-muzikos-instrumentas-varpeliai\\\/#breadcrumb\"},\"inLanguage\":\"lv-LV\",\"potentialAction\":[{\"@type\":\"ReadAction\",\"target\":[\"https:\\\/\\\/kidsplay.lt\\\/produktas\\\/classic-world-edu-muzikos-instrumentas-varpeliai\\\/\"]}]},{\"@type\":\"ImageObject\",\"inLanguage\":\"lv-LV\",\"@id\":\"https:\\\/\\\/kidsplay.lt\\\/produktas\\\/classic-world-edu-muzikos-instrumentas-varpeliai\\\/#primaryimage\",\"url\":\"https:\\\/\\\/kidsplay.lt\\\/wp-content\\\/uploads\\\/2025\\\/09\\\/CLASSIC-WORLD-EDU-muzikos-instrumentas-varpeliai.jpg\",\"contentUrl\":\"https:\\\/\\\/kidsplay.lt\\\/wp-content\\\/uploads\\\/2025\\\/09\\\/CLASSIC-WORLD-EDU-muzikos-instrumentas-varpeliai.jpg\",\"width\":2560,\"height\":2560,\"caption\":\"CLASSIC WORLD EDU muzikos instrumentas varpeliai\"},{\"@type\":\"BreadcrumbList\",\"@id\":\"https:\\\/\\\/kidsplay.lt\\\/produktas\\\/classic-world-edu-muzikos-instrumentas-varpeliai\\\/#breadcrumb\",\"itemListElement\":[{\"@type\":\"ListItem\",\"position\":1,\"name\":\"Pagrindinis\",\"item\":\"https:\\\/\\\/kidsplay.lt\\\/\"},{\"@type\":\"ListItem\",\"position\":2,\"name\":\"Parduotuv\u0117\",\"item\":\"https:\\\/\\\/kidsplay.lt\\\/parduotuve\\\/\"},{\"@type\":\"ListItem\",\"position\":3,\"name\":\"CLASSIC WORLD EDU muzikos instrumentas varpeliai\"}]},{\"@type\":\"WebSite\",\"@id\":\"https:\\\/\\\/kidsplay.lt\\\/#website\",\"url\":\"https:\\\/\\\/kidsplay.lt\\\/\",\"name\":\"Kidsplay.lt\",\"description\":\"\u012evairios prek\u0117s vaikams\",\"publisher\":{\"@id\":\"https:\\\/\\\/kidsplay.lt\\\/#organization\"},\"alternateName\":\"Kidsplay\",\"potentialAction\":[{\"@type\":\"SearchAction\",\"target\":{\"@type\":\"EntryPoint\",\"urlTemplate\":\"https:\\\/\\\/kidsplay.lt\\\/?s={search_term_string}\"},\"query-input\":{\"@type\":\"PropertyValueSpecification\",\"valueRequired\":true,\"valueName\":\"search_term_string\"}}],\"inLanguage\":\"lv-LV\"},{\"@type\":\"Organization\",\"@id\":\"https:\\\/\\\/kidsplay.lt\\\/#organization\",\"name\":\"KidsPlay\",\"url\":\"https:\\\/\\\/kidsplay.lt\\\/\",\"logo\":{\"@type\":\"ImageObject\",\"inLanguage\":\"lv-LV\",\"@id\":\"https:\\\/\\\/kidsplay.lt\\\/#\\\/schema\\\/logo\\\/image\\\/\",\"url\":\"https:\\\/\\\/kidsplay.lt\\\/wp-content\\\/uploads\\\/2023\\\/07\\\/kidsplay-logo.png\",\"contentUrl\":\"https:\\\/\\\/kidsplay.lt\\\/wp-content\\\/uploads\\\/2023\\\/07\\\/kidsplay-logo.png\",\"width\":451,\"height\":98,\"caption\":\"KidsPlay\"},\"image\":{\"@id\":\"https:\\\/\\\/kidsplay.lt\\\/#\\\/schema\\\/logo\\\/image\\\/\"},\"sameAs\":[\"https:\\\/\\\/www.facebook.com\\\/www.kidsplay.lt\"]}]}<\/script>\n<!-- \/ Yoast SEO plugin. -->","yoast_head_json":{"title":"CLASSIC WORLD EDU muzikos instrumentas varpeliai","description":"CLASSIC WORLD EDU muzikos instrumentas varpeliai - KidsPlay. Did\u017eiausias vaik\u0173 \u017eaisl\u0173 pasirinkimas.","robots":{"index":"index","follow":"follow","max-snippet":"max-snippet:-1","max-image-preview":"max-image-preview:large","max-video-preview":"max-video-preview:-1"},"canonical":"https:\/\/kidsplay.lt\/lv\/products\/classic-world-edu-muzikos-instrumentas-varpeliai\/","og_locale":"lv_LV","og_type":"article","og_title":"CLASSIC WORLD EDU muzikos instrumentas varpeliai","og_description":"CLASSIC WORLD EDU muzikos instrumentas varpeliai - KidsPlay. Did\u017eiausias vaik\u0173 \u017eaisl\u0173 pasirinkimas.","og_url":"https:\/\/kidsplay.lt\/lv\/products\/classic-world-edu-muzikos-instrumentas-varpeliai\/","og_site_name":"KidsPlay","article_publisher":"https:\/\/www.facebook.com\/www.kidsplay.lt","article_modified_time":"2026-03-23T06:51:54+00:00","og_image":[{"width":2560,"height":2560,"url":"https:\/\/kidsplay.lt\/wp-content\/uploads\/2025\/09\/CLASSIC-WORLD-EDU-muzikos-instrumentas-varpeliai.jpg","type":"image\/jpeg"}],"twitter_card":"summary_large_image","twitter_misc":{"Est. reading time":"1 min\u016bte"},"schema":{"@context":"https:\/\/schema.org","@graph":[{"@type":"WebPage","@id":"https:\/\/kidsplay.lt\/produktas\/classic-world-edu-muzikos-instrumentas-varpeliai\/","url":"https:\/\/kidsplay.lt\/produktas\/classic-world-edu-muzikos-instrumentas-varpeliai\/","name":"CLASSIC WORLD EDU muzikos instrumentas varpeliai","isPartOf":{"@id":"https:\/\/kidsplay.lt\/#website"},"primaryImageOfPage":{"@id":"https:\/\/kidsplay.lt\/produktas\/classic-world-edu-muzikos-instrumentas-varpeliai\/#primaryimage"},"image":{"@id":"https:\/\/kidsplay.lt\/produktas\/classic-world-edu-muzikos-instrumentas-varpeliai\/#primaryimage"},"thumbnailUrl":"https:\/\/kidsplay.lt\/wp-content\/uploads\/2025\/09\/CLASSIC-WORLD-EDU-muzikos-instrumentas-varpeliai.jpg","datePublished":"2026-02-26T07:25:18+00:00","dateModified":"2026-03-23T06:51:54+00:00","description":"CLASSIC WORLD EDU muzikos instrumentas varpeliai - KidsPlay. Did\u017eiausias vaik\u0173 \u017eaisl\u0173 pasirinkimas.","breadcrumb":{"@id":"https:\/\/kidsplay.lt\/produktas\/classic-world-edu-muzikos-instrumentas-varpeliai\/#breadcrumb"},"inLanguage":"lv-LV","potentialAction":[{"@type":"ReadAction","target":["https:\/\/kidsplay.lt\/produktas\/classic-world-edu-muzikos-instrumentas-varpeliai\/"]}]},{"@type":"ImageObject","inLanguage":"lv-LV","@id":"https:\/\/kidsplay.lt\/produktas\/classic-world-edu-muzikos-instrumentas-varpeliai\/#primaryimage","url":"https:\/\/kidsplay.lt\/wp-content\/uploads\/2025\/09\/CLASSIC-WORLD-EDU-muzikos-instrumentas-varpeliai.jpg","contentUrl":"https:\/\/kidsplay.lt\/wp-content\/uploads\/2025\/09\/CLASSIC-WORLD-EDU-muzikos-instrumentas-varpeliai.jpg","width":2560,"height":2560,"caption":"CLASSIC WORLD EDU muzikos instrumentas varpeliai"},{"@type":"BreadcrumbList","@id":"https:\/\/kidsplay.lt\/produktas\/classic-world-edu-muzikos-instrumentas-varpeliai\/#breadcrumb","itemListElement":[{"@type":"ListItem","position":1,"name":"Pagrindinis","item":"https:\/\/kidsplay.lt\/"},{"@type":"ListItem","position":2,"name":"Parduotuv\u0117","item":"https:\/\/kidsplay.lt\/parduotuve\/"},{"@type":"ListItem","position":3,"name":"CLASSIC WORLD EDU muzikos instrumentas varpeliai"}]},{"@type":"WebSite","@id":"https:\/\/kidsplay.lt\/#website","url":"https:\/\/kidsplay.lt\/","name":"B\u0113rnu sp\u0113les.lv","description":"\u012evairios prek\u0117s vaikams","publisher":{"@id":"https:\/\/kidsplay.lt\/#organization"},"alternateName":"Kidsplay","potentialAction":[{"@type":"SearchAction","target":{"@type":"EntryPoint","urlTemplate":"https:\/\/kidsplay.lt\/?s={search_term_string}"},"query-input":{"@type":"PropertyValueSpecification","valueRequired":true,"valueName":"search_term_string"}}],"inLanguage":"lv-LV"},{"@type":"Organization","@id":"https:\/\/kidsplay.lt\/#organization","name":"B\u0113rnu sp\u0113le","url":"https:\/\/kidsplay.lt\/","logo":{"@type":"ImageObject","inLanguage":"lv-LV","@id":"https:\/\/kidsplay.lt\/#\/schema\/logo\/image\/","url":"https:\/\/kidsplay.lt\/wp-content\/uploads\/2023\/07\/kidsplay-logo.png","contentUrl":"https:\/\/kidsplay.lt\/wp-content\/uploads\/2023\/07\/kidsplay-logo.png","width":451,"height":98,"caption":"KidsPlay"},"image":{"@id":"https:\/\/kidsplay.lt\/#\/schema\/logo\/image\/"},"sameAs":["https:\/\/www.facebook.com\/www.kidsplay.lt"]}]}},"_links":{"self":[{"href":"https:\/\/kidsplay.lt\/lv\/wp-json\/wp\/v2\/product\/89605","targetHints":{"allow":["GET"]}}],"collection":[{"href":"https:\/\/kidsplay.lt\/lv\/wp-json\/wp\/v2\/product"}],"about":[{"href":"https:\/\/kidsplay.lt\/lv\/wp-json\/wp\/v2\/types\/product"}],"version-history":[{"count":1,"href":"https:\/\/kidsplay.lt\/lv\/wp-json\/wp\/v2\/product\/89605\/revisions"}],"predecessor-version":[{"id":89606,"href":"https:\/\/kidsplay.lt\/lv\/wp-json\/wp\/v2\/product\/89605\/revisions\/89606"}],"wp:featuredmedia":[{"embeddable":true,"href":"https:\/\/kidsplay.lt\/lv\/wp-json\/wp\/v2\/media\/67616"}],"wp:attachment":[{"href":"https:\/\/kidsplay.lt\/lv\/wp-json\/wp\/v2\/media?parent=89605"}],"wp:term":[{"taxonomy":"product_brand","embeddable":true,"href":"https:\/\/kidsplay.lt\/lv\/wp-json\/wp\/v2\/product_brand?post=89605"},{"taxonomy":"product_cat","embeddable":true,"href":"https:\/\/kidsplay.lt\/lv\/wp-json\/wp\/v2\/product_cat?post=89605"},{"taxonomy":"product_tag","embeddable":true,"href":"https:\/\/kidsplay.lt\/lv\/wp-json\/wp\/v2\/product_tag?post=89605"}],"curies":[{"name":"wp","href":"https:\/\/api.w.org\/{rel}","templated":true}]}}