{"id":89607,"date":"2026-02-26T09:25:20","date_gmt":"2026-02-26T07:25:20","guid":{"rendered":"https:\/\/kidsplay.lt\/produktas\/nuotykiu-medine-zaidimu-aikstele-namelio-ciuozykla\/"},"modified":"2026-04-18T18:30:47","modified_gmt":"2026-04-18T15:30:47","slug":"nuotykiu-medine-zaidimu-aikstele-namelio-ciuozykla","status":"publish","type":"product","link":"https:\/\/kidsplay.lt\/lv\/products\/nuotykiu-medine-zaidimu-aikstele-namelio-ciuozykla\/","title":{"rendered":"Piedz\u012bvojumu koka rota\u013cu laukums ar kab\u012bni un slidkalni\u0146u"},"content":{"rendered":"<p>\u0160is \u017eavus \u017eaidim\u0173 namelis ir \u010diuo\u017eykla atveria begales galimybi\u0173! Tai gali b\u016bti pilis, trobel\u0117, pirat\u0173 laivas ar bet kas, k\u0105 jie nori \u012fsivaizduoti! \u0160is stilingas kiemo \u017eaidim\u0173 rinkinys pagamintas i\u0161 mi\u0161ri\u0173 med\u017eiag\u0173, kad atrodyt\u0173 unikaliai. Konstrukcija, daugiausia pagaminta i\u0161 med\u017eio, sukuria klasikin\u012f \u012fvaizd\u012f. Spalvingos plastikin\u0117s detal\u0117s yra patogios vaikams ir tarnaus valand\u0173 valandas! \u0160is medinis ir plastikinis \u017eaidim\u0173 namelis leis ma\u017eiesiems linksmintis vis\u0105 dien\u0105!<\/p>\n<p>Rakstur\u012bgs:\u00a0<\/p>\n<p> \t&#8211; Lipkite laipiojimo rampa \u012f savo nuosav\u0105 namel\u012f mi\u0161ke! Sve\u010dius \u012fleiskite ir i\u0161eikite pro olandi\u0161ko stiliaus duris!<br \/>\n \t&#8211; Viduje ant virykl\u0117s i\u0161sikepkite maisto! Nepamir\u0161kite i\u0161plauti ind\u0173 \u2013 netikra virtuv\u0117s kriaukl\u0117 leid\u017eia vaikams praktikuotis valyti!<br \/>\n \t&#8211; Pasinaudokite tvirtais rankenomis, kad u\u017eliptum\u0117te \u012f vir\u0161utin\u0119 platform\u0105! Spalvingos plok\u0161\u010di\u0173 sienos yra smagios ir u\u017etikrina papildom\u0105 saugum\u0105.<br \/>\n \t&#8211; Kai b\u016bsite pasiruo\u0161\u0119, nulenkite ypa\u010d ilg\u0105 1,5 metro \u010diuo\u017eykl\u0105, kad b\u016bt\u0173 dar smagiau!<br \/>\n \t&#8211; I\u0161traukiamas stal\u010dius leis netikriems \u017eaislams lengvai pasiekti! Sutvarkymas \u2013 vienas juokas!<\/p>\n<p>\u201eStep2\u201c\u00a0\u00a0\u2013 pirmiausia kokyb\u0117, o antroje vietoje \u2013 puik\u016bs \u017eaislai!\u00a0\u00a0Jei renkantis \u017eaisl\u0105 savo vaikui svarbiausia kokyb\u0117 ir saugumas, visas fantasti\u0161k\u0173\u00a0amerikie\u010di\u0173\u00a0kompanijos\u00a0\u00a0\u201eStep2\u201c\u00a0\u017eaisl\u0173 asortimentas tikrai pateisins vaik\u0173, t\u0117v\u0173, dar\u017eeli\u0173, ikimokyklinio ugdymo \u012fstaig\u0173 ir kit\u0173 \u0161vietimo \u012fstaig\u0173 l\u016bkes\u010dius. \u201eStep2\u201c jau de\u0161imtme\u010dius\u00a0gamina geriausius \u017eaislus JAV\u00a0! M\u016bs\u0173 asortimente yra sm\u0117lio d\u0117\u017e\u0117s, sodo nameliai, \u017eaidim\u0173 aik\u0161tel\u0117s, dirbtuv\u0117s, \u017eaislai va\u017ein\u0117jimui, virtuv\u0117s ir vaik\u0173 baldai.<\/p>","protected":false},"excerpt":{"rendered":"<p>\u0160is \u017eavus \u017eaidim\u0173 namelis ir \u010diuo\u017eykla atveria begales galimybi\u0173! Tai gali b\u016bti pilis, trobel\u0117, pirat\u0173 laivas ar bet kas, k\u0105<\/p>","protected":false},"featured_media":67621,"template":"","meta":{"_acf_changed":false,"_glsr_average":0,"_glsr_ranking":0,"_glsr_reviews":0},"product_brand":[],"product_cat":[233,382],"product_tag":[],"class_list":{"0":"post-89607","1":"product","2":"type-product","3":"status-publish","4":"has-post-thumbnail","6":"product_cat-lauko-pramogos","7":"product_cat-zaidimu-aiksteles","8":"\"style=\"background-color: #2ecc711c;\"","10":"first","11":"instock","12":"purchasable","13":"product-type-simple"},"acf":[],"yoast_head":"<!-- This site is optimized with the Yoast SEO plugin v27.4 - https:\/\/yoast.com\/product\/yoast-seo-wordpress\/ -->\n<title>Nuotyki\u0173 medin\u0117 \u017eaidim\u0173 aik\u0161tel\u0117 Namelio \u010diuo\u017eykla<\/title>\n<meta name=\"description\" content=\"Nuotyki\u0173 medin\u0117 \u017eaidim\u0173 aik\u0161tel\u0117 Namelio \u010diuo\u017eykla - KidsPlay. Did\u017eiausias vaik\u0173 \u017eaisl\u0173 pasirinkimas.\" \/>\n<meta name=\"robots\" content=\"index, follow, max-snippet:-1, max-image-preview:large, max-video-preview:-1\" \/>\n<link rel=\"canonical\" href=\"https:\/\/kidsplay.lt\/lv\/products\/nuotykiu-medine-zaidimu-aikstele-namelio-ciuozykla\/\" \/>\n<meta property=\"og:locale\" content=\"lv_LV\" \/>\n<meta property=\"og:type\" content=\"article\" \/>\n<meta property=\"og:title\" content=\"Nuotyki\u0173 medin\u0117 \u017eaidim\u0173 aik\u0161tel\u0117 Namelio \u010diuo\u017eykla\" \/>\n<meta property=\"og:description\" content=\"Nuotyki\u0173 medin\u0117 \u017eaidim\u0173 aik\u0161tel\u0117 Namelio \u010diuo\u017eykla - KidsPlay. Did\u017eiausias vaik\u0173 \u017eaisl\u0173 pasirinkimas.\" \/>\n<meta property=\"og:url\" content=\"https:\/\/kidsplay.lt\/lv\/products\/nuotykiu-medine-zaidimu-aikstele-namelio-ciuozykla\/\" \/>\n<meta property=\"og:site_name\" content=\"KidsPlay\" \/>\n<meta property=\"article:publisher\" content=\"https:\/\/www.facebook.com\/www.kidsplay.lt\" \/>\n<meta property=\"article:modified_time\" content=\"2026-04-18T15:30:47+00:00\" \/>\n<meta property=\"og:image\" content=\"https:\/\/kidsplay.lt\/wp-content\/uploads\/2025\/09\/Nuotykiu-medine-zaidimu-aikstele-Namelio-ciuozykla.jpg\" \/>\n\t<meta property=\"og:image:width\" content=\"800\" \/>\n\t<meta property=\"og:image:height\" content=\"800\" \/>\n\t<meta property=\"og:image:type\" content=\"image\/jpeg\" \/>\n<meta name=\"twitter:card\" content=\"summary_large_image\" \/>\n<meta name=\"twitter:label1\" content=\"Est. reading time\" \/>\n\t<meta name=\"twitter:data1\" content=\"1 min\u016bte\" \/>\n<script type=\"application\/ld+json\" class=\"yoast-schema-graph\">{\"@context\":\"https:\\\/\\\/schema.org\",\"@graph\":[{\"@type\":\"WebPage\",\"@id\":\"https:\\\/\\\/kidsplay.lt\\\/produktas\\\/nuotykiu-medine-zaidimu-aikstele-namelio-ciuozykla\\\/\",\"url\":\"https:\\\/\\\/kidsplay.lt\\\/produktas\\\/nuotykiu-medine-zaidimu-aikstele-namelio-ciuozykla\\\/\",\"name\":\"Nuotyki\u0173 medin\u0117 \u017eaidim\u0173 aik\u0161tel\u0117 Namelio \u010diuo\u017eykla\",\"isPartOf\":{\"@id\":\"https:\\\/\\\/kidsplay.lt\\\/#website\"},\"primaryImageOfPage\":{\"@id\":\"https:\\\/\\\/kidsplay.lt\\\/produktas\\\/nuotykiu-medine-zaidimu-aikstele-namelio-ciuozykla\\\/#primaryimage\"},\"image\":{\"@id\":\"https:\\\/\\\/kidsplay.lt\\\/produktas\\\/nuotykiu-medine-zaidimu-aikstele-namelio-ciuozykla\\\/#primaryimage\"},\"thumbnailUrl\":\"https:\\\/\\\/kidsplay.lt\\\/wp-content\\\/uploads\\\/2025\\\/09\\\/Nuotykiu-medine-zaidimu-aikstele-Namelio-ciuozykla.jpg\",\"datePublished\":\"2026-02-26T07:25:20+00:00\",\"dateModified\":\"2026-04-18T15:30:47+00:00\",\"description\":\"Nuotyki\u0173 medin\u0117 \u017eaidim\u0173 aik\u0161tel\u0117 Namelio \u010diuo\u017eykla - KidsPlay. Did\u017eiausias vaik\u0173 \u017eaisl\u0173 pasirinkimas.\",\"breadcrumb\":{\"@id\":\"https:\\\/\\\/kidsplay.lt\\\/produktas\\\/nuotykiu-medine-zaidimu-aikstele-namelio-ciuozykla\\\/#breadcrumb\"},\"inLanguage\":\"lv-LV\",\"potentialAction\":[{\"@type\":\"ReadAction\",\"target\":[\"https:\\\/\\\/kidsplay.lt\\\/produktas\\\/nuotykiu-medine-zaidimu-aikstele-namelio-ciuozykla\\\/\"]}]},{\"@type\":\"ImageObject\",\"inLanguage\":\"lv-LV\",\"@id\":\"https:\\\/\\\/kidsplay.lt\\\/produktas\\\/nuotykiu-medine-zaidimu-aikstele-namelio-ciuozykla\\\/#primaryimage\",\"url\":\"https:\\\/\\\/kidsplay.lt\\\/wp-content\\\/uploads\\\/2025\\\/09\\\/Nuotykiu-medine-zaidimu-aikstele-Namelio-ciuozykla.jpg\",\"contentUrl\":\"https:\\\/\\\/kidsplay.lt\\\/wp-content\\\/uploads\\\/2025\\\/09\\\/Nuotykiu-medine-zaidimu-aikstele-Namelio-ciuozykla.jpg\",\"width\":800,\"height\":800,\"caption\":\"Nuotyki\u0173 medin\u0117 \u017eaidim\u0173 aik\u0161tel\u0117 Namelio \u010diuo\u017eykla\"},{\"@type\":\"BreadcrumbList\",\"@id\":\"https:\\\/\\\/kidsplay.lt\\\/produktas\\\/nuotykiu-medine-zaidimu-aikstele-namelio-ciuozykla\\\/#breadcrumb\",\"itemListElement\":[{\"@type\":\"ListItem\",\"position\":1,\"name\":\"Pagrindinis\",\"item\":\"https:\\\/\\\/kidsplay.lt\\\/\"},{\"@type\":\"ListItem\",\"position\":2,\"name\":\"Parduotuv\u0117\",\"item\":\"https:\\\/\\\/kidsplay.lt\\\/parduotuve\\\/\"},{\"@type\":\"ListItem\",\"position\":3,\"name\":\"Nuotyki\u0173 medin\u0117 \u017eaidim\u0173 aik\u0161tel\u0117 Namelio \u010diuo\u017eykla\"}]},{\"@type\":\"WebSite\",\"@id\":\"https:\\\/\\\/kidsplay.lt\\\/#website\",\"url\":\"https:\\\/\\\/kidsplay.lt\\\/\",\"name\":\"Kidsplay.lt\",\"description\":\"\u012evairios prek\u0117s vaikams\",\"publisher\":{\"@id\":\"https:\\\/\\\/kidsplay.lt\\\/#organization\"},\"alternateName\":\"Kidsplay\",\"potentialAction\":[{\"@type\":\"SearchAction\",\"target\":{\"@type\":\"EntryPoint\",\"urlTemplate\":\"https:\\\/\\\/kidsplay.lt\\\/?s={search_term_string}\"},\"query-input\":{\"@type\":\"PropertyValueSpecification\",\"valueRequired\":true,\"valueName\":\"search_term_string\"}}],\"inLanguage\":\"lv-LV\"},{\"@type\":\"Organization\",\"@id\":\"https:\\\/\\\/kidsplay.lt\\\/#organization\",\"name\":\"KidsPlay\",\"url\":\"https:\\\/\\\/kidsplay.lt\\\/\",\"logo\":{\"@type\":\"ImageObject\",\"inLanguage\":\"lv-LV\",\"@id\":\"https:\\\/\\\/kidsplay.lt\\\/#\\\/schema\\\/logo\\\/image\\\/\",\"url\":\"https:\\\/\\\/kidsplay.lt\\\/wp-content\\\/uploads\\\/2023\\\/07\\\/kidsplay-logo.png\",\"contentUrl\":\"https:\\\/\\\/kidsplay.lt\\\/wp-content\\\/uploads\\\/2023\\\/07\\\/kidsplay-logo.png\",\"width\":451,\"height\":98,\"caption\":\"KidsPlay\"},\"image\":{\"@id\":\"https:\\\/\\\/kidsplay.lt\\\/#\\\/schema\\\/logo\\\/image\\\/\"},\"sameAs\":[\"https:\\\/\\\/www.facebook.com\\\/www.kidsplay.lt\"]}]}<\/script>\n<!-- \/ Yoast SEO plugin. -->","yoast_head_json":{"title":"Piedz\u012bvojumu koka rota\u013cu laukums ar kab\u012bni un slidkalni\u0146u","description":"Nuotyki\u0173 medin\u0117 \u017eaidim\u0173 aik\u0161tel\u0117 Namelio \u010diuo\u017eykla - KidsPlay. Did\u017eiausias vaik\u0173 \u017eaisl\u0173 pasirinkimas.","robots":{"index":"index","follow":"follow","max-snippet":"max-snippet:-1","max-image-preview":"max-image-preview:large","max-video-preview":"max-video-preview:-1"},"canonical":"https:\/\/kidsplay.lt\/lv\/products\/nuotykiu-medine-zaidimu-aikstele-namelio-ciuozykla\/","og_locale":"lv_LV","og_type":"article","og_title":"Nuotyki\u0173 medin\u0117 \u017eaidim\u0173 aik\u0161tel\u0117 Namelio \u010diuo\u017eykla","og_description":"Nuotyki\u0173 medin\u0117 \u017eaidim\u0173 aik\u0161tel\u0117 Namelio \u010diuo\u017eykla - KidsPlay. Did\u017eiausias vaik\u0173 \u017eaisl\u0173 pasirinkimas.","og_url":"https:\/\/kidsplay.lt\/lv\/products\/nuotykiu-medine-zaidimu-aikstele-namelio-ciuozykla\/","og_site_name":"KidsPlay","article_publisher":"https:\/\/www.facebook.com\/www.kidsplay.lt","article_modified_time":"2026-04-18T15:30:47+00:00","og_image":[{"width":800,"height":800,"url":"https:\/\/kidsplay.lt\/wp-content\/uploads\/2025\/09\/Nuotykiu-medine-zaidimu-aikstele-Namelio-ciuozykla.jpg","type":"image\/jpeg"}],"twitter_card":"summary_large_image","twitter_misc":{"Est. reading time":"1 min\u016bte"},"schema":{"@context":"https:\/\/schema.org","@graph":[{"@type":"WebPage","@id":"https:\/\/kidsplay.lt\/produktas\/nuotykiu-medine-zaidimu-aikstele-namelio-ciuozykla\/","url":"https:\/\/kidsplay.lt\/produktas\/nuotykiu-medine-zaidimu-aikstele-namelio-ciuozykla\/","name":"Piedz\u012bvojumu koka rota\u013cu laukums ar kab\u012bni un slidkalni\u0146u","isPartOf":{"@id":"https:\/\/kidsplay.lt\/#website"},"primaryImageOfPage":{"@id":"https:\/\/kidsplay.lt\/produktas\/nuotykiu-medine-zaidimu-aikstele-namelio-ciuozykla\/#primaryimage"},"image":{"@id":"https:\/\/kidsplay.lt\/produktas\/nuotykiu-medine-zaidimu-aikstele-namelio-ciuozykla\/#primaryimage"},"thumbnailUrl":"https:\/\/kidsplay.lt\/wp-content\/uploads\/2025\/09\/Nuotykiu-medine-zaidimu-aikstele-Namelio-ciuozykla.jpg","datePublished":"2026-02-26T07:25:20+00:00","dateModified":"2026-04-18T15:30:47+00:00","description":"Nuotyki\u0173 medin\u0117 \u017eaidim\u0173 aik\u0161tel\u0117 Namelio \u010diuo\u017eykla - KidsPlay. Did\u017eiausias vaik\u0173 \u017eaisl\u0173 pasirinkimas.","breadcrumb":{"@id":"https:\/\/kidsplay.lt\/produktas\/nuotykiu-medine-zaidimu-aikstele-namelio-ciuozykla\/#breadcrumb"},"inLanguage":"lv-LV","potentialAction":[{"@type":"ReadAction","target":["https:\/\/kidsplay.lt\/produktas\/nuotykiu-medine-zaidimu-aikstele-namelio-ciuozykla\/"]}]},{"@type":"ImageObject","inLanguage":"lv-LV","@id":"https:\/\/kidsplay.lt\/produktas\/nuotykiu-medine-zaidimu-aikstele-namelio-ciuozykla\/#primaryimage","url":"https:\/\/kidsplay.lt\/wp-content\/uploads\/2025\/09\/Nuotykiu-medine-zaidimu-aikstele-Namelio-ciuozykla.jpg","contentUrl":"https:\/\/kidsplay.lt\/wp-content\/uploads\/2025\/09\/Nuotykiu-medine-zaidimu-aikstele-Namelio-ciuozykla.jpg","width":800,"height":800,"caption":"Nuotyki\u0173 medin\u0117 \u017eaidim\u0173 aik\u0161tel\u0117 Namelio \u010diuo\u017eykla"},{"@type":"BreadcrumbList","@id":"https:\/\/kidsplay.lt\/produktas\/nuotykiu-medine-zaidimu-aikstele-namelio-ciuozykla\/#breadcrumb","itemListElement":[{"@type":"ListItem","position":1,"name":"Pagrindinis","item":"https:\/\/kidsplay.lt\/"},{"@type":"ListItem","position":2,"name":"Parduotuv\u0117","item":"https:\/\/kidsplay.lt\/parduotuve\/"},{"@type":"ListItem","position":3,"name":"Nuotyki\u0173 medin\u0117 \u017eaidim\u0173 aik\u0161tel\u0117 Namelio \u010diuo\u017eykla"}]},{"@type":"WebSite","@id":"https:\/\/kidsplay.lt\/#website","url":"https:\/\/kidsplay.lt\/","name":"B\u0113rnu sp\u0113les.lv","description":"\u012evairios prek\u0117s vaikams","publisher":{"@id":"https:\/\/kidsplay.lt\/#organization"},"alternateName":"Kidsplay","potentialAction":[{"@type":"SearchAction","target":{"@type":"EntryPoint","urlTemplate":"https:\/\/kidsplay.lt\/?s={search_term_string}"},"query-input":{"@type":"PropertyValueSpecification","valueRequired":true,"valueName":"search_term_string"}}],"inLanguage":"lv-LV"},{"@type":"Organization","@id":"https:\/\/kidsplay.lt\/#organization","name":"B\u0113rnu sp\u0113le","url":"https:\/\/kidsplay.lt\/","logo":{"@type":"ImageObject","inLanguage":"lv-LV","@id":"https:\/\/kidsplay.lt\/#\/schema\/logo\/image\/","url":"https:\/\/kidsplay.lt\/wp-content\/uploads\/2023\/07\/kidsplay-logo.png","contentUrl":"https:\/\/kidsplay.lt\/wp-content\/uploads\/2023\/07\/kidsplay-logo.png","width":451,"height":98,"caption":"KidsPlay"},"image":{"@id":"https:\/\/kidsplay.lt\/#\/schema\/logo\/image\/"},"sameAs":["https:\/\/www.facebook.com\/www.kidsplay.lt"]}]}},"_links":{"self":[{"href":"https:\/\/kidsplay.lt\/lv\/wp-json\/wp\/v2\/product\/89607","targetHints":{"allow":["GET"]}}],"collection":[{"href":"https:\/\/kidsplay.lt\/lv\/wp-json\/wp\/v2\/product"}],"about":[{"href":"https:\/\/kidsplay.lt\/lv\/wp-json\/wp\/v2\/types\/product"}],"version-history":[{"count":1,"href":"https:\/\/kidsplay.lt\/lv\/wp-json\/wp\/v2\/product\/89607\/revisions"}],"predecessor-version":[{"id":89608,"href":"https:\/\/kidsplay.lt\/lv\/wp-json\/wp\/v2\/product\/89607\/revisions\/89608"}],"wp:featuredmedia":[{"embeddable":true,"href":"https:\/\/kidsplay.lt\/lv\/wp-json\/wp\/v2\/media\/67621"}],"wp:attachment":[{"href":"https:\/\/kidsplay.lt\/lv\/wp-json\/wp\/v2\/media?parent=89607"}],"wp:term":[{"taxonomy":"product_brand","embeddable":true,"href":"https:\/\/kidsplay.lt\/lv\/wp-json\/wp\/v2\/product_brand?post=89607"},{"taxonomy":"product_cat","embeddable":true,"href":"https:\/\/kidsplay.lt\/lv\/wp-json\/wp\/v2\/product_cat?post=89607"},{"taxonomy":"product_tag","embeddable":true,"href":"https:\/\/kidsplay.lt\/lv\/wp-json\/wp\/v2\/product_tag?post=89607"}],"curies":[{"name":"wp","href":"https:\/\/api.w.org\/{rel}","templated":true}]}}