{"id":89609,"date":"2026-02-26T09:25:23","date_gmt":"2026-02-26T07:25:23","guid":{"rendered":"https:\/\/kidsplay.lt\/produktas\/medinis-kavos-aparatas-ir-priedai\/"},"modified":"2026-04-07T10:40:43","modified_gmt":"2026-04-07T07:40:43","slug":"medinis-kavos-aparatas-ir-priedai","status":"publish","type":"product","link":"https:\/\/kidsplay.lt\/lv\/products\/medinis-kavos-aparatas-ir-priedai\/","title":{"rendered":"Koka kafijas autom\u0101ts un piederumi"},"content":{"rendered":"<p>Medinis kavos aparatas\u00a0sukurtas gerbiamo \u017eaisl\u0173 vaikams nuo 3 met\u0173 gamintojo Viga Toys. Espreso aparatas puikiai papildys virtuv\u0119 ar temin\u012f kampel\u012f dar\u017eelyje ir leis J\u016bs\u0173 vaikui smagiai leisti laik\u0105 namuose bei tobulinti maisto gaminimo \u012fg\u016bd\u017eius. Medinis \u017eaislas leis jums atlikti vaidmenis, taip pat tur\u0117s teigiamos \u012ftakos integracijai su kitais vaikais \u017eaid\u017eiant kartu.<\/p>\n<p>Vaikas dabar gal\u0117s pats ruo\u0161ti kav\u0105 sve\u010diams. Kaip ir tikrame kavos aparate, \u012f vid\u0173 dedame \u0161auk\u0161t\u0105 su kava. Nor\u0117dami prad\u0117ti kavos ruo\u0161imo proces\u0105, paspauskite mygtuk\u0105.<\/p>\n<p>Komplekt\u0101 ietilpst:<\/p>\n<p> \t&#8211; \u017ealios kavos aparatas su 3 skirtingais mygtukais<br \/>\n \t&#8211; puodelis ir \u017eetonai, imituojantys kav\u0105<br \/>\n \t&#8211; kavos pupel\u0117s (3 r\u016b\u0161ys)<br \/>\n \t&#8211; kavos \u0161auk\u0161tas<\/p>\n<p>Charakteristika:<\/p>\n<p> \t&#8211;\u00a0\u017eaislas\u00a0nuo 3 met\u0173<br \/>\n \t&#8211;\u00a0papildomi priedai i\u0161 serijos: skrudintuvas (kodas 44215) ir mai\u0161ytuvas (kodas 44217)<br \/>\n \t&#8211; pagamintas i\u0161 lakuoto med\u017eio, da\u017eytas vaikams saugiais da\u017eais<\/p>\n<p>\u017daislas vysto:<\/p>\n<p> \t&#8211; k\u016brybi\u0161kumas,<br \/>\n \t&#8211; vaizduot\u0117,<br \/>\n \t&#8211; rankiniai \u012fg\u016bd\u017eiai,<br \/>\n \t&#8211; koncentracija<\/p>","protected":false},"excerpt":{"rendered":"<p>Medinis kavos aparatas\u00a0sukurtas gerbiamo \u017eaisl\u0173 vaikams nuo 3 met\u0173 gamintojo Viga Toys. Espreso aparatas puikiai papildys virtuv\u0119 ar temin\u012f kampel\u012f<\/p>","protected":false},"featured_media":55408,"template":"","meta":{"_acf_changed":false,"_glsr_average":0,"_glsr_ranking":0,"_glsr_reviews":0},"product_brand":[],"product_cat":[399,282],"product_tag":[],"class_list":{"0":"post-89609","1":"product","2":"type-product","3":"status-publish","4":"has-post-thumbnail","6":"product_cat-vaidmenu-zaidimai-2","7":"product_cat-virtuves-reikmenys-vaidmenu-zaidimai","8":"\"style=\"background-color: #2ecc711c;\"","10":"first","11":"instock","12":"purchasable","13":"product-type-simple"},"acf":[],"yoast_head":"<!-- This site is optimized with the Yoast SEO plugin v27.3 - https:\/\/yoast.com\/product\/yoast-seo-wordpress\/ -->\n<title>Medinis kavos aparatas ir priedai<\/title>\n<meta name=\"description\" content=\"Medinis kavos aparatas ir priedai - KidsPlay. Did\u017eiausias vaik\u0173 \u017eaisl\u0173 pasirinkimas.\" \/>\n<meta name=\"robots\" content=\"index, follow, max-snippet:-1, max-image-preview:large, max-video-preview:-1\" \/>\n<link rel=\"canonical\" href=\"https:\/\/kidsplay.lt\/lv\/products\/medinis-kavos-aparatas-ir-priedai\/\" \/>\n<meta property=\"og:locale\" content=\"lv_LV\" \/>\n<meta property=\"og:type\" content=\"article\" \/>\n<meta property=\"og:title\" content=\"Medinis kavos aparatas ir priedai\" \/>\n<meta property=\"og:description\" content=\"Medinis kavos aparatas ir priedai - KidsPlay. Did\u017eiausias vaik\u0173 \u017eaisl\u0173 pasirinkimas.\" \/>\n<meta property=\"og:url\" content=\"https:\/\/kidsplay.lt\/lv\/products\/medinis-kavos-aparatas-ir-priedai\/\" \/>\n<meta property=\"og:site_name\" content=\"KidsPlay\" \/>\n<meta property=\"article:publisher\" content=\"https:\/\/www.facebook.com\/www.kidsplay.lt\" \/>\n<meta property=\"article:modified_time\" content=\"2026-04-07T07:40:43+00:00\" \/>\n<meta property=\"og:image\" content=\"https:\/\/kidsplay.lt\/wp-content\/uploads\/2024\/09\/Medinis-kavos-aparatas-ir-priedai.jpg\" \/>\n\t<meta property=\"og:image:width\" content=\"2560\" \/>\n\t<meta property=\"og:image:height\" content=\"2560\" \/>\n\t<meta property=\"og:image:type\" content=\"image\/jpeg\" \/>\n<meta name=\"twitter:card\" content=\"summary_large_image\" \/>\n<meta name=\"twitter:label1\" content=\"Est. reading time\" \/>\n\t<meta name=\"twitter:data1\" content=\"1 min\u016bte\" \/>\n<script type=\"application\/ld+json\" class=\"yoast-schema-graph\">{\"@context\":\"https:\\\/\\\/schema.org\",\"@graph\":[{\"@type\":\"WebPage\",\"@id\":\"https:\\\/\\\/kidsplay.lt\\\/produktas\\\/medinis-kavos-aparatas-ir-priedai\\\/\",\"url\":\"https:\\\/\\\/kidsplay.lt\\\/produktas\\\/medinis-kavos-aparatas-ir-priedai\\\/\",\"name\":\"Medinis kavos aparatas ir priedai\",\"isPartOf\":{\"@id\":\"https:\\\/\\\/kidsplay.lt\\\/#website\"},\"primaryImageOfPage\":{\"@id\":\"https:\\\/\\\/kidsplay.lt\\\/produktas\\\/medinis-kavos-aparatas-ir-priedai\\\/#primaryimage\"},\"image\":{\"@id\":\"https:\\\/\\\/kidsplay.lt\\\/produktas\\\/medinis-kavos-aparatas-ir-priedai\\\/#primaryimage\"},\"thumbnailUrl\":\"https:\\\/\\\/kidsplay.lt\\\/wp-content\\\/uploads\\\/2024\\\/09\\\/Medinis-kavos-aparatas-ir-priedai.jpg\",\"datePublished\":\"2026-02-26T07:25:23+00:00\",\"dateModified\":\"2026-04-07T07:40:43+00:00\",\"description\":\"Medinis kavos aparatas ir priedai - KidsPlay. Did\u017eiausias vaik\u0173 \u017eaisl\u0173 pasirinkimas.\",\"breadcrumb\":{\"@id\":\"https:\\\/\\\/kidsplay.lt\\\/produktas\\\/medinis-kavos-aparatas-ir-priedai\\\/#breadcrumb\"},\"inLanguage\":\"lv-LV\",\"potentialAction\":[{\"@type\":\"ReadAction\",\"target\":[\"https:\\\/\\\/kidsplay.lt\\\/produktas\\\/medinis-kavos-aparatas-ir-priedai\\\/\"]}]},{\"@type\":\"ImageObject\",\"inLanguage\":\"lv-LV\",\"@id\":\"https:\\\/\\\/kidsplay.lt\\\/produktas\\\/medinis-kavos-aparatas-ir-priedai\\\/#primaryimage\",\"url\":\"https:\\\/\\\/kidsplay.lt\\\/wp-content\\\/uploads\\\/2024\\\/09\\\/Medinis-kavos-aparatas-ir-priedai.jpg\",\"contentUrl\":\"https:\\\/\\\/kidsplay.lt\\\/wp-content\\\/uploads\\\/2024\\\/09\\\/Medinis-kavos-aparatas-ir-priedai.jpg\",\"width\":2560,\"height\":2560,\"caption\":\"Medinis kavos aparatas ir priedai\"},{\"@type\":\"BreadcrumbList\",\"@id\":\"https:\\\/\\\/kidsplay.lt\\\/produktas\\\/medinis-kavos-aparatas-ir-priedai\\\/#breadcrumb\",\"itemListElement\":[{\"@type\":\"ListItem\",\"position\":1,\"name\":\"Pagrindinis\",\"item\":\"https:\\\/\\\/kidsplay.lt\\\/\"},{\"@type\":\"ListItem\",\"position\":2,\"name\":\"Parduotuv\u0117\",\"item\":\"https:\\\/\\\/kidsplay.lt\\\/parduotuve\\\/\"},{\"@type\":\"ListItem\",\"position\":3,\"name\":\"Medinis kavos aparatas ir priedai\"}]},{\"@type\":\"WebSite\",\"@id\":\"https:\\\/\\\/kidsplay.lt\\\/#website\",\"url\":\"https:\\\/\\\/kidsplay.lt\\\/\",\"name\":\"Kidsplay.lt\",\"description\":\"\u012evairios prek\u0117s vaikams\",\"publisher\":{\"@id\":\"https:\\\/\\\/kidsplay.lt\\\/#organization\"},\"alternateName\":\"Kidsplay\",\"potentialAction\":[{\"@type\":\"SearchAction\",\"target\":{\"@type\":\"EntryPoint\",\"urlTemplate\":\"https:\\\/\\\/kidsplay.lt\\\/?s={search_term_string}\"},\"query-input\":{\"@type\":\"PropertyValueSpecification\",\"valueRequired\":true,\"valueName\":\"search_term_string\"}}],\"inLanguage\":\"lv-LV\"},{\"@type\":\"Organization\",\"@id\":\"https:\\\/\\\/kidsplay.lt\\\/#organization\",\"name\":\"KidsPlay\",\"url\":\"https:\\\/\\\/kidsplay.lt\\\/\",\"logo\":{\"@type\":\"ImageObject\",\"inLanguage\":\"lv-LV\",\"@id\":\"https:\\\/\\\/kidsplay.lt\\\/#\\\/schema\\\/logo\\\/image\\\/\",\"url\":\"https:\\\/\\\/kidsplay.lt\\\/wp-content\\\/uploads\\\/2023\\\/07\\\/kidsplay-logo.png\",\"contentUrl\":\"https:\\\/\\\/kidsplay.lt\\\/wp-content\\\/uploads\\\/2023\\\/07\\\/kidsplay-logo.png\",\"width\":451,\"height\":98,\"caption\":\"KidsPlay\"},\"image\":{\"@id\":\"https:\\\/\\\/kidsplay.lt\\\/#\\\/schema\\\/logo\\\/image\\\/\"},\"sameAs\":[\"https:\\\/\\\/www.facebook.com\\\/www.kidsplay.lt\"]}]}<\/script>\n<!-- \/ Yoast SEO plugin. -->","yoast_head_json":{"title":"Koka kafijas autom\u0101ts un piederumi","description":"Medinis kavos aparatas ir priedai - KidsPlay. Did\u017eiausias vaik\u0173 \u017eaisl\u0173 pasirinkimas.","robots":{"index":"index","follow":"follow","max-snippet":"max-snippet:-1","max-image-preview":"max-image-preview:large","max-video-preview":"max-video-preview:-1"},"canonical":"https:\/\/kidsplay.lt\/lv\/products\/medinis-kavos-aparatas-ir-priedai\/","og_locale":"lv_LV","og_type":"article","og_title":"Medinis kavos aparatas ir priedai","og_description":"Medinis kavos aparatas ir priedai - KidsPlay. Did\u017eiausias vaik\u0173 \u017eaisl\u0173 pasirinkimas.","og_url":"https:\/\/kidsplay.lt\/lv\/products\/medinis-kavos-aparatas-ir-priedai\/","og_site_name":"KidsPlay","article_publisher":"https:\/\/www.facebook.com\/www.kidsplay.lt","article_modified_time":"2026-04-07T07:40:43+00:00","og_image":[{"width":2560,"height":2560,"url":"https:\/\/kidsplay.lt\/wp-content\/uploads\/2024\/09\/Medinis-kavos-aparatas-ir-priedai.jpg","type":"image\/jpeg"}],"twitter_card":"summary_large_image","twitter_misc":{"Est. reading time":"1 min\u016bte"},"schema":{"@context":"https:\/\/schema.org","@graph":[{"@type":"WebPage","@id":"https:\/\/kidsplay.lt\/produktas\/medinis-kavos-aparatas-ir-priedai\/","url":"https:\/\/kidsplay.lt\/produktas\/medinis-kavos-aparatas-ir-priedai\/","name":"Koka kafijas autom\u0101ts un piederumi","isPartOf":{"@id":"https:\/\/kidsplay.lt\/#website"},"primaryImageOfPage":{"@id":"https:\/\/kidsplay.lt\/produktas\/medinis-kavos-aparatas-ir-priedai\/#primaryimage"},"image":{"@id":"https:\/\/kidsplay.lt\/produktas\/medinis-kavos-aparatas-ir-priedai\/#primaryimage"},"thumbnailUrl":"https:\/\/kidsplay.lt\/wp-content\/uploads\/2024\/09\/Medinis-kavos-aparatas-ir-priedai.jpg","datePublished":"2026-02-26T07:25:23+00:00","dateModified":"2026-04-07T07:40:43+00:00","description":"Medinis kavos aparatas ir priedai - KidsPlay. Did\u017eiausias vaik\u0173 \u017eaisl\u0173 pasirinkimas.","breadcrumb":{"@id":"https:\/\/kidsplay.lt\/produktas\/medinis-kavos-aparatas-ir-priedai\/#breadcrumb"},"inLanguage":"lv-LV","potentialAction":[{"@type":"ReadAction","target":["https:\/\/kidsplay.lt\/produktas\/medinis-kavos-aparatas-ir-priedai\/"]}]},{"@type":"ImageObject","inLanguage":"lv-LV","@id":"https:\/\/kidsplay.lt\/produktas\/medinis-kavos-aparatas-ir-priedai\/#primaryimage","url":"https:\/\/kidsplay.lt\/wp-content\/uploads\/2024\/09\/Medinis-kavos-aparatas-ir-priedai.jpg","contentUrl":"https:\/\/kidsplay.lt\/wp-content\/uploads\/2024\/09\/Medinis-kavos-aparatas-ir-priedai.jpg","width":2560,"height":2560,"caption":"Medinis kavos aparatas ir priedai"},{"@type":"BreadcrumbList","@id":"https:\/\/kidsplay.lt\/produktas\/medinis-kavos-aparatas-ir-priedai\/#breadcrumb","itemListElement":[{"@type":"ListItem","position":1,"name":"Pagrindinis","item":"https:\/\/kidsplay.lt\/"},{"@type":"ListItem","position":2,"name":"Parduotuv\u0117","item":"https:\/\/kidsplay.lt\/parduotuve\/"},{"@type":"ListItem","position":3,"name":"Medinis kavos aparatas ir priedai"}]},{"@type":"WebSite","@id":"https:\/\/kidsplay.lt\/#website","url":"https:\/\/kidsplay.lt\/","name":"B\u0113rnu sp\u0113les.lv","description":"\u012evairios prek\u0117s vaikams","publisher":{"@id":"https:\/\/kidsplay.lt\/#organization"},"alternateName":"Kidsplay","potentialAction":[{"@type":"SearchAction","target":{"@type":"EntryPoint","urlTemplate":"https:\/\/kidsplay.lt\/?s={search_term_string}"},"query-input":{"@type":"PropertyValueSpecification","valueRequired":true,"valueName":"search_term_string"}}],"inLanguage":"lv-LV"},{"@type":"Organization","@id":"https:\/\/kidsplay.lt\/#organization","name":"B\u0113rnu sp\u0113le","url":"https:\/\/kidsplay.lt\/","logo":{"@type":"ImageObject","inLanguage":"lv-LV","@id":"https:\/\/kidsplay.lt\/#\/schema\/logo\/image\/","url":"https:\/\/kidsplay.lt\/wp-content\/uploads\/2023\/07\/kidsplay-logo.png","contentUrl":"https:\/\/kidsplay.lt\/wp-content\/uploads\/2023\/07\/kidsplay-logo.png","width":451,"height":98,"caption":"KidsPlay"},"image":{"@id":"https:\/\/kidsplay.lt\/#\/schema\/logo\/image\/"},"sameAs":["https:\/\/www.facebook.com\/www.kidsplay.lt"]}]}},"_links":{"self":[{"href":"https:\/\/kidsplay.lt\/lv\/wp-json\/wp\/v2\/product\/89609","targetHints":{"allow":["GET"]}}],"collection":[{"href":"https:\/\/kidsplay.lt\/lv\/wp-json\/wp\/v2\/product"}],"about":[{"href":"https:\/\/kidsplay.lt\/lv\/wp-json\/wp\/v2\/types\/product"}],"version-history":[{"count":1,"href":"https:\/\/kidsplay.lt\/lv\/wp-json\/wp\/v2\/product\/89609\/revisions"}],"predecessor-version":[{"id":89610,"href":"https:\/\/kidsplay.lt\/lv\/wp-json\/wp\/v2\/product\/89609\/revisions\/89610"}],"wp:featuredmedia":[{"embeddable":true,"href":"https:\/\/kidsplay.lt\/lv\/wp-json\/wp\/v2\/media\/55408"}],"wp:attachment":[{"href":"https:\/\/kidsplay.lt\/lv\/wp-json\/wp\/v2\/media?parent=89609"}],"wp:term":[{"taxonomy":"product_brand","embeddable":true,"href":"https:\/\/kidsplay.lt\/lv\/wp-json\/wp\/v2\/product_brand?post=89609"},{"taxonomy":"product_cat","embeddable":true,"href":"https:\/\/kidsplay.lt\/lv\/wp-json\/wp\/v2\/product_cat?post=89609"},{"taxonomy":"product_tag","embeddable":true,"href":"https:\/\/kidsplay.lt\/lv\/wp-json\/wp\/v2\/product_tag?post=89609"}],"curies":[{"name":"wp","href":"https:\/\/api.w.org\/{rel}","templated":true}]}}