{"id":89613,"date":"2026-02-26T09:25:27","date_gmt":"2026-02-26T07:25:27","guid":{"rendered":"https:\/\/kidsplay.lt\/produktas\/medinis-arbatos-ir-desertu-rinkinys-14-vnt\/"},"modified":"2026-04-07T10:40:50","modified_gmt":"2026-04-07T07:40:50","slug":"medinis-arbatos-ir-desertu-rinkinys-14-vnt","status":"publish","type":"product","link":"https:\/\/kidsplay.lt\/lv\/products\/medinis-arbatos-ir-desertu-rinkinys-14-vnt\/","title":{"rendered":"Koka t\u0113jas un deserta komplekts 14 gab."},"content":{"rendered":"<p>Medinis\u00a0arbatos\u00a0ir\u00a0desert\u0173\u00a0rinkinys\u00a0i\u0161\u00a0CLASSIC WORLD\u00a0yra puikus pasirinkimas vaikams, norintiems kasdieniame gyvenime atlikti skirtingus vaidmenis. \u017davios pastelin\u0117s spalvos d\u017eiugins j\u016bs\u0173 vaik\u0105, o tokie aksesuarai kaip\u00a0arbatinukas\u00a0,\u00a0puodeliai\u00a0ir\u00a0desertai\u00a0skatins j\u016bs\u0173 ma\u017eylio\u00a0vaizduot\u0119 ir k\u016brybi\u0161kum\u0105\u00a0.<br \/>\nMedinis\u00a0arbatos ir desert\u0173 rinkinys leis J\u016bs\u0173 vaikui priimti sve\u010dius ir pavai\u0161inti\u00a0arbata\u00a0bei\u00a0desertais\u00a0visai \u0161eimai. Tai i\u0161mokys\u00a0ger\u0173 manier\u0173\u00a0ir\u00a0geb\u0117jimo dalintis\u00a0su kitais linksminantis.<\/p>\n<p>Charakteristika:<\/p>\n<p> \t&#8211; \u017eaislas\u00a0nuo 3 met\u0173 am\u017eiaus,<\/p>\n<p> \t&#8211; rinkinyje\u00a014 vnt.\u00a0\u012fskaitant:\u00a0arbatinuk\u0105\u00a0,\u00a0puodelius\u00a0,\u00a0\u0161auk\u0161tus ir desertus,<br \/>\n \t&#8211; prislopintos\u00a0pastelin\u0117s spalvos,<br \/>\n \t&#8211; aksesuaruose yra\u00a0dekoracij\u0173\u00a0g\u0117li\u0173\u00a0pavidalu ,<br \/>\n \t&#8211; viskas pagaminta i\u0161 auk\u0161\u010diausios kokyb\u0117s\u00a0medienos,<br \/>\n \t&#8211;\u00a0be a\u0161tri\u0173 briaun\u0173.<\/p>\n<p>Komplekt\u0101 ietilpst:<\/p>\n<p> \t&#8211; didelis\u00a0pad\u0117klas,<br \/>\n \t&#8211;\u00a0l\u0117k\u0161t\u0117s\u00a0puodeliams\u00a0,<br \/>\n \t&#8211;\u00a0arbatos puodas,<br \/>\n \t&#8211;\u00a0puodeliai,\u00a0\u0161auk\u0161tai\u00a0ir\u00a0desertai.<\/p>\n<p>\u017daislas vysto:<\/p>\n<p> \t&#8211; vaizduot\u0117,<br \/>\n \t&#8211; vaidmen\u0173 \u017eaidimas,<br \/>\n \t&#8211; smulkioji motorika,<br \/>\n \t&#8211; pasitik\u0117jimo savimi jausmas,<br \/>\n \t&#8211; galimyb\u0117 dalintis.<\/p>\n<p>&lt;center&gt;&lt;iframe width=&quot;&rdquo;320&Prime;&quot; height=&quot;&rdquo;560&Prime;&quot; src=&quot;&rdquo;https:\/\/www.youtube.com\/embed\/-T5g46bLTmU&rdquo;&quot; title=&quot;&rdquo;CLASSIC&quot; world zestaw ma\u0142ego fryzjera pas z akcesoriami&nbsp; 8 el.&rdquo; frameborder=&quot;&rdquo;0&Prime;&quot; allow=&quot;&rdquo;accelerometer;&quot; autoplay; clipboard-write; encrypted-media; gyroscope; picture-in-picture; web-share&rdquo; allowfullscreen&gt;&lt;\/iframe&gt;&lt;\/center&gt;<\/p>","protected":false},"excerpt":{"rendered":"<p>Medinis\u00a0arbatos\u00a0ir\u00a0desert\u0173\u00a0rinkinys\u00a0i\u0161\u00a0CLASSIC WORLD\u00a0yra puikus pasirinkimas vaikams, norintiems kasdieniame gyvenime atlikti skirtingus vaidmenis. \u017davios pastelin\u0117s spalvos d\u017eiugins j\u016bs\u0173 vaik\u0105, o tokie aksesuarai<\/p>","protected":false},"featured_media":70291,"template":"","meta":{"_acf_changed":false,"_glsr_average":0,"_glsr_ranking":0,"_glsr_reviews":0},"product_brand":[],"product_cat":[399,282],"product_tag":[],"class_list":{"0":"post-89613","1":"product","2":"type-product","3":"status-publish","4":"has-post-thumbnail","6":"product_cat-vaidmenu-zaidimai-2","7":"product_cat-virtuves-reikmenys-vaidmenu-zaidimai","8":"\"style=\"background-color: #2ecc711c;\"","10":"first","11":"instock","12":"purchasable","13":"product-type-simple"},"acf":[],"yoast_head":"<!-- This site is optimized with the Yoast SEO plugin v27.3 - https:\/\/yoast.com\/product\/yoast-seo-wordpress\/ -->\n<title>Medinis arbatos ir desert\u0173 rinkinys 14 vnt.<\/title>\n<meta name=\"description\" content=\"Medinis arbatos ir desert\u0173 rinkinys 14 vnt. - KidsPlay. Did\u017eiausias vaik\u0173 \u017eaisl\u0173 pasirinkimas.\" \/>\n<meta name=\"robots\" content=\"index, follow, max-snippet:-1, max-image-preview:large, max-video-preview:-1\" \/>\n<link rel=\"canonical\" href=\"https:\/\/kidsplay.lt\/lv\/products\/medinis-arbatos-ir-desertu-rinkinys-14-vnt\/\" \/>\n<meta property=\"og:locale\" content=\"lv_LV\" \/>\n<meta property=\"og:type\" content=\"article\" \/>\n<meta property=\"og:title\" content=\"Medinis arbatos ir desert\u0173 rinkinys 14 vnt.\" \/>\n<meta property=\"og:description\" content=\"Medinis arbatos ir desert\u0173 rinkinys 14 vnt. - KidsPlay. Did\u017eiausias vaik\u0173 \u017eaisl\u0173 pasirinkimas.\" \/>\n<meta property=\"og:url\" content=\"https:\/\/kidsplay.lt\/lv\/products\/medinis-arbatos-ir-desertu-rinkinys-14-vnt\/\" \/>\n<meta property=\"og:site_name\" content=\"KidsPlay\" \/>\n<meta property=\"article:publisher\" content=\"https:\/\/www.facebook.com\/www.kidsplay.lt\" \/>\n<meta property=\"article:modified_time\" content=\"2026-04-07T07:40:50+00:00\" \/>\n<meta property=\"og:image\" content=\"https:\/\/kidsplay.lt\/wp-content\/uploads\/2025\/10\/Medinis-arbatos-ir-desertu-rinkinys-14-vnt.jpg\" \/>\n\t<meta property=\"og:image:width\" content=\"800\" \/>\n\t<meta property=\"og:image:height\" content=\"800\" \/>\n\t<meta property=\"og:image:type\" content=\"image\/jpeg\" \/>\n<meta name=\"twitter:card\" content=\"summary_large_image\" \/>\n<meta name=\"twitter:label1\" content=\"Est. reading time\" \/>\n\t<meta name=\"twitter:data1\" content=\"1 min\u016bte\" \/>\n<script type=\"application\/ld+json\" class=\"yoast-schema-graph\">{\"@context\":\"https:\\\/\\\/schema.org\",\"@graph\":[{\"@type\":\"WebPage\",\"@id\":\"https:\\\/\\\/kidsplay.lt\\\/produktas\\\/medinis-arbatos-ir-desertu-rinkinys-14-vnt\\\/\",\"url\":\"https:\\\/\\\/kidsplay.lt\\\/produktas\\\/medinis-arbatos-ir-desertu-rinkinys-14-vnt\\\/\",\"name\":\"Medinis arbatos ir desert\u0173 rinkinys 14 vnt.\",\"isPartOf\":{\"@id\":\"https:\\\/\\\/kidsplay.lt\\\/#website\"},\"primaryImageOfPage\":{\"@id\":\"https:\\\/\\\/kidsplay.lt\\\/produktas\\\/medinis-arbatos-ir-desertu-rinkinys-14-vnt\\\/#primaryimage\"},\"image\":{\"@id\":\"https:\\\/\\\/kidsplay.lt\\\/produktas\\\/medinis-arbatos-ir-desertu-rinkinys-14-vnt\\\/#primaryimage\"},\"thumbnailUrl\":\"https:\\\/\\\/kidsplay.lt\\\/wp-content\\\/uploads\\\/2025\\\/10\\\/Medinis-arbatos-ir-desertu-rinkinys-14-vnt.jpg\",\"datePublished\":\"2026-02-26T07:25:27+00:00\",\"dateModified\":\"2026-04-07T07:40:50+00:00\",\"description\":\"Medinis arbatos ir desert\u0173 rinkinys 14 vnt. - KidsPlay. Did\u017eiausias vaik\u0173 \u017eaisl\u0173 pasirinkimas.\",\"breadcrumb\":{\"@id\":\"https:\\\/\\\/kidsplay.lt\\\/produktas\\\/medinis-arbatos-ir-desertu-rinkinys-14-vnt\\\/#breadcrumb\"},\"inLanguage\":\"lv-LV\",\"potentialAction\":[{\"@type\":\"ReadAction\",\"target\":[\"https:\\\/\\\/kidsplay.lt\\\/produktas\\\/medinis-arbatos-ir-desertu-rinkinys-14-vnt\\\/\"]}]},{\"@type\":\"ImageObject\",\"inLanguage\":\"lv-LV\",\"@id\":\"https:\\\/\\\/kidsplay.lt\\\/produktas\\\/medinis-arbatos-ir-desertu-rinkinys-14-vnt\\\/#primaryimage\",\"url\":\"https:\\\/\\\/kidsplay.lt\\\/wp-content\\\/uploads\\\/2025\\\/10\\\/Medinis-arbatos-ir-desertu-rinkinys-14-vnt.jpg\",\"contentUrl\":\"https:\\\/\\\/kidsplay.lt\\\/wp-content\\\/uploads\\\/2025\\\/10\\\/Medinis-arbatos-ir-desertu-rinkinys-14-vnt.jpg\",\"width\":2560,\"height\":2560,\"caption\":\"Medinis arbatos ir desert\u0173 rinkinys 14 vnt.\"},{\"@type\":\"BreadcrumbList\",\"@id\":\"https:\\\/\\\/kidsplay.lt\\\/produktas\\\/medinis-arbatos-ir-desertu-rinkinys-14-vnt\\\/#breadcrumb\",\"itemListElement\":[{\"@type\":\"ListItem\",\"position\":1,\"name\":\"Pagrindinis\",\"item\":\"https:\\\/\\\/kidsplay.lt\\\/\"},{\"@type\":\"ListItem\",\"position\":2,\"name\":\"Parduotuv\u0117\",\"item\":\"https:\\\/\\\/kidsplay.lt\\\/parduotuve\\\/\"},{\"@type\":\"ListItem\",\"position\":3,\"name\":\"Medinis arbatos ir desert\u0173 rinkinys 14 vnt.\"}]},{\"@type\":\"WebSite\",\"@id\":\"https:\\\/\\\/kidsplay.lt\\\/#website\",\"url\":\"https:\\\/\\\/kidsplay.lt\\\/\",\"name\":\"Kidsplay.lt\",\"description\":\"\u012evairios prek\u0117s vaikams\",\"publisher\":{\"@id\":\"https:\\\/\\\/kidsplay.lt\\\/#organization\"},\"alternateName\":\"Kidsplay\",\"potentialAction\":[{\"@type\":\"SearchAction\",\"target\":{\"@type\":\"EntryPoint\",\"urlTemplate\":\"https:\\\/\\\/kidsplay.lt\\\/?s={search_term_string}\"},\"query-input\":{\"@type\":\"PropertyValueSpecification\",\"valueRequired\":true,\"valueName\":\"search_term_string\"}}],\"inLanguage\":\"lv-LV\"},{\"@type\":\"Organization\",\"@id\":\"https:\\\/\\\/kidsplay.lt\\\/#organization\",\"name\":\"KidsPlay\",\"url\":\"https:\\\/\\\/kidsplay.lt\\\/\",\"logo\":{\"@type\":\"ImageObject\",\"inLanguage\":\"lv-LV\",\"@id\":\"https:\\\/\\\/kidsplay.lt\\\/#\\\/schema\\\/logo\\\/image\\\/\",\"url\":\"https:\\\/\\\/kidsplay.lt\\\/wp-content\\\/uploads\\\/2023\\\/07\\\/kidsplay-logo.png\",\"contentUrl\":\"https:\\\/\\\/kidsplay.lt\\\/wp-content\\\/uploads\\\/2023\\\/07\\\/kidsplay-logo.png\",\"width\":451,\"height\":98,\"caption\":\"KidsPlay\"},\"image\":{\"@id\":\"https:\\\/\\\/kidsplay.lt\\\/#\\\/schema\\\/logo\\\/image\\\/\"},\"sameAs\":[\"https:\\\/\\\/www.facebook.com\\\/www.kidsplay.lt\"]}]}<\/script>\n<!-- \/ Yoast SEO plugin. -->","yoast_head_json":{"title":"Koka t\u0113jas un deserta komplekts 14 gab.","description":"Medinis arbatos ir desert\u0173 rinkinys 14 vnt. - KidsPlay. Did\u017eiausias vaik\u0173 \u017eaisl\u0173 pasirinkimas.","robots":{"index":"index","follow":"follow","max-snippet":"max-snippet:-1","max-image-preview":"max-image-preview:large","max-video-preview":"max-video-preview:-1"},"canonical":"https:\/\/kidsplay.lt\/lv\/products\/medinis-arbatos-ir-desertu-rinkinys-14-vnt\/","og_locale":"lv_LV","og_type":"article","og_title":"Medinis arbatos ir desert\u0173 rinkinys 14 vnt.","og_description":"Medinis arbatos ir desert\u0173 rinkinys 14 vnt. - KidsPlay. Did\u017eiausias vaik\u0173 \u017eaisl\u0173 pasirinkimas.","og_url":"https:\/\/kidsplay.lt\/lv\/products\/medinis-arbatos-ir-desertu-rinkinys-14-vnt\/","og_site_name":"KidsPlay","article_publisher":"https:\/\/www.facebook.com\/www.kidsplay.lt","article_modified_time":"2026-04-07T07:40:50+00:00","og_image":[{"url":"https:\/\/kidsplay.lt\/wp-content\/uploads\/2025\/10\/Medinis-arbatos-ir-desertu-rinkinys-14-vnt.jpg","width":800,"height":800,"type":"image\/jpeg"}],"twitter_card":"summary_large_image","twitter_misc":{"Est. reading time":"1 min\u016bte"},"schema":{"@context":"https:\/\/schema.org","@graph":[{"@type":"WebPage","@id":"https:\/\/kidsplay.lt\/produktas\/medinis-arbatos-ir-desertu-rinkinys-14-vnt\/","url":"https:\/\/kidsplay.lt\/produktas\/medinis-arbatos-ir-desertu-rinkinys-14-vnt\/","name":"Koka t\u0113jas un deserta komplekts 14 gab.","isPartOf":{"@id":"https:\/\/kidsplay.lt\/#website"},"primaryImageOfPage":{"@id":"https:\/\/kidsplay.lt\/produktas\/medinis-arbatos-ir-desertu-rinkinys-14-vnt\/#primaryimage"},"image":{"@id":"https:\/\/kidsplay.lt\/produktas\/medinis-arbatos-ir-desertu-rinkinys-14-vnt\/#primaryimage"},"thumbnailUrl":"https:\/\/kidsplay.lt\/wp-content\/uploads\/2025\/10\/Medinis-arbatos-ir-desertu-rinkinys-14-vnt.jpg","datePublished":"2026-02-26T07:25:27+00:00","dateModified":"2026-04-07T07:40:50+00:00","description":"Medinis arbatos ir desert\u0173 rinkinys 14 vnt. - KidsPlay. Did\u017eiausias vaik\u0173 \u017eaisl\u0173 pasirinkimas.","breadcrumb":{"@id":"https:\/\/kidsplay.lt\/produktas\/medinis-arbatos-ir-desertu-rinkinys-14-vnt\/#breadcrumb"},"inLanguage":"lv-LV","potentialAction":[{"@type":"ReadAction","target":["https:\/\/kidsplay.lt\/produktas\/medinis-arbatos-ir-desertu-rinkinys-14-vnt\/"]}]},{"@type":"ImageObject","inLanguage":"lv-LV","@id":"https:\/\/kidsplay.lt\/produktas\/medinis-arbatos-ir-desertu-rinkinys-14-vnt\/#primaryimage","url":"https:\/\/kidsplay.lt\/wp-content\/uploads\/2025\/10\/Medinis-arbatos-ir-desertu-rinkinys-14-vnt.jpg","contentUrl":"https:\/\/kidsplay.lt\/wp-content\/uploads\/2025\/10\/Medinis-arbatos-ir-desertu-rinkinys-14-vnt.jpg","width":2560,"height":2560,"caption":"Medinis arbatos ir desert\u0173 rinkinys 14 vnt."},{"@type":"BreadcrumbList","@id":"https:\/\/kidsplay.lt\/produktas\/medinis-arbatos-ir-desertu-rinkinys-14-vnt\/#breadcrumb","itemListElement":[{"@type":"ListItem","position":1,"name":"Pagrindinis","item":"https:\/\/kidsplay.lt\/"},{"@type":"ListItem","position":2,"name":"Parduotuv\u0117","item":"https:\/\/kidsplay.lt\/parduotuve\/"},{"@type":"ListItem","position":3,"name":"Medinis arbatos ir desert\u0173 rinkinys 14 vnt."}]},{"@type":"WebSite","@id":"https:\/\/kidsplay.lt\/#website","url":"https:\/\/kidsplay.lt\/","name":"B\u0113rnu sp\u0113les.lv","description":"\u012evairios prek\u0117s vaikams","publisher":{"@id":"https:\/\/kidsplay.lt\/#organization"},"alternateName":"Kidsplay","potentialAction":[{"@type":"SearchAction","target":{"@type":"EntryPoint","urlTemplate":"https:\/\/kidsplay.lt\/?s={search_term_string}"},"query-input":{"@type":"PropertyValueSpecification","valueRequired":true,"valueName":"search_term_string"}}],"inLanguage":"lv-LV"},{"@type":"Organization","@id":"https:\/\/kidsplay.lt\/#organization","name":"B\u0113rnu sp\u0113le","url":"https:\/\/kidsplay.lt\/","logo":{"@type":"ImageObject","inLanguage":"lv-LV","@id":"https:\/\/kidsplay.lt\/#\/schema\/logo\/image\/","url":"https:\/\/kidsplay.lt\/wp-content\/uploads\/2023\/07\/kidsplay-logo.png","contentUrl":"https:\/\/kidsplay.lt\/wp-content\/uploads\/2023\/07\/kidsplay-logo.png","width":451,"height":98,"caption":"KidsPlay"},"image":{"@id":"https:\/\/kidsplay.lt\/#\/schema\/logo\/image\/"},"sameAs":["https:\/\/www.facebook.com\/www.kidsplay.lt"]}]}},"_links":{"self":[{"href":"https:\/\/kidsplay.lt\/lv\/wp-json\/wp\/v2\/product\/89613","targetHints":{"allow":["GET"]}}],"collection":[{"href":"https:\/\/kidsplay.lt\/lv\/wp-json\/wp\/v2\/product"}],"about":[{"href":"https:\/\/kidsplay.lt\/lv\/wp-json\/wp\/v2\/types\/product"}],"version-history":[{"count":1,"href":"https:\/\/kidsplay.lt\/lv\/wp-json\/wp\/v2\/product\/89613\/revisions"}],"predecessor-version":[{"id":89614,"href":"https:\/\/kidsplay.lt\/lv\/wp-json\/wp\/v2\/product\/89613\/revisions\/89614"}],"wp:featuredmedia":[{"embeddable":true,"href":"https:\/\/kidsplay.lt\/lv\/wp-json\/wp\/v2\/media\/70291"}],"wp:attachment":[{"href":"https:\/\/kidsplay.lt\/lv\/wp-json\/wp\/v2\/media?parent=89613"}],"wp:term":[{"taxonomy":"product_brand","embeddable":true,"href":"https:\/\/kidsplay.lt\/lv\/wp-json\/wp\/v2\/product_brand?post=89613"},{"taxonomy":"product_cat","embeddable":true,"href":"https:\/\/kidsplay.lt\/lv\/wp-json\/wp\/v2\/product_cat?post=89613"},{"taxonomy":"product_tag","embeddable":true,"href":"https:\/\/kidsplay.lt\/lv\/wp-json\/wp\/v2\/product_tag?post=89613"}],"curies":[{"name":"wp","href":"https:\/\/api.w.org\/{rel}","templated":true}]}}