{"id":89615,"date":"2026-02-26T09:25:30","date_gmt":"2026-02-26T07:25:30","guid":{"rendered":"https:\/\/kidsplay.lt\/produktas\/classic-world-medinis-arbatos-rinkinys-14-vnt\/"},"modified":"2026-04-07T10:40:53","modified_gmt":"2026-04-07T07:40:53","slug":"classic-world-medinis-arbatos-rinkinys-14-vnt","status":"publish","type":"product","link":"https:\/\/kidsplay.lt\/lv\/products\/classic-world-medinis-arbatos-rinkinys-14-vnt\/","title":{"rendered":"CLASSIC WORLD medinis arbatos rinkinys, 14 vnt."},"content":{"rendered":"<p>\u0160is \u201eClassic World\u201c\u00a0arbatos\u00a0rinkinys\u00a0\u2013 puiki id\u0117ja valand\u0173 valandas linksmintis j\u016bs\u0173 ma\u017eyliui. J\u016bs\u0173 ma\u017eylis jus nustebins dar ne kart\u0105 patiekdamas\u00a0gard\u017ei\u0105 arbat\u0105\u00a0. Popiet\u0117s arbat\u0105 paverskite gra\u017eiu ritualu su \u012fvairiais aksesuarais, \u012fskaitant du\u00a0skirting\u0173 spalv\u0173\u00a0puodelius ,\u00a0arbatinuk\u0105 ir\u00a0g\u0117li\u0173 ra\u0161to pad\u0117kl\u0105 bei \u012fvairius arbatos aksesuarus. Gra\u017eios\u00a0pastelin\u0117s spalvos\u00a0dar labiau paskatins j\u016bs\u0173 vaik\u0105 \u017eaisti. Rinkinys pagamintas\u00a0i\u0161 med\u017eio masyvo,\u00a0tod\u0117l j\u016bs\u0173 ma\u017eylis gal\u0117s saugiai m\u0117gautis patiekdamas gard\u017ei\u0105\u00a0arbat\u0105.<\/p>\n<p>Funkcijas:<\/p>\n<p> \t&#8211;\u00a0nuo 3 met\u0173<br \/>\n \t&#8211; Rinkin\u012f sudaro\u00a014 dali\u0173\u00a0, \u012fskaitant: arbatinuk\u0105, puodelius, \u0161auk\u0161telius<br \/>\n \t&#8211; prislopintos pastelin\u0117s spalvos<br \/>\n \t&#8211; aksesuarai apima dekoracijas vaisi\u0173 ir g\u0117li\u0173\u00a0pavidalu<br \/>\n \t&#8211; pagaminta tik i\u0161 auk\u0161\u010diausios kokyb\u0117s\u00a0medienos<br \/>\n \t&#8211;\u00a0n\u0117ra a\u0161tri\u0173 briaun\u0173<\/p>\n<p>Komplekt\u0101 ietilpst:<\/p>\n<p> \t&#8211; didelis\u00a0pad\u0117klas<br \/>\n \t&#8211;\u00a0puodeli\u0173\u00a0l\u0117k\u0161t\u0117s<br \/>\n \t&#8211;\u00a0\u0105so\u010diai\u00a0pienui, arbatai ir cukrui<br \/>\n \t&#8211;\u00a0puodeliai\u00a0ir\u00a0\u0161auk\u0161tai<\/p>\n<p>Rota\u013clieta att\u012bst\u0101s:<\/p>\n<p> \t&#8211; vaizduot\u0117<br \/>\n \t&#8211; vaidmen\u0173 \u017eaidimai<br \/>\n \t&#8211; smulkiosios motorikos \u012fg\u016bd\u017eiai<br \/>\n \t&#8211; pasitik\u0117jimo savimi jausmas<br \/>\n \t&#8211; galimyb\u0117 dalytis<\/p>","protected":false},"excerpt":{"rendered":"<p>\u0160is \u201eClassic World\u201c\u00a0arbatos\u00a0rinkinys\u00a0\u2013 puiki id\u0117ja valand\u0173 valandas linksmintis j\u016bs\u0173 ma\u017eyliui. J\u016bs\u0173 ma\u017eylis jus nustebins dar ne kart\u0105 patiekdamas\u00a0gard\u017ei\u0105 arbat\u0105\u00a0. Popiet\u0117s<\/p>","protected":false},"featured_media":67631,"template":"","meta":{"_acf_changed":false,"_glsr_average":0,"_glsr_ranking":0,"_glsr_reviews":0},"product_brand":[],"product_cat":[399,282,229],"product_tag":[],"class_list":{"0":"post-89615","1":"product","2":"type-product","3":"status-publish","4":"has-post-thumbnail","6":"product_cat-vaidmenu-zaidimai-2","7":"product_cat-virtuves-reikmenys-vaidmenu-zaidimai","8":"product_cat-zaislai-vaikams","9":"\"style=\"background-color: #2ecc711c;\"","11":"first","12":"instock","13":"purchasable","14":"product-type-simple"},"acf":[],"yoast_head":"<!-- This site is optimized with the Yoast SEO plugin v27.3 - https:\/\/yoast.com\/product\/yoast-seo-wordpress\/ -->\n<title>CLASSIC WORLD medinis arbatos rinkinys, 14 vnt.<\/title>\n<meta name=\"description\" content=\"CLASSIC WORLD medinis arbatos rinkinys, 14 vnt. - KidsPlay. Did\u017eiausias vaik\u0173 \u017eaisl\u0173 pasirinkimas.\" \/>\n<meta name=\"robots\" content=\"index, follow, max-snippet:-1, max-image-preview:large, max-video-preview:-1\" \/>\n<link rel=\"canonical\" href=\"https:\/\/kidsplay.lt\/lv\/products\/classic-world-medinis-arbatos-rinkinys-14-vnt\/\" \/>\n<meta property=\"og:locale\" content=\"lv_LV\" \/>\n<meta property=\"og:type\" content=\"article\" \/>\n<meta property=\"og:title\" content=\"CLASSIC WORLD medinis arbatos rinkinys, 14 vnt.\" \/>\n<meta property=\"og:description\" content=\"CLASSIC WORLD medinis arbatos rinkinys, 14 vnt. - KidsPlay. Did\u017eiausias vaik\u0173 \u017eaisl\u0173 pasirinkimas.\" \/>\n<meta property=\"og:url\" content=\"https:\/\/kidsplay.lt\/lv\/products\/classic-world-medinis-arbatos-rinkinys-14-vnt\/\" \/>\n<meta property=\"og:site_name\" content=\"KidsPlay\" \/>\n<meta property=\"article:publisher\" content=\"https:\/\/www.facebook.com\/www.kidsplay.lt\" \/>\n<meta property=\"article:modified_time\" content=\"2026-04-07T07:40:53+00:00\" \/>\n<meta property=\"og:image\" content=\"https:\/\/kidsplay.lt\/wp-content\/uploads\/2025\/09\/CLASSIC-WORLD-medinis-arbatos-rinkinys-14-vnt.jpg\" \/>\n\t<meta property=\"og:image:width\" content=\"2560\" \/>\n\t<meta property=\"og:image:height\" content=\"2560\" \/>\n\t<meta property=\"og:image:type\" content=\"image\/jpeg\" \/>\n<meta name=\"twitter:card\" content=\"summary_large_image\" \/>\n<meta name=\"twitter:label1\" content=\"Est. reading time\" \/>\n\t<meta name=\"twitter:data1\" content=\"1 min\u016bte\" \/>\n<script type=\"application\/ld+json\" class=\"yoast-schema-graph\">{\"@context\":\"https:\\\/\\\/schema.org\",\"@graph\":[{\"@type\":\"WebPage\",\"@id\":\"https:\\\/\\\/kidsplay.lt\\\/produktas\\\/classic-world-medinis-arbatos-rinkinys-14-vnt\\\/\",\"url\":\"https:\\\/\\\/kidsplay.lt\\\/produktas\\\/classic-world-medinis-arbatos-rinkinys-14-vnt\\\/\",\"name\":\"CLASSIC WORLD medinis arbatos rinkinys, 14 vnt.\",\"isPartOf\":{\"@id\":\"https:\\\/\\\/kidsplay.lt\\\/#website\"},\"primaryImageOfPage\":{\"@id\":\"https:\\\/\\\/kidsplay.lt\\\/produktas\\\/classic-world-medinis-arbatos-rinkinys-14-vnt\\\/#primaryimage\"},\"image\":{\"@id\":\"https:\\\/\\\/kidsplay.lt\\\/produktas\\\/classic-world-medinis-arbatos-rinkinys-14-vnt\\\/#primaryimage\"},\"thumbnailUrl\":\"https:\\\/\\\/kidsplay.lt\\\/wp-content\\\/uploads\\\/2025\\\/09\\\/CLASSIC-WORLD-medinis-arbatos-rinkinys-14-vnt.jpg\",\"datePublished\":\"2026-02-26T07:25:30+00:00\",\"dateModified\":\"2026-04-07T07:40:53+00:00\",\"description\":\"CLASSIC WORLD medinis arbatos rinkinys, 14 vnt. - KidsPlay. Did\u017eiausias vaik\u0173 \u017eaisl\u0173 pasirinkimas.\",\"breadcrumb\":{\"@id\":\"https:\\\/\\\/kidsplay.lt\\\/produktas\\\/classic-world-medinis-arbatos-rinkinys-14-vnt\\\/#breadcrumb\"},\"inLanguage\":\"lv-LV\",\"potentialAction\":[{\"@type\":\"ReadAction\",\"target\":[\"https:\\\/\\\/kidsplay.lt\\\/produktas\\\/classic-world-medinis-arbatos-rinkinys-14-vnt\\\/\"]}]},{\"@type\":\"ImageObject\",\"inLanguage\":\"lv-LV\",\"@id\":\"https:\\\/\\\/kidsplay.lt\\\/produktas\\\/classic-world-medinis-arbatos-rinkinys-14-vnt\\\/#primaryimage\",\"url\":\"https:\\\/\\\/kidsplay.lt\\\/wp-content\\\/uploads\\\/2025\\\/09\\\/CLASSIC-WORLD-medinis-arbatos-rinkinys-14-vnt.jpg\",\"contentUrl\":\"https:\\\/\\\/kidsplay.lt\\\/wp-content\\\/uploads\\\/2025\\\/09\\\/CLASSIC-WORLD-medinis-arbatos-rinkinys-14-vnt.jpg\",\"width\":2560,\"height\":2560,\"caption\":\"CLASSIC WORLD medinis arbatos rinkinys\"},{\"@type\":\"BreadcrumbList\",\"@id\":\"https:\\\/\\\/kidsplay.lt\\\/produktas\\\/classic-world-medinis-arbatos-rinkinys-14-vnt\\\/#breadcrumb\",\"itemListElement\":[{\"@type\":\"ListItem\",\"position\":1,\"name\":\"Pagrindinis\",\"item\":\"https:\\\/\\\/kidsplay.lt\\\/\"},{\"@type\":\"ListItem\",\"position\":2,\"name\":\"Parduotuv\u0117\",\"item\":\"https:\\\/\\\/kidsplay.lt\\\/parduotuve\\\/\"},{\"@type\":\"ListItem\",\"position\":3,\"name\":\"CLASSIC WORLD medinis arbatos rinkinys, 14 vnt.\"}]},{\"@type\":\"WebSite\",\"@id\":\"https:\\\/\\\/kidsplay.lt\\\/#website\",\"url\":\"https:\\\/\\\/kidsplay.lt\\\/\",\"name\":\"Kidsplay.lt\",\"description\":\"\u012evairios prek\u0117s vaikams\",\"publisher\":{\"@id\":\"https:\\\/\\\/kidsplay.lt\\\/#organization\"},\"alternateName\":\"Kidsplay\",\"potentialAction\":[{\"@type\":\"SearchAction\",\"target\":{\"@type\":\"EntryPoint\",\"urlTemplate\":\"https:\\\/\\\/kidsplay.lt\\\/?s={search_term_string}\"},\"query-input\":{\"@type\":\"PropertyValueSpecification\",\"valueRequired\":true,\"valueName\":\"search_term_string\"}}],\"inLanguage\":\"lv-LV\"},{\"@type\":\"Organization\",\"@id\":\"https:\\\/\\\/kidsplay.lt\\\/#organization\",\"name\":\"KidsPlay\",\"url\":\"https:\\\/\\\/kidsplay.lt\\\/\",\"logo\":{\"@type\":\"ImageObject\",\"inLanguage\":\"lv-LV\",\"@id\":\"https:\\\/\\\/kidsplay.lt\\\/#\\\/schema\\\/logo\\\/image\\\/\",\"url\":\"https:\\\/\\\/kidsplay.lt\\\/wp-content\\\/uploads\\\/2023\\\/07\\\/kidsplay-logo.png\",\"contentUrl\":\"https:\\\/\\\/kidsplay.lt\\\/wp-content\\\/uploads\\\/2023\\\/07\\\/kidsplay-logo.png\",\"width\":451,\"height\":98,\"caption\":\"KidsPlay\"},\"image\":{\"@id\":\"https:\\\/\\\/kidsplay.lt\\\/#\\\/schema\\\/logo\\\/image\\\/\"},\"sameAs\":[\"https:\\\/\\\/www.facebook.com\\\/www.kidsplay.lt\"]}]}<\/script>\n<!-- \/ Yoast SEO plugin. -->","yoast_head_json":{"title":"CLASSIC WORLD medinis arbatos rinkinys, 14 vnt.","description":"CLASSIC WORLD medinis arbatos rinkinys, 14 vnt. - KidsPlay. Did\u017eiausias vaik\u0173 \u017eaisl\u0173 pasirinkimas.","robots":{"index":"index","follow":"follow","max-snippet":"max-snippet:-1","max-image-preview":"max-image-preview:large","max-video-preview":"max-video-preview:-1"},"canonical":"https:\/\/kidsplay.lt\/lv\/products\/classic-world-medinis-arbatos-rinkinys-14-vnt\/","og_locale":"lv_LV","og_type":"article","og_title":"CLASSIC WORLD medinis arbatos rinkinys, 14 vnt.","og_description":"CLASSIC WORLD medinis arbatos rinkinys, 14 vnt. - KidsPlay. Did\u017eiausias vaik\u0173 \u017eaisl\u0173 pasirinkimas.","og_url":"https:\/\/kidsplay.lt\/lv\/products\/classic-world-medinis-arbatos-rinkinys-14-vnt\/","og_site_name":"KidsPlay","article_publisher":"https:\/\/www.facebook.com\/www.kidsplay.lt","article_modified_time":"2026-04-07T07:40:53+00:00","og_image":[{"width":2560,"height":2560,"url":"https:\/\/kidsplay.lt\/wp-content\/uploads\/2025\/09\/CLASSIC-WORLD-medinis-arbatos-rinkinys-14-vnt.jpg","type":"image\/jpeg"}],"twitter_card":"summary_large_image","twitter_misc":{"Est. reading time":"1 min\u016bte"},"schema":{"@context":"https:\/\/schema.org","@graph":[{"@type":"WebPage","@id":"https:\/\/kidsplay.lt\/produktas\/classic-world-medinis-arbatos-rinkinys-14-vnt\/","url":"https:\/\/kidsplay.lt\/produktas\/classic-world-medinis-arbatos-rinkinys-14-vnt\/","name":"CLASSIC WORLD medinis arbatos rinkinys, 14 vnt.","isPartOf":{"@id":"https:\/\/kidsplay.lt\/#website"},"primaryImageOfPage":{"@id":"https:\/\/kidsplay.lt\/produktas\/classic-world-medinis-arbatos-rinkinys-14-vnt\/#primaryimage"},"image":{"@id":"https:\/\/kidsplay.lt\/produktas\/classic-world-medinis-arbatos-rinkinys-14-vnt\/#primaryimage"},"thumbnailUrl":"https:\/\/kidsplay.lt\/wp-content\/uploads\/2025\/09\/CLASSIC-WORLD-medinis-arbatos-rinkinys-14-vnt.jpg","datePublished":"2026-02-26T07:25:30+00:00","dateModified":"2026-04-07T07:40:53+00:00","description":"CLASSIC WORLD medinis arbatos rinkinys, 14 vnt. - KidsPlay. Did\u017eiausias vaik\u0173 \u017eaisl\u0173 pasirinkimas.","breadcrumb":{"@id":"https:\/\/kidsplay.lt\/produktas\/classic-world-medinis-arbatos-rinkinys-14-vnt\/#breadcrumb"},"inLanguage":"lv-LV","potentialAction":[{"@type":"ReadAction","target":["https:\/\/kidsplay.lt\/produktas\/classic-world-medinis-arbatos-rinkinys-14-vnt\/"]}]},{"@type":"ImageObject","inLanguage":"lv-LV","@id":"https:\/\/kidsplay.lt\/produktas\/classic-world-medinis-arbatos-rinkinys-14-vnt\/#primaryimage","url":"https:\/\/kidsplay.lt\/wp-content\/uploads\/2025\/09\/CLASSIC-WORLD-medinis-arbatos-rinkinys-14-vnt.jpg","contentUrl":"https:\/\/kidsplay.lt\/wp-content\/uploads\/2025\/09\/CLASSIC-WORLD-medinis-arbatos-rinkinys-14-vnt.jpg","width":2560,"height":2560,"caption":"CLASSIC WORLD medinis arbatos rinkinys"},{"@type":"BreadcrumbList","@id":"https:\/\/kidsplay.lt\/produktas\/classic-world-medinis-arbatos-rinkinys-14-vnt\/#breadcrumb","itemListElement":[{"@type":"ListItem","position":1,"name":"Pagrindinis","item":"https:\/\/kidsplay.lt\/"},{"@type":"ListItem","position":2,"name":"Parduotuv\u0117","item":"https:\/\/kidsplay.lt\/parduotuve\/"},{"@type":"ListItem","position":3,"name":"CLASSIC WORLD medinis arbatos rinkinys, 14 vnt."}]},{"@type":"WebSite","@id":"https:\/\/kidsplay.lt\/#website","url":"https:\/\/kidsplay.lt\/","name":"B\u0113rnu sp\u0113les.lv","description":"\u012evairios prek\u0117s vaikams","publisher":{"@id":"https:\/\/kidsplay.lt\/#organization"},"alternateName":"Kidsplay","potentialAction":[{"@type":"SearchAction","target":{"@type":"EntryPoint","urlTemplate":"https:\/\/kidsplay.lt\/?s={search_term_string}"},"query-input":{"@type":"PropertyValueSpecification","valueRequired":true,"valueName":"search_term_string"}}],"inLanguage":"lv-LV"},{"@type":"Organization","@id":"https:\/\/kidsplay.lt\/#organization","name":"B\u0113rnu sp\u0113le","url":"https:\/\/kidsplay.lt\/","logo":{"@type":"ImageObject","inLanguage":"lv-LV","@id":"https:\/\/kidsplay.lt\/#\/schema\/logo\/image\/","url":"https:\/\/kidsplay.lt\/wp-content\/uploads\/2023\/07\/kidsplay-logo.png","contentUrl":"https:\/\/kidsplay.lt\/wp-content\/uploads\/2023\/07\/kidsplay-logo.png","width":451,"height":98,"caption":"KidsPlay"},"image":{"@id":"https:\/\/kidsplay.lt\/#\/schema\/logo\/image\/"},"sameAs":["https:\/\/www.facebook.com\/www.kidsplay.lt"]}]}},"_links":{"self":[{"href":"https:\/\/kidsplay.lt\/lv\/wp-json\/wp\/v2\/product\/89615","targetHints":{"allow":["GET"]}}],"collection":[{"href":"https:\/\/kidsplay.lt\/lv\/wp-json\/wp\/v2\/product"}],"about":[{"href":"https:\/\/kidsplay.lt\/lv\/wp-json\/wp\/v2\/types\/product"}],"version-history":[{"count":1,"href":"https:\/\/kidsplay.lt\/lv\/wp-json\/wp\/v2\/product\/89615\/revisions"}],"predecessor-version":[{"id":89616,"href":"https:\/\/kidsplay.lt\/lv\/wp-json\/wp\/v2\/product\/89615\/revisions\/89616"}],"wp:featuredmedia":[{"embeddable":true,"href":"https:\/\/kidsplay.lt\/lv\/wp-json\/wp\/v2\/media\/67631"}],"wp:attachment":[{"href":"https:\/\/kidsplay.lt\/lv\/wp-json\/wp\/v2\/media?parent=89615"}],"wp:term":[{"taxonomy":"product_brand","embeddable":true,"href":"https:\/\/kidsplay.lt\/lv\/wp-json\/wp\/v2\/product_brand?post=89615"},{"taxonomy":"product_cat","embeddable":true,"href":"https:\/\/kidsplay.lt\/lv\/wp-json\/wp\/v2\/product_cat?post=89615"},{"taxonomy":"product_tag","embeddable":true,"href":"https:\/\/kidsplay.lt\/lv\/wp-json\/wp\/v2\/product_tag?post=89615"}],"curies":[{"name":"wp","href":"https:\/\/api.w.org\/{rel}","templated":true}]}}