{"id":89617,"date":"2026-02-26T09:25:32","date_gmt":"2026-02-26T07:25:32","guid":{"rendered":"https:\/\/kidsplay.lt\/produktas\/didele-medine-kepsnines-vaikams-ir-47-priedai\/"},"modified":"2026-04-07T10:40:57","modified_gmt":"2026-04-07T07:40:57","slug":"didele-medine-kepsnines-vaikams-ir-47-priedai","status":"publish","type":"product","link":"https:\/\/kidsplay.lt\/lv\/products\/didele-medine-kepsnines-vaikams-ir-47-priedai\/","title":{"rendered":"Didel\u0117 medin\u0117 kepsnin\u0117s vaikams ir 47 priedai"},"content":{"rendered":"<p>VIGA\u00a0prek\u0117s \u017eenklo\u00a0medin\u0117s kepsnin\u0117s\u00a0yra kaip tikra grilis!\u00a0Rinkin\u012f\u00a0\u00a0sudaro\u00a047 priedai\u00a0, tokie kaip stiklainiai su prieskoniais, ke\u010dupas, garsty\u010dios, \u017enypl\u0117s, stalo \u012frankiai ir kt. Garso\u00a0efektai suteikia tikrovi\u0161kumo\u00a0.\u00a0Vaikai gali kurti ie\u0161melius, sumu\u0161tinius ir m\u0117sainius.\u00a0\u00a0Nuimamas dangtelis\u00a0leid\u017eia apsaugoti \u201ekar\u0161tas\u201c groteles po kepimo ant groteli\u0173, o\u00a0ratukai\u00a0ir patogi rankena leid\u017eia gril\u012f transportuoti bet kurioje sodo ar namo vietoje. Vaikas gal\u0117s atlikti suaugusiojo, pri\u017ei\u016brin\u010dio \u0161eimos kepsnin\u0119, vaidmen\u012f.<\/p>\n<p>Charakteristika:<\/p>\n<p> \t&#8211; Grilis pagamintas\u00a0i\u0161 auk\u0161tos kokyb\u0117s medienos,<br \/>\n \t&#8211; Grilio ranken\u0117l\u0117s, kurios sukasi ir skleid\u017eia gars\u0105,<br \/>\n \t&#8211; ma\u017ea lentyn\u0117l\u0117 prieskoniams ir priedams laikyti,<br \/>\n \t&#8211; i\u0161traukiamos grotel\u0117s,<br \/>\n \t&#8211; didel\u0117 lentyna po grotel\u0117mis,<br \/>\n \t&#8211; grilio pried\u0173 rinkinys,<br \/>\n \t&#8211; dar\u017eovi\u0173 ir m\u0117sos rinkinys, skirtas kepti ant groteli\u0173,<br \/>\n \t&#8211; auk\u0161\u010diausia kokyb\u0117 &#8211; d\u0117mesys detal\u0117ms,<br \/>\n \t&#8211; dideli matmenys &#8211; tinka net vyresniems vaikams.<\/p>\n<p>Komplekt\u0101 ietilpst:<\/p>\n<p> \t&#8211; dar\u017eov\u0117s,<br \/>\n \t&#8211; m\u0117sa,<br \/>\n \t&#8211; stalo \u012frankiai,<br \/>\n \t&#8211; repl\u0117s,<br \/>\n \t&#8211; prieskoniai,<br \/>\n \t&#8211; l\u0117k\u0161t\u0117s,<br \/>\n \t&#8211; anglis,<br \/>\n \t&#8211; Gil ant rat\u0173,<br \/>\n \t&#8211; ie\u0161meliai.<\/p>\n<p>\u017daislas vysto:<\/p>\n<p> \t&#8211; aki\u0173-rank\u0173 koordinacija,<br \/>\n \t&#8211; motoriniai \u012fg\u016bd\u017eiai,<br \/>\n \t&#8211; vaizduot\u0117,<br \/>\n \t&#8211; k\u016brybi\u0161kumas,<br \/>\n \t&#8211; geb\u0117jimas atlikti vaidmenis.<\/p>","protected":false},"excerpt":{"rendered":"<p>VIGA\u00a0prek\u0117s \u017eenklo\u00a0medin\u0117s kepsnin\u0117s\u00a0yra kaip tikra grilis!\u00a0Rinkin\u012f\u00a0\u00a0sudaro\u00a047 priedai\u00a0, tokie kaip stiklainiai su prieskoniais, ke\u010dupas, garsty\u010dios, \u017enypl\u0117s, stalo \u012frankiai ir kt. Garso\u00a0efektai<\/p>","protected":false},"featured_media":55423,"template":"","meta":{"_acf_changed":false,"_glsr_average":0,"_glsr_ranking":0,"_glsr_reviews":0},"product_brand":[],"product_cat":[399,282],"product_tag":[],"class_list":{"0":"post-89617","1":"product","2":"type-product","3":"status-publish","4":"has-post-thumbnail","6":"product_cat-vaidmenu-zaidimai-2","7":"product_cat-virtuves-reikmenys-vaidmenu-zaidimai","8":"\"style=\"background-color: #2ecc711c;\"","10":"first","11":"instock","12":"purchasable","13":"product-type-simple"},"acf":[],"yoast_head":"<!-- This site is optimized with the Yoast SEO plugin v27.3 - https:\/\/yoast.com\/product\/yoast-seo-wordpress\/ -->\n<title>Didel\u0117 medin\u0117 kepsnin\u0117s vaikams ir 47 priedai<\/title>\n<meta name=\"description\" content=\"Didel\u0117 medin\u0117 kepsnin\u0117s vaikams ir 47 priedai - KidsPlay. Did\u017eiausias vaik\u0173 \u017eaisl\u0173 pasirinkimas.\" \/>\n<meta name=\"robots\" content=\"index, follow, max-snippet:-1, max-image-preview:large, max-video-preview:-1\" \/>\n<link rel=\"canonical\" href=\"https:\/\/kidsplay.lt\/lv\/products\/didele-medine-kepsnines-vaikams-ir-47-priedai\/\" \/>\n<meta property=\"og:locale\" content=\"lv_LV\" \/>\n<meta property=\"og:type\" content=\"article\" \/>\n<meta property=\"og:title\" content=\"Didel\u0117 medin\u0117 kepsnin\u0117s vaikams ir 47 priedai\" \/>\n<meta property=\"og:description\" content=\"Didel\u0117 medin\u0117 kepsnin\u0117s vaikams ir 47 priedai - KidsPlay. Did\u017eiausias vaik\u0173 \u017eaisl\u0173 pasirinkimas.\" \/>\n<meta property=\"og:url\" content=\"https:\/\/kidsplay.lt\/lv\/products\/didele-medine-kepsnines-vaikams-ir-47-priedai\/\" \/>\n<meta property=\"og:site_name\" content=\"KidsPlay\" \/>\n<meta property=\"article:publisher\" content=\"https:\/\/www.facebook.com\/www.kidsplay.lt\" \/>\n<meta property=\"article:modified_time\" content=\"2026-04-07T07:40:57+00:00\" \/>\n<meta property=\"og:image\" content=\"https:\/\/kidsplay.lt\/wp-content\/uploads\/2024\/09\/Didele-medine-kepsnines-vaikams-ir-47-priedai-800x800.jpg\" \/>\n\t<meta property=\"og:image:width\" content=\"800\" \/>\n\t<meta property=\"og:image:height\" content=\"800\" \/>\n\t<meta property=\"og:image:type\" content=\"image\/png\" \/>\n<meta name=\"twitter:card\" content=\"summary_large_image\" \/>\n<meta name=\"twitter:label1\" content=\"Est. reading time\" \/>\n\t<meta name=\"twitter:data1\" content=\"1 min\u016bte\" \/>\n<script type=\"application\/ld+json\" class=\"yoast-schema-graph\">{\"@context\":\"https:\\\/\\\/schema.org\",\"@graph\":[{\"@type\":\"WebPage\",\"@id\":\"https:\\\/\\\/kidsplay.lt\\\/produktas\\\/didele-medine-kepsnines-vaikams-ir-47-priedai\\\/\",\"url\":\"https:\\\/\\\/kidsplay.lt\\\/produktas\\\/didele-medine-kepsnines-vaikams-ir-47-priedai\\\/\",\"name\":\"Didel\u0117 medin\u0117 kepsnin\u0117s vaikams ir 47 priedai\",\"isPartOf\":{\"@id\":\"https:\\\/\\\/kidsplay.lt\\\/#website\"},\"primaryImageOfPage\":{\"@id\":\"https:\\\/\\\/kidsplay.lt\\\/produktas\\\/didele-medine-kepsnines-vaikams-ir-47-priedai\\\/#primaryimage\"},\"image\":{\"@id\":\"https:\\\/\\\/kidsplay.lt\\\/produktas\\\/didele-medine-kepsnines-vaikams-ir-47-priedai\\\/#primaryimage\"},\"thumbnailUrl\":\"https:\\\/\\\/kidsplay.lt\\\/wp-content\\\/uploads\\\/2024\\\/09\\\/Didele-medine-kepsnines-vaikams-ir-47-priedai.jpg\",\"datePublished\":\"2026-02-26T07:25:32+00:00\",\"dateModified\":\"2026-04-07T07:40:57+00:00\",\"description\":\"Didel\u0117 medin\u0117 kepsnin\u0117s vaikams ir 47 priedai - KidsPlay. Did\u017eiausias vaik\u0173 \u017eaisl\u0173 pasirinkimas.\",\"breadcrumb\":{\"@id\":\"https:\\\/\\\/kidsplay.lt\\\/produktas\\\/didele-medine-kepsnines-vaikams-ir-47-priedai\\\/#breadcrumb\"},\"inLanguage\":\"lv-LV\",\"potentialAction\":[{\"@type\":\"ReadAction\",\"target\":[\"https:\\\/\\\/kidsplay.lt\\\/produktas\\\/didele-medine-kepsnines-vaikams-ir-47-priedai\\\/\"]}]},{\"@type\":\"ImageObject\",\"inLanguage\":\"lv-LV\",\"@id\":\"https:\\\/\\\/kidsplay.lt\\\/produktas\\\/didele-medine-kepsnines-vaikams-ir-47-priedai\\\/#primaryimage\",\"url\":\"https:\\\/\\\/kidsplay.lt\\\/wp-content\\\/uploads\\\/2024\\\/09\\\/Didele-medine-kepsnines-vaikams-ir-47-priedai.jpg\",\"contentUrl\":\"https:\\\/\\\/kidsplay.lt\\\/wp-content\\\/uploads\\\/2024\\\/09\\\/Didele-medine-kepsnines-vaikams-ir-47-priedai.jpg\",\"width\":2560,\"height\":2560,\"caption\":\"Didel\u0117 medin\u0117 kepsnin\u0117s vaikams ir 47 priedai\"},{\"@type\":\"BreadcrumbList\",\"@id\":\"https:\\\/\\\/kidsplay.lt\\\/produktas\\\/didele-medine-kepsnines-vaikams-ir-47-priedai\\\/#breadcrumb\",\"itemListElement\":[{\"@type\":\"ListItem\",\"position\":1,\"name\":\"Pagrindinis\",\"item\":\"https:\\\/\\\/kidsplay.lt\\\/\"},{\"@type\":\"ListItem\",\"position\":2,\"name\":\"Parduotuv\u0117\",\"item\":\"https:\\\/\\\/kidsplay.lt\\\/parduotuve\\\/\"},{\"@type\":\"ListItem\",\"position\":3,\"name\":\"Didel\u0117 medin\u0117 kepsnin\u0117s vaikams ir 47 priedai\"}]},{\"@type\":\"WebSite\",\"@id\":\"https:\\\/\\\/kidsplay.lt\\\/#website\",\"url\":\"https:\\\/\\\/kidsplay.lt\\\/\",\"name\":\"Kidsplay.lt\",\"description\":\"\u012evairios prek\u0117s vaikams\",\"publisher\":{\"@id\":\"https:\\\/\\\/kidsplay.lt\\\/#organization\"},\"alternateName\":\"Kidsplay\",\"potentialAction\":[{\"@type\":\"SearchAction\",\"target\":{\"@type\":\"EntryPoint\",\"urlTemplate\":\"https:\\\/\\\/kidsplay.lt\\\/?s={search_term_string}\"},\"query-input\":{\"@type\":\"PropertyValueSpecification\",\"valueRequired\":true,\"valueName\":\"search_term_string\"}}],\"inLanguage\":\"lv-LV\"},{\"@type\":\"Organization\",\"@id\":\"https:\\\/\\\/kidsplay.lt\\\/#organization\",\"name\":\"KidsPlay\",\"url\":\"https:\\\/\\\/kidsplay.lt\\\/\",\"logo\":{\"@type\":\"ImageObject\",\"inLanguage\":\"lv-LV\",\"@id\":\"https:\\\/\\\/kidsplay.lt\\\/#\\\/schema\\\/logo\\\/image\\\/\",\"url\":\"https:\\\/\\\/kidsplay.lt\\\/wp-content\\\/uploads\\\/2023\\\/07\\\/kidsplay-logo.png\",\"contentUrl\":\"https:\\\/\\\/kidsplay.lt\\\/wp-content\\\/uploads\\\/2023\\\/07\\\/kidsplay-logo.png\",\"width\":451,\"height\":98,\"caption\":\"KidsPlay\"},\"image\":{\"@id\":\"https:\\\/\\\/kidsplay.lt\\\/#\\\/schema\\\/logo\\\/image\\\/\"},\"sameAs\":[\"https:\\\/\\\/www.facebook.com\\\/www.kidsplay.lt\"]}]}<\/script>\n<!-- \/ Yoast SEO plugin. -->","yoast_head_json":{"title":"Didel\u0117 medin\u0117 kepsnin\u0117s vaikams ir 47 priedai","description":"Didel\u0117 medin\u0117 kepsnin\u0117s vaikams ir 47 priedai - KidsPlay. Did\u017eiausias vaik\u0173 \u017eaisl\u0173 pasirinkimas.","robots":{"index":"index","follow":"follow","max-snippet":"max-snippet:-1","max-image-preview":"max-image-preview:large","max-video-preview":"max-video-preview:-1"},"canonical":"https:\/\/kidsplay.lt\/lv\/products\/didele-medine-kepsnines-vaikams-ir-47-priedai\/","og_locale":"lv_LV","og_type":"article","og_title":"Didel\u0117 medin\u0117 kepsnin\u0117s vaikams ir 47 priedai","og_description":"Didel\u0117 medin\u0117 kepsnin\u0117s vaikams ir 47 priedai - KidsPlay. Did\u017eiausias vaik\u0173 \u017eaisl\u0173 pasirinkimas.","og_url":"https:\/\/kidsplay.lt\/lv\/products\/didele-medine-kepsnines-vaikams-ir-47-priedai\/","og_site_name":"KidsPlay","article_publisher":"https:\/\/www.facebook.com\/www.kidsplay.lt","article_modified_time":"2026-04-07T07:40:57+00:00","og_image":[{"width":800,"height":800,"url":"https:\/\/kidsplay.lt\/wp-content\/uploads\/2024\/09\/Didele-medine-kepsnines-vaikams-ir-47-priedai-800x800.jpg","type":"image\/png"}],"twitter_card":"summary_large_image","twitter_misc":{"Est. reading time":"1 min\u016bte"},"schema":{"@context":"https:\/\/schema.org","@graph":[{"@type":"WebPage","@id":"https:\/\/kidsplay.lt\/produktas\/didele-medine-kepsnines-vaikams-ir-47-priedai\/","url":"https:\/\/kidsplay.lt\/produktas\/didele-medine-kepsnines-vaikams-ir-47-priedai\/","name":"Didel\u0117 medin\u0117 kepsnin\u0117s vaikams ir 47 priedai","isPartOf":{"@id":"https:\/\/kidsplay.lt\/#website"},"primaryImageOfPage":{"@id":"https:\/\/kidsplay.lt\/produktas\/didele-medine-kepsnines-vaikams-ir-47-priedai\/#primaryimage"},"image":{"@id":"https:\/\/kidsplay.lt\/produktas\/didele-medine-kepsnines-vaikams-ir-47-priedai\/#primaryimage"},"thumbnailUrl":"https:\/\/kidsplay.lt\/wp-content\/uploads\/2024\/09\/Didele-medine-kepsnines-vaikams-ir-47-priedai.jpg","datePublished":"2026-02-26T07:25:32+00:00","dateModified":"2026-04-07T07:40:57+00:00","description":"Didel\u0117 medin\u0117 kepsnin\u0117s vaikams ir 47 priedai - KidsPlay. Did\u017eiausias vaik\u0173 \u017eaisl\u0173 pasirinkimas.","breadcrumb":{"@id":"https:\/\/kidsplay.lt\/produktas\/didele-medine-kepsnines-vaikams-ir-47-priedai\/#breadcrumb"},"inLanguage":"lv-LV","potentialAction":[{"@type":"ReadAction","target":["https:\/\/kidsplay.lt\/produktas\/didele-medine-kepsnines-vaikams-ir-47-priedai\/"]}]},{"@type":"ImageObject","inLanguage":"lv-LV","@id":"https:\/\/kidsplay.lt\/produktas\/didele-medine-kepsnines-vaikams-ir-47-priedai\/#primaryimage","url":"https:\/\/kidsplay.lt\/wp-content\/uploads\/2024\/09\/Didele-medine-kepsnines-vaikams-ir-47-priedai.jpg","contentUrl":"https:\/\/kidsplay.lt\/wp-content\/uploads\/2024\/09\/Didele-medine-kepsnines-vaikams-ir-47-priedai.jpg","width":2560,"height":2560,"caption":"Didel\u0117 medin\u0117 kepsnin\u0117s vaikams ir 47 priedai"},{"@type":"BreadcrumbList","@id":"https:\/\/kidsplay.lt\/produktas\/didele-medine-kepsnines-vaikams-ir-47-priedai\/#breadcrumb","itemListElement":[{"@type":"ListItem","position":1,"name":"Pagrindinis","item":"https:\/\/kidsplay.lt\/"},{"@type":"ListItem","position":2,"name":"Parduotuv\u0117","item":"https:\/\/kidsplay.lt\/parduotuve\/"},{"@type":"ListItem","position":3,"name":"Didel\u0117 medin\u0117 kepsnin\u0117s vaikams ir 47 priedai"}]},{"@type":"WebSite","@id":"https:\/\/kidsplay.lt\/#website","url":"https:\/\/kidsplay.lt\/","name":"B\u0113rnu sp\u0113les.lv","description":"\u012evairios prek\u0117s vaikams","publisher":{"@id":"https:\/\/kidsplay.lt\/#organization"},"alternateName":"Kidsplay","potentialAction":[{"@type":"SearchAction","target":{"@type":"EntryPoint","urlTemplate":"https:\/\/kidsplay.lt\/?s={search_term_string}"},"query-input":{"@type":"PropertyValueSpecification","valueRequired":true,"valueName":"search_term_string"}}],"inLanguage":"lv-LV"},{"@type":"Organization","@id":"https:\/\/kidsplay.lt\/#organization","name":"B\u0113rnu sp\u0113le","url":"https:\/\/kidsplay.lt\/","logo":{"@type":"ImageObject","inLanguage":"lv-LV","@id":"https:\/\/kidsplay.lt\/#\/schema\/logo\/image\/","url":"https:\/\/kidsplay.lt\/wp-content\/uploads\/2023\/07\/kidsplay-logo.png","contentUrl":"https:\/\/kidsplay.lt\/wp-content\/uploads\/2023\/07\/kidsplay-logo.png","width":451,"height":98,"caption":"KidsPlay"},"image":{"@id":"https:\/\/kidsplay.lt\/#\/schema\/logo\/image\/"},"sameAs":["https:\/\/www.facebook.com\/www.kidsplay.lt"]}]}},"_links":{"self":[{"href":"https:\/\/kidsplay.lt\/lv\/wp-json\/wp\/v2\/product\/89617","targetHints":{"allow":["GET"]}}],"collection":[{"href":"https:\/\/kidsplay.lt\/lv\/wp-json\/wp\/v2\/product"}],"about":[{"href":"https:\/\/kidsplay.lt\/lv\/wp-json\/wp\/v2\/types\/product"}],"version-history":[{"count":1,"href":"https:\/\/kidsplay.lt\/lv\/wp-json\/wp\/v2\/product\/89617\/revisions"}],"predecessor-version":[{"id":89618,"href":"https:\/\/kidsplay.lt\/lv\/wp-json\/wp\/v2\/product\/89617\/revisions\/89618"}],"wp:featuredmedia":[{"embeddable":true,"href":"https:\/\/kidsplay.lt\/lv\/wp-json\/wp\/v2\/media\/55423"}],"wp:attachment":[{"href":"https:\/\/kidsplay.lt\/lv\/wp-json\/wp\/v2\/media?parent=89617"}],"wp:term":[{"taxonomy":"product_brand","embeddable":true,"href":"https:\/\/kidsplay.lt\/lv\/wp-json\/wp\/v2\/product_brand?post=89617"},{"taxonomy":"product_cat","embeddable":true,"href":"https:\/\/kidsplay.lt\/lv\/wp-json\/wp\/v2\/product_cat?post=89617"},{"taxonomy":"product_tag","embeddable":true,"href":"https:\/\/kidsplay.lt\/lv\/wp-json\/wp\/v2\/product_tag?post=89617"}],"curies":[{"name":"wp","href":"https:\/\/api.w.org\/{rel}","templated":true}]}}