{"id":89626,"date":"2026-02-26T09:25:46","date_gmt":"2026-02-26T07:25:46","guid":{"rendered":"https:\/\/kidsplay.lt\/produktas\/classic-world-medinis-kavos-aparatas-7-el\/"},"modified":"2026-04-13T15:02:42","modified_gmt":"2026-04-13T12:02:42","slug":"classic-world-medinis-kavos-aparatas-7-el","status":"publish","type":"product","link":"https:\/\/kidsplay.lt\/lv\/products\/classic-world-medinis-kavos-aparatas-7-el\/","title":{"rendered":"Classic World koka kafijas autom\u0101ts (7 gab.)"},"content":{"rendered":"<p>Classic World medinis kavos aparatas \u2013 tai nuostabus papildymas bet kuriai \u017eaidim\u0173 virtuv\u0117lei. Realisti\u0161kos detal\u0117s, judantys elementai ir net garsinis \u201eminutnikas\u201c leid\u017eia vaikui pasijusti tikru barista, ruo\u0161ian\u010diu kav\u0105 t\u0117vams, me\u0161kiukams ar l\u0117l\u0117ms.<\/p>\n<p>Auk\u0161tos kokyb\u0117s nat\u016bralaus med\u017eio konstrukcija, saug\u016bs da\u017eai ir u\u017eapvalinti kra\u0161tai u\u017etikrina, kad \u017eaislas b\u016bt\u0173 ne tik gra\u017eus, bet ir visi\u0161kai saugus ma\u017eoms rankyt\u0117ms.<\/p>\n<p>Raksturojums<\/p>\n<p> \tSkirta vaikams nuo 18 m\u0117n.<br \/>\n \tRinkin\u012f sudaro 7 elementai<br \/>\n \tJudantys elementai:<\/p>\n<p> \t\u0161onin\u0117 ranken\u0117l\u0117 \u201ekavos pylimui\u201c<br \/>\n \tpasukamas laikmatis su spragsin\u010diu garsu<\/p>\n<p> \tSkatina vaidmen\u0173 \u017eaidimus<br \/>\n \tPagaminta i\u0161 nat\u016bralaus med\u017eio, be a\u0161tri\u0173 briaun\u0173<br \/>\n \tDa\u017eyta netoksi\u0161kais, vaikams saugiais da\u017eais<\/p>\n<p>Komplekts sast\u0101v no<\/p>\n<p> \tMedinis kavos aparatas<br \/>\n \t2 puodeliai<br \/>\n \t2 \u0161auk\u0161teliai<br \/>\n \t\u201ePieno\u201c indelis<br \/>\n \tKavos samtelis<\/p>\n<p>Rota\u013clietu lav\u012bna<\/p>\n<p> \tSmalk\u0101s motorikas prasmes<br \/>\n \tRado\u0161ums un izt\u0113le<br \/>\n \tSocialinius \u012fg\u016bd\u017eius \u017eaid\u017eiant vaidmen\u0173 \u017eaidimus<\/p>","protected":false},"excerpt":{"rendered":"<p>Classic World medinis kavos aparatas \u2013 tai nuostabus papildymas bet kuriai \u017eaidim\u0173 virtuv\u0117lei. Realisti\u0161kos detal\u0117s, judantys elementai ir net garsinis<\/p>","protected":false},"featured_media":89628,"template":"","meta":{"_acf_changed":false,"_glsr_average":0,"_glsr_ranking":0,"_glsr_reviews":0},"product_brand":[],"product_cat":[399,282,229],"product_tag":[],"class_list":{"0":"post-89626","1":"product","2":"type-product","3":"status-publish","4":"has-post-thumbnail","6":"product_cat-vaidmenu-zaidimai-2","7":"product_cat-virtuves-reikmenys-vaidmenu-zaidimai","8":"product_cat-zaislai-vaikams","9":"\"style=\"background-color: #2ecc711c;\"","11":"first","12":"instock","13":"purchasable","14":"product-type-simple"},"acf":[],"yoast_head":"<!-- This site is optimized with the Yoast SEO plugin v27.4 - https:\/\/yoast.com\/product\/yoast-seo-wordpress\/ -->\n<title>Classic World medinis kavos aparatas (7 el.)<\/title>\n<meta name=\"description\" content=\"Classic World medinis kavos aparatas (7 el.) - KidsPlay. Did\u017eiausias vaik\u0173 \u017eaisl\u0173 pasirinkimas.\" \/>\n<meta name=\"robots\" content=\"index, follow, max-snippet:-1, max-image-preview:large, max-video-preview:-1\" \/>\n<link rel=\"canonical\" href=\"https:\/\/kidsplay.lt\/lv\/products\/classic-world-medinis-kavos-aparatas-7-el\/\" \/>\n<meta property=\"og:locale\" content=\"lv_LV\" \/>\n<meta property=\"og:type\" content=\"article\" \/>\n<meta property=\"og:title\" content=\"Classic World medinis kavos aparatas (7 el.)\" \/>\n<meta property=\"og:description\" content=\"Classic World medinis kavos aparatas (7 el.) - KidsPlay. Did\u017eiausias vaik\u0173 \u017eaisl\u0173 pasirinkimas.\" \/>\n<meta property=\"og:url\" content=\"https:\/\/kidsplay.lt\/lv\/products\/classic-world-medinis-kavos-aparatas-7-el\/\" \/>\n<meta property=\"og:site_name\" content=\"KidsPlay\" \/>\n<meta property=\"article:publisher\" content=\"https:\/\/www.facebook.com\/www.kidsplay.lt\" \/>\n<meta property=\"article:modified_time\" content=\"2026-04-13T12:02:42+00:00\" \/>\n<meta property=\"og:image\" content=\"https:\/\/kidsplay.lt\/wp-content\/uploads\/2026\/02\/Classic-World-medinis-kavos-aparatas-7-el.jpg\" \/>\n\t<meta property=\"og:image:width\" content=\"1000\" \/>\n\t<meta property=\"og:image:height\" content=\"1000\" \/>\n\t<meta property=\"og:image:type\" content=\"image\/jpeg\" \/>\n<meta name=\"twitter:card\" content=\"summary_large_image\" \/>\n<meta name=\"twitter:label1\" content=\"Est. reading time\" \/>\n\t<meta name=\"twitter:data1\" content=\"1 min\u016bte\" \/>\n<script type=\"application\/ld+json\" class=\"yoast-schema-graph\">{\"@context\":\"https:\\\/\\\/schema.org\",\"@graph\":[{\"@type\":\"WebPage\",\"@id\":\"https:\\\/\\\/kidsplay.lt\\\/produktas\\\/classic-world-medinis-kavos-aparatas-7-el\\\/\",\"url\":\"https:\\\/\\\/kidsplay.lt\\\/produktas\\\/classic-world-medinis-kavos-aparatas-7-el\\\/\",\"name\":\"Classic World medinis kavos aparatas (7 el.)\",\"isPartOf\":{\"@id\":\"https:\\\/\\\/kidsplay.lt\\\/#website\"},\"primaryImageOfPage\":{\"@id\":\"https:\\\/\\\/kidsplay.lt\\\/produktas\\\/classic-world-medinis-kavos-aparatas-7-el\\\/#primaryimage\"},\"image\":{\"@id\":\"https:\\\/\\\/kidsplay.lt\\\/produktas\\\/classic-world-medinis-kavos-aparatas-7-el\\\/#primaryimage\"},\"thumbnailUrl\":\"https:\\\/\\\/kidsplay.lt\\\/wp-content\\\/uploads\\\/2026\\\/02\\\/Classic-World-medinis-kavos-aparatas-7-el.jpg\",\"datePublished\":\"2026-02-26T07:25:46+00:00\",\"dateModified\":\"2026-04-13T12:02:42+00:00\",\"description\":\"Classic World medinis kavos aparatas (7 el.) - KidsPlay. Did\u017eiausias vaik\u0173 \u017eaisl\u0173 pasirinkimas.\",\"breadcrumb\":{\"@id\":\"https:\\\/\\\/kidsplay.lt\\\/produktas\\\/classic-world-medinis-kavos-aparatas-7-el\\\/#breadcrumb\"},\"inLanguage\":\"lv-LV\",\"potentialAction\":[{\"@type\":\"ReadAction\",\"target\":[\"https:\\\/\\\/kidsplay.lt\\\/produktas\\\/classic-world-medinis-kavos-aparatas-7-el\\\/\"]}]},{\"@type\":\"ImageObject\",\"inLanguage\":\"lv-LV\",\"@id\":\"https:\\\/\\\/kidsplay.lt\\\/produktas\\\/classic-world-medinis-kavos-aparatas-7-el\\\/#primaryimage\",\"url\":\"https:\\\/\\\/kidsplay.lt\\\/wp-content\\\/uploads\\\/2026\\\/02\\\/Classic-World-medinis-kavos-aparatas-7-el.jpg\",\"contentUrl\":\"https:\\\/\\\/kidsplay.lt\\\/wp-content\\\/uploads\\\/2026\\\/02\\\/Classic-World-medinis-kavos-aparatas-7-el.jpg\",\"width\":1000,\"height\":1000,\"caption\":\"Classic World medinis kavos aparatas (7 el.)\"},{\"@type\":\"BreadcrumbList\",\"@id\":\"https:\\\/\\\/kidsplay.lt\\\/produktas\\\/classic-world-medinis-kavos-aparatas-7-el\\\/#breadcrumb\",\"itemListElement\":[{\"@type\":\"ListItem\",\"position\":1,\"name\":\"Pagrindinis\",\"item\":\"https:\\\/\\\/kidsplay.lt\\\/\"},{\"@type\":\"ListItem\",\"position\":2,\"name\":\"Parduotuv\u0117\",\"item\":\"https:\\\/\\\/kidsplay.lt\\\/parduotuve\\\/\"},{\"@type\":\"ListItem\",\"position\":3,\"name\":\"Classic World medinis kavos aparatas (7 el.)\"}]},{\"@type\":\"WebSite\",\"@id\":\"https:\\\/\\\/kidsplay.lt\\\/#website\",\"url\":\"https:\\\/\\\/kidsplay.lt\\\/\",\"name\":\"Kidsplay.lt\",\"description\":\"\u012evairios prek\u0117s vaikams\",\"publisher\":{\"@id\":\"https:\\\/\\\/kidsplay.lt\\\/#organization\"},\"alternateName\":\"Kidsplay\",\"potentialAction\":[{\"@type\":\"SearchAction\",\"target\":{\"@type\":\"EntryPoint\",\"urlTemplate\":\"https:\\\/\\\/kidsplay.lt\\\/?s={search_term_string}\"},\"query-input\":{\"@type\":\"PropertyValueSpecification\",\"valueRequired\":true,\"valueName\":\"search_term_string\"}}],\"inLanguage\":\"lv-LV\"},{\"@type\":\"Organization\",\"@id\":\"https:\\\/\\\/kidsplay.lt\\\/#organization\",\"name\":\"KidsPlay\",\"url\":\"https:\\\/\\\/kidsplay.lt\\\/\",\"logo\":{\"@type\":\"ImageObject\",\"inLanguage\":\"lv-LV\",\"@id\":\"https:\\\/\\\/kidsplay.lt\\\/#\\\/schema\\\/logo\\\/image\\\/\",\"url\":\"https:\\\/\\\/kidsplay.lt\\\/wp-content\\\/uploads\\\/2023\\\/07\\\/kidsplay-logo.png\",\"contentUrl\":\"https:\\\/\\\/kidsplay.lt\\\/wp-content\\\/uploads\\\/2023\\\/07\\\/kidsplay-logo.png\",\"width\":451,\"height\":98,\"caption\":\"KidsPlay\"},\"image\":{\"@id\":\"https:\\\/\\\/kidsplay.lt\\\/#\\\/schema\\\/logo\\\/image\\\/\"},\"sameAs\":[\"https:\\\/\\\/www.facebook.com\\\/www.kidsplay.lt\"]}]}<\/script>\n<!-- \/ Yoast SEO plugin. -->","yoast_head_json":{"title":"Classic World koka kafijas autom\u0101ts (7 gab.)","description":"Classic World medinis kavos aparatas (7 el.) - KidsPlay. Did\u017eiausias vaik\u0173 \u017eaisl\u0173 pasirinkimas.","robots":{"index":"index","follow":"follow","max-snippet":"max-snippet:-1","max-image-preview":"max-image-preview:large","max-video-preview":"max-video-preview:-1"},"canonical":"https:\/\/kidsplay.lt\/lv\/products\/classic-world-medinis-kavos-aparatas-7-el\/","og_locale":"lv_LV","og_type":"article","og_title":"Classic World medinis kavos aparatas (7 el.)","og_description":"Classic World medinis kavos aparatas (7 el.) - KidsPlay. Did\u017eiausias vaik\u0173 \u017eaisl\u0173 pasirinkimas.","og_url":"https:\/\/kidsplay.lt\/lv\/products\/classic-world-medinis-kavos-aparatas-7-el\/","og_site_name":"KidsPlay","article_publisher":"https:\/\/www.facebook.com\/www.kidsplay.lt","article_modified_time":"2026-04-13T12:02:42+00:00","og_image":[{"width":1000,"height":1000,"url":"https:\/\/kidsplay.lt\/wp-content\/uploads\/2026\/02\/Classic-World-medinis-kavos-aparatas-7-el.jpg","type":"image\/jpeg"}],"twitter_card":"summary_large_image","twitter_misc":{"Est. reading time":"1 min\u016bte"},"schema":{"@context":"https:\/\/schema.org","@graph":[{"@type":"WebPage","@id":"https:\/\/kidsplay.lt\/produktas\/classic-world-medinis-kavos-aparatas-7-el\/","url":"https:\/\/kidsplay.lt\/produktas\/classic-world-medinis-kavos-aparatas-7-el\/","name":"Classic World koka kafijas autom\u0101ts (7 gab.)","isPartOf":{"@id":"https:\/\/kidsplay.lt\/#website"},"primaryImageOfPage":{"@id":"https:\/\/kidsplay.lt\/produktas\/classic-world-medinis-kavos-aparatas-7-el\/#primaryimage"},"image":{"@id":"https:\/\/kidsplay.lt\/produktas\/classic-world-medinis-kavos-aparatas-7-el\/#primaryimage"},"thumbnailUrl":"https:\/\/kidsplay.lt\/wp-content\/uploads\/2026\/02\/Classic-World-medinis-kavos-aparatas-7-el.jpg","datePublished":"2026-02-26T07:25:46+00:00","dateModified":"2026-04-13T12:02:42+00:00","description":"Classic World medinis kavos aparatas (7 el.) - KidsPlay. Did\u017eiausias vaik\u0173 \u017eaisl\u0173 pasirinkimas.","breadcrumb":{"@id":"https:\/\/kidsplay.lt\/produktas\/classic-world-medinis-kavos-aparatas-7-el\/#breadcrumb"},"inLanguage":"lv-LV","potentialAction":[{"@type":"ReadAction","target":["https:\/\/kidsplay.lt\/produktas\/classic-world-medinis-kavos-aparatas-7-el\/"]}]},{"@type":"ImageObject","inLanguage":"lv-LV","@id":"https:\/\/kidsplay.lt\/produktas\/classic-world-medinis-kavos-aparatas-7-el\/#primaryimage","url":"https:\/\/kidsplay.lt\/wp-content\/uploads\/2026\/02\/Classic-World-medinis-kavos-aparatas-7-el.jpg","contentUrl":"https:\/\/kidsplay.lt\/wp-content\/uploads\/2026\/02\/Classic-World-medinis-kavos-aparatas-7-el.jpg","width":1000,"height":1000,"caption":"Classic World medinis kavos aparatas (7 el.)"},{"@type":"BreadcrumbList","@id":"https:\/\/kidsplay.lt\/produktas\/classic-world-medinis-kavos-aparatas-7-el\/#breadcrumb","itemListElement":[{"@type":"ListItem","position":1,"name":"Pagrindinis","item":"https:\/\/kidsplay.lt\/"},{"@type":"ListItem","position":2,"name":"Parduotuv\u0117","item":"https:\/\/kidsplay.lt\/parduotuve\/"},{"@type":"ListItem","position":3,"name":"Classic World medinis kavos aparatas (7 el.)"}]},{"@type":"WebSite","@id":"https:\/\/kidsplay.lt\/#website","url":"https:\/\/kidsplay.lt\/","name":"B\u0113rnu sp\u0113les.lv","description":"\u012evairios prek\u0117s vaikams","publisher":{"@id":"https:\/\/kidsplay.lt\/#organization"},"alternateName":"Kidsplay","potentialAction":[{"@type":"SearchAction","target":{"@type":"EntryPoint","urlTemplate":"https:\/\/kidsplay.lt\/?s={search_term_string}"},"query-input":{"@type":"PropertyValueSpecification","valueRequired":true,"valueName":"search_term_string"}}],"inLanguage":"lv-LV"},{"@type":"Organization","@id":"https:\/\/kidsplay.lt\/#organization","name":"B\u0113rnu sp\u0113le","url":"https:\/\/kidsplay.lt\/","logo":{"@type":"ImageObject","inLanguage":"lv-LV","@id":"https:\/\/kidsplay.lt\/#\/schema\/logo\/image\/","url":"https:\/\/kidsplay.lt\/wp-content\/uploads\/2023\/07\/kidsplay-logo.png","contentUrl":"https:\/\/kidsplay.lt\/wp-content\/uploads\/2023\/07\/kidsplay-logo.png","width":451,"height":98,"caption":"KidsPlay"},"image":{"@id":"https:\/\/kidsplay.lt\/#\/schema\/logo\/image\/"},"sameAs":["https:\/\/www.facebook.com\/www.kidsplay.lt"]}]}},"_links":{"self":[{"href":"https:\/\/kidsplay.lt\/lv\/wp-json\/wp\/v2\/product\/89626","targetHints":{"allow":["GET"]}}],"collection":[{"href":"https:\/\/kidsplay.lt\/lv\/wp-json\/wp\/v2\/product"}],"about":[{"href":"https:\/\/kidsplay.lt\/lv\/wp-json\/wp\/v2\/types\/product"}],"version-history":[{"count":1,"href":"https:\/\/kidsplay.lt\/lv\/wp-json\/wp\/v2\/product\/89626\/revisions"}],"predecessor-version":[{"id":89627,"href":"https:\/\/kidsplay.lt\/lv\/wp-json\/wp\/v2\/product\/89626\/revisions\/89627"}],"wp:featuredmedia":[{"embeddable":true,"href":"https:\/\/kidsplay.lt\/lv\/wp-json\/wp\/v2\/media\/89628"}],"wp:attachment":[{"href":"https:\/\/kidsplay.lt\/lv\/wp-json\/wp\/v2\/media?parent=89626"}],"wp:term":[{"taxonomy":"product_brand","embeddable":true,"href":"https:\/\/kidsplay.lt\/lv\/wp-json\/wp\/v2\/product_brand?post=89626"},{"taxonomy":"product_cat","embeddable":true,"href":"https:\/\/kidsplay.lt\/lv\/wp-json\/wp\/v2\/product_cat?post=89626"},{"taxonomy":"product_tag","embeddable":true,"href":"https:\/\/kidsplay.lt\/lv\/wp-json\/wp\/v2\/product_tag?post=89626"}],"curies":[{"name":"wp","href":"https:\/\/api.w.org\/{rel}","templated":true}]}}