{"id":89633,"date":"2026-02-26T09:25:52","date_gmt":"2026-02-26T07:25:52","guid":{"rendered":"https:\/\/kidsplay.lt\/produktas\/classic-world-medinis-stacionarus-telefonas-vintage\/"},"modified":"2026-04-07T10:41:16","modified_gmt":"2026-04-07T07:41:16","slug":"classic-world-medinis-stacionarus-telefonas-vintage","status":"publish","type":"product","link":"https:\/\/kidsplay.lt\/lv\/products\/classic-world-medinis-stacionarus-telefonas-vintage\/","title":{"rendered":"Classic World medinis stacionarus telefonas \u201eVintage\u201c"},"content":{"rendered":"<p>Classic World medinis stacionarus telefonas \u2013 tai \u017eavingas, \u201eVintage\u201c stiliaus \u017eaislas, kuris kvie\u010dia vaikus \u012fsitraukti \u012f vaidmen\u0173 \u017eaidimus, kurti dialogus ir tyrin\u0117ti bendravimo pasaul\u012f. \u012emesk monet\u0105, pakelk s\u0142uchawk\u0119 ir paskambink artimiesiems, me\u0161kiukui ar l\u0117lei \u2013 fantazija \u010dia neturi rib\u0173.<\/p>\n<p>Nat\u016bralaus med\u017eio konstrukcija, mechaninis skambu\u010dio garsas ir retro dizainas suteikia \u017eaislui ypatingo \u017eavesio. Tai puikus pasirinkimas dovanai, kuris d\u017eiugins ilgai ir skatins vaik\u0105 kurti savo istorijas.<\/p>\n<p>Raksturojums<\/p>\n<p> \tB\u0113rniem no 3 gadu vecuma<br \/>\n \tPagaminta i\u0161 nat\u016bralaus med\u017eio<br \/>\n \t\u201eVintage\u201c stiliaus dizainas<br \/>\n \tMechaninis skambu\u010dio garsas (be baterij\u0173)<br \/>\n \tSkatina dialog\u0173 k\u016brim\u0105 ir vaidmen\u0173 \u017eaidimus<br \/>\n \tSaug\u016bs, u\u017eapvalinti kra\u0161tai<br \/>\n \tAuk\u0161tos kokyb\u0117s, tvar\u016bs ir hipoalerginiai med\u017eiag\u0173 sprendimai<br \/>\n \tPuiki dovanos id\u0117ja<\/p>\n<p>Rota\u013clietu lav\u012bna<\/p>\n<p> \tVaizduot\u0119 ir k\u016brybi\u0161kum\u0105<br \/>\n \tKomunikacijos \u012fg\u016bd\u017eius<br \/>\n \tSmalk\u0101s motorikas prasmes<br \/>\n \tSocialinius geb\u0117jimus<br \/>\n \tSmalsum\u0105 ir tyrin\u0117jim\u0105<\/p>","protected":false},"excerpt":{"rendered":"<p>Classic World medinis stacionarus telefonas \u2013 tai \u017eavingas, \u201eVintage\u201c stiliaus \u017eaislas, kuris kvie\u010dia vaikus \u012fsitraukti \u012f vaidmen\u0173 \u017eaidimus, kurti dialogus<\/p>","protected":false},"featured_media":89635,"template":"","meta":{"_acf_changed":false,"_glsr_average":0,"_glsr_ranking":0,"_glsr_reviews":0},"product_brand":[],"product_cat":[896,399],"product_tag":[],"class_list":{"0":"post-89633","1":"product","2":"type-product","3":"status-publish","4":"has-post-thumbnail","6":"product_cat-namu-ukis-vaidmenu-zaidimai","7":"product_cat-vaidmenu-zaidimai-2","8":"\"style=\"background-color: #2ecc711c;\"","10":"first","11":"instock","12":"purchasable","13":"product-type-simple"},"acf":[],"yoast_head":"<!-- This site is optimized with the Yoast SEO plugin v27.3 - https:\/\/yoast.com\/product\/yoast-seo-wordpress\/ -->\n<title>Classic World medinis stacionarus telefonas \u201eVintage\u201c<\/title>\n<meta name=\"description\" content=\"Classic World medinis stacionarus telefonas \u201eVintage\u201c - KidsPlay. Did\u017eiausias vaik\u0173 \u017eaisl\u0173 pasirinkimas.\" \/>\n<meta name=\"robots\" content=\"index, follow, max-snippet:-1, max-image-preview:large, max-video-preview:-1\" \/>\n<link rel=\"canonical\" href=\"https:\/\/kidsplay.lt\/lv\/products\/classic-world-medinis-stacionarus-telefonas-vintage\/\" \/>\n<meta property=\"og:locale\" content=\"lv_LV\" \/>\n<meta property=\"og:type\" content=\"article\" \/>\n<meta property=\"og:title\" content=\"Classic World medinis stacionarus telefonas \u201eVintage\u201c\" \/>\n<meta property=\"og:description\" content=\"Classic World medinis stacionarus telefonas \u201eVintage\u201c - KidsPlay. Did\u017eiausias vaik\u0173 \u017eaisl\u0173 pasirinkimas.\" \/>\n<meta property=\"og:url\" content=\"https:\/\/kidsplay.lt\/lv\/products\/classic-world-medinis-stacionarus-telefonas-vintage\/\" \/>\n<meta property=\"og:site_name\" content=\"KidsPlay\" \/>\n<meta property=\"article:publisher\" content=\"https:\/\/www.facebook.com\/www.kidsplay.lt\" \/>\n<meta property=\"article:modified_time\" content=\"2026-04-07T07:41:16+00:00\" \/>\n<meta property=\"og:image\" content=\"https:\/\/kidsplay.lt\/wp-content\/uploads\/2026\/02\/Classic-World-medinis-stacionarus-telefonas-\u201eVintage.jpg\" \/>\n\t<meta property=\"og:image:width\" content=\"2560\" \/>\n\t<meta property=\"og:image:height\" content=\"2495\" \/>\n\t<meta property=\"og:image:type\" content=\"image\/jpeg\" \/>\n<meta name=\"twitter:card\" content=\"summary_large_image\" \/>\n<meta name=\"twitter:label1\" content=\"Est. reading time\" \/>\n\t<meta name=\"twitter:data1\" content=\"1 min\u016bte\" \/>\n<script type=\"application\/ld+json\" class=\"yoast-schema-graph\">{\"@context\":\"https:\\\/\\\/schema.org\",\"@graph\":[{\"@type\":\"WebPage\",\"@id\":\"https:\\\/\\\/kidsplay.lt\\\/produktas\\\/classic-world-medinis-stacionarus-telefonas-vintage\\\/\",\"url\":\"https:\\\/\\\/kidsplay.lt\\\/produktas\\\/classic-world-medinis-stacionarus-telefonas-vintage\\\/\",\"name\":\"Classic World medinis stacionarus telefonas \u201eVintage\u201c\",\"isPartOf\":{\"@id\":\"https:\\\/\\\/kidsplay.lt\\\/#website\"},\"primaryImageOfPage\":{\"@id\":\"https:\\\/\\\/kidsplay.lt\\\/produktas\\\/classic-world-medinis-stacionarus-telefonas-vintage\\\/#primaryimage\"},\"image\":{\"@id\":\"https:\\\/\\\/kidsplay.lt\\\/produktas\\\/classic-world-medinis-stacionarus-telefonas-vintage\\\/#primaryimage\"},\"thumbnailUrl\":\"https:\\\/\\\/kidsplay.lt\\\/wp-content\\\/uploads\\\/2026\\\/02\\\/Classic-World-medinis-stacionarus-telefonas-\u201eVintage.jpg\",\"datePublished\":\"2026-02-26T07:25:52+00:00\",\"dateModified\":\"2026-04-07T07:41:16+00:00\",\"description\":\"Classic World medinis stacionarus telefonas \u201eVintage\u201c - KidsPlay. Did\u017eiausias vaik\u0173 \u017eaisl\u0173 pasirinkimas.\",\"breadcrumb\":{\"@id\":\"https:\\\/\\\/kidsplay.lt\\\/produktas\\\/classic-world-medinis-stacionarus-telefonas-vintage\\\/#breadcrumb\"},\"inLanguage\":\"lv-LV\",\"potentialAction\":[{\"@type\":\"ReadAction\",\"target\":[\"https:\\\/\\\/kidsplay.lt\\\/produktas\\\/classic-world-medinis-stacionarus-telefonas-vintage\\\/\"]}]},{\"@type\":\"ImageObject\",\"inLanguage\":\"lv-LV\",\"@id\":\"https:\\\/\\\/kidsplay.lt\\\/produktas\\\/classic-world-medinis-stacionarus-telefonas-vintage\\\/#primaryimage\",\"url\":\"https:\\\/\\\/kidsplay.lt\\\/wp-content\\\/uploads\\\/2026\\\/02\\\/Classic-World-medinis-stacionarus-telefonas-\u201eVintage.jpg\",\"contentUrl\":\"https:\\\/\\\/kidsplay.lt\\\/wp-content\\\/uploads\\\/2026\\\/02\\\/Classic-World-medinis-stacionarus-telefonas-\u201eVintage.jpg\",\"width\":2560,\"height\":2495,\"caption\":\"Classic World medinis stacionarus telefonas \u201eVintage\u201c\"},{\"@type\":\"BreadcrumbList\",\"@id\":\"https:\\\/\\\/kidsplay.lt\\\/produktas\\\/classic-world-medinis-stacionarus-telefonas-vintage\\\/#breadcrumb\",\"itemListElement\":[{\"@type\":\"ListItem\",\"position\":1,\"name\":\"Pagrindinis\",\"item\":\"https:\\\/\\\/kidsplay.lt\\\/\"},{\"@type\":\"ListItem\",\"position\":2,\"name\":\"Parduotuv\u0117\",\"item\":\"https:\\\/\\\/kidsplay.lt\\\/parduotuve\\\/\"},{\"@type\":\"ListItem\",\"position\":3,\"name\":\"Classic World medinis stacionarus telefonas \u201eVintage\u201c\"}]},{\"@type\":\"WebSite\",\"@id\":\"https:\\\/\\\/kidsplay.lt\\\/#website\",\"url\":\"https:\\\/\\\/kidsplay.lt\\\/\",\"name\":\"Kidsplay.lt\",\"description\":\"\u012evairios prek\u0117s vaikams\",\"publisher\":{\"@id\":\"https:\\\/\\\/kidsplay.lt\\\/#organization\"},\"alternateName\":\"Kidsplay\",\"potentialAction\":[{\"@type\":\"SearchAction\",\"target\":{\"@type\":\"EntryPoint\",\"urlTemplate\":\"https:\\\/\\\/kidsplay.lt\\\/?s={search_term_string}\"},\"query-input\":{\"@type\":\"PropertyValueSpecification\",\"valueRequired\":true,\"valueName\":\"search_term_string\"}}],\"inLanguage\":\"lv-LV\"},{\"@type\":\"Organization\",\"@id\":\"https:\\\/\\\/kidsplay.lt\\\/#organization\",\"name\":\"KidsPlay\",\"url\":\"https:\\\/\\\/kidsplay.lt\\\/\",\"logo\":{\"@type\":\"ImageObject\",\"inLanguage\":\"lv-LV\",\"@id\":\"https:\\\/\\\/kidsplay.lt\\\/#\\\/schema\\\/logo\\\/image\\\/\",\"url\":\"https:\\\/\\\/kidsplay.lt\\\/wp-content\\\/uploads\\\/2023\\\/07\\\/kidsplay-logo.png\",\"contentUrl\":\"https:\\\/\\\/kidsplay.lt\\\/wp-content\\\/uploads\\\/2023\\\/07\\\/kidsplay-logo.png\",\"width\":451,\"height\":98,\"caption\":\"KidsPlay\"},\"image\":{\"@id\":\"https:\\\/\\\/kidsplay.lt\\\/#\\\/schema\\\/logo\\\/image\\\/\"},\"sameAs\":[\"https:\\\/\\\/www.facebook.com\\\/www.kidsplay.lt\"]}]}<\/script>\n<!-- \/ Yoast SEO plugin. -->","yoast_head_json":{"title":"Classic World medinis stacionarus telefonas \u201eVintage\u201c","description":"Classic World medinis stacionarus telefonas \u201eVintage\u201c - KidsPlay. Did\u017eiausias vaik\u0173 \u017eaisl\u0173 pasirinkimas.","robots":{"index":"index","follow":"follow","max-snippet":"max-snippet:-1","max-image-preview":"max-image-preview:large","max-video-preview":"max-video-preview:-1"},"canonical":"https:\/\/kidsplay.lt\/lv\/products\/classic-world-medinis-stacionarus-telefonas-vintage\/","og_locale":"lv_LV","og_type":"article","og_title":"Classic World medinis stacionarus telefonas \u201eVintage\u201c","og_description":"Classic World medinis stacionarus telefonas \u201eVintage\u201c - KidsPlay. Did\u017eiausias vaik\u0173 \u017eaisl\u0173 pasirinkimas.","og_url":"https:\/\/kidsplay.lt\/lv\/products\/classic-world-medinis-stacionarus-telefonas-vintage\/","og_site_name":"KidsPlay","article_publisher":"https:\/\/www.facebook.com\/www.kidsplay.lt","article_modified_time":"2026-04-07T07:41:16+00:00","og_image":[{"width":2560,"height":2495,"url":"https:\/\/kidsplay.lt\/wp-content\/uploads\/2026\/02\/Classic-World-medinis-stacionarus-telefonas-\u201eVintage.jpg","type":"image\/jpeg"}],"twitter_card":"summary_large_image","twitter_misc":{"Est. reading time":"1 min\u016bte"},"schema":{"@context":"https:\/\/schema.org","@graph":[{"@type":"WebPage","@id":"https:\/\/kidsplay.lt\/produktas\/classic-world-medinis-stacionarus-telefonas-vintage\/","url":"https:\/\/kidsplay.lt\/produktas\/classic-world-medinis-stacionarus-telefonas-vintage\/","name":"Classic World medinis stacionarus telefonas \u201eVintage\u201c","isPartOf":{"@id":"https:\/\/kidsplay.lt\/#website"},"primaryImageOfPage":{"@id":"https:\/\/kidsplay.lt\/produktas\/classic-world-medinis-stacionarus-telefonas-vintage\/#primaryimage"},"image":{"@id":"https:\/\/kidsplay.lt\/produktas\/classic-world-medinis-stacionarus-telefonas-vintage\/#primaryimage"},"thumbnailUrl":"https:\/\/kidsplay.lt\/wp-content\/uploads\/2026\/02\/Classic-World-medinis-stacionarus-telefonas-\u201eVintage.jpg","datePublished":"2026-02-26T07:25:52+00:00","dateModified":"2026-04-07T07:41:16+00:00","description":"Classic World medinis stacionarus telefonas \u201eVintage\u201c - KidsPlay. Did\u017eiausias vaik\u0173 \u017eaisl\u0173 pasirinkimas.","breadcrumb":{"@id":"https:\/\/kidsplay.lt\/produktas\/classic-world-medinis-stacionarus-telefonas-vintage\/#breadcrumb"},"inLanguage":"lv-LV","potentialAction":[{"@type":"ReadAction","target":["https:\/\/kidsplay.lt\/produktas\/classic-world-medinis-stacionarus-telefonas-vintage\/"]}]},{"@type":"ImageObject","inLanguage":"lv-LV","@id":"https:\/\/kidsplay.lt\/produktas\/classic-world-medinis-stacionarus-telefonas-vintage\/#primaryimage","url":"https:\/\/kidsplay.lt\/wp-content\/uploads\/2026\/02\/Classic-World-medinis-stacionarus-telefonas-\u201eVintage.jpg","contentUrl":"https:\/\/kidsplay.lt\/wp-content\/uploads\/2026\/02\/Classic-World-medinis-stacionarus-telefonas-\u201eVintage.jpg","width":2560,"height":2495,"caption":"Classic World medinis stacionarus telefonas \u201eVintage\u201c"},{"@type":"BreadcrumbList","@id":"https:\/\/kidsplay.lt\/produktas\/classic-world-medinis-stacionarus-telefonas-vintage\/#breadcrumb","itemListElement":[{"@type":"ListItem","position":1,"name":"Pagrindinis","item":"https:\/\/kidsplay.lt\/"},{"@type":"ListItem","position":2,"name":"Parduotuv\u0117","item":"https:\/\/kidsplay.lt\/parduotuve\/"},{"@type":"ListItem","position":3,"name":"Classic World medinis stacionarus telefonas \u201eVintage\u201c"}]},{"@type":"WebSite","@id":"https:\/\/kidsplay.lt\/#website","url":"https:\/\/kidsplay.lt\/","name":"B\u0113rnu sp\u0113les.lv","description":"\u012evairios prek\u0117s vaikams","publisher":{"@id":"https:\/\/kidsplay.lt\/#organization"},"alternateName":"Kidsplay","potentialAction":[{"@type":"SearchAction","target":{"@type":"EntryPoint","urlTemplate":"https:\/\/kidsplay.lt\/?s={search_term_string}"},"query-input":{"@type":"PropertyValueSpecification","valueRequired":true,"valueName":"search_term_string"}}],"inLanguage":"lv-LV"},{"@type":"Organization","@id":"https:\/\/kidsplay.lt\/#organization","name":"B\u0113rnu sp\u0113le","url":"https:\/\/kidsplay.lt\/","logo":{"@type":"ImageObject","inLanguage":"lv-LV","@id":"https:\/\/kidsplay.lt\/#\/schema\/logo\/image\/","url":"https:\/\/kidsplay.lt\/wp-content\/uploads\/2023\/07\/kidsplay-logo.png","contentUrl":"https:\/\/kidsplay.lt\/wp-content\/uploads\/2023\/07\/kidsplay-logo.png","width":451,"height":98,"caption":"KidsPlay"},"image":{"@id":"https:\/\/kidsplay.lt\/#\/schema\/logo\/image\/"},"sameAs":["https:\/\/www.facebook.com\/www.kidsplay.lt"]}]}},"_links":{"self":[{"href":"https:\/\/kidsplay.lt\/lv\/wp-json\/wp\/v2\/product\/89633","targetHints":{"allow":["GET"]}}],"collection":[{"href":"https:\/\/kidsplay.lt\/lv\/wp-json\/wp\/v2\/product"}],"about":[{"href":"https:\/\/kidsplay.lt\/lv\/wp-json\/wp\/v2\/types\/product"}],"version-history":[{"count":1,"href":"https:\/\/kidsplay.lt\/lv\/wp-json\/wp\/v2\/product\/89633\/revisions"}],"predecessor-version":[{"id":89634,"href":"https:\/\/kidsplay.lt\/lv\/wp-json\/wp\/v2\/product\/89633\/revisions\/89634"}],"wp:featuredmedia":[{"embeddable":true,"href":"https:\/\/kidsplay.lt\/lv\/wp-json\/wp\/v2\/media\/89635"}],"wp:attachment":[{"href":"https:\/\/kidsplay.lt\/lv\/wp-json\/wp\/v2\/media?parent=89633"}],"wp:term":[{"taxonomy":"product_brand","embeddable":true,"href":"https:\/\/kidsplay.lt\/lv\/wp-json\/wp\/v2\/product_brand?post=89633"},{"taxonomy":"product_cat","embeddable":true,"href":"https:\/\/kidsplay.lt\/lv\/wp-json\/wp\/v2\/product_cat?post=89633"},{"taxonomy":"product_tag","embeddable":true,"href":"https:\/\/kidsplay.lt\/lv\/wp-json\/wp\/v2\/product_tag?post=89633"}],"curies":[{"name":"wp","href":"https:\/\/api.w.org\/{rel}","templated":true}]}}