{"id":89640,"date":"2026-02-26T09:26:02","date_gmt":"2026-02-26T07:26:02","guid":{"rendered":"https:\/\/kidsplay.lt\/produktas\/pilka-medine-virtuve-su-priedais\/"},"modified":"2026-04-07T10:41:26","modified_gmt":"2026-04-07T07:41:26","slug":"pilka-medine-virtuve-su-priedais","status":"publish","type":"product","link":"https:\/\/kidsplay.lt\/lv\/products\/pilka-medine-virtuve-su-priedais\/","title":{"rendered":"Pel\u0113ka koka virtuve ar aksesu\u0101riem"},"content":{"rendered":"<p>Maisto ruo\u0161imas kartu yra puikus b\u016bdas mokytis \u017eaid\u017eiant. Kiekvienoje virtuv\u0117je yra kriaukl\u0117, orkait\u0117 ir virykl\u0117, kurioje gal\u0117site susikurti m\u0117gstamus patiekalus visai \u0161eimai.Puikus vaiki\u0161kas virtuv\u0117s \u017eaidim\u0173 rinkinys, kurio d\u0117ka vaikai gali gaminti ir paruo\u0161ti skanius patiekalus \u0161eimai ar draugams. Mokantis naudotis virtuv\u0117s \u012frankiais smagiai, galima puikiai su\u017eadinti vaik\u0173 k\u016brybin\u012f m\u0105stym\u0105 ir vaizduot\u0119.<\/p>\n<p>Charakteristika:<\/p>\n<p> \t&#8211; virtuv\u0117je yra\u00a0\u00a0kriaukl\u0117, orkait\u0117 ir virykl\u0117;<br \/>\n \t&#8211;\u00a0\u00a0rasite virtuv\u0117je reikalingus priedus\u00a0\u00a0&#8211; puod\u0105 su dang\u010diu, keptuv\u0119 su keptu kiau\u0161iniu, \u0161auk\u0161t\u0105, a\u017e\u016brin\u0119 mentel\u0119, mentel\u0119, indus su druska ir pipirais,<br \/>\n \t&#8211; ant virtuv\u0117s pad\u0117tas laikrodis leis vaikui kontroliuoti laik\u0105 gaminant ar kepant,<br \/>\n \t&#8211; 4 judan\u010dios ranken\u0117l\u0117s,<br \/>\n \t&#8211; pasukus indelio prieskoni\u0173 ranken\u0117l\u0119 &#8211; vaikas i\u0161girs b\u016bding\u0105 &#8222;spragtel\u0117jim\u0105&#8221;,<br \/>\n \t&#8211; po gaminimo vaikas gali plauti indus kriaukl\u0117je ir v\u0117l gaminti,<br \/>\n \t&#8211; po kriaukle yra spintel\u0117, kurioje galite susid\u0117ti savo maist\u0105,<br \/>\n \t&#8211; \u017eaisdamas vaikas mokosi atsakomyb\u0117s u\u017e savo netvark\u0105 ir tvarkym\u0105si,<br \/>\n \t&#8211; visas daiktas pagamintas i\u0161 lakuoto med\u017eio ir nuda\u017eytas netoksi\u0161kais da\u017eais \u201epoliarin\u0117mis\u201c spalvomis, kurios patenkins kiekvien\u0105 vartotoj\u0105 ir suteiks daug malonumo.<\/p>\n<p>\u017daislas vysto:<\/p>\n<p> \t&#8211; k\u016brybi\u0161kumas,<br \/>\n \t&#8211; vaizduot\u0117,<br \/>\n \t&#8211; socialiniai \u012fg\u016bd\u017eiai.<\/p>","protected":false},"excerpt":{"rendered":"<p>Maisto ruo\u0161imas kartu yra puikus b\u016bdas mokytis \u017eaid\u017eiant. Kiekvienoje virtuv\u0117je yra kriaukl\u0117, orkait\u0117 ir virykl\u0117, kurioje gal\u0117site susikurti m\u0117gstamus patiekalus<\/p>","protected":false},"featured_media":55453,"template":"","meta":{"_acf_changed":false,"_glsr_average":0,"_glsr_ranking":0,"_glsr_reviews":0},"product_brand":[],"product_cat":[399,282],"product_tag":[],"class_list":{"0":"post-89640","1":"product","2":"type-product","3":"status-publish","4":"has-post-thumbnail","6":"product_cat-vaidmenu-zaidimai-2","7":"product_cat-virtuves-reikmenys-vaidmenu-zaidimai","8":"\"style=\"background-color: #2ecc711c;\"","10":"first","11":"instock","12":"purchasable","13":"product-type-simple"},"acf":[],"yoast_head":"<!-- This site is optimized with the Yoast SEO plugin v27.3 - https:\/\/yoast.com\/product\/yoast-seo-wordpress\/ -->\n<title>Pilka medin\u0117 virtuv\u0117 su priedais<\/title>\n<meta name=\"description\" content=\"Pilka medin\u0117 virtuv\u0117 su priedais - KidsPlay. Did\u017eiausias vaik\u0173 \u017eaisl\u0173 pasirinkimas.\" \/>\n<meta name=\"robots\" content=\"index, follow, max-snippet:-1, max-image-preview:large, max-video-preview:-1\" \/>\n<link rel=\"canonical\" href=\"https:\/\/kidsplay.lt\/lv\/products\/pilka-medine-virtuve-su-priedais\/\" \/>\n<meta property=\"og:locale\" content=\"lv_LV\" \/>\n<meta property=\"og:type\" content=\"article\" \/>\n<meta property=\"og:title\" content=\"Pilka medin\u0117 virtuv\u0117 su priedais\" \/>\n<meta property=\"og:description\" content=\"Pilka medin\u0117 virtuv\u0117 su priedais - KidsPlay. Did\u017eiausias vaik\u0173 \u017eaisl\u0173 pasirinkimas.\" \/>\n<meta property=\"og:url\" content=\"https:\/\/kidsplay.lt\/lv\/products\/pilka-medine-virtuve-su-priedais\/\" \/>\n<meta property=\"og:site_name\" content=\"KidsPlay\" \/>\n<meta property=\"article:publisher\" content=\"https:\/\/www.facebook.com\/www.kidsplay.lt\" \/>\n<meta property=\"article:modified_time\" content=\"2026-04-07T07:41:26+00:00\" \/>\n<meta property=\"og:image\" content=\"https:\/\/kidsplay.lt\/wp-content\/uploads\/2024\/09\/Pilka-medine-virtuve-su-priedais.jpg\" \/>\n\t<meta property=\"og:image:width\" content=\"1080\" \/>\n\t<meta property=\"og:image:height\" content=\"1080\" \/>\n\t<meta property=\"og:image:type\" content=\"image\/png\" \/>\n<meta name=\"twitter:card\" content=\"summary_large_image\" \/>\n<meta name=\"twitter:label1\" content=\"Est. reading time\" \/>\n\t<meta name=\"twitter:data1\" content=\"1 min\u016bte\" \/>\n<script type=\"application\/ld+json\" class=\"yoast-schema-graph\">{\"@context\":\"https:\\\/\\\/schema.org\",\"@graph\":[{\"@type\":\"WebPage\",\"@id\":\"https:\\\/\\\/kidsplay.lt\\\/produktas\\\/pilka-medine-virtuve-su-priedais\\\/\",\"url\":\"https:\\\/\\\/kidsplay.lt\\\/produktas\\\/pilka-medine-virtuve-su-priedais\\\/\",\"name\":\"Pilka medin\u0117 virtuv\u0117 su priedais\",\"isPartOf\":{\"@id\":\"https:\\\/\\\/kidsplay.lt\\\/#website\"},\"primaryImageOfPage\":{\"@id\":\"https:\\\/\\\/kidsplay.lt\\\/produktas\\\/pilka-medine-virtuve-su-priedais\\\/#primaryimage\"},\"image\":{\"@id\":\"https:\\\/\\\/kidsplay.lt\\\/produktas\\\/pilka-medine-virtuve-su-priedais\\\/#primaryimage\"},\"thumbnailUrl\":\"https:\\\/\\\/kidsplay.lt\\\/wp-content\\\/uploads\\\/2024\\\/09\\\/Pilka-medine-virtuve-su-priedais.jpg\",\"datePublished\":\"2026-02-26T07:26:02+00:00\",\"dateModified\":\"2026-04-07T07:41:26+00:00\",\"description\":\"Pilka medin\u0117 virtuv\u0117 su priedais - KidsPlay. Did\u017eiausias vaik\u0173 \u017eaisl\u0173 pasirinkimas.\",\"breadcrumb\":{\"@id\":\"https:\\\/\\\/kidsplay.lt\\\/produktas\\\/pilka-medine-virtuve-su-priedais\\\/#breadcrumb\"},\"inLanguage\":\"lv-LV\",\"potentialAction\":[{\"@type\":\"ReadAction\",\"target\":[\"https:\\\/\\\/kidsplay.lt\\\/produktas\\\/pilka-medine-virtuve-su-priedais\\\/\"]}]},{\"@type\":\"ImageObject\",\"inLanguage\":\"lv-LV\",\"@id\":\"https:\\\/\\\/kidsplay.lt\\\/produktas\\\/pilka-medine-virtuve-su-priedais\\\/#primaryimage\",\"url\":\"https:\\\/\\\/kidsplay.lt\\\/wp-content\\\/uploads\\\/2024\\\/09\\\/Pilka-medine-virtuve-su-priedais.jpg\",\"contentUrl\":\"https:\\\/\\\/kidsplay.lt\\\/wp-content\\\/uploads\\\/2024\\\/09\\\/Pilka-medine-virtuve-su-priedais.jpg\",\"width\":1080,\"height\":1080,\"caption\":\"Pilka medin\u0117 virtuv\u0117 su priedais\"},{\"@type\":\"BreadcrumbList\",\"@id\":\"https:\\\/\\\/kidsplay.lt\\\/produktas\\\/pilka-medine-virtuve-su-priedais\\\/#breadcrumb\",\"itemListElement\":[{\"@type\":\"ListItem\",\"position\":1,\"name\":\"Pagrindinis\",\"item\":\"https:\\\/\\\/kidsplay.lt\\\/\"},{\"@type\":\"ListItem\",\"position\":2,\"name\":\"Parduotuv\u0117\",\"item\":\"https:\\\/\\\/kidsplay.lt\\\/parduotuve\\\/\"},{\"@type\":\"ListItem\",\"position\":3,\"name\":\"Pilka medin\u0117 virtuv\u0117 su priedais\"}]},{\"@type\":\"WebSite\",\"@id\":\"https:\\\/\\\/kidsplay.lt\\\/#website\",\"url\":\"https:\\\/\\\/kidsplay.lt\\\/\",\"name\":\"Kidsplay.lt\",\"description\":\"\u012evairios prek\u0117s vaikams\",\"publisher\":{\"@id\":\"https:\\\/\\\/kidsplay.lt\\\/#organization\"},\"alternateName\":\"Kidsplay\",\"potentialAction\":[{\"@type\":\"SearchAction\",\"target\":{\"@type\":\"EntryPoint\",\"urlTemplate\":\"https:\\\/\\\/kidsplay.lt\\\/?s={search_term_string}\"},\"query-input\":{\"@type\":\"PropertyValueSpecification\",\"valueRequired\":true,\"valueName\":\"search_term_string\"}}],\"inLanguage\":\"lv-LV\"},{\"@type\":\"Organization\",\"@id\":\"https:\\\/\\\/kidsplay.lt\\\/#organization\",\"name\":\"KidsPlay\",\"url\":\"https:\\\/\\\/kidsplay.lt\\\/\",\"logo\":{\"@type\":\"ImageObject\",\"inLanguage\":\"lv-LV\",\"@id\":\"https:\\\/\\\/kidsplay.lt\\\/#\\\/schema\\\/logo\\\/image\\\/\",\"url\":\"https:\\\/\\\/kidsplay.lt\\\/wp-content\\\/uploads\\\/2023\\\/07\\\/kidsplay-logo.png\",\"contentUrl\":\"https:\\\/\\\/kidsplay.lt\\\/wp-content\\\/uploads\\\/2023\\\/07\\\/kidsplay-logo.png\",\"width\":451,\"height\":98,\"caption\":\"KidsPlay\"},\"image\":{\"@id\":\"https:\\\/\\\/kidsplay.lt\\\/#\\\/schema\\\/logo\\\/image\\\/\"},\"sameAs\":[\"https:\\\/\\\/www.facebook.com\\\/www.kidsplay.lt\"]}]}<\/script>\n<!-- \/ Yoast SEO plugin. -->","yoast_head_json":{"title":"Pel\u0113ka koka virtuve ar aksesu\u0101riem","description":"Pilka medin\u0117 virtuv\u0117 su priedais - KidsPlay. Did\u017eiausias vaik\u0173 \u017eaisl\u0173 pasirinkimas.","robots":{"index":"index","follow":"follow","max-snippet":"max-snippet:-1","max-image-preview":"max-image-preview:large","max-video-preview":"max-video-preview:-1"},"canonical":"https:\/\/kidsplay.lt\/lv\/products\/pilka-medine-virtuve-su-priedais\/","og_locale":"lv_LV","og_type":"article","og_title":"Pilka medin\u0117 virtuv\u0117 su priedais","og_description":"Pilka medin\u0117 virtuv\u0117 su priedais - KidsPlay. Did\u017eiausias vaik\u0173 \u017eaisl\u0173 pasirinkimas.","og_url":"https:\/\/kidsplay.lt\/lv\/products\/pilka-medine-virtuve-su-priedais\/","og_site_name":"KidsPlay","article_publisher":"https:\/\/www.facebook.com\/www.kidsplay.lt","article_modified_time":"2026-04-07T07:41:26+00:00","og_image":[{"width":1080,"height":1080,"url":"https:\/\/kidsplay.lt\/wp-content\/uploads\/2024\/09\/Pilka-medine-virtuve-su-priedais.jpg","type":"image\/png"}],"twitter_card":"summary_large_image","twitter_misc":{"Est. reading time":"1 min\u016bte"},"schema":{"@context":"https:\/\/schema.org","@graph":[{"@type":"WebPage","@id":"https:\/\/kidsplay.lt\/produktas\/pilka-medine-virtuve-su-priedais\/","url":"https:\/\/kidsplay.lt\/produktas\/pilka-medine-virtuve-su-priedais\/","name":"Pel\u0113ka koka virtuve ar aksesu\u0101riem","isPartOf":{"@id":"https:\/\/kidsplay.lt\/#website"},"primaryImageOfPage":{"@id":"https:\/\/kidsplay.lt\/produktas\/pilka-medine-virtuve-su-priedais\/#primaryimage"},"image":{"@id":"https:\/\/kidsplay.lt\/produktas\/pilka-medine-virtuve-su-priedais\/#primaryimage"},"thumbnailUrl":"https:\/\/kidsplay.lt\/wp-content\/uploads\/2024\/09\/Pilka-medine-virtuve-su-priedais.jpg","datePublished":"2026-02-26T07:26:02+00:00","dateModified":"2026-04-07T07:41:26+00:00","description":"Pilka medin\u0117 virtuv\u0117 su priedais - KidsPlay. Did\u017eiausias vaik\u0173 \u017eaisl\u0173 pasirinkimas.","breadcrumb":{"@id":"https:\/\/kidsplay.lt\/produktas\/pilka-medine-virtuve-su-priedais\/#breadcrumb"},"inLanguage":"lv-LV","potentialAction":[{"@type":"ReadAction","target":["https:\/\/kidsplay.lt\/produktas\/pilka-medine-virtuve-su-priedais\/"]}]},{"@type":"ImageObject","inLanguage":"lv-LV","@id":"https:\/\/kidsplay.lt\/produktas\/pilka-medine-virtuve-su-priedais\/#primaryimage","url":"https:\/\/kidsplay.lt\/wp-content\/uploads\/2024\/09\/Pilka-medine-virtuve-su-priedais.jpg","contentUrl":"https:\/\/kidsplay.lt\/wp-content\/uploads\/2024\/09\/Pilka-medine-virtuve-su-priedais.jpg","width":1080,"height":1080,"caption":"Pilka medin\u0117 virtuv\u0117 su priedais"},{"@type":"BreadcrumbList","@id":"https:\/\/kidsplay.lt\/produktas\/pilka-medine-virtuve-su-priedais\/#breadcrumb","itemListElement":[{"@type":"ListItem","position":1,"name":"Pagrindinis","item":"https:\/\/kidsplay.lt\/"},{"@type":"ListItem","position":2,"name":"Parduotuv\u0117","item":"https:\/\/kidsplay.lt\/parduotuve\/"},{"@type":"ListItem","position":3,"name":"Pilka medin\u0117 virtuv\u0117 su priedais"}]},{"@type":"WebSite","@id":"https:\/\/kidsplay.lt\/#website","url":"https:\/\/kidsplay.lt\/","name":"B\u0113rnu sp\u0113les.lv","description":"\u012evairios prek\u0117s vaikams","publisher":{"@id":"https:\/\/kidsplay.lt\/#organization"},"alternateName":"Kidsplay","potentialAction":[{"@type":"SearchAction","target":{"@type":"EntryPoint","urlTemplate":"https:\/\/kidsplay.lt\/?s={search_term_string}"},"query-input":{"@type":"PropertyValueSpecification","valueRequired":true,"valueName":"search_term_string"}}],"inLanguage":"lv-LV"},{"@type":"Organization","@id":"https:\/\/kidsplay.lt\/#organization","name":"B\u0113rnu sp\u0113le","url":"https:\/\/kidsplay.lt\/","logo":{"@type":"ImageObject","inLanguage":"lv-LV","@id":"https:\/\/kidsplay.lt\/#\/schema\/logo\/image\/","url":"https:\/\/kidsplay.lt\/wp-content\/uploads\/2023\/07\/kidsplay-logo.png","contentUrl":"https:\/\/kidsplay.lt\/wp-content\/uploads\/2023\/07\/kidsplay-logo.png","width":451,"height":98,"caption":"KidsPlay"},"image":{"@id":"https:\/\/kidsplay.lt\/#\/schema\/logo\/image\/"},"sameAs":["https:\/\/www.facebook.com\/www.kidsplay.lt"]}]}},"_links":{"self":[{"href":"https:\/\/kidsplay.lt\/lv\/wp-json\/wp\/v2\/product\/89640","targetHints":{"allow":["GET"]}}],"collection":[{"href":"https:\/\/kidsplay.lt\/lv\/wp-json\/wp\/v2\/product"}],"about":[{"href":"https:\/\/kidsplay.lt\/lv\/wp-json\/wp\/v2\/types\/product"}],"version-history":[{"count":1,"href":"https:\/\/kidsplay.lt\/lv\/wp-json\/wp\/v2\/product\/89640\/revisions"}],"predecessor-version":[{"id":89641,"href":"https:\/\/kidsplay.lt\/lv\/wp-json\/wp\/v2\/product\/89640\/revisions\/89641"}],"wp:featuredmedia":[{"embeddable":true,"href":"https:\/\/kidsplay.lt\/lv\/wp-json\/wp\/v2\/media\/55453"}],"wp:attachment":[{"href":"https:\/\/kidsplay.lt\/lv\/wp-json\/wp\/v2\/media?parent=89640"}],"wp:term":[{"taxonomy":"product_brand","embeddable":true,"href":"https:\/\/kidsplay.lt\/lv\/wp-json\/wp\/v2\/product_brand?post=89640"},{"taxonomy":"product_cat","embeddable":true,"href":"https:\/\/kidsplay.lt\/lv\/wp-json\/wp\/v2\/product_cat?post=89640"},{"taxonomy":"product_tag","embeddable":true,"href":"https:\/\/kidsplay.lt\/lv\/wp-json\/wp\/v2\/product_tag?post=89640"}],"curies":[{"name":"wp","href":"https:\/\/api.w.org\/{rel}","templated":true}]}}