{"id":89644,"date":"2026-02-26T09:26:08","date_gmt":"2026-02-26T07:26:08","guid":{"rendered":"https:\/\/kidsplay.lt\/produktas\/medinis-kasos-aparatas-vaikams-classic-world\/"},"modified":"2026-04-07T10:41:34","modified_gmt":"2026-04-07T07:41:34","slug":"medinis-kasos-aparatas-vaikams-classic-world","status":"publish","type":"product","link":"https:\/\/kidsplay.lt\/lv\/products\/medinis-kasos-aparatas-vaikams-classic-world\/","title":{"rendered":"Medinis kasos aparatas vaikams CLASSIC WORLD"},"content":{"rendered":"<p>\u201eClassic World\u201c kasos aparatas\u00a0\u00a0yra puikus medinis \u017eaislas, leid\u017eiantis \u017eaisti vaidmenimis daugyb\u0119 scen\u0173, kurios gali vykti parduotuv\u0117je. Vaikai gali \u012fsivaizduoti kasinink\u0105 arba klient\u0105 ir kartu lavinti\u00a0\u00a0socialin\u0119 s\u0105veik\u0105\u00a0bei\u00a0\u00a0bendravimo \u012fg\u016bd\u017eius\u00a0. Grynieji pinigai ar kortel\u0117? Suskai\u010diuokite sum\u0105, priimkite pinigus ir atiduokite teising\u0105 gr\u0105\u017e\u0105. Kasos aparate yra banknotai, monetos ir mok\u0117jimo kortel\u0117. Vaikai gali mokytis linksmai!\u00a0\u00a0Mokslo karalien\u0117 \u2013 matematika\u00a0\u00a0nebebus bauginanti.\u00a0<\/p>\n<p>Rakstur\u012bgs:<\/p>\n<p> \t&#8211;\u00a0\u00a0Kasos aparate yra\u00a0\u00a0banknotai\u00a0,\u00a0\u00a0monetos\u00a0ir\u00a0\u00a0mok\u0117jimo kortel\u0117\u00a0.<br \/>\n \t&#8211; Produktas, pagamintas atsi\u017evelgiant \u012f smulkiausias detales.\u00a0<br \/>\n \t&#8211; \u017daislas pagamintas i\u0161 auk\u0161tos kokyb\u0117s medienos.\u00a0<\/p>\n<p>Kasos aparate yra daug puiki\u0173 element\u0173:<\/p>\n<p> \t&#8211; ekranas,<br \/>\n \t&#8211; abakusas,<br \/>\n \t&#8211; i\u0161traukiamas stal\u010dius,<br \/>\n \t&#8211; mygtukai,<br \/>\n \t&#8211; mok\u0117jimo kortel\u0117,<br \/>\n \t&#8211; banknotai,<br \/>\n \t&#8211; monetos,<br \/>\n \t&#8211; skeneris.<\/p>\n<p>Rota\u013clieta att\u012bst\u0101s:\u00a0<\/p>\n<p> \t&#8211; skai\u010diavimo \u012fg\u016bd\u017eiai,<br \/>\n \t&#8211; socialiniai \u012fg\u016bd\u017eiai,<br \/>\n \t&#8211; bendravimo \u012fg\u016bd\u017eiai,<br \/>\n \t&#8211; mokytis skai\u010di\u0173,<br \/>\n \t&#8211; kognityviniai geb\u0117jimai.\u00a0<\/p>\n<p>Ekologi\u0161ki \u017eaislai\u00a0\u00a0 skirti net ir patiems ma\u017eiausiems vaikams ir yra pagaminti i\u0161 visi\u0161kai nat\u016brali\u0173, biologi\u0161kai skaid\u017ei\u0173 ir hipoalergini\u0173 med\u017eiag\u0173, tod\u0117l jie yra 100 % saug\u016bs ir nekenksmingi ne tik aplinkai, bet ir j\u016bs\u0173 vaikui.<\/p>","protected":false},"excerpt":{"rendered":"<p>\u201eClassic World\u201c kasos aparatas\u00a0\u00a0yra puikus medinis \u017eaislas, leid\u017eiantis \u017eaisti vaidmenimis daugyb\u0119 scen\u0173, kurios gali vykti parduotuv\u0117je. Vaikai gali \u012fsivaizduoti kasinink\u0105<\/p>","protected":false},"featured_media":67642,"template":"","meta":{"_acf_changed":false,"_glsr_average":0,"_glsr_ranking":0,"_glsr_reviews":0},"product_brand":[],"product_cat":[893,399],"product_tag":[],"class_list":{"0":"post-89644","1":"product","2":"type-product","3":"status-publish","4":"has-post-thumbnail","6":"product_cat-parduotuves","7":"product_cat-vaidmenu-zaidimai-2","8":"\"style=\"background-color: #2ecc711c;\"","10":"first","11":"instock","12":"purchasable","13":"product-type-simple"},"acf":[],"yoast_head":"<!-- This site is optimized with the Yoast SEO plugin v27.3 - https:\/\/yoast.com\/product\/yoast-seo-wordpress\/ -->\n<title>Medinis kasos aparatas vaikams CLASSIC WORLD<\/title>\n<meta name=\"description\" content=\"Medinis kasos aparatas vaikams CLASSIC WORLD - KidsPlay. Did\u017eiausias vaik\u0173 \u017eaisl\u0173 pasirinkimas.\" \/>\n<meta name=\"robots\" content=\"index, follow, max-snippet:-1, max-image-preview:large, max-video-preview:-1\" \/>\n<link rel=\"canonical\" href=\"https:\/\/kidsplay.lt\/lv\/products\/medinis-kasos-aparatas-vaikams-classic-world\/\" \/>\n<meta property=\"og:locale\" content=\"lv_LV\" \/>\n<meta property=\"og:type\" content=\"article\" \/>\n<meta property=\"og:title\" content=\"Medinis kasos aparatas vaikams CLASSIC WORLD\" \/>\n<meta property=\"og:description\" content=\"Medinis kasos aparatas vaikams CLASSIC WORLD - KidsPlay. Did\u017eiausias vaik\u0173 \u017eaisl\u0173 pasirinkimas.\" \/>\n<meta property=\"og:url\" content=\"https:\/\/kidsplay.lt\/lv\/products\/medinis-kasos-aparatas-vaikams-classic-world\/\" \/>\n<meta property=\"og:site_name\" content=\"KidsPlay\" \/>\n<meta property=\"article:publisher\" content=\"https:\/\/www.facebook.com\/www.kidsplay.lt\" \/>\n<meta property=\"article:modified_time\" content=\"2026-04-07T07:41:34+00:00\" \/>\n<meta property=\"og:image\" content=\"https:\/\/kidsplay.lt\/wp-content\/uploads\/2025\/09\/Medinis-kasos-aparatas-vaikams-CLASSIC-WORLD.jpg\" \/>\n\t<meta property=\"og:image:width\" content=\"1000\" \/>\n\t<meta property=\"og:image:height\" content=\"1000\" \/>\n\t<meta property=\"og:image:type\" content=\"image\/jpeg\" \/>\n<meta name=\"twitter:card\" content=\"summary_large_image\" \/>\n<meta name=\"twitter:label1\" content=\"Est. reading time\" \/>\n\t<meta name=\"twitter:data1\" content=\"1 min\u016bte\" \/>\n<script type=\"application\/ld+json\" class=\"yoast-schema-graph\">{\"@context\":\"https:\\\/\\\/schema.org\",\"@graph\":[{\"@type\":\"WebPage\",\"@id\":\"https:\\\/\\\/kidsplay.lt\\\/produktas\\\/medinis-kasos-aparatas-vaikams-classic-world\\\/\",\"url\":\"https:\\\/\\\/kidsplay.lt\\\/produktas\\\/medinis-kasos-aparatas-vaikams-classic-world\\\/\",\"name\":\"Medinis kasos aparatas vaikams CLASSIC WORLD\",\"isPartOf\":{\"@id\":\"https:\\\/\\\/kidsplay.lt\\\/#website\"},\"primaryImageOfPage\":{\"@id\":\"https:\\\/\\\/kidsplay.lt\\\/produktas\\\/medinis-kasos-aparatas-vaikams-classic-world\\\/#primaryimage\"},\"image\":{\"@id\":\"https:\\\/\\\/kidsplay.lt\\\/produktas\\\/medinis-kasos-aparatas-vaikams-classic-world\\\/#primaryimage\"},\"thumbnailUrl\":\"https:\\\/\\\/kidsplay.lt\\\/wp-content\\\/uploads\\\/2025\\\/09\\\/Medinis-kasos-aparatas-vaikams-CLASSIC-WORLD.jpg\",\"datePublished\":\"2026-02-26T07:26:08+00:00\",\"dateModified\":\"2026-04-07T07:41:34+00:00\",\"description\":\"Medinis kasos aparatas vaikams CLASSIC WORLD - KidsPlay. Did\u017eiausias vaik\u0173 \u017eaisl\u0173 pasirinkimas.\",\"breadcrumb\":{\"@id\":\"https:\\\/\\\/kidsplay.lt\\\/produktas\\\/medinis-kasos-aparatas-vaikams-classic-world\\\/#breadcrumb\"},\"inLanguage\":\"lv-LV\",\"potentialAction\":[{\"@type\":\"ReadAction\",\"target\":[\"https:\\\/\\\/kidsplay.lt\\\/produktas\\\/medinis-kasos-aparatas-vaikams-classic-world\\\/\"]}]},{\"@type\":\"ImageObject\",\"inLanguage\":\"lv-LV\",\"@id\":\"https:\\\/\\\/kidsplay.lt\\\/produktas\\\/medinis-kasos-aparatas-vaikams-classic-world\\\/#primaryimage\",\"url\":\"https:\\\/\\\/kidsplay.lt\\\/wp-content\\\/uploads\\\/2025\\\/09\\\/Medinis-kasos-aparatas-vaikams-CLASSIC-WORLD.jpg\",\"contentUrl\":\"https:\\\/\\\/kidsplay.lt\\\/wp-content\\\/uploads\\\/2025\\\/09\\\/Medinis-kasos-aparatas-vaikams-CLASSIC-WORLD.jpg\",\"width\":1000,\"height\":1000,\"caption\":\"Medinis kasos aparatas vaikams CLASSIC WORLD\"},{\"@type\":\"BreadcrumbList\",\"@id\":\"https:\\\/\\\/kidsplay.lt\\\/produktas\\\/medinis-kasos-aparatas-vaikams-classic-world\\\/#breadcrumb\",\"itemListElement\":[{\"@type\":\"ListItem\",\"position\":1,\"name\":\"Pagrindinis\",\"item\":\"https:\\\/\\\/kidsplay.lt\\\/\"},{\"@type\":\"ListItem\",\"position\":2,\"name\":\"Parduotuv\u0117\",\"item\":\"https:\\\/\\\/kidsplay.lt\\\/parduotuve\\\/\"},{\"@type\":\"ListItem\",\"position\":3,\"name\":\"Medinis kasos aparatas vaikams CLASSIC WORLD\"}]},{\"@type\":\"WebSite\",\"@id\":\"https:\\\/\\\/kidsplay.lt\\\/#website\",\"url\":\"https:\\\/\\\/kidsplay.lt\\\/\",\"name\":\"Kidsplay.lt\",\"description\":\"\u012evairios prek\u0117s vaikams\",\"publisher\":{\"@id\":\"https:\\\/\\\/kidsplay.lt\\\/#organization\"},\"alternateName\":\"Kidsplay\",\"potentialAction\":[{\"@type\":\"SearchAction\",\"target\":{\"@type\":\"EntryPoint\",\"urlTemplate\":\"https:\\\/\\\/kidsplay.lt\\\/?s={search_term_string}\"},\"query-input\":{\"@type\":\"PropertyValueSpecification\",\"valueRequired\":true,\"valueName\":\"search_term_string\"}}],\"inLanguage\":\"lv-LV\"},{\"@type\":\"Organization\",\"@id\":\"https:\\\/\\\/kidsplay.lt\\\/#organization\",\"name\":\"KidsPlay\",\"url\":\"https:\\\/\\\/kidsplay.lt\\\/\",\"logo\":{\"@type\":\"ImageObject\",\"inLanguage\":\"lv-LV\",\"@id\":\"https:\\\/\\\/kidsplay.lt\\\/#\\\/schema\\\/logo\\\/image\\\/\",\"url\":\"https:\\\/\\\/kidsplay.lt\\\/wp-content\\\/uploads\\\/2023\\\/07\\\/kidsplay-logo.png\",\"contentUrl\":\"https:\\\/\\\/kidsplay.lt\\\/wp-content\\\/uploads\\\/2023\\\/07\\\/kidsplay-logo.png\",\"width\":451,\"height\":98,\"caption\":\"KidsPlay\"},\"image\":{\"@id\":\"https:\\\/\\\/kidsplay.lt\\\/#\\\/schema\\\/logo\\\/image\\\/\"},\"sameAs\":[\"https:\\\/\\\/www.facebook.com\\\/www.kidsplay.lt\"]}]}<\/script>\n<!-- \/ Yoast SEO plugin. -->","yoast_head_json":{"title":"Medinis kasos aparatas vaikams CLASSIC WORLD","description":"Medinis kasos aparatas vaikams CLASSIC WORLD - KidsPlay. Did\u017eiausias vaik\u0173 \u017eaisl\u0173 pasirinkimas.","robots":{"index":"index","follow":"follow","max-snippet":"max-snippet:-1","max-image-preview":"max-image-preview:large","max-video-preview":"max-video-preview:-1"},"canonical":"https:\/\/kidsplay.lt\/lv\/products\/medinis-kasos-aparatas-vaikams-classic-world\/","og_locale":"lv_LV","og_type":"article","og_title":"Medinis kasos aparatas vaikams CLASSIC WORLD","og_description":"Medinis kasos aparatas vaikams CLASSIC WORLD - KidsPlay. Did\u017eiausias vaik\u0173 \u017eaisl\u0173 pasirinkimas.","og_url":"https:\/\/kidsplay.lt\/lv\/products\/medinis-kasos-aparatas-vaikams-classic-world\/","og_site_name":"KidsPlay","article_publisher":"https:\/\/www.facebook.com\/www.kidsplay.lt","article_modified_time":"2026-04-07T07:41:34+00:00","og_image":[{"width":1000,"height":1000,"url":"https:\/\/kidsplay.lt\/wp-content\/uploads\/2025\/09\/Medinis-kasos-aparatas-vaikams-CLASSIC-WORLD.jpg","type":"image\/jpeg"}],"twitter_card":"summary_large_image","twitter_misc":{"Est. reading time":"1 min\u016bte"},"schema":{"@context":"https:\/\/schema.org","@graph":[{"@type":"WebPage","@id":"https:\/\/kidsplay.lt\/produktas\/medinis-kasos-aparatas-vaikams-classic-world\/","url":"https:\/\/kidsplay.lt\/produktas\/medinis-kasos-aparatas-vaikams-classic-world\/","name":"Medinis kasos aparatas vaikams CLASSIC WORLD","isPartOf":{"@id":"https:\/\/kidsplay.lt\/#website"},"primaryImageOfPage":{"@id":"https:\/\/kidsplay.lt\/produktas\/medinis-kasos-aparatas-vaikams-classic-world\/#primaryimage"},"image":{"@id":"https:\/\/kidsplay.lt\/produktas\/medinis-kasos-aparatas-vaikams-classic-world\/#primaryimage"},"thumbnailUrl":"https:\/\/kidsplay.lt\/wp-content\/uploads\/2025\/09\/Medinis-kasos-aparatas-vaikams-CLASSIC-WORLD.jpg","datePublished":"2026-02-26T07:26:08+00:00","dateModified":"2026-04-07T07:41:34+00:00","description":"Medinis kasos aparatas vaikams CLASSIC WORLD - KidsPlay. Did\u017eiausias vaik\u0173 \u017eaisl\u0173 pasirinkimas.","breadcrumb":{"@id":"https:\/\/kidsplay.lt\/produktas\/medinis-kasos-aparatas-vaikams-classic-world\/#breadcrumb"},"inLanguage":"lv-LV","potentialAction":[{"@type":"ReadAction","target":["https:\/\/kidsplay.lt\/produktas\/medinis-kasos-aparatas-vaikams-classic-world\/"]}]},{"@type":"ImageObject","inLanguage":"lv-LV","@id":"https:\/\/kidsplay.lt\/produktas\/medinis-kasos-aparatas-vaikams-classic-world\/#primaryimage","url":"https:\/\/kidsplay.lt\/wp-content\/uploads\/2025\/09\/Medinis-kasos-aparatas-vaikams-CLASSIC-WORLD.jpg","contentUrl":"https:\/\/kidsplay.lt\/wp-content\/uploads\/2025\/09\/Medinis-kasos-aparatas-vaikams-CLASSIC-WORLD.jpg","width":1000,"height":1000,"caption":"Medinis kasos aparatas vaikams CLASSIC WORLD"},{"@type":"BreadcrumbList","@id":"https:\/\/kidsplay.lt\/produktas\/medinis-kasos-aparatas-vaikams-classic-world\/#breadcrumb","itemListElement":[{"@type":"ListItem","position":1,"name":"Pagrindinis","item":"https:\/\/kidsplay.lt\/"},{"@type":"ListItem","position":2,"name":"Parduotuv\u0117","item":"https:\/\/kidsplay.lt\/parduotuve\/"},{"@type":"ListItem","position":3,"name":"Medinis kasos aparatas vaikams CLASSIC WORLD"}]},{"@type":"WebSite","@id":"https:\/\/kidsplay.lt\/#website","url":"https:\/\/kidsplay.lt\/","name":"B\u0113rnu sp\u0113les.lv","description":"\u012evairios prek\u0117s vaikams","publisher":{"@id":"https:\/\/kidsplay.lt\/#organization"},"alternateName":"Kidsplay","potentialAction":[{"@type":"SearchAction","target":{"@type":"EntryPoint","urlTemplate":"https:\/\/kidsplay.lt\/?s={search_term_string}"},"query-input":{"@type":"PropertyValueSpecification","valueRequired":true,"valueName":"search_term_string"}}],"inLanguage":"lv-LV"},{"@type":"Organization","@id":"https:\/\/kidsplay.lt\/#organization","name":"B\u0113rnu sp\u0113le","url":"https:\/\/kidsplay.lt\/","logo":{"@type":"ImageObject","inLanguage":"lv-LV","@id":"https:\/\/kidsplay.lt\/#\/schema\/logo\/image\/","url":"https:\/\/kidsplay.lt\/wp-content\/uploads\/2023\/07\/kidsplay-logo.png","contentUrl":"https:\/\/kidsplay.lt\/wp-content\/uploads\/2023\/07\/kidsplay-logo.png","width":451,"height":98,"caption":"KidsPlay"},"image":{"@id":"https:\/\/kidsplay.lt\/#\/schema\/logo\/image\/"},"sameAs":["https:\/\/www.facebook.com\/www.kidsplay.lt"]}]}},"_links":{"self":[{"href":"https:\/\/kidsplay.lt\/lv\/wp-json\/wp\/v2\/product\/89644","targetHints":{"allow":["GET"]}}],"collection":[{"href":"https:\/\/kidsplay.lt\/lv\/wp-json\/wp\/v2\/product"}],"about":[{"href":"https:\/\/kidsplay.lt\/lv\/wp-json\/wp\/v2\/types\/product"}],"version-history":[{"count":1,"href":"https:\/\/kidsplay.lt\/lv\/wp-json\/wp\/v2\/product\/89644\/revisions"}],"predecessor-version":[{"id":89645,"href":"https:\/\/kidsplay.lt\/lv\/wp-json\/wp\/v2\/product\/89644\/revisions\/89645"}],"wp:featuredmedia":[{"embeddable":true,"href":"https:\/\/kidsplay.lt\/lv\/wp-json\/wp\/v2\/media\/67642"}],"wp:attachment":[{"href":"https:\/\/kidsplay.lt\/lv\/wp-json\/wp\/v2\/media?parent=89644"}],"wp:term":[{"taxonomy":"product_brand","embeddable":true,"href":"https:\/\/kidsplay.lt\/lv\/wp-json\/wp\/v2\/product_brand?post=89644"},{"taxonomy":"product_cat","embeddable":true,"href":"https:\/\/kidsplay.lt\/lv\/wp-json\/wp\/v2\/product_cat?post=89644"},{"taxonomy":"product_tag","embeddable":true,"href":"https:\/\/kidsplay.lt\/lv\/wp-json\/wp\/v2\/product_tag?post=89644"}],"curies":[{"name":"wp","href":"https:\/\/api.w.org\/{rel}","templated":true}]}}