{"id":89646,"date":"2026-02-26T09:26:11","date_gmt":"2026-02-26T07:26:11","guid":{"rendered":"https:\/\/kidsplay.lt\/produktas\/medine-priekaba-su-montessori-automobiliais\/"},"modified":"2026-04-13T15:03:10","modified_gmt":"2026-04-13T12:03:10","slug":"medine-priekaba-su-montessori-automobiliais","status":"publish","type":"product","link":"https:\/\/kidsplay.lt\/lv\/products\/medine-priekaba-su-montessori-automobiliais\/","title":{"rendered":"Koka piekabe ar Montessori automa\u0161\u012bn\u0101m"},"content":{"rendered":"<p>Ar j\u016bs\u0173 vaikas yra aistringas automobili\u0173 gerb\u0117jas ir jo automobili\u0173 kolekcija spar\u010diai auga? B\u016btent jums VIGA pareng\u0117 medin\u012f vilkik\u0105 su automobiliais.<\/p>\n<p>\u017daislas labai teigiamai veikia m\u016bs\u0173 vaiko vystym\u0105si.<\/p>\n<p>Jo d\u0117ka vaikas:<\/p>\n<p> \t&#8211; lavina j\u016bs\u0173 vaizduot\u0119,<br \/>\n \t&#8211; i\u0161moksta atlikti paprastas u\u017eduotis;<br \/>\n \t&#8211; lavina smulki\u0105j\u0105 motorik\u0105.<\/p>\n<p>M\u016bs\u0173 \u017eaislas puikiai praturtins j\u016bs\u0173 vaiko kolekcij\u0105, pasi\u016blydamas jam naujas, pla\u010dias \u017eaidimo galimybes. Vilkikas yra idealus keli\u0173 automobili\u0173 transporteris.<\/p>\n<p>Komplekte yra 3 spalvingi automobiliai, prid\u0117ti prie vilkiko. Ta\u010diau\u00a0vilkik\u0105 galima naudoti ir \u017eaisti su kitais automobiliais\u00a0.<\/p>\n<p>M\u016bs\u0173 \u017eaislas pagamintas i\u0161 auk\u0161tos kokyb\u0117s medienos, kuri garantuoja\u00a0\u00a0\u00a0atsparum\u0105 pa\u017eeidimams. Tiek lengvieji automobiliai, tiek vilkikas, tiek vilkikas yra padengti gra\u017eiais, netoksi\u0161kais da\u017eais, tod\u0117l vaikui visi\u0161kai saugu.<\/p>\n<p>VIGA yra prek\u0117s \u017eenklas, \u012fregistruotas 2003 m., ta\u010diau jau pristatomas daugiau nei 60 pasaulio \u0161ali\u0173. J\u0173 novatori\u0161kos id\u0117jos sulauk\u0117 pripa\u017einimo, be kita ko. Europoje, JAV, tolimojoje Australijoje ir Japonijoje. \u012emon\u0117s \u012fk\u016br\u0117jai atkreip\u0117 d\u0117mes\u012f \u012f tyrim\u0173 rezultatus, parodan\u010dius \u017eaidimo ir mokymosi ry\u0161\u012f ankstyvaisiais vaik\u0173 raidos metais. Nor\u0117damas pad\u0117ti t\u0117vams ir ugdymo \u012fstaigoms auginti vaikus ir i\u0161gelb\u0117ti juos nuo virtualaus pasaulio, galin\u010dio gerokai i\u0161kreipti tikrov\u0119, gamintojas si\u016blo inovatyv\u0173 asortiment\u0105 i\u0161 nat\u016brali\u0173 med\u017eiag\u0173, gaut\u0173 ekologi\u0161k\u0173 gamybos proces\u0173 metu. Medini\u0173 gamini\u0173 sauga ir kokyb\u0117 yra Vigi prioritetas, gamintojas pasir\u016bpino, kad \u017eaislams da\u017eyti naudojami da\u017eai atitikt\u0173 EN71 ir ASTM saugos standartus.<\/p>\n<p>VIGA jest mark\u0105 zarejestrowan\u0105 w 2003 roku lecz ju\u017c obecn\u0105 w ponad 60 krajach na \u015bwiecie. Ich innowacyjne pomys\u0142y zdoby\u0142y uznanie min. w Europie, USA dalekiej Australii oraz Japonii. Za\u0142o\u017cyciele firmy zwr\u00f3cili uwag\u0119 na wyniki bada\u0144 wskazuj\u0105cych na zwi\u0105zek pomi\u0119dzy zabaw\u0105 i uczeniem si\u0119 we wczesnych latach rozwoju dzieci. Aby pom\u00f3c rodzicom oraz plac\u00f3wkom edukacyjnym w wychowywaniu dzieci i ratowa\u0107 ich przed wirtualnym \u015bwiatem, kt\u00f3ry w du\u017cym stopniu mo\u017ce wypaczy\u0107 rzeczywisto\u015b\u0107 producent oferuje innowacyjny asortyment wykonany z naturalnych tworzyw uzyskanych podczas ekologicznych proces\u00f3w produkcji. Bezpiecze\u0144stwo i jako\u015b\u0107 produkt\u00f3w drewnianych to priorytet dla Vigi, producent zadba\u0142 o to aby farby, kt\u00f3rymi maluj\u0105 zabawki spe\u0142nia\u0142y normy bezpiecze\u0144stwa EN71 oraz ASTM.<\/p>","protected":false},"excerpt":{"rendered":"<p>Ar j\u016bs\u0173 vaikas yra aistringas automobili\u0173 gerb\u0117jas ir jo automobili\u0173 kolekcija spar\u010diai auga? B\u016btent jums VIGA pareng\u0117 medin\u012f vilkik\u0105 su<\/p>","protected":false},"featured_media":55604,"template":"","meta":{"_acf_changed":false,"_glsr_average":0,"_glsr_ranking":0,"_glsr_reviews":0},"product_brand":[],"product_cat":[891,883],"product_tag":[],"class_list":{"0":"post-89646","1":"product","2":"type-product","3":"status-publish","4":"has-post-thumbnail","6":"product_cat-medines-transporto-priemones","7":"product_cat-mediniai-zaislai-2","8":"\"style=\"background-color: #2ecc711c;\"","10":"first","11":"instock","12":"purchasable","13":"product-type-simple"},"acf":[],"yoast_head":"<!-- This site is optimized with the Yoast SEO plugin v27.4 - https:\/\/yoast.com\/product\/yoast-seo-wordpress\/ -->\n<title>Medin\u0117 priekaba su Montessori automobiliais<\/title>\n<meta name=\"description\" content=\"Medin\u0117 priekaba su Montessori automobiliais - KidsPlay. Did\u017eiausias vaik\u0173 \u017eaisl\u0173 pasirinkimas.\" \/>\n<meta name=\"robots\" content=\"index, follow, max-snippet:-1, max-image-preview:large, max-video-preview:-1\" \/>\n<link rel=\"canonical\" href=\"https:\/\/kidsplay.lt\/lv\/products\/medine-priekaba-su-montessori-automobiliais\/\" \/>\n<meta property=\"og:locale\" content=\"lv_LV\" \/>\n<meta property=\"og:type\" content=\"article\" \/>\n<meta property=\"og:title\" content=\"Medin\u0117 priekaba su Montessori automobiliais\" \/>\n<meta property=\"og:description\" content=\"Medin\u0117 priekaba su Montessori automobiliais - KidsPlay. Did\u017eiausias vaik\u0173 \u017eaisl\u0173 pasirinkimas.\" \/>\n<meta property=\"og:url\" content=\"https:\/\/kidsplay.lt\/lv\/products\/medine-priekaba-su-montessori-automobiliais\/\" \/>\n<meta property=\"og:site_name\" content=\"KidsPlay\" \/>\n<meta property=\"article:publisher\" content=\"https:\/\/www.facebook.com\/www.kidsplay.lt\" \/>\n<meta property=\"article:modified_time\" content=\"2026-04-13T12:03:10+00:00\" \/>\n<meta property=\"og:image\" content=\"https:\/\/kidsplay.lt\/wp-content\/uploads\/2024\/09\/Medine-priekaba-su-Montessori-automobiliais.jpg\" \/>\n\t<meta property=\"og:image:width\" content=\"1148\" \/>\n\t<meta property=\"og:image:height\" content=\"1148\" \/>\n\t<meta property=\"og:image:type\" content=\"image\/jpeg\" \/>\n<meta name=\"twitter:card\" content=\"summary_large_image\" \/>\n<meta name=\"twitter:label1\" content=\"Est. reading time\" \/>\n\t<meta name=\"twitter:data1\" content=\"2 min\u016btes\" \/>\n<script type=\"application\/ld+json\" class=\"yoast-schema-graph\">{\"@context\":\"https:\\\/\\\/schema.org\",\"@graph\":[{\"@type\":\"WebPage\",\"@id\":\"https:\\\/\\\/kidsplay.lt\\\/produktas\\\/medine-priekaba-su-montessori-automobiliais\\\/\",\"url\":\"https:\\\/\\\/kidsplay.lt\\\/produktas\\\/medine-priekaba-su-montessori-automobiliais\\\/\",\"name\":\"Medin\u0117 priekaba su Montessori automobiliais\",\"isPartOf\":{\"@id\":\"https:\\\/\\\/kidsplay.lt\\\/#website\"},\"primaryImageOfPage\":{\"@id\":\"https:\\\/\\\/kidsplay.lt\\\/produktas\\\/medine-priekaba-su-montessori-automobiliais\\\/#primaryimage\"},\"image\":{\"@id\":\"https:\\\/\\\/kidsplay.lt\\\/produktas\\\/medine-priekaba-su-montessori-automobiliais\\\/#primaryimage\"},\"thumbnailUrl\":\"https:\\\/\\\/kidsplay.lt\\\/wp-content\\\/uploads\\\/2024\\\/09\\\/Medine-priekaba-su-Montessori-automobiliais.jpg\",\"datePublished\":\"2026-02-26T07:26:11+00:00\",\"dateModified\":\"2026-04-13T12:03:10+00:00\",\"description\":\"Medin\u0117 priekaba su Montessori automobiliais - KidsPlay. Did\u017eiausias vaik\u0173 \u017eaisl\u0173 pasirinkimas.\",\"breadcrumb\":{\"@id\":\"https:\\\/\\\/kidsplay.lt\\\/produktas\\\/medine-priekaba-su-montessori-automobiliais\\\/#breadcrumb\"},\"inLanguage\":\"lv-LV\",\"potentialAction\":[{\"@type\":\"ReadAction\",\"target\":[\"https:\\\/\\\/kidsplay.lt\\\/produktas\\\/medine-priekaba-su-montessori-automobiliais\\\/\"]}]},{\"@type\":\"ImageObject\",\"inLanguage\":\"lv-LV\",\"@id\":\"https:\\\/\\\/kidsplay.lt\\\/produktas\\\/medine-priekaba-su-montessori-automobiliais\\\/#primaryimage\",\"url\":\"https:\\\/\\\/kidsplay.lt\\\/wp-content\\\/uploads\\\/2024\\\/09\\\/Medine-priekaba-su-Montessori-automobiliais.jpg\",\"contentUrl\":\"https:\\\/\\\/kidsplay.lt\\\/wp-content\\\/uploads\\\/2024\\\/09\\\/Medine-priekaba-su-Montessori-automobiliais.jpg\",\"width\":1148,\"height\":1148,\"caption\":\"Medin\u0117 priekaba su Montessori automobiliais\"},{\"@type\":\"BreadcrumbList\",\"@id\":\"https:\\\/\\\/kidsplay.lt\\\/produktas\\\/medine-priekaba-su-montessori-automobiliais\\\/#breadcrumb\",\"itemListElement\":[{\"@type\":\"ListItem\",\"position\":1,\"name\":\"Pagrindinis\",\"item\":\"https:\\\/\\\/kidsplay.lt\\\/\"},{\"@type\":\"ListItem\",\"position\":2,\"name\":\"Parduotuv\u0117\",\"item\":\"https:\\\/\\\/kidsplay.lt\\\/parduotuve\\\/\"},{\"@type\":\"ListItem\",\"position\":3,\"name\":\"Medin\u0117 priekaba su Montessori automobiliais\"}]},{\"@type\":\"WebSite\",\"@id\":\"https:\\\/\\\/kidsplay.lt\\\/#website\",\"url\":\"https:\\\/\\\/kidsplay.lt\\\/\",\"name\":\"Kidsplay.lt\",\"description\":\"\u012evairios prek\u0117s vaikams\",\"publisher\":{\"@id\":\"https:\\\/\\\/kidsplay.lt\\\/#organization\"},\"alternateName\":\"Kidsplay\",\"potentialAction\":[{\"@type\":\"SearchAction\",\"target\":{\"@type\":\"EntryPoint\",\"urlTemplate\":\"https:\\\/\\\/kidsplay.lt\\\/?s={search_term_string}\"},\"query-input\":{\"@type\":\"PropertyValueSpecification\",\"valueRequired\":true,\"valueName\":\"search_term_string\"}}],\"inLanguage\":\"lv-LV\"},{\"@type\":\"Organization\",\"@id\":\"https:\\\/\\\/kidsplay.lt\\\/#organization\",\"name\":\"KidsPlay\",\"url\":\"https:\\\/\\\/kidsplay.lt\\\/\",\"logo\":{\"@type\":\"ImageObject\",\"inLanguage\":\"lv-LV\",\"@id\":\"https:\\\/\\\/kidsplay.lt\\\/#\\\/schema\\\/logo\\\/image\\\/\",\"url\":\"https:\\\/\\\/kidsplay.lt\\\/wp-content\\\/uploads\\\/2023\\\/07\\\/kidsplay-logo.png\",\"contentUrl\":\"https:\\\/\\\/kidsplay.lt\\\/wp-content\\\/uploads\\\/2023\\\/07\\\/kidsplay-logo.png\",\"width\":451,\"height\":98,\"caption\":\"KidsPlay\"},\"image\":{\"@id\":\"https:\\\/\\\/kidsplay.lt\\\/#\\\/schema\\\/logo\\\/image\\\/\"},\"sameAs\":[\"https:\\\/\\\/www.facebook.com\\\/www.kidsplay.lt\"]}]}<\/script>\n<!-- \/ Yoast SEO plugin. -->","yoast_head_json":{"title":"Koka piekabe ar Montessori automa\u0161\u012bn\u0101m","description":"Medin\u0117 priekaba su Montessori automobiliais - KidsPlay. Did\u017eiausias vaik\u0173 \u017eaisl\u0173 pasirinkimas.","robots":{"index":"index","follow":"follow","max-snippet":"max-snippet:-1","max-image-preview":"max-image-preview:large","max-video-preview":"max-video-preview:-1"},"canonical":"https:\/\/kidsplay.lt\/lv\/products\/medine-priekaba-su-montessori-automobiliais\/","og_locale":"lv_LV","og_type":"article","og_title":"Medin\u0117 priekaba su Montessori automobiliais","og_description":"Medin\u0117 priekaba su Montessori automobiliais - KidsPlay. Did\u017eiausias vaik\u0173 \u017eaisl\u0173 pasirinkimas.","og_url":"https:\/\/kidsplay.lt\/lv\/products\/medine-priekaba-su-montessori-automobiliais\/","og_site_name":"KidsPlay","article_publisher":"https:\/\/www.facebook.com\/www.kidsplay.lt","article_modified_time":"2026-04-13T12:03:10+00:00","og_image":[{"width":1148,"height":1148,"url":"https:\/\/kidsplay.lt\/wp-content\/uploads\/2024\/09\/Medine-priekaba-su-Montessori-automobiliais.jpg","type":"image\/jpeg"}],"twitter_card":"summary_large_image","twitter_misc":{"Est. reading time":"2 min\u016btes"},"schema":{"@context":"https:\/\/schema.org","@graph":[{"@type":"WebPage","@id":"https:\/\/kidsplay.lt\/produktas\/medine-priekaba-su-montessori-automobiliais\/","url":"https:\/\/kidsplay.lt\/produktas\/medine-priekaba-su-montessori-automobiliais\/","name":"Koka piekabe ar Montessori automa\u0161\u012bn\u0101m","isPartOf":{"@id":"https:\/\/kidsplay.lt\/#website"},"primaryImageOfPage":{"@id":"https:\/\/kidsplay.lt\/produktas\/medine-priekaba-su-montessori-automobiliais\/#primaryimage"},"image":{"@id":"https:\/\/kidsplay.lt\/produktas\/medine-priekaba-su-montessori-automobiliais\/#primaryimage"},"thumbnailUrl":"https:\/\/kidsplay.lt\/wp-content\/uploads\/2024\/09\/Medine-priekaba-su-Montessori-automobiliais.jpg","datePublished":"2026-02-26T07:26:11+00:00","dateModified":"2026-04-13T12:03:10+00:00","description":"Medin\u0117 priekaba su Montessori automobiliais - KidsPlay. Did\u017eiausias vaik\u0173 \u017eaisl\u0173 pasirinkimas.","breadcrumb":{"@id":"https:\/\/kidsplay.lt\/produktas\/medine-priekaba-su-montessori-automobiliais\/#breadcrumb"},"inLanguage":"lv-LV","potentialAction":[{"@type":"ReadAction","target":["https:\/\/kidsplay.lt\/produktas\/medine-priekaba-su-montessori-automobiliais\/"]}]},{"@type":"ImageObject","inLanguage":"lv-LV","@id":"https:\/\/kidsplay.lt\/produktas\/medine-priekaba-su-montessori-automobiliais\/#primaryimage","url":"https:\/\/kidsplay.lt\/wp-content\/uploads\/2024\/09\/Medine-priekaba-su-Montessori-automobiliais.jpg","contentUrl":"https:\/\/kidsplay.lt\/wp-content\/uploads\/2024\/09\/Medine-priekaba-su-Montessori-automobiliais.jpg","width":1148,"height":1148,"caption":"Medin\u0117 priekaba su Montessori automobiliais"},{"@type":"BreadcrumbList","@id":"https:\/\/kidsplay.lt\/produktas\/medine-priekaba-su-montessori-automobiliais\/#breadcrumb","itemListElement":[{"@type":"ListItem","position":1,"name":"Pagrindinis","item":"https:\/\/kidsplay.lt\/"},{"@type":"ListItem","position":2,"name":"Parduotuv\u0117","item":"https:\/\/kidsplay.lt\/parduotuve\/"},{"@type":"ListItem","position":3,"name":"Medin\u0117 priekaba su Montessori automobiliais"}]},{"@type":"WebSite","@id":"https:\/\/kidsplay.lt\/#website","url":"https:\/\/kidsplay.lt\/","name":"B\u0113rnu sp\u0113les.lv","description":"\u012evairios prek\u0117s vaikams","publisher":{"@id":"https:\/\/kidsplay.lt\/#organization"},"alternateName":"Kidsplay","potentialAction":[{"@type":"SearchAction","target":{"@type":"EntryPoint","urlTemplate":"https:\/\/kidsplay.lt\/?s={search_term_string}"},"query-input":{"@type":"PropertyValueSpecification","valueRequired":true,"valueName":"search_term_string"}}],"inLanguage":"lv-LV"},{"@type":"Organization","@id":"https:\/\/kidsplay.lt\/#organization","name":"B\u0113rnu sp\u0113le","url":"https:\/\/kidsplay.lt\/","logo":{"@type":"ImageObject","inLanguage":"lv-LV","@id":"https:\/\/kidsplay.lt\/#\/schema\/logo\/image\/","url":"https:\/\/kidsplay.lt\/wp-content\/uploads\/2023\/07\/kidsplay-logo.png","contentUrl":"https:\/\/kidsplay.lt\/wp-content\/uploads\/2023\/07\/kidsplay-logo.png","width":451,"height":98,"caption":"KidsPlay"},"image":{"@id":"https:\/\/kidsplay.lt\/#\/schema\/logo\/image\/"},"sameAs":["https:\/\/www.facebook.com\/www.kidsplay.lt"]}]}},"_links":{"self":[{"href":"https:\/\/kidsplay.lt\/lv\/wp-json\/wp\/v2\/product\/89646","targetHints":{"allow":["GET"]}}],"collection":[{"href":"https:\/\/kidsplay.lt\/lv\/wp-json\/wp\/v2\/product"}],"about":[{"href":"https:\/\/kidsplay.lt\/lv\/wp-json\/wp\/v2\/types\/product"}],"version-history":[{"count":1,"href":"https:\/\/kidsplay.lt\/lv\/wp-json\/wp\/v2\/product\/89646\/revisions"}],"predecessor-version":[{"id":89647,"href":"https:\/\/kidsplay.lt\/lv\/wp-json\/wp\/v2\/product\/89646\/revisions\/89647"}],"wp:featuredmedia":[{"embeddable":true,"href":"https:\/\/kidsplay.lt\/lv\/wp-json\/wp\/v2\/media\/55604"}],"wp:attachment":[{"href":"https:\/\/kidsplay.lt\/lv\/wp-json\/wp\/v2\/media?parent=89646"}],"wp:term":[{"taxonomy":"product_brand","embeddable":true,"href":"https:\/\/kidsplay.lt\/lv\/wp-json\/wp\/v2\/product_brand?post=89646"},{"taxonomy":"product_cat","embeddable":true,"href":"https:\/\/kidsplay.lt\/lv\/wp-json\/wp\/v2\/product_cat?post=89646"},{"taxonomy":"product_tag","embeddable":true,"href":"https:\/\/kidsplay.lt\/lv\/wp-json\/wp\/v2\/product_tag?post=89646"}],"curies":[{"name":"wp","href":"https:\/\/api.w.org\/{rel}","templated":true}]}}