{"id":89650,"date":"2026-02-26T09:26:16","date_gmt":"2026-02-26T07:26:16","guid":{"rendered":"https:\/\/kidsplay.lt\/produktas\/traukinio-trasa-medinis-traukinys-ir-figuros-110-vnt\/"},"modified":"2026-04-07T10:41:41","modified_gmt":"2026-04-07T07:41:41","slug":"traukinio-trasa-medinis-traukinys-ir-figuros-110-vnt","status":"publish","type":"product","link":"https:\/\/kidsplay.lt\/lv\/products\/traukinio-trasa-medinis-traukinys-ir-figuros-110-vnt\/","title":{"rendered":"Traukinio trasa medinis traukinys ir fig\u016bros 110 vnt."},"content":{"rendered":"<p>Did\u017eiulis rinkinys i\u0161 Classic World. I\u0161 110 element\u0173 surenkamas medinis traukinukas \u2013 puiki dovana kiekvienam vaikui, m\u0117gstan\u010diam \u017eaisti su transporto priemon\u0117mis ir modeliais.<\/p>\n<p>Charakteristika:<\/p>\n<p> \t&#8211; \u0160iame 110 dali\u0173 traukinio rinkinyje yra daug \u012fvairi\u0173 pried\u0173, pastat\u0173 ir transporto priemoni\u0173.<br \/>\n \t&#8211; Vaikai m\u0117gsta leistis \u012f nuotykius, kai keliauja per miest\u0105 \u017eaisliniais automobiliais ir traukiniais.<br \/>\n \t\u2013 \u0160is rinkinys padeda vaikams lavinti koordinacij\u0105 ir problem\u0173 sprendimo \u012fg\u016bd\u017eius.<\/p>\n<p>Traukinyje yra daug element\u0173 ir pried\u0173:<\/p>\n<p> \t&#8211; traukinys<br \/>\n \t&#8211; 2 vagonai<br \/>\n \t&#8211; automobiliai, fig\u016br\u0117l\u0117s, med\u017eiai, \u017eenklai ir kt.<br \/>\n \t&#8211; viadukas<br \/>\n \t&#8211; takeliai<\/p>\n<p>Ekologiniai \u017eaislai\u00a0\u00a0 skirti patiems ma\u017eiausiems vaikams ir yra pagaminti i\u0161 visi\u0161kai nat\u016brali\u0173, biologi\u0161kai skaid\u017ei\u0173 ir hipoalergini\u0173 med\u017eiag\u0173, tod\u0117l yra 100% saug\u016bs ir nekenksmingi ne tik aplinkai, bet ir J\u016bs\u0173 vaikui.<\/p>\n<p>\u201eClassic World\u201c\u00a0\u00a0yra garsi \u017eaisl\u0173 gamybos \u012fmon\u0117. Bendrov\u0117 nustato kartel\u0119 kitiems gamintojams, vis\u0173 pirma auk\u0161ta darb\u0173 kokybe. \u017dinome, kad vaikai nusipelno tik geriausi\u0173 \u017eaisl\u0173. \u201eClassic World\u201c tai u\u017etikrina grie\u017eta kokyb\u0117s kontrol\u0117 ir gamybos procesas. \u012emon\u0117 palaiko tarptautinius kokyb\u0117s standartus.<\/p>","protected":false},"excerpt":{"rendered":"<p>Did\u017eiulis rinkinys i\u0161 Classic World. I\u0161 110 element\u0173 surenkamas medinis traukinukas \u2013 puiki dovana kiekvienam vaikui, m\u0117gstan\u010diam \u017eaisti su transporto<\/p>","protected":false},"featured_media":55628,"template":"","meta":{"_acf_changed":false,"_glsr_average":0,"_glsr_ranking":0,"_glsr_reviews":0},"product_brand":[],"product_cat":[891,883],"product_tag":[],"class_list":{"0":"post-89650","1":"product","2":"type-product","3":"status-publish","4":"has-post-thumbnail","6":"product_cat-medines-transporto-priemones","7":"product_cat-mediniai-zaislai-2","8":"\"style=\"background-color: #2ecc711c;\"","10":"first","11":"instock","12":"purchasable","13":"product-type-simple"},"acf":[],"yoast_head":"<!-- This site is optimized with the Yoast SEO plugin v27.3 - https:\/\/yoast.com\/product\/yoast-seo-wordpress\/ -->\n<title>Traukinio trasa medinis traukinys ir fig\u016bros 110 vnt.<\/title>\n<meta name=\"description\" content=\"Traukinio trasa medinis traukinys ir fig\u016bros 110 vnt. - KidsPlay. Did\u017eiausias vaik\u0173 \u017eaisl\u0173 pasirinkimas.\" \/>\n<meta name=\"robots\" content=\"index, follow, max-snippet:-1, max-image-preview:large, max-video-preview:-1\" \/>\n<link rel=\"canonical\" href=\"https:\/\/kidsplay.lt\/lv\/products\/traukinio-trasa-medinis-traukinys-ir-figuros-110-vnt\/\" \/>\n<meta property=\"og:locale\" content=\"lv_LV\" \/>\n<meta property=\"og:type\" content=\"article\" \/>\n<meta property=\"og:title\" content=\"Traukinio trasa medinis traukinys ir fig\u016bros 110 vnt.\" \/>\n<meta property=\"og:description\" content=\"Traukinio trasa medinis traukinys ir fig\u016bros 110 vnt. - KidsPlay. Did\u017eiausias vaik\u0173 \u017eaisl\u0173 pasirinkimas.\" \/>\n<meta property=\"og:url\" content=\"https:\/\/kidsplay.lt\/lv\/products\/traukinio-trasa-medinis-traukinys-ir-figuros-110-vnt\/\" \/>\n<meta property=\"og:site_name\" content=\"KidsPlay\" \/>\n<meta property=\"article:publisher\" content=\"https:\/\/www.facebook.com\/www.kidsplay.lt\" \/>\n<meta property=\"article:modified_time\" content=\"2026-04-07T07:41:41+00:00\" \/>\n<meta property=\"og:image\" content=\"https:\/\/kidsplay.lt\/wp-content\/uploads\/2024\/09\/Traukinio-trasa-medinis-traukinys-ir-figuros-110-vnt-800x800.jpg\" \/>\n\t<meta property=\"og:image:width\" content=\"800\" \/>\n\t<meta property=\"og:image:height\" content=\"800\" \/>\n\t<meta property=\"og:image:type\" content=\"image\/png\" \/>\n<meta name=\"twitter:card\" content=\"summary_large_image\" \/>\n<meta name=\"twitter:label1\" content=\"Est. reading time\" \/>\n\t<meta name=\"twitter:data1\" content=\"1 min\u016bte\" \/>\n<script type=\"application\/ld+json\" class=\"yoast-schema-graph\">{\"@context\":\"https:\\\/\\\/schema.org\",\"@graph\":[{\"@type\":\"WebPage\",\"@id\":\"https:\\\/\\\/kidsplay.lt\\\/produktas\\\/traukinio-trasa-medinis-traukinys-ir-figuros-110-vnt\\\/\",\"url\":\"https:\\\/\\\/kidsplay.lt\\\/produktas\\\/traukinio-trasa-medinis-traukinys-ir-figuros-110-vnt\\\/\",\"name\":\"Traukinio trasa medinis traukinys ir fig\u016bros 110 vnt.\",\"isPartOf\":{\"@id\":\"https:\\\/\\\/kidsplay.lt\\\/#website\"},\"primaryImageOfPage\":{\"@id\":\"https:\\\/\\\/kidsplay.lt\\\/produktas\\\/traukinio-trasa-medinis-traukinys-ir-figuros-110-vnt\\\/#primaryimage\"},\"image\":{\"@id\":\"https:\\\/\\\/kidsplay.lt\\\/produktas\\\/traukinio-trasa-medinis-traukinys-ir-figuros-110-vnt\\\/#primaryimage\"},\"thumbnailUrl\":\"https:\\\/\\\/kidsplay.lt\\\/wp-content\\\/uploads\\\/2024\\\/09\\\/Traukinio-trasa-medinis-traukinys-ir-figuros-110-vnt.jpg\",\"datePublished\":\"2026-02-26T07:26:16+00:00\",\"dateModified\":\"2026-04-07T07:41:41+00:00\",\"description\":\"Traukinio trasa medinis traukinys ir fig\u016bros 110 vnt. - KidsPlay. Did\u017eiausias vaik\u0173 \u017eaisl\u0173 pasirinkimas.\",\"breadcrumb\":{\"@id\":\"https:\\\/\\\/kidsplay.lt\\\/produktas\\\/traukinio-trasa-medinis-traukinys-ir-figuros-110-vnt\\\/#breadcrumb\"},\"inLanguage\":\"lv-LV\",\"potentialAction\":[{\"@type\":\"ReadAction\",\"target\":[\"https:\\\/\\\/kidsplay.lt\\\/produktas\\\/traukinio-trasa-medinis-traukinys-ir-figuros-110-vnt\\\/\"]}]},{\"@type\":\"ImageObject\",\"inLanguage\":\"lv-LV\",\"@id\":\"https:\\\/\\\/kidsplay.lt\\\/produktas\\\/traukinio-trasa-medinis-traukinys-ir-figuros-110-vnt\\\/#primaryimage\",\"url\":\"https:\\\/\\\/kidsplay.lt\\\/wp-content\\\/uploads\\\/2024\\\/09\\\/Traukinio-trasa-medinis-traukinys-ir-figuros-110-vnt.jpg\",\"contentUrl\":\"https:\\\/\\\/kidsplay.lt\\\/wp-content\\\/uploads\\\/2024\\\/09\\\/Traukinio-trasa-medinis-traukinys-ir-figuros-110-vnt.jpg\",\"width\":2560,\"height\":2560,\"caption\":\"Traukinio trasa medinis traukinys ir fig\u016bros 110 vnt.\"},{\"@type\":\"BreadcrumbList\",\"@id\":\"https:\\\/\\\/kidsplay.lt\\\/produktas\\\/traukinio-trasa-medinis-traukinys-ir-figuros-110-vnt\\\/#breadcrumb\",\"itemListElement\":[{\"@type\":\"ListItem\",\"position\":1,\"name\":\"Pagrindinis\",\"item\":\"https:\\\/\\\/kidsplay.lt\\\/\"},{\"@type\":\"ListItem\",\"position\":2,\"name\":\"Parduotuv\u0117\",\"item\":\"https:\\\/\\\/kidsplay.lt\\\/parduotuve\\\/\"},{\"@type\":\"ListItem\",\"position\":3,\"name\":\"Traukinio trasa medinis traukinys ir fig\u016bros 110 vnt.\"}]},{\"@type\":\"WebSite\",\"@id\":\"https:\\\/\\\/kidsplay.lt\\\/#website\",\"url\":\"https:\\\/\\\/kidsplay.lt\\\/\",\"name\":\"Kidsplay.lt\",\"description\":\"\u012evairios prek\u0117s vaikams\",\"publisher\":{\"@id\":\"https:\\\/\\\/kidsplay.lt\\\/#organization\"},\"alternateName\":\"Kidsplay\",\"potentialAction\":[{\"@type\":\"SearchAction\",\"target\":{\"@type\":\"EntryPoint\",\"urlTemplate\":\"https:\\\/\\\/kidsplay.lt\\\/?s={search_term_string}\"},\"query-input\":{\"@type\":\"PropertyValueSpecification\",\"valueRequired\":true,\"valueName\":\"search_term_string\"}}],\"inLanguage\":\"lv-LV\"},{\"@type\":\"Organization\",\"@id\":\"https:\\\/\\\/kidsplay.lt\\\/#organization\",\"name\":\"KidsPlay\",\"url\":\"https:\\\/\\\/kidsplay.lt\\\/\",\"logo\":{\"@type\":\"ImageObject\",\"inLanguage\":\"lv-LV\",\"@id\":\"https:\\\/\\\/kidsplay.lt\\\/#\\\/schema\\\/logo\\\/image\\\/\",\"url\":\"https:\\\/\\\/kidsplay.lt\\\/wp-content\\\/uploads\\\/2023\\\/07\\\/kidsplay-logo.png\",\"contentUrl\":\"https:\\\/\\\/kidsplay.lt\\\/wp-content\\\/uploads\\\/2023\\\/07\\\/kidsplay-logo.png\",\"width\":451,\"height\":98,\"caption\":\"KidsPlay\"},\"image\":{\"@id\":\"https:\\\/\\\/kidsplay.lt\\\/#\\\/schema\\\/logo\\\/image\\\/\"},\"sameAs\":[\"https:\\\/\\\/www.facebook.com\\\/www.kidsplay.lt\"]}]}<\/script>\n<!-- \/ Yoast SEO plugin. -->","yoast_head_json":{"title":"Traukinio trasa medinis traukinys ir fig\u016bros 110 vnt.","description":"Traukinio trasa medinis traukinys ir fig\u016bros 110 vnt. - KidsPlay. Did\u017eiausias vaik\u0173 \u017eaisl\u0173 pasirinkimas.","robots":{"index":"index","follow":"follow","max-snippet":"max-snippet:-1","max-image-preview":"max-image-preview:large","max-video-preview":"max-video-preview:-1"},"canonical":"https:\/\/kidsplay.lt\/lv\/products\/traukinio-trasa-medinis-traukinys-ir-figuros-110-vnt\/","og_locale":"lv_LV","og_type":"article","og_title":"Traukinio trasa medinis traukinys ir fig\u016bros 110 vnt.","og_description":"Traukinio trasa medinis traukinys ir fig\u016bros 110 vnt. - KidsPlay. Did\u017eiausias vaik\u0173 \u017eaisl\u0173 pasirinkimas.","og_url":"https:\/\/kidsplay.lt\/lv\/products\/traukinio-trasa-medinis-traukinys-ir-figuros-110-vnt\/","og_site_name":"KidsPlay","article_publisher":"https:\/\/www.facebook.com\/www.kidsplay.lt","article_modified_time":"2026-04-07T07:41:41+00:00","og_image":[{"width":800,"height":800,"url":"https:\/\/kidsplay.lt\/wp-content\/uploads\/2024\/09\/Traukinio-trasa-medinis-traukinys-ir-figuros-110-vnt-800x800.jpg","type":"image\/png"}],"twitter_card":"summary_large_image","twitter_misc":{"Est. reading time":"1 min\u016bte"},"schema":{"@context":"https:\/\/schema.org","@graph":[{"@type":"WebPage","@id":"https:\/\/kidsplay.lt\/produktas\/traukinio-trasa-medinis-traukinys-ir-figuros-110-vnt\/","url":"https:\/\/kidsplay.lt\/produktas\/traukinio-trasa-medinis-traukinys-ir-figuros-110-vnt\/","name":"Traukinio trasa medinis traukinys ir fig\u016bros 110 vnt.","isPartOf":{"@id":"https:\/\/kidsplay.lt\/#website"},"primaryImageOfPage":{"@id":"https:\/\/kidsplay.lt\/produktas\/traukinio-trasa-medinis-traukinys-ir-figuros-110-vnt\/#primaryimage"},"image":{"@id":"https:\/\/kidsplay.lt\/produktas\/traukinio-trasa-medinis-traukinys-ir-figuros-110-vnt\/#primaryimage"},"thumbnailUrl":"https:\/\/kidsplay.lt\/wp-content\/uploads\/2024\/09\/Traukinio-trasa-medinis-traukinys-ir-figuros-110-vnt.jpg","datePublished":"2026-02-26T07:26:16+00:00","dateModified":"2026-04-07T07:41:41+00:00","description":"Traukinio trasa medinis traukinys ir fig\u016bros 110 vnt. - KidsPlay. Did\u017eiausias vaik\u0173 \u017eaisl\u0173 pasirinkimas.","breadcrumb":{"@id":"https:\/\/kidsplay.lt\/produktas\/traukinio-trasa-medinis-traukinys-ir-figuros-110-vnt\/#breadcrumb"},"inLanguage":"lv-LV","potentialAction":[{"@type":"ReadAction","target":["https:\/\/kidsplay.lt\/produktas\/traukinio-trasa-medinis-traukinys-ir-figuros-110-vnt\/"]}]},{"@type":"ImageObject","inLanguage":"lv-LV","@id":"https:\/\/kidsplay.lt\/produktas\/traukinio-trasa-medinis-traukinys-ir-figuros-110-vnt\/#primaryimage","url":"https:\/\/kidsplay.lt\/wp-content\/uploads\/2024\/09\/Traukinio-trasa-medinis-traukinys-ir-figuros-110-vnt.jpg","contentUrl":"https:\/\/kidsplay.lt\/wp-content\/uploads\/2024\/09\/Traukinio-trasa-medinis-traukinys-ir-figuros-110-vnt.jpg","width":2560,"height":2560,"caption":"Traukinio trasa medinis traukinys ir fig\u016bros 110 vnt."},{"@type":"BreadcrumbList","@id":"https:\/\/kidsplay.lt\/produktas\/traukinio-trasa-medinis-traukinys-ir-figuros-110-vnt\/#breadcrumb","itemListElement":[{"@type":"ListItem","position":1,"name":"Pagrindinis","item":"https:\/\/kidsplay.lt\/"},{"@type":"ListItem","position":2,"name":"Parduotuv\u0117","item":"https:\/\/kidsplay.lt\/parduotuve\/"},{"@type":"ListItem","position":3,"name":"Traukinio trasa medinis traukinys ir fig\u016bros 110 vnt."}]},{"@type":"WebSite","@id":"https:\/\/kidsplay.lt\/#website","url":"https:\/\/kidsplay.lt\/","name":"B\u0113rnu sp\u0113les.lv","description":"\u012evairios prek\u0117s vaikams","publisher":{"@id":"https:\/\/kidsplay.lt\/#organization"},"alternateName":"Kidsplay","potentialAction":[{"@type":"SearchAction","target":{"@type":"EntryPoint","urlTemplate":"https:\/\/kidsplay.lt\/?s={search_term_string}"},"query-input":{"@type":"PropertyValueSpecification","valueRequired":true,"valueName":"search_term_string"}}],"inLanguage":"lv-LV"},{"@type":"Organization","@id":"https:\/\/kidsplay.lt\/#organization","name":"B\u0113rnu sp\u0113le","url":"https:\/\/kidsplay.lt\/","logo":{"@type":"ImageObject","inLanguage":"lv-LV","@id":"https:\/\/kidsplay.lt\/#\/schema\/logo\/image\/","url":"https:\/\/kidsplay.lt\/wp-content\/uploads\/2023\/07\/kidsplay-logo.png","contentUrl":"https:\/\/kidsplay.lt\/wp-content\/uploads\/2023\/07\/kidsplay-logo.png","width":451,"height":98,"caption":"KidsPlay"},"image":{"@id":"https:\/\/kidsplay.lt\/#\/schema\/logo\/image\/"},"sameAs":["https:\/\/www.facebook.com\/www.kidsplay.lt"]}]}},"_links":{"self":[{"href":"https:\/\/kidsplay.lt\/lv\/wp-json\/wp\/v2\/product\/89650","targetHints":{"allow":["GET"]}}],"collection":[{"href":"https:\/\/kidsplay.lt\/lv\/wp-json\/wp\/v2\/product"}],"about":[{"href":"https:\/\/kidsplay.lt\/lv\/wp-json\/wp\/v2\/types\/product"}],"version-history":[{"count":1,"href":"https:\/\/kidsplay.lt\/lv\/wp-json\/wp\/v2\/product\/89650\/revisions"}],"predecessor-version":[{"id":89651,"href":"https:\/\/kidsplay.lt\/lv\/wp-json\/wp\/v2\/product\/89650\/revisions\/89651"}],"wp:featuredmedia":[{"embeddable":true,"href":"https:\/\/kidsplay.lt\/lv\/wp-json\/wp\/v2\/media\/55628"}],"wp:attachment":[{"href":"https:\/\/kidsplay.lt\/lv\/wp-json\/wp\/v2\/media?parent=89650"}],"wp:term":[{"taxonomy":"product_brand","embeddable":true,"href":"https:\/\/kidsplay.lt\/lv\/wp-json\/wp\/v2\/product_brand?post=89650"},{"taxonomy":"product_cat","embeddable":true,"href":"https:\/\/kidsplay.lt\/lv\/wp-json\/wp\/v2\/product_cat?post=89650"},{"taxonomy":"product_tag","embeddable":true,"href":"https:\/\/kidsplay.lt\/lv\/wp-json\/wp\/v2\/product_tag?post=89650"}],"curies":[{"name":"wp","href":"https:\/\/api.w.org\/{rel}","templated":true}]}}