{"id":89652,"date":"2026-02-26T09:26:20","date_gmt":"2026-02-26T07:26:20","guid":{"rendered":"https:\/\/kidsplay.lt\/produktas\/medinis-traukiamas-vezimelis-ir-kaladeles\/"},"modified":"2026-04-07T10:41:48","modified_gmt":"2026-04-07T07:41:48","slug":"medinis-traukiamas-vezimelis-ir-kaladeles","status":"publish","type":"product","link":"https:\/\/kidsplay.lt\/lv\/products\/medinis-traukiamas-vezimelis-ir-kaladeles\/","title":{"rendered":"Medinis traukiamas ve\u017eim\u0117lis ir kalad\u0117l\u0117s"},"content":{"rendered":"<p>\u201eVIGA PolarB\u201c\u00a0prek\u0117s \u017eenklo medinis traukiamas ve\u017eim\u0117lis\u00a0susideda i\u0161 pastelini\u0173 spalv\u0173 kalad\u0117li\u0173, dedam\u0173 ant patogaus ve\u017eim\u0117lio. Su 20 dali\u0173 medin\u0117mis kalad\u0117l\u0117mis galite sukurti \u012fvairi\u0173 form\u0173, spalv\u0173 ir \u012fsp\u016bd\u017ei\u0173 puo\u0161nius pastatus.\u00a0Smulki\u0105j\u0105 motorik\u0105 ir k\u016brybi\u0161kum\u0105\u00a0palaiko \u017eaidimas su mediniais konstrukcijos elementais. Pastatai pagaminti i\u0161 buko medienos, lakuoti, harmoning\u0173 spalv\u0173 ir atspar\u016bs vaikams. Pasibaigus \u017eaidimui, kalad\u0117les galima r\u016b\u0161iuoti atgal \u012f krep\u0161el\u012f ir akimirksniu viskas v\u0117l tvarkinga. Naudodamas virvel\u0119 vaikas gali tempti ve\u017eim\u0117l\u012f su i\u0161r\u016b\u0161iuotomis kalad\u0117l\u0117mis i\u0161ilgai grind\u0173.<\/p>\n<p>Charakteristika:<\/p>\n<p> \t&#8211; \u017daislas skirtas vaikams\u00a0nuo 18 m\u0117n<br \/>\n \t&#8211; Pagaminta i\u0161 med\u017eio, nuda\u017eyta vaikams saugiais da\u017eais<br \/>\n \t&#8211; Stilingas dizainas, puikiai tinka dovanai<br \/>\n \t&#8211; Rinkinyje yra 21 elementas, i\u0161 j\u0173 20 kalad\u0117li\u0173 ir ve\u017eim\u0117lis su virvele<\/p>\n<p>\u017daislas vysto:<\/p>\n<p> \t&#8211; Aki\u0173-rank\u0173 koordinacija<br \/>\n \t&#8211; Stambioji motorika<br \/>\n \t\u2013 Susikaupimas<\/p>","protected":false},"excerpt":{"rendered":"<p>\u201eVIGA PolarB\u201c\u00a0prek\u0117s \u017eenklo medinis traukiamas ve\u017eim\u0117lis\u00a0susideda i\u0161 pastelini\u0173 spalv\u0173 kalad\u0117li\u0173, dedam\u0173 ant patogaus ve\u017eim\u0117lio. Su 20 dali\u0173 medin\u0117mis kalad\u0117l\u0117mis galite<\/p>","protected":false},"featured_media":55640,"template":"","meta":{"_acf_changed":false,"_glsr_average":0,"_glsr_ranking":0,"_glsr_reviews":0},"product_brand":[],"product_cat":[409,883],"product_tag":[],"class_list":{"0":"post-89652","1":"product","2":"type-product","3":"status-publish","4":"has-post-thumbnail","6":"product_cat-mediniai-konstruktoriai-mediniai-zaislai","7":"product_cat-mediniai-zaislai-2","8":"\"style=\"background-color: #2ecc711c;\"","10":"first","11":"instock","12":"purchasable","13":"product-type-simple"},"acf":[],"yoast_head":"<!-- This site is optimized with the Yoast SEO plugin v27.3 - https:\/\/yoast.com\/product\/yoast-seo-wordpress\/ -->\n<title>Medinis traukiamas ve\u017eim\u0117lis ir kalad\u0117l\u0117s<\/title>\n<meta name=\"description\" content=\"Medinis traukiamas ve\u017eim\u0117lis ir kalad\u0117l\u0117s - KidsPlay. Did\u017eiausias vaik\u0173 \u017eaisl\u0173 pasirinkimas.\" \/>\n<meta name=\"robots\" content=\"index, follow, max-snippet:-1, max-image-preview:large, max-video-preview:-1\" \/>\n<link rel=\"canonical\" href=\"https:\/\/kidsplay.lt\/lv\/product\/medinis-traukiamas-vezimelis-ir-kaladeles\/\" \/>\n<meta property=\"og:locale\" content=\"lv_LV\" \/>\n<meta property=\"og:type\" content=\"article\" \/>\n<meta property=\"og:title\" content=\"Medinis traukiamas ve\u017eim\u0117lis ir kalad\u0117l\u0117s\" \/>\n<meta property=\"og:description\" content=\"Medinis traukiamas ve\u017eim\u0117lis ir kalad\u0117l\u0117s - KidsPlay. Did\u017eiausias vaik\u0173 \u017eaisl\u0173 pasirinkimas.\" \/>\n<meta property=\"og:url\" content=\"https:\/\/kidsplay.lt\/lv\/product\/medinis-traukiamas-vezimelis-ir-kaladeles\/\" \/>\n<meta property=\"og:site_name\" content=\"KidsPlay\" \/>\n<meta property=\"article:publisher\" content=\"https:\/\/www.facebook.com\/www.kidsplay.lt\" \/>\n<meta property=\"article:modified_time\" content=\"2026-04-07T07:41:48+00:00\" \/>\n<meta property=\"og:image\" content=\"https:\/\/kidsplay.lt\/wp-content\/uploads\/2024\/09\/Medinis-traukiamas-vezimelis-ir-kaladeles.jpg\" \/>\n\t<meta property=\"og:image:width\" content=\"2560\" \/>\n\t<meta property=\"og:image:height\" content=\"2560\" \/>\n\t<meta property=\"og:image:type\" content=\"image\/jpeg\" \/>\n<meta name=\"twitter:card\" content=\"summary_large_image\" \/>\n<meta name=\"twitter:label1\" content=\"Est. reading time\" \/>\n\t<meta name=\"twitter:data1\" content=\"1 min\u016bte\" \/>\n<script type=\"application\/ld+json\" class=\"yoast-schema-graph\">{\"@context\":\"https:\\\/\\\/schema.org\",\"@graph\":[{\"@type\":\"WebPage\",\"@id\":\"https:\\\/\\\/kidsplay.lt\\\/produktas\\\/medinis-traukiamas-vezimelis-ir-kaladeles\\\/\",\"url\":\"https:\\\/\\\/kidsplay.lt\\\/produktas\\\/medinis-traukiamas-vezimelis-ir-kaladeles\\\/\",\"name\":\"Medinis traukiamas ve\u017eim\u0117lis ir kalad\u0117l\u0117s\",\"isPartOf\":{\"@id\":\"https:\\\/\\\/kidsplay.lt\\\/#website\"},\"primaryImageOfPage\":{\"@id\":\"https:\\\/\\\/kidsplay.lt\\\/produktas\\\/medinis-traukiamas-vezimelis-ir-kaladeles\\\/#primaryimage\"},\"image\":{\"@id\":\"https:\\\/\\\/kidsplay.lt\\\/produktas\\\/medinis-traukiamas-vezimelis-ir-kaladeles\\\/#primaryimage\"},\"thumbnailUrl\":\"https:\\\/\\\/kidsplay.lt\\\/wp-content\\\/uploads\\\/2024\\\/09\\\/Medinis-traukiamas-vezimelis-ir-kaladeles.jpg\",\"datePublished\":\"2026-02-26T07:26:20+00:00\",\"dateModified\":\"2026-04-07T07:41:48+00:00\",\"description\":\"Medinis traukiamas ve\u017eim\u0117lis ir kalad\u0117l\u0117s - KidsPlay. Did\u017eiausias vaik\u0173 \u017eaisl\u0173 pasirinkimas.\",\"breadcrumb\":{\"@id\":\"https:\\\/\\\/kidsplay.lt\\\/produktas\\\/medinis-traukiamas-vezimelis-ir-kaladeles\\\/#breadcrumb\"},\"inLanguage\":\"lv-LV\",\"potentialAction\":[{\"@type\":\"ReadAction\",\"target\":[\"https:\\\/\\\/kidsplay.lt\\\/produktas\\\/medinis-traukiamas-vezimelis-ir-kaladeles\\\/\"]}]},{\"@type\":\"ImageObject\",\"inLanguage\":\"lv-LV\",\"@id\":\"https:\\\/\\\/kidsplay.lt\\\/produktas\\\/medinis-traukiamas-vezimelis-ir-kaladeles\\\/#primaryimage\",\"url\":\"https:\\\/\\\/kidsplay.lt\\\/wp-content\\\/uploads\\\/2024\\\/09\\\/Medinis-traukiamas-vezimelis-ir-kaladeles.jpg\",\"contentUrl\":\"https:\\\/\\\/kidsplay.lt\\\/wp-content\\\/uploads\\\/2024\\\/09\\\/Medinis-traukiamas-vezimelis-ir-kaladeles.jpg\",\"width\":2560,\"height\":2560,\"caption\":\"Medinis traukiamas ve\u017eim\u0117lis ir kalad\u0117l\u0117s\"},{\"@type\":\"BreadcrumbList\",\"@id\":\"https:\\\/\\\/kidsplay.lt\\\/produktas\\\/medinis-traukiamas-vezimelis-ir-kaladeles\\\/#breadcrumb\",\"itemListElement\":[{\"@type\":\"ListItem\",\"position\":1,\"name\":\"Pagrindinis\",\"item\":\"https:\\\/\\\/kidsplay.lt\\\/\"},{\"@type\":\"ListItem\",\"position\":2,\"name\":\"Parduotuv\u0117\",\"item\":\"https:\\\/\\\/kidsplay.lt\\\/parduotuve\\\/\"},{\"@type\":\"ListItem\",\"position\":3,\"name\":\"Medinis traukiamas ve\u017eim\u0117lis ir kalad\u0117l\u0117s\"}]},{\"@type\":\"WebSite\",\"@id\":\"https:\\\/\\\/kidsplay.lt\\\/#website\",\"url\":\"https:\\\/\\\/kidsplay.lt\\\/\",\"name\":\"Kidsplay.lt\",\"description\":\"\u012evairios prek\u0117s vaikams\",\"publisher\":{\"@id\":\"https:\\\/\\\/kidsplay.lt\\\/#organization\"},\"alternateName\":\"Kidsplay\",\"potentialAction\":[{\"@type\":\"SearchAction\",\"target\":{\"@type\":\"EntryPoint\",\"urlTemplate\":\"https:\\\/\\\/kidsplay.lt\\\/?s={search_term_string}\"},\"query-input\":{\"@type\":\"PropertyValueSpecification\",\"valueRequired\":true,\"valueName\":\"search_term_string\"}}],\"inLanguage\":\"lv-LV\"},{\"@type\":\"Organization\",\"@id\":\"https:\\\/\\\/kidsplay.lt\\\/#organization\",\"name\":\"KidsPlay\",\"url\":\"https:\\\/\\\/kidsplay.lt\\\/\",\"logo\":{\"@type\":\"ImageObject\",\"inLanguage\":\"lv-LV\",\"@id\":\"https:\\\/\\\/kidsplay.lt\\\/#\\\/schema\\\/logo\\\/image\\\/\",\"url\":\"https:\\\/\\\/kidsplay.lt\\\/wp-content\\\/uploads\\\/2023\\\/07\\\/kidsplay-logo.png\",\"contentUrl\":\"https:\\\/\\\/kidsplay.lt\\\/wp-content\\\/uploads\\\/2023\\\/07\\\/kidsplay-logo.png\",\"width\":451,\"height\":98,\"caption\":\"KidsPlay\"},\"image\":{\"@id\":\"https:\\\/\\\/kidsplay.lt\\\/#\\\/schema\\\/logo\\\/image\\\/\"},\"sameAs\":[\"https:\\\/\\\/www.facebook.com\\\/www.kidsplay.lt\"]}]}<\/script>\n<!-- \/ Yoast SEO plugin. -->","yoast_head_json":{"title":"Medinis traukiamas ve\u017eim\u0117lis ir kalad\u0117l\u0117s","description":"Medinis traukiamas ve\u017eim\u0117lis ir kalad\u0117l\u0117s - KidsPlay. Did\u017eiausias vaik\u0173 \u017eaisl\u0173 pasirinkimas.","robots":{"index":"index","follow":"follow","max-snippet":"max-snippet:-1","max-image-preview":"max-image-preview:large","max-video-preview":"max-video-preview:-1"},"canonical":"https:\/\/kidsplay.lt\/lv\/product\/medinis-traukiamas-vezimelis-ir-kaladeles\/","og_locale":"lv_LV","og_type":"article","og_title":"Medinis traukiamas ve\u017eim\u0117lis ir kalad\u0117l\u0117s","og_description":"Medinis traukiamas ve\u017eim\u0117lis ir kalad\u0117l\u0117s - KidsPlay. Did\u017eiausias vaik\u0173 \u017eaisl\u0173 pasirinkimas.","og_url":"https:\/\/kidsplay.lt\/lv\/product\/medinis-traukiamas-vezimelis-ir-kaladeles\/","og_site_name":"KidsPlay","article_publisher":"https:\/\/www.facebook.com\/www.kidsplay.lt","article_modified_time":"2026-04-07T07:41:48+00:00","og_image":[{"width":2560,"height":2560,"url":"https:\/\/kidsplay.lt\/wp-content\/uploads\/2024\/09\/Medinis-traukiamas-vezimelis-ir-kaladeles.jpg","type":"image\/jpeg"}],"twitter_card":"summary_large_image","twitter_misc":{"Est. reading time":"1 min\u016bte"},"schema":{"@context":"https:\/\/schema.org","@graph":[{"@type":"WebPage","@id":"https:\/\/kidsplay.lt\/produktas\/medinis-traukiamas-vezimelis-ir-kaladeles\/","url":"https:\/\/kidsplay.lt\/produktas\/medinis-traukiamas-vezimelis-ir-kaladeles\/","name":"Medinis traukiamas ve\u017eim\u0117lis ir kalad\u0117l\u0117s","isPartOf":{"@id":"https:\/\/kidsplay.lt\/#website"},"primaryImageOfPage":{"@id":"https:\/\/kidsplay.lt\/produktas\/medinis-traukiamas-vezimelis-ir-kaladeles\/#primaryimage"},"image":{"@id":"https:\/\/kidsplay.lt\/produktas\/medinis-traukiamas-vezimelis-ir-kaladeles\/#primaryimage"},"thumbnailUrl":"https:\/\/kidsplay.lt\/wp-content\/uploads\/2024\/09\/Medinis-traukiamas-vezimelis-ir-kaladeles.jpg","datePublished":"2026-02-26T07:26:20+00:00","dateModified":"2026-04-07T07:41:48+00:00","description":"Medinis traukiamas ve\u017eim\u0117lis ir kalad\u0117l\u0117s - KidsPlay. Did\u017eiausias vaik\u0173 \u017eaisl\u0173 pasirinkimas.","breadcrumb":{"@id":"https:\/\/kidsplay.lt\/produktas\/medinis-traukiamas-vezimelis-ir-kaladeles\/#breadcrumb"},"inLanguage":"lv-LV","potentialAction":[{"@type":"ReadAction","target":["https:\/\/kidsplay.lt\/produktas\/medinis-traukiamas-vezimelis-ir-kaladeles\/"]}]},{"@type":"ImageObject","inLanguage":"lv-LV","@id":"https:\/\/kidsplay.lt\/produktas\/medinis-traukiamas-vezimelis-ir-kaladeles\/#primaryimage","url":"https:\/\/kidsplay.lt\/wp-content\/uploads\/2024\/09\/Medinis-traukiamas-vezimelis-ir-kaladeles.jpg","contentUrl":"https:\/\/kidsplay.lt\/wp-content\/uploads\/2024\/09\/Medinis-traukiamas-vezimelis-ir-kaladeles.jpg","width":2560,"height":2560,"caption":"Medinis traukiamas ve\u017eim\u0117lis ir kalad\u0117l\u0117s"},{"@type":"BreadcrumbList","@id":"https:\/\/kidsplay.lt\/produktas\/medinis-traukiamas-vezimelis-ir-kaladeles\/#breadcrumb","itemListElement":[{"@type":"ListItem","position":1,"name":"Pagrindinis","item":"https:\/\/kidsplay.lt\/"},{"@type":"ListItem","position":2,"name":"Parduotuv\u0117","item":"https:\/\/kidsplay.lt\/parduotuve\/"},{"@type":"ListItem","position":3,"name":"Medinis traukiamas ve\u017eim\u0117lis ir kalad\u0117l\u0117s"}]},{"@type":"WebSite","@id":"https:\/\/kidsplay.lt\/#website","url":"https:\/\/kidsplay.lt\/","name":"B\u0113rnu sp\u0113les.lv","description":"\u012evairios prek\u0117s vaikams","publisher":{"@id":"https:\/\/kidsplay.lt\/#organization"},"alternateName":"Kidsplay","potentialAction":[{"@type":"SearchAction","target":{"@type":"EntryPoint","urlTemplate":"https:\/\/kidsplay.lt\/?s={search_term_string}"},"query-input":{"@type":"PropertyValueSpecification","valueRequired":true,"valueName":"search_term_string"}}],"inLanguage":"lv-LV"},{"@type":"Organization","@id":"https:\/\/kidsplay.lt\/#organization","name":"B\u0113rnu sp\u0113le","url":"https:\/\/kidsplay.lt\/","logo":{"@type":"ImageObject","inLanguage":"lv-LV","@id":"https:\/\/kidsplay.lt\/#\/schema\/logo\/image\/","url":"https:\/\/kidsplay.lt\/wp-content\/uploads\/2023\/07\/kidsplay-logo.png","contentUrl":"https:\/\/kidsplay.lt\/wp-content\/uploads\/2023\/07\/kidsplay-logo.png","width":451,"height":98,"caption":"KidsPlay"},"image":{"@id":"https:\/\/kidsplay.lt\/#\/schema\/logo\/image\/"},"sameAs":["https:\/\/www.facebook.com\/www.kidsplay.lt"]}]}},"_links":{"self":[{"href":"https:\/\/kidsplay.lt\/lv\/wp-json\/wp\/v2\/product\/89652","targetHints":{"allow":["GET"]}}],"collection":[{"href":"https:\/\/kidsplay.lt\/lv\/wp-json\/wp\/v2\/product"}],"about":[{"href":"https:\/\/kidsplay.lt\/lv\/wp-json\/wp\/v2\/types\/product"}],"version-history":[{"count":1,"href":"https:\/\/kidsplay.lt\/lv\/wp-json\/wp\/v2\/product\/89652\/revisions"}],"predecessor-version":[{"id":89653,"href":"https:\/\/kidsplay.lt\/lv\/wp-json\/wp\/v2\/product\/89652\/revisions\/89653"}],"wp:featuredmedia":[{"embeddable":true,"href":"https:\/\/kidsplay.lt\/lv\/wp-json\/wp\/v2\/media\/55640"}],"wp:attachment":[{"href":"https:\/\/kidsplay.lt\/lv\/wp-json\/wp\/v2\/media?parent=89652"}],"wp:term":[{"taxonomy":"product_brand","embeddable":true,"href":"https:\/\/kidsplay.lt\/lv\/wp-json\/wp\/v2\/product_brand?post=89652"},{"taxonomy":"product_cat","embeddable":true,"href":"https:\/\/kidsplay.lt\/lv\/wp-json\/wp\/v2\/product_cat?post=89652"},{"taxonomy":"product_tag","embeddable":true,"href":"https:\/\/kidsplay.lt\/lv\/wp-json\/wp\/v2\/product_tag?post=89652"}],"curies":[{"name":"wp","href":"https:\/\/api.w.org\/{rel}","templated":true}]}}