{"id":89658,"date":"2026-02-26T09:26:27","date_gmt":"2026-02-26T07:26:27","guid":{"rendered":"https:\/\/kidsplay.lt\/produktas\/viga-medines-deliones-montessori-2in1-transporto-priemones\/"},"modified":"2026-04-13T15:03:30","modified_gmt":"2026-04-13T12:03:30","slug":"viga-medines-deliones-montessori-2in1-transporto-priemones","status":"publish","type":"product","link":"https:\/\/kidsplay.lt\/lv\/products\/viga-medines-deliones-montessori-2in1-transporto-priemones\/","title":{"rendered":"VIGA koka puzles Montessori 2in1 transportl\u012bdzek\u013ci"},"content":{"rendered":"<p>Medin\u0117\u00a0VIGA\u00a0d\u0117lion\u0117 transporto tema. Rinkin\u012f sudaro spalvinga lenta ir 7 detal\u0117s. \u017daidimas susideda i\u0161\u00a0transporto priemoni\u0173 plyteli\u0173\u00a0priderinimo prie atitinkam\u0173 viet\u0173\u00a0spalvingame pagrinde, ant kurio\u00a0yra\u00a0tr\u016bkstam\u0173 detali\u0173 iliustracijos, kad b\u016bt\u0173 lengva jas rasti. \u0160is u\u017esi\u0117mimas pad\u0117s\u00a0lavinti tikslius rank\u0173 judesius\u00a0,\u00a0\u00a0gerinti aki\u0173 ir rank\u0173 koordinacij\u0105\u00a0, taip pat\u00a0lavins atmint\u012f\u00a0,\u00a0login\u012f m\u0105stym\u0105 ir susikaupim\u0105\u00a0. D\u0117l detali\u0173 storio d\u0117lion\u0119 galima naudoti kaip fig\u016br\u0117les kituose \u017eaidimuose.<\/p>\n<p>Rakstur\u012bgs:<\/p>\n<p> \t&#8211; \u017eaislas\u00a0nuo 18 m\u0117nesi\u0173 am\u017eiaus<br \/>\n \t&#8211;\u00a0spalvinga lenta\u00a0su tr\u016bkstam\u0173 element\u0173 pie\u0161iniais<br \/>\n \t&#8211; 7\u00a0\u00a0transporto priemoni\u0173 galvos\u016bkiai:\u00a0l\u0117ktuvas, sraigtasparnis, savivartis, dviratis, automobilis, autobusas\u00a0ir\u00a0laivas<br \/>\n \t&#8211; d\u0117lion\u0117s\u00a0gali b\u016bti naudojamos kaip fig\u016br\u0117l\u0117s<br \/>\n \t&#8211;\u00a0\u00a0\u017eaislas, pagamintas i\u0161 med\u017eio<\/p>\n<p>Rota\u013clieta att\u012bst\u0101s:<\/p>\n<p> \t- lo\u0123isk\u0101 dom\u0101\u0161ana<br \/>\n \t\u2013 izt\u0113le<br \/>\n \t&#8211; rank\u0173 judesi\u0173 tikslumas<br \/>\n \t&#8211; aki\u0173-rank\u0173 koordinacija<\/p>","protected":false},"excerpt":{"rendered":"<p>Medin\u0117\u00a0VIGA\u00a0d\u0117lion\u0117 transporto tema. Rinkin\u012f sudaro spalvinga lenta ir 7 detal\u0117s. \u017daidimas susideda i\u0161\u00a0transporto priemoni\u0173 plyteli\u0173\u00a0priderinimo prie atitinkam\u0173 viet\u0173\u00a0spalvingame pagrinde, ant<\/p>","protected":false},"featured_media":67657,"template":"","meta":{"_acf_changed":false,"_glsr_average":0,"_glsr_ranking":0,"_glsr_reviews":0},"product_brand":[],"product_cat":[884,883],"product_tag":[],"class_list":{"0":"post-89658","1":"product","2":"type-product","3":"status-publish","4":"has-post-thumbnail","6":"product_cat-edukaciniai-lavinamieji-mediniai-zaislai","7":"product_cat-mediniai-zaislai-2","8":"\"style=\"background-color: #2ecc711c;\"","10":"first","11":"instock","12":"purchasable","13":"product-type-simple"},"acf":[],"yoast_head":"<!-- This site is optimized with the Yoast SEO plugin v27.4 - https:\/\/yoast.com\/product\/yoast-seo-wordpress\/ -->\n<title>VIGA medin\u0117s d\u0117lion\u0117s Montessori 2in1 transporto priemon\u0117s<\/title>\n<meta name=\"description\" content=\"VIGA medin\u0117s d\u0117lion\u0117s Montessori 2in1 transporto priemon\u0117s - KidsPlay. Did\u017eiausias vaik\u0173 \u017eaisl\u0173 pasirinkimas.\" \/>\n<meta name=\"robots\" content=\"index, follow, max-snippet:-1, max-image-preview:large, max-video-preview:-1\" \/>\n<link rel=\"canonical\" href=\"https:\/\/kidsplay.lt\/lv\/products\/viga-medines-deliones-montessori-2in1-transporto-priemones\/\" \/>\n<meta property=\"og:locale\" content=\"lv_LV\" \/>\n<meta property=\"og:type\" content=\"article\" \/>\n<meta property=\"og:title\" content=\"VIGA medin\u0117s d\u0117lion\u0117s Montessori 2in1 transporto priemon\u0117s\" \/>\n<meta property=\"og:description\" content=\"VIGA medin\u0117s d\u0117lion\u0117s Montessori 2in1 transporto priemon\u0117s - KidsPlay. Did\u017eiausias vaik\u0173 \u017eaisl\u0173 pasirinkimas.\" \/>\n<meta property=\"og:url\" content=\"https:\/\/kidsplay.lt\/lv\/products\/viga-medines-deliones-montessori-2in1-transporto-priemones\/\" \/>\n<meta property=\"og:site_name\" content=\"KidsPlay\" \/>\n<meta property=\"article:publisher\" content=\"https:\/\/www.facebook.com\/www.kidsplay.lt\" \/>\n<meta property=\"article:modified_time\" content=\"2026-04-13T12:03:30+00:00\" \/>\n<meta property=\"og:image\" content=\"https:\/\/kidsplay.lt\/wp-content\/uploads\/2025\/09\/VIGA-medines-deliones-Montessori-2in1-transporto-priemones.jpg\" \/>\n\t<meta property=\"og:image:width\" content=\"2560\" \/>\n\t<meta property=\"og:image:height\" content=\"2560\" \/>\n\t<meta property=\"og:image:type\" content=\"image\/jpeg\" \/>\n<meta name=\"twitter:card\" content=\"summary_large_image\" \/>\n<meta name=\"twitter:label1\" content=\"Est. reading time\" \/>\n\t<meta name=\"twitter:data1\" content=\"1 min\u016bte\" \/>\n<script type=\"application\/ld+json\" class=\"yoast-schema-graph\">{\"@context\":\"https:\\\/\\\/schema.org\",\"@graph\":[{\"@type\":\"WebPage\",\"@id\":\"https:\\\/\\\/kidsplay.lt\\\/produktas\\\/viga-medines-deliones-montessori-2in1-transporto-priemones\\\/\",\"url\":\"https:\\\/\\\/kidsplay.lt\\\/produktas\\\/viga-medines-deliones-montessori-2in1-transporto-priemones\\\/\",\"name\":\"VIGA medin\u0117s d\u0117lion\u0117s Montessori 2in1 transporto priemon\u0117s\",\"isPartOf\":{\"@id\":\"https:\\\/\\\/kidsplay.lt\\\/#website\"},\"primaryImageOfPage\":{\"@id\":\"https:\\\/\\\/kidsplay.lt\\\/produktas\\\/viga-medines-deliones-montessori-2in1-transporto-priemones\\\/#primaryimage\"},\"image\":{\"@id\":\"https:\\\/\\\/kidsplay.lt\\\/produktas\\\/viga-medines-deliones-montessori-2in1-transporto-priemones\\\/#primaryimage\"},\"thumbnailUrl\":\"https:\\\/\\\/kidsplay.lt\\\/wp-content\\\/uploads\\\/2025\\\/09\\\/VIGA-medines-deliones-Montessori-2in1-transporto-priemones.jpg\",\"datePublished\":\"2026-02-26T07:26:27+00:00\",\"dateModified\":\"2026-04-13T12:03:30+00:00\",\"description\":\"VIGA medin\u0117s d\u0117lion\u0117s Montessori 2in1 transporto priemon\u0117s - KidsPlay. Did\u017eiausias vaik\u0173 \u017eaisl\u0173 pasirinkimas.\",\"breadcrumb\":{\"@id\":\"https:\\\/\\\/kidsplay.lt\\\/produktas\\\/viga-medines-deliones-montessori-2in1-transporto-priemones\\\/#breadcrumb\"},\"inLanguage\":\"lv-LV\",\"potentialAction\":[{\"@type\":\"ReadAction\",\"target\":[\"https:\\\/\\\/kidsplay.lt\\\/produktas\\\/viga-medines-deliones-montessori-2in1-transporto-priemones\\\/\"]}]},{\"@type\":\"ImageObject\",\"inLanguage\":\"lv-LV\",\"@id\":\"https:\\\/\\\/kidsplay.lt\\\/produktas\\\/viga-medines-deliones-montessori-2in1-transporto-priemones\\\/#primaryimage\",\"url\":\"https:\\\/\\\/kidsplay.lt\\\/wp-content\\\/uploads\\\/2025\\\/09\\\/VIGA-medines-deliones-Montessori-2in1-transporto-priemones.jpg\",\"contentUrl\":\"https:\\\/\\\/kidsplay.lt\\\/wp-content\\\/uploads\\\/2025\\\/09\\\/VIGA-medines-deliones-Montessori-2in1-transporto-priemones.jpg\",\"width\":2560,\"height\":2560,\"caption\":\"VIGA medin\u0117s d\u0117lion\u0117s Montessori 2in1 transporto priemon\u0117s\"},{\"@type\":\"BreadcrumbList\",\"@id\":\"https:\\\/\\\/kidsplay.lt\\\/produktas\\\/viga-medines-deliones-montessori-2in1-transporto-priemones\\\/#breadcrumb\",\"itemListElement\":[{\"@type\":\"ListItem\",\"position\":1,\"name\":\"Pagrindinis\",\"item\":\"https:\\\/\\\/kidsplay.lt\\\/\"},{\"@type\":\"ListItem\",\"position\":2,\"name\":\"Parduotuv\u0117\",\"item\":\"https:\\\/\\\/kidsplay.lt\\\/parduotuve\\\/\"},{\"@type\":\"ListItem\",\"position\":3,\"name\":\"VIGA medin\u0117s d\u0117lion\u0117s Montessori 2in1 transporto priemon\u0117s\"}]},{\"@type\":\"WebSite\",\"@id\":\"https:\\\/\\\/kidsplay.lt\\\/#website\",\"url\":\"https:\\\/\\\/kidsplay.lt\\\/\",\"name\":\"Kidsplay.lt\",\"description\":\"\u012evairios prek\u0117s vaikams\",\"publisher\":{\"@id\":\"https:\\\/\\\/kidsplay.lt\\\/#organization\"},\"alternateName\":\"Kidsplay\",\"potentialAction\":[{\"@type\":\"SearchAction\",\"target\":{\"@type\":\"EntryPoint\",\"urlTemplate\":\"https:\\\/\\\/kidsplay.lt\\\/?s={search_term_string}\"},\"query-input\":{\"@type\":\"PropertyValueSpecification\",\"valueRequired\":true,\"valueName\":\"search_term_string\"}}],\"inLanguage\":\"lv-LV\"},{\"@type\":\"Organization\",\"@id\":\"https:\\\/\\\/kidsplay.lt\\\/#organization\",\"name\":\"KidsPlay\",\"url\":\"https:\\\/\\\/kidsplay.lt\\\/\",\"logo\":{\"@type\":\"ImageObject\",\"inLanguage\":\"lv-LV\",\"@id\":\"https:\\\/\\\/kidsplay.lt\\\/#\\\/schema\\\/logo\\\/image\\\/\",\"url\":\"https:\\\/\\\/kidsplay.lt\\\/wp-content\\\/uploads\\\/2023\\\/07\\\/kidsplay-logo.png\",\"contentUrl\":\"https:\\\/\\\/kidsplay.lt\\\/wp-content\\\/uploads\\\/2023\\\/07\\\/kidsplay-logo.png\",\"width\":451,\"height\":98,\"caption\":\"KidsPlay\"},\"image\":{\"@id\":\"https:\\\/\\\/kidsplay.lt\\\/#\\\/schema\\\/logo\\\/image\\\/\"},\"sameAs\":[\"https:\\\/\\\/www.facebook.com\\\/www.kidsplay.lt\"]}]}<\/script>\n<!-- \/ Yoast SEO plugin. -->","yoast_head_json":{"title":"VIGA koka puzles Montessori 2in1 transportl\u012bdzek\u013ci","description":"VIGA medin\u0117s d\u0117lion\u0117s Montessori 2in1 transporto priemon\u0117s - KidsPlay. Did\u017eiausias vaik\u0173 \u017eaisl\u0173 pasirinkimas.","robots":{"index":"index","follow":"follow","max-snippet":"max-snippet:-1","max-image-preview":"max-image-preview:large","max-video-preview":"max-video-preview:-1"},"canonical":"https:\/\/kidsplay.lt\/lv\/products\/viga-medines-deliones-montessori-2in1-transporto-priemones\/","og_locale":"lv_LV","og_type":"article","og_title":"VIGA medin\u0117s d\u0117lion\u0117s Montessori 2in1 transporto priemon\u0117s","og_description":"VIGA medin\u0117s d\u0117lion\u0117s Montessori 2in1 transporto priemon\u0117s - KidsPlay. Did\u017eiausias vaik\u0173 \u017eaisl\u0173 pasirinkimas.","og_url":"https:\/\/kidsplay.lt\/lv\/products\/viga-medines-deliones-montessori-2in1-transporto-priemones\/","og_site_name":"KidsPlay","article_publisher":"https:\/\/www.facebook.com\/www.kidsplay.lt","article_modified_time":"2026-04-13T12:03:30+00:00","og_image":[{"width":2560,"height":2560,"url":"https:\/\/kidsplay.lt\/wp-content\/uploads\/2025\/09\/VIGA-medines-deliones-Montessori-2in1-transporto-priemones.jpg","type":"image\/jpeg"}],"twitter_card":"summary_large_image","twitter_misc":{"Est. reading time":"1 min\u016bte"},"schema":{"@context":"https:\/\/schema.org","@graph":[{"@type":"WebPage","@id":"https:\/\/kidsplay.lt\/produktas\/viga-medines-deliones-montessori-2in1-transporto-priemones\/","url":"https:\/\/kidsplay.lt\/produktas\/viga-medines-deliones-montessori-2in1-transporto-priemones\/","name":"VIGA koka puzles Montessori 2in1 transportl\u012bdzek\u013ci","isPartOf":{"@id":"https:\/\/kidsplay.lt\/#website"},"primaryImageOfPage":{"@id":"https:\/\/kidsplay.lt\/produktas\/viga-medines-deliones-montessori-2in1-transporto-priemones\/#primaryimage"},"image":{"@id":"https:\/\/kidsplay.lt\/produktas\/viga-medines-deliones-montessori-2in1-transporto-priemones\/#primaryimage"},"thumbnailUrl":"https:\/\/kidsplay.lt\/wp-content\/uploads\/2025\/09\/VIGA-medines-deliones-Montessori-2in1-transporto-priemones.jpg","datePublished":"2026-02-26T07:26:27+00:00","dateModified":"2026-04-13T12:03:30+00:00","description":"VIGA medin\u0117s d\u0117lion\u0117s Montessori 2in1 transporto priemon\u0117s - KidsPlay. Did\u017eiausias vaik\u0173 \u017eaisl\u0173 pasirinkimas.","breadcrumb":{"@id":"https:\/\/kidsplay.lt\/produktas\/viga-medines-deliones-montessori-2in1-transporto-priemones\/#breadcrumb"},"inLanguage":"lv-LV","potentialAction":[{"@type":"ReadAction","target":["https:\/\/kidsplay.lt\/produktas\/viga-medines-deliones-montessori-2in1-transporto-priemones\/"]}]},{"@type":"ImageObject","inLanguage":"lv-LV","@id":"https:\/\/kidsplay.lt\/produktas\/viga-medines-deliones-montessori-2in1-transporto-priemones\/#primaryimage","url":"https:\/\/kidsplay.lt\/wp-content\/uploads\/2025\/09\/VIGA-medines-deliones-Montessori-2in1-transporto-priemones.jpg","contentUrl":"https:\/\/kidsplay.lt\/wp-content\/uploads\/2025\/09\/VIGA-medines-deliones-Montessori-2in1-transporto-priemones.jpg","width":2560,"height":2560,"caption":"VIGA medin\u0117s d\u0117lion\u0117s Montessori 2in1 transporto priemon\u0117s"},{"@type":"BreadcrumbList","@id":"https:\/\/kidsplay.lt\/produktas\/viga-medines-deliones-montessori-2in1-transporto-priemones\/#breadcrumb","itemListElement":[{"@type":"ListItem","position":1,"name":"Pagrindinis","item":"https:\/\/kidsplay.lt\/"},{"@type":"ListItem","position":2,"name":"Parduotuv\u0117","item":"https:\/\/kidsplay.lt\/parduotuve\/"},{"@type":"ListItem","position":3,"name":"VIGA medin\u0117s d\u0117lion\u0117s Montessori 2in1 transporto priemon\u0117s"}]},{"@type":"WebSite","@id":"https:\/\/kidsplay.lt\/#website","url":"https:\/\/kidsplay.lt\/","name":"B\u0113rnu sp\u0113les.lv","description":"\u012evairios prek\u0117s vaikams","publisher":{"@id":"https:\/\/kidsplay.lt\/#organization"},"alternateName":"Kidsplay","potentialAction":[{"@type":"SearchAction","target":{"@type":"EntryPoint","urlTemplate":"https:\/\/kidsplay.lt\/?s={search_term_string}"},"query-input":{"@type":"PropertyValueSpecification","valueRequired":true,"valueName":"search_term_string"}}],"inLanguage":"lv-LV"},{"@type":"Organization","@id":"https:\/\/kidsplay.lt\/#organization","name":"B\u0113rnu sp\u0113le","url":"https:\/\/kidsplay.lt\/","logo":{"@type":"ImageObject","inLanguage":"lv-LV","@id":"https:\/\/kidsplay.lt\/#\/schema\/logo\/image\/","url":"https:\/\/kidsplay.lt\/wp-content\/uploads\/2023\/07\/kidsplay-logo.png","contentUrl":"https:\/\/kidsplay.lt\/wp-content\/uploads\/2023\/07\/kidsplay-logo.png","width":451,"height":98,"caption":"KidsPlay"},"image":{"@id":"https:\/\/kidsplay.lt\/#\/schema\/logo\/image\/"},"sameAs":["https:\/\/www.facebook.com\/www.kidsplay.lt"]}]}},"_links":{"self":[{"href":"https:\/\/kidsplay.lt\/lv\/wp-json\/wp\/v2\/product\/89658","targetHints":{"allow":["GET"]}}],"collection":[{"href":"https:\/\/kidsplay.lt\/lv\/wp-json\/wp\/v2\/product"}],"about":[{"href":"https:\/\/kidsplay.lt\/lv\/wp-json\/wp\/v2\/types\/product"}],"version-history":[{"count":1,"href":"https:\/\/kidsplay.lt\/lv\/wp-json\/wp\/v2\/product\/89658\/revisions"}],"predecessor-version":[{"id":89659,"href":"https:\/\/kidsplay.lt\/lv\/wp-json\/wp\/v2\/product\/89658\/revisions\/89659"}],"wp:featuredmedia":[{"embeddable":true,"href":"https:\/\/kidsplay.lt\/lv\/wp-json\/wp\/v2\/media\/67657"}],"wp:attachment":[{"href":"https:\/\/kidsplay.lt\/lv\/wp-json\/wp\/v2\/media?parent=89658"}],"wp:term":[{"taxonomy":"product_brand","embeddable":true,"href":"https:\/\/kidsplay.lt\/lv\/wp-json\/wp\/v2\/product_brand?post=89658"},{"taxonomy":"product_cat","embeddable":true,"href":"https:\/\/kidsplay.lt\/lv\/wp-json\/wp\/v2\/product_cat?post=89658"},{"taxonomy":"product_tag","embeddable":true,"href":"https:\/\/kidsplay.lt\/lv\/wp-json\/wp\/v2\/product_tag?post=89658"}],"curies":[{"name":"wp","href":"https:\/\/api.w.org\/{rel}","templated":true}]}}