{"id":89664,"date":"2026-02-26T09:26:39","date_gmt":"2026-02-26T07:26:39","guid":{"rendered":"https:\/\/kidsplay.lt\/produktas\/medine-delione-gaidys-su-smeigtukais\/"},"modified":"2026-04-07T10:42:16","modified_gmt":"2026-04-07T07:42:16","slug":"medine-delione-gaidys-su-smeigtukais","status":"publish","type":"product","link":"https:\/\/kidsplay.lt\/lv\/products\/medine-delione-gaidys-su-smeigtukais\/","title":{"rendered":"Koka puzles gailis ar adat\u0101m"},"content":{"rendered":"<p>\u017daidimas, \u012fkv\u0117ptas Maria Montessori metodo, leid\u017eia ma\u017eiems vaikams susipa\u017einti su gyv\u016bnais, skatina gestus, lyt\u0117jim\u0105, lavina form\u0173 suvokim\u0105 ir erdv\u0117s poj\u016bt\u012f. \u0160is multisensorinis po\u017ei\u016bris skatina nuodugnesn\u012f mokym\u0105si, o tai labai svarbu pa\u017eintiniam vystymuisi.<\/p>\n<p>Charakteristika:<\/p>\n<p> \t&#8211; d\u0117lion\u0117 susideda i\u0161 8 dali\u0173 su smeigtukais,<br \/>\n \t&#8211; vaiko u\u017eduotis yra surinkti gaid\u012f i\u0161 turim\u0173 element\u0173, derinant ne tik paveiksl\u0117l\u012f, bet ir atitinkam\u0173 element\u0173 form\u0105;<br \/>\n \t&#8211; Smeigtukai palengvina ma\u017eoms rankyt\u0117ms sugriebti ir laikyti d\u0117lion\u0117s dalis,<br \/>\n \t&#8211; visa gyv\u016bn\u0173 galvos\u016bki\u0173 kolekcija, kuri\u0105 reikia rinkti.<\/p>\n<p>\u017daislas vysto:<\/p>\n<p> \t&#8211; jutimo,<br \/>\n \t&#8211; smulkioji motorika,<br \/>\n \t&#8211; rank\u0173 ir aki\u0173 koordinacija,<br \/>\n \t&#8211; vaizduot\u0117.<\/p>","protected":false},"excerpt":{"rendered":"<p>\u017daidimas, \u012fkv\u0117ptas Maria Montessori metodo, leid\u017eia ma\u017eiems vaikams susipa\u017einti su gyv\u016bnais, skatina gestus, lyt\u0117jim\u0105, lavina form\u0173 suvokim\u0105 ir erdv\u0117s poj\u016bt\u012f.<\/p>","protected":false},"featured_media":54384,"template":"","meta":{"_acf_changed":false,"_glsr_average":0,"_glsr_ranking":0,"_glsr_reviews":0},"product_brand":[],"product_cat":[397,883],"product_tag":[],"class_list":{"0":"post-89664","1":"product","2":"type-product","3":"status-publish","4":"has-post-thumbnail","6":"product_cat-medines-deliones-mediniai-zaislai","7":"product_cat-mediniai-zaislai-2","8":"\"style=\"background-color: #2ecc711c;\"","10":"first","11":"instock","12":"purchasable","13":"product-type-simple"},"acf":[],"yoast_head":"<!-- This site is optimized with the Yoast SEO plugin v27.3 - https:\/\/yoast.com\/product\/yoast-seo-wordpress\/ -->\n<title>Medin\u0117 d\u0117lion\u0117 gaidys su smeigtukais<\/title>\n<meta name=\"description\" content=\"Medin\u0117 d\u0117lion\u0117 gaidys su smeigtukais - KidsPlay. Did\u017eiausias vaik\u0173 \u017eaisl\u0173 pasirinkimas.\" \/>\n<meta name=\"robots\" content=\"index, follow, max-snippet:-1, max-image-preview:large, max-video-preview:-1\" \/>\n<link rel=\"canonical\" href=\"https:\/\/kidsplay.lt\/lv\/products\/medine-delione-gaidys-su-smeigtukais\/\" \/>\n<meta property=\"og:locale\" content=\"lv_LV\" \/>\n<meta property=\"og:type\" content=\"article\" \/>\n<meta property=\"og:title\" content=\"Medin\u0117 d\u0117lion\u0117 gaidys su smeigtukais\" \/>\n<meta property=\"og:description\" content=\"Medin\u0117 d\u0117lion\u0117 gaidys su smeigtukais - KidsPlay. Did\u017eiausias vaik\u0173 \u017eaisl\u0173 pasirinkimas.\" \/>\n<meta property=\"og:url\" content=\"https:\/\/kidsplay.lt\/lv\/products\/medine-delione-gaidys-su-smeigtukais\/\" \/>\n<meta property=\"og:site_name\" content=\"KidsPlay\" \/>\n<meta property=\"article:publisher\" content=\"https:\/\/www.facebook.com\/www.kidsplay.lt\" \/>\n<meta property=\"article:modified_time\" content=\"2026-04-07T07:42:16+00:00\" \/>\n<meta property=\"og:image\" content=\"https:\/\/kidsplay.lt\/wp-content\/uploads\/2024\/09\/Medine-delione-gaidys-su-smeigtukais.jpg\" \/>\n\t<meta property=\"og:image:width\" content=\"2408\" \/>\n\t<meta property=\"og:image:height\" content=\"2408\" \/>\n\t<meta property=\"og:image:type\" content=\"image\/jpeg\" \/>\n<meta name=\"twitter:card\" content=\"summary_large_image\" \/>\n<meta name=\"twitter:label1\" content=\"Est. reading time\" \/>\n\t<meta name=\"twitter:data1\" content=\"1 min\u016bte\" \/>\n<script type=\"application\/ld+json\" class=\"yoast-schema-graph\">{\"@context\":\"https:\\\/\\\/schema.org\",\"@graph\":[{\"@type\":\"WebPage\",\"@id\":\"https:\\\/\\\/kidsplay.lt\\\/produktas\\\/medine-delione-gaidys-su-smeigtukais\\\/\",\"url\":\"https:\\\/\\\/kidsplay.lt\\\/produktas\\\/medine-delione-gaidys-su-smeigtukais\\\/\",\"name\":\"Medin\u0117 d\u0117lion\u0117 gaidys su smeigtukais\",\"isPartOf\":{\"@id\":\"https:\\\/\\\/kidsplay.lt\\\/#website\"},\"primaryImageOfPage\":{\"@id\":\"https:\\\/\\\/kidsplay.lt\\\/produktas\\\/medine-delione-gaidys-su-smeigtukais\\\/#primaryimage\"},\"image\":{\"@id\":\"https:\\\/\\\/kidsplay.lt\\\/produktas\\\/medine-delione-gaidys-su-smeigtukais\\\/#primaryimage\"},\"thumbnailUrl\":\"https:\\\/\\\/kidsplay.lt\\\/wp-content\\\/uploads\\\/2024\\\/09\\\/Medine-delione-gaidys-su-smeigtukais.jpg\",\"datePublished\":\"2026-02-26T07:26:39+00:00\",\"dateModified\":\"2026-04-07T07:42:16+00:00\",\"description\":\"Medin\u0117 d\u0117lion\u0117 gaidys su smeigtukais - KidsPlay. Did\u017eiausias vaik\u0173 \u017eaisl\u0173 pasirinkimas.\",\"breadcrumb\":{\"@id\":\"https:\\\/\\\/kidsplay.lt\\\/produktas\\\/medine-delione-gaidys-su-smeigtukais\\\/#breadcrumb\"},\"inLanguage\":\"lv-LV\",\"potentialAction\":[{\"@type\":\"ReadAction\",\"target\":[\"https:\\\/\\\/kidsplay.lt\\\/produktas\\\/medine-delione-gaidys-su-smeigtukais\\\/\"]}]},{\"@type\":\"ImageObject\",\"inLanguage\":\"lv-LV\",\"@id\":\"https:\\\/\\\/kidsplay.lt\\\/produktas\\\/medine-delione-gaidys-su-smeigtukais\\\/#primaryimage\",\"url\":\"https:\\\/\\\/kidsplay.lt\\\/wp-content\\\/uploads\\\/2024\\\/09\\\/Medine-delione-gaidys-su-smeigtukais.jpg\",\"contentUrl\":\"https:\\\/\\\/kidsplay.lt\\\/wp-content\\\/uploads\\\/2024\\\/09\\\/Medine-delione-gaidys-su-smeigtukais.jpg\",\"width\":2408,\"height\":2408,\"caption\":\"Medin\u0117 d\u0117lion\u0117 gaidys su smeigtukais\"},{\"@type\":\"BreadcrumbList\",\"@id\":\"https:\\\/\\\/kidsplay.lt\\\/produktas\\\/medine-delione-gaidys-su-smeigtukais\\\/#breadcrumb\",\"itemListElement\":[{\"@type\":\"ListItem\",\"position\":1,\"name\":\"Pagrindinis\",\"item\":\"https:\\\/\\\/kidsplay.lt\\\/\"},{\"@type\":\"ListItem\",\"position\":2,\"name\":\"Parduotuv\u0117\",\"item\":\"https:\\\/\\\/kidsplay.lt\\\/parduotuve\\\/\"},{\"@type\":\"ListItem\",\"position\":3,\"name\":\"Medin\u0117 d\u0117lion\u0117 gaidys su smeigtukais\"}]},{\"@type\":\"WebSite\",\"@id\":\"https:\\\/\\\/kidsplay.lt\\\/#website\",\"url\":\"https:\\\/\\\/kidsplay.lt\\\/\",\"name\":\"Kidsplay.lt\",\"description\":\"\u012evairios prek\u0117s vaikams\",\"publisher\":{\"@id\":\"https:\\\/\\\/kidsplay.lt\\\/#organization\"},\"alternateName\":\"Kidsplay\",\"potentialAction\":[{\"@type\":\"SearchAction\",\"target\":{\"@type\":\"EntryPoint\",\"urlTemplate\":\"https:\\\/\\\/kidsplay.lt\\\/?s={search_term_string}\"},\"query-input\":{\"@type\":\"PropertyValueSpecification\",\"valueRequired\":true,\"valueName\":\"search_term_string\"}}],\"inLanguage\":\"lv-LV\"},{\"@type\":\"Organization\",\"@id\":\"https:\\\/\\\/kidsplay.lt\\\/#organization\",\"name\":\"KidsPlay\",\"url\":\"https:\\\/\\\/kidsplay.lt\\\/\",\"logo\":{\"@type\":\"ImageObject\",\"inLanguage\":\"lv-LV\",\"@id\":\"https:\\\/\\\/kidsplay.lt\\\/#\\\/schema\\\/logo\\\/image\\\/\",\"url\":\"https:\\\/\\\/kidsplay.lt\\\/wp-content\\\/uploads\\\/2023\\\/07\\\/kidsplay-logo.png\",\"contentUrl\":\"https:\\\/\\\/kidsplay.lt\\\/wp-content\\\/uploads\\\/2023\\\/07\\\/kidsplay-logo.png\",\"width\":451,\"height\":98,\"caption\":\"KidsPlay\"},\"image\":{\"@id\":\"https:\\\/\\\/kidsplay.lt\\\/#\\\/schema\\\/logo\\\/image\\\/\"},\"sameAs\":[\"https:\\\/\\\/www.facebook.com\\\/www.kidsplay.lt\"]}]}<\/script>\n<!-- \/ Yoast SEO plugin. -->","yoast_head_json":{"title":"Koka puzles gailis ar adat\u0101m","description":"Medin\u0117 d\u0117lion\u0117 gaidys su smeigtukais - KidsPlay. Did\u017eiausias vaik\u0173 \u017eaisl\u0173 pasirinkimas.","robots":{"index":"index","follow":"follow","max-snippet":"max-snippet:-1","max-image-preview":"max-image-preview:large","max-video-preview":"max-video-preview:-1"},"canonical":"https:\/\/kidsplay.lt\/lv\/products\/medine-delione-gaidys-su-smeigtukais\/","og_locale":"lv_LV","og_type":"article","og_title":"Medin\u0117 d\u0117lion\u0117 gaidys su smeigtukais","og_description":"Medin\u0117 d\u0117lion\u0117 gaidys su smeigtukais - KidsPlay. Did\u017eiausias vaik\u0173 \u017eaisl\u0173 pasirinkimas.","og_url":"https:\/\/kidsplay.lt\/lv\/products\/medine-delione-gaidys-su-smeigtukais\/","og_site_name":"KidsPlay","article_publisher":"https:\/\/www.facebook.com\/www.kidsplay.lt","article_modified_time":"2026-04-07T07:42:16+00:00","og_image":[{"width":2408,"height":2408,"url":"https:\/\/kidsplay.lt\/wp-content\/uploads\/2024\/09\/Medine-delione-gaidys-su-smeigtukais.jpg","type":"image\/jpeg"}],"twitter_card":"summary_large_image","twitter_misc":{"Est. reading time":"1 min\u016bte"},"schema":{"@context":"https:\/\/schema.org","@graph":[{"@type":"WebPage","@id":"https:\/\/kidsplay.lt\/produktas\/medine-delione-gaidys-su-smeigtukais\/","url":"https:\/\/kidsplay.lt\/produktas\/medine-delione-gaidys-su-smeigtukais\/","name":"Koka puzles gailis ar adat\u0101m","isPartOf":{"@id":"https:\/\/kidsplay.lt\/#website"},"primaryImageOfPage":{"@id":"https:\/\/kidsplay.lt\/produktas\/medine-delione-gaidys-su-smeigtukais\/#primaryimage"},"image":{"@id":"https:\/\/kidsplay.lt\/produktas\/medine-delione-gaidys-su-smeigtukais\/#primaryimage"},"thumbnailUrl":"https:\/\/kidsplay.lt\/wp-content\/uploads\/2024\/09\/Medine-delione-gaidys-su-smeigtukais.jpg","datePublished":"2026-02-26T07:26:39+00:00","dateModified":"2026-04-07T07:42:16+00:00","description":"Medin\u0117 d\u0117lion\u0117 gaidys su smeigtukais - KidsPlay. Did\u017eiausias vaik\u0173 \u017eaisl\u0173 pasirinkimas.","breadcrumb":{"@id":"https:\/\/kidsplay.lt\/produktas\/medine-delione-gaidys-su-smeigtukais\/#breadcrumb"},"inLanguage":"lv-LV","potentialAction":[{"@type":"ReadAction","target":["https:\/\/kidsplay.lt\/produktas\/medine-delione-gaidys-su-smeigtukais\/"]}]},{"@type":"ImageObject","inLanguage":"lv-LV","@id":"https:\/\/kidsplay.lt\/produktas\/medine-delione-gaidys-su-smeigtukais\/#primaryimage","url":"https:\/\/kidsplay.lt\/wp-content\/uploads\/2024\/09\/Medine-delione-gaidys-su-smeigtukais.jpg","contentUrl":"https:\/\/kidsplay.lt\/wp-content\/uploads\/2024\/09\/Medine-delione-gaidys-su-smeigtukais.jpg","width":2408,"height":2408,"caption":"Medin\u0117 d\u0117lion\u0117 gaidys su smeigtukais"},{"@type":"BreadcrumbList","@id":"https:\/\/kidsplay.lt\/produktas\/medine-delione-gaidys-su-smeigtukais\/#breadcrumb","itemListElement":[{"@type":"ListItem","position":1,"name":"Pagrindinis","item":"https:\/\/kidsplay.lt\/"},{"@type":"ListItem","position":2,"name":"Parduotuv\u0117","item":"https:\/\/kidsplay.lt\/parduotuve\/"},{"@type":"ListItem","position":3,"name":"Medin\u0117 d\u0117lion\u0117 gaidys su smeigtukais"}]},{"@type":"WebSite","@id":"https:\/\/kidsplay.lt\/#website","url":"https:\/\/kidsplay.lt\/","name":"B\u0113rnu sp\u0113les.lv","description":"\u012evairios prek\u0117s vaikams","publisher":{"@id":"https:\/\/kidsplay.lt\/#organization"},"alternateName":"Kidsplay","potentialAction":[{"@type":"SearchAction","target":{"@type":"EntryPoint","urlTemplate":"https:\/\/kidsplay.lt\/?s={search_term_string}"},"query-input":{"@type":"PropertyValueSpecification","valueRequired":true,"valueName":"search_term_string"}}],"inLanguage":"lv-LV"},{"@type":"Organization","@id":"https:\/\/kidsplay.lt\/#organization","name":"B\u0113rnu sp\u0113le","url":"https:\/\/kidsplay.lt\/","logo":{"@type":"ImageObject","inLanguage":"lv-LV","@id":"https:\/\/kidsplay.lt\/#\/schema\/logo\/image\/","url":"https:\/\/kidsplay.lt\/wp-content\/uploads\/2023\/07\/kidsplay-logo.png","contentUrl":"https:\/\/kidsplay.lt\/wp-content\/uploads\/2023\/07\/kidsplay-logo.png","width":451,"height":98,"caption":"KidsPlay"},"image":{"@id":"https:\/\/kidsplay.lt\/#\/schema\/logo\/image\/"},"sameAs":["https:\/\/www.facebook.com\/www.kidsplay.lt"]}]}},"_links":{"self":[{"href":"https:\/\/kidsplay.lt\/lv\/wp-json\/wp\/v2\/product\/89664","targetHints":{"allow":["GET"]}}],"collection":[{"href":"https:\/\/kidsplay.lt\/lv\/wp-json\/wp\/v2\/product"}],"about":[{"href":"https:\/\/kidsplay.lt\/lv\/wp-json\/wp\/v2\/types\/product"}],"version-history":[{"count":1,"href":"https:\/\/kidsplay.lt\/lv\/wp-json\/wp\/v2\/product\/89664\/revisions"}],"predecessor-version":[{"id":89665,"href":"https:\/\/kidsplay.lt\/lv\/wp-json\/wp\/v2\/product\/89664\/revisions\/89665"}],"wp:featuredmedia":[{"embeddable":true,"href":"https:\/\/kidsplay.lt\/lv\/wp-json\/wp\/v2\/media\/54384"}],"wp:attachment":[{"href":"https:\/\/kidsplay.lt\/lv\/wp-json\/wp\/v2\/media?parent=89664"}],"wp:term":[{"taxonomy":"product_brand","embeddable":true,"href":"https:\/\/kidsplay.lt\/lv\/wp-json\/wp\/v2\/product_brand?post=89664"},{"taxonomy":"product_cat","embeddable":true,"href":"https:\/\/kidsplay.lt\/lv\/wp-json\/wp\/v2\/product_cat?post=89664"},{"taxonomy":"product_tag","embeddable":true,"href":"https:\/\/kidsplay.lt\/lv\/wp-json\/wp\/v2\/product_tag?post=89664"}],"curies":[{"name":"wp","href":"https:\/\/api.w.org\/{rel}","templated":true}]}}